{"id":250,"date":"2025-06-13T07:11:06","date_gmt":"2025-06-13T07:11:06","guid":{"rendered":"https:\/\/www.dataslatitudes.com\/sosuniversal\/index.php\/mode-emploi\/mode-demploi-enregistrements\/"},"modified":"2025-07-22T17:01:26","modified_gmt":"2025-07-22T17:01:26","slug":"mode-emploi-outils-supplementaire","status":"publish","type":"page","link":"https:\/\/www.dataslatitudes.com\/sosuniversal\/zh\/ecran-principal\/mode-emploi-outils-supplementaire\/","title":{"rendered":"\u9644\u52a0\u5de5\u5177"},"content":{"rendered":"\r\n<p class=\"has-small-font-size\"><\/p>\r\n\r\n\r\n\r\n<h1 class=\"wp-block-heading has-text-align-center has-medium-font-size\" style=\"margin-top:var(--wp--preset--spacing--20);margin-bottom:var(--wp--preset--spacing--20)\"><strong>\u9644\u52a0\u5de5\u5177<\/strong><\/h1>\r\n\r\n\r\n\r\n<p class=\"has-text-align-center\" style=\"font-size:1.2rem\">SOS Universal \u70ba\u60a8\u63d0\u4f9b\u4e86\u4e94\u500b\u984d\u5916\u5de5\u5177\uff1a<\/p>\r\n\r\n\r\n\r\n<figure class=\"wp-block-image aligncenter size-full is-resized\"><img decoding=\"async\" src=\"http:\/\/www.dataslatitudes.com\/sosuniversal\/wp-content\/uploads\/zh_ecran_principal_partie_basse_puce_recadre.webp\" alt=\"\u4e3b\u756b\u9762\u5e95\u90e8\" class=\"wp-image-421\" style=\"width:273px\"\/><\/figure>\r\n\r\n\r\n\r\n<div class=\"wp-block-columns is-layout-flex wp-container-core-columns-is-layout-d2a8f814 wp-block-columns-is-layout-flex\" style=\"padding-top:0;padding-bottom:0\">\r\n<div class=\"wp-block-column is-layout-flow wp-block-column-is-layout-flow\">\r\n<h2 class=\"wp-block-heading has-text-align-center\" style=\"margin-top:var(--wp--preset--spacing--20);margin-bottom:var(--wp--preset--spacing--20);font-size:1.2rem\">(1) \u61c9\u7528\u7a0b\u5f0f\u9396\u5b9a<\/h2>\r\n\r\n\r\n\r\n<figure class=\"wp-block-image aligncenter size-large is-resized\" style=\"margin-top:0;margin-bottom:0\"><img decoding=\"async\" src=\"http:\/\/www.dataslatitudes.com\/sosuniversal\/wp-content\/uploads\/zh_verrouillage-459x1024.webp\" alt=\"SOS Universal - \u61c9\u7528\u7a0b\u5f0f\u9396\u5b9a\" class=\"wp-image-426\" style=\"width:273px\"\/><\/figure>\r\n\r\n\r\n\r\n<p style=\"margin-right:var(--wp--preset--spacing--50);margin-left:var(--wp--preset--spacing--50);font-size:1rem\">\u70ba\u4e86\u907f\u514d\u8106\u5f31\u4eba\u7fa4\u7684\u8aa4\u64cd\u4f5c\uff0cSOS Universal \u53ef\u4ee5\u7531\u53d7\u4fe1\u4efb\u7684\u7b2c\u4e09\u65b9\u8a2d\u5b9a\u4e26\u9396\u5b9a\uff1a\u5728\u9019\u7a2e\u60c5\u6cc1\u4e0b\uff0c\u53ea\u6709\u4e3b\u8b66\u5831\u89f8\u767c\u6309\u9215\uff08\u4ee5\u53ca\u8b66\u5831\u53d6\u6d88\u6309\u9215\uff09\u53ef\u7528\u3002\u89e3\u9396\u975e\u5e38\u7c21\u55ae\uff08\u4ee3\u78bc\u70ba0000\uff09\u3002<\/p>\r\n\r\n\r\n\r\n<p style=\"margin-top:var(--wp--preset--spacing--50);margin-bottom:var(--wp--preset--spacing--50)\"><\/p>\r\n<\/div>\r\n\r\n\r\n\r\n<div class=\"wp-block-column is-layout-flow wp-block-column-is-layout-flow\">\r\n<h2 class=\"wp-block-heading has-text-align-center\" style=\"margin-top:var(--wp--preset--spacing--20);margin-bottom:var(--wp--preset--spacing--20);font-size:1.2rem\">(2) \u9644\u52a0\u8a0a\u606f<\/h2>\r\n\r\n\r\n\r\n<figure class=\"wp-block-image aligncenter size-large is-resized\" style=\"margin-top:0;margin-bottom:0\"><img decoding=\"async\" src=\"http:\/\/www.dataslatitudes.com\/sosuniversal\/wp-content\/uploads\/zh_message_complementaire-459x1024.webp\" alt=\"SOS Universal - \u9644\u52a0\u8a0a\u606f\" class=\"wp-image-425\" style=\"width:273px\"\/><\/figure>\r\n\r\n\r\n\r\n<p style=\"padding-right:var(--wp--preset--spacing--50);padding-left:var(--wp--preset--spacing--50);font-size:1rem\">\u60a8\u53ef\u4ee5\u5feb\u901f\u7de8\u5beb\u4e00\u689d\u9644\u52a0\u8a0a\u606f\uff0c\u8a72\u8a0a\u606f\u5c07\u6574\u5408\u5230\u4e0b\u4e00\u500b\u8b66\u5831\u7684\u7c21\u8a0a\u6587\u672c\u4e2d\u3002<\/p>\r\n<\/div>\r\n<\/div>\r\n\r\n\r\n\r\n<p class=\"has-text-align-center\" style=\"font-size:1.1rem\"><br>\u9664\u4e86\u4efb\u4f55\u8b66\u5831\u4e4b\u5916\uff0c\u60a8\u9084\u53ef\u4ee5\u4f7f\u7528\u4e09\u500b\u984d\u5916\u7684\u5be6\u7528\u5de5\u5177\uff0c\u6bcf\u500b\u5de5\u5177\u90fd\u53ef\u4ee5\u8a2d\u5b9a\u53ef\u9078\u7684\u89f8\u767c\u5ef6\u9072\uff1a<\/p>\r\n\r\n\r\n\r\n<div class=\"wp-block-columns is-layout-flex wp-container-core-columns-is-layout-8d88fe0f wp-block-columns-is-layout-flex\" style=\"padding-top:var(--wp--preset--spacing--20);padding-bottom:var(--wp--preset--spacing--20)\">\r\n<div class=\"wp-block-column is-layout-flow wp-block-column-is-layout-flow\">\r\n<h2 class=\"wp-block-heading has-text-align-center\" style=\"margin-top:0;margin-bottom:0;font-size:1.2rem\">(3) \u9304\u97f3<\/h2>\r\n\r\n\r\n\r\n<figure class=\"wp-block-image aligncenter size-large is-resized\" style=\"margin-top:var(--wp--preset--spacing--20);margin-bottom:var(--wp--preset--spacing--20)\"><img decoding=\"async\" src=\"http:\/\/www.dataslatitudes.com\/sosuniversal\/wp-content\/uploads\/zh_enregistrement_direct-459x1024.webp\" alt=\"SOS Universal - \u9304\u97f3\" class=\"wp-image-424\" style=\"width:273px\"\/><\/figure>\r\n\r\n\r\n\r\n<p class=\"has-text-align-center\" style=\"font-size:1rem\">\u7406\u8ad6\u9304\u97f3\u5bb9\u91cf\u5df2\u6a19\u660e\u3002<\/p>\r\n<\/div>\r\n\r\n\r\n\r\n<div class=\"wp-block-column is-layout-flow wp-block-column-is-layout-flow\">\r\n<h2 class=\"wp-block-heading has-text-align-center\" style=\"margin-top:0;margin-bottom:0;font-size:1.2rem\">(4) \u8072\u97f3\u8b66\u5831<\/h2>\r\n\r\n\r\n\r\n<figure class=\"wp-block-image aligncenter size-large is-resized\" style=\"margin-top:var(--wp--preset--spacing--20);margin-bottom:var(--wp--preset--spacing--20)\"><img decoding=\"async\" src=\"http:\/\/www.dataslatitudes.com\/sosuniversal\/wp-content\/uploads\/zh_alarme_sonore-459x1024.webp\" alt=\"SOS Universal - \u8072\u97f3\u8b66\u5831\" class=\"wp-image-423\" style=\"width:273px\"\/><\/figure>\r\n\r\n\r\n\r\n<p class=\"has-text-align-center\" style=\"font-size:1rem\">\u8b66\u5831\u97f3\u91cf\u81ea\u52d5\u8abf\u5230\u6700\u5927\u3002\u8b66\u5831\u985e\u578b\uff08\u8b66\u7b1b\u8072\u6216\u4eba\u8072\u5c16\u53eb\uff09\u53ef\u5728\u8a2d\u5b9a\u4e2d\u9078\u64c7\u3002<\/p>\r\n<\/div>\r\n\r\n\r\n\r\n<div class=\"wp-block-column is-layout-flow wp-block-column-is-layout-flow\">\r\n<h2 class=\"wp-block-heading has-text-align-center\" style=\"margin-top:0;margin-bottom:0;font-size:1.2rem\">(5) \u6a21\u64ec\u4f86\u96fb<\/h2>\r\n\r\n\r\n\r\n<figure class=\"wp-block-image aligncenter size-large is-resized\" style=\"margin-top:var(--wp--preset--spacing--20);margin-bottom:var(--wp--preset--spacing--20)\"><img decoding=\"async\" src=\"http:\/\/www.dataslatitudes.com\/sosuniversal\/wp-content\/uploads\/zh_appel_entrant_simule-459x1024.webp\" alt=\"SOS Universal - \u6a21\u64ec\u4f86\u96fb\" class=\"wp-image-422\" style=\"width:273px\"\/><\/figure>\r\n\r\n\r\n\r\n<p class=\"has-text-align-center\" style=\"font-size:1rem\">\u9234\u8072\u97f3\u91cf\u6703\u81ea\u52d5\u8abf\u81f3\u6700\u5927\u3002\u5982\u679c\u667a\u6167\u578b\u624b\u6a5f\u8655\u65bc\u975c\u97f3\u6a21\u5f0f\u6216\u300c\u52ff\u64fe\u300d\u6a21\u5f0f\uff0c\u5247\u7121\u6cd5\u4f7f\u7528\u6b64\u529f\u80fd\u3002<\/p>\r\n<\/div>\r\n<\/div>\r\n\r\n\r\n\r\n<p class=\"has-small-font-size\"><\/p>\r\n\r\n\r\n\r\n<p class=\"has-small-font-size\"><\/p>\r\n","protected":false},"excerpt":{"rendered":"<p>\u9644\u52a0\u5de5\u5177 SOS Universal \u70ba [&hellip;]<\/p>\n","protected":false},"author":1,"featured_media":0,"parent":14,"menu_order":7,"comment_status":"closed","ping_status":"closed","template":"","meta":{"site-sidebar-layout":"default","site-content-layout":"","ast-site-content-layout":"","site-content-style":"default","site-sidebar-style":"default","ast-global-header-display":"","ast-banner-title-visibility":"","ast-main-header-display":"","ast-hfb-above-header-display":"","ast-hfb-below-header-display":"","ast-hfb-mobile-header-display":"","site-post-title":"disabled","ast-breadcrumbs-content":"","ast-featured-img":"","footer-sml-layout":"","theme-transparent-header-meta":"","adv-header-id-meta":"","stick-header-meta":"","header-above-stick-meta":"","header-main-stick-meta":"","header-below-stick-meta":"","astra-migrate-meta-layouts":"default","ast-page-background-enabled":"default","ast-page-background-meta":{"desktop":{"background-color":"var(--ast-global-color-5)","background-image":"","background-repeat":"repeat","background-position":"center center","background-size":"auto","background-attachment":"scroll","background-type":"","background-media":"","overlay-type":"","overlay-color":"","overlay-opacity":"","overlay-gradient":""},"tablet":{"background-color":"","background-image":"","background-repeat":"repeat","background-position":"center center","background-size":"auto","background-attachment":"scroll","background-type":"","background-media":"","overlay-type":"","overlay-color":"","overlay-opacity":"","overlay-gradient":""},"mobile":{"background-color":"","background-image":"","background-repeat":"repeat","background-position":"center center","background-size":"auto","background-attachment":"scroll","background-type":"","background-media":"","overlay-type":"","overlay-color":"","overlay-opacity":"","overlay-gradient":""}},"ast-content-background-meta":{"desktop":{"background-color":"var(--ast-global-color-4)","background-image":"","background-repeat":"repeat","background-position":"center center","background-size":"auto","background-attachment":"scroll","background-type":"","background-media":"","overlay-type":"","overlay-color":"","overlay-opacity":"","overlay-gradient":""},"tablet":{"background-color":"var(--ast-global-color-4)","background-image":"","background-repeat":"repeat","background-position":"center center","background-size":"auto","background-attachment":"scroll","background-type":"","background-media":"","overlay-type":"","overlay-color":"","overlay-opacity":"","overlay-gradient":""},"mobile":{"background-color":"var(--ast-global-color-4)","background-image":"","background-repeat":"repeat","background-position":"center center","background-size":"auto","background-attachment":"scroll","background-type":"","background-media":"","overlay-type":"","overlay-color":"","overlay-opacity":"","overlay-gradient":""}},"footnotes":""},"class_list":["post-250","page","type-page","status-publish","hentry"],"yoast_head":"<!-- This site is optimized with the Yoast SEO plugin v25.6 - https:\/\/yoast.com\/wordpress\/plugins\/seo\/ -->\n<title>\u9644\u52a0\u5de5\u5177<\/title>\n<meta name=\"description\" content=\"SOS Universal \u70ba\u60a8\u63d0\u4f9b\u4e86\u4e94\u500b\u984d\u5916\u5de5\u5177\u3002\u70ba\u4e86\u907f\u514d\u8106\u5f31\u4eba\u7fa4\u8aa4\u64cd\u4f5c\uff0cSOS Universal \u53ef\u4ee5\u7531\u53d7\u4fe1\u4efb\u7684\u7b2c\u4e09\u65b9\u8a2d\u5b9a\u4e26\u9396\u5b9a\u3002\u60a8\u53ef\u4ee5\u5feb\u901f\u64b0\u5beb\u4e00\u689d\u9644\u52a0\u6d88\u606f\uff0c\u8a72\u6d88\u606f\u5c07\u96c6\u6210\u5230\u4e0b\u4e00\u500b\u8b66\u5831\u7684\u7c21\u8a0a\u4e2d\u3002\u9664\u4e86\u8b66\u5831\u4e4b\u5916\uff0c\u60a8\u9084\u53ef\u4ee5\u4f7f\u7528\u4e09\u500b\u5be6\u7528\u5de5\u5177\uff0c\u9019\u4e9b\u5de5\u5177\u53ef\u4ee5\u8a2d\u5b9a\u53ef\u9078\u7684\u89f8\u767c\u5ef6\u9072\uff1a\u9304\u97f3\u3001\u8072\u97f3\u8b66\u5831\u89f8\u767c\u548c\u6a21\u64ec\u4f86\u96fb\u3002\" \/>\n<meta name=\"robots\" content=\"index, follow, max-snippet:-1, max-image-preview:large, max-video-preview:-1\" \/>\n<link rel=\"canonical\" href=\"http:\/\/\u9644\u52a0\u5de5\u5177%20SOS%20Universal%20\u70ba\u60a8\u63d0\u4f9b\u4e86\u4e94\u500b\u984d\u5916\u5de5\u5177\uff1a%20(1)%20\u61c9\u7528\u7a0b\u5f0f\u9396\u5b9a%20\u70ba\u4e86\u907f\u514d\u8106\u5f31\u4eba\u7fa4\u7684\u8aa4\u64cd\u4f5c&hellip;\" \/>\n<meta property=\"og:locale\" content=\"zh_CN\" \/>\n<meta property=\"og:type\" content=\"article\" \/>\n<meta property=\"og:title\" content=\"\u9644\u52a0\u5de5\u5177\" \/>\n<meta property=\"og:description\" content=\"SOS Universal \u70ba\u60a8\u63d0\u4f9b\u4e86\u4e94\u500b\u984d\u5916\u5de5\u5177\u3002\u70ba\u4e86\u907f\u514d\u8106\u5f31\u4eba\u7fa4\u8aa4\u64cd\u4f5c\uff0cSOS Universal \u53ef\u4ee5\u7531\u53d7\u4fe1\u4efb\u7684\u7b2c\u4e09\u65b9\u8a2d\u5b9a\u4e26\u9396\u5b9a\u3002\u60a8\u53ef\u4ee5\u5feb\u901f\u64b0\u5beb\u4e00\u689d\u9644\u52a0\u6d88\u606f\uff0c\u8a72\u6d88\u606f\u5c07\u96c6\u6210\u5230\u4e0b\u4e00\u500b\u8b66\u5831\u7684\u7c21\u8a0a\u4e2d\u3002\u9664\u4e86\u8b66\u5831\u4e4b\u5916\uff0c\u60a8\u9084\u53ef\u4ee5\u4f7f\u7528\u4e09\u500b\u5be6\u7528\u5de5\u5177\uff0c\u9019\u4e9b\u5de5\u5177\u53ef\u4ee5\u8a2d\u5b9a\u53ef\u9078\u7684\u89f8\u767c\u5ef6\u9072\uff1a\u9304\u97f3\u3001\u8072\u97f3\u8b66\u5831\u89f8\u767c\u548c\u6a21\u64ec\u4f86\u96fb\u3002\" \/>\n<meta property=\"og:url\" content=\"https:\/\/www.dataslatitudes.com\/sosuniversal\/zh\/ecran-principal\/mode-emploi-outils-supplementaire\/\" \/>\n<meta property=\"og:site_name\" content=\"SOS Universal\" \/>\n<meta property=\"article:modified_time\" content=\"2025-07-22T17:01:26+00:00\" \/>\n<meta name=\"twitter:card\" content=\"summary_large_image\" \/>\n<meta name=\"twitter:label1\" content=\"\u9884\u8ba1\u9605\u8bfb\u65f6\u95f4\" \/>\n\t<meta name=\"twitter:data1\" content=\"3 \u5206\" \/>\n<script type=\"application\/ld+json\" class=\"yoast-schema-graph\">{\"@context\":\"https:\/\/schema.org\",\"@graph\":[{\"@type\":\"WebPage\",\"@id\":\"https:\/\/www.dataslatitudes.com\/sosuniversal\/zh\/ecran-principal\/mode-emploi-outils-supplementaire\/\",\"url\":\"https:\/\/www.dataslatitudes.com\/sosuniversal\/zh\/ecran-principal\/mode-emploi-outils-supplementaire\/\",\"name\":\"Outils suppl\u00e9mentaires - SOS Universal\",\"isPartOf\":{\"@id\":\"https:\/\/www.dataslatitudes.com\/sosuniversal\/#website\"},\"primaryImageOfPage\":{\"@id\":\"https:\/\/www.dataslatitudes.com\/sosuniversal\/zh\/ecran-principal\/mode-emploi-outils-supplementaire\/#primaryimage\"},\"image\":{\"@id\":\"https:\/\/www.dataslatitudes.com\/sosuniversal\/zh\/ecran-principal\/mode-emploi-outils-supplementaire\/#primaryimage\"},\"thumbnailUrl\":\"http:\/\/www.dataslatitudes.com\/sosuniversal\/wp-content\/uploads\/2025\/07\/fr_ecran_principal_partie_basse_puce_recadre.webp\",\"datePublished\":\"2025-06-13T07:11:06+00:00\",\"dateModified\":\"2025-07-22T17:01:26+00:00\",\"description\":\"Cinq outils suppl\u00e9mentaires vous sont propos\u00e9s par SOS Universal. Dans le but d\u2019\u00e9viter des erreurs de manipulation par des personnes vuln\u00e9rables, SOS Universal peut \u00eatre param\u00e9tr\u00e9e par un tiers de confiance puis ensuite \u00eatre verrouill\u00e9e. Vous avez la facult\u00e9 de r\u00e9diger rapidement un message compl\u00e9mentaire qui sera int\u00e9gr\u00e9 dans le texte du SMS des prochaines alertes. En dehors de toute alerte, vous disposez de trois utilitaires qui peuvent \u00eatre param\u00e9tr\u00e9s avec un d\u00e9lai de d\u00e9clenchement optionnel : l'enregistrement audio, le d\u00e9clenchement d'une alarme sonore et la simulation d\u2019un appel t\u00e9l\u00e9phonique entrant.\",\"breadcrumb\":{\"@id\":\"https:\/\/www.dataslatitudes.com\/sosuniversal\/zh\/ecran-principal\/mode-emploi-outils-supplementaire\/#breadcrumb\"},\"inLanguage\":\"zh-Hans\",\"potentialAction\":[{\"@type\":\"ReadAction\",\"target\":[\"https:\/\/www.dataslatitudes.com\/sosuniversal\/zh\/ecran-principal\/mode-emploi-outils-supplementaire\/\"]}]},{\"@type\":\"ImageObject\",\"inLanguage\":\"zh-Hans\",\"@id\":\"https:\/\/www.dataslatitudes.com\/sosuniversal\/zh\/ecran-principal\/mode-emploi-outils-supplementaire\/#primaryimage\",\"url\":\"http:\/\/www.dataslatitudes.com\/sosuniversal\/wp-content\/uploads\/2025\/07\/fr_ecran_principal_partie_basse_puce_recadre.webp\",\"contentUrl\":\"http:\/\/www.dataslatitudes.com\/sosuniversal\/wp-content\/uploads\/2025\/07\/fr_ecran_principal_partie_basse_puce_recadre.webp\"},{\"@type\":\"BreadcrumbList\",\"@id\":\"https:\/\/www.dataslatitudes.com\/sosuniversal\/zh\/ecran-principal\/mode-emploi-outils-supplementaire\/#breadcrumb\",\"itemListElement\":[{\"@type\":\"ListItem\",\"position\":1,\"name\":\"\u4ecb\u7d39\",\"item\":\"https:\/\/www.dataslatitudes.com\/sosuniversal\/fr\/\"},{\"@type\":\"ListItem\",\"position\":2,\"name\":\"\u4e3b\u756b\u9762\",\"item\":\"https:\/\/www.dataslatitudes.com\/sosuniversal\/ecran-principal\/\"},{\"@type\":\"ListItem\",\"position\":3,\"name\":\"\u9644\u52a0\u5de5\u5177\"}]},{\"@type\":\"WebSite\",\"@id\":\"https:\/\/www.dataslatitudes.com\/sosuniversal\/zh\/#website\",\"url\":\"https:\/\/www.dataslatitudes.com\/sosuniversal\/zh\/\",\"name\":\"SOS Universal\",\"description\":\"\",\"publisher\":{\"@id\":\"https:\/\/www.dataslatitudes.com\/sosuniversal\/zh\/#organization\"},\"potentialAction\":[{\"@type\":\"SearchAction\",\"target\":{\"@type\":\"EntryPoint\",\"urlTemplate\":\"https:\/\/www.dataslatitudes.com\/sosuniversal\/zh\/?s={search_term_string}\"},\"query-input\":{\"@type\":\"PropertyValueSpecification\",\"valueRequired\":true,\"valueName\":\"search_term_string\"}}],\"inLanguage\":\"zh-Hans\"},{\"@type\":\"Organization\",\"@id\":\"https:\/\/www.dataslatitudes.com\/sosuniversal\/zh\/#organization\",\"name\":\"DATASLATITUDES\",\"url\":\"https:\/\/www.dataslatitudes.com\/sosuniversal\/zh\/\",\"logo\":{\"@type\":\"ImageObject\",\"inLanguage\":\"zh-Hans\",\"@id\":\"https:\/\/www.dataslatitudes.com\/sosuniversal\/zh\/#\/schema\/logo\/image\/\",\"url\":\"https:\/\/www.dataslatitudes.com\/sosuniversal\/wp-content\/uploads\/2025\/07\/logo_mrdv.png\",\"contentUrl\":\"https:\/\/www.dataslatitudes.com\/sosuniversal\/wp-content\/uploads\/2025\/07\/logo_mrdv.png\",\"width\":72,\"height\":72,\"caption\":\"DATASLATITUDES\"},\"image\":{\"@id\":\"https:\/\/www.dataslatitudes.com\/sosuniversal\/zh\/#\/schema\/logo\/image\/\"}}]}<\/script>\n<!-- \/ Yoast SEO plugin. -->","yoast_head_json":{"title":"\u9644\u52a0\u5de5\u5177","description":"SOS Universal \u70ba\u60a8\u63d0\u4f9b\u4e86\u4e94\u500b\u984d\u5916\u5de5\u5177\u3002\u70ba\u4e86\u907f\u514d\u8106\u5f31\u4eba\u7fa4\u8aa4\u64cd\u4f5c\uff0cSOS Universal \u53ef\u4ee5\u7531\u53d7\u4fe1\u4efb\u7684\u7b2c\u4e09\u65b9\u8a2d\u5b9a\u4e26\u9396\u5b9a\u3002\u60a8\u53ef\u4ee5\u5feb\u901f\u64b0\u5beb\u4e00\u689d\u9644\u52a0\u6d88\u606f\uff0c\u8a72\u6d88\u606f\u5c07\u96c6\u6210\u5230\u4e0b\u4e00\u500b\u8b66\u5831\u7684\u7c21\u8a0a\u4e2d\u3002\u9664\u4e86\u8b66\u5831\u4e4b\u5916\uff0c\u60a8\u9084\u53ef\u4ee5\u4f7f\u7528\u4e09\u500b\u5be6\u7528\u5de5\u5177\uff0c\u9019\u4e9b\u5de5\u5177\u53ef\u4ee5\u8a2d\u5b9a\u53ef\u9078\u7684\u89f8\u767c\u5ef6\u9072\uff1a\u9304\u97f3\u3001\u8072\u97f3\u8b66\u5831\u89f8\u767c\u548c\u6a21\u64ec\u4f86\u96fb\u3002","robots":{"index":"index","follow":"follow","max-snippet":"max-snippet:-1","max-image-preview":"max-image-preview:large","max-video-preview":"max-video-preview:-1"},"canonical":"\u9644\u52a0\u5de5\u5177 SOS Universal \u70ba\u60a8\u63d0\u4f9b\u4e86\u4e94\u500b\u984d\u5916\u5de5\u5177\uff1a (1) \u61c9\u7528\u7a0b\u5f0f\u9396\u5b9a \u70ba\u4e86\u907f\u514d\u8106\u5f31\u4eba\u7fa4\u7684\u8aa4\u64cd\u4f5c&hellip;","og_locale":"zh_CN","og_type":"article","og_title":"\u9644\u52a0\u5de5\u5177","og_description":"SOS Universal \u70ba\u60a8\u63d0\u4f9b\u4e86\u4e94\u500b\u984d\u5916\u5de5\u5177\u3002\u70ba\u4e86\u907f\u514d\u8106\u5f31\u4eba\u7fa4\u8aa4\u64cd\u4f5c\uff0cSOS Universal \u53ef\u4ee5\u7531\u53d7\u4fe1\u4efb\u7684\u7b2c\u4e09\u65b9\u8a2d\u5b9a\u4e26\u9396\u5b9a\u3002\u60a8\u53ef\u4ee5\u5feb\u901f\u64b0\u5beb\u4e00\u689d\u9644\u52a0\u6d88\u606f\uff0c\u8a72\u6d88\u606f\u5c07\u96c6\u6210\u5230\u4e0b\u4e00\u500b\u8b66\u5831\u7684\u7c21\u8a0a\u4e2d\u3002\u9664\u4e86\u8b66\u5831\u4e4b\u5916\uff0c\u60a8\u9084\u53ef\u4ee5\u4f7f\u7528\u4e09\u500b\u5be6\u7528\u5de5\u5177\uff0c\u9019\u4e9b\u5de5\u5177\u53ef\u4ee5\u8a2d\u5b9a\u53ef\u9078\u7684\u89f8\u767c\u5ef6\u9072\uff1a\u9304\u97f3\u3001\u8072\u97f3\u8b66\u5831\u89f8\u767c\u548c\u6a21\u64ec\u4f86\u96fb\u3002","og_url":"https:\/\/www.dataslatitudes.com\/sosuniversal\/zh\/ecran-principal\/mode-emploi-outils-supplementaire\/","og_site_name":"SOS Universal","article_modified_time":"2025-07-22T17:01:26+00:00","twitter_card":"summary_large_image","twitter_misc":{"\u9884\u8ba1\u9605\u8bfb\u65f6\u95f4":"3 \u5206"},"schema":{"@context":"https:\/\/schema.org","@graph":[{"@type":"WebPage","@id":"https:\/\/www.dataslatitudes.com\/sosuniversal\/zh\/ecran-principal\/mode-emploi-outils-supplementaire\/","url":"https:\/\/www.dataslatitudes.com\/sosuniversal\/zh\/ecran-principal\/mode-emploi-outils-supplementaire\/","name":"Outils suppl\u00e9mentaires - SOS Universal","isPartOf":{"@id":"https:\/\/www.dataslatitudes.com\/sosuniversal\/#website"},"primaryImageOfPage":{"@id":"https:\/\/www.dataslatitudes.com\/sosuniversal\/zh\/ecran-principal\/mode-emploi-outils-supplementaire\/#primaryimage"},"image":{"@id":"https:\/\/www.dataslatitudes.com\/sosuniversal\/zh\/ecran-principal\/mode-emploi-outils-supplementaire\/#primaryimage"},"thumbnailUrl":"http:\/\/www.dataslatitudes.com\/sosuniversal\/wp-content\/uploads\/2025\/07\/fr_ecran_principal_partie_basse_puce_recadre.webp","datePublished":"2025-06-13T07:11:06+00:00","dateModified":"2025-07-22T17:01:26+00:00","description":"Cinq outils suppl\u00e9mentaires vous sont propos\u00e9s par SOS Universal. Dans le but d\u2019\u00e9viter des erreurs de manipulation par des personnes vuln\u00e9rables, SOS Universal peut \u00eatre param\u00e9tr\u00e9e par un tiers de confiance puis ensuite \u00eatre verrouill\u00e9e. Vous avez la facult\u00e9 de r\u00e9diger rapidement un message compl\u00e9mentaire qui sera int\u00e9gr\u00e9 dans le texte du SMS des prochaines alertes. En dehors de toute alerte, vous disposez de trois utilitaires qui peuvent \u00eatre param\u00e9tr\u00e9s avec un d\u00e9lai de d\u00e9clenchement optionnel : l'enregistrement audio, le d\u00e9clenchement d'une alarme sonore et la simulation d\u2019un appel t\u00e9l\u00e9phonique entrant.","breadcrumb":{"@id":"https:\/\/www.dataslatitudes.com\/sosuniversal\/zh\/ecran-principal\/mode-emploi-outils-supplementaire\/#breadcrumb"},"inLanguage":"zh-Hans","potentialAction":[{"@type":"ReadAction","target":["https:\/\/www.dataslatitudes.com\/sosuniversal\/zh\/ecran-principal\/mode-emploi-outils-supplementaire\/"]}]},{"@type":"ImageObject","inLanguage":"zh-Hans","@id":"https:\/\/www.dataslatitudes.com\/sosuniversal\/zh\/ecran-principal\/mode-emploi-outils-supplementaire\/#primaryimage","url":"http:\/\/www.dataslatitudes.com\/sosuniversal\/wp-content\/uploads\/2025\/07\/fr_ecran_principal_partie_basse_puce_recadre.webp","contentUrl":"http:\/\/www.dataslatitudes.com\/sosuniversal\/wp-content\/uploads\/2025\/07\/fr_ecran_principal_partie_basse_puce_recadre.webp"},{"@type":"BreadcrumbList","@id":"https:\/\/www.dataslatitudes.com\/sosuniversal\/zh\/ecran-principal\/mode-emploi-outils-supplementaire\/#breadcrumb","itemListElement":[{"@type":"ListItem","position":1,"name":"\u4ecb\u7d39","item":"https:\/\/www.dataslatitudes.com\/sosuniversal\/fr\/"},{"@type":"ListItem","position":2,"name":"\u4e3b\u756b\u9762","item":"https:\/\/www.dataslatitudes.com\/sosuniversal\/ecran-principal\/"},{"@type":"ListItem","position":3,"name":"\u9644\u52a0\u5de5\u5177"}]},{"@type":"WebSite","@id":"https:\/\/www.dataslatitudes.com\/sosuniversal\/zh\/#website","url":"https:\/\/www.dataslatitudes.com\/sosuniversal\/zh\/","name":"SOS Universal","description":"","publisher":{"@id":"https:\/\/www.dataslatitudes.com\/sosuniversal\/zh\/#organization"},"potentialAction":[{"@type":"SearchAction","target":{"@type":"EntryPoint","urlTemplate":"https:\/\/www.dataslatitudes.com\/sosuniversal\/zh\/?s={search_term_string}"},"query-input":{"@type":"PropertyValueSpecification","valueRequired":true,"valueName":"search_term_string"}}],"inLanguage":"zh-Hans"},{"@type":"Organization","@id":"https:\/\/www.dataslatitudes.com\/sosuniversal\/zh\/#organization","name":"DATASLATITUDES","url":"https:\/\/www.dataslatitudes.com\/sosuniversal\/zh\/","logo":{"@type":"ImageObject","inLanguage":"zh-Hans","@id":"https:\/\/www.dataslatitudes.com\/sosuniversal\/zh\/#\/schema\/logo\/image\/","url":"https:\/\/www.dataslatitudes.com\/sosuniversal\/wp-content\/uploads\/2025\/07\/logo_mrdv.png","contentUrl":"https:\/\/www.dataslatitudes.com\/sosuniversal\/wp-content\/uploads\/2025\/07\/logo_mrdv.png","width":72,"height":72,"caption":"DATASLATITUDES"},"image":{"@id":"https:\/\/www.dataslatitudes.com\/sosuniversal\/zh\/#\/schema\/logo\/image\/"}}]}},"_links":{"self":[{"href":"https:\/\/www.dataslatitudes.com\/sosuniversal\/zh\/wp-json\/wp\/v2\/pages\/250","targetHints":{"allow":["GET"]}}],"collection":[{"href":"https:\/\/www.dataslatitudes.com\/sosuniversal\/zh\/wp-json\/wp\/v2\/pages"}],"about":[{"href":"https:\/\/www.dataslatitudes.com\/sosuniversal\/zh\/wp-json\/wp\/v2\/types\/page"}],"author":[{"embeddable":true,"href":"https:\/\/www.dataslatitudes.com\/sosuniversal\/zh\/wp-json\/wp\/v2\/users\/1"}],"replies":[{"embeddable":true,"href":"https:\/\/www.dataslatitudes.com\/sosuniversal\/zh\/wp-json\/wp\/v2\/comments?post=250"}],"version-history":[{"count":40,"href":"https:\/\/www.dataslatitudes.com\/sosuniversal\/zh\/wp-json\/wp\/v2\/pages\/250\/revisions"}],"predecessor-version":[{"id":1070,"href":"https:\/\/www.dataslatitudes.com\/sosuniversal\/zh\/wp-json\/wp\/v2\/pages\/250\/revisions\/1070"}],"up":[{"embeddable":true,"href":"https:\/\/www.dataslatitudes.com\/sosuniversal\/zh\/wp-json\/wp\/v2\/pages\/14"}],"wp:attachment":[{"href":"https:\/\/www.dataslatitudes.com\/sosuniversal\/zh\/wp-json\/wp\/v2\/media?parent=250"}],"curies":[{"name":"wp","href":"https:\/\/api.w.org\/{rel}","templated":true}]}}