{"id":246,"date":"2025-06-13T07:09:52","date_gmt":"2025-06-13T07:09:52","guid":{"rendered":"https:\/\/www.dataslatitudes.com\/sosuniversal\/index.php\/mode-emploi\/mode-demploi-parametres\/"},"modified":"2025-07-21T16:04:04","modified_gmt":"2025-07-21T16:04:04","slug":"mode-emploi-historique-enregistrement-audio","status":"publish","type":"page","link":"https:\/\/www.dataslatitudes.com\/sosuniversal\/zh\/ecran-principal\/mode-emploi-historique-enregistrement-audio\/","title":{"rendered":"\u6b77\u53f2\u8a18\u9304\u548c\u9304\u97f3"},"content":{"rendered":"\r\n<p class=\"has-small-font-size\"><\/p>\r\n\r\n\r\n\r\n<h1 class=\"wp-block-heading has-text-align-center has-medium-font-size\" style=\"margin-top:var(--wp--preset--spacing--30);margin-bottom:var(--wp--preset--spacing--30)\"><strong>\u8b66\u5831\u6b77\u53f2\u8a18\u9304<\/strong><\/h1>\r\n\r\n\r\n\r\n<p style=\"font-size:1rem\">\u6700\u8fd150\u500b\u5df2\u767c\u9001\u8b66\u5831\u7684\u5b8c\u6574\u8a73\u7d30\u8cc7\u8a0a\u90fd\u6703\u88ab\u8a18\u9304\u4e0b\u4f86\u3002<\/p>\r\n\r\n\r\n\r\n<div class=\"wp-block-columns is-layout-flex wp-container-core-columns-is-layout-ec2e7a44 wp-block-columns-is-layout-flex\" style=\"padding-top:0;padding-bottom:0\">\r\n<div class=\"wp-block-column is-layout-flow wp-block-column-is-layout-flow\" style=\"flex-basis:33.33%\">\r\n<figure class=\"wp-block-image aligncenter size-large is-resized\"><img decoding=\"async\" src=\"http:\/\/www.dataslatitudes.com\/sosuniversal\/wp-content\/uploads\/zh_historique_alerte_puce-459x1024.webp\" alt=\"SOS Universal - \u8b66\u5831\u6b77\u53f2\u8a18\u9304\" class=\"wp-image-402\" style=\"width:273px\"\/><\/figure>\r\n<\/div>\r\n\r\n\r\n\r\n<div class=\"wp-block-column is-layout-flow wp-block-column-is-layout-flow\" style=\"padding-top:0;padding-bottom:0;flex-basis:66.66%\">\r\n<p style=\"font-size:1rem\">(1) \u88ab\u8acb\u6c42\u806f\u7d61\u4eba\u7684\u540d\u5b57\u548c\u59d3\u6c0f<br>(2) \u8b66\u5831\u89f8\u767c\u65e5\u671f\u548c\u6642\u9593<br>(3) \u8b66\u5831\u5167\u5bb9\u6458\u8981\u5716\u793a\uff08\u7bc4\u4f8b\uff1a\u96fb\u8a71\u901a\u8a71\u3001\u5305\u542b\u5730\u7406\u4f4d\u7f6e\u548c\u5730\u5740\u7684\u7c21\u8a0a\u3001\u9304\u97f3\u548c\u8072\u97f3\u8b66\u5831\uff09<br>(4) \u4f7f\u7528\u7684\u8b66\u5831\u6a21\u5f0f\u53ca\u5176\u53c3\u6578<br>(5) \u522a\u9664\u6240\u6709\u8b66\u5831\u6b77\u53f2\u8a18\u9304<\/p>\r\n\r\n\r\n\r\n<p>\u65e5\u671f\u4ee5YYYY-MM-DD\u683c\u5f0f\u8868\u793a\uff08\u570b\u969b\u6a19\u6e96ISO 8601\uff09\u3002<\/p>\r\n<\/div>\r\n<\/div>\r\n\r\n\r\n\r\n<p class=\"has-small-font-size\"><\/p>\r\n\r\n\r\n\r\n<h2 class=\"wp-block-heading has-text-align-center has-medium-font-size\" style=\"margin-top:var(--wp--preset--spacing--30);margin-bottom:var(--wp--preset--spacing--30)\"><strong>\u97f3\u8a0a\u9304\u97f3<\/strong><\/h2>\r\n\r\n\r\n\r\n<p style=\"font-size:1rem\">\u60a8\u53ef\u4ee5\u5132\u5b58\u6700\u591a200\u500b\u9304\u97f3\uff0c\u9019\u4e9b\u9304\u97f3\u5132\u5b58\u5728\u667a\u6167\u578b\u624b\u6a5f\u7684\u4e0b\u8f09\u76ee\u9304\u4e2d\u3002\u6bcf\u500b\u9304\u97f3\u90fd\u5e36\u6709\u6642\u9593\u6233\uff0c\u53ef\u4ee5\u6536\u807d\u3001\u91cd\u65b0\u547d\u540d\u6216\u522a\u9664\u3002<\/p>\r\n\r\n\r\n\r\n<div class=\"wp-block-columns is-layout-flex wp-container-core-columns-is-layout-ec2e7a44 wp-block-columns-is-layout-flex\" style=\"padding-top:0;padding-bottom:0\">\r\n<div class=\"wp-block-column is-layout-flow wp-block-column-is-layout-flow\" style=\"flex-basis:33.33%\">\r\n<figure class=\"wp-block-image aligncenter size-large is-resized\"><img decoding=\"async\" src=\"http:\/\/www.dataslatitudes.com\/sosuniversal\/wp-content\/uploads\/zh_enregistrement_audio_puce-459x1024.webp\" alt=\"SOS Universal - \u97f3\u8a0a\u9304\u97f3\u7ba1\u7406\" class=\"wp-image-403\" style=\"width:273px\"\/><\/figure>\r\n<\/div>\r\n\r\n\r\n\r\n<div class=\"wp-block-column is-layout-flow wp-block-column-is-layout-flow\" style=\"flex-basis:66.66%\">\r\n<p style=\"font-size:1rem\">(1) \u9304\u97f3\u540d\u7a31<br>(2) \u9304\u97f3\u65e5\u671f\u3001\u6642\u9593\u548c\u5927\u5c0f<br>(3) \u522a\u9664\u529f\u80fd<br>(4) \u4fee\u6539\u6a94\u540d\u529f\u80fd<br>(5) \u64ad\u653e\u9304\u97f3\u6216\u505c\u6b62\u64ad\u653e<br>(6) \u5012\u90005\u79d2<br>(7) \u524d\u90325\u79d2<br>(8) \u64ad\u653e\u9032\u5ea6\u689d<br>(9) \u9304\u97f3\u64ad\u653e\u901f\u5ea6\uff1a\u53ef\u964d\u4f4e\uff08x 0.5\uff09\u6216\u589e\u52a0\uff08x 1.5\uff0cx 2.0\uff09<\/p>\r\n\r\n\r\n\r\n<p>\u65e5\u671f\u4ee5YYYY-MM-DD\u683c\u5f0f\u8868\u793a\uff08\u570b\u969b\u6a19\u6e96ISO 8601\uff09\u3002<\/p>\r\n<\/div>\r\n<\/div>\r\n\r\n\r\n\r\n<p class=\"has-medium-font-size\"><\/p>\r\n\r\n\r\n\r\n<p><\/p>\r\n","protected":false},"excerpt":{"rendered":"<p>\u8b66\u5831\u6b77\u53f2\u8a18\u9304 \u6700\u8fd150\u500b\u5df2\u767c\u9001\u8b66\u5831\u7684\u5b8c\u6574 [&hellip;]<\/p>\n","protected":false},"author":1,"featured_media":0,"parent":14,"menu_order":5,"comment_status":"closed","ping_status":"closed","template":"","meta":{"site-sidebar-layout":"default","site-content-layout":"","ast-site-content-layout":"","site-content-style":"default","site-sidebar-style":"default","ast-global-header-display":"","ast-banner-title-visibility":"","ast-main-header-display":"","ast-hfb-above-header-display":"","ast-hfb-below-header-display":"","ast-hfb-mobile-header-display":"","site-post-title":"disabled","ast-breadcrumbs-content":"","ast-featured-img":"","footer-sml-layout":"","theme-transparent-header-meta":"","adv-header-id-meta":"","stick-header-meta":"","header-above-stick-meta":"","header-main-stick-meta":"","header-below-stick-meta":"","astra-migrate-meta-layouts":"default","ast-page-background-enabled":"default","ast-page-background-meta":{"desktop":{"background-color":"var(--ast-global-color-5)","background-image":"","background-repeat":"repeat","background-position":"center center","background-size":"auto","background-attachment":"scroll","background-type":"","background-media":"","overlay-type":"","overlay-color":"","overlay-opacity":"","overlay-gradient":""},"tablet":{"background-color":"","background-image":"","background-repeat":"repeat","background-position":"center center","background-size":"auto","background-attachment":"scroll","background-type":"","background-media":"","overlay-type":"","overlay-color":"","overlay-opacity":"","overlay-gradient":""},"mobile":{"background-color":"","background-image":"","background-repeat":"repeat","background-position":"center center","background-size":"auto","background-attachment":"scroll","background-type":"","background-media":"","overlay-type":"","overlay-color":"","overlay-opacity":"","overlay-gradient":""}},"ast-content-background-meta":{"desktop":{"background-color":"var(--ast-global-color-4)","background-image":"","background-repeat":"repeat","background-position":"center center","background-size":"auto","background-attachment":"scroll","background-type":"","background-media":"","overlay-type":"","overlay-color":"","overlay-opacity":"","overlay-gradient":""},"tablet":{"background-color":"var(--ast-global-color-4)","background-image":"","background-repeat":"repeat","background-position":"center center","background-size":"auto","background-attachment":"scroll","background-type":"","background-media":"","overlay-type":"","overlay-color":"","overlay-opacity":"","overlay-gradient":""},"mobile":{"background-color":"var(--ast-global-color-4)","background-image":"","background-repeat":"repeat","background-position":"center center","background-size":"auto","background-attachment":"scroll","background-type":"","background-media":"","overlay-type":"","overlay-color":"","overlay-opacity":"","overlay-gradient":""}},"footnotes":""},"class_list":["post-246","page","type-page","status-publish","hentry"],"yoast_head":"<!-- This site is optimized with the Yoast SEO plugin v25.6 - https:\/\/yoast.com\/wordpress\/plugins\/seo\/ -->\n<title>\u6b77\u53f2\u8a18\u9304\u548c\u9304\u97f3<\/title>\n<meta name=\"description\" content=\"\u6700\u8fd150\u500b\u5df2\u767c\u9001\u8b66\u5831\u7684\u6240\u6709\u7279\u5fb5\u5747\u5df2\u8a18\u9304\u5728\u6848\u3002\u60a8\u53ef\u4ee5\u5132\u5b58\u6700\u591a200\u500b\u97f3\u8a0a\u9304\u97f3\uff0c\u9019\u4e9b\u9304\u97f3\u5132\u5b58\u5728\u667a\u6167\u578b\u624b\u6a5f\u7684\u4e0b\u8f09\u76ee\u9304\u4e2d\u3002\u6bcf\u500b\u9304\u97f3\u90fd\u6a19\u6709\u6642\u9593\u6233\uff0c\u53ef\u4ee5\u6536\u807d\u3001\u91cd\u65b0\u547d\u540d\u6216\u522a\u9664\u3002\" \/>\n<meta name=\"robots\" content=\"index, follow, max-snippet:-1, max-image-preview:large, max-video-preview:-1\" \/>\n<link rel=\"canonical\" href=\"http:\/\/\u8b66\u5831\u6b77\u53f2\u8a18\u9304%20\u6700\u8fd150\u500b\u5df2\u767c\u9001\u8b66\u5831\u7684\u5b8c\u6574\u8a73\u7d30\u8cc7\u8a0a\u90fd\u6703\u88ab\u8a18\u9304\u4e0b\u4f86\u3002%20(1)%20\u88ab\u8acb\u6c42\u806f\u7d61\u4eba\u7684\u540d\u5b57\u548c\u59d3\u6c0f(2)%20\u8b66\u5831&hellip;\" \/>\n<meta property=\"og:locale\" content=\"zh_CN\" \/>\n<meta property=\"og:type\" content=\"article\" \/>\n<meta property=\"og:title\" content=\"\u6b77\u53f2\u8a18\u9304\u548c\u9304\u97f3\" \/>\n<meta property=\"og:description\" content=\"\u6700\u8fd150\u500b\u5df2\u767c\u9001\u8b66\u5831\u7684\u6240\u6709\u7279\u5fb5\u5747\u5df2\u8a18\u9304\u5728\u6848\u3002\u60a8\u53ef\u4ee5\u5132\u5b58\u6700\u591a200\u500b\u97f3\u8a0a\u9304\u97f3\uff0c\u9019\u4e9b\u9304\u97f3\u5132\u5b58\u5728\u667a\u6167\u578b\u624b\u6a5f\u7684\u4e0b\u8f09\u76ee\u9304\u4e2d\u3002\u6bcf\u500b\u9304\u97f3\u90fd\u6a19\u6709\u6642\u9593\u6233\uff0c\u53ef\u4ee5\u6536\u807d\u3001\u91cd\u65b0\u547d\u540d\u6216\u522a\u9664\u3002\" \/>\n<meta property=\"og:url\" content=\"https:\/\/www.dataslatitudes.com\/sosuniversal\/zh\/ecran-principal\/mode-emploi-historique-enregistrement-audio\/\" \/>\n<meta property=\"og:site_name\" content=\"SOS Universal\" \/>\n<meta property=\"article:modified_time\" content=\"2025-07-21T16:04:04+00:00\" \/>\n<meta name=\"twitter:card\" content=\"summary_large_image\" \/>\n<meta name=\"twitter:label1\" content=\"\u9884\u8ba1\u9605\u8bfb\u65f6\u95f4\" \/>\n\t<meta name=\"twitter:data1\" content=\"2 \u5206\" \/>\n<script type=\"application\/ld+json\" class=\"yoast-schema-graph\">{\"@context\":\"https:\/\/schema.org\",\"@graph\":[{\"@type\":\"WebPage\",\"@id\":\"https:\/\/www.dataslatitudes.com\/sosuniversal\/zh\/ecran-principal\/mode-emploi-historique-enregistrement-audio\/\",\"url\":\"https:\/\/www.dataslatitudes.com\/sosuniversal\/zh\/ecran-principal\/mode-emploi-historique-enregistrement-audio\/\",\"name\":\"Historique et enregistrements audios - SOS Universal\",\"isPartOf\":{\"@id\":\"https:\/\/www.dataslatitudes.com\/sosuniversal\/#website\"},\"primaryImageOfPage\":{\"@id\":\"https:\/\/www.dataslatitudes.com\/sosuniversal\/zh\/ecran-principal\/mode-emploi-historique-enregistrement-audio\/#primaryimage\"},\"image\":{\"@id\":\"https:\/\/www.dataslatitudes.com\/sosuniversal\/zh\/ecran-principal\/mode-emploi-historique-enregistrement-audio\/#primaryimage\"},\"thumbnailUrl\":\"http:\/\/www.dataslatitudes.com\/sosuniversal\/wp-content\/uploads\/2025\/07\/fr_historique_alerte_puce-459x1024.webp\",\"datePublished\":\"2025-06-13T07:09:52+00:00\",\"dateModified\":\"2025-07-21T16:04:04+00:00\",\"description\":\"Les 50 derni\u00e8res alertes \u00e9mises sont historis\u00e9es avec toutes leurs caract\u00e9ristiques. Vous pouvez conserver jusqu\u2019\u00e0 200 enregistrements audios qui sont stock\u00e9s dans le r\u00e9pertoire des t\u00e9l\u00e9chargements du smartphone. Chaque enregistrement est horodat\u00e9 et peut \u00eatre \u00e9cout\u00e9, renomm\u00e9 ou supprim\u00e9.\",\"breadcrumb\":{\"@id\":\"https:\/\/www.dataslatitudes.com\/sosuniversal\/zh\/ecran-principal\/mode-emploi-historique-enregistrement-audio\/#breadcrumb\"},\"inLanguage\":\"zh-Hans\",\"potentialAction\":[{\"@type\":\"ReadAction\",\"target\":[\"https:\/\/www.dataslatitudes.com\/sosuniversal\/zh\/ecran-principal\/mode-emploi-historique-enregistrement-audio\/\"]}]},{\"@type\":\"ImageObject\",\"inLanguage\":\"zh-Hans\",\"@id\":\"https:\/\/www.dataslatitudes.com\/sosuniversal\/zh\/ecran-principal\/mode-emploi-historique-enregistrement-audio\/#primaryimage\",\"url\":\"http:\/\/www.dataslatitudes.com\/sosuniversal\/wp-content\/uploads\/2025\/07\/fr_historique_alerte_puce-459x1024.webp\",\"contentUrl\":\"http:\/\/www.dataslatitudes.com\/sosuniversal\/wp-content\/uploads\/2025\/07\/fr_historique_alerte_puce-459x1024.webp\"},{\"@type\":\"BreadcrumbList\",\"@id\":\"https:\/\/www.dataslatitudes.com\/sosuniversal\/zh\/ecran-principal\/mode-emploi-historique-enregistrement-audio\/#breadcrumb\",\"itemListElement\":[{\"@type\":\"ListItem\",\"position\":1,\"name\":\"\u4ecb\u7d39\",\"item\":\"https:\/\/www.dataslatitudes.com\/sosuniversal\/fr\/\"},{\"@type\":\"ListItem\",\"position\":2,\"name\":\"\u4e3b\u756b\u9762\",\"item\":\"https:\/\/www.dataslatitudes.com\/sosuniversal\/ecran-principal\/\"},{\"@type\":\"ListItem\",\"position\":3,\"name\":\"\u6b77\u53f2\u8a18\u9304\u548c\u9304\u97f3\"}]},{\"@type\":\"WebSite\",\"@id\":\"https:\/\/www.dataslatitudes.com\/sosuniversal\/zh\/#website\",\"url\":\"https:\/\/www.dataslatitudes.com\/sosuniversal\/zh\/\",\"name\":\"SOS Universal\",\"description\":\"\",\"publisher\":{\"@id\":\"https:\/\/www.dataslatitudes.com\/sosuniversal\/zh\/#organization\"},\"potentialAction\":[{\"@type\":\"SearchAction\",\"target\":{\"@type\":\"EntryPoint\",\"urlTemplate\":\"https:\/\/www.dataslatitudes.com\/sosuniversal\/zh\/?s={search_term_string}\"},\"query-input\":{\"@type\":\"PropertyValueSpecification\",\"valueRequired\":true,\"valueName\":\"search_term_string\"}}],\"inLanguage\":\"zh-Hans\"},{\"@type\":\"Organization\",\"@id\":\"https:\/\/www.dataslatitudes.com\/sosuniversal\/zh\/#organization\",\"name\":\"DATASLATITUDES\",\"url\":\"https:\/\/www.dataslatitudes.com\/sosuniversal\/zh\/\",\"logo\":{\"@type\":\"ImageObject\",\"inLanguage\":\"zh-Hans\",\"@id\":\"https:\/\/www.dataslatitudes.com\/sosuniversal\/zh\/#\/schema\/logo\/image\/\",\"url\":\"https:\/\/www.dataslatitudes.com\/sosuniversal\/wp-content\/uploads\/2025\/07\/logo_mrdv.png\",\"contentUrl\":\"https:\/\/www.dataslatitudes.com\/sosuniversal\/wp-content\/uploads\/2025\/07\/logo_mrdv.png\",\"width\":72,\"height\":72,\"caption\":\"DATASLATITUDES\"},\"image\":{\"@id\":\"https:\/\/www.dataslatitudes.com\/sosuniversal\/zh\/#\/schema\/logo\/image\/\"}}]}<\/script>\n<!-- \/ Yoast SEO plugin. -->","yoast_head_json":{"title":"\u6b77\u53f2\u8a18\u9304\u548c\u9304\u97f3","description":"\u6700\u8fd150\u500b\u5df2\u767c\u9001\u8b66\u5831\u7684\u6240\u6709\u7279\u5fb5\u5747\u5df2\u8a18\u9304\u5728\u6848\u3002\u60a8\u53ef\u4ee5\u5132\u5b58\u6700\u591a200\u500b\u97f3\u8a0a\u9304\u97f3\uff0c\u9019\u4e9b\u9304\u97f3\u5132\u5b58\u5728\u667a\u6167\u578b\u624b\u6a5f\u7684\u4e0b\u8f09\u76ee\u9304\u4e2d\u3002\u6bcf\u500b\u9304\u97f3\u90fd\u6a19\u6709\u6642\u9593\u6233\uff0c\u53ef\u4ee5\u6536\u807d\u3001\u91cd\u65b0\u547d\u540d\u6216\u522a\u9664\u3002","robots":{"index":"index","follow":"follow","max-snippet":"max-snippet:-1","max-image-preview":"max-image-preview:large","max-video-preview":"max-video-preview:-1"},"canonical":"\u8b66\u5831\u6b77\u53f2\u8a18\u9304 \u6700\u8fd150\u500b\u5df2\u767c\u9001\u8b66\u5831\u7684\u5b8c\u6574\u8a73\u7d30\u8cc7\u8a0a\u90fd\u6703\u88ab\u8a18\u9304\u4e0b\u4f86\u3002 (1) \u88ab\u8acb\u6c42\u806f\u7d61\u4eba\u7684\u540d\u5b57\u548c\u59d3\u6c0f(2) \u8b66\u5831&hellip;","og_locale":"zh_CN","og_type":"article","og_title":"\u6b77\u53f2\u8a18\u9304\u548c\u9304\u97f3","og_description":"\u6700\u8fd150\u500b\u5df2\u767c\u9001\u8b66\u5831\u7684\u6240\u6709\u7279\u5fb5\u5747\u5df2\u8a18\u9304\u5728\u6848\u3002\u60a8\u53ef\u4ee5\u5132\u5b58\u6700\u591a200\u500b\u97f3\u8a0a\u9304\u97f3\uff0c\u9019\u4e9b\u9304\u97f3\u5132\u5b58\u5728\u667a\u6167\u578b\u624b\u6a5f\u7684\u4e0b\u8f09\u76ee\u9304\u4e2d\u3002\u6bcf\u500b\u9304\u97f3\u90fd\u6a19\u6709\u6642\u9593\u6233\uff0c\u53ef\u4ee5\u6536\u807d\u3001\u91cd\u65b0\u547d\u540d\u6216\u522a\u9664\u3002","og_url":"https:\/\/www.dataslatitudes.com\/sosuniversal\/zh\/ecran-principal\/mode-emploi-historique-enregistrement-audio\/","og_site_name":"SOS Universal","article_modified_time":"2025-07-21T16:04:04+00:00","twitter_card":"summary_large_image","twitter_misc":{"\u9884\u8ba1\u9605\u8bfb\u65f6\u95f4":"2 \u5206"},"schema":{"@context":"https:\/\/schema.org","@graph":[{"@type":"WebPage","@id":"https:\/\/www.dataslatitudes.com\/sosuniversal\/zh\/ecran-principal\/mode-emploi-historique-enregistrement-audio\/","url":"https:\/\/www.dataslatitudes.com\/sosuniversal\/zh\/ecran-principal\/mode-emploi-historique-enregistrement-audio\/","name":"Historique et enregistrements audios - SOS Universal","isPartOf":{"@id":"https:\/\/www.dataslatitudes.com\/sosuniversal\/#website"},"primaryImageOfPage":{"@id":"https:\/\/www.dataslatitudes.com\/sosuniversal\/zh\/ecran-principal\/mode-emploi-historique-enregistrement-audio\/#primaryimage"},"image":{"@id":"https:\/\/www.dataslatitudes.com\/sosuniversal\/zh\/ecran-principal\/mode-emploi-historique-enregistrement-audio\/#primaryimage"},"thumbnailUrl":"http:\/\/www.dataslatitudes.com\/sosuniversal\/wp-content\/uploads\/2025\/07\/fr_historique_alerte_puce-459x1024.webp","datePublished":"2025-06-13T07:09:52+00:00","dateModified":"2025-07-21T16:04:04+00:00","description":"Les 50 derni\u00e8res alertes \u00e9mises sont historis\u00e9es avec toutes leurs caract\u00e9ristiques. Vous pouvez conserver jusqu\u2019\u00e0 200 enregistrements audios qui sont stock\u00e9s dans le r\u00e9pertoire des t\u00e9l\u00e9chargements du smartphone. Chaque enregistrement est horodat\u00e9 et peut \u00eatre \u00e9cout\u00e9, renomm\u00e9 ou supprim\u00e9.","breadcrumb":{"@id":"https:\/\/www.dataslatitudes.com\/sosuniversal\/zh\/ecran-principal\/mode-emploi-historique-enregistrement-audio\/#breadcrumb"},"inLanguage":"zh-Hans","potentialAction":[{"@type":"ReadAction","target":["https:\/\/www.dataslatitudes.com\/sosuniversal\/zh\/ecran-principal\/mode-emploi-historique-enregistrement-audio\/"]}]},{"@type":"ImageObject","inLanguage":"zh-Hans","@id":"https:\/\/www.dataslatitudes.com\/sosuniversal\/zh\/ecran-principal\/mode-emploi-historique-enregistrement-audio\/#primaryimage","url":"http:\/\/www.dataslatitudes.com\/sosuniversal\/wp-content\/uploads\/2025\/07\/fr_historique_alerte_puce-459x1024.webp","contentUrl":"http:\/\/www.dataslatitudes.com\/sosuniversal\/wp-content\/uploads\/2025\/07\/fr_historique_alerte_puce-459x1024.webp"},{"@type":"BreadcrumbList","@id":"https:\/\/www.dataslatitudes.com\/sosuniversal\/zh\/ecran-principal\/mode-emploi-historique-enregistrement-audio\/#breadcrumb","itemListElement":[{"@type":"ListItem","position":1,"name":"\u4ecb\u7d39","item":"https:\/\/www.dataslatitudes.com\/sosuniversal\/fr\/"},{"@type":"ListItem","position":2,"name":"\u4e3b\u756b\u9762","item":"https:\/\/www.dataslatitudes.com\/sosuniversal\/ecran-principal\/"},{"@type":"ListItem","position":3,"name":"\u6b77\u53f2\u8a18\u9304\u548c\u9304\u97f3"}]},{"@type":"WebSite","@id":"https:\/\/www.dataslatitudes.com\/sosuniversal\/zh\/#website","url":"https:\/\/www.dataslatitudes.com\/sosuniversal\/zh\/","name":"SOS Universal","description":"","publisher":{"@id":"https:\/\/www.dataslatitudes.com\/sosuniversal\/zh\/#organization"},"potentialAction":[{"@type":"SearchAction","target":{"@type":"EntryPoint","urlTemplate":"https:\/\/www.dataslatitudes.com\/sosuniversal\/zh\/?s={search_term_string}"},"query-input":{"@type":"PropertyValueSpecification","valueRequired":true,"valueName":"search_term_string"}}],"inLanguage":"zh-Hans"},{"@type":"Organization","@id":"https:\/\/www.dataslatitudes.com\/sosuniversal\/zh\/#organization","name":"DATASLATITUDES","url":"https:\/\/www.dataslatitudes.com\/sosuniversal\/zh\/","logo":{"@type":"ImageObject","inLanguage":"zh-Hans","@id":"https:\/\/www.dataslatitudes.com\/sosuniversal\/zh\/#\/schema\/logo\/image\/","url":"https:\/\/www.dataslatitudes.com\/sosuniversal\/wp-content\/uploads\/2025\/07\/logo_mrdv.png","contentUrl":"https:\/\/www.dataslatitudes.com\/sosuniversal\/wp-content\/uploads\/2025\/07\/logo_mrdv.png","width":72,"height":72,"caption":"DATASLATITUDES"},"image":{"@id":"https:\/\/www.dataslatitudes.com\/sosuniversal\/zh\/#\/schema\/logo\/image\/"}}]}},"_links":{"self":[{"href":"https:\/\/www.dataslatitudes.com\/sosuniversal\/zh\/wp-json\/wp\/v2\/pages\/246","targetHints":{"allow":["GET"]}}],"collection":[{"href":"https:\/\/www.dataslatitudes.com\/sosuniversal\/zh\/wp-json\/wp\/v2\/pages"}],"about":[{"href":"https:\/\/www.dataslatitudes.com\/sosuniversal\/zh\/wp-json\/wp\/v2\/types\/page"}],"author":[{"embeddable":true,"href":"https:\/\/www.dataslatitudes.com\/sosuniversal\/zh\/wp-json\/wp\/v2\/users\/1"}],"replies":[{"embeddable":true,"href":"https:\/\/www.dataslatitudes.com\/sosuniversal\/zh\/wp-json\/wp\/v2\/comments?post=246"}],"version-history":[{"count":24,"href":"https:\/\/www.dataslatitudes.com\/sosuniversal\/zh\/wp-json\/wp\/v2\/pages\/246\/revisions"}],"predecessor-version":[{"id":1054,"href":"https:\/\/www.dataslatitudes.com\/sosuniversal\/zh\/wp-json\/wp\/v2\/pages\/246\/revisions\/1054"}],"up":[{"embeddable":true,"href":"https:\/\/www.dataslatitudes.com\/sosuniversal\/zh\/wp-json\/wp\/v2\/pages\/14"}],"wp:attachment":[{"href":"https:\/\/www.dataslatitudes.com\/sosuniversal\/zh\/wp-json\/wp\/v2\/media?parent=246"}],"curies":[{"name":"wp","href":"https:\/\/api.w.org\/{rel}","templated":true}]}}