{"id":187,"date":"2025-06-12T17:37:24","date_gmt":"2025-06-12T17:37:24","guid":{"rendered":"https:\/\/www.dataslatitudes.com\/sosuniversal\/index.php\/mode-demploi\/"},"modified":"2025-07-21T15:59:54","modified_gmt":"2025-07-21T15:59:54","slug":"mode-emploi-contact","status":"publish","type":"page","link":"https:\/\/www.dataslatitudes.com\/sosuniversal\/zh\/ecran-principal\/mode-emploi-contact\/","title":{"rendered":"\u806f\u7d61\u4eba\u7ba1\u7406"},"content":{"rendered":"\r\n<p class=\"has-small-font-size\" style=\"border-style:none;border-width:0px\"><\/p>\r\n\r\n\r\n\r\n<h1 class=\"wp-block-heading has-text-align-center has-medium-font-size\"><strong>\u806f\u7d61\u4eba\u7ba1\u7406<\/strong><\/h1>\r\n\r\n\r\n\r\n<p style=\"font-size:1rem\">\u806f\u7d61\u4eba\u662f\u60a8\u9078\u64c7\u7684\u4fe1\u4efb\u5c0d\u8c61\uff0c\u7576\u8b66\u5831\u89f8\u767c\u6642\uff0c\u4ed6\u5011\u6703\u6536\u5230\u901a\u77e5\u6216\u88ab\u8acb\u6c42\u5354\u52a9\uff08\u900f\u904e\u96fb\u8a71\u6216\u7c21\u8a0a\uff09\u3002<\/p>\r\n\r\n\r\n\r\n<div class=\"wp-block-columns are-vertically-aligned-center is-layout-flex wp-container-core-columns-is-layout-c0b51a3c wp-block-columns-is-layout-flex\" style=\"margin-top:0;margin-bottom:0;padding-top:0;padding-bottom:0\">\r\n<div class=\"wp-block-column is-vertically-aligned-center is-layout-flow wp-block-column-is-layout-flow\" style=\"flex-basis:33.33%\">\r\n<figure class=\"wp-block-image aligncenter size-large is-resized\"><img decoding=\"async\" src=\"http:\/\/www.dataslatitudes.com\/sosuniversal\/wp-content\/uploads\/zh_contact_gestion_puce-459x1024.webp\" alt=\"SOS Universal - \u806f\u7d61\u4eba\u7ba1\u7406\" class=\"wp-image-265\" style=\"width:260px\"\/><\/figure>\r\n<\/div>\r\n\r\n\r\n\r\n<div class=\"wp-block-column is-vertically-aligned-center is-layout-flow wp-container-core-column-is-layout-b2a27621 wp-block-column-is-layout-flow\" style=\"padding-top:0;padding-right:0;padding-bottom:0;padding-left:0;flex-basis:66.66%\">\r\n<p style=\"margin-top:var(--wp--preset--spacing--20);margin-bottom:var(--wp--preset--spacing--20);font-size:1rem\">(1) \u5b58\u53d6\u4e3b\u9078\u55ae<\/p>\r\n\r\n\r\n\r\n<p style=\"margin-top:var(--wp--preset--spacing--20);margin-bottom:var(--wp--preset--spacing--20);font-size:1rem\">(2) \u5df2\u5132\u5b58\u806f\u7d61\u4eba\u5217\u8868\uff1a<br>&#8211; \u806f\u7d61\u4eba\u88ab\u5283\u6389\uff08\u55ae\u64ca\uff09\u4ee5\u66ab\u6642\u505c\u7528\uff08\u4f8b\u5982\uff1aJean Dupond\uff09\u3002\u518d\u6b21\u9ede\u64ca\u53ef\u91cd\u65b0\u555f\u7528\u3002<br>&#8211; \u7da0\u8272\u5716\u793a (i) \u8868\u793a\u806f\u7d61\u4eba\u5df2\u6536\u5230\u53ef\u80fd\u6536\u5230\u8b66\u5831\u7684\u901a\u77e5\u3002<br>&#8211; \u7d05\u8272\u5716\u793a (x) \u8868\u793a\u806f\u7d61\u4eba\u5c1a\u672a\u6536\u5230\u901a\u77e5\u3002<\/p>\r\n\r\n\r\n\r\n<p style=\"margin-top:var(--wp--preset--spacing--20);margin-bottom:var(--wp--preset--spacing--20);font-size:1rem;text-decoration:underline\">\u6ce8\u610f\uff1a\u8981\u5728\u8b66\u5831\u4e2d\u4f7f\u7528\u806f\u7d61\u4eba\uff0c\u8a72\u806f\u7d61\u4eba\u5fc5\u9808\u662f\u6d3b\u52d5\u7684\u4e26\u4e14\u5df2\u88ab\u901a\u77e5\u3002<\/p>\r\n\r\n\r\n\r\n<p style=\"margin-top:var(--wp--preset--spacing--20);margin-bottom:var(--wp--preset--spacing--20);font-size:1rem\">(9) \u87a2\u5e55\u5e95\u90e8\u986f\u793a\u6d3b\u52d5\u806f\u7d61\u4eba\u6578\u91cf\u6458\u8981\u3002<\/p>\r\n\r\n\r\n\r\n<p style=\"padding-top:0;padding-bottom:0;font-size:1rem\">(7) \u522a\u9664\u806f\u7d61\u4eba<br>(8) \u4fee\u6539\u806f\u7d61\u4eba<\/p>\r\n<\/div>\r\n<\/div>\r\n\r\n\r\n\r\n<p class=\"has-small-font-size\"><\/p>\r\n\r\n\r\n\r\n<div class=\"wp-block-columns is-layout-flex wp-container-core-columns-is-layout-ea9f20df wp-block-columns-is-layout-flex\" style=\"margin-top:0;margin-bottom:0;padding-top:var(--wp--preset--spacing--30);padding-right:0;padding-bottom:var(--wp--preset--spacing--30);padding-left:0\">\r\n<div class=\"wp-block-column is-vertically-aligned-top is-layout-flow wp-block-column-is-layout-flow\" style=\"padding-top:0;padding-bottom:0\">\r\n<h2 class=\"wp-block-heading has-text-align-center\" style=\"margin-top:0;margin-bottom:0;font-size:1rem\">(3)(8) \u65b0\u589e\/\u4fee\u6539<\/h2>\r\n\r\n\r\n\r\n<figure class=\"wp-block-image aligncenter size-large is-resized\" style=\"margin-top:0;margin-bottom:0\"><img decoding=\"async\" src=\"http:\/\/www.dataslatitudes.com\/sosuniversal\/wp-content\/uploads\/zh_contact_ajout_modification-459x1024.webp\" alt=\"SOS Universal - \u6dfb\u52a0\u6216\u4fee\u6539\u806f\u7d61\u4eba\" class=\"wp-image-761\" style=\"width:260px\"\/><\/figure>\r\n\r\n\r\n\r\n<p class=\"has-text-align-center\" style=\"margin-top:0;margin-bottom:0;font-size:1rem\">\u53ef\u9078\u7684\u500b\u4eba\u5316\u8a0a\u606f\u53d6\u4ee3\u4e86\u7c21\u8a0a\u7684\u6a19\u6e96\u8a0a\u606f\u3002<br><strong>\u6ce8\u610f\uff1a <\/strong>\u70ba\u7b26\u5408\u8a31\u591a\u570b\u5bb6\u7684\u73fe\u884c\u6cd5\u898f\uff0c\u7981\u6b62\u4f7f\u7528\u5b98\u65b9\u7dca\u6025\u670d\u52d9\u865f\u78bc\uff08\u4f8b\u5982\uff1a17\u300118\u3001112\u3001911\u7b49\uff09\u3002<br>\u65e5\u671f\u4ee5YYYY-MM-DD\u683c\u5f0f\u8868\u793a\uff08\u570b\u969b\u6a19\u6e96ISO 8601\uff09\u3002<\/p>\r\n\r\n\r\n\r\n<p style=\"margin-top:var(--wp--preset--spacing--40);margin-bottom:var(--wp--preset--spacing--40)\"><\/p>\r\n<\/div>\r\n\r\n\r\n\r\n<div class=\"wp-block-column is-vertically-aligned-top is-layout-flow wp-container-core-column-is-layout-15d35364 wp-block-column-is-layout-flow\" style=\"padding-top:0;padding-bottom:0\">\r\n<h2 class=\"wp-block-heading has-text-align-center\" style=\"margin-top:0;margin-bottom:0;font-size:1rem\">(4) \u5f9e\u667a\u6167\u578b\u624b\u6a5f\u806f\u7d61\u4eba\u65b0\u589e<\/h2>\r\n\r\n\r\n\r\n<figure class=\"wp-block-image aligncenter size-large is-resized\" style=\"margin-top:0;margin-bottom:0\"><img decoding=\"async\" src=\"http:\/\/www.dataslatitudes.com\/sosuniversal\/wp-content\/uploads\/zh_contact_ajout_smartphone-459x1024.webp\" alt=\"SOS Universal - \u5f9e\u901a\u8a0a\u9304\u6dfb\u52a0\u806f\u7d61\u4eba\" class=\"wp-image-697\" style=\"width:260px\"\/><\/figure>\r\n\r\n\r\n\r\n<p class=\"has-text-align-center\" style=\"margin-top:0;margin-bottom:0;font-size:1rem\">\u53ef\u4ee5\u5728\u667a\u6167\u578b\u624b\u6a5f\u806f\u7d61\u4eba\u4e2d\u9032\u884c\u641c\u5c0b\u3002<\/p>\r\n\r\n\r\n\r\n<p style=\"margin-top:var(--wp--preset--spacing--40);margin-bottom:var(--wp--preset--spacing--40)\"><\/p>\r\n<\/div>\r\n\r\n\r\n\r\n<div class=\"wp-block-column is-vertically-aligned-top is-layout-flow wp-container-core-column-is-layout-47e5a185 wp-block-column-is-layout-flow\">\r\n<h2 class=\"wp-block-heading has-text-align-center\" style=\"margin-top:0;margin-bottom:0;font-size:1rem\">(5) \u512a\u5148\u6392\u5e8f\u806f\u7d61\u4eba<\/h2>\r\n\r\n\r\n\r\n<figure class=\"wp-block-image aligncenter size-large is-resized\" style=\"margin-top:0;margin-bottom:0\"><img decoding=\"async\" src=\"http:\/\/www.dataslatitudes.com\/sosuniversal\/wp-content\/uploads\/zh_contact_priorisation-459x1024.webp\" alt=\"SOS Universal - \u806f\u7d61\u4eba\u512a\u5148\u9806\u5e8f\" class=\"wp-image-275\" style=\"width:260px\"\/><\/figure>\r\n\r\n\r\n\r\n<p class=\"has-text-align-center\" style=\"font-size:1rem\">\u806f\u7d61\u4eba\u900f\u904e\u62d6\u66f3\/\u79fb\u52d5\u9032\u884c\u512a\u5148\u6392\u5e8f\u3002<\/p>\r\n\r\n\r\n\r\n<p style=\"margin-top:var(--wp--preset--spacing--30);margin-bottom:var(--wp--preset--spacing--30)\"><\/p>\r\n<\/div>\r\n\r\n\r\n\r\n<div class=\"wp-block-column is-layout-flow wp-container-core-column-is-layout-47e5a185 wp-block-column-is-layout-flow\">\r\n<h2 class=\"wp-block-heading has-text-align-center\" style=\"margin-top:0;margin-bottom:0;font-size:1rem\">(6) \u901a\u77e5<\/h2>\r\n\r\n\r\n\r\n<figure class=\"wp-block-image aligncenter size-large is-resized\" style=\"margin-top:0;margin-bottom:0\"><img decoding=\"async\" src=\"http:\/\/www.dataslatitudes.com\/sosuniversal\/wp-content\/uploads\/zh_contact_information-459x1024.webp\" alt=\"SOS Universal - \u806f\u7d61\u4eba\u8cc7\u8a0a\" class=\"wp-image-274\" style=\"width:260px\"\/><\/figure>\r\n\r\n\r\n\r\n<p class=\"has-text-align-center\" style=\"font-size:1rem\">\u9644\u52a0\u8a0a\u606f\u70ba\u5fc5\u586b<\/p>\r\n\r\n\r\n\r\n<p style=\"margin-top:var(--wp--preset--spacing--40);margin-bottom:var(--wp--preset--spacing--40)\"><\/p>\r\n<\/div>\r\n<\/div>\r\n","protected":false},"excerpt":{"rendered":"<p>\u806f\u7d61\u4eba\u7ba1\u7406 \u806f\u7d61\u4eba\u662f\u60a8\u9078\u64c7\u7684\u4fe1\u4efb\u5c0d\u8c61\uff0c\u7576 [&hellip;]<\/p>\n","protected":false},"author":1,"featured_media":0,"parent":14,"menu_order":1,"comment_status":"closed","ping_status":"closed","template":"","meta":{"site-sidebar-layout":"default","site-content-layout":"","ast-site-content-layout":"","site-content-style":"default","site-sidebar-style":"default","ast-global-header-display":"","ast-banner-title-visibility":"","ast-main-header-display":"","ast-hfb-above-header-display":"","ast-hfb-below-header-display":"","ast-hfb-mobile-header-display":"","site-post-title":"disabled","ast-breadcrumbs-content":"","ast-featured-img":"","footer-sml-layout":"","theme-transparent-header-meta":"","adv-header-id-meta":"","stick-header-meta":"","header-above-stick-meta":"","header-main-stick-meta":"","header-below-stick-meta":"","astra-migrate-meta-layouts":"default","ast-page-background-enabled":"default","ast-page-background-meta":{"desktop":{"background-color":"var(--ast-global-color-5)","background-image":"","background-repeat":"repeat","background-position":"center center","background-size":"auto","background-attachment":"scroll","background-type":"","background-media":"","overlay-type":"","overlay-color":"","overlay-opacity":"","overlay-gradient":""},"tablet":{"background-color":"","background-image":"","background-repeat":"repeat","background-position":"center center","background-size":"auto","background-attachment":"scroll","background-type":"","background-media":"","overlay-type":"","overlay-color":"","overlay-opacity":"","overlay-gradient":""},"mobile":{"background-color":"","background-image":"","background-repeat":"repeat","background-position":"center center","background-size":"auto","background-attachment":"scroll","background-type":"","background-media":"","overlay-type":"","overlay-color":"","overlay-opacity":"","overlay-gradient":""}},"ast-content-background-meta":{"desktop":{"background-color":"var(--ast-global-color-4)","background-image":"","background-repeat":"repeat","background-position":"center center","background-size":"auto","background-attachment":"scroll","background-type":"","background-media":"","overlay-type":"","overlay-color":"","overlay-opacity":"","overlay-gradient":""},"tablet":{"background-color":"var(--ast-global-color-4)","background-image":"","background-repeat":"repeat","background-position":"center center","background-size":"auto","background-attachment":"scroll","background-type":"","background-media":"","overlay-type":"","overlay-color":"","overlay-opacity":"","overlay-gradient":""},"mobile":{"background-color":"var(--ast-global-color-4)","background-image":"","background-repeat":"repeat","background-position":"center center","background-size":"auto","background-attachment":"scroll","background-type":"","background-media":"","overlay-type":"","overlay-color":"","overlay-opacity":"","overlay-gradient":""}},"footnotes":""},"class_list":["post-187","page","type-page","status-publish","hentry"],"yoast_head":"<!-- This site is optimized with the Yoast SEO plugin v25.6 - https:\/\/yoast.com\/wordpress\/plugins\/seo\/ -->\n<title>\u806f\u7d61\u4eba\u7ba1\u7406<\/title>\n<meta name=\"description\" content=\"\u806f\u7d61\u4eba\u662f\u60a8\u9078\u64c7\u7684\u4fe1\u4efb\u5c0d\u8c61\uff0c\u7576\u8b66\u5831\u89f8\u767c\u6642\uff0c\u4ed6\u5011\u6703\u6536\u5230\u901a\u77e5\u6216\u88ab\u8acb\u6c42\u5354\u52a9\uff08\u900f\u904e\u96fb\u8a71\u6216\u7c21\u8a0a\uff09\u3002\u53ef\u4ee5\u5f9e\u667a\u6167\u578b\u624b\u6a5f\u7684\u5730\u5740\u7c3f\u4e2d\u6062\u5fa9\u806f\u7d61\u4eba\u3002\u806f\u7d61\u4eba\u53ef\u4ee5\u8a2d\u5b9a\u512a\u5148\u9806\u5e8f\uff0c\u4e26\u4e14\u4ed6\u5011\u6703\u6536\u5230\u901a\u77e5\u3002\u806f\u7d61\u4eba\u53ef\u4ee5\u66ab\u6642\u505c\u7528\u3002\" \/>\n<meta name=\"robots\" content=\"index, follow, max-snippet:-1, max-image-preview:large, max-video-preview:-1\" \/>\n<link rel=\"canonical\" href=\"http:\/\/\u806f\u7d61\u4eba\u7ba1\u7406%20\u806f\u7d61\u4eba\u662f\u60a8\u9078\u64c7\u7684\u4fe1\u4efb\u5c0d\u8c61\uff0c\u7576\u8b66\u5831\u89f8\u767c\u6642\uff0c\u4ed6\u5011\u6703\u6536\u5230\u901a\u77e5\u6216\u88ab\u8acb\u6c42\u5354\u52a9\uff08\u900f\u904e\u96fb\u8a71\u6216\u7c21\u8a0a\uff09\u3002%20(1)%20\u5b58&hellip;\" \/>\n<meta property=\"og:locale\" content=\"zh_CN\" \/>\n<meta property=\"og:type\" content=\"article\" \/>\n<meta property=\"og:title\" content=\"\u806f\u7d61\u4eba\u7ba1\u7406\" \/>\n<meta property=\"og:description\" content=\"\u806f\u7d61\u4eba\u662f\u60a8\u9078\u64c7\u7684\u4fe1\u4efb\u5c0d\u8c61\uff0c\u7576\u8b66\u5831\u89f8\u767c\u6642\uff0c\u4ed6\u5011\u6703\u6536\u5230\u901a\u77e5\u6216\u88ab\u8acb\u6c42\u5354\u52a9\uff08\u900f\u904e\u96fb\u8a71\u6216\u7c21\u8a0a\uff09\u3002\u53ef\u4ee5\u5f9e\u667a\u6167\u578b\u624b\u6a5f\u7684\u5730\u5740\u7c3f\u4e2d\u6062\u5fa9\u806f\u7d61\u4eba\u3002\u806f\u7d61\u4eba\u53ef\u4ee5\u8a2d\u5b9a\u512a\u5148\u9806\u5e8f\uff0c\u4e26\u4e14\u4ed6\u5011\u6703\u6536\u5230\u901a\u77e5\u3002\u806f\u7d61\u4eba\u53ef\u4ee5\u66ab\u6642\u505c\u7528\u3002\" \/>\n<meta property=\"og:url\" content=\"https:\/\/www.dataslatitudes.com\/sosuniversal\/zh\/ecran-principal\/mode-emploi-contact\/\" \/>\n<meta property=\"og:site_name\" content=\"SOS Universal\" \/>\n<meta property=\"article:modified_time\" content=\"2025-07-21T15:59:54+00:00\" \/>\n<meta name=\"twitter:card\" content=\"summary_large_image\" \/>\n<meta name=\"twitter:label1\" content=\"\u9884\u8ba1\u9605\u8bfb\u65f6\u95f4\" \/>\n\t<meta name=\"twitter:data1\" content=\"3 \u5206\" \/>\n<script type=\"application\/ld+json\" class=\"yoast-schema-graph\">{\"@context\":\"https:\/\/schema.org\",\"@graph\":[{\"@type\":\"WebPage\",\"@id\":\"https:\/\/www.dataslatitudes.com\/sosuniversal\/zh\/ecran-principal\/mode-emploi-contact\/\",\"url\":\"https:\/\/www.dataslatitudes.com\/sosuniversal\/zh\/ecran-principal\/mode-emploi-contact\/\",\"name\":\"Gestion des contacts - SOS Universal\",\"isPartOf\":{\"@id\":\"https:\/\/www.dataslatitudes.com\/sosuniversal\/#website\"},\"primaryImageOfPage\":{\"@id\":\"https:\/\/www.dataslatitudes.com\/sosuniversal\/zh\/ecran-principal\/mode-emploi-contact\/#primaryimage\"},\"image\":{\"@id\":\"https:\/\/www.dataslatitudes.com\/sosuniversal\/zh\/ecran-principal\/mode-emploi-contact\/#primaryimage\"},\"thumbnailUrl\":\"http:\/\/www.dataslatitudes.com\/sosuniversal\/wp-content\/uploads\/2025\/07\/fr_contact_gestion_puce-459x1024.webp\",\"datePublished\":\"2025-06-12T17:37:24+00:00\",\"dateModified\":\"2025-07-21T15:59:54+00:00\",\"description\":\"Les contacts sont les personnes de confiance de votre choix qui sont pr\u00e9venues ou sollicit\u00e9es (par appel t\u00e9l\u00e9phonique ou par SMS) lorsqu\u2019une alerte est d\u00e9clench\u00e9e. Il est possible de r\u00e9cup\u00e9rer ceux du carnet d'adresses du smartphone. Les contacts peuvent \u00eatre prioris\u00e9s et ils sont inform\u00e9s. Un contact peut \u00eatre d\u00e9sactiv\u00e9 momentan\u00e9ment.\",\"breadcrumb\":{\"@id\":\"https:\/\/www.dataslatitudes.com\/sosuniversal\/zh\/ecran-principal\/mode-emploi-contact\/#breadcrumb\"},\"inLanguage\":\"zh-Hans\",\"potentialAction\":[{\"@type\":\"ReadAction\",\"target\":[\"https:\/\/www.dataslatitudes.com\/sosuniversal\/zh\/ecran-principal\/mode-emploi-contact\/\"]}]},{\"@type\":\"ImageObject\",\"inLanguage\":\"zh-Hans\",\"@id\":\"https:\/\/www.dataslatitudes.com\/sosuniversal\/zh\/ecran-principal\/mode-emploi-contact\/#primaryimage\",\"url\":\"http:\/\/www.dataslatitudes.com\/sosuniversal\/wp-content\/uploads\/2025\/07\/fr_contact_gestion_puce-459x1024.webp\",\"contentUrl\":\"http:\/\/www.dataslatitudes.com\/sosuniversal\/wp-content\/uploads\/2025\/07\/fr_contact_gestion_puce-459x1024.webp\"},{\"@type\":\"BreadcrumbList\",\"@id\":\"https:\/\/www.dataslatitudes.com\/sosuniversal\/zh\/ecran-principal\/mode-emploi-contact\/#breadcrumb\",\"itemListElement\":[{\"@type\":\"ListItem\",\"position\":1,\"name\":\"\u4ecb\u7d39\",\"item\":\"https:\/\/www.dataslatitudes.com\/sosuniversal\/fr\/\"},{\"@type\":\"ListItem\",\"position\":2,\"name\":\"\u4e3b\u756b\u9762\",\"item\":\"https:\/\/www.dataslatitudes.com\/sosuniversal\/ecran-principal\/\"},{\"@type\":\"ListItem\",\"position\":3,\"name\":\"\u806f\u7d61\u4eba\u7ba1\u7406\"}]},{\"@type\":\"WebSite\",\"@id\":\"https:\/\/www.dataslatitudes.com\/sosuniversal\/zh\/#website\",\"url\":\"https:\/\/www.dataslatitudes.com\/sosuniversal\/zh\/\",\"name\":\"SOS Universal\",\"description\":\"\",\"publisher\":{\"@id\":\"https:\/\/www.dataslatitudes.com\/sosuniversal\/zh\/#organization\"},\"potentialAction\":[{\"@type\":\"SearchAction\",\"target\":{\"@type\":\"EntryPoint\",\"urlTemplate\":\"https:\/\/www.dataslatitudes.com\/sosuniversal\/zh\/?s={search_term_string}\"},\"query-input\":{\"@type\":\"PropertyValueSpecification\",\"valueRequired\":true,\"valueName\":\"search_term_string\"}}],\"inLanguage\":\"zh-Hans\"},{\"@type\":\"Organization\",\"@id\":\"https:\/\/www.dataslatitudes.com\/sosuniversal\/zh\/#organization\",\"name\":\"DATASLATITUDES\",\"url\":\"https:\/\/www.dataslatitudes.com\/sosuniversal\/zh\/\",\"logo\":{\"@type\":\"ImageObject\",\"inLanguage\":\"zh-Hans\",\"@id\":\"https:\/\/www.dataslatitudes.com\/sosuniversal\/zh\/#\/schema\/logo\/image\/\",\"url\":\"https:\/\/www.dataslatitudes.com\/sosuniversal\/wp-content\/uploads\/2025\/07\/logo_mrdv.png\",\"contentUrl\":\"https:\/\/www.dataslatitudes.com\/sosuniversal\/wp-content\/uploads\/2025\/07\/logo_mrdv.png\",\"width\":72,\"height\":72,\"caption\":\"DATASLATITUDES\"},\"image\":{\"@id\":\"https:\/\/www.dataslatitudes.com\/sosuniversal\/zh\/#\/schema\/logo\/image\/\"}}]}<\/script>\n<!-- \/ Yoast SEO plugin. -->","yoast_head_json":{"title":"\u806f\u7d61\u4eba\u7ba1\u7406","description":"\u806f\u7d61\u4eba\u662f\u60a8\u9078\u64c7\u7684\u4fe1\u4efb\u5c0d\u8c61\uff0c\u7576\u8b66\u5831\u89f8\u767c\u6642\uff0c\u4ed6\u5011\u6703\u6536\u5230\u901a\u77e5\u6216\u88ab\u8acb\u6c42\u5354\u52a9\uff08\u900f\u904e\u96fb\u8a71\u6216\u7c21\u8a0a\uff09\u3002\u53ef\u4ee5\u5f9e\u667a\u6167\u578b\u624b\u6a5f\u7684\u5730\u5740\u7c3f\u4e2d\u6062\u5fa9\u806f\u7d61\u4eba\u3002\u806f\u7d61\u4eba\u53ef\u4ee5\u8a2d\u5b9a\u512a\u5148\u9806\u5e8f\uff0c\u4e26\u4e14\u4ed6\u5011\u6703\u6536\u5230\u901a\u77e5\u3002\u806f\u7d61\u4eba\u53ef\u4ee5\u66ab\u6642\u505c\u7528\u3002","robots":{"index":"index","follow":"follow","max-snippet":"max-snippet:-1","max-image-preview":"max-image-preview:large","max-video-preview":"max-video-preview:-1"},"canonical":"\u806f\u7d61\u4eba\u7ba1\u7406 \u806f\u7d61\u4eba\u662f\u60a8\u9078\u64c7\u7684\u4fe1\u4efb\u5c0d\u8c61\uff0c\u7576\u8b66\u5831\u89f8\u767c\u6642\uff0c\u4ed6\u5011\u6703\u6536\u5230\u901a\u77e5\u6216\u88ab\u8acb\u6c42\u5354\u52a9\uff08\u900f\u904e\u96fb\u8a71\u6216\u7c21\u8a0a\uff09\u3002 (1) \u5b58&hellip;","og_locale":"zh_CN","og_type":"article","og_title":"\u806f\u7d61\u4eba\u7ba1\u7406","og_description":"\u806f\u7d61\u4eba\u662f\u60a8\u9078\u64c7\u7684\u4fe1\u4efb\u5c0d\u8c61\uff0c\u7576\u8b66\u5831\u89f8\u767c\u6642\uff0c\u4ed6\u5011\u6703\u6536\u5230\u901a\u77e5\u6216\u88ab\u8acb\u6c42\u5354\u52a9\uff08\u900f\u904e\u96fb\u8a71\u6216\u7c21\u8a0a\uff09\u3002\u53ef\u4ee5\u5f9e\u667a\u6167\u578b\u624b\u6a5f\u7684\u5730\u5740\u7c3f\u4e2d\u6062\u5fa9\u806f\u7d61\u4eba\u3002\u806f\u7d61\u4eba\u53ef\u4ee5\u8a2d\u5b9a\u512a\u5148\u9806\u5e8f\uff0c\u4e26\u4e14\u4ed6\u5011\u6703\u6536\u5230\u901a\u77e5\u3002\u806f\u7d61\u4eba\u53ef\u4ee5\u66ab\u6642\u505c\u7528\u3002","og_url":"https:\/\/www.dataslatitudes.com\/sosuniversal\/zh\/ecran-principal\/mode-emploi-contact\/","og_site_name":"SOS Universal","article_modified_time":"2025-07-21T15:59:54+00:00","twitter_card":"summary_large_image","twitter_misc":{"\u9884\u8ba1\u9605\u8bfb\u65f6\u95f4":"3 \u5206"},"schema":{"@context":"https:\/\/schema.org","@graph":[{"@type":"WebPage","@id":"https:\/\/www.dataslatitudes.com\/sosuniversal\/zh\/ecran-principal\/mode-emploi-contact\/","url":"https:\/\/www.dataslatitudes.com\/sosuniversal\/zh\/ecran-principal\/mode-emploi-contact\/","name":"Gestion des contacts - SOS Universal","isPartOf":{"@id":"https:\/\/www.dataslatitudes.com\/sosuniversal\/#website"},"primaryImageOfPage":{"@id":"https:\/\/www.dataslatitudes.com\/sosuniversal\/zh\/ecran-principal\/mode-emploi-contact\/#primaryimage"},"image":{"@id":"https:\/\/www.dataslatitudes.com\/sosuniversal\/zh\/ecran-principal\/mode-emploi-contact\/#primaryimage"},"thumbnailUrl":"http:\/\/www.dataslatitudes.com\/sosuniversal\/wp-content\/uploads\/2025\/07\/fr_contact_gestion_puce-459x1024.webp","datePublished":"2025-06-12T17:37:24+00:00","dateModified":"2025-07-21T15:59:54+00:00","description":"Les contacts sont les personnes de confiance de votre choix qui sont pr\u00e9venues ou sollicit\u00e9es (par appel t\u00e9l\u00e9phonique ou par SMS) lorsqu\u2019une alerte est d\u00e9clench\u00e9e. Il est possible de r\u00e9cup\u00e9rer ceux du carnet d'adresses du smartphone. Les contacts peuvent \u00eatre prioris\u00e9s et ils sont inform\u00e9s. Un contact peut \u00eatre d\u00e9sactiv\u00e9 momentan\u00e9ment.","breadcrumb":{"@id":"https:\/\/www.dataslatitudes.com\/sosuniversal\/zh\/ecran-principal\/mode-emploi-contact\/#breadcrumb"},"inLanguage":"zh-Hans","potentialAction":[{"@type":"ReadAction","target":["https:\/\/www.dataslatitudes.com\/sosuniversal\/zh\/ecran-principal\/mode-emploi-contact\/"]}]},{"@type":"ImageObject","inLanguage":"zh-Hans","@id":"https:\/\/www.dataslatitudes.com\/sosuniversal\/zh\/ecran-principal\/mode-emploi-contact\/#primaryimage","url":"http:\/\/www.dataslatitudes.com\/sosuniversal\/wp-content\/uploads\/2025\/07\/fr_contact_gestion_puce-459x1024.webp","contentUrl":"http:\/\/www.dataslatitudes.com\/sosuniversal\/wp-content\/uploads\/2025\/07\/fr_contact_gestion_puce-459x1024.webp"},{"@type":"BreadcrumbList","@id":"https:\/\/www.dataslatitudes.com\/sosuniversal\/zh\/ecran-principal\/mode-emploi-contact\/#breadcrumb","itemListElement":[{"@type":"ListItem","position":1,"name":"\u4ecb\u7d39","item":"https:\/\/www.dataslatitudes.com\/sosuniversal\/fr\/"},{"@type":"ListItem","position":2,"name":"\u4e3b\u756b\u9762","item":"https:\/\/www.dataslatitudes.com\/sosuniversal\/ecran-principal\/"},{"@type":"ListItem","position":3,"name":"\u806f\u7d61\u4eba\u7ba1\u7406"}]},{"@type":"WebSite","@id":"https:\/\/www.dataslatitudes.com\/sosuniversal\/zh\/#website","url":"https:\/\/www.dataslatitudes.com\/sosuniversal\/zh\/","name":"SOS Universal","description":"","publisher":{"@id":"https:\/\/www.dataslatitudes.com\/sosuniversal\/zh\/#organization"},"potentialAction":[{"@type":"SearchAction","target":{"@type":"EntryPoint","urlTemplate":"https:\/\/www.dataslatitudes.com\/sosuniversal\/zh\/?s={search_term_string}"},"query-input":{"@type":"PropertyValueSpecification","valueRequired":true,"valueName":"search_term_string"}}],"inLanguage":"zh-Hans"},{"@type":"Organization","@id":"https:\/\/www.dataslatitudes.com\/sosuniversal\/zh\/#organization","name":"DATASLATITUDES","url":"https:\/\/www.dataslatitudes.com\/sosuniversal\/zh\/","logo":{"@type":"ImageObject","inLanguage":"zh-Hans","@id":"https:\/\/www.dataslatitudes.com\/sosuniversal\/zh\/#\/schema\/logo\/image\/","url":"https:\/\/www.dataslatitudes.com\/sosuniversal\/wp-content\/uploads\/2025\/07\/logo_mrdv.png","contentUrl":"https:\/\/www.dataslatitudes.com\/sosuniversal\/wp-content\/uploads\/2025\/07\/logo_mrdv.png","width":72,"height":72,"caption":"DATASLATITUDES"},"image":{"@id":"https:\/\/www.dataslatitudes.com\/sosuniversal\/zh\/#\/schema\/logo\/image\/"}}]}},"_links":{"self":[{"href":"https:\/\/www.dataslatitudes.com\/sosuniversal\/zh\/wp-json\/wp\/v2\/pages\/187","targetHints":{"allow":["GET"]}}],"collection":[{"href":"https:\/\/www.dataslatitudes.com\/sosuniversal\/zh\/wp-json\/wp\/v2\/pages"}],"about":[{"href":"https:\/\/www.dataslatitudes.com\/sosuniversal\/zh\/wp-json\/wp\/v2\/types\/page"}],"author":[{"embeddable":true,"href":"https:\/\/www.dataslatitudes.com\/sosuniversal\/zh\/wp-json\/wp\/v2\/users\/1"}],"replies":[{"embeddable":true,"href":"https:\/\/www.dataslatitudes.com\/sosuniversal\/zh\/wp-json\/wp\/v2\/comments?post=187"}],"version-history":[{"count":47,"href":"https:\/\/www.dataslatitudes.com\/sosuniversal\/zh\/wp-json\/wp\/v2\/pages\/187\/revisions"}],"predecessor-version":[{"id":1050,"href":"https:\/\/www.dataslatitudes.com\/sosuniversal\/zh\/wp-json\/wp\/v2\/pages\/187\/revisions\/1050"}],"up":[{"embeddable":true,"href":"https:\/\/www.dataslatitudes.com\/sosuniversal\/zh\/wp-json\/wp\/v2\/pages\/14"}],"wp:attachment":[{"href":"https:\/\/www.dataslatitudes.com\/sosuniversal\/zh\/wp-json\/wp\/v2\/media?parent=187"}],"curies":[{"name":"wp","href":"https:\/\/api.w.org\/{rel}","templated":true}]}}