{"id":185,"date":"2025-06-12T17:24:48","date_gmt":"2025-06-12T17:24:48","guid":{"rendered":"https:\/\/www.dataslatitudes.com\/sosuniversal\/index.php\/politique-de-confidentialite\/"},"modified":"2025-08-14T10:02:03","modified_gmt":"2025-08-14T10:02:03","slug":"mentions-legales","status":"publish","type":"page","link":"https:\/\/www.dataslatitudes.com\/sosuniversal\/zh\/mentions-legales\/","title":{"rendered":"\u6cd5\u5f8b\u8072\u660e"},"content":{"rendered":"\r\n<p class=\"has-small-font-size\"><\/p>\r\n\r\n\r\n\r\n<h1 class=\"wp-block-heading has-text-align-center has-medium-font-size\"><strong>\u6cd5\u5f8b\u8072\u660e<\/strong><\/h1>\r\n\r\n\r\n\r\n<h2 class=\"wp-block-heading has-background\" style=\"background-color:#f9f3eb;margin-top:var(--wp--preset--spacing--20);margin-bottom:var(--wp--preset--spacing--20);padding-top:var(--wp--preset--spacing--30);padding-bottom:var(--wp--preset--spacing--30);font-size:1.2rem\">1. \u61c9\u7528\u7a0b\u5f0f\u767c\u5e03\u8005\u8cc7\u8a0a<\/h2>\r\n\r\n\r\n\r\n<p style=\"margin-top:0;margin-bottom:0;font-size:1rem\">\u672c\u7db2\u7ad9\u548c SOS Universal \u884c\u52d5\u61c9\u7528\u7a0b\u5f0f\u7531 DATASLATITUDES \u516c\u53f8\u767c\u5e03\u3002<\/p>\r\n\r\n\r\n\r\n<p style=\"font-size:1rem\">\u60a8\u53ef\u4ee5\u900f\u904e\u96fb\u5b50\u90f5\u4ef6\u5c0b\u6c42\u5354\u52a9\uff1a <strong>hotline.sos_universal@dataslatitudes.com<\/strong><\/p>\r\n\r\n\r\n\r\n<h2 class=\"wp-block-heading has-background\" style=\"background-color:#f9f3eb;margin-top:var(--wp--preset--spacing--20);margin-bottom:var(--wp--preset--spacing--20);padding-top:var(--wp--preset--spacing--30);padding-bottom:var(--wp--preset--spacing--30);font-size:1.2rem\">2. \u8a17\u7ba1<\/h2>\r\n\r\n\r\n\r\n<p style=\"margin-top:0;margin-bottom:0\">SOS Universal \u662f\u4e00\u6b3e\u900f\u904e\u4e0b\u8f09\u5e73\u53f0\uff08Google Play \u5546\u5e97\u548c\u5373\u5c07\u63a8\u51fa\u7684 App Store\uff09\u767c\u5e03\u7684\u884c\u52d5\u61c9\u7528\u7a0b\u5f0f\u3002\u503c\u5f97\u6ce8\u610f\u7684\u662f\uff0c\u7528\u6236\u8cc7\u6599\u50c5\u672c\u5730\u5132\u5b58\u65bc\u5176\u81ea\u5df1\u7684\u88dd\u7f6e\u4e0a\u3002<\/p>\r\n\r\n\r\n\r\n<p style=\"margin-top:0;margin-bottom:0;padding-top:0;padding-bottom:0\">\u767c\u884c\u5e73\u53f0\u7684\u4f3a\u670d\u5668\u8ca0\u8cac\u8a17\u7ba1\u61c9\u7528\u7a0b\u5f0f\u7684\u5b89\u88dd\u6a94\u6848\u3002<\/p>\r\n\r\n\r\n\r\n<ul style=\"margin-top:0;margin-bottom:0\" class=\"wp-block-list\">\r\n<li style=\"margin-top:0;margin-bottom:0;padding-top:var(--wp--preset--spacing--20);padding-bottom:var(--wp--preset--spacing--20)\">\u884c\u52d5\u61c9\u7528\u7a0b\u5f0f\u4e3b\u6a5f\uff1a\r\n<ul class=\"wp-block-list\">\r\n<li style=\"margin-top:0;margin-bottom:0\"><strong>\u5c0d\u65bc Android\uff1a <\/strong>Google LLC, 1600 Amphitheatre Parkway, Mountain View, CA 94043, USA<\/li>\r\n\r\n\r\n\r\n<li><strong>\u5c0d\u65bc iOS\uff1a <\/strong>Apple Inc., One Apple Park Way, Cupertino, CA 95014, USA<\/li>\r\n<\/ul>\r\n<\/li>\r\n\r\n\r\n\r\n<li>\u672c\u7db2\u7ad9\u4e3b\u6a5f\uff1a <strong>AlwaysData<\/strong>, 91 Rue du Faubourg Saint-Honor\u00e9, 75008 Paris<\/li>\r\n<\/ul>\r\n\r\n\r\n\r\n<p class=\"has-small-font-size\"><\/p>\r\n\r\n\r\n\r\n<h2 class=\"wp-block-heading has-background\" style=\"background-color:#f9f3eb;margin-top:var(--wp--preset--spacing--20);margin-bottom:var(--wp--preset--spacing--20);padding-top:var(--wp--preset--spacing--30);padding-bottom:var(--wp--preset--spacing--30);font-size:1.2rem\">3. \u667a\u6167\u8ca1\u7522\u6b0a<\/h2>\r\n\r\n\r\n\r\n<p style=\"margin-top:0;margin-bottom:0\">\u672c\u7db2\u7ad9\u548cSOS Universal\u61c9\u7528\u7a0b\u5f0f\u7684\u5168\u90e8\u5167\u5bb9\uff0c\u5305\u62ec\u7d50\u69cb\u3001\u4ecb\u9762\u3001\u539f\u59cb\u78bc\u3001\u5716\u5f62\u8a2d\u8a08\u3001\u5716\u6a19\u3001\u6587\u5b57\u3001\u5716\u50cf\u548c\u6240\u6709\u5176\u4ed6\u5167\u5bb9\uff0c\u5747\u70ba\u767c\u5e03\u8005DATASLATITUDES\u7684\u5c08\u6709\u8ca1\u7522\u3002<\/p>\r\n\r\n\r\n\r\n<p style=\"margin-top:var(--wp--preset--spacing--30);margin-bottom:var(--wp--preset--spacing--30)\">\u56b4\u7981\u4ee5\u4efb\u4f55\u65b9\u5f0f\u3001\u5728\u4efb\u4f55\u5a92\u9ad4\u4e0a\uff0c\u5168\u90e8\u6216\u90e8\u5206\u5730\u8907\u88fd\u3001\u5448\u73fe\u3001\u4fee\u6539\u3001\u767c\u5e03\u3001\u50b3\u8f38\u6216\u626d\u66f2\u61c9\u7528\u7a0b\u5f0f\u6216\u5176\u5167\u5bb9\u6216\u7db2\u7ad9\u3002<\/p>\r\n\r\n\r\n\r\n<p>\u4efb\u4f55\u672a\u7d93\u6388\u6b0a\u4f7f\u7528\u7db2\u7ad9\u3001\u61c9\u7528\u7a0b\u5f0f\u6216\u5176\u4efb\u4f55\u7d44\u4ef6\u7684\u884c\u70ba\u5747\u8996\u70ba\u69cb\u6210\u4fb5\u6b0a\uff0c\u4e26\u5c07\u53d7\u5230\u5211\u4e8b\u8d77\u8a34\u3002<\/p>\r\n\r\n\r\n\r\n<h2 class=\"wp-block-heading has-background\" style=\"background-color:#f9f3eb;margin-top:var(--wp--preset--spacing--20);margin-bottom:var(--wp--preset--spacing--20);padding-top:var(--wp--preset--spacing--30);padding-bottom:var(--wp--preset--spacing--30);font-size:1.2rem\">4. \u5916\u90e8\u9023\u7d50<\/h2>\r\n\r\n\r\n\r\n<p style=\"margin-top:0;margin-bottom:0\">\u8be5\u5e94\u7528\u7a0b\u5e8f\u53ef\u80fd\u5305\u542b\u6307\u5411\u7b2c\u4e09\u65b9\u7f51\u7ad9\u6216\u670d\u52a1\u7684\u8d85\u94fe\u63a5\uff0c\u5c24\u5176\u662f GoogleMaps\uff08\u6216 OpenStreetMap\uff09\uff0c\u7528\u4e8e\u5730\u7406\u4f4d\u7f6e\u76ee\u7684\u3002\u51fa\u7248\u5546\u5bf9\u8fd9\u4e9b\u7b2c\u4e09\u65b9\u7f51\u7ad9\u7684\u5185\u5bb9\u6216\u5176\u5e94\u7528\u7684\u9690\u79c1\u505a\u6cd5\u4e0d\u627f\u62c5\u4efb\u4f55\u8d23\u4efb\u3002\u8bf7\u7528\u6237\u67e5\u9605\u8fd9\u4e9b\u7f51\u7ad9\u6216\u670d\u52a1\u7684\u4e00\u822c\u6761\u6b3e\u548c\u9690\u79c1\u653f\u7b56\u3002<\/p>\r\n\r\n\r\n\r\n<p class=\"has-small-font-size\"><\/p>\r\n\r\n\r\n\r\n<h2 class=\"wp-block-heading has-background\" style=\"background-color:#f9f3eb;margin-top:var(--wp--preset--spacing--20);margin-bottom:var(--wp--preset--spacing--20);padding-top:var(--wp--preset--spacing--30);padding-bottom:var(--wp--preset--spacing--30);font-size:1.2rem\">5. \u8cac\u4efb<\/h2>\r\n\r\n\r\n\r\n<p style=\"margin-top:0;margin-bottom:0\">\u767c\u5e03\u8005\u529b\u6c42\u78ba\u4fdd\u61c9\u7528\u7a0b\u5f0f\u8cc7\u8a0a\u548c\u529f\u80fd\u7684\u53ef\u9760\u6027\u548c\u6e96\u78ba\u6027\u3002\u7136\u800c\uff0c\u767c\u5e03\u8005\u7121\u6cd5\u4fdd\u8b49\u61c9\u7528\u7a0b\u5f0f\u6c92\u6709\u932f\u8aa4\u3001\u932f\u8aa4\u6216\u4e2d\u65b7\u3002<br><strong>\u91cd\u8981\u63d0\u793a\uff1a <\/strong>SOS Universal \u61c9\u7528\u7a0b\u5f0f\u50c5\u662f\u4e00\u500b\u8f14\u52a9\u5de5\u5177\u3002 <strong>\u5b83\u7d55\u4e0d\u80fd\u53d6\u4ee3\u5b98\u65b9\u7dca\u6025\u670d\u52d9\u3002 <\/strong>\u767c\u4f48\u8005\u4e0d\u5c0d\u61c9\u7528\u7a0b\u5f0f\u7684\u8aa4\u7528\u6216\u96fb\u4fe1\u670d\u52d9\uff08\u884c\u52d5\u7db2\u8def\u3001\u7c21\u8a0a\uff09\u7684\u6545\u969c\u8ca0\u8cac\uff0c\u9019\u4e9b\u670d\u52d9\u4e0d\u5728\u5176\u63a7\u5236\u7bc4\u570d\u5167\u3002<\/p>\r\n\r\n\r\n\r\n<p class=\"has-small-font-size\"><\/p>\r\n\r\n\r\n\r\n<h2 class=\"wp-block-heading has-background\" style=\"background-color:#f9f3eb;margin-top:var(--wp--preset--spacing--20);margin-bottom:var(--wp--preset--spacing--20);padding-top:var(--wp--preset--spacing--30);padding-bottom:var(--wp--preset--spacing--30);font-size:1.2rem\">6. \u7248\u6b0a\uff08\u9069\u7528\u65bc\u672c\u7db2\u7ad9\u548c SOS Universal \u61c9\u7528\u7a0b\u5f0f\uff09<\/h2>\r\n\r\n\r\n\r\n<ul style=\"margin-top:0;margin-bottom:0;padding-top:0;padding-bottom:0\" class=\"wp-block-list\">\r\n<li style=\"margin-top:0;margin-bottom:0;padding-top:0;padding-bottom:0\"><strong>\u7814\u7a76\u8207\u8a2d\u8a08\uff1a <\/strong>DATASLATITUDES<\/li>\r\n\r\n\r\n\r\n<li><strong>\u958b\u767c\uff1a <\/strong>DATASLATITUDES<\/li>\r\n<\/ul>\r\n\r\n\r\n\r\n<p class=\"has-medium-font-size\"><\/p>\r\n\r\n\r\n\r\n<p class=\"has-medium-font-size\"><\/p>\r\n","protected":false},"excerpt":{"rendered":"<p>\u6cd5\u5f8b\u8072\u660e 1. \u61c9\u7528\u7a0b\u5f0f\u767c\u5e03\u8005\u8cc7\u8a0a \u672c\u7db2 [&hellip;]<\/p>\n","protected":false},"author":1,"featured_media":0,"parent":0,"menu_order":5,"comment_status":"closed","ping_status":"closed","template":"","meta":{"site-sidebar-layout":"default","site-content-layout":"","ast-site-content-layout":"default","site-content-style":"default","site-sidebar-style":"default","ast-global-header-display":"","ast-banner-title-visibility":"","ast-main-header-display":"","ast-hfb-above-header-display":"","ast-hfb-below-header-display":"","ast-hfb-mobile-header-display":"","site-post-title":"disabled","ast-breadcrumbs-content":"","ast-featured-img":"","footer-sml-layout":"","theme-transparent-header-meta":"","adv-header-id-meta":"","stick-header-meta":"","header-above-stick-meta":"","header-main-stick-meta":"","header-below-stick-meta":"","astra-migrate-meta-layouts":"default","ast-page-background-enabled":"default","ast-page-background-meta":{"desktop":{"background-color":"var(--ast-global-color-5)","background-image":"","background-repeat":"repeat","background-position":"center center","background-size":"auto","background-attachment":"scroll","background-type":"","background-media":"","overlay-type":"","overlay-color":"","overlay-opacity":"","overlay-gradient":""},"tablet":{"background-color":"","background-image":"","background-repeat":"repeat","background-position":"center center","background-size":"auto","background-attachment":"scroll","background-type":"","background-media":"","overlay-type":"","overlay-color":"","overlay-opacity":"","overlay-gradient":""},"mobile":{"background-color":"","background-image":"","background-repeat":"repeat","background-position":"center center","background-size":"auto","background-attachment":"scroll","background-type":"","background-media":"","overlay-type":"","overlay-color":"","overlay-opacity":"","overlay-gradient":""}},"ast-content-background-meta":{"desktop":{"background-color":"var(--ast-global-color-4)","background-image":"","background-repeat":"repeat","background-position":"center center","background-size":"auto","background-attachment":"scroll","background-type":"","background-media":"","overlay-type":"","overlay-color":"","overlay-opacity":"","overlay-gradient":""},"tablet":{"background-color":"var(--ast-global-color-4)","background-image":"","background-repeat":"repeat","background-position":"center center","background-size":"auto","background-attachment":"scroll","background-type":"","background-media":"","overlay-type":"","overlay-color":"","overlay-opacity":"","overlay-gradient":""},"mobile":{"background-color":"var(--ast-global-color-4)","background-image":"","background-repeat":"repeat","background-position":"center center","background-size":"auto","background-attachment":"scroll","background-type":"","background-media":"","overlay-type":"","overlay-color":"","overlay-opacity":"","overlay-gradient":""}},"footnotes":""},"class_list":["post-185","page","type-page","status-publish","hentry"],"yoast_head":"<!-- This site is optimized with the Yoast SEO plugin v25.6 - https:\/\/yoast.com\/wordpress\/plugins\/seo\/ -->\n<title>\u6cd5\u5f8b\u8072\u660e<\/title>\n<meta name=\"description\" content=\"\u672c\u6cd5\u5f8b\u8072\u660e\u7e3d\u7d50\u4e86\u8207\u61c9\u7528\u7a0b\u5f0f\u767c\u5e03\u8005\u8cc7\u8a0a\u3001\u8a17\u7ba1\u3001\u667a\u6167\u8ca1\u7522\u6b0a\u3001\u5916\u90e8\u9023\u7d50\u3001\u8cac\u4efb\u4ee5\u53ca DATASLATITUDES\uff08\u91dd\u5c0d\u672c\u7db2\u7ad9\u548c SOS Universal \u61c9\u7528\u7a0b\u5f0f\uff09\u7684\u7248\u6b0a\u76f8\u95dc\u7684\u65b9\u9762\u3002\" \/>\n<meta name=\"robots\" content=\"index, follow, max-snippet:-1, max-image-preview:large, max-video-preview:-1\" \/>\n<link rel=\"canonical\" href=\"http:\/\/\u6cd5\u5f8b\u8072\u660e%201.%20\u61c9\u7528\u7a0b\u5f0f\u767c\u5e03\u8005\u8cc7\u8a0a%20\u672c\u7db2\u7ad9\u548c%20SOS%20Universal%20\u884c\u52d5\u61c9\u7528\u7a0b\u5f0f\u7531%20DATASLATIT&hellip;\" \/>\n<meta property=\"og:locale\" content=\"zh_CN\" \/>\n<meta property=\"og:type\" content=\"article\" \/>\n<meta property=\"og:title\" content=\"\u6cd5\u5f8b\u8072\u660e\" \/>\n<meta property=\"og:description\" content=\"\u672c\u6cd5\u5f8b\u8072\u660e\u7e3d\u7d50\u4e86\u8207\u61c9\u7528\u7a0b\u5f0f\u767c\u5e03\u8005\u8cc7\u8a0a\u3001\u8a17\u7ba1\u3001\u667a\u6167\u8ca1\u7522\u6b0a\u3001\u5916\u90e8\u9023\u7d50\u3001\u8cac\u4efb\u4ee5\u53ca DATASLATITUDES\uff08\u91dd\u5c0d\u672c\u7db2\u7ad9\u548c SOS Universal \u61c9\u7528\u7a0b\u5f0f\uff09\u7684\u7248\u6b0a\u76f8\u95dc\u7684\u65b9\u9762\u3002\" \/>\n<meta property=\"og:url\" content=\"https:\/\/www.dataslatitudes.com\/sosuniversal\/zh\/mentions-legales\/\" \/>\n<meta property=\"og:site_name\" content=\"SOS Universal\" \/>\n<meta property=\"article:modified_time\" content=\"2025-08-14T10:02:03+00:00\" \/>\n<meta name=\"twitter:card\" content=\"summary_large_image\" \/>\n<meta name=\"twitter:label1\" content=\"\u9884\u8ba1\u9605\u8bfb\u65f6\u95f4\" \/>\n\t<meta name=\"twitter:data1\" content=\"3 \u5206\" \/>\n<script type=\"application\/ld+json\" class=\"yoast-schema-graph\">{\"@context\":\"https:\/\/schema.org\",\"@graph\":[{\"@type\":\"WebPage\",\"@id\":\"https:\/\/www.dataslatitudes.com\/sosuniversal\/zh\/mentions-legales\/\",\"url\":\"https:\/\/www.dataslatitudes.com\/sosuniversal\/zh\/mentions-legales\/\",\"name\":\"Mentions l\u00e9gales - SOS Universal\",\"isPartOf\":{\"@id\":\"https:\/\/www.dataslatitudes.com\/sosuniversal\/#website\"},\"datePublished\":\"2025-06-12T17:24:48+00:00\",\"dateModified\":\"2025-08-14T10:02:03+00:00\",\"description\":\"Les pr\u00e9sentes mentions l\u00e9gales r\u00e9capitulent les aspects relatifs aux informations sur l\u2019\u00e9diteur de l\u2019application, l'h\u00e9bergement, la propri\u00e9t\u00e9 Intellectuelle, les liens externes, la responsabilit\u00e9 et les cr\u00e9dits de DATASLATITUDES (pour le pr\u00e9sent site Web et l\u2019application SOS Universal).\",\"breadcrumb\":{\"@id\":\"https:\/\/www.dataslatitudes.com\/sosuniversal\/zh\/mentions-legales\/#breadcrumb\"},\"inLanguage\":\"zh-Hans\",\"potentialAction\":[{\"@type\":\"ReadAction\",\"target\":[\"https:\/\/www.dataslatitudes.com\/sosuniversal\/zh\/mentions-legales\/\"]}]},{\"@type\":\"BreadcrumbList\",\"@id\":\"https:\/\/www.dataslatitudes.com\/sosuniversal\/zh\/mentions-legales\/#breadcrumb\",\"itemListElement\":[{\"@type\":\"ListItem\",\"position\":1,\"name\":\"\u4ecb\u7d39\",\"item\":\"https:\/\/www.dataslatitudes.com\/sosuniversal\/fr\/\"},{\"@type\":\"ListItem\",\"position\":2,\"name\":\"\u6cd5\u5f8b\u8072\u660e\"}]},{\"@type\":\"WebSite\",\"@id\":\"https:\/\/www.dataslatitudes.com\/sosuniversal\/zh\/#website\",\"url\":\"https:\/\/www.dataslatitudes.com\/sosuniversal\/zh\/\",\"name\":\"SOS Universal\",\"description\":\"\",\"publisher\":{\"@id\":\"https:\/\/www.dataslatitudes.com\/sosuniversal\/zh\/#organization\"},\"potentialAction\":[{\"@type\":\"SearchAction\",\"target\":{\"@type\":\"EntryPoint\",\"urlTemplate\":\"https:\/\/www.dataslatitudes.com\/sosuniversal\/zh\/?s={search_term_string}\"},\"query-input\":{\"@type\":\"PropertyValueSpecification\",\"valueRequired\":true,\"valueName\":\"search_term_string\"}}],\"inLanguage\":\"zh-Hans\"},{\"@type\":\"Organization\",\"@id\":\"https:\/\/www.dataslatitudes.com\/sosuniversal\/zh\/#organization\",\"name\":\"DATASLATITUDES\",\"url\":\"https:\/\/www.dataslatitudes.com\/sosuniversal\/zh\/\",\"logo\":{\"@type\":\"ImageObject\",\"inLanguage\":\"zh-Hans\",\"@id\":\"https:\/\/www.dataslatitudes.com\/sosuniversal\/zh\/#\/schema\/logo\/image\/\",\"url\":\"https:\/\/www.dataslatitudes.com\/sosuniversal\/wp-content\/uploads\/2025\/07\/logo_mrdv.png\",\"contentUrl\":\"https:\/\/www.dataslatitudes.com\/sosuniversal\/wp-content\/uploads\/2025\/07\/logo_mrdv.png\",\"width\":72,\"height\":72,\"caption\":\"DATASLATITUDES\"},\"image\":{\"@id\":\"https:\/\/www.dataslatitudes.com\/sosuniversal\/zh\/#\/schema\/logo\/image\/\"}}]}<\/script>\n<!-- \/ Yoast SEO plugin. -->","yoast_head_json":{"title":"\u6cd5\u5f8b\u8072\u660e","description":"\u672c\u6cd5\u5f8b\u8072\u660e\u7e3d\u7d50\u4e86\u8207\u61c9\u7528\u7a0b\u5f0f\u767c\u5e03\u8005\u8cc7\u8a0a\u3001\u8a17\u7ba1\u3001\u667a\u6167\u8ca1\u7522\u6b0a\u3001\u5916\u90e8\u9023\u7d50\u3001\u8cac\u4efb\u4ee5\u53ca DATASLATITUDES\uff08\u91dd\u5c0d\u672c\u7db2\u7ad9\u548c SOS Universal \u61c9\u7528\u7a0b\u5f0f\uff09\u7684\u7248\u6b0a\u76f8\u95dc\u7684\u65b9\u9762\u3002","robots":{"index":"index","follow":"follow","max-snippet":"max-snippet:-1","max-image-preview":"max-image-preview:large","max-video-preview":"max-video-preview:-1"},"canonical":"\u6cd5\u5f8b\u8072\u660e 1. \u61c9\u7528\u7a0b\u5f0f\u767c\u5e03\u8005\u8cc7\u8a0a \u672c\u7db2\u7ad9\u548c SOS Universal \u884c\u52d5\u61c9\u7528\u7a0b\u5f0f\u7531 DATASLATIT&hellip;","og_locale":"zh_CN","og_type":"article","og_title":"\u6cd5\u5f8b\u8072\u660e","og_description":"\u672c\u6cd5\u5f8b\u8072\u660e\u7e3d\u7d50\u4e86\u8207\u61c9\u7528\u7a0b\u5f0f\u767c\u5e03\u8005\u8cc7\u8a0a\u3001\u8a17\u7ba1\u3001\u667a\u6167\u8ca1\u7522\u6b0a\u3001\u5916\u90e8\u9023\u7d50\u3001\u8cac\u4efb\u4ee5\u53ca DATASLATITUDES\uff08\u91dd\u5c0d\u672c\u7db2\u7ad9\u548c SOS Universal \u61c9\u7528\u7a0b\u5f0f\uff09\u7684\u7248\u6b0a\u76f8\u95dc\u7684\u65b9\u9762\u3002","og_url":"https:\/\/www.dataslatitudes.com\/sosuniversal\/zh\/mentions-legales\/","og_site_name":"SOS Universal","article_modified_time":"2025-08-14T10:02:03+00:00","twitter_card":"summary_large_image","twitter_misc":{"\u9884\u8ba1\u9605\u8bfb\u65f6\u95f4":"3 \u5206"},"schema":{"@context":"https:\/\/schema.org","@graph":[{"@type":"WebPage","@id":"https:\/\/www.dataslatitudes.com\/sosuniversal\/zh\/mentions-legales\/","url":"https:\/\/www.dataslatitudes.com\/sosuniversal\/zh\/mentions-legales\/","name":"Mentions l\u00e9gales - SOS Universal","isPartOf":{"@id":"https:\/\/www.dataslatitudes.com\/sosuniversal\/#website"},"datePublished":"2025-06-12T17:24:48+00:00","dateModified":"2025-08-14T10:02:03+00:00","description":"Les pr\u00e9sentes mentions l\u00e9gales r\u00e9capitulent les aspects relatifs aux informations sur l\u2019\u00e9diteur de l\u2019application, l'h\u00e9bergement, la propri\u00e9t\u00e9 Intellectuelle, les liens externes, la responsabilit\u00e9 et les cr\u00e9dits de DATASLATITUDES (pour le pr\u00e9sent site Web et l\u2019application SOS Universal).","breadcrumb":{"@id":"https:\/\/www.dataslatitudes.com\/sosuniversal\/zh\/mentions-legales\/#breadcrumb"},"inLanguage":"zh-Hans","potentialAction":[{"@type":"ReadAction","target":["https:\/\/www.dataslatitudes.com\/sosuniversal\/zh\/mentions-legales\/"]}]},{"@type":"BreadcrumbList","@id":"https:\/\/www.dataslatitudes.com\/sosuniversal\/zh\/mentions-legales\/#breadcrumb","itemListElement":[{"@type":"ListItem","position":1,"name":"\u4ecb\u7d39","item":"https:\/\/www.dataslatitudes.com\/sosuniversal\/fr\/"},{"@type":"ListItem","position":2,"name":"\u6cd5\u5f8b\u8072\u660e"}]},{"@type":"WebSite","@id":"https:\/\/www.dataslatitudes.com\/sosuniversal\/zh\/#website","url":"https:\/\/www.dataslatitudes.com\/sosuniversal\/zh\/","name":"SOS Universal","description":"","publisher":{"@id":"https:\/\/www.dataslatitudes.com\/sosuniversal\/zh\/#organization"},"potentialAction":[{"@type":"SearchAction","target":{"@type":"EntryPoint","urlTemplate":"https:\/\/www.dataslatitudes.com\/sosuniversal\/zh\/?s={search_term_string}"},"query-input":{"@type":"PropertyValueSpecification","valueRequired":true,"valueName":"search_term_string"}}],"inLanguage":"zh-Hans"},{"@type":"Organization","@id":"https:\/\/www.dataslatitudes.com\/sosuniversal\/zh\/#organization","name":"DATASLATITUDES","url":"https:\/\/www.dataslatitudes.com\/sosuniversal\/zh\/","logo":{"@type":"ImageObject","inLanguage":"zh-Hans","@id":"https:\/\/www.dataslatitudes.com\/sosuniversal\/zh\/#\/schema\/logo\/image\/","url":"https:\/\/www.dataslatitudes.com\/sosuniversal\/wp-content\/uploads\/2025\/07\/logo_mrdv.png","contentUrl":"https:\/\/www.dataslatitudes.com\/sosuniversal\/wp-content\/uploads\/2025\/07\/logo_mrdv.png","width":72,"height":72,"caption":"DATASLATITUDES"},"image":{"@id":"https:\/\/www.dataslatitudes.com\/sosuniversal\/zh\/#\/schema\/logo\/image\/"}}]}},"_links":{"self":[{"href":"https:\/\/www.dataslatitudes.com\/sosuniversal\/zh\/wp-json\/wp\/v2\/pages\/185","targetHints":{"allow":["GET"]}}],"collection":[{"href":"https:\/\/www.dataslatitudes.com\/sosuniversal\/zh\/wp-json\/wp\/v2\/pages"}],"about":[{"href":"https:\/\/www.dataslatitudes.com\/sosuniversal\/zh\/wp-json\/wp\/v2\/types\/page"}],"author":[{"embeddable":true,"href":"https:\/\/www.dataslatitudes.com\/sosuniversal\/zh\/wp-json\/wp\/v2\/users\/1"}],"replies":[{"embeddable":true,"href":"https:\/\/www.dataslatitudes.com\/sosuniversal\/zh\/wp-json\/wp\/v2\/comments?post=185"}],"version-history":[{"count":29,"href":"https:\/\/www.dataslatitudes.com\/sosuniversal\/zh\/wp-json\/wp\/v2\/pages\/185\/revisions"}],"predecessor-version":[{"id":2930,"href":"https:\/\/www.dataslatitudes.com\/sosuniversal\/zh\/wp-json\/wp\/v2\/pages\/185\/revisions\/2930"}],"wp:attachment":[{"href":"https:\/\/www.dataslatitudes.com\/sosuniversal\/zh\/wp-json\/wp\/v2\/media?parent=185"}],"curies":[{"name":"wp","href":"https:\/\/api.w.org\/{rel}","templated":true}]}}