{"id":127,"date":"2025-06-12T03:29:21","date_gmt":"2025-06-12T03:29:21","guid":{"rendered":"https:\/\/www.dataslatitudes.com\/sosuniversal\/?page_id=127"},"modified":"2025-07-13T07:26:58","modified_gmt":"2025-07-13T07:26:58","slug":"cas-dutilisation","status":"publish","type":"page","link":"https:\/\/www.dataslatitudes.com\/sosuniversal\/zh\/cas-dutilisation\/","title":{"rendered":"\u4f7f\u7528\u6848\u4f8b"},"content":{"rendered":"\r\n<p class=\"has-small-font-size\"><\/p>\r\n\r\n\r\n\r\n<h1 class=\"wp-block-heading has-text-align-center has-medium-font-size\"><strong>\u4f7f\u7528\u6848\u4f8b<\/strong><\/h1>\r\n\r\n\r\n\r\n<p style=\"font-size:1rem\">\u4e00\u6b3e\u80fd\u767c\u9001\u6c42\u52a9\u8b66\u5831\u6216\u50c5\u50c5\u662f\u7576\u524d\u4f4d\u7f6e\u7684\u667a\u6167\u578b\u624b\u6a5f\u61c9\u7528\u7a0b\u5f0f\uff0c\u5728\u8a31\u591a\u60c5\u6cc1\u4e0b\u90fd\u53ef\u80fd\u81f3\u95dc\u91cd\u8981\uff0c\u5b83\u80fd\u8b93\u60a8\u5b89\u5fc3\uff0c\u4e26\u6709\u52a9\u65bc\u5feb\u901f\u7372\u5f97\u5354\u52a9\u3002\u4ee5\u4e0b\u662f\u4e00\u4e9b\u4f7f\u7528\u6848\u4f8b\u7bc4\u4f8b\uff0c\u6309\u985e\u5225\u5283\u5206\uff0c\u4ee5\u4fbf\u66f4\u597d\u5730\u7406\u89e3\u3002<\/p>\r\n\r\n\r\n\r\n<h2 class=\"wp-block-heading has-background\" style=\"background-color:#f9f3eb;margin-top:var(--wp--preset--spacing--30);margin-bottom:var(--wp--preset--spacing--30);padding-top:var(--wp--preset--spacing--20);padding-bottom:var(--wp--preset--spacing--20);font-size:1.2rem\">\u4eba\u8eab\u5b89\u5168\u8207\u7dca\u6025\u60c5\u6cc1<\/h2>\r\n\r\n\r\n\r\n<ul class=\"wp-block-list\">\r\n<li style=\"font-size:1rem\"><strong>\u91dd\u5c0d\u5973\u6027\u7684\u66b4\u529b\u3001\u6050\u540c\u548c\u6050\u8840\u6e05\u66b4\u529b\u3001\u7a2e\u65cf\u4e3b\u7fa9\u66b4\u529b\u3001\u4ec7\u5916\u66b4\u529b\u6216\u56e0\u5b97\u6559\u539f\u56e0\u7684\u66b4\u529b\u3001\u91dd\u5c0d\u6b98\u75be\u4eba\u7684\u66b4\u529b&nbsp;: <\/strong>\u5728\u906d\u53d7\u8eab\u9ad4\u6216\u8a00\u8a9e\u653b\u64ca\u6642\uff0c\u61c9\u7528\u7a0b\u5f0f\u5141\u8a31\u4e00\u9375\u5411\u4fe1\u4efb\u7684\u806f\u7d61\u4eba\u767c\u9001\u96b1\u853d\u8b66\u5831\uff0c\u4e26\u5206\u4eab\u5373\u6642GPS\u4f4d\u7f6e\u3002\u97f3\u8a0a\u9304\u97f3\u4e5f\u53ef\u4ee5\u8a2d\u5b9a\u70ba\u5728\u63d0\u4ea4\u6295\u8a34\u6642\u4f5c\u70ba\u8b49\u64da\u3002<\/li>\r\n\r\n\r\n\r\n<li style=\"font-size:1rem\"><strong>\u516c\u5171\u4ea4\u901a\u5de5\u5177\u4e0a\u4e0d\u7576\u884c\u70ba\u7684\u53d7\u5bb3\u8005\uff08\u4f8b\u5982\uff1a\u5730\u9435\u4e2d\u7684\u7325\u893b\u884c\u70ba\uff09\uff1a <\/strong>\u53d7\u5bb3\u8005\u53ef\u4ee5\u89f8\u767c\u9ad8\u5f37\u5ea6\u8072\u97f3\u8b66\u5831\uff08\u4f8b\u5982\u8b66\u7b1b\u6216\u4eba\u8072\u5c16\u53eb\uff09\u4ee5\u53ca\u9304\u97f3\u3002<\/li>\r\n\r\n\r\n\r\n<li style=\"font-size:1rem\"><strong>\u7acb\u5373\u8972\u64ca\u6216\u5a01\u8105\uff1a <\/strong>\u5728\u8eab\u9ad4\u653b\u64ca\u3001\u5f37\u59e6\u672a\u9042\u3001\u66b4\u529b\u6436\u52ab\u6216\u4efb\u4f55\u76f4\u63a5\u5a01\u8105\u7528\u6236\u8eab\u9ad4\u5b8c\u6574\u6027\u7684\u60c5\u6cc1\u4e0b\uff0c\u61c9\u7528\u7a0b\u5f0f\u5141\u8a31\u5411\u7dca\u6025\u806f\u7d61\u4eba\u767c\u9001\u96b1\u853d\u800c\u5feb\u901f\u7684\u8b66\u5831\u3002<\/li>\r\n\r\n\r\n\r\n<li style=\"font-size:1rem\"><strong>\u9a37\u64fe\u6216\u8ddf\u8e64\u60c5\u6cc1\uff1a <\/strong>\u61c9\u7528\u7a0b\u5f0f\u5141\u8a31\u5728\u88ab\u8ffd\u8e64\u6216\u9a37\u64fe\u6642\uff0c\u96b1\u853d\u5730\u63d0\u9192\u4fe1\u4efb\u7684\u806f\u7d61\u4eba\u6216\u7576\u5c40\uff0c\u4e26\u53ef\u9078\u64c7\u900f\u904e\u9304\u97f3\u8a18\u9304\u8b49\u64da\u3002<\/li>\r\n\r\n\r\n\r\n<li style=\"font-size:1rem\"><strong>\u5bb6\u5ead\u66b4\u529b\u53d7\u5bb3\u8005\uff1a <\/strong>\u5728\u5371\u96aa\u60c5\u6cc1\u4e0b\uff0c\u53ef\u4ee5\u64c1\u6709\u4e00\u500b\u96b1\u853d\u4e14\u5feb\u901f\u7684\u6c42\u52a9\u65b9\u5f0f\uff0c\u800c\u4e0d\u6703\u9a5a\u52d5\u653b\u64ca\u8005\u3002<\/li>\r\n<\/ul>\r\n\r\n\r\n\r\n<p style=\"font-size:1rem\">\u5728\u4e0a\u8ff0\u60c5\u6cc1\u4e0b\uff0c\u8b39\u614e\u8b66\u5831\u53ef\u4ee5\u8f14\u4ee5\u6216\u66ff\u63db\u70ba\u8072\u97f3\u5a01\u61fe\uff1a\u89f8\u767c\u9ad8\u5f37\u5ea6\u8b66\u5831\u5668\u6216\u6a21\u64ec\u4f86\u96fb\u4ee5\u88fd\u9020\u8f49\u79fb\u3002<\/p>\r\n\r\n\r\n\r\n<ul class=\"wp-block-list\">\r\n<li style=\"font-size:1rem\"><strong>\u91ab\u7642\u6025\u96e3\uff1a <\/strong>\u5c0d\u65bc\u60a3\u6709\u6162\u6027\u75be\u75c5\uff08\u5fc3\u81df\u75c5\u767c\u4f5c\u3001\u56b4\u91cd\u54ee\u5598\u767c\u4f5c\u3001\u7672\u7647\u3001\u56b4\u91cd\u904e\u654f\uff09\u6216\u767c\u751f\u4e8b\u6545\uff08\u8dcc\u5012\u3001\u53d7\u50b7\uff09\u7684\u4eba\uff0c\u8a72\u61c9\u7528\u7a0b\u5f0f\u53ef\u4ee5\u767c\u9001\u6c42\u52a9\u547c\u53eb\u3002<\/li>\r\n\r\n\r\n\r\n<li style=\"font-size:1rem\"><strong>\u5931\u8e64\u6216\u8ff7\u8def\uff1a <\/strong>\u7279\u5225\u9069\u7528\u65bc\u5152\u7ae5\u3001\u60a3\u6709\u8a8d\u77e5\u969c\u7919\u7684\u8001\u5e74\u4eba\u6216\u5f92\u6b65\u65c5\u884c\u8005\uff0c\u8a72\u61c9\u7528\u7a0b\u5f0f\u53ef\u5373\u6642\u767c\u9001 GPS \u4f4d\u7f6e\uff0c\u4fbf\u65bc\u641c\u5c0b\u3002<\/li>\r\n\r\n\r\n\r\n<li style=\"font-size:1rem\"><strong>\u4ea4\u901a\u4e8b\u6545\uff1a <\/strong>\u5728\u4e8b\u6545\u767c\u751f\u6642\uff0c\u61c9\u7528\u7a0b\u5f0f\u5141\u8a31\u767c\u9001\u5e36\u6709\u4f4d\u7f6e\u7684\u8b66\u5831\u3002<\/li>\r\n\r\n\r\n\r\n<li style=\"font-size:1rem\"><strong>\u81ea\u7136\u707d\u5bb3\uff1a <\/strong>\u5728\u5730\u9707\u3001\u6d2a\u6c34\u3001\u68ee\u6797\u706b\u707d\u6216\u5176\u4ed6\u707d\u96e3\u4e2d\uff0c\u61c9\u7528\u7a0b\u5f0f\u53ef\u7528\u65bc\u5831\u544a\u4f4d\u7f6e\u3001\u5c0b\u6c42\u5e6b\u52a9\u4e26\u544a\u77e5\u89aa\u53cb\u5b89\u5168\u3002<\/li>\r\n<\/ul>\r\n\r\n\r\n\r\n<h2 class=\"wp-block-heading has-background\" style=\"background-color:#f9f3eb;margin-top:var(--wp--preset--spacing--30);margin-bottom:var(--wp--preset--spacing--30);padding-top:var(--wp--preset--spacing--20);padding-bottom:var(--wp--preset--spacing--20);font-size:1.2rem\">\u65e5\u5e38\u751f\u6d3b\u8207\u5354\u52a9<\/h2>\r\n\r\n\r\n\r\n<ul class=\"wp-block-list\">\r\n<li style=\"font-size:1rem\"><strong>\u8001\u5e74\u4eba\u6216\u8eab\u5fc3\u969c\u7919\u4eba\u58eb\uff1a <\/strong>\u61c9\u7528\u7a0b\u5f0f\u53ef\u7528\u65bc\u89f8\u767c\u5354\u52a9\u8acb\u6c42\u3002<\/li>\r\n\r\n\r\n\r\n<li style=\"font-size:1rem\"><strong>\u5152\u7ae5\u548c\u9752\u5c11\u5e74\uff1a <\/strong>\u5c0d\u65bc\u95dc\u5fc3\u5b69\u5b50\u5b89\u5168\u7684\u7236\u6bcd\u4f86\u8aaa\uff0c\u8a72\u61c9\u7528\u7a0b\u5f0f\u53ef\u4ee5\u8b93\u5b69\u5b50\u5728\u5371\u96aa\u6642\u3001\u8ff7\u8def\u6642\u6216\u53d7\u5230\u9a37\u64fe\u6642\uff08\u5e36\u6709\u9304\u97f3\u8b49\u660e\uff09\u767c\u9001\u96b1\u853d\u8b66\u5831\u3002<br>\u4f8b\u5982\uff1a\u4e00\u500b\u5728\u6d3e\u5c0d\u4e0a\u611f\u5230\u4e0d\u8212\u670d\u3001\u53d7\u5230\u58d3\u529b\u6216\u9700\u8981\u88ab\u63a5\u8d70\u800c\u7121\u6cd5\u76f4\u63a5\u8868\u9054\u7684\u9752\u5c11\u5e74\uff0c\u53ef\u4ee5\u5411\u7236\u6bcd\u6216\u4fe1\u4efb\u7684\u6210\u5e74\u4eba\u767c\u9001\u96b1\u853d\u8b66\u5831\u3002<\/li>\r\n\r\n\r\n\r\n<li style=\"font-size:1rem\"><strong>\u6a5f\u68b0\u554f\u984c\u6216\u8eca\u8f1b\u6545\u969c\uff1a <\/strong>\u5728\u504f\u9060\u6216\u5371\u96aa\u9053\u8def\u4e0a\u767c\u751f\u6545\u969c\u6642\uff0c\u61c9\u7528\u7a0b\u5f0f\u5141\u8a31\u5411\u9053\u8def\u6551\u63f4\u670d\u52d9\u6216\u806f\u7d61\u4eba\u767c\u9001\u8b66\u5831\u4ee5\u5c0b\u6c42\u5e6b\u52a9\u3002<\/li>\r\n\r\n\r\n\r\n<li style=\"font-size:1rem\"><strong>\u793e\u6703\u5b64\u7acb\u6216\u611f\u89ba\u5371\u96aa\uff1a <\/strong>\u5728\u7279\u5b9a\u793e\u4ea4\u5834\u5408\uff08\u4f8b\u5982\uff0c\u8207\u964c\u751f\u4eba\u7d04\u6703\uff09\u4e2d\u611f\u5230\u8106\u5f31\u6216\u53d7\u5230\u5a01\u8105\u7684\u4eba\uff0c\u53ef\u4ee5\u4f7f\u7528\u8a72\u61c9\u7528\u7a0b\u5f0f\u96b1\u853d\u5730\u63d0\u9192\u670b\u53cb\u4e26\u5206\u4eab\u5176\u4f4d\u7f6e\u3002<\/li>\r\n\r\n\r\n\r\n<li style=\"font-size:1rem\"><strong>\u5fc3\u7406\u652f\u6301\uff1a <\/strong>\u5c0d\u65bc\u7126\u616e\u6216\u6050\u614c\u75c7\u767c\u4f5c\u7684\u4eba\uff0c\u8a72\u61c9\u7528\u7a0b\u5f0f\u53ef\u4ee5\u63d0\u9192\u4fe1\u4efb\u7684\u806f\u7d61\u4eba\uff0c\u4ee5\u4fbf\u7acb\u5373\u7372\u5f97\u652f\u63f4\u3002<\/li>\r\n<\/ul>\r\n\r\n\r\n\r\n<h2 class=\"wp-block-heading has-background\" style=\"background-color:#f9f3eb;margin-top:var(--wp--preset--spacing--30);margin-bottom:var(--wp--preset--spacing--30);padding-top:var(--wp--preset--spacing--20);padding-bottom:var(--wp--preset--spacing--20);font-size:1.2rem\">\u5de5\u4f5c\u548c\u8077\u696d\u72c0\u6cc1<\/h2>\r\n\r\n\r\n\r\n<ul class=\"wp-block-list\">\r\n<li style=\"font-size:1rem\"><strong>\u7368\u81ea\u5de5\u4f5c\u8005\uff1a <\/strong>\u5c0d\u65bc\u5728\u5371\u96aa\u74b0\u5883\u4e2d\u7368\u81ea\u5de5\u4f5c\u7684\u5c08\u696d\u4eba\u54e1\uff08\u4fdd\u5b89\u4eba\u54e1\u3001\u7dad\u4fee\u6280\u8853\u4eba\u54e1\u3001\u8a08\u7a0b\u8eca\u53f8\u6a5f\u3001\u8fb2\u6c11\u3001\u7261\u8823\u990a\u6b96\u8005\uff09\uff0c\u8a72\u61c9\u7528\u7a0b\u5f0f\u6709\u52a9\u65bc\u5728\u767c\u751f\u4e8b\u6545\u6216\u8972\u64ca\u6642\u63d0\u4f9b\u5feb\u901f\u5354\u52a9\u3002<\/li>\r\n\r\n\r\n\r\n<li style=\"font-size:1rem\"><strong>\u5065\u5eb7\u548c\u793e\u6703\u5c08\u696d\u4eba\u54e1\uff1a <\/strong>\u63a2\u8a2a\u9ad8\u98a8\u96aa\u60a3\u8005\u6216\u5ba2\u6236\u7684\u91ab\u751f\u3001\u8b77\u58eb\u3001\u793e\u5de5\u6216\u5bb6\u5ead\u8b77\u7406\u4eba\u54e1\u53ef\u4ee5\u4f7f\u7528\u8a72\u61c9\u7528\u7a0b\u5f0f\u5831\u544a\u5371\u96aa\u60c5\u6cc1\u6216\u5c0b\u6c42\u5e6b\u52a9\u3002<\/li>\r\n\r\n\r\n\r\n<li style=\"font-size:1rem\"><strong>\u591c\u73ed\u4eba\u54e1\uff1a <\/strong>\u5728\u504f\u9060\u5730\u5340\uff08\u52a0\u6cb9\u7ad9\u3001\u8d85\u5e02\u3001\u65c5\u9928\uff09\u591c\u9593\u5de5\u4f5c\u7684\u54e1\u5de5\u53ef\u4ee5\u6709\u8fa6\u6cd5\u5728\u767c\u751f\u76dc\u7aca\u6216\u8972\u64ca\u6642\u5feb\u901f\u5c0b\u6c42\u5e6b\u52a9\u3002<\/li>\r\n\r\n\r\n\r\n<li style=\"font-size:1rem\"><strong>\u8a18\u8005\u548c\u5371\u96aa\u5730\u5340\u8a18\u8005\uff1a <\/strong>\u80fd\u5920\u5831\u544a\u5371\u96aa\u60c5\u6cc1\u6216\u902e\u6355\uff0c\u900f\u904e\u96fb\u8a71\u6216\u7c21\u8a0a\u5c07\u4f4d\u7f6e\u548c\u60c5\u5883\u8cc7\u8a0a\u50b3\u8f38\u7d66\u7dca\u6025\u806f\u7d61\u4eba\u3002<\/li>\r\n<\/ul>\r\n\r\n\r\n\r\n<h2 class=\"wp-block-heading has-background\" style=\"background-color:#f9f3eb;margin-top:var(--wp--preset--spacing--30);margin-bottom:var(--wp--preset--spacing--30);padding-top:var(--wp--preset--spacing--20);padding-bottom:var(--wp--preset--spacing--20);font-size:1.2rem\">\u4f11\u9592\u8207\u6236\u5916\u6d3b\u52d5<\/h2>\r\n\r\n\r\n\r\n<ul class=\"wp-block-list\">\r\n<li style=\"font-size:1rem\"><strong>\u5f92\u6b65\u65c5\u884c\u548c\u767b\u5c71\uff1a <\/strong>\u5728\u8dcc\u5012\u3001\u53d7\u50b7\u3001\u8ff7\u5931\u65b9\u5411\u6216\u6975\u7aef\u5929\u6c23\u689d\u4ef6\u4e0b\uff0c\u61c9\u7528\u7a0b\u5f0f\u5141\u8a31\u5411\u6551\u63f4\u968a\u4f0d\u6216\u5bb6\u4eba\u767c\u9001\u5e36\u6709 GPS \u4f4d\u7f6e\u7684\u8b66\u5831\u3002<\/li>\r\n\r\n\r\n\r\n<li style=\"font-size:1rem\"><strong>\u6c34\u4e0a\u904b\u52d5\uff1a <\/strong>\u5c0d\u65bc\u904a\u8247\u611b\u597d\u8005\u7b49\uff0c\u8a72\u61c9\u7528\u7a0b\u5f0f\u53ef\u7528\u65bc\u5831\u544a\u554f\u984c\uff08\u7ffb\u8239\u3001\u5f15\u64ce\u6545\u969c\u3001\u53d7\u50b7\uff09\u4e26\u50b3\u8f38\u4f4d\u7f6e\u3002<\/li>\r\n\r\n\r\n\r\n<li style=\"font-size:1rem\"><strong>\u81ea\u884c\u8eca\u548c\u8dd1\u6b65\uff1a <\/strong>\u5728\u8dcc\u5012\u3001\u53d7\u50b7\u6216\u4e0d\u9069\u7684\u60c5\u6cc1\u4e0b\uff0c\u61c9\u7528\u7a0b\u5f0f\u5141\u8a31\u5411\u9810\u5148\u5b9a\u7fa9\u7684\u806f\u7d61\u4eba\u767c\u9001\u5e36\u6709\u4f4d\u7f6e\u7684\u8b66\u5831\u3002<\/li>\r\n\r\n\r\n\r\n<li style=\"font-size:1rem\"><strong>\u65c5\u884c\u8207\u89c0\u5149\uff1a <\/strong>\u65c5\u884c\u8005\uff0c\u7279\u5225\u662f\u63a2\u7d22\u672a\u77e5\u6216\u5371\u96aa\u5730\u5340\u7684\u65c5\u884c\u8005\uff0c\u53ef\u4ee5\u5728\u9047\u5230\u554f\u984c\uff08\u8972\u64ca\u3001\u75be\u75c5\u3001\u6587\u4ef6\u5931\u7aca\uff09\u6642\uff0c\u4f7f\u7528\u61c9\u7528\u7a0b\u5f0f\u63d0\u9192\u89aa\u53cb\u6216\u9818\u4e8b\u670d\u52d9\u6a5f\u69cb\u3002<\/li>\r\n<\/ul>\r\n\r\n\r\n\r\n<p style=\"font-size:1rem\">\u5728\u4e0a\u8ff0\u60c5\u6cc1\u4e0b\uff0c\u70ba\u4e86\u4f8b\u5982\u901a\u77e5\u60a8\u7684\u5c08\u696d\u6216\u5bb6\u5ead\u74b0\u5883\uff0c\u8b66\u5831\u4e5f\u53ef\u4ee5\u50c5\u9650\u65bc\u901a\u904e\u7c21\u8a0a\u767c\u9001\u7576\u524d\u5730\u7406\u4f4d\u7f6e\u3002\u4f8b\u5982\uff1a\u5728\u91cd\u8907\u6a21\u5f0f\u4e0b\uff0c\u6301\u7e8c5\u5c0f\u6642\uff0c\u6bcf15\u5206\u9418\uff0c\u6211\u767c\u9001\u4e00\u689d\u50c5\u5305\u542b\u6211\u7684\u4f4d\u7f6e\u7684\u7c21\u8a0a\u3002<\/p>\r\n\r\n\r\n\r\n<p class=\"has-small-font-size\" style=\"margin-top:var(--wp--preset--spacing--30);margin-bottom:var(--wp--preset--spacing--30)\"><\/p>\r\n","protected":false},"excerpt":{"rendered":"<p>\u4f7f\u7528\u6848\u4f8b \u4e00\u6b3e\u80fd\u767c\u9001\u6c42\u52a9\u8b66\u5831\u6216\u50c5\u50c5\u662f\u7576\u524d [&hellip;]<\/p>\n","protected":false},"author":1,"featured_media":0,"parent":0,"menu_order":1,"comment_status":"closed","ping_status":"closed","template":"","meta":{"site-sidebar-layout":"default","site-content-layout":"","ast-site-content-layout":"","site-content-style":"default","site-sidebar-style":"default","ast-global-header-display":"","ast-banner-title-visibility":"","ast-main-header-display":"","ast-hfb-above-header-display":"","ast-hfb-below-header-display":"","ast-hfb-mobile-header-display":"","site-post-title":"disabled","ast-breadcrumbs-content":"","ast-featured-img":"","footer-sml-layout":"","theme-transparent-header-meta":"","adv-header-id-meta":"","stick-header-meta":"","header-above-stick-meta":"","header-main-stick-meta":"","header-below-stick-meta":"","astra-migrate-meta-layouts":"default","ast-page-background-enabled":"default","ast-page-background-meta":{"desktop":{"background-color":"var(--ast-global-color-5)","background-image":"","background-repeat":"repeat","background-position":"center center","background-size":"auto","background-attachment":"scroll","background-type":"","background-media":"","overlay-type":"","overlay-color":"","overlay-opacity":"","overlay-gradient":""},"tablet":{"background-color":"","background-image":"","background-repeat":"repeat","background-position":"center center","background-size":"auto","background-attachment":"scroll","background-type":"","background-media":"","overlay-type":"","overlay-color":"","overlay-opacity":"","overlay-gradient":""},"mobile":{"background-color":"","background-image":"","background-repeat":"repeat","background-position":"center center","background-size":"auto","background-attachment":"scroll","background-type":"","background-media":"","overlay-type":"","overlay-color":"","overlay-opacity":"","overlay-gradient":""}},"ast-content-background-meta":{"desktop":{"background-color":"var(--ast-global-color-4)","background-image":"","background-repeat":"repeat","background-position":"center center","background-size":"auto","background-attachment":"scroll","background-type":"","background-media":"","overlay-type":"","overlay-color":"","overlay-opacity":"","overlay-gradient":""},"tablet":{"background-color":"var(--ast-global-color-4)","background-image":"","background-repeat":"repeat","background-position":"center center","background-size":"auto","background-attachment":"scroll","background-type":"","background-media":"","overlay-type":"","overlay-color":"","overlay-opacity":"","overlay-gradient":""},"mobile":{"background-color":"var(--ast-global-color-4)","background-image":"","background-repeat":"repeat","background-position":"center center","background-size":"auto","background-attachment":"scroll","background-type":"","background-media":"","overlay-type":"","overlay-color":"","overlay-opacity":"","overlay-gradient":""}},"footnotes":""},"class_list":["post-127","page","type-page","status-publish","hentry"],"yoast_head":"<!-- This site is optimized with the Yoast SEO plugin v25.6 - https:\/\/yoast.com\/wordpress\/plugins\/seo\/ -->\n<title>\u4f7f\u7528\u6848\u4f8b<\/title>\n<meta name=\"description\" content=\"\u4e00\u6b3e\u80fd\u767c\u9001\u6c42\u52a9\u8b66\u5831\u6216\u50c5\u50c5\u662f\u7576\u524d\u4f4d\u7f6e\u7684\u667a\u6167\u578b\u624b\u6a5f\u61c9\u7528\u7a0b\u5f0f\uff0c\u5728\u8a31\u591a\u60c5\u6cc1\u4e0b\u90fd\u53ef\u80fd\u81f3\u95dc\u91cd\u8981\uff0c\u5b83\u80fd\u8b93\u60a8\u5b89\u5fc3\uff0c\u4e26\u6709\u52a9\u65bc\u5feb\u901f\u7372\u5f97\u5354\u52a9\u3002\u7bc4\u4f8b\uff1a\u4eba\u8eab\u5b89\u5168\u8207\u7dca\u6025\u60c5\u6cc1\u3001\u65e5\u5e38\u751f\u6d3b\u8207\u5354\u52a9\u3001\u5de5\u4f5c\u8207\u8077\u696d\u60c5\u6cc1\u4ee5\u53ca\u4f11\u9592\u8207\u6236\u5916\u6d3b\u52d5\u3002\" \/>\n<meta name=\"robots\" content=\"index, follow, max-snippet:-1, max-image-preview:large, max-video-preview:-1\" \/>\n<link rel=\"canonical\" href=\"http:\/\/\u4f7f\u7528\u6848\u4f8b%20\u4e00\u6b3e\u80fd\u767c\u9001\u6c42\u52a9\u8b66\u5831\u6216\u50c5\u50c5\u662f\u7576\u524d\u4f4d\u7f6e\u7684\u667a\u6167\u578b\u624b\u6a5f\u61c9\u7528\u7a0b\u5f0f\uff0c\u5728\u8a31\u591a\u60c5\u6cc1\u4e0b\u90fd\u53ef\u80fd\u81f3\u95dc\u91cd\u8981\uff0c\u5b83\u80fd\u8b93\u60a8\u5b89\u5fc3\uff0c\u4e26&hellip;\" \/>\n<meta property=\"og:locale\" content=\"zh_CN\" \/>\n<meta property=\"og:type\" content=\"article\" \/>\n<meta property=\"og:title\" content=\"\u4f7f\u7528\u6848\u4f8b\" \/>\n<meta property=\"og:description\" content=\"\u4e00\u6b3e\u80fd\u767c\u9001\u6c42\u52a9\u8b66\u5831\u6216\u50c5\u50c5\u662f\u7576\u524d\u4f4d\u7f6e\u7684\u667a\u6167\u578b\u624b\u6a5f\u61c9\u7528\u7a0b\u5f0f\uff0c\u5728\u8a31\u591a\u60c5\u6cc1\u4e0b\u90fd\u53ef\u80fd\u81f3\u95dc\u91cd\u8981\uff0c\u5b83\u80fd\u8b93\u60a8\u5b89\u5fc3\uff0c\u4e26\u6709\u52a9\u65bc\u5feb\u901f\u7372\u5f97\u5354\u52a9\u3002\u7bc4\u4f8b\uff1a\u4eba\u8eab\u5b89\u5168\u8207\u7dca\u6025\u60c5\u6cc1\u3001\u65e5\u5e38\u751f\u6d3b\u8207\u5354\u52a9\u3001\u5de5\u4f5c\u8207\u8077\u696d\u60c5\u6cc1\u4ee5\u53ca\u4f11\u9592\u8207\u6236\u5916\u6d3b\u52d5\u3002\" \/>\n<meta property=\"og:url\" content=\"https:\/\/www.dataslatitudes.com\/sosuniversal\/zh\/cas-dutilisation\/\" \/>\n<meta property=\"og:site_name\" content=\"SOS Universal\" \/>\n<meta property=\"article:modified_time\" content=\"2025-07-13T07:26:58+00:00\" \/>\n<meta name=\"twitter:card\" content=\"summary_large_image\" \/>\n<meta name=\"twitter:label1\" content=\"\u9884\u8ba1\u9605\u8bfb\u65f6\u95f4\" \/>\n\t<meta name=\"twitter:data1\" content=\"5 \u5206\" \/>\n<script type=\"application\/ld+json\" class=\"yoast-schema-graph\">{\"@context\":\"https:\/\/schema.org\",\"@graph\":[{\"@type\":\"WebPage\",\"@id\":\"https:\/\/www.dataslatitudes.com\/sosuniversal\/zh\/cas-dutilisation\/\",\"url\":\"https:\/\/www.dataslatitudes.com\/sosuniversal\/zh\/cas-dutilisation\/\",\"name\":\"Cas d'utilisation - SOS Universal\",\"isPartOf\":{\"@id\":\"https:\/\/www.dataslatitudes.com\/sosuniversal\/#website\"},\"datePublished\":\"2025-06-12T03:29:21+00:00\",\"dateModified\":\"2025-07-13T07:26:58+00:00\",\"description\":\"Une application pour smartphone permettant d\u2019envoyer des alertes, des appels \u00e0 l\u2019aide ou tout simplement sa localisation courante peut s\u2019av\u00e9rer cruciale dans de nombreuses situations, offrant une tranquillit\u00e9 d\u2019esprit et contribuant \u00e0 un acc\u00e8s rapide \u00e0 l\u2019assistance. Exemples : s\u00e9curit\u00e9 personnelle et situations d\u2019urgence, vie quotidienne et assistance, travail et situations professionnelles ainsi que loisirs et activit\u00e9s en ext\u00e9rieur.\",\"breadcrumb\":{\"@id\":\"https:\/\/www.dataslatitudes.com\/sosuniversal\/zh\/cas-dutilisation\/#breadcrumb\"},\"inLanguage\":\"zh-Hans\",\"potentialAction\":[{\"@type\":\"ReadAction\",\"target\":[\"https:\/\/www.dataslatitudes.com\/sosuniversal\/zh\/cas-dutilisation\/\"]}]},{\"@type\":\"BreadcrumbList\",\"@id\":\"https:\/\/www.dataslatitudes.com\/sosuniversal\/zh\/cas-dutilisation\/#breadcrumb\",\"itemListElement\":[{\"@type\":\"ListItem\",\"position\":1,\"name\":\"\u4ecb\u7d39\",\"item\":\"https:\/\/www.dataslatitudes.com\/sosuniversal\/fr\/\"},{\"@type\":\"ListItem\",\"position\":2,\"name\":\"\u4f7f\u7528\u6848\u4f8b\"}]},{\"@type\":\"WebSite\",\"@id\":\"https:\/\/www.dataslatitudes.com\/sosuniversal\/zh\/#website\",\"url\":\"https:\/\/www.dataslatitudes.com\/sosuniversal\/zh\/\",\"name\":\"SOS Universal\",\"description\":\"\",\"publisher\":{\"@id\":\"https:\/\/www.dataslatitudes.com\/sosuniversal\/zh\/#organization\"},\"potentialAction\":[{\"@type\":\"SearchAction\",\"target\":{\"@type\":\"EntryPoint\",\"urlTemplate\":\"https:\/\/www.dataslatitudes.com\/sosuniversal\/zh\/?s={search_term_string}\"},\"query-input\":{\"@type\":\"PropertyValueSpecification\",\"valueRequired\":true,\"valueName\":\"search_term_string\"}}],\"inLanguage\":\"zh-Hans\"},{\"@type\":\"Organization\",\"@id\":\"https:\/\/www.dataslatitudes.com\/sosuniversal\/zh\/#organization\",\"name\":\"DATASLATITUDES\",\"url\":\"https:\/\/www.dataslatitudes.com\/sosuniversal\/zh\/\",\"logo\":{\"@type\":\"ImageObject\",\"inLanguage\":\"zh-Hans\",\"@id\":\"https:\/\/www.dataslatitudes.com\/sosuniversal\/zh\/#\/schema\/logo\/image\/\",\"url\":\"https:\/\/www.dataslatitudes.com\/sosuniversal\/wp-content\/uploads\/2025\/07\/logo_mrdv.png\",\"contentUrl\":\"https:\/\/www.dataslatitudes.com\/sosuniversal\/wp-content\/uploads\/2025\/07\/logo_mrdv.png\",\"width\":72,\"height\":72,\"caption\":\"DATASLATITUDES\"},\"image\":{\"@id\":\"https:\/\/www.dataslatitudes.com\/sosuniversal\/zh\/#\/schema\/logo\/image\/\"}}]}<\/script>\n<!-- \/ Yoast SEO plugin. -->","yoast_head_json":{"title":"\u4f7f\u7528\u6848\u4f8b","description":"\u4e00\u6b3e\u80fd\u767c\u9001\u6c42\u52a9\u8b66\u5831\u6216\u50c5\u50c5\u662f\u7576\u524d\u4f4d\u7f6e\u7684\u667a\u6167\u578b\u624b\u6a5f\u61c9\u7528\u7a0b\u5f0f\uff0c\u5728\u8a31\u591a\u60c5\u6cc1\u4e0b\u90fd\u53ef\u80fd\u81f3\u95dc\u91cd\u8981\uff0c\u5b83\u80fd\u8b93\u60a8\u5b89\u5fc3\uff0c\u4e26\u6709\u52a9\u65bc\u5feb\u901f\u7372\u5f97\u5354\u52a9\u3002\u7bc4\u4f8b\uff1a\u4eba\u8eab\u5b89\u5168\u8207\u7dca\u6025\u60c5\u6cc1\u3001\u65e5\u5e38\u751f\u6d3b\u8207\u5354\u52a9\u3001\u5de5\u4f5c\u8207\u8077\u696d\u60c5\u6cc1\u4ee5\u53ca\u4f11\u9592\u8207\u6236\u5916\u6d3b\u52d5\u3002","robots":{"index":"index","follow":"follow","max-snippet":"max-snippet:-1","max-image-preview":"max-image-preview:large","max-video-preview":"max-video-preview:-1"},"canonical":"\u4f7f\u7528\u6848\u4f8b \u4e00\u6b3e\u80fd\u767c\u9001\u6c42\u52a9\u8b66\u5831\u6216\u50c5\u50c5\u662f\u7576\u524d\u4f4d\u7f6e\u7684\u667a\u6167\u578b\u624b\u6a5f\u61c9\u7528\u7a0b\u5f0f\uff0c\u5728\u8a31\u591a\u60c5\u6cc1\u4e0b\u90fd\u53ef\u80fd\u81f3\u95dc\u91cd\u8981\uff0c\u5b83\u80fd\u8b93\u60a8\u5b89\u5fc3\uff0c\u4e26&hellip;","og_locale":"zh_CN","og_type":"article","og_title":"\u4f7f\u7528\u6848\u4f8b","og_description":"\u4e00\u6b3e\u80fd\u767c\u9001\u6c42\u52a9\u8b66\u5831\u6216\u50c5\u50c5\u662f\u7576\u524d\u4f4d\u7f6e\u7684\u667a\u6167\u578b\u624b\u6a5f\u61c9\u7528\u7a0b\u5f0f\uff0c\u5728\u8a31\u591a\u60c5\u6cc1\u4e0b\u90fd\u53ef\u80fd\u81f3\u95dc\u91cd\u8981\uff0c\u5b83\u80fd\u8b93\u60a8\u5b89\u5fc3\uff0c\u4e26\u6709\u52a9\u65bc\u5feb\u901f\u7372\u5f97\u5354\u52a9\u3002\u7bc4\u4f8b\uff1a\u4eba\u8eab\u5b89\u5168\u8207\u7dca\u6025\u60c5\u6cc1\u3001\u65e5\u5e38\u751f\u6d3b\u8207\u5354\u52a9\u3001\u5de5\u4f5c\u8207\u8077\u696d\u60c5\u6cc1\u4ee5\u53ca\u4f11\u9592\u8207\u6236\u5916\u6d3b\u52d5\u3002","og_url":"https:\/\/www.dataslatitudes.com\/sosuniversal\/zh\/cas-dutilisation\/","og_site_name":"SOS Universal","article_modified_time":"2025-07-13T07:26:58+00:00","twitter_card":"summary_large_image","twitter_misc":{"\u9884\u8ba1\u9605\u8bfb\u65f6\u95f4":"5 \u5206"},"schema":{"@context":"https:\/\/schema.org","@graph":[{"@type":"WebPage","@id":"https:\/\/www.dataslatitudes.com\/sosuniversal\/zh\/cas-dutilisation\/","url":"https:\/\/www.dataslatitudes.com\/sosuniversal\/zh\/cas-dutilisation\/","name":"Cas d'utilisation - SOS Universal","isPartOf":{"@id":"https:\/\/www.dataslatitudes.com\/sosuniversal\/#website"},"datePublished":"2025-06-12T03:29:21+00:00","dateModified":"2025-07-13T07:26:58+00:00","description":"Une application pour smartphone permettant d\u2019envoyer des alertes, des appels \u00e0 l\u2019aide ou tout simplement sa localisation courante peut s\u2019av\u00e9rer cruciale dans de nombreuses situations, offrant une tranquillit\u00e9 d\u2019esprit et contribuant \u00e0 un acc\u00e8s rapide \u00e0 l\u2019assistance. Exemples : s\u00e9curit\u00e9 personnelle et situations d\u2019urgence, vie quotidienne et assistance, travail et situations professionnelles ainsi que loisirs et activit\u00e9s en ext\u00e9rieur.","breadcrumb":{"@id":"https:\/\/www.dataslatitudes.com\/sosuniversal\/zh\/cas-dutilisation\/#breadcrumb"},"inLanguage":"zh-Hans","potentialAction":[{"@type":"ReadAction","target":["https:\/\/www.dataslatitudes.com\/sosuniversal\/zh\/cas-dutilisation\/"]}]},{"@type":"BreadcrumbList","@id":"https:\/\/www.dataslatitudes.com\/sosuniversal\/zh\/cas-dutilisation\/#breadcrumb","itemListElement":[{"@type":"ListItem","position":1,"name":"\u4ecb\u7d39","item":"https:\/\/www.dataslatitudes.com\/sosuniversal\/fr\/"},{"@type":"ListItem","position":2,"name":"\u4f7f\u7528\u6848\u4f8b"}]},{"@type":"WebSite","@id":"https:\/\/www.dataslatitudes.com\/sosuniversal\/zh\/#website","url":"https:\/\/www.dataslatitudes.com\/sosuniversal\/zh\/","name":"SOS Universal","description":"","publisher":{"@id":"https:\/\/www.dataslatitudes.com\/sosuniversal\/zh\/#organization"},"potentialAction":[{"@type":"SearchAction","target":{"@type":"EntryPoint","urlTemplate":"https:\/\/www.dataslatitudes.com\/sosuniversal\/zh\/?s={search_term_string}"},"query-input":{"@type":"PropertyValueSpecification","valueRequired":true,"valueName":"search_term_string"}}],"inLanguage":"zh-Hans"},{"@type":"Organization","@id":"https:\/\/www.dataslatitudes.com\/sosuniversal\/zh\/#organization","name":"DATASLATITUDES","url":"https:\/\/www.dataslatitudes.com\/sosuniversal\/zh\/","logo":{"@type":"ImageObject","inLanguage":"zh-Hans","@id":"https:\/\/www.dataslatitudes.com\/sosuniversal\/zh\/#\/schema\/logo\/image\/","url":"https:\/\/www.dataslatitudes.com\/sosuniversal\/wp-content\/uploads\/2025\/07\/logo_mrdv.png","contentUrl":"https:\/\/www.dataslatitudes.com\/sosuniversal\/wp-content\/uploads\/2025\/07\/logo_mrdv.png","width":72,"height":72,"caption":"DATASLATITUDES"},"image":{"@id":"https:\/\/www.dataslatitudes.com\/sosuniversal\/zh\/#\/schema\/logo\/image\/"}}]}},"_links":{"self":[{"href":"https:\/\/www.dataslatitudes.com\/sosuniversal\/zh\/wp-json\/wp\/v2\/pages\/127","targetHints":{"allow":["GET"]}}],"collection":[{"href":"https:\/\/www.dataslatitudes.com\/sosuniversal\/zh\/wp-json\/wp\/v2\/pages"}],"about":[{"href":"https:\/\/www.dataslatitudes.com\/sosuniversal\/zh\/wp-json\/wp\/v2\/types\/page"}],"author":[{"embeddable":true,"href":"https:\/\/www.dataslatitudes.com\/sosuniversal\/zh\/wp-json\/wp\/v2\/users\/1"}],"replies":[{"embeddable":true,"href":"https:\/\/www.dataslatitudes.com\/sosuniversal\/zh\/wp-json\/wp\/v2\/comments?post=127"}],"version-history":[{"count":34,"href":"https:\/\/www.dataslatitudes.com\/sosuniversal\/zh\/wp-json\/wp\/v2\/pages\/127\/revisions"}],"predecessor-version":[{"id":868,"href":"https:\/\/www.dataslatitudes.com\/sosuniversal\/zh\/wp-json\/wp\/v2\/pages\/127\/revisions\/868"}],"wp:attachment":[{"href":"https:\/\/www.dataslatitudes.com\/sosuniversal\/zh\/wp-json\/wp\/v2\/media?parent=127"}],"curies":[{"name":"wp","href":"https:\/\/api.w.org\/{rel}","templated":true}]}}