{"id":250,"date":"2025-06-13T07:11:06","date_gmt":"2025-06-13T07:11:06","guid":{"rendered":"https:\/\/www.dataslatitudes.com\/sosuniversal\/index.php\/mode-emploi\/mode-demploi-enregistrements\/"},"modified":"2025-07-22T17:01:26","modified_gmt":"2025-07-22T17:01:26","slug":"mode-emploi-outils-supplementaire","status":"publish","type":"page","link":"https:\/\/www.dataslatitudes.com\/sosuniversal\/vi\/ecran-principal\/mode-emploi-outils-supplementaire\/","title":{"rendered":"C\u00f4ng c\u1ee5 b\u1ed5 sung"},"content":{"rendered":"\r\n<p class=\"has-small-font-size\"><\/p>\r\n\r\n\r\n\r\n<h1 class=\"wp-block-heading has-text-align-center has-medium-font-size\" style=\"margin-top:var(--wp--preset--spacing--20);margin-bottom:var(--wp--preset--spacing--20)\"><strong>C\u00d4NG C\u1ee4 B\u1ed4 SUNG<\/strong><\/h1>\r\n\r\n\r\n\r\n<p class=\"has-text-align-center\" style=\"font-size:1.2rem\">N\u0103m c\u00f4ng c\u1ee5 b\u1ed5 sung \u0111\u01b0\u1ee3c cung c\u1ea5p b\u1edfi SOS Universal:<\/p>\r\n\r\n\r\n\r\n<figure class=\"wp-block-image aligncenter size-full is-resized\"><img decoding=\"async\" src=\"http:\/\/www.dataslatitudes.com\/sosuniversal\/wp-content\/uploads\/vi_ecran_principal_partie_basse_puce_recadre.webp\" alt=\"Ph\u1ea7n d\u01b0\u1edbi c\u1ee7a m\u00e0n h\u00ecnh ch\u00ednh\" class=\"wp-image-421\" style=\"width:273px\"\/><\/figure>\r\n\r\n\r\n\r\n<div class=\"wp-block-columns is-layout-flex wp-container-core-columns-is-layout-d2a8f814 wp-block-columns-is-layout-flex\" style=\"padding-top:0;padding-bottom:0\">\r\n<div class=\"wp-block-column is-layout-flow wp-block-column-is-layout-flow\">\r\n<h2 class=\"wp-block-heading has-text-align-center\" style=\"margin-top:var(--wp--preset--spacing--20);margin-bottom:var(--wp--preset--spacing--20);font-size:1.2rem\">(1) Kh\u00f3a \u1ee9ng d\u1ee5ng<\/h2>\r\n\r\n\r\n\r\n<figure class=\"wp-block-image aligncenter size-large is-resized\" style=\"margin-top:0;margin-bottom:0\"><img decoding=\"async\" src=\"http:\/\/www.dataslatitudes.com\/sosuniversal\/wp-content\/uploads\/vi_verrouillage-459x1024.webp\" alt=\"SOS Universal - kh\u00f3a \u1ee9ng d\u1ee5ng\" class=\"wp-image-426\" style=\"width:273px\"\/><\/figure>\r\n\r\n\r\n\r\n<p style=\"margin-right:var(--wp--preset--spacing--50);margin-left:var(--wp--preset--spacing--50);font-size:1rem\">\u0110\u1ec3 tr\u00e1nh l\u1ed7i thao t\u00e1c b\u1edfi nh\u1eefng ng\u01b0\u1eddi d\u1ec5 b\u1ecb t\u1ed5n th\u01b0\u01a1ng, SOS Universal c\u00f3 th\u1ec3 \u0111\u01b0\u1ee3c c\u1ea5u h\u00ecnh b\u1edfi b\u00ean th\u1ee9 ba \u0111\u00e1ng tin c\u1eady v\u00e0 sau \u0111\u00f3 \u0111\u01b0\u1ee3c kh\u00f3a: trong tr\u01b0\u1eddng h\u1ee3p n\u00e0y, ch\u1ec9 c\u00f3 n\u00fat k\u00edch ho\u1ea1t b\u00e1o \u0111\u1ed9ng ch\u00ednh \u0111\u01b0\u1ee3c s\u1eed d\u1ee5ng (c\u0169ng nh\u01b0 n\u00fat h\u1ee7y b\u00e1o \u0111\u1ed9ng). Vi\u1ec7c m\u1edf kh\u00f3a \u0111\u01b0\u1ee3c th\u1ef1c hi\u1ec7n r\u1ea5t \u0111\u01a1n gi\u1ea3n (m\u00e3 l\u00e0 0000).<\/p>\r\n\r\n\r\n\r\n<p style=\"margin-top:var(--wp--preset--spacing--50);margin-bottom:var(--wp--preset--spacing--50)\"><\/p>\r\n<\/div>\r\n\r\n\r\n\r\n<div class=\"wp-block-column is-layout-flow wp-block-column-is-layout-flow\">\r\n<h2 class=\"wp-block-heading has-text-align-center\" style=\"margin-top:var(--wp--preset--spacing--20);margin-bottom:var(--wp--preset--spacing--20);font-size:1.2rem\">(2) Tin nh\u1eafn b\u1ed5 sung<\/h2>\r\n\r\n\r\n\r\n<figure class=\"wp-block-image aligncenter size-large is-resized\" style=\"margin-top:0;margin-bottom:0\"><img decoding=\"async\" src=\"http:\/\/www.dataslatitudes.com\/sosuniversal\/wp-content\/uploads\/vi_message_complementaire-459x1024.webp\" alt=\"SOS Universal - tin nh\u1eafn b\u1ed5 sung\" class=\"wp-image-425\" style=\"width:273px\"\/><\/figure>\r\n\r\n\r\n\r\n<p style=\"padding-right:var(--wp--preset--spacing--50);padding-left:var(--wp--preset--spacing--50);font-size:1rem\">B\u1ea1n c\u00f3 kh\u1ea3 n\u0103ng nhanh ch\u00f3ng so\u1ea1n m\u1ed9t tin nh\u1eafn b\u1ed5 sung s\u1ebd \u0111\u01b0\u1ee3c t\u00edch h\u1ee3p v\u00e0o v\u0103n b\u1ea3n SMS c\u1ee7a c\u00e1c c\u1ea3nh b\u00e1o ti\u1ebfp theo.<\/p>\r\n<\/div>\r\n<\/div>\r\n\r\n\r\n\r\n<p class=\"has-text-align-center\" style=\"font-size:1.1rem\"><br>Ngo\u00e0i b\u1ea5t k\u1ef3 c\u1ea3nh b\u00e1o n\u00e0o, b\u1ea1n c\u00f3 ba ti\u1ec7n \u00edch b\u1ed5 sung c\u00f3 th\u1ec3 \u0111\u01b0\u1ee3c c\u1ea5u h\u00ecnh v\u1edbi th\u1eddi gian k\u00edch ho\u1ea1t t\u00f9y ch\u1ecdn:<\/p>\r\n\r\n\r\n\r\n<div class=\"wp-block-columns is-layout-flex wp-container-core-columns-is-layout-8d88fe0f wp-block-columns-is-layout-flex\" style=\"padding-top:var(--wp--preset--spacing--20);padding-bottom:var(--wp--preset--spacing--20)\">\r\n<div class=\"wp-block-column is-layout-flow wp-block-column-is-layout-flow\">\r\n<h2 class=\"wp-block-heading has-text-align-center\" style=\"margin-top:0;margin-bottom:0;font-size:1.2rem\">(3) Ghi \u00e2m<\/h2>\r\n\r\n\r\n\r\n<figure class=\"wp-block-image aligncenter size-large is-resized\" style=\"margin-top:var(--wp--preset--spacing--20);margin-bottom:var(--wp--preset--spacing--20)\"><img decoding=\"async\" src=\"http:\/\/www.dataslatitudes.com\/sosuniversal\/wp-content\/uploads\/vi_enregistrement_direct-459x1024.webp\" alt=\"SOS Universal - ghi \u00e2m\" class=\"wp-image-424\" style=\"width:273px\"\/><\/figure>\r\n\r\n\r\n\r\n<p class=\"has-text-align-center\" style=\"font-size:1rem\">Dung l\u01b0\u1ee3ng ghi \u00e2m l\u00fd thuy\u1ebft \u0111\u01b0\u1ee3c ch\u1ec9 \u0111\u1ecbnh.<\/p>\r\n<\/div>\r\n\r\n\r\n\r\n<div class=\"wp-block-column is-layout-flow wp-block-column-is-layout-flow\">\r\n<h2 class=\"wp-block-heading has-text-align-center\" style=\"margin-top:0;margin-bottom:0;font-size:1.2rem\">(4) B\u00e1o \u0111\u1ed9ng \u00e2m thanh<\/h2>\r\n\r\n\r\n\r\n<figure class=\"wp-block-image aligncenter size-large is-resized\" style=\"margin-top:var(--wp--preset--spacing--20);margin-bottom:var(--wp--preset--spacing--20)\"><img decoding=\"async\" src=\"http:\/\/www.dataslatitudes.com\/sosuniversal\/wp-content\/uploads\/vi_alarme_sonore-459x1024.webp\" alt=\"SOS Universal - b\u00e1o \u0111\u1ed9ng \u00e2m thanh\" class=\"wp-image-423\" style=\"width:273px\"\/><\/figure>\r\n\r\n\r\n\r\n<p class=\"has-text-align-center\" style=\"font-size:1rem\">\u00c2m l\u01b0\u1ee3ng b\u00e1o \u0111\u1ed9ng t\u1ef1 \u0111\u1ed9ng \u0111\u01b0\u1ee3c \u0111\u1eb7t \u1edf m\u1ee9c t\u1ed1i \u0111a. Lo\u1ea1i b\u00e1o \u0111\u1ed9ng (c\u00f2i c\u1ea3nh s\u00e1t ho\u1eb7c ti\u1ebfng k\u00eau c\u1ee7a ng\u01b0\u1eddi) \u0111\u01b0\u1ee3c ch\u1ecdn trong c\u00e0i \u0111\u1eb7t.<\/p>\r\n<\/div>\r\n\r\n\r\n\r\n<div class=\"wp-block-column is-layout-flow wp-block-column-is-layout-flow\">\r\n<h2 class=\"wp-block-heading has-text-align-center\" style=\"margin-top:0;margin-bottom:0;font-size:1.2rem\">(5) Gi\u1ea3 l\u1eadp cu\u1ed9c g\u1ecdi \u0111i\u1ec7n tho\u1ea1i \u0111\u1ebfn<\/h2>\r\n\r\n\r\n\r\n<figure class=\"wp-block-image aligncenter size-large is-resized\" style=\"margin-top:var(--wp--preset--spacing--20);margin-bottom:var(--wp--preset--spacing--20)\"><img decoding=\"async\" src=\"http:\/\/www.dataslatitudes.com\/sosuniversal\/wp-content\/uploads\/vi_appel_entrant_simule-459x1024.webp\" alt=\"SOS Universal - cu\u1ed9c g\u1ecdi \u0111\u1ebfn gi\u1ea3 l\u1eadp\" class=\"wp-image-422\" style=\"width:273px\"\/><\/figure>\r\n\r\n\r\n\r\n<p class=\"has-text-align-center\" style=\"font-size:1rem\">\u00c2m l\u01b0\u1ee3ng chu\u00f4ng t\u1ef1 \u0111\u1ed9ng \u0111\u01b0\u1ee3c \u0111\u1eb7t \u1edf m\u1ee9c t\u1ed1i \u0111a. Ch\u1ee9c n\u0103ng n\u00e0y kh\u00f4ng th\u1ec3 s\u1eed d\u1ee5ng n\u1ebfu \u0111i\u1ec7n tho\u1ea1i th\u00f4ng minh \u1edf ch\u1ebf \u0111\u1ed9 im l\u1eb7ng ho\u1eb7c ch\u1ebf \u0111\u1ed9 &#8220;kh\u00f4ng l\u00e0m phi\u1ec1n&#8221;.<\/p>\r\n<\/div>\r\n<\/div>\r\n\r\n\r\n\r\n<p class=\"has-small-font-size\"><\/p>\r\n\r\n\r\n\r\n<p class=\"has-small-font-size\"><\/p>\r\n","protected":false},"excerpt":{"rendered":"<p>C\u00d4NG C\u1ee4 B\u1ed4 SUNG N\u0103m c\u00f4ng c\u1ee5 b\u1ed5 sung \u0111\u01b0\u1ee3c cung c\u1ea5p b\u1edfi SOS Universal: (1) Kh\u00f3a \u1ee9ng d\u1ee5ng \u0110\u1ec3 [&hellip;]<\/p>\n","protected":false},"author":1,"featured_media":0,"parent":14,"menu_order":7,"comment_status":"closed","ping_status":"closed","template":"","meta":{"site-sidebar-layout":"default","site-content-layout":"","ast-site-content-layout":"","site-content-style":"default","site-sidebar-style":"default","ast-global-header-display":"","ast-banner-title-visibility":"","ast-main-header-display":"","ast-hfb-above-header-display":"","ast-hfb-below-header-display":"","ast-hfb-mobile-header-display":"","site-post-title":"disabled","ast-breadcrumbs-content":"","ast-featured-img":"","footer-sml-layout":"","theme-transparent-header-meta":"","adv-header-id-meta":"","stick-header-meta":"","header-above-stick-meta":"","header-main-stick-meta":"","header-below-stick-meta":"","astra-migrate-meta-layouts":"default","ast-page-background-enabled":"default","ast-page-background-meta":{"desktop":{"background-color":"var(--ast-global-color-5)","background-image":"","background-repeat":"repeat","background-position":"center center","background-size":"auto","background-attachment":"scroll","background-type":"","background-media":"","overlay-type":"","overlay-color":"","overlay-opacity":"","overlay-gradient":""},"tablet":{"background-color":"","background-image":"","background-repeat":"repeat","background-position":"center center","background-size":"auto","background-attachment":"scroll","background-type":"","background-media":"","overlay-type":"","overlay-color":"","overlay-opacity":"","overlay-gradient":""},"mobile":{"background-color":"","background-image":"","background-repeat":"repeat","background-position":"center center","background-size":"auto","background-attachment":"scroll","background-type":"","background-media":"","overlay-type":"","overlay-color":"","overlay-opacity":"","overlay-gradient":""}},"ast-content-background-meta":{"desktop":{"background-color":"var(--ast-global-color-4)","background-image":"","background-repeat":"repeat","background-position":"center center","background-size":"auto","background-attachment":"scroll","background-type":"","background-media":"","overlay-type":"","overlay-color":"","overlay-opacity":"","overlay-gradient":""},"tablet":{"background-color":"var(--ast-global-color-4)","background-image":"","background-repeat":"repeat","background-position":"center center","background-size":"auto","background-attachment":"scroll","background-type":"","background-media":"","overlay-type":"","overlay-color":"","overlay-opacity":"","overlay-gradient":""},"mobile":{"background-color":"var(--ast-global-color-4)","background-image":"","background-repeat":"repeat","background-position":"center center","background-size":"auto","background-attachment":"scroll","background-type":"","background-media":"","overlay-type":"","overlay-color":"","overlay-opacity":"","overlay-gradient":""}},"footnotes":""},"class_list":["post-250","page","type-page","status-publish","hentry"],"yoast_head":"<!-- This site is optimized with the Yoast SEO plugin v25.6 - https:\/\/yoast.com\/wordpress\/plugins\/seo\/ -->\n<title>C\u00f4ng c\u1ee5 b\u1ed5 sung<\/title>\n<meta name=\"description\" content=\"N\u0103m c\u00f4ng c\u1ee5 b\u1ed5 sung \u0111\u01b0\u1ee3c cung c\u1ea5p b\u1edfi SOS Universal. \u0110\u1ec3 tr\u00e1nh l\u1ed7i thao t\u00e1c c\u1ee7a nh\u1eefng ng\u01b0\u1eddi d\u1ec5 b\u1ecb t\u1ed5n th\u01b0\u01a1ng, SOS Universal c\u00f3 th\u1ec3 \u0111\u01b0\u1ee3c c\u1ea5u h\u00ecnh b\u1edfi b\u00ean th\u1ee9 ba \u0111\u00e1ng tin c\u1eady v\u00e0 sau \u0111\u00f3 \u0111\u01b0\u1ee3c kh\u00f3a. B\u1ea1n c\u00f3 th\u1ec3 nhanh ch\u00f3ng vi\u1ebft m\u1ed9t tin nh\u1eafn b\u1ed5 sung s\u1ebd \u0111\u01b0\u1ee3c t\u00edch h\u1ee3p v\u00e0o v\u0103n b\u1ea3n SMS c\u1ee7a c\u00e1c c\u1ea3nh b\u00e1o ti\u1ebfp theo. Ngo\u00e0i b\u1ea5t k\u1ef3 c\u1ea3nh b\u00e1o n\u00e0o, b\u1ea1n c\u00f3 ba ti\u1ec7n \u00edch c\u00f3 th\u1ec3 \u0111\u01b0\u1ee3c c\u1ea5u h\u00ecnh v\u1edbi th\u1eddi gian k\u00edch ho\u1ea1t t\u00f9y ch\u1ecdn: ghi \u00e2m, k\u00edch ho\u1ea1t b\u00e1o \u0111\u1ed9ng \u00e2m thanh v\u00e0 m\u00f4 ph\u1ecfng cu\u1ed9c g\u1ecdi \u0111i\u1ec7n tho\u1ea1i \u0111\u1ebfn.\" \/>\n<meta name=\"robots\" content=\"index, follow, max-snippet:-1, max-image-preview:large, max-video-preview:-1\" \/>\n<link rel=\"canonical\" href=\"\" \/>\n<meta property=\"og:locale\" content=\"vi_VN\" \/>\n<meta property=\"og:type\" content=\"article\" \/>\n<meta property=\"og:title\" content=\"C\u00f4ng c\u1ee5 b\u1ed5 sung\" \/>\n<meta property=\"og:description\" content=\"N\u0103m c\u00f4ng c\u1ee5 b\u1ed5 sung \u0111\u01b0\u1ee3c cung c\u1ea5p b\u1edfi SOS Universal. \u0110\u1ec3 tr\u00e1nh l\u1ed7i thao t\u00e1c c\u1ee7a nh\u1eefng ng\u01b0\u1eddi d\u1ec5 b\u1ecb t\u1ed5n th\u01b0\u01a1ng, SOS Universal c\u00f3 th\u1ec3 \u0111\u01b0\u1ee3c c\u1ea5u h\u00ecnh b\u1edfi b\u00ean th\u1ee9 ba \u0111\u00e1ng tin c\u1eady v\u00e0 sau \u0111\u00f3 \u0111\u01b0\u1ee3c kh\u00f3a. B\u1ea1n c\u00f3 th\u1ec3 nhanh ch\u00f3ng vi\u1ebft m\u1ed9t tin nh\u1eafn b\u1ed5 sung s\u1ebd \u0111\u01b0\u1ee3c t\u00edch h\u1ee3p v\u00e0o v\u0103n b\u1ea3n SMS c\u1ee7a c\u00e1c c\u1ea3nh b\u00e1o ti\u1ebfp theo. Ngo\u00e0i b\u1ea5t k\u1ef3 c\u1ea3nh b\u00e1o n\u00e0o, b\u1ea1n c\u00f3 ba ti\u1ec7n \u00edch c\u00f3 th\u1ec3 \u0111\u01b0\u1ee3c c\u1ea5u h\u00ecnh v\u1edbi th\u1eddi gian k\u00edch ho\u1ea1t t\u00f9y ch\u1ecdn: ghi \u00e2m, k\u00edch ho\u1ea1t b\u00e1o \u0111\u1ed9ng \u00e2m thanh v\u00e0 m\u00f4 ph\u1ecfng cu\u1ed9c g\u1ecdi \u0111i\u1ec7n tho\u1ea1i \u0111\u1ebfn.\" \/>\n<meta property=\"og:url\" content=\"https:\/\/www.dataslatitudes.com\/sosuniversal\/vi\/ecran-principal\/mode-emploi-outils-supplementaire\/\" \/>\n<meta property=\"og:site_name\" content=\"SOS Universal\" \/>\n<meta property=\"article:modified_time\" content=\"2025-07-22T17:01:26+00:00\" \/>\n<meta name=\"twitter:card\" content=\"summary_large_image\" \/>\n<meta name=\"twitter:label1\" content=\"\u01af\u1edbc t\u00ednh th\u1eddi gian \u0111\u1ecdc\" \/>\n\t<meta name=\"twitter:data1\" content=\"3 ph\u00fat\" \/>\n<script type=\"application\/ld+json\" class=\"yoast-schema-graph\">{\"@context\":\"https:\/\/schema.org\",\"@graph\":[{\"@type\":\"WebPage\",\"@id\":\"https:\/\/www.dataslatitudes.com\/sosuniversal\/vi\/ecran-principal\/mode-emploi-outils-supplementaire\/\",\"url\":\"https:\/\/www.dataslatitudes.com\/sosuniversal\/vi\/ecran-principal\/mode-emploi-outils-supplementaire\/\",\"name\":\"Outils suppl\u00e9mentaires - SOS Universal\",\"isPartOf\":{\"@id\":\"https:\/\/www.dataslatitudes.com\/sosuniversal\/#website\"},\"primaryImageOfPage\":{\"@id\":\"https:\/\/www.dataslatitudes.com\/sosuniversal\/vi\/ecran-principal\/mode-emploi-outils-supplementaire\/#primaryimage\"},\"image\":{\"@id\":\"https:\/\/www.dataslatitudes.com\/sosuniversal\/vi\/ecran-principal\/mode-emploi-outils-supplementaire\/#primaryimage\"},\"thumbnailUrl\":\"http:\/\/www.dataslatitudes.com\/sosuniversal\/wp-content\/uploads\/2025\/07\/fr_ecran_principal_partie_basse_puce_recadre.webp\",\"datePublished\":\"2025-06-13T07:11:06+00:00\",\"dateModified\":\"2025-07-22T17:01:26+00:00\",\"description\":\"Cinq outils suppl\u00e9mentaires vous sont propos\u00e9s par SOS Universal. Dans le but d\u2019\u00e9viter des erreurs de manipulation par des personnes vuln\u00e9rables, SOS Universal peut \u00eatre param\u00e9tr\u00e9e par un tiers de confiance puis ensuite \u00eatre verrouill\u00e9e. Vous avez la facult\u00e9 de r\u00e9diger rapidement un message compl\u00e9mentaire qui sera int\u00e9gr\u00e9 dans le texte du SMS des prochaines alertes. En dehors de toute alerte, vous disposez de trois utilitaires qui peuvent \u00eatre param\u00e9tr\u00e9s avec un d\u00e9lai de d\u00e9clenchement optionnel : l'enregistrement audio, le d\u00e9clenchement d'une alarme sonore et la simulation d\u2019un appel t\u00e9l\u00e9phonique entrant.\",\"breadcrumb\":{\"@id\":\"https:\/\/www.dataslatitudes.com\/sosuniversal\/vi\/ecran-principal\/mode-emploi-outils-supplementaire\/#breadcrumb\"},\"inLanguage\":\"vi\",\"potentialAction\":[{\"@type\":\"ReadAction\",\"target\":[\"https:\/\/www.dataslatitudes.com\/sosuniversal\/vi\/ecran-principal\/mode-emploi-outils-supplementaire\/\"]}]},{\"@type\":\"ImageObject\",\"inLanguage\":\"vi\",\"@id\":\"https:\/\/www.dataslatitudes.com\/sosuniversal\/vi\/ecran-principal\/mode-emploi-outils-supplementaire\/#primaryimage\",\"url\":\"http:\/\/www.dataslatitudes.com\/sosuniversal\/wp-content\/uploads\/2025\/07\/fr_ecran_principal_partie_basse_puce_recadre.webp\",\"contentUrl\":\"http:\/\/www.dataslatitudes.com\/sosuniversal\/wp-content\/uploads\/2025\/07\/fr_ecran_principal_partie_basse_puce_recadre.webp\"},{\"@type\":\"BreadcrumbList\",\"@id\":\"https:\/\/www.dataslatitudes.com\/sosuniversal\/vi\/ecran-principal\/mode-emploi-outils-supplementaire\/#breadcrumb\",\"itemListElement\":[{\"@type\":\"ListItem\",\"position\":1,\"name\":\"Gi\u1edbi thi\u1ec7u\",\"item\":\"https:\/\/www.dataslatitudes.com\/sosuniversal\/fr\/\"},{\"@type\":\"ListItem\",\"position\":2,\"name\":\"M\u00e0n h\u00ecnh ch\u00ednh\",\"item\":\"https:\/\/www.dataslatitudes.com\/sosuniversal\/ecran-principal\/\"},{\"@type\":\"ListItem\",\"position\":3,\"name\":\"C\u00f4ng c\u1ee5 b\u1ed5 sung\"}]},{\"@type\":\"WebSite\",\"@id\":\"https:\/\/www.dataslatitudes.com\/sosuniversal\/vi\/#website\",\"url\":\"https:\/\/www.dataslatitudes.com\/sosuniversal\/vi\/\",\"name\":\"SOS Universal\",\"description\":\"\",\"publisher\":{\"@id\":\"https:\/\/www.dataslatitudes.com\/sosuniversal\/vi\/#organization\"},\"potentialAction\":[{\"@type\":\"SearchAction\",\"target\":{\"@type\":\"EntryPoint\",\"urlTemplate\":\"https:\/\/www.dataslatitudes.com\/sosuniversal\/vi\/?s={search_term_string}\"},\"query-input\":{\"@type\":\"PropertyValueSpecification\",\"valueRequired\":true,\"valueName\":\"search_term_string\"}}],\"inLanguage\":\"vi\"},{\"@type\":\"Organization\",\"@id\":\"https:\/\/www.dataslatitudes.com\/sosuniversal\/vi\/#organization\",\"name\":\"DATASLATITUDES\",\"url\":\"https:\/\/www.dataslatitudes.com\/sosuniversal\/vi\/\",\"logo\":{\"@type\":\"ImageObject\",\"inLanguage\":\"vi\",\"@id\":\"https:\/\/www.dataslatitudes.com\/sosuniversal\/vi\/#\/schema\/logo\/image\/\",\"url\":\"https:\/\/www.dataslatitudes.com\/sosuniversal\/wp-content\/uploads\/2025\/07\/logo_mrdv.png\",\"contentUrl\":\"https:\/\/www.dataslatitudes.com\/sosuniversal\/wp-content\/uploads\/2025\/07\/logo_mrdv.png\",\"width\":72,\"height\":72,\"caption\":\"DATASLATITUDES\"},\"image\":{\"@id\":\"https:\/\/www.dataslatitudes.com\/sosuniversal\/vi\/#\/schema\/logo\/image\/\"}}]}<\/script>\n<!-- \/ Yoast SEO plugin. -->","yoast_head_json":{"title":"C\u00f4ng c\u1ee5 b\u1ed5 sung","description":"N\u0103m c\u00f4ng c\u1ee5 b\u1ed5 sung \u0111\u01b0\u1ee3c cung c\u1ea5p b\u1edfi SOS Universal. \u0110\u1ec3 tr\u00e1nh l\u1ed7i thao t\u00e1c c\u1ee7a nh\u1eefng ng\u01b0\u1eddi d\u1ec5 b\u1ecb t\u1ed5n th\u01b0\u01a1ng, SOS Universal c\u00f3 th\u1ec3 \u0111\u01b0\u1ee3c c\u1ea5u h\u00ecnh b\u1edfi b\u00ean th\u1ee9 ba \u0111\u00e1ng tin c\u1eady v\u00e0 sau \u0111\u00f3 \u0111\u01b0\u1ee3c kh\u00f3a. B\u1ea1n c\u00f3 th\u1ec3 nhanh ch\u00f3ng vi\u1ebft m\u1ed9t tin nh\u1eafn b\u1ed5 sung s\u1ebd \u0111\u01b0\u1ee3c t\u00edch h\u1ee3p v\u00e0o v\u0103n b\u1ea3n SMS c\u1ee7a c\u00e1c c\u1ea3nh b\u00e1o ti\u1ebfp theo. Ngo\u00e0i b\u1ea5t k\u1ef3 c\u1ea3nh b\u00e1o n\u00e0o, b\u1ea1n c\u00f3 ba ti\u1ec7n \u00edch c\u00f3 th\u1ec3 \u0111\u01b0\u1ee3c c\u1ea5u h\u00ecnh v\u1edbi th\u1eddi gian k\u00edch ho\u1ea1t t\u00f9y ch\u1ecdn: ghi \u00e2m, k\u00edch ho\u1ea1t b\u00e1o \u0111\u1ed9ng \u00e2m thanh v\u00e0 m\u00f4 ph\u1ecfng cu\u1ed9c g\u1ecdi \u0111i\u1ec7n tho\u1ea1i \u0111\u1ebfn.","robots":{"index":"index","follow":"follow","max-snippet":"max-snippet:-1","max-image-preview":"max-image-preview:large","max-video-preview":"max-video-preview:-1"},"canonical":"C\u00d4NG C\u1ee4 B\u1ed4 SUNG N\u0103m c\u00f4ng c\u1ee5 b\u1ed5 sung \u0111\u01b0\u1ee3c cung c\u1ea5p b\u1edfi SOS Universal: (1) Kh\u00f3a \u1ee9ng d\u1ee5ng \u0110\u1ec3 tr\u00e1nh l\u1ed7i thao t\u00e1c b\u1edfi nh\u1eefng ng\u01b0\u1eddi d\u1ec5 b\u1ecb t\u1ed5n th\u01b0\u01a1ng, SOS Universal c\u00f3 th\u1ec3 \u0111\u01b0\u1ee3c c\u1ea5u h\u00ecnh b\u1edfi b\u00ean th\u1ee9 ba \u0111\u00e1ng tin c\u1eady v\u00e0 sau \u0111\u00f3 \u0111\u01b0\u1ee3c kh\u00f3a: trong tr\u01b0\u1eddng h\u1ee3p n\u00e0y, ch\u1ec9&hellip;","og_locale":"vi_VN","og_type":"article","og_title":"C\u00f4ng c\u1ee5 b\u1ed5 sung","og_description":"N\u0103m c\u00f4ng c\u1ee5 b\u1ed5 sung \u0111\u01b0\u1ee3c cung c\u1ea5p b\u1edfi SOS Universal. \u0110\u1ec3 tr\u00e1nh l\u1ed7i thao t\u00e1c c\u1ee7a nh\u1eefng ng\u01b0\u1eddi d\u1ec5 b\u1ecb t\u1ed5n th\u01b0\u01a1ng, SOS Universal c\u00f3 th\u1ec3 \u0111\u01b0\u1ee3c c\u1ea5u h\u00ecnh b\u1edfi b\u00ean th\u1ee9 ba \u0111\u00e1ng tin c\u1eady v\u00e0 sau \u0111\u00f3 \u0111\u01b0\u1ee3c kh\u00f3a. B\u1ea1n c\u00f3 th\u1ec3 nhanh ch\u00f3ng vi\u1ebft m\u1ed9t tin nh\u1eafn b\u1ed5 sung s\u1ebd \u0111\u01b0\u1ee3c t\u00edch h\u1ee3p v\u00e0o v\u0103n b\u1ea3n SMS c\u1ee7a c\u00e1c c\u1ea3nh b\u00e1o ti\u1ebfp theo. Ngo\u00e0i b\u1ea5t k\u1ef3 c\u1ea3nh b\u00e1o n\u00e0o, b\u1ea1n c\u00f3 ba ti\u1ec7n \u00edch c\u00f3 th\u1ec3 \u0111\u01b0\u1ee3c c\u1ea5u h\u00ecnh v\u1edbi th\u1eddi gian k\u00edch ho\u1ea1t t\u00f9y ch\u1ecdn: ghi \u00e2m, k\u00edch ho\u1ea1t b\u00e1o \u0111\u1ed9ng \u00e2m thanh v\u00e0 m\u00f4 ph\u1ecfng cu\u1ed9c g\u1ecdi \u0111i\u1ec7n tho\u1ea1i \u0111\u1ebfn.","og_url":"https:\/\/www.dataslatitudes.com\/sosuniversal\/vi\/ecran-principal\/mode-emploi-outils-supplementaire\/","og_site_name":"SOS Universal","article_modified_time":"2025-07-22T17:01:26+00:00","twitter_card":"summary_large_image","twitter_misc":{"\u01af\u1edbc t\u00ednh th\u1eddi gian \u0111\u1ecdc":"3 ph\u00fat"},"schema":{"@context":"https:\/\/schema.org","@graph":[{"@type":"WebPage","@id":"https:\/\/www.dataslatitudes.com\/sosuniversal\/vi\/ecran-principal\/mode-emploi-outils-supplementaire\/","url":"https:\/\/www.dataslatitudes.com\/sosuniversal\/vi\/ecran-principal\/mode-emploi-outils-supplementaire\/","name":"Outils suppl\u00e9mentaires - SOS Universal","isPartOf":{"@id":"https:\/\/www.dataslatitudes.com\/sosuniversal\/#website"},"primaryImageOfPage":{"@id":"https:\/\/www.dataslatitudes.com\/sosuniversal\/vi\/ecran-principal\/mode-emploi-outils-supplementaire\/#primaryimage"},"image":{"@id":"https:\/\/www.dataslatitudes.com\/sosuniversal\/vi\/ecran-principal\/mode-emploi-outils-supplementaire\/#primaryimage"},"thumbnailUrl":"http:\/\/www.dataslatitudes.com\/sosuniversal\/wp-content\/uploads\/2025\/07\/fr_ecran_principal_partie_basse_puce_recadre.webp","datePublished":"2025-06-13T07:11:06+00:00","dateModified":"2025-07-22T17:01:26+00:00","description":"Cinq outils suppl\u00e9mentaires vous sont propos\u00e9s par SOS Universal. Dans le but d\u2019\u00e9viter des erreurs de manipulation par des personnes vuln\u00e9rables, SOS Universal peut \u00eatre param\u00e9tr\u00e9e par un tiers de confiance puis ensuite \u00eatre verrouill\u00e9e. Vous avez la facult\u00e9 de r\u00e9diger rapidement un message compl\u00e9mentaire qui sera int\u00e9gr\u00e9 dans le texte du SMS des prochaines alertes. En dehors de toute alerte, vous disposez de trois utilitaires qui peuvent \u00eatre param\u00e9tr\u00e9s avec un d\u00e9lai de d\u00e9clenchement optionnel : l'enregistrement audio, le d\u00e9clenchement d'une alarme sonore et la simulation d\u2019un appel t\u00e9l\u00e9phonique entrant.","breadcrumb":{"@id":"https:\/\/www.dataslatitudes.com\/sosuniversal\/vi\/ecran-principal\/mode-emploi-outils-supplementaire\/#breadcrumb"},"inLanguage":"vi","potentialAction":[{"@type":"ReadAction","target":["https:\/\/www.dataslatitudes.com\/sosuniversal\/vi\/ecran-principal\/mode-emploi-outils-supplementaire\/"]}]},{"@type":"ImageObject","inLanguage":"vi","@id":"https:\/\/www.dataslatitudes.com\/sosuniversal\/vi\/ecran-principal\/mode-emploi-outils-supplementaire\/#primaryimage","url":"http:\/\/www.dataslatitudes.com\/sosuniversal\/wp-content\/uploads\/2025\/07\/fr_ecran_principal_partie_basse_puce_recadre.webp","contentUrl":"http:\/\/www.dataslatitudes.com\/sosuniversal\/wp-content\/uploads\/2025\/07\/fr_ecran_principal_partie_basse_puce_recadre.webp"},{"@type":"BreadcrumbList","@id":"https:\/\/www.dataslatitudes.com\/sosuniversal\/vi\/ecran-principal\/mode-emploi-outils-supplementaire\/#breadcrumb","itemListElement":[{"@type":"ListItem","position":1,"name":"Gi\u1edbi thi\u1ec7u","item":"https:\/\/www.dataslatitudes.com\/sosuniversal\/fr\/"},{"@type":"ListItem","position":2,"name":"M\u00e0n h\u00ecnh ch\u00ednh","item":"https:\/\/www.dataslatitudes.com\/sosuniversal\/ecran-principal\/"},{"@type":"ListItem","position":3,"name":"C\u00f4ng c\u1ee5 b\u1ed5 sung"}]},{"@type":"WebSite","@id":"https:\/\/www.dataslatitudes.com\/sosuniversal\/vi\/#website","url":"https:\/\/www.dataslatitudes.com\/sosuniversal\/vi\/","name":"SOS Universal","description":"","publisher":{"@id":"https:\/\/www.dataslatitudes.com\/sosuniversal\/vi\/#organization"},"potentialAction":[{"@type":"SearchAction","target":{"@type":"EntryPoint","urlTemplate":"https:\/\/www.dataslatitudes.com\/sosuniversal\/vi\/?s={search_term_string}"},"query-input":{"@type":"PropertyValueSpecification","valueRequired":true,"valueName":"search_term_string"}}],"inLanguage":"vi"},{"@type":"Organization","@id":"https:\/\/www.dataslatitudes.com\/sosuniversal\/vi\/#organization","name":"DATASLATITUDES","url":"https:\/\/www.dataslatitudes.com\/sosuniversal\/vi\/","logo":{"@type":"ImageObject","inLanguage":"vi","@id":"https:\/\/www.dataslatitudes.com\/sosuniversal\/vi\/#\/schema\/logo\/image\/","url":"https:\/\/www.dataslatitudes.com\/sosuniversal\/wp-content\/uploads\/2025\/07\/logo_mrdv.png","contentUrl":"https:\/\/www.dataslatitudes.com\/sosuniversal\/wp-content\/uploads\/2025\/07\/logo_mrdv.png","width":72,"height":72,"caption":"DATASLATITUDES"},"image":{"@id":"https:\/\/www.dataslatitudes.com\/sosuniversal\/vi\/#\/schema\/logo\/image\/"}}]}},"_links":{"self":[{"href":"https:\/\/www.dataslatitudes.com\/sosuniversal\/vi\/wp-json\/wp\/v2\/pages\/250","targetHints":{"allow":["GET"]}}],"collection":[{"href":"https:\/\/www.dataslatitudes.com\/sosuniversal\/vi\/wp-json\/wp\/v2\/pages"}],"about":[{"href":"https:\/\/www.dataslatitudes.com\/sosuniversal\/vi\/wp-json\/wp\/v2\/types\/page"}],"author":[{"embeddable":true,"href":"https:\/\/www.dataslatitudes.com\/sosuniversal\/vi\/wp-json\/wp\/v2\/users\/1"}],"replies":[{"embeddable":true,"href":"https:\/\/www.dataslatitudes.com\/sosuniversal\/vi\/wp-json\/wp\/v2\/comments?post=250"}],"version-history":[{"count":40,"href":"https:\/\/www.dataslatitudes.com\/sosuniversal\/vi\/wp-json\/wp\/v2\/pages\/250\/revisions"}],"predecessor-version":[{"id":1070,"href":"https:\/\/www.dataslatitudes.com\/sosuniversal\/vi\/wp-json\/wp\/v2\/pages\/250\/revisions\/1070"}],"up":[{"embeddable":true,"href":"https:\/\/www.dataslatitudes.com\/sosuniversal\/vi\/wp-json\/wp\/v2\/pages\/14"}],"wp:attachment":[{"href":"https:\/\/www.dataslatitudes.com\/sosuniversal\/vi\/wp-json\/wp\/v2\/media?parent=250"}],"curies":[{"name":"wp","href":"https:\/\/api.w.org\/{rel}","templated":true}]}}