{"id":246,"date":"2025-06-13T07:09:52","date_gmt":"2025-06-13T07:09:52","guid":{"rendered":"https:\/\/www.dataslatitudes.com\/sosuniversal\/index.php\/mode-emploi\/mode-demploi-parametres\/"},"modified":"2025-07-21T16:04:04","modified_gmt":"2025-07-21T16:04:04","slug":"mode-emploi-historique-enregistrement-audio","status":"publish","type":"page","link":"https:\/\/www.dataslatitudes.com\/sosuniversal\/vi\/ecran-principal\/mode-emploi-historique-enregistrement-audio\/","title":{"rendered":"L\u1ecbch s\u1eed v\u00e0 b\u1ea3n ghi \u00e2m"},"content":{"rendered":"\r\n<p class=\"has-small-font-size\"><\/p>\r\n\r\n\r\n\r\n<h1 class=\"wp-block-heading has-text-align-center has-medium-font-size\" style=\"margin-top:var(--wp--preset--spacing--30);margin-bottom:var(--wp--preset--spacing--30)\"><strong>L\u1ecaCH S\u1eec C\u1ea2NH B\u00c1O<\/strong><\/h1>\r\n\r\n\r\n\r\n<p style=\"font-size:1rem\">50 c\u1ea3nh b\u00e1o g\u1ea7n nh\u1ea5t \u0111\u00e3 g\u1eedi \u0111\u01b0\u1ee3c ghi l\u1ea1i v\u1edbi t\u1ea5t c\u1ea3 c\u00e1c \u0111\u1eb7c \u0111i\u1ec3m c\u1ee7a ch\u00fang<\/p>\r\n\r\n\r\n\r\n<div class=\"wp-block-columns is-layout-flex wp-container-core-columns-is-layout-ec2e7a44 wp-block-columns-is-layout-flex\" style=\"padding-top:0;padding-bottom:0\">\r\n<div class=\"wp-block-column is-layout-flow wp-block-column-is-layout-flow\" style=\"flex-basis:33.33%\">\r\n<figure class=\"wp-block-image aligncenter size-large is-resized\"><img decoding=\"async\" src=\"http:\/\/www.dataslatitudes.com\/sosuniversal\/wp-content\/uploads\/vi_historique_alerte_puce-459x1024.webp\" alt=\"SOS Universal - l\u1ecbch s\u1eed c\u1ea3nh b\u00e1o\" class=\"wp-image-402\" style=\"width:273px\"\/><\/figure>\r\n<\/div>\r\n\r\n\r\n\r\n<div class=\"wp-block-column is-layout-flow wp-block-column-is-layout-flow\" style=\"padding-top:0;padding-bottom:0;flex-basis:66.66%\">\r\n<p style=\"font-size:1rem\">(1) H\u1ecd v\u00e0 t\u00ean li\u00ean h\u1ec7 \u0111\u01b0\u1ee3c y\u00eau c\u1ea7u<br>(2) Ng\u00e0y v\u00e0 gi\u1edd k\u00edch ho\u1ea1t c\u1ea3nh b\u00e1o<br>(3) Bi\u1ec3u t\u01b0\u1ee3ng t\u00f3m t\u1eaft n\u1ed9i dung c\u1ea3nh b\u00e1o (trong v\u00ed d\u1ee5: cu\u1ed9c g\u1ecdi \u0111i\u1ec7n tho\u1ea1i, g\u1eedi SMS k\u00e8m v\u1ecb tr\u00ed \u0111\u1ecba l\u00fd v\u00e0 \u0111\u1ecba ch\u1ec9, ghi \u00e2m v\u00e0 b\u00e1o \u0111\u1ed9ng \u00e2m thanh)<br>(4) Ch\u1ebf \u0111\u1ed9 c\u1ea3nh b\u00e1o \u0111\u01b0\u1ee3c s\u1eed d\u1ee5ng v\u1edbi c\u00e1c th\u00f4ng s\u1ed1 c\u1ee7a n\u00f3<br>(5) X\u00f3a to\u00e0n b\u1ed9 l\u1ecbch s\u1eed c\u1ea3nh b\u00e1o<\/p>\r\n\r\n\r\n\r\n<p>Ng\u00e0y \u0111\u01b0\u1ee3c th\u1ec3 hi\u1ec7n theo \u0111\u1ecbnh d\u1ea1ng YYYY-MM-DD (ti\u00eau chu\u1ea9n qu\u1ed1c t\u1ebf ISO 8601).<\/p>\r\n<\/div>\r\n<\/div>\r\n\r\n\r\n\r\n<p class=\"has-small-font-size\"><\/p>\r\n\r\n\r\n\r\n<h2 class=\"wp-block-heading has-text-align-center has-medium-font-size\" style=\"margin-top:var(--wp--preset--spacing--30);margin-bottom:var(--wp--preset--spacing--30)\"><strong>C\u00c1C B\u1ea2N GHI \u00c2M<\/strong><\/h2>\r\n\r\n\r\n\r\n<p style=\"font-size:1rem\">B\u1ea1n c\u00f3 th\u1ec3 l\u01b0u gi\u1eef t\u1ed1i \u0111a 200 b\u1ea3n ghi \u00e2m \u0111\u01b0\u1ee3c l\u01b0u tr\u1eef trong th\u01b0 m\u1ee5c t\u1ea3i xu\u1ed1ng c\u1ee7a \u0111i\u1ec7n tho\u1ea1i th\u00f4ng minh c\u1ee7a b\u1ea1n. M\u1ed7i b\u1ea3n ghi \u0111\u01b0\u1ee3c ghi th\u1eddi gian v\u00e0 c\u00f3 th\u1ec3 \u0111\u01b0\u1ee3c nghe, \u0111\u1ed5i t\u00ean ho\u1eb7c x\u00f3a.<\/p>\r\n\r\n\r\n\r\n<div class=\"wp-block-columns is-layout-flex wp-container-core-columns-is-layout-ec2e7a44 wp-block-columns-is-layout-flex\" style=\"padding-top:0;padding-bottom:0\">\r\n<div class=\"wp-block-column is-layout-flow wp-block-column-is-layout-flow\" style=\"flex-basis:33.33%\">\r\n<figure class=\"wp-block-image aligncenter size-large is-resized\"><img decoding=\"async\" src=\"http:\/\/www.dataslatitudes.com\/sosuniversal\/wp-content\/uploads\/vi_enregistrement_audio_puce-459x1024.webp\" alt=\"SOS Universal - qu\u1ea3n l\u00fd b\u1ea3n ghi \u00e2m\" class=\"wp-image-403\" style=\"width:273px\"\/><\/figure>\r\n<\/div>\r\n\r\n\r\n\r\n<div class=\"wp-block-column is-layout-flow wp-block-column-is-layout-flow\" style=\"flex-basis:66.66%\">\r\n<p style=\"font-size:1rem\">(1) T\u00ean b\u1ea3n ghi<br>(2) Ng\u00e0y, gi\u1edd v\u00e0 k\u00edch th\u01b0\u1edbc b\u1ea3n ghi<br>(3) Ch\u1ee9c n\u0103ng x\u00f3a<br>(4) Ch\u1ee9c n\u0103ng s\u1eeda \u0111\u1ed5i t\u00ean t\u1ec7p<br>(5) Ph\u00e1t l\u1ea1i b\u1ea3n ghi \u00e2m ho\u1eb7c d\u1eebng ph\u00e1t l\u1ea1i<br>(6) Tua l\u1ea1i 5 gi\u00e2y<br>(7) Tua nhanh 5 gi\u00e2y<br>(8) Thanh tr\u01b0\u1ee3t ti\u1ebfn \u0111\u1ed9 ph\u00e1t l\u1ea1i<br>(9) T\u1ed1c \u0111\u1ed9 ph\u00e1t l\u1ea1i b\u1ea3n ghi: c\u00f3 th\u1ec3 gi\u1ea3m (x 0.5) ho\u1eb7c t\u0103ng (x 1.5, x 2.0)<\/p>\r\n\r\n\r\n\r\n<p>Ng\u00e0y \u0111\u01b0\u1ee3c th\u1ec3 hi\u1ec7n theo \u0111\u1ecbnh d\u1ea1ng YYYY-MM-DD (ti\u00eau chu\u1ea9n qu\u1ed1c t\u1ebf ISO 8601).<\/p>\r\n<\/div>\r\n<\/div>\r\n\r\n\r\n\r\n<p class=\"has-medium-font-size\"><\/p>\r\n\r\n\r\n\r\n<p><\/p>\r\n","protected":false},"excerpt":{"rendered":"<p>L\u1ecaCH S\u1eec C\u1ea2NH B\u00c1O 50 c\u1ea3nh b\u00e1o g\u1ea7n nh\u1ea5t \u0111\u00e3 g\u1eedi \u0111\u01b0\u1ee3c ghi l\u1ea1i v\u1edbi t\u1ea5t c\u1ea3 c\u00e1c \u0111\u1eb7c \u0111i\u1ec3m [&hellip;]<\/p>\n","protected":false},"author":1,"featured_media":0,"parent":14,"menu_order":5,"comment_status":"closed","ping_status":"closed","template":"","meta":{"site-sidebar-layout":"default","site-content-layout":"","ast-site-content-layout":"","site-content-style":"default","site-sidebar-style":"default","ast-global-header-display":"","ast-banner-title-visibility":"","ast-main-header-display":"","ast-hfb-above-header-display":"","ast-hfb-below-header-display":"","ast-hfb-mobile-header-display":"","site-post-title":"disabled","ast-breadcrumbs-content":"","ast-featured-img":"","footer-sml-layout":"","theme-transparent-header-meta":"","adv-header-id-meta":"","stick-header-meta":"","header-above-stick-meta":"","header-main-stick-meta":"","header-below-stick-meta":"","astra-migrate-meta-layouts":"default","ast-page-background-enabled":"default","ast-page-background-meta":{"desktop":{"background-color":"var(--ast-global-color-5)","background-image":"","background-repeat":"repeat","background-position":"center center","background-size":"auto","background-attachment":"scroll","background-type":"","background-media":"","overlay-type":"","overlay-color":"","overlay-opacity":"","overlay-gradient":""},"tablet":{"background-color":"","background-image":"","background-repeat":"repeat","background-position":"center center","background-size":"auto","background-attachment":"scroll","background-type":"","background-media":"","overlay-type":"","overlay-color":"","overlay-opacity":"","overlay-gradient":""},"mobile":{"background-color":"","background-image":"","background-repeat":"repeat","background-position":"center center","background-size":"auto","background-attachment":"scroll","background-type":"","background-media":"","overlay-type":"","overlay-color":"","overlay-opacity":"","overlay-gradient":""}},"ast-content-background-meta":{"desktop":{"background-color":"var(--ast-global-color-4)","background-image":"","background-repeat":"repeat","background-position":"center center","background-size":"auto","background-attachment":"scroll","background-type":"","background-media":"","overlay-type":"","overlay-color":"","overlay-opacity":"","overlay-gradient":""},"tablet":{"background-color":"var(--ast-global-color-4)","background-image":"","background-repeat":"repeat","background-position":"center center","background-size":"auto","background-attachment":"scroll","background-type":"","background-media":"","overlay-type":"","overlay-color":"","overlay-opacity":"","overlay-gradient":""},"mobile":{"background-color":"var(--ast-global-color-4)","background-image":"","background-repeat":"repeat","background-position":"center center","background-size":"auto","background-attachment":"scroll","background-type":"","background-media":"","overlay-type":"","overlay-color":"","overlay-opacity":"","overlay-gradient":""}},"footnotes":""},"class_list":["post-246","page","type-page","status-publish","hentry"],"yoast_head":"<!-- This site is optimized with the Yoast SEO plugin v25.6 - https:\/\/yoast.com\/wordpress\/plugins\/seo\/ -->\n<title>L\u1ecbch s\u1eed v\u00e0 b\u1ea3n ghi \u00e2m<\/title>\n<meta name=\"description\" content=\"50 c\u1ea3nh b\u00e1o g\u1ea7n nh\u1ea5t \u0111\u00e3 g\u1eedi \u0111\u01b0\u1ee3c ghi l\u1ea1i v\u1edbi t\u1ea5t c\u1ea3 c\u00e1c \u0111\u1eb7c \u0111i\u1ec3m c\u1ee7a ch\u00fang. B\u1ea1n c\u00f3 th\u1ec3 l\u01b0u gi\u1eef t\u1ed1i \u0111a 200 b\u1ea3n ghi \u00e2m \u0111\u01b0\u1ee3c l\u01b0u tr\u1eef trong th\u01b0 m\u1ee5c t\u1ea3i xu\u1ed1ng c\u1ee7a \u0111i\u1ec7n tho\u1ea1i th\u00f4ng minh. M\u1ed7i b\u1ea3n ghi \u0111\u01b0\u1ee3c ghi th\u1eddi gian v\u00e0 c\u00f3 th\u1ec3 \u0111\u01b0\u1ee3c nghe, \u0111\u1ed5i t\u00ean ho\u1eb7c x\u00f3a.\" \/>\n<meta name=\"robots\" content=\"index, follow, max-snippet:-1, max-image-preview:large, max-video-preview:-1\" \/>\n<link rel=\"canonical\" href=\"\" \/>\n<meta property=\"og:locale\" content=\"vi_VN\" \/>\n<meta property=\"og:type\" content=\"article\" \/>\n<meta property=\"og:title\" content=\"L\u1ecbch s\u1eed v\u00e0 b\u1ea3n ghi \u00e2m\" \/>\n<meta property=\"og:description\" content=\"50 c\u1ea3nh b\u00e1o g\u1ea7n nh\u1ea5t \u0111\u00e3 g\u1eedi \u0111\u01b0\u1ee3c ghi l\u1ea1i v\u1edbi t\u1ea5t c\u1ea3 c\u00e1c \u0111\u1eb7c \u0111i\u1ec3m c\u1ee7a ch\u00fang. B\u1ea1n c\u00f3 th\u1ec3 l\u01b0u gi\u1eef t\u1ed1i \u0111a 200 b\u1ea3n ghi \u00e2m \u0111\u01b0\u1ee3c l\u01b0u tr\u1eef trong th\u01b0 m\u1ee5c t\u1ea3i xu\u1ed1ng c\u1ee7a \u0111i\u1ec7n tho\u1ea1i th\u00f4ng minh. M\u1ed7i b\u1ea3n ghi \u0111\u01b0\u1ee3c ghi th\u1eddi gian v\u00e0 c\u00f3 th\u1ec3 \u0111\u01b0\u1ee3c nghe, \u0111\u1ed5i t\u00ean ho\u1eb7c x\u00f3a.\" \/>\n<meta property=\"og:url\" content=\"https:\/\/www.dataslatitudes.com\/sosuniversal\/vi\/ecran-principal\/mode-emploi-historique-enregistrement-audio\/\" \/>\n<meta property=\"og:site_name\" content=\"SOS Universal\" \/>\n<meta property=\"article:modified_time\" content=\"2025-07-21T16:04:04+00:00\" \/>\n<meta name=\"twitter:card\" content=\"summary_large_image\" \/>\n<meta name=\"twitter:label1\" content=\"\u01af\u1edbc t\u00ednh th\u1eddi gian \u0111\u1ecdc\" \/>\n\t<meta name=\"twitter:data1\" content=\"2 ph\u00fat\" \/>\n<script type=\"application\/ld+json\" class=\"yoast-schema-graph\">{\"@context\":\"https:\/\/schema.org\",\"@graph\":[{\"@type\":\"WebPage\",\"@id\":\"https:\/\/www.dataslatitudes.com\/sosuniversal\/vi\/ecran-principal\/mode-emploi-historique-enregistrement-audio\/\",\"url\":\"https:\/\/www.dataslatitudes.com\/sosuniversal\/vi\/ecran-principal\/mode-emploi-historique-enregistrement-audio\/\",\"name\":\"Historique et enregistrements audios - SOS Universal\",\"isPartOf\":{\"@id\":\"https:\/\/www.dataslatitudes.com\/sosuniversal\/#website\"},\"primaryImageOfPage\":{\"@id\":\"https:\/\/www.dataslatitudes.com\/sosuniversal\/vi\/ecran-principal\/mode-emploi-historique-enregistrement-audio\/#primaryimage\"},\"image\":{\"@id\":\"https:\/\/www.dataslatitudes.com\/sosuniversal\/vi\/ecran-principal\/mode-emploi-historique-enregistrement-audio\/#primaryimage\"},\"thumbnailUrl\":\"http:\/\/www.dataslatitudes.com\/sosuniversal\/wp-content\/uploads\/2025\/07\/fr_historique_alerte_puce-459x1024.webp\",\"datePublished\":\"2025-06-13T07:09:52+00:00\",\"dateModified\":\"2025-07-21T16:04:04+00:00\",\"description\":\"Les 50 derni\u00e8res alertes \u00e9mises sont historis\u00e9es avec toutes leurs caract\u00e9ristiques. Vous pouvez conserver jusqu\u2019\u00e0 200 enregistrements audios qui sont stock\u00e9s dans le r\u00e9pertoire des t\u00e9l\u00e9chargements du smartphone. Chaque enregistrement est horodat\u00e9 et peut \u00eatre \u00e9cout\u00e9, renomm\u00e9 ou supprim\u00e9.\",\"breadcrumb\":{\"@id\":\"https:\/\/www.dataslatitudes.com\/sosuniversal\/vi\/ecran-principal\/mode-emploi-historique-enregistrement-audio\/#breadcrumb\"},\"inLanguage\":\"vi\",\"potentialAction\":[{\"@type\":\"ReadAction\",\"target\":[\"https:\/\/www.dataslatitudes.com\/sosuniversal\/vi\/ecran-principal\/mode-emploi-historique-enregistrement-audio\/\"]}]},{\"@type\":\"ImageObject\",\"inLanguage\":\"vi\",\"@id\":\"https:\/\/www.dataslatitudes.com\/sosuniversal\/vi\/ecran-principal\/mode-emploi-historique-enregistrement-audio\/#primaryimage\",\"url\":\"http:\/\/www.dataslatitudes.com\/sosuniversal\/wp-content\/uploads\/2025\/07\/fr_historique_alerte_puce-459x1024.webp\",\"contentUrl\":\"http:\/\/www.dataslatitudes.com\/sosuniversal\/wp-content\/uploads\/2025\/07\/fr_historique_alerte_puce-459x1024.webp\"},{\"@type\":\"BreadcrumbList\",\"@id\":\"https:\/\/www.dataslatitudes.com\/sosuniversal\/vi\/ecran-principal\/mode-emploi-historique-enregistrement-audio\/#breadcrumb\",\"itemListElement\":[{\"@type\":\"ListItem\",\"position\":1,\"name\":\"Gi\u1edbi thi\u1ec7u\",\"item\":\"https:\/\/www.dataslatitudes.com\/sosuniversal\/fr\/\"},{\"@type\":\"ListItem\",\"position\":2,\"name\":\"M\u00e0n h\u00ecnh ch\u00ednh\",\"item\":\"https:\/\/www.dataslatitudes.com\/sosuniversal\/ecran-principal\/\"},{\"@type\":\"ListItem\",\"position\":3,\"name\":\"L\u1ecbch s\u1eed v\u00e0 b\u1ea3n ghi \u00e2m\"}]},{\"@type\":\"WebSite\",\"@id\":\"https:\/\/www.dataslatitudes.com\/sosuniversal\/vi\/#website\",\"url\":\"https:\/\/www.dataslatitudes.com\/sosuniversal\/vi\/\",\"name\":\"SOS Universal\",\"description\":\"\",\"publisher\":{\"@id\":\"https:\/\/www.dataslatitudes.com\/sosuniversal\/vi\/#organization\"},\"potentialAction\":[{\"@type\":\"SearchAction\",\"target\":{\"@type\":\"EntryPoint\",\"urlTemplate\":\"https:\/\/www.dataslatitudes.com\/sosuniversal\/vi\/?s={search_term_string}\"},\"query-input\":{\"@type\":\"PropertyValueSpecification\",\"valueRequired\":true,\"valueName\":\"search_term_string\"}}],\"inLanguage\":\"vi\"},{\"@type\":\"Organization\",\"@id\":\"https:\/\/www.dataslatitudes.com\/sosuniversal\/vi\/#organization\",\"name\":\"DATASLATITUDES\",\"url\":\"https:\/\/www.dataslatitudes.com\/sosuniversal\/vi\/\",\"logo\":{\"@type\":\"ImageObject\",\"inLanguage\":\"vi\",\"@id\":\"https:\/\/www.dataslatitudes.com\/sosuniversal\/vi\/#\/schema\/logo\/image\/\",\"url\":\"https:\/\/www.dataslatitudes.com\/sosuniversal\/wp-content\/uploads\/2025\/07\/logo_mrdv.png\",\"contentUrl\":\"https:\/\/www.dataslatitudes.com\/sosuniversal\/wp-content\/uploads\/2025\/07\/logo_mrdv.png\",\"width\":72,\"height\":72,\"caption\":\"DATASLATITUDES\"},\"image\":{\"@id\":\"https:\/\/www.dataslatitudes.com\/sosuniversal\/vi\/#\/schema\/logo\/image\/\"}}]}<\/script>\n<!-- \/ Yoast SEO plugin. -->","yoast_head_json":{"title":"L\u1ecbch s\u1eed v\u00e0 b\u1ea3n ghi \u00e2m","description":"50 c\u1ea3nh b\u00e1o g\u1ea7n nh\u1ea5t \u0111\u00e3 g\u1eedi \u0111\u01b0\u1ee3c ghi l\u1ea1i v\u1edbi t\u1ea5t c\u1ea3 c\u00e1c \u0111\u1eb7c \u0111i\u1ec3m c\u1ee7a ch\u00fang. B\u1ea1n c\u00f3 th\u1ec3 l\u01b0u gi\u1eef t\u1ed1i \u0111a 200 b\u1ea3n ghi \u00e2m \u0111\u01b0\u1ee3c l\u01b0u tr\u1eef trong th\u01b0 m\u1ee5c t\u1ea3i xu\u1ed1ng c\u1ee7a \u0111i\u1ec7n tho\u1ea1i th\u00f4ng minh. M\u1ed7i b\u1ea3n ghi \u0111\u01b0\u1ee3c ghi th\u1eddi gian v\u00e0 c\u00f3 th\u1ec3 \u0111\u01b0\u1ee3c nghe, \u0111\u1ed5i t\u00ean ho\u1eb7c x\u00f3a.","robots":{"index":"index","follow":"follow","max-snippet":"max-snippet:-1","max-image-preview":"max-image-preview:large","max-video-preview":"max-video-preview:-1"},"canonical":"L\u1ecaCH S\u1eec C\u1ea2NH B\u00c1O 50 c\u1ea3nh b\u00e1o g\u1ea7n nh\u1ea5t \u0111\u00e3 g\u1eedi \u0111\u01b0\u1ee3c ghi l\u1ea1i v\u1edbi t\u1ea5t c\u1ea3 c\u00e1c \u0111\u1eb7c \u0111i\u1ec3m c\u1ee7a ch\u00fang (1) H\u1ecd v\u00e0 t\u00ean li\u00ean h\u1ec7 \u0111\u01b0\u1ee3c y\u00eau c\u1ea7u(2) Ng\u00e0y v\u00e0 gi\u1edd k\u00edch ho\u1ea1t c\u1ea3nh b\u00e1o(3) Bi\u1ec3u t\u01b0\u1ee3ng t\u00f3m t\u1eaft n\u1ed9i dung c\u1ea3nh b\u00e1o (trong v\u00ed d\u1ee5: cu\u1ed9c g\u1ecdi \u0111i\u1ec7n tho\u1ea1i, g\u1eedi SMS&hellip;","og_locale":"vi_VN","og_type":"article","og_title":"L\u1ecbch s\u1eed v\u00e0 b\u1ea3n ghi \u00e2m","og_description":"50 c\u1ea3nh b\u00e1o g\u1ea7n nh\u1ea5t \u0111\u00e3 g\u1eedi \u0111\u01b0\u1ee3c ghi l\u1ea1i v\u1edbi t\u1ea5t c\u1ea3 c\u00e1c \u0111\u1eb7c \u0111i\u1ec3m c\u1ee7a ch\u00fang. B\u1ea1n c\u00f3 th\u1ec3 l\u01b0u gi\u1eef t\u1ed1i \u0111a 200 b\u1ea3n ghi \u00e2m \u0111\u01b0\u1ee3c l\u01b0u tr\u1eef trong th\u01b0 m\u1ee5c t\u1ea3i xu\u1ed1ng c\u1ee7a \u0111i\u1ec7n tho\u1ea1i th\u00f4ng minh. M\u1ed7i b\u1ea3n ghi \u0111\u01b0\u1ee3c ghi th\u1eddi gian v\u00e0 c\u00f3 th\u1ec3 \u0111\u01b0\u1ee3c nghe, \u0111\u1ed5i t\u00ean ho\u1eb7c x\u00f3a.","og_url":"https:\/\/www.dataslatitudes.com\/sosuniversal\/vi\/ecran-principal\/mode-emploi-historique-enregistrement-audio\/","og_site_name":"SOS Universal","article_modified_time":"2025-07-21T16:04:04+00:00","twitter_card":"summary_large_image","twitter_misc":{"\u01af\u1edbc t\u00ednh th\u1eddi gian \u0111\u1ecdc":"2 ph\u00fat"},"schema":{"@context":"https:\/\/schema.org","@graph":[{"@type":"WebPage","@id":"https:\/\/www.dataslatitudes.com\/sosuniversal\/vi\/ecran-principal\/mode-emploi-historique-enregistrement-audio\/","url":"https:\/\/www.dataslatitudes.com\/sosuniversal\/vi\/ecran-principal\/mode-emploi-historique-enregistrement-audio\/","name":"Historique et enregistrements audios - SOS Universal","isPartOf":{"@id":"https:\/\/www.dataslatitudes.com\/sosuniversal\/#website"},"primaryImageOfPage":{"@id":"https:\/\/www.dataslatitudes.com\/sosuniversal\/vi\/ecran-principal\/mode-emploi-historique-enregistrement-audio\/#primaryimage"},"image":{"@id":"https:\/\/www.dataslatitudes.com\/sosuniversal\/vi\/ecran-principal\/mode-emploi-historique-enregistrement-audio\/#primaryimage"},"thumbnailUrl":"http:\/\/www.dataslatitudes.com\/sosuniversal\/wp-content\/uploads\/2025\/07\/fr_historique_alerte_puce-459x1024.webp","datePublished":"2025-06-13T07:09:52+00:00","dateModified":"2025-07-21T16:04:04+00:00","description":"Les 50 derni\u00e8res alertes \u00e9mises sont historis\u00e9es avec toutes leurs caract\u00e9ristiques. Vous pouvez conserver jusqu\u2019\u00e0 200 enregistrements audios qui sont stock\u00e9s dans le r\u00e9pertoire des t\u00e9l\u00e9chargements du smartphone. Chaque enregistrement est horodat\u00e9 et peut \u00eatre \u00e9cout\u00e9, renomm\u00e9 ou supprim\u00e9.","breadcrumb":{"@id":"https:\/\/www.dataslatitudes.com\/sosuniversal\/vi\/ecran-principal\/mode-emploi-historique-enregistrement-audio\/#breadcrumb"},"inLanguage":"vi","potentialAction":[{"@type":"ReadAction","target":["https:\/\/www.dataslatitudes.com\/sosuniversal\/vi\/ecran-principal\/mode-emploi-historique-enregistrement-audio\/"]}]},{"@type":"ImageObject","inLanguage":"vi","@id":"https:\/\/www.dataslatitudes.com\/sosuniversal\/vi\/ecran-principal\/mode-emploi-historique-enregistrement-audio\/#primaryimage","url":"http:\/\/www.dataslatitudes.com\/sosuniversal\/wp-content\/uploads\/2025\/07\/fr_historique_alerte_puce-459x1024.webp","contentUrl":"http:\/\/www.dataslatitudes.com\/sosuniversal\/wp-content\/uploads\/2025\/07\/fr_historique_alerte_puce-459x1024.webp"},{"@type":"BreadcrumbList","@id":"https:\/\/www.dataslatitudes.com\/sosuniversal\/vi\/ecran-principal\/mode-emploi-historique-enregistrement-audio\/#breadcrumb","itemListElement":[{"@type":"ListItem","position":1,"name":"Gi\u1edbi thi\u1ec7u","item":"https:\/\/www.dataslatitudes.com\/sosuniversal\/fr\/"},{"@type":"ListItem","position":2,"name":"M\u00e0n h\u00ecnh ch\u00ednh","item":"https:\/\/www.dataslatitudes.com\/sosuniversal\/ecran-principal\/"},{"@type":"ListItem","position":3,"name":"L\u1ecbch s\u1eed v\u00e0 b\u1ea3n ghi \u00e2m"}]},{"@type":"WebSite","@id":"https:\/\/www.dataslatitudes.com\/sosuniversal\/vi\/#website","url":"https:\/\/www.dataslatitudes.com\/sosuniversal\/vi\/","name":"SOS Universal","description":"","publisher":{"@id":"https:\/\/www.dataslatitudes.com\/sosuniversal\/vi\/#organization"},"potentialAction":[{"@type":"SearchAction","target":{"@type":"EntryPoint","urlTemplate":"https:\/\/www.dataslatitudes.com\/sosuniversal\/vi\/?s={search_term_string}"},"query-input":{"@type":"PropertyValueSpecification","valueRequired":true,"valueName":"search_term_string"}}],"inLanguage":"vi"},{"@type":"Organization","@id":"https:\/\/www.dataslatitudes.com\/sosuniversal\/vi\/#organization","name":"DATASLATITUDES","url":"https:\/\/www.dataslatitudes.com\/sosuniversal\/vi\/","logo":{"@type":"ImageObject","inLanguage":"vi","@id":"https:\/\/www.dataslatitudes.com\/sosuniversal\/vi\/#\/schema\/logo\/image\/","url":"https:\/\/www.dataslatitudes.com\/sosuniversal\/wp-content\/uploads\/2025\/07\/logo_mrdv.png","contentUrl":"https:\/\/www.dataslatitudes.com\/sosuniversal\/wp-content\/uploads\/2025\/07\/logo_mrdv.png","width":72,"height":72,"caption":"DATASLATITUDES"},"image":{"@id":"https:\/\/www.dataslatitudes.com\/sosuniversal\/vi\/#\/schema\/logo\/image\/"}}]}},"_links":{"self":[{"href":"https:\/\/www.dataslatitudes.com\/sosuniversal\/vi\/wp-json\/wp\/v2\/pages\/246","targetHints":{"allow":["GET"]}}],"collection":[{"href":"https:\/\/www.dataslatitudes.com\/sosuniversal\/vi\/wp-json\/wp\/v2\/pages"}],"about":[{"href":"https:\/\/www.dataslatitudes.com\/sosuniversal\/vi\/wp-json\/wp\/v2\/types\/page"}],"author":[{"embeddable":true,"href":"https:\/\/www.dataslatitudes.com\/sosuniversal\/vi\/wp-json\/wp\/v2\/users\/1"}],"replies":[{"embeddable":true,"href":"https:\/\/www.dataslatitudes.com\/sosuniversal\/vi\/wp-json\/wp\/v2\/comments?post=246"}],"version-history":[{"count":24,"href":"https:\/\/www.dataslatitudes.com\/sosuniversal\/vi\/wp-json\/wp\/v2\/pages\/246\/revisions"}],"predecessor-version":[{"id":1054,"href":"https:\/\/www.dataslatitudes.com\/sosuniversal\/vi\/wp-json\/wp\/v2\/pages\/246\/revisions\/1054"}],"up":[{"embeddable":true,"href":"https:\/\/www.dataslatitudes.com\/sosuniversal\/vi\/wp-json\/wp\/v2\/pages\/14"}],"wp:attachment":[{"href":"https:\/\/www.dataslatitudes.com\/sosuniversal\/vi\/wp-json\/wp\/v2\/media?parent=246"}],"curies":[{"name":"wp","href":"https:\/\/api.w.org\/{rel}","templated":true}]}}