{"id":187,"date":"2025-06-12T17:37:24","date_gmt":"2025-06-12T17:37:24","guid":{"rendered":"https:\/\/www.dataslatitudes.com\/sosuniversal\/index.php\/mode-demploi\/"},"modified":"2025-07-21T15:59:54","modified_gmt":"2025-07-21T15:59:54","slug":"mode-emploi-contact","status":"publish","type":"page","link":"https:\/\/www.dataslatitudes.com\/sosuniversal\/vi\/ecran-principal\/mode-emploi-contact\/","title":{"rendered":"Qu\u1ea3n l\u00fd li\u00ean h\u1ec7"},"content":{"rendered":"\r\n<p class=\"has-small-font-size\" style=\"border-style:none;border-width:0px\"><\/p>\r\n\r\n\r\n\r\n<h1 class=\"wp-block-heading has-text-align-center has-medium-font-size\"><strong>QU\u1ea2N L\u00dd LI\u00caN H\u1ec6<\/strong><\/h1>\r\n\r\n\r\n\r\n<p style=\"font-size:1rem\">C\u00e1c li\u00ean h\u1ec7 l\u00e0 nh\u1eefng ng\u01b0\u1eddi b\u1ea1n tin c\u1eady do b\u1ea1n l\u1ef1a ch\u1ecdn, nh\u1eefng ng\u01b0\u1eddi s\u1ebd \u0111\u01b0\u1ee3c th\u00f4ng b\u00e1o ho\u1eb7c y\u00eau c\u1ea7u (qua cu\u1ed9c g\u1ecdi \u0111i\u1ec7n tho\u1ea1i ho\u1eb7c SMS) khi m\u1ed9t c\u1ea3nh b\u00e1o \u0111\u01b0\u1ee3c k\u00edch ho\u1ea1t.<\/p>\r\n\r\n\r\n\r\n<div class=\"wp-block-columns are-vertically-aligned-center is-layout-flex wp-container-core-columns-is-layout-c0b51a3c wp-block-columns-is-layout-flex\" style=\"margin-top:0;margin-bottom:0;padding-top:0;padding-bottom:0\">\r\n<div class=\"wp-block-column is-vertically-aligned-center is-layout-flow wp-block-column-is-layout-flow\" style=\"flex-basis:33.33%\">\r\n<figure class=\"wp-block-image aligncenter size-large is-resized\"><img decoding=\"async\" src=\"http:\/\/www.dataslatitudes.com\/sosuniversal\/wp-content\/uploads\/vi_contact_gestion_puce-459x1024.webp\" alt=\"SOS Universal - qu\u1ea3n l\u00fd li\u00ean h\u1ec7\" class=\"wp-image-265\" style=\"width:260px\"\/><\/figure>\r\n<\/div>\r\n\r\n\r\n\r\n<div class=\"wp-block-column is-vertically-aligned-center is-layout-flow wp-container-core-column-is-layout-b2a27621 wp-block-column-is-layout-flow\" style=\"padding-top:0;padding-right:0;padding-bottom:0;padding-left:0;flex-basis:66.66%\">\r\n<p style=\"margin-top:var(--wp--preset--spacing--20);margin-bottom:var(--wp--preset--spacing--20);font-size:1rem\">(1) Truy c\u1eadp menu chung<\/p>\r\n\r\n\r\n\r\n<p style=\"margin-top:var(--wp--preset--spacing--20);margin-bottom:var(--wp--preset--spacing--20);font-size:1rem\">(2) Danh s\u00e1ch c\u00e1c li\u00ean h\u1ec7 \u0111\u00e3 l\u01b0u:<br>&#8211; m\u1ed9t li\u00ean h\u1ec7 b\u1ecb g\u1ea1ch ngang (b\u1eb1ng c\u00e1ch nh\u1ea5p \u0111\u01a1n gi\u1ea3n) \u0111\u1ec3 t\u1ea1m th\u1eddi v\u00f4 hi\u1ec7u h\u00f3a (v\u00ed d\u1ee5 \u1edf \u0111\u00e2y: Jean Dupond). M\u1ed9t l\u1ea7n nh\u1ea5p th\u1ee9 hai cho ph\u00e9p k\u00edch ho\u1ea1t l\u1ea1i.<br>&#8211; bi\u1ec3u t\u01b0\u1ee3ng m\u00e0u xanh l\u00e1 c\u00e2y (i) cho bi\u1ebft li\u00ean h\u1ec7 \u0111\u00e3 \u0111\u01b0\u1ee3c th\u00f4ng b\u00e1o r\u1eb1ng h\u1ecd c\u00f3 th\u1ec3 \u0111\u01b0\u1ee3c y\u00eau c\u1ea7u b\u1edfi m\u1ed9t c\u1ea3nh b\u00e1o.<br>&#8211; bi\u1ec3u t\u01b0\u1ee3ng m\u00e0u \u0111\u1ecf (x) cho bi\u1ebft li\u00ean h\u1ec7 ch\u01b0a \u0111\u01b0\u1ee3c th\u00f4ng b\u00e1o.<\/p>\r\n\r\n\r\n\r\n<p style=\"margin-top:var(--wp--preset--spacing--20);margin-bottom:var(--wp--preset--spacing--20);font-size:1rem;text-decoration:underline\">L\u01b0u \u00fd: \u0111\u1ec3 c\u00f3 th\u1ec3 s\u1eed d\u1ee5ng trong m\u1ed9t c\u1ea3nh b\u00e1o, m\u1ed9t li\u00ean h\u1ec7 ph\u1ea3i \u0111ang ho\u1ea1t \u0111\u1ed9ng V\u00c0 \u0111\u00e3 \u0111\u01b0\u1ee3c th\u00f4ng b\u00e1o.<\/p>\r\n\r\n\r\n\r\n<p style=\"margin-top:var(--wp--preset--spacing--20);margin-bottom:var(--wp--preset--spacing--20);font-size:1rem\">(9) T\u00f3m t\u1eaft s\u1ed1 l\u01b0\u1ee3ng li\u00ean h\u1ec7 ho\u1ea1t \u0111\u1ed9ng c\u00f3 \u1edf cu\u1ed1i m\u00e0n h\u00ecnh.<\/p>\r\n\r\n\r\n\r\n<p style=\"padding-top:0;padding-bottom:0;font-size:1rem\">(7) X\u00f3a li\u00ean h\u1ec7<br>(8) S\u1eeda \u0111\u1ed5i li\u00ean h\u1ec7<\/p>\r\n<\/div>\r\n<\/div>\r\n\r\n\r\n\r\n<p class=\"has-small-font-size\"><\/p>\r\n\r\n\r\n\r\n<div class=\"wp-block-columns is-layout-flex wp-container-core-columns-is-layout-ea9f20df wp-block-columns-is-layout-flex\" style=\"margin-top:0;margin-bottom:0;padding-top:var(--wp--preset--spacing--30);padding-right:0;padding-bottom:var(--wp--preset--spacing--30);padding-left:0\">\r\n<div class=\"wp-block-column is-vertically-aligned-top is-layout-flow wp-block-column-is-layout-flow\" style=\"padding-top:0;padding-bottom:0\">\r\n<h2 class=\"wp-block-heading has-text-align-center\" style=\"margin-top:0;margin-bottom:0;font-size:1rem\">(3)(8) Th\u00eam \/ S\u1eeda \u0111\u1ed5i<\/h2>\r\n\r\n\r\n\r\n<figure class=\"wp-block-image aligncenter size-large is-resized\" style=\"margin-top:0;margin-bottom:0\"><img decoding=\"async\" src=\"http:\/\/www.dataslatitudes.com\/sosuniversal\/wp-content\/uploads\/vi_contact_ajout_modification-459x1024.webp\" alt=\"SOS Universal - th\u00eam ho\u1eb7c s\u1eeda \u0111\u1ed5i li\u00ean h\u1ec7\" class=\"wp-image-761\" style=\"width:260px\"\/><\/figure>\r\n\r\n\r\n\r\n<p class=\"has-text-align-center\" style=\"margin-top:0;margin-bottom:0;font-size:1rem\">Tin nh\u1eafn t\u00f9y ch\u1ec9nh (n\u1ebfu c\u00f3) thay th\u1ebf tin nh\u1eafn SMS ti\u00eau chu\u1ea9n.<br><strong>L\u01b0u \u00fd: <\/strong>\u0111\u1ec3 tu\u00e2n th\u1ee7 c\u00e1c quy \u0111\u1ecbnh hi\u1ec7n h\u00e0nh \u1edf nhi\u1ec1u qu\u1ed1c gia, c\u00e1c s\u1ed1 d\u1ecbch v\u1ee5 kh\u1ea9n c\u1ea5p ch\u00ednh th\u1ee9c (v\u00ed d\u1ee5: 17, 18, 112, 911, v.v.) b\u1ecb c\u1ea5m.<br>Ng\u00e0y \u0111\u01b0\u1ee3c th\u1ec3 hi\u1ec7n theo \u0111\u1ecbnh d\u1ea1ng YYYY-MM-DD (ti\u00eau chu\u1ea9n qu\u1ed1c t\u1ebf ISO 8601).<\/p>\r\n\r\n\r\n\r\n<p style=\"margin-top:var(--wp--preset--spacing--40);margin-bottom:var(--wp--preset--spacing--40)\"><\/p>\r\n<\/div>\r\n\r\n\r\n\r\n<div class=\"wp-block-column is-vertically-aligned-top is-layout-flow wp-container-core-column-is-layout-15d35364 wp-block-column-is-layout-flow\" style=\"padding-top:0;padding-bottom:0\">\r\n<h2 class=\"wp-block-heading has-text-align-center\" style=\"margin-top:0;margin-bottom:0;font-size:1rem\">(4) Th\u00eam t\u1eeb danh b\u1ea1 \u0111i\u1ec7n tho\u1ea1i th\u00f4ng minh<\/h2>\r\n\r\n\r\n\r\n<figure class=\"wp-block-image aligncenter size-large is-resized\" style=\"margin-top:0;margin-bottom:0\"><img decoding=\"async\" src=\"http:\/\/www.dataslatitudes.com\/sosuniversal\/wp-content\/uploads\/vi_contact_ajout_smartphone-459x1024.webp\" alt=\"SOS Universal - th\u00eam li\u00ean h\u1ec7 t\u1eeb danh b\u1ea1\" class=\"wp-image-697\" style=\"width:260px\"\/><\/figure>\r\n\r\n\r\n\r\n<p class=\"has-text-align-center\" style=\"margin-top:0;margin-bottom:0;font-size:1rem\">C\u00f3 th\u1ec3 t\u00ecm ki\u1ebfm trong danh b\u1ea1 c\u1ee7a \u0111i\u1ec7n tho\u1ea1i th\u00f4ng minh.<\/p>\r\n\r\n\r\n\r\n<p style=\"margin-top:var(--wp--preset--spacing--40);margin-bottom:var(--wp--preset--spacing--40)\"><\/p>\r\n<\/div>\r\n\r\n\r\n\r\n<div class=\"wp-block-column is-vertically-aligned-top is-layout-flow wp-container-core-column-is-layout-47e5a185 wp-block-column-is-layout-flow\">\r\n<h2 class=\"wp-block-heading has-text-align-center\" style=\"margin-top:0;margin-bottom:0;font-size:1rem\">(5) \u01afu ti\u00ean li\u00ean h\u1ec7<\/h2>\r\n\r\n\r\n\r\n<figure class=\"wp-block-image aligncenter size-large is-resized\" style=\"margin-top:0;margin-bottom:0\"><img decoding=\"async\" src=\"http:\/\/www.dataslatitudes.com\/sosuniversal\/wp-content\/uploads\/vi_contact_priorisation-459x1024.webp\" alt=\"SOS Universal - \u01b0u ti\u00ean li\u00ean h\u1ec7\" class=\"wp-image-275\" style=\"width:260px\"\/><\/figure>\r\n\r\n\r\n\r\n<p class=\"has-text-align-center\" style=\"font-size:1rem\">C\u00e1c li\u00ean h\u1ec7 \u0111\u01b0\u1ee3c \u01b0u ti\u00ean b\u1eb1ng c\u00e1ch k\u00e9o \/ di chuy\u1ec3n.<\/p>\r\n\r\n\r\n\r\n<p style=\"margin-top:var(--wp--preset--spacing--30);margin-bottom:var(--wp--preset--spacing--30)\"><\/p>\r\n<\/div>\r\n\r\n\r\n\r\n<div class=\"wp-block-column is-layout-flow wp-container-core-column-is-layout-47e5a185 wp-block-column-is-layout-flow\">\r\n<h2 class=\"wp-block-heading has-text-align-center\" style=\"margin-top:0;margin-bottom:0;font-size:1rem\">(6) Th\u00f4ng b\u00e1o<\/h2>\r\n\r\n\r\n\r\n<figure class=\"wp-block-image aligncenter size-large is-resized\" style=\"margin-top:0;margin-bottom:0\"><img decoding=\"async\" src=\"http:\/\/www.dataslatitudes.com\/sosuniversal\/wp-content\/uploads\/vi_contact_information-459x1024.webp\" alt=\"SOS Universal - th\u00f4ng tin li\u00ean h\u1ec7\" class=\"wp-image-274\" style=\"width:260px\"\/><\/figure>\r\n\r\n\r\n\r\n<p class=\"has-text-align-center\" style=\"font-size:1rem\">Tin nh\u1eafn b\u1ed5 sung l\u00e0 b\u1eaft bu\u1ed9c<\/p>\r\n\r\n\r\n\r\n<p style=\"margin-top:var(--wp--preset--spacing--40);margin-bottom:var(--wp--preset--spacing--40)\"><\/p>\r\n<\/div>\r\n<\/div>\r\n","protected":false},"excerpt":{"rendered":"<p>QU\u1ea2N L\u00dd LI\u00caN H\u1ec6 C\u00e1c li\u00ean h\u1ec7 l\u00e0 nh\u1eefng ng\u01b0\u1eddi b\u1ea1n tin c\u1eady do b\u1ea1n l\u1ef1a ch\u1ecdn, nh\u1eefng ng\u01b0\u1eddi s\u1ebd [&hellip;]<\/p>\n","protected":false},"author":1,"featured_media":0,"parent":14,"menu_order":1,"comment_status":"closed","ping_status":"closed","template":"","meta":{"site-sidebar-layout":"default","site-content-layout":"","ast-site-content-layout":"","site-content-style":"default","site-sidebar-style":"default","ast-global-header-display":"","ast-banner-title-visibility":"","ast-main-header-display":"","ast-hfb-above-header-display":"","ast-hfb-below-header-display":"","ast-hfb-mobile-header-display":"","site-post-title":"disabled","ast-breadcrumbs-content":"","ast-featured-img":"","footer-sml-layout":"","theme-transparent-header-meta":"","adv-header-id-meta":"","stick-header-meta":"","header-above-stick-meta":"","header-main-stick-meta":"","header-below-stick-meta":"","astra-migrate-meta-layouts":"default","ast-page-background-enabled":"default","ast-page-background-meta":{"desktop":{"background-color":"var(--ast-global-color-5)","background-image":"","background-repeat":"repeat","background-position":"center center","background-size":"auto","background-attachment":"scroll","background-type":"","background-media":"","overlay-type":"","overlay-color":"","overlay-opacity":"","overlay-gradient":""},"tablet":{"background-color":"","background-image":"","background-repeat":"repeat","background-position":"center center","background-size":"auto","background-attachment":"scroll","background-type":"","background-media":"","overlay-type":"","overlay-color":"","overlay-opacity":"","overlay-gradient":""},"mobile":{"background-color":"","background-image":"","background-repeat":"repeat","background-position":"center center","background-size":"auto","background-attachment":"scroll","background-type":"","background-media":"","overlay-type":"","overlay-color":"","overlay-opacity":"","overlay-gradient":""}},"ast-content-background-meta":{"desktop":{"background-color":"var(--ast-global-color-4)","background-image":"","background-repeat":"repeat","background-position":"center center","background-size":"auto","background-attachment":"scroll","background-type":"","background-media":"","overlay-type":"","overlay-color":"","overlay-opacity":"","overlay-gradient":""},"tablet":{"background-color":"var(--ast-global-color-4)","background-image":"","background-repeat":"repeat","background-position":"center center","background-size":"auto","background-attachment":"scroll","background-type":"","background-media":"","overlay-type":"","overlay-color":"","overlay-opacity":"","overlay-gradient":""},"mobile":{"background-color":"var(--ast-global-color-4)","background-image":"","background-repeat":"repeat","background-position":"center center","background-size":"auto","background-attachment":"scroll","background-type":"","background-media":"","overlay-type":"","overlay-color":"","overlay-opacity":"","overlay-gradient":""}},"footnotes":""},"class_list":["post-187","page","type-page","status-publish","hentry"],"yoast_head":"<!-- This site is optimized with the Yoast SEO plugin v25.6 - https:\/\/yoast.com\/wordpress\/plugins\/seo\/ -->\n<title>Qu\u1ea3n l\u00fd li\u00ean h\u1ec7<\/title>\n<meta name=\"description\" content=\"C\u00e1c li\u00ean h\u1ec7 l\u00e0 nh\u1eefng ng\u01b0\u1eddi b\u1ea1n tin c\u1eady do b\u1ea1n l\u1ef1a ch\u1ecdn, nh\u1eefng ng\u01b0\u1eddi s\u1ebd \u0111\u01b0\u1ee3c th\u00f4ng b\u00e1o ho\u1eb7c y\u00eau c\u1ea7u (qua cu\u1ed9c g\u1ecdi \u0111i\u1ec7n tho\u1ea1i ho\u1eb7c SMS) khi m\u1ed9t c\u1ea3nh b\u00e1o \u0111\u01b0\u1ee3c k\u00edch ho\u1ea1t. C\u00f3 th\u1ec3 truy xu\u1ea5t c\u00e1c li\u00ean h\u1ec7 t\u1eeb danh b\u1ea1 \u0111i\u1ec7n tho\u1ea1i th\u00f4ng minh. C\u00e1c li\u00ean h\u1ec7 c\u00f3 th\u1ec3 \u0111\u01b0\u1ee3c \u01b0u ti\u00ean v\u00e0 h\u1ecd \u0111\u01b0\u1ee3c th\u00f4ng b\u00e1o. M\u1ed9t li\u00ean h\u1ec7 c\u00f3 th\u1ec3 \u0111\u01b0\u1ee3c t\u1ea1m th\u1eddi t\u1eaft.\" \/>\n<meta name=\"robots\" content=\"index, follow, max-snippet:-1, max-image-preview:large, max-video-preview:-1\" \/>\n<link rel=\"canonical\" href=\"\" \/>\n<meta property=\"og:locale\" content=\"vi_VN\" \/>\n<meta property=\"og:type\" content=\"article\" \/>\n<meta property=\"og:title\" content=\"Qu\u1ea3n l\u00fd li\u00ean h\u1ec7\" \/>\n<meta property=\"og:description\" content=\"C\u00e1c li\u00ean h\u1ec7 l\u00e0 nh\u1eefng ng\u01b0\u1eddi b\u1ea1n tin c\u1eady do b\u1ea1n l\u1ef1a ch\u1ecdn, nh\u1eefng ng\u01b0\u1eddi s\u1ebd \u0111\u01b0\u1ee3c th\u00f4ng b\u00e1o ho\u1eb7c y\u00eau c\u1ea7u (qua cu\u1ed9c g\u1ecdi \u0111i\u1ec7n tho\u1ea1i ho\u1eb7c SMS) khi m\u1ed9t c\u1ea3nh b\u00e1o \u0111\u01b0\u1ee3c k\u00edch ho\u1ea1t. C\u00f3 th\u1ec3 truy xu\u1ea5t c\u00e1c li\u00ean h\u1ec7 t\u1eeb danh b\u1ea1 \u0111i\u1ec7n tho\u1ea1i th\u00f4ng minh. C\u00e1c li\u00ean h\u1ec7 c\u00f3 th\u1ec3 \u0111\u01b0\u1ee3c \u01b0u ti\u00ean v\u00e0 h\u1ecd \u0111\u01b0\u1ee3c th\u00f4ng b\u00e1o. M\u1ed9t li\u00ean h\u1ec7 c\u00f3 th\u1ec3 \u0111\u01b0\u1ee3c t\u1ea1m th\u1eddi t\u1eaft.\" \/>\n<meta property=\"og:url\" content=\"https:\/\/www.dataslatitudes.com\/sosuniversal\/vi\/ecran-principal\/mode-emploi-contact\/\" \/>\n<meta property=\"og:site_name\" content=\"SOS Universal\" \/>\n<meta property=\"article:modified_time\" content=\"2025-07-21T15:59:54+00:00\" \/>\n<meta name=\"twitter:card\" content=\"summary_large_image\" \/>\n<meta name=\"twitter:label1\" content=\"\u01af\u1edbc t\u00ednh th\u1eddi gian \u0111\u1ecdc\" \/>\n\t<meta name=\"twitter:data1\" content=\"3 ph\u00fat\" \/>\n<script type=\"application\/ld+json\" class=\"yoast-schema-graph\">{\"@context\":\"https:\/\/schema.org\",\"@graph\":[{\"@type\":\"WebPage\",\"@id\":\"https:\/\/www.dataslatitudes.com\/sosuniversal\/vi\/ecran-principal\/mode-emploi-contact\/\",\"url\":\"https:\/\/www.dataslatitudes.com\/sosuniversal\/vi\/ecran-principal\/mode-emploi-contact\/\",\"name\":\"Gestion des contacts - SOS Universal\",\"isPartOf\":{\"@id\":\"https:\/\/www.dataslatitudes.com\/sosuniversal\/#website\"},\"primaryImageOfPage\":{\"@id\":\"https:\/\/www.dataslatitudes.com\/sosuniversal\/vi\/ecran-principal\/mode-emploi-contact\/#primaryimage\"},\"image\":{\"@id\":\"https:\/\/www.dataslatitudes.com\/sosuniversal\/vi\/ecran-principal\/mode-emploi-contact\/#primaryimage\"},\"thumbnailUrl\":\"http:\/\/www.dataslatitudes.com\/sosuniversal\/wp-content\/uploads\/2025\/07\/fr_contact_gestion_puce-459x1024.webp\",\"datePublished\":\"2025-06-12T17:37:24+00:00\",\"dateModified\":\"2025-07-21T15:59:54+00:00\",\"description\":\"Les contacts sont les personnes de confiance de votre choix qui sont pr\u00e9venues ou sollicit\u00e9es (par appel t\u00e9l\u00e9phonique ou par SMS) lorsqu\u2019une alerte est d\u00e9clench\u00e9e. Il est possible de r\u00e9cup\u00e9rer ceux du carnet d'adresses du smartphone. Les contacts peuvent \u00eatre prioris\u00e9s et ils sont inform\u00e9s. Un contact peut \u00eatre d\u00e9sactiv\u00e9 momentan\u00e9ment.\",\"breadcrumb\":{\"@id\":\"https:\/\/www.dataslatitudes.com\/sosuniversal\/vi\/ecran-principal\/mode-emploi-contact\/#breadcrumb\"},\"inLanguage\":\"vi\",\"potentialAction\":[{\"@type\":\"ReadAction\",\"target\":[\"https:\/\/www.dataslatitudes.com\/sosuniversal\/vi\/ecran-principal\/mode-emploi-contact\/\"]}]},{\"@type\":\"ImageObject\",\"inLanguage\":\"vi\",\"@id\":\"https:\/\/www.dataslatitudes.com\/sosuniversal\/vi\/ecran-principal\/mode-emploi-contact\/#primaryimage\",\"url\":\"http:\/\/www.dataslatitudes.com\/sosuniversal\/wp-content\/uploads\/2025\/07\/fr_contact_gestion_puce-459x1024.webp\",\"contentUrl\":\"http:\/\/www.dataslatitudes.com\/sosuniversal\/wp-content\/uploads\/2025\/07\/fr_contact_gestion_puce-459x1024.webp\"},{\"@type\":\"BreadcrumbList\",\"@id\":\"https:\/\/www.dataslatitudes.com\/sosuniversal\/vi\/ecran-principal\/mode-emploi-contact\/#breadcrumb\",\"itemListElement\":[{\"@type\":\"ListItem\",\"position\":1,\"name\":\"Gi\u1edbi thi\u1ec7u\",\"item\":\"https:\/\/www.dataslatitudes.com\/sosuniversal\/fr\/\"},{\"@type\":\"ListItem\",\"position\":2,\"name\":\"M\u00e0n h\u00ecnh ch\u00ednh\",\"item\":\"https:\/\/www.dataslatitudes.com\/sosuniversal\/ecran-principal\/\"},{\"@type\":\"ListItem\",\"position\":3,\"name\":\"Qu\u1ea3n l\u00fd li\u00ean h\u1ec7\"}]},{\"@type\":\"WebSite\",\"@id\":\"https:\/\/www.dataslatitudes.com\/sosuniversal\/vi\/#website\",\"url\":\"https:\/\/www.dataslatitudes.com\/sosuniversal\/vi\/\",\"name\":\"SOS Universal\",\"description\":\"\",\"publisher\":{\"@id\":\"https:\/\/www.dataslatitudes.com\/sosuniversal\/vi\/#organization\"},\"potentialAction\":[{\"@type\":\"SearchAction\",\"target\":{\"@type\":\"EntryPoint\",\"urlTemplate\":\"https:\/\/www.dataslatitudes.com\/sosuniversal\/vi\/?s={search_term_string}\"},\"query-input\":{\"@type\":\"PropertyValueSpecification\",\"valueRequired\":true,\"valueName\":\"search_term_string\"}}],\"inLanguage\":\"vi\"},{\"@type\":\"Organization\",\"@id\":\"https:\/\/www.dataslatitudes.com\/sosuniversal\/vi\/#organization\",\"name\":\"DATASLATITUDES\",\"url\":\"https:\/\/www.dataslatitudes.com\/sosuniversal\/vi\/\",\"logo\":{\"@type\":\"ImageObject\",\"inLanguage\":\"vi\",\"@id\":\"https:\/\/www.dataslatitudes.com\/sosuniversal\/vi\/#\/schema\/logo\/image\/\",\"url\":\"https:\/\/www.dataslatitudes.com\/sosuniversal\/wp-content\/uploads\/2025\/07\/logo_mrdv.png\",\"contentUrl\":\"https:\/\/www.dataslatitudes.com\/sosuniversal\/wp-content\/uploads\/2025\/07\/logo_mrdv.png\",\"width\":72,\"height\":72,\"caption\":\"DATASLATITUDES\"},\"image\":{\"@id\":\"https:\/\/www.dataslatitudes.com\/sosuniversal\/vi\/#\/schema\/logo\/image\/\"}}]}<\/script>\n<!-- \/ Yoast SEO plugin. -->","yoast_head_json":{"title":"Qu\u1ea3n l\u00fd li\u00ean h\u1ec7","description":"C\u00e1c li\u00ean h\u1ec7 l\u00e0 nh\u1eefng ng\u01b0\u1eddi b\u1ea1n tin c\u1eady do b\u1ea1n l\u1ef1a ch\u1ecdn, nh\u1eefng ng\u01b0\u1eddi s\u1ebd \u0111\u01b0\u1ee3c th\u00f4ng b\u00e1o ho\u1eb7c y\u00eau c\u1ea7u (qua cu\u1ed9c g\u1ecdi \u0111i\u1ec7n tho\u1ea1i ho\u1eb7c SMS) khi m\u1ed9t c\u1ea3nh b\u00e1o \u0111\u01b0\u1ee3c k\u00edch ho\u1ea1t. C\u00f3 th\u1ec3 truy xu\u1ea5t c\u00e1c li\u00ean h\u1ec7 t\u1eeb danh b\u1ea1 \u0111i\u1ec7n tho\u1ea1i th\u00f4ng minh. C\u00e1c li\u00ean h\u1ec7 c\u00f3 th\u1ec3 \u0111\u01b0\u1ee3c \u01b0u ti\u00ean v\u00e0 h\u1ecd \u0111\u01b0\u1ee3c th\u00f4ng b\u00e1o. M\u1ed9t li\u00ean h\u1ec7 c\u00f3 th\u1ec3 \u0111\u01b0\u1ee3c t\u1ea1m th\u1eddi t\u1eaft.","robots":{"index":"index","follow":"follow","max-snippet":"max-snippet:-1","max-image-preview":"max-image-preview:large","max-video-preview":"max-video-preview:-1"},"canonical":"QU\u1ea2N L\u00dd LI\u00caN H\u1ec6 C\u00e1c li\u00ean h\u1ec7 l\u00e0 nh\u1eefng ng\u01b0\u1eddi b\u1ea1n tin c\u1eady do b\u1ea1n l\u1ef1a ch\u1ecdn, nh\u1eefng ng\u01b0\u1eddi s\u1ebd \u0111\u01b0\u1ee3c th\u00f4ng b\u00e1o ho\u1eb7c y\u00eau c\u1ea7u (qua cu\u1ed9c g\u1ecdi \u0111i\u1ec7n tho\u1ea1i ho\u1eb7c SMS) khi m\u1ed9t c\u1ea3nh b\u00e1o \u0111\u01b0\u1ee3c k\u00edch ho\u1ea1t. (1) Truy c\u1eadp menu chung (2) Danh s\u00e1ch c\u00e1c li\u00ean h\u1ec7 \u0111\u00e3 l\u01b0u:- m\u1ed9t li\u00ean&hellip;","og_locale":"vi_VN","og_type":"article","og_title":"Qu\u1ea3n l\u00fd li\u00ean h\u1ec7","og_description":"C\u00e1c li\u00ean h\u1ec7 l\u00e0 nh\u1eefng ng\u01b0\u1eddi b\u1ea1n tin c\u1eady do b\u1ea1n l\u1ef1a ch\u1ecdn, nh\u1eefng ng\u01b0\u1eddi s\u1ebd \u0111\u01b0\u1ee3c th\u00f4ng b\u00e1o ho\u1eb7c y\u00eau c\u1ea7u (qua cu\u1ed9c g\u1ecdi \u0111i\u1ec7n tho\u1ea1i ho\u1eb7c SMS) khi m\u1ed9t c\u1ea3nh b\u00e1o \u0111\u01b0\u1ee3c k\u00edch ho\u1ea1t. C\u00f3 th\u1ec3 truy xu\u1ea5t c\u00e1c li\u00ean h\u1ec7 t\u1eeb danh b\u1ea1 \u0111i\u1ec7n tho\u1ea1i th\u00f4ng minh. C\u00e1c li\u00ean h\u1ec7 c\u00f3 th\u1ec3 \u0111\u01b0\u1ee3c \u01b0u ti\u00ean v\u00e0 h\u1ecd \u0111\u01b0\u1ee3c th\u00f4ng b\u00e1o. M\u1ed9t li\u00ean h\u1ec7 c\u00f3 th\u1ec3 \u0111\u01b0\u1ee3c t\u1ea1m th\u1eddi t\u1eaft.","og_url":"https:\/\/www.dataslatitudes.com\/sosuniversal\/vi\/ecran-principal\/mode-emploi-contact\/","og_site_name":"SOS Universal","article_modified_time":"2025-07-21T15:59:54+00:00","twitter_card":"summary_large_image","twitter_misc":{"\u01af\u1edbc t\u00ednh th\u1eddi gian \u0111\u1ecdc":"3 ph\u00fat"},"schema":{"@context":"https:\/\/schema.org","@graph":[{"@type":"WebPage","@id":"https:\/\/www.dataslatitudes.com\/sosuniversal\/vi\/ecran-principal\/mode-emploi-contact\/","url":"https:\/\/www.dataslatitudes.com\/sosuniversal\/vi\/ecran-principal\/mode-emploi-contact\/","name":"Gestion des contacts - SOS Universal","isPartOf":{"@id":"https:\/\/www.dataslatitudes.com\/sosuniversal\/#website"},"primaryImageOfPage":{"@id":"https:\/\/www.dataslatitudes.com\/sosuniversal\/vi\/ecran-principal\/mode-emploi-contact\/#primaryimage"},"image":{"@id":"https:\/\/www.dataslatitudes.com\/sosuniversal\/vi\/ecran-principal\/mode-emploi-contact\/#primaryimage"},"thumbnailUrl":"http:\/\/www.dataslatitudes.com\/sosuniversal\/wp-content\/uploads\/2025\/07\/fr_contact_gestion_puce-459x1024.webp","datePublished":"2025-06-12T17:37:24+00:00","dateModified":"2025-07-21T15:59:54+00:00","description":"Les contacts sont les personnes de confiance de votre choix qui sont pr\u00e9venues ou sollicit\u00e9es (par appel t\u00e9l\u00e9phonique ou par SMS) lorsqu\u2019une alerte est d\u00e9clench\u00e9e. Il est possible de r\u00e9cup\u00e9rer ceux du carnet d'adresses du smartphone. Les contacts peuvent \u00eatre prioris\u00e9s et ils sont inform\u00e9s. Un contact peut \u00eatre d\u00e9sactiv\u00e9 momentan\u00e9ment.","breadcrumb":{"@id":"https:\/\/www.dataslatitudes.com\/sosuniversal\/vi\/ecran-principal\/mode-emploi-contact\/#breadcrumb"},"inLanguage":"vi","potentialAction":[{"@type":"ReadAction","target":["https:\/\/www.dataslatitudes.com\/sosuniversal\/vi\/ecran-principal\/mode-emploi-contact\/"]}]},{"@type":"ImageObject","inLanguage":"vi","@id":"https:\/\/www.dataslatitudes.com\/sosuniversal\/vi\/ecran-principal\/mode-emploi-contact\/#primaryimage","url":"http:\/\/www.dataslatitudes.com\/sosuniversal\/wp-content\/uploads\/2025\/07\/fr_contact_gestion_puce-459x1024.webp","contentUrl":"http:\/\/www.dataslatitudes.com\/sosuniversal\/wp-content\/uploads\/2025\/07\/fr_contact_gestion_puce-459x1024.webp"},{"@type":"BreadcrumbList","@id":"https:\/\/www.dataslatitudes.com\/sosuniversal\/vi\/ecran-principal\/mode-emploi-contact\/#breadcrumb","itemListElement":[{"@type":"ListItem","position":1,"name":"Gi\u1edbi thi\u1ec7u","item":"https:\/\/www.dataslatitudes.com\/sosuniversal\/fr\/"},{"@type":"ListItem","position":2,"name":"M\u00e0n h\u00ecnh ch\u00ednh","item":"https:\/\/www.dataslatitudes.com\/sosuniversal\/ecran-principal\/"},{"@type":"ListItem","position":3,"name":"Qu\u1ea3n l\u00fd li\u00ean h\u1ec7"}]},{"@type":"WebSite","@id":"https:\/\/www.dataslatitudes.com\/sosuniversal\/vi\/#website","url":"https:\/\/www.dataslatitudes.com\/sosuniversal\/vi\/","name":"SOS Universal","description":"","publisher":{"@id":"https:\/\/www.dataslatitudes.com\/sosuniversal\/vi\/#organization"},"potentialAction":[{"@type":"SearchAction","target":{"@type":"EntryPoint","urlTemplate":"https:\/\/www.dataslatitudes.com\/sosuniversal\/vi\/?s={search_term_string}"},"query-input":{"@type":"PropertyValueSpecification","valueRequired":true,"valueName":"search_term_string"}}],"inLanguage":"vi"},{"@type":"Organization","@id":"https:\/\/www.dataslatitudes.com\/sosuniversal\/vi\/#organization","name":"DATASLATITUDES","url":"https:\/\/www.dataslatitudes.com\/sosuniversal\/vi\/","logo":{"@type":"ImageObject","inLanguage":"vi","@id":"https:\/\/www.dataslatitudes.com\/sosuniversal\/vi\/#\/schema\/logo\/image\/","url":"https:\/\/www.dataslatitudes.com\/sosuniversal\/wp-content\/uploads\/2025\/07\/logo_mrdv.png","contentUrl":"https:\/\/www.dataslatitudes.com\/sosuniversal\/wp-content\/uploads\/2025\/07\/logo_mrdv.png","width":72,"height":72,"caption":"DATASLATITUDES"},"image":{"@id":"https:\/\/www.dataslatitudes.com\/sosuniversal\/vi\/#\/schema\/logo\/image\/"}}]}},"_links":{"self":[{"href":"https:\/\/www.dataslatitudes.com\/sosuniversal\/vi\/wp-json\/wp\/v2\/pages\/187","targetHints":{"allow":["GET"]}}],"collection":[{"href":"https:\/\/www.dataslatitudes.com\/sosuniversal\/vi\/wp-json\/wp\/v2\/pages"}],"about":[{"href":"https:\/\/www.dataslatitudes.com\/sosuniversal\/vi\/wp-json\/wp\/v2\/types\/page"}],"author":[{"embeddable":true,"href":"https:\/\/www.dataslatitudes.com\/sosuniversal\/vi\/wp-json\/wp\/v2\/users\/1"}],"replies":[{"embeddable":true,"href":"https:\/\/www.dataslatitudes.com\/sosuniversal\/vi\/wp-json\/wp\/v2\/comments?post=187"}],"version-history":[{"count":47,"href":"https:\/\/www.dataslatitudes.com\/sosuniversal\/vi\/wp-json\/wp\/v2\/pages\/187\/revisions"}],"predecessor-version":[{"id":1050,"href":"https:\/\/www.dataslatitudes.com\/sosuniversal\/vi\/wp-json\/wp\/v2\/pages\/187\/revisions\/1050"}],"up":[{"embeddable":true,"href":"https:\/\/www.dataslatitudes.com\/sosuniversal\/vi\/wp-json\/wp\/v2\/pages\/14"}],"wp:attachment":[{"href":"https:\/\/www.dataslatitudes.com\/sosuniversal\/vi\/wp-json\/wp\/v2\/media?parent=187"}],"curies":[{"name":"wp","href":"https:\/\/api.w.org\/{rel}","templated":true}]}}