{"id":185,"date":"2025-06-12T17:24:48","date_gmt":"2025-06-12T17:24:48","guid":{"rendered":"https:\/\/www.dataslatitudes.com\/sosuniversal\/index.php\/politique-de-confidentialite\/"},"modified":"2025-08-14T10:02:03","modified_gmt":"2025-08-14T10:02:03","slug":"mentions-legales","status":"publish","type":"page","link":"https:\/\/www.dataslatitudes.com\/sosuniversal\/vi\/mentions-legales\/","title":{"rendered":"Th\u00f4ng b\u00e1o ph\u00e1p l\u00fd"},"content":{"rendered":"\r\n<p class=\"has-small-font-size\"><\/p>\r\n\r\n\r\n\r\n<h1 class=\"wp-block-heading has-text-align-center has-medium-font-size\"><strong>TH\u00d4NG B\u00c1O PH\u00c1P L\u00dd<\/strong><\/h1>\r\n\r\n\r\n\r\n<h2 class=\"wp-block-heading has-background\" style=\"background-color:#f9f3eb;margin-top:var(--wp--preset--spacing--20);margin-bottom:var(--wp--preset--spacing--20);padding-top:var(--wp--preset--spacing--30);padding-bottom:var(--wp--preset--spacing--30);font-size:1.2rem\">1. Th\u00f4ng tin v\u1ec1 nh\u00e0 xu\u1ea5t b\u1ea3n \u1ee9ng d\u1ee5ng<\/h2>\r\n\r\n\r\n\r\n<p style=\"margin-top:0;margin-bottom:0;font-size:1rem\">Trang web n\u00e0y v\u00e0 \u1ee9ng d\u1ee5ng di \u0111\u1ed9ng SOS Universal \u0111\u01b0\u1ee3c xu\u1ea5t b\u1ea3n b\u1edfi c\u00f4ng ty DATASLATITUDES.<\/p>\r\n\r\n\r\n\r\n<p style=\"font-size:1rem\">B\u1ea1n c\u00f3 th\u1ec3 y\u00eau c\u1ea7u h\u1ed7 tr\u1ee3 qua \u0111\u1ecba ch\u1ec9 email: <strong>hotline.sos_universal@dataslatitudes.com<\/strong><\/p>\r\n\r\n\r\n\r\n<h2 class=\"wp-block-heading has-background\" style=\"background-color:#f9f3eb;margin-top:var(--wp--preset--spacing--20);margin-bottom:var(--wp--preset--spacing--20);padding-top:var(--wp--preset--spacing--30);padding-bottom:var(--wp--preset--spacing--30);font-size:1.2rem\">2. L\u01b0u tr\u1eef<\/h2>\r\n\r\n\r\n\r\n<p style=\"margin-top:0;margin-bottom:0\">SOS Universal l\u00e0 m\u1ed9t \u1ee9ng d\u1ee5ng di \u0111\u1ed9ng \u0111\u01b0\u1ee3c ph\u00e2n ph\u1ed1i qua c\u00e1c n\u1ec1n t\u1ea3ng t\u1ea3i xu\u1ed1ng (Google Play Store v\u00e0 s\u1eafp t\u1edbi l\u00e0 App Store). Xin l\u01b0u \u00fd r\u1eb1ng d\u1eef li\u1ec7u ng\u01b0\u1eddi d\u00f9ng \u0111\u01b0\u1ee3c l\u01b0u tr\u1eef \u0111\u1ed9c quy\u1ec1n c\u1ee5c b\u1ed9 tr\u00ean thi\u1ebft b\u1ecb c\u1ee7a ch\u00ednh h\u1ecd.<\/p>\r\n\r\n\r\n\r\n<p style=\"margin-top:0;margin-bottom:0;padding-top:0;padding-bottom:0\">C\u00e1c m\u00e1y ch\u1ee7 c\u1ee7a n\u1ec1n t\u1ea3ng ph\u00e2n ph\u1ed1i l\u01b0u tr\u1eef c\u00e1c t\u1ec7p c\u00e0i \u0111\u1eb7t \u1ee9ng d\u1ee5ng.<\/p>\r\n\r\n\r\n\r\n<ul style=\"margin-top:0;margin-bottom:0\" class=\"wp-block-list\">\r\n<li style=\"margin-top:0;margin-bottom:0;padding-top:var(--wp--preset--spacing--20);padding-bottom:var(--wp--preset--spacing--20)\">Nh\u00e0 cung c\u1ea5p d\u1ecbch v\u1ee5 l\u01b0u tr\u1eef cho \u1ee9ng d\u1ee5ng di \u0111\u1ed9ng:\r\n<ul class=\"wp-block-list\">\r\n<li style=\"margin-top:0;margin-bottom:0\"><strong>\u0110\u1ed1i v\u1edbi Android: <\/strong>Google LLC, 1600 Amphitheatre Parkway, Mountain View, CA 94043, USA<\/li>\r\n\r\n\r\n\r\n<li><strong>\u0110\u1ed1i v\u1edbi iOS: <\/strong>Apple Inc., One Apple Park Way, Cupertino, CA 95014, USA<\/li>\r\n<\/ul>\r\n<\/li>\r\n\r\n\r\n\r\n<li>Nh\u00e0 cung c\u1ea5p d\u1ecbch v\u1ee5 l\u01b0u tr\u1eef trang web n\u00e0y: <strong>AlwaysData<\/strong>, 91 Rue du Faubourg Saint-Honor\u00e9, 75008 Paris<\/li>\r\n<\/ul>\r\n\r\n\r\n\r\n<p class=\"has-small-font-size\"><\/p>\r\n\r\n\r\n\r\n<h2 class=\"wp-block-heading has-background\" style=\"background-color:#f9f3eb;margin-top:var(--wp--preset--spacing--20);margin-bottom:var(--wp--preset--spacing--20);padding-top:var(--wp--preset--spacing--30);padding-bottom:var(--wp--preset--spacing--30);font-size:1.2rem\">3. S\u1edf h\u1eefu tr\u00ed tu\u1ec7<\/h2>\r\n\r\n\r\n\r\n<p style=\"margin-top:0;margin-bottom:0\">Trang web n\u00e0y v\u00e0 to\u00e0n b\u1ed9 \u1ee9ng d\u1ee5ng SOS Universal, bao g\u1ed3m c\u1ea5u tr\u00fac, giao di\u1ec7n, m\u00e3 ngu\u1ed3n, thi\u1ebft k\u1ebf \u0111\u1ed3 h\u1ecda, bi\u1ec3u t\u01b0\u1ee3ng, v\u0103n b\u1ea3n, h\u00ecnh \u1ea3nh v\u00e0 b\u1ea5t k\u1ef3 n\u1ed9i dung n\u00e0o kh\u00e1c, l\u00e0 t\u00e0i s\u1ea3n \u0111\u1ed9c quy\u1ec1n c\u1ee7a nh\u00e0 xu\u1ea5t b\u1ea3n DATASLATITUDES.<\/p>\r\n\r\n\r\n\r\n<p style=\"margin-top:var(--wp--preset--spacing--30);margin-bottom:var(--wp--preset--spacing--30)\">M\u1ecdi h\u00e0nh vi sao ch\u00e9p, \u0111\u1ea1i di\u1ec7n, s\u1eeda \u0111\u1ed5i, xu\u1ea5t b\u1ea3n, truy\u1ec1n t\u1ea3i ho\u1eb7c xuy\u00ean t\u1ea1c, to\u00e0n b\u1ed9 ho\u1eb7c m\u1ed9t ph\u1ea7n, \u1ee9ng d\u1ee5ng ho\u1eb7c n\u1ed9i dung c\u1ee7a n\u00f3 ho\u1eb7c trang web, b\u1eb1ng b\u1ea5t k\u1ef3 ph\u01b0\u01a1ng ti\u1ec7n n\u00e0o v\u00e0 tr\u00ean b\u1ea5t k\u1ef3 ph\u01b0\u01a1ng ti\u1ec7n n\u00e0o, \u0111\u1ec1u b\u1ecb nghi\u00eam c\u1ea5m.<\/p>\r\n\r\n\r\n\r\n<p>M\u1ecdi h\u00e0nh vi khai th\u00e1c tr\u00e1i ph\u00e9p trang web, \u1ee9ng d\u1ee5ng ho\u1eb7c b\u1ea5t k\u1ef3 th\u00e0nh ph\u1ea7n n\u00e0o c\u1ee7a n\u00f3 \u0111\u1ec1u \u0111\u01b0\u1ee3c coi l\u00e0 vi ph\u1ea1m v\u00e0 c\u00f3 th\u1ec3 b\u1ecb truy t\u1ed1 h\u00ecnh s\u1ef1.<\/p>\r\n\r\n\r\n\r\n<h2 class=\"wp-block-heading has-background\" style=\"background-color:#f9f3eb;margin-top:var(--wp--preset--spacing--20);margin-bottom:var(--wp--preset--spacing--20);padding-top:var(--wp--preset--spacing--30);padding-bottom:var(--wp--preset--spacing--30);font-size:1.2rem\">4. Li\u00ean k\u1ebft ngo\u00e0i<\/h2>\r\n\r\n\r\n\r\n<p style=\"margin-top:0;margin-bottom:0\">\u1ee8ng d\u1ee5ng c\u00f3 th\u1ec3 ch\u1ee9a c\u00e1c li\u00ean k\u1ebft si\u00eau v\u0103n b\u1ea3n \u0111\u1ebfn c\u00e1c trang web ho\u1eb7c d\u1ecbch v\u1ee5 c\u1ee7a b\u00ean th\u1ee9 ba, \u0111\u1eb7c bi\u1ec7t l\u00e0 GoogleMaps (ho\u1eb7c OpenStreetMap), v\u00ec l\u00fd do \u0111\u1ecbnh v\u1ecb \u0111\u1ecba l\u00fd. Nh\u00e0 xu\u1ea5t b\u1ea3n kh\u00f4ng th\u1ec3 ch\u1ecbu tr\u00e1ch nhi\u1ec7m v\u1ec1 n\u1ed9i dung c\u1ee7a c\u00e1c trang web c\u1ee7a b\u00ean th\u1ee9 ba n\u00e0y c\u0169ng nh\u01b0 c\u00e1c ch\u00ednh s\u00e1ch b\u1ea3o m\u1eadt m\u00e0 h\u1ecd \u00e1p d\u1ee5ng. Ng\u01b0\u1eddi d\u00f9ng \u0111\u01b0\u1ee3c m\u1eddi tham kh\u1ea3o c\u00e1c \u0111i\u1ec1u kho\u1ea3n chung v\u00e0 ch\u00ednh s\u00e1ch b\u1ea3o m\u1eadt c\u1ee7a c\u00e1c trang web ho\u1eb7c d\u1ecbch v\u1ee5 n\u00e0y.<\/p>\r\n\r\n\r\n\r\n<p class=\"has-small-font-size\"><\/p>\r\n\r\n\r\n\r\n<h2 class=\"wp-block-heading has-background\" style=\"background-color:#f9f3eb;margin-top:var(--wp--preset--spacing--20);margin-bottom:var(--wp--preset--spacing--20);padding-top:var(--wp--preset--spacing--30);padding-bottom:var(--wp--preset--spacing--30);font-size:1.2rem\">5. Tr\u00e1ch nhi\u1ec7m<\/h2>\r\n\r\n\r\n\r\n<p style=\"margin-top:0;margin-bottom:0\">Nh\u00e0 xu\u1ea5t b\u1ea3n c\u1ed1 g\u1eafng \u0111\u1ea3m b\u1ea3o \u0111\u1ed9 tin c\u1eady v\u00e0 ch\u00ednh x\u00e1c c\u1ee7a th\u00f4ng tin v\u00e0 ch\u1ee9c n\u0103ng c\u1ee7a \u1ee9ng d\u1ee5ng. Tuy nhi\u00ean, Nh\u00e0 xu\u1ea5t b\u1ea3n kh\u00f4ng th\u1ec3 \u0111\u1ea3m b\u1ea3o r\u1eb1ng \u1ee9ng d\u1ee5ng s\u1ebd kh\u00f4ng c\u00f3 l\u1ed7i, l\u1ed7i ho\u1eb7c gi\u00e1n \u0111o\u1ea1n.<br><strong>Th\u00f4ng b\u00e1o quan tr\u1ecdng: <\/strong>\u1ee9ng d\u1ee5ng SOS Universal ch\u1ec9 l\u00e0 m\u1ed9t c\u00f4ng c\u1ee5 h\u1ed7 tr\u1ee3. <strong>\u1ee8ng d\u1ee5ng n\u00e0y kh\u00f4ng thay th\u1ebf c\u00e1c d\u1ecbch v\u1ee5 kh\u1ea9n c\u1ea5p ch\u00ednh th\u1ee9c trong b\u1ea5t k\u1ef3 tr\u01b0\u1eddng h\u1ee3p n\u00e0o. <\/strong>Nh\u00e0 xu\u1ea5t b\u1ea3n t\u1eeb ch\u1ed1i m\u1ecdi tr\u00e1ch nhi\u1ec7m trong tr\u01b0\u1eddng h\u1ee3p s\u1eed d\u1ee5ng sai \u1ee9ng d\u1ee5ng ho\u1eb7c l\u1ed7i d\u1ecbch v\u1ee5 vi\u1ec5n th\u00f4ng (m\u1ea1ng di \u0111\u1ed9ng, SMS) kh\u00f4ng thu\u1ed9c t\u1ea7m ki\u1ec3m so\u00e1t c\u1ee7a m\u00ecnh.<\/p>\r\n\r\n\r\n\r\n<p class=\"has-small-font-size\"><\/p>\r\n\r\n\r\n\r\n<h2 class=\"wp-block-heading has-background\" style=\"background-color:#f9f3eb;margin-top:var(--wp--preset--spacing--20);margin-bottom:var(--wp--preset--spacing--20);padding-top:var(--wp--preset--spacing--30);padding-bottom:var(--wp--preset--spacing--30);font-size:1.2rem\">6. T\u00edn d\u1ee5ng (cho trang web n\u00e0y v\u00e0 \u1ee9ng d\u1ee5ng SOS Universal)<\/h2>\r\n\r\n\r\n\r\n<ul style=\"margin-top:0;margin-bottom:0;padding-top:0;padding-bottom:0\" class=\"wp-block-list\">\r\n<li style=\"margin-top:0;margin-bottom:0;padding-top:0;padding-bottom:0\"><strong>Nghi\u00ean c\u1ee9u v\u00e0 thi\u1ebft k\u1ebf: <\/strong>DATASLATITUDES<\/li>\r\n\r\n\r\n\r\n<li><strong>Ph\u00e1t tri\u1ec3n: <\/strong>DATASLATITUDES<\/li>\r\n<\/ul>\r\n\r\n\r\n\r\n<p class=\"has-medium-font-size\"><\/p>\r\n\r\n\r\n\r\n<p class=\"has-medium-font-size\"><\/p>\r\n","protected":false},"excerpt":{"rendered":"<p>TH\u00d4NG B\u00c1O PH\u00c1P L\u00dd 1. Th\u00f4ng tin v\u1ec1 nh\u00e0 xu\u1ea5t b\u1ea3n \u1ee9ng d\u1ee5ng Trang web n\u00e0y v\u00e0 \u1ee9ng d\u1ee5ng di [&hellip;]<\/p>\n","protected":false},"author":1,"featured_media":0,"parent":0,"menu_order":5,"comment_status":"closed","ping_status":"closed","template":"","meta":{"site-sidebar-layout":"default","site-content-layout":"","ast-site-content-layout":"default","site-content-style":"default","site-sidebar-style":"default","ast-global-header-display":"","ast-banner-title-visibility":"","ast-main-header-display":"","ast-hfb-above-header-display":"","ast-hfb-below-header-display":"","ast-hfb-mobile-header-display":"","site-post-title":"disabled","ast-breadcrumbs-content":"","ast-featured-img":"","footer-sml-layout":"","theme-transparent-header-meta":"","adv-header-id-meta":"","stick-header-meta":"","header-above-stick-meta":"","header-main-stick-meta":"","header-below-stick-meta":"","astra-migrate-meta-layouts":"default","ast-page-background-enabled":"default","ast-page-background-meta":{"desktop":{"background-color":"var(--ast-global-color-5)","background-image":"","background-repeat":"repeat","background-position":"center center","background-size":"auto","background-attachment":"scroll","background-type":"","background-media":"","overlay-type":"","overlay-color":"","overlay-opacity":"","overlay-gradient":""},"tablet":{"background-color":"","background-image":"","background-repeat":"repeat","background-position":"center center","background-size":"auto","background-attachment":"scroll","background-type":"","background-media":"","overlay-type":"","overlay-color":"","overlay-opacity":"","overlay-gradient":""},"mobile":{"background-color":"","background-image":"","background-repeat":"repeat","background-position":"center center","background-size":"auto","background-attachment":"scroll","background-type":"","background-media":"","overlay-type":"","overlay-color":"","overlay-opacity":"","overlay-gradient":""}},"ast-content-background-meta":{"desktop":{"background-color":"var(--ast-global-color-4)","background-image":"","background-repeat":"repeat","background-position":"center center","background-size":"auto","background-attachment":"scroll","background-type":"","background-media":"","overlay-type":"","overlay-color":"","overlay-opacity":"","overlay-gradient":""},"tablet":{"background-color":"var(--ast-global-color-4)","background-image":"","background-repeat":"repeat","background-position":"center center","background-size":"auto","background-attachment":"scroll","background-type":"","background-media":"","overlay-type":"","overlay-color":"","overlay-opacity":"","overlay-gradient":""},"mobile":{"background-color":"var(--ast-global-color-4)","background-image":"","background-repeat":"repeat","background-position":"center center","background-size":"auto","background-attachment":"scroll","background-type":"","background-media":"","overlay-type":"","overlay-color":"","overlay-opacity":"","overlay-gradient":""}},"footnotes":""},"class_list":["post-185","page","type-page","status-publish","hentry"],"yoast_head":"<!-- This site is optimized with the Yoast SEO plugin v25.6 - https:\/\/yoast.com\/wordpress\/plugins\/seo\/ -->\n<title>Th\u00f4ng b\u00e1o ph\u00e1p l\u00fd<\/title>\n<meta name=\"description\" content=\"C\u00e1c th\u00f4ng b\u00e1o ph\u00e1p l\u00fd n\u00e0y t\u00f3m t\u1eaft c\u00e1c kh\u00eda c\u1ea1nh li\u00ean quan \u0111\u1ebfn th\u00f4ng tin v\u1ec1 nh\u00e0 xu\u1ea5t b\u1ea3n \u1ee9ng d\u1ee5ng, l\u01b0u tr\u1eef, s\u1edf h\u1eefu tr\u00ed tu\u1ec7, li\u00ean k\u1ebft b\u00ean ngo\u00e0i, tr\u00e1ch nhi\u1ec7m v\u00e0 t\u00edn d\u1ee5ng c\u1ee7a DATASLATITUDES (cho trang web n\u00e0y v\u00e0 \u1ee9ng d\u1ee5ng SOS Universal).\" \/>\n<meta name=\"robots\" content=\"index, follow, max-snippet:-1, max-image-preview:large, max-video-preview:-1\" \/>\n<link rel=\"canonical\" href=\"\" \/>\n<meta property=\"og:locale\" content=\"vi_VN\" \/>\n<meta property=\"og:type\" content=\"article\" \/>\n<meta property=\"og:title\" content=\"Th\u00f4ng b\u00e1o ph\u00e1p l\u00fd\" \/>\n<meta property=\"og:description\" content=\"C\u00e1c th\u00f4ng b\u00e1o ph\u00e1p l\u00fd n\u00e0y t\u00f3m t\u1eaft c\u00e1c kh\u00eda c\u1ea1nh li\u00ean quan \u0111\u1ebfn th\u00f4ng tin v\u1ec1 nh\u00e0 xu\u1ea5t b\u1ea3n \u1ee9ng d\u1ee5ng, l\u01b0u tr\u1eef, s\u1edf h\u1eefu tr\u00ed tu\u1ec7, li\u00ean k\u1ebft b\u00ean ngo\u00e0i, tr\u00e1ch nhi\u1ec7m v\u00e0 t\u00edn d\u1ee5ng c\u1ee7a DATASLATITUDES (cho trang web n\u00e0y v\u00e0 \u1ee9ng d\u1ee5ng SOS Universal).\" \/>\n<meta property=\"og:url\" content=\"https:\/\/www.dataslatitudes.com\/sosuniversal\/vi\/mentions-legales\/\" \/>\n<meta property=\"og:site_name\" content=\"SOS Universal\" \/>\n<meta property=\"article:modified_time\" content=\"2025-08-14T10:02:03+00:00\" \/>\n<meta name=\"twitter:card\" content=\"summary_large_image\" \/>\n<meta name=\"twitter:label1\" content=\"\u01af\u1edbc t\u00ednh th\u1eddi gian \u0111\u1ecdc\" \/>\n\t<meta name=\"twitter:data1\" content=\"3 ph\u00fat\" \/>\n<script type=\"application\/ld+json\" class=\"yoast-schema-graph\">{\"@context\":\"https:\/\/schema.org\",\"@graph\":[{\"@type\":\"WebPage\",\"@id\":\"https:\/\/www.dataslatitudes.com\/sosuniversal\/vi\/mentions-legales\/\",\"url\":\"https:\/\/www.dataslatitudes.com\/sosuniversal\/vi\/mentions-legales\/\",\"name\":\"Mentions l\u00e9gales - SOS Universal\",\"isPartOf\":{\"@id\":\"https:\/\/www.dataslatitudes.com\/sosuniversal\/#website\"},\"datePublished\":\"2025-06-12T17:24:48+00:00\",\"dateModified\":\"2025-08-14T10:02:03+00:00\",\"description\":\"Les pr\u00e9sentes mentions l\u00e9gales r\u00e9capitulent les aspects relatifs aux informations sur l\u2019\u00e9diteur de l\u2019application, l'h\u00e9bergement, la propri\u00e9t\u00e9 Intellectuelle, les liens externes, la responsabilit\u00e9 et les cr\u00e9dits de DATASLATITUDES (pour le pr\u00e9sent site Web et l\u2019application SOS Universal).\",\"breadcrumb\":{\"@id\":\"https:\/\/www.dataslatitudes.com\/sosuniversal\/vi\/mentions-legales\/#breadcrumb\"},\"inLanguage\":\"vi\",\"potentialAction\":[{\"@type\":\"ReadAction\",\"target\":[\"https:\/\/www.dataslatitudes.com\/sosuniversal\/vi\/mentions-legales\/\"]}]},{\"@type\":\"BreadcrumbList\",\"@id\":\"https:\/\/www.dataslatitudes.com\/sosuniversal\/vi\/mentions-legales\/#breadcrumb\",\"itemListElement\":[{\"@type\":\"ListItem\",\"position\":1,\"name\":\"Gi\u1edbi thi\u1ec7u\",\"item\":\"https:\/\/www.dataslatitudes.com\/sosuniversal\/fr\/\"},{\"@type\":\"ListItem\",\"position\":2,\"name\":\"Th\u00f4ng b\u00e1o ph\u00e1p l\u00fd\"}]},{\"@type\":\"WebSite\",\"@id\":\"https:\/\/www.dataslatitudes.com\/sosuniversal\/vi\/#website\",\"url\":\"https:\/\/www.dataslatitudes.com\/sosuniversal\/vi\/\",\"name\":\"SOS Universal\",\"description\":\"\",\"publisher\":{\"@id\":\"https:\/\/www.dataslatitudes.com\/sosuniversal\/vi\/#organization\"},\"potentialAction\":[{\"@type\":\"SearchAction\",\"target\":{\"@type\":\"EntryPoint\",\"urlTemplate\":\"https:\/\/www.dataslatitudes.com\/sosuniversal\/vi\/?s={search_term_string}\"},\"query-input\":{\"@type\":\"PropertyValueSpecification\",\"valueRequired\":true,\"valueName\":\"search_term_string\"}}],\"inLanguage\":\"vi\"},{\"@type\":\"Organization\",\"@id\":\"https:\/\/www.dataslatitudes.com\/sosuniversal\/vi\/#organization\",\"name\":\"DATASLATITUDES\",\"url\":\"https:\/\/www.dataslatitudes.com\/sosuniversal\/vi\/\",\"logo\":{\"@type\":\"ImageObject\",\"inLanguage\":\"vi\",\"@id\":\"https:\/\/www.dataslatitudes.com\/sosuniversal\/vi\/#\/schema\/logo\/image\/\",\"url\":\"https:\/\/www.dataslatitudes.com\/sosuniversal\/wp-content\/uploads\/2025\/07\/logo_mrdv.png\",\"contentUrl\":\"https:\/\/www.dataslatitudes.com\/sosuniversal\/wp-content\/uploads\/2025\/07\/logo_mrdv.png\",\"width\":72,\"height\":72,\"caption\":\"DATASLATITUDES\"},\"image\":{\"@id\":\"https:\/\/www.dataslatitudes.com\/sosuniversal\/vi\/#\/schema\/logo\/image\/\"}}]}<\/script>\n<!-- \/ Yoast SEO plugin. -->","yoast_head_json":{"title":"Th\u00f4ng b\u00e1o ph\u00e1p l\u00fd","description":"C\u00e1c th\u00f4ng b\u00e1o ph\u00e1p l\u00fd n\u00e0y t\u00f3m t\u1eaft c\u00e1c kh\u00eda c\u1ea1nh li\u00ean quan \u0111\u1ebfn th\u00f4ng tin v\u1ec1 nh\u00e0 xu\u1ea5t b\u1ea3n \u1ee9ng d\u1ee5ng, l\u01b0u tr\u1eef, s\u1edf h\u1eefu tr\u00ed tu\u1ec7, li\u00ean k\u1ebft b\u00ean ngo\u00e0i, tr\u00e1ch nhi\u1ec7m v\u00e0 t\u00edn d\u1ee5ng c\u1ee7a DATASLATITUDES (cho trang web n\u00e0y v\u00e0 \u1ee9ng d\u1ee5ng SOS Universal).","robots":{"index":"index","follow":"follow","max-snippet":"max-snippet:-1","max-image-preview":"max-image-preview:large","max-video-preview":"max-video-preview:-1"},"canonical":"TH\u00d4NG B\u00c1O PH\u00c1P L\u00dd 1. Th\u00f4ng tin v\u1ec1 nh\u00e0 xu\u1ea5t b\u1ea3n \u1ee9ng d\u1ee5ng Trang web n\u00e0y v\u00e0 \u1ee9ng d\u1ee5ng di \u0111\u1ed9ng SOS Universal \u0111\u01b0\u1ee3c xu\u1ea5t b\u1ea3n b\u1edfi c\u00f4ng ty DATASLATITUDES. B\u1ea1n c\u00f3 th\u1ec3 y\u00eau c\u1ea7u h\u1ed7 tr\u1ee3 qua \u0111\u1ecba ch\u1ec9 email: hotline.sos_universal@dataslatitudes.com 2. L\u01b0u tr\u1eef SOS Universal l\u00e0 m\u1ed9t \u1ee9ng d\u1ee5ng di \u0111\u1ed9ng \u0111\u01b0\u1ee3c ph\u00e2n&hellip;","og_locale":"vi_VN","og_type":"article","og_title":"Th\u00f4ng b\u00e1o ph\u00e1p l\u00fd","og_description":"C\u00e1c th\u00f4ng b\u00e1o ph\u00e1p l\u00fd n\u00e0y t\u00f3m t\u1eaft c\u00e1c kh\u00eda c\u1ea1nh li\u00ean quan \u0111\u1ebfn th\u00f4ng tin v\u1ec1 nh\u00e0 xu\u1ea5t b\u1ea3n \u1ee9ng d\u1ee5ng, l\u01b0u tr\u1eef, s\u1edf h\u1eefu tr\u00ed tu\u1ec7, li\u00ean k\u1ebft b\u00ean ngo\u00e0i, tr\u00e1ch nhi\u1ec7m v\u00e0 t\u00edn d\u1ee5ng c\u1ee7a DATASLATITUDES (cho trang web n\u00e0y v\u00e0 \u1ee9ng d\u1ee5ng SOS Universal).","og_url":"https:\/\/www.dataslatitudes.com\/sosuniversal\/vi\/mentions-legales\/","og_site_name":"SOS Universal","article_modified_time":"2025-08-14T10:02:03+00:00","twitter_card":"summary_large_image","twitter_misc":{"\u01af\u1edbc t\u00ednh th\u1eddi gian \u0111\u1ecdc":"3 ph\u00fat"},"schema":{"@context":"https:\/\/schema.org","@graph":[{"@type":"WebPage","@id":"https:\/\/www.dataslatitudes.com\/sosuniversal\/vi\/mentions-legales\/","url":"https:\/\/www.dataslatitudes.com\/sosuniversal\/vi\/mentions-legales\/","name":"Mentions l\u00e9gales - SOS Universal","isPartOf":{"@id":"https:\/\/www.dataslatitudes.com\/sosuniversal\/#website"},"datePublished":"2025-06-12T17:24:48+00:00","dateModified":"2025-08-14T10:02:03+00:00","description":"Les pr\u00e9sentes mentions l\u00e9gales r\u00e9capitulent les aspects relatifs aux informations sur l\u2019\u00e9diteur de l\u2019application, l'h\u00e9bergement, la propri\u00e9t\u00e9 Intellectuelle, les liens externes, la responsabilit\u00e9 et les cr\u00e9dits de DATASLATITUDES (pour le pr\u00e9sent site Web et l\u2019application SOS Universal).","breadcrumb":{"@id":"https:\/\/www.dataslatitudes.com\/sosuniversal\/vi\/mentions-legales\/#breadcrumb"},"inLanguage":"vi","potentialAction":[{"@type":"ReadAction","target":["https:\/\/www.dataslatitudes.com\/sosuniversal\/vi\/mentions-legales\/"]}]},{"@type":"BreadcrumbList","@id":"https:\/\/www.dataslatitudes.com\/sosuniversal\/vi\/mentions-legales\/#breadcrumb","itemListElement":[{"@type":"ListItem","position":1,"name":"Gi\u1edbi thi\u1ec7u","item":"https:\/\/www.dataslatitudes.com\/sosuniversal\/fr\/"},{"@type":"ListItem","position":2,"name":"Th\u00f4ng b\u00e1o ph\u00e1p l\u00fd"}]},{"@type":"WebSite","@id":"https:\/\/www.dataslatitudes.com\/sosuniversal\/vi\/#website","url":"https:\/\/www.dataslatitudes.com\/sosuniversal\/vi\/","name":"SOS Universal","description":"","publisher":{"@id":"https:\/\/www.dataslatitudes.com\/sosuniversal\/vi\/#organization"},"potentialAction":[{"@type":"SearchAction","target":{"@type":"EntryPoint","urlTemplate":"https:\/\/www.dataslatitudes.com\/sosuniversal\/vi\/?s={search_term_string}"},"query-input":{"@type":"PropertyValueSpecification","valueRequired":true,"valueName":"search_term_string"}}],"inLanguage":"vi"},{"@type":"Organization","@id":"https:\/\/www.dataslatitudes.com\/sosuniversal\/vi\/#organization","name":"DATASLATITUDES","url":"https:\/\/www.dataslatitudes.com\/sosuniversal\/vi\/","logo":{"@type":"ImageObject","inLanguage":"vi","@id":"https:\/\/www.dataslatitudes.com\/sosuniversal\/vi\/#\/schema\/logo\/image\/","url":"https:\/\/www.dataslatitudes.com\/sosuniversal\/wp-content\/uploads\/2025\/07\/logo_mrdv.png","contentUrl":"https:\/\/www.dataslatitudes.com\/sosuniversal\/wp-content\/uploads\/2025\/07\/logo_mrdv.png","width":72,"height":72,"caption":"DATASLATITUDES"},"image":{"@id":"https:\/\/www.dataslatitudes.com\/sosuniversal\/vi\/#\/schema\/logo\/image\/"}}]}},"_links":{"self":[{"href":"https:\/\/www.dataslatitudes.com\/sosuniversal\/vi\/wp-json\/wp\/v2\/pages\/185","targetHints":{"allow":["GET"]}}],"collection":[{"href":"https:\/\/www.dataslatitudes.com\/sosuniversal\/vi\/wp-json\/wp\/v2\/pages"}],"about":[{"href":"https:\/\/www.dataslatitudes.com\/sosuniversal\/vi\/wp-json\/wp\/v2\/types\/page"}],"author":[{"embeddable":true,"href":"https:\/\/www.dataslatitudes.com\/sosuniversal\/vi\/wp-json\/wp\/v2\/users\/1"}],"replies":[{"embeddable":true,"href":"https:\/\/www.dataslatitudes.com\/sosuniversal\/vi\/wp-json\/wp\/v2\/comments?post=185"}],"version-history":[{"count":29,"href":"https:\/\/www.dataslatitudes.com\/sosuniversal\/vi\/wp-json\/wp\/v2\/pages\/185\/revisions"}],"predecessor-version":[{"id":2930,"href":"https:\/\/www.dataslatitudes.com\/sosuniversal\/vi\/wp-json\/wp\/v2\/pages\/185\/revisions\/2930"}],"wp:attachment":[{"href":"https:\/\/www.dataslatitudes.com\/sosuniversal\/vi\/wp-json\/wp\/v2\/media?parent=185"}],"curies":[{"name":"wp","href":"https:\/\/api.w.org\/{rel}","templated":true}]}}