{"id":185,"date":"2025-06-12T17:24:48","date_gmt":"2025-06-12T17:24:48","guid":{"rendered":"https:\/\/www.dataslatitudes.com\/sosuniversal\/index.php\/politique-de-confidentialite\/"},"modified":"2025-08-14T10:02:03","modified_gmt":"2025-08-14T10:02:03","slug":"mentions-legales","status":"publish","type":"page","link":"https:\/\/www.dataslatitudes.com\/sosuniversal\/tr\/mentions-legales\/","title":{"rendered":"Yasal Uyar\u0131lar"},"content":{"rendered":"\r\n<p class=\"has-small-font-size\"><\/p>\r\n\r\n\r\n\r\n<h1 class=\"wp-block-heading has-text-align-center has-medium-font-size\"><strong>YASAL UYARILAR<\/strong><\/h1>\r\n\r\n\r\n\r\n<h2 class=\"wp-block-heading has-background\" style=\"background-color:#f9f3eb;margin-top:var(--wp--preset--spacing--20);margin-bottom:var(--wp--preset--spacing--20);padding-top:var(--wp--preset--spacing--30);padding-bottom:var(--wp--preset--spacing--30);font-size:1.2rem\">1. Uygulama yay\u0131nc\u0131s\u0131 hakk\u0131nda bilgiler<\/h2>\r\n\r\n\r\n\r\n<p style=\"margin-top:0;margin-bottom:0;font-size:1rem\">Bu Web sitesi ve SOS Universal mobil uygulamas\u0131 DATASLATITUDES \u015firketi taraf\u0131ndan yay\u0131nlanmaktad\u0131r.<\/p>\r\n\r\n\r\n\r\n<p style=\"font-size:1rem\">A\u015fa\u011f\u0131daki e-posta adresinden yard\u0131m isteyebilirsiniz: <strong>hotline.sos_universal@dataslatitudes.com<\/strong><\/p>\r\n\r\n\r\n\r\n<h2 class=\"wp-block-heading has-background\" style=\"background-color:#f9f3eb;margin-top:var(--wp--preset--spacing--20);margin-bottom:var(--wp--preset--spacing--20);padding-top:var(--wp--preset--spacing--30);padding-bottom:var(--wp--preset--spacing--30);font-size:1.2rem\">2. Bar\u0131nd\u0131rma<\/h2>\r\n\r\n\r\n\r\n<p style=\"margin-top:0;margin-bottom:0\">SOS Universal, indirme platformlar\u0131 (Google Play Store ve yak\u0131nda App Store) arac\u0131l\u0131\u011f\u0131yla da\u011f\u0131t\u0131lan bir mobil uygulamad\u0131r. Kullan\u0131c\u0131 verilerinin yaln\u0131zca kendi cihaz\u0131nda yerel olarak depoland\u0131\u011f\u0131 belirtilmektedir.<\/p>\r\n\r\n\r\n\r\n<p style=\"margin-top:0;margin-bottom:0;padding-top:0;padding-bottom:0\">Da\u011f\u0131t\u0131m platformlar\u0131n\u0131n sunucular\u0131, uygulama kurulum dosyalar\u0131n\u0131 kendi taraflar\u0131ndan bar\u0131nd\u0131rmaktad\u0131r.<\/p>\r\n\r\n\r\n\r\n<ul style=\"margin-top:0;margin-bottom:0\" class=\"wp-block-list\">\r\n<li style=\"margin-top:0;margin-bottom:0;padding-top:var(--wp--preset--spacing--20);padding-bottom:var(--wp--preset--spacing--20)\">Mobil uygulama bar\u0131nd\u0131r\u0131c\u0131lar\u0131:\r\n<ul class=\"wp-block-list\">\r\n<li style=\"margin-top:0;margin-bottom:0\"><strong>Android i\u00e7in: <\/strong>Google LLC, 1600 Amphitheatre Parkway, Mountain View, CA 94043, USA<\/li>\r\n\r\n\r\n\r\n<li><strong>iOS i\u00e7in: <\/strong>Apple Inc., One Apple Park Way, Cupertino, CA 95014, USA<\/li>\r\n<\/ul>\r\n<\/li>\r\n\r\n\r\n\r\n<li>Bu web sitesinin bar\u0131nd\u0131r\u0131c\u0131s\u0131: <strong>AlwaysData<\/strong>, 91 Rue du Faubourg Saint-Honor\u00e9, 75008 Paris<\/li>\r\n<\/ul>\r\n\r\n\r\n\r\n<p class=\"has-small-font-size\"><\/p>\r\n\r\n\r\n\r\n<h2 class=\"wp-block-heading has-background\" style=\"background-color:#f9f3eb;margin-top:var(--wp--preset--spacing--20);margin-bottom:var(--wp--preset--spacing--20);padding-top:var(--wp--preset--spacing--30);padding-bottom:var(--wp--preset--spacing--30);font-size:1.2rem\">3. Fikri M\u00fclkiyet<\/h2>\r\n\r\n\r\n\r\n<p style=\"margin-top:0;margin-bottom:0\">Bu web sitesi ve t\u00fcm SOS Universal uygulamas\u0131, yap\u0131, aray\u00fczler, kaynak kodu, grafik tasar\u0131m, simgeler, metinler, resimler ve di\u011fer t\u00fcm i\u00e7erikler, yay\u0131nc\u0131 DATASLATITUDES&#8217;in m\u00fcnhas\u0131r m\u00fclkiyetindedir.<\/p>\r\n\r\n\r\n\r\n<p style=\"margin-top:var(--wp--preset--spacing--30);margin-bottom:var(--wp--preset--spacing--30)\">Uygulaman\u0131n veya i\u00e7eri\u011finin veya web sitesinin tamamen veya k\u0131smen, herhangi bir y\u00f6ntemle ve herhangi bir ortamda \u00e7o\u011falt\u0131lmas\u0131, temsili, de\u011fi\u015ftirilmesi, yay\u0131nlanmas\u0131, iletilmesi veya bozulmas\u0131 kesinlikle yasakt\u0131r.<\/p>\r\n\r\n\r\n\r\n<p>Web sitesinin, uygulaman\u0131n veya herhangi bir bile\u015feninin izinsiz kullan\u0131m\u0131, telif hakk\u0131 ihlali olarak kabul edilir ve cezai kovu\u015fturmaya tabidir.<\/p>\r\n\r\n\r\n\r\n<h2 class=\"wp-block-heading has-background\" style=\"background-color:#f9f3eb;margin-top:var(--wp--preset--spacing--20);margin-bottom:var(--wp--preset--spacing--20);padding-top:var(--wp--preset--spacing--30);padding-bottom:var(--wp--preset--spacing--30);font-size:1.2rem\">4. Harici ba\u011flant\u0131lar<\/h2>\r\n\r\n\r\n\r\n<p style=\"margin-top:0;margin-bottom:0\">Uygulama, konum belirleme nedenleriyle, \u00f6zellikle GoogleMaps (veya OpenStreetMap) olmak \u00fczere \u00fc\u00e7\u00fcnc\u00fc taraf sitelere veya hizmetlere hiperlinkler i\u00e7erebilir. Yay\u0131nc\u0131, bu \u00fc\u00e7\u00fcnc\u00fc taraf sitelerin i\u00e7eri\u011finden veya uygulad\u0131klar\u0131 gizlilik uygulamalar\u0131ndan sorumlu tutulamaz. Kullan\u0131c\u0131, bu sitelerin veya hizmetlerin genel ko\u015fullar\u0131n\u0131 ve gizlilik politikalar\u0131n\u0131 incelemeye davet edilir.<\/p>\r\n\r\n\r\n\r\n<p class=\"has-small-font-size\"><\/p>\r\n\r\n\r\n\r\n<h2 class=\"wp-block-heading has-background\" style=\"background-color:#f9f3eb;margin-top:var(--wp--preset--spacing--20);margin-bottom:var(--wp--preset--spacing--20);padding-top:var(--wp--preset--spacing--30);padding-bottom:var(--wp--preset--spacing--30);font-size:1.2rem\">5. Sorumluluk<\/h2>\r\n\r\n\r\n\r\n<p style=\"margin-top:0;margin-bottom:0\">Yay\u0131nc\u0131, uygulaman\u0131n bilgilerinin ve i\u015flevlerinin g\u00fcvenilirli\u011fini ve do\u011frulu\u011funu sa\u011flamak i\u00e7in \u00e7aba g\u00f6sterir. Ancak Yay\u0131nc\u0131, uygulaman\u0131n hatas\u0131z, kusursuz veya kesintisiz olaca\u011f\u0131n\u0131 garanti edemez.<br><strong>\u00d6nemli uyar\u0131: <\/strong>SOS Universal uygulamas\u0131 sadece bir yard\u0131m arac\u0131d\u0131r. <strong>Resmi acil servislerin yerini hi\u00e7bir \u015fekilde almaz. <\/strong>Yay\u0131nc\u0131, uygulaman\u0131n yanl\u0131\u015f kullan\u0131m\u0131ndan veya kontrol\u00fc d\u0131\u015f\u0131ndaki telekom\u00fcnikasyon hizmetlerinin (mobil a\u011f, SMS) ar\u0131zalar\u0131ndan kaynaklanan herhangi bir sorumluluk kabul etmez.<\/p>\r\n\r\n\r\n\r\n<p class=\"has-small-font-size\"><\/p>\r\n\r\n\r\n\r\n<h2 class=\"wp-block-heading has-background\" style=\"background-color:#f9f3eb;margin-top:var(--wp--preset--spacing--20);margin-bottom:var(--wp--preset--spacing--20);padding-top:var(--wp--preset--spacing--30);padding-bottom:var(--wp--preset--spacing--30);font-size:1.2rem\">6. Krediler (bu web sitesi ve SOS Universal uygulamas\u0131 i\u00e7in)<\/h2>\r\n\r\n\r\n\r\n<ul style=\"margin-top:0;margin-bottom:0;padding-top:0;padding-bottom:0\" class=\"wp-block-list\">\r\n<li style=\"margin-top:0;margin-bottom:0;padding-top:0;padding-bottom:0\"><strong>\u00c7al\u0131\u015fma ve tasar\u0131m: <\/strong>DATASLATITUDES<\/li>\r\n\r\n\r\n\r\n<li><strong>Geli\u015ftirme: <\/strong>DATASLATITUDES<\/li>\r\n<\/ul>\r\n\r\n\r\n\r\n<p class=\"has-medium-font-size\"><\/p>\r\n\r\n\r\n\r\n<p class=\"has-medium-font-size\"><\/p>\r\n","protected":false},"excerpt":{"rendered":"<p>YASAL UYARILAR 1. Uygulama yay\u0131nc\u0131s\u0131 hakk\u0131nda bilgiler Bu Web sitesi ve SOS Universal mobil uygulamas\u0131 DATASLATITUDES \u015firketi taraf\u0131ndan yay\u0131nlanmaktad\u0131r. A\u015fa\u011f\u0131daki [&hellip;]<\/p>\n","protected":false},"author":1,"featured_media":0,"parent":0,"menu_order":5,"comment_status":"closed","ping_status":"closed","template":"","meta":{"site-sidebar-layout":"default","site-content-layout":"","ast-site-content-layout":"default","site-content-style":"default","site-sidebar-style":"default","ast-global-header-display":"","ast-banner-title-visibility":"","ast-main-header-display":"","ast-hfb-above-header-display":"","ast-hfb-below-header-display":"","ast-hfb-mobile-header-display":"","site-post-title":"disabled","ast-breadcrumbs-content":"","ast-featured-img":"","footer-sml-layout":"","theme-transparent-header-meta":"","adv-header-id-meta":"","stick-header-meta":"","header-above-stick-meta":"","header-main-stick-meta":"","header-below-stick-meta":"","astra-migrate-meta-layouts":"default","ast-page-background-enabled":"default","ast-page-background-meta":{"desktop":{"background-color":"var(--ast-global-color-5)","background-image":"","background-repeat":"repeat","background-position":"center center","background-size":"auto","background-attachment":"scroll","background-type":"","background-media":"","overlay-type":"","overlay-color":"","overlay-opacity":"","overlay-gradient":""},"tablet":{"background-color":"","background-image":"","background-repeat":"repeat","background-position":"center center","background-size":"auto","background-attachment":"scroll","background-type":"","background-media":"","overlay-type":"","overlay-color":"","overlay-opacity":"","overlay-gradient":""},"mobile":{"background-color":"","background-image":"","background-repeat":"repeat","background-position":"center center","background-size":"auto","background-attachment":"scroll","background-type":"","background-media":"","overlay-type":"","overlay-color":"","overlay-opacity":"","overlay-gradient":""}},"ast-content-background-meta":{"desktop":{"background-color":"var(--ast-global-color-4)","background-image":"","background-repeat":"repeat","background-position":"center center","background-size":"auto","background-attachment":"scroll","background-type":"","background-media":"","overlay-type":"","overlay-color":"","overlay-opacity":"","overlay-gradient":""},"tablet":{"background-color":"var(--ast-global-color-4)","background-image":"","background-repeat":"repeat","background-position":"center center","background-size":"auto","background-attachment":"scroll","background-type":"","background-media":"","overlay-type":"","overlay-color":"","overlay-opacity":"","overlay-gradient":""},"mobile":{"background-color":"var(--ast-global-color-4)","background-image":"","background-repeat":"repeat","background-position":"center center","background-size":"auto","background-attachment":"scroll","background-type":"","background-media":"","overlay-type":"","overlay-color":"","overlay-opacity":"","overlay-gradient":""}},"footnotes":""},"class_list":["post-185","page","type-page","status-publish","hentry"],"yoast_head":"<!-- This site is optimized with the Yoast SEO plugin v25.6 - https:\/\/yoast.com\/wordpress\/plugins\/seo\/ -->\n<title>Yasal Uyar\u0131lar<\/title>\n<meta name=\"description\" content=\"Bu yasal bildirimler, uygulama yay\u0131nc\u0131s\u0131na ili\u015fkin bilgiler, bar\u0131nd\u0131rma, fikri m\u00fclkiyet, harici ba\u011flant\u0131lar, sorumluluk ve DATASLATITUDES&#039;in (bu web sitesi ve SOS Universal uygulamas\u0131 i\u00e7in) kredileri ile ilgili hususlar\u0131 \u00f6zetlemektedir.\" \/>\n<meta name=\"robots\" content=\"index, follow, max-snippet:-1, max-image-preview:large, max-video-preview:-1\" \/>\n<link rel=\"canonical\" href=\"\" \/>\n<meta property=\"og:locale\" content=\"tr_TR\" \/>\n<meta property=\"og:type\" content=\"article\" \/>\n<meta property=\"og:title\" content=\"Yasal Uyar\u0131lar\" \/>\n<meta property=\"og:description\" content=\"Bu yasal bildirimler, uygulama yay\u0131nc\u0131s\u0131na ili\u015fkin bilgiler, bar\u0131nd\u0131rma, fikri m\u00fclkiyet, harici ba\u011flant\u0131lar, sorumluluk ve DATASLATITUDES&#039;in (bu web sitesi ve SOS Universal uygulamas\u0131 i\u00e7in) kredileri ile ilgili hususlar\u0131 \u00f6zetlemektedir.\" \/>\n<meta property=\"og:url\" content=\"https:\/\/www.dataslatitudes.com\/sosuniversal\/tr\/mentions-legales\/\" \/>\n<meta property=\"og:site_name\" content=\"SOS Universal\" \/>\n<meta property=\"article:modified_time\" content=\"2025-08-14T10:02:03+00:00\" \/>\n<meta name=\"twitter:card\" content=\"summary_large_image\" \/>\n<meta name=\"twitter:label1\" content=\"Tahmini okuma s\u00fcresi\" \/>\n\t<meta name=\"twitter:data1\" content=\"3 dakika\" \/>\n<script type=\"application\/ld+json\" class=\"yoast-schema-graph\">{\"@context\":\"https:\/\/schema.org\",\"@graph\":[{\"@type\":\"WebPage\",\"@id\":\"https:\/\/www.dataslatitudes.com\/sosuniversal\/tr\/mentions-legales\/\",\"url\":\"https:\/\/www.dataslatitudes.com\/sosuniversal\/tr\/mentions-legales\/\",\"name\":\"Mentions l\u00e9gales - SOS Universal\",\"isPartOf\":{\"@id\":\"https:\/\/www.dataslatitudes.com\/sosuniversal\/#website\"},\"datePublished\":\"2025-06-12T17:24:48+00:00\",\"dateModified\":\"2025-08-14T10:02:03+00:00\",\"description\":\"Les pr\u00e9sentes mentions l\u00e9gales r\u00e9capitulent les aspects relatifs aux informations sur l\u2019\u00e9diteur de l\u2019application, l'h\u00e9bergement, la propri\u00e9t\u00e9 Intellectuelle, les liens externes, la responsabilit\u00e9 et les cr\u00e9dits de DATASLATITUDES (pour le pr\u00e9sent site Web et l\u2019application SOS Universal).\",\"breadcrumb\":{\"@id\":\"https:\/\/www.dataslatitudes.com\/sosuniversal\/tr\/mentions-legales\/#breadcrumb\"},\"inLanguage\":\"tr\",\"potentialAction\":[{\"@type\":\"ReadAction\",\"target\":[\"https:\/\/www.dataslatitudes.com\/sosuniversal\/tr\/mentions-legales\/\"]}]},{\"@type\":\"BreadcrumbList\",\"@id\":\"https:\/\/www.dataslatitudes.com\/sosuniversal\/tr\/mentions-legales\/#breadcrumb\",\"itemListElement\":[{\"@type\":\"ListItem\",\"position\":1,\"name\":\"Sunum\",\"item\":\"https:\/\/www.dataslatitudes.com\/sosuniversal\/fr\/\"},{\"@type\":\"ListItem\",\"position\":2,\"name\":\"Yasal Uyar\u0131lar\"}]},{\"@type\":\"WebSite\",\"@id\":\"https:\/\/www.dataslatitudes.com\/sosuniversal\/tr\/#website\",\"url\":\"https:\/\/www.dataslatitudes.com\/sosuniversal\/tr\/\",\"name\":\"SOS Universal\",\"description\":\"\",\"publisher\":{\"@id\":\"https:\/\/www.dataslatitudes.com\/sosuniversal\/tr\/#organization\"},\"potentialAction\":[{\"@type\":\"SearchAction\",\"target\":{\"@type\":\"EntryPoint\",\"urlTemplate\":\"https:\/\/www.dataslatitudes.com\/sosuniversal\/tr\/?s={search_term_string}\"},\"query-input\":{\"@type\":\"PropertyValueSpecification\",\"valueRequired\":true,\"valueName\":\"search_term_string\"}}],\"inLanguage\":\"tr\"},{\"@type\":\"Organization\",\"@id\":\"https:\/\/www.dataslatitudes.com\/sosuniversal\/tr\/#organization\",\"name\":\"DATASLATITUDES\",\"url\":\"https:\/\/www.dataslatitudes.com\/sosuniversal\/tr\/\",\"logo\":{\"@type\":\"ImageObject\",\"inLanguage\":\"tr\",\"@id\":\"https:\/\/www.dataslatitudes.com\/sosuniversal\/tr\/#\/schema\/logo\/image\/\",\"url\":\"https:\/\/www.dataslatitudes.com\/sosuniversal\/wp-content\/uploads\/2025\/07\/logo_mrdv.png\",\"contentUrl\":\"https:\/\/www.dataslatitudes.com\/sosuniversal\/wp-content\/uploads\/2025\/07\/logo_mrdv.png\",\"width\":72,\"height\":72,\"caption\":\"DATASLATITUDES\"},\"image\":{\"@id\":\"https:\/\/www.dataslatitudes.com\/sosuniversal\/tr\/#\/schema\/logo\/image\/\"}}]}<\/script>\n<!-- \/ Yoast SEO plugin. -->","yoast_head_json":{"title":"Yasal Uyar\u0131lar","description":"Bu yasal bildirimler, uygulama yay\u0131nc\u0131s\u0131na ili\u015fkin bilgiler, bar\u0131nd\u0131rma, fikri m\u00fclkiyet, harici ba\u011flant\u0131lar, sorumluluk ve DATASLATITUDES'in (bu web sitesi ve SOS Universal uygulamas\u0131 i\u00e7in) kredileri ile ilgili hususlar\u0131 \u00f6zetlemektedir.","robots":{"index":"index","follow":"follow","max-snippet":"max-snippet:-1","max-image-preview":"max-image-preview:large","max-video-preview":"max-video-preview:-1"},"canonical":"YASAL UYARILAR 1. Uygulama yay\u0131nc\u0131s\u0131 hakk\u0131nda bilgiler Bu Web sitesi ve SOS Universal mobil uygulamas\u0131 DATASLATITUDES \u015firketi taraf\u0131ndan yay\u0131nlanmaktad\u0131r. A\u015fa\u011f\u0131daki e-posta adresinden yard\u0131m isteyebilirsiniz: hotline.sos_universal@dataslatitudes.com 2. Bar\u0131nd\u0131rma SOS Universal, indirme platformlar\u0131 (Google Play Store ve yak\u0131nda App Store) arac\u0131l\u0131\u011f\u0131yla da\u011f\u0131t\u0131lan bir mobil uygulamad\u0131r. Kullan\u0131c\u0131 verilerinin yaln\u0131zca kendi cihaz\u0131nda yerel olarak depoland\u0131\u011f\u0131 belirtilmektedir. Da\u011f\u0131t\u0131m platformlar\u0131n\u0131n sunucular\u0131,&hellip;","og_locale":"tr_TR","og_type":"article","og_title":"Yasal Uyar\u0131lar","og_description":"Bu yasal bildirimler, uygulama yay\u0131nc\u0131s\u0131na ili\u015fkin bilgiler, bar\u0131nd\u0131rma, fikri m\u00fclkiyet, harici ba\u011flant\u0131lar, sorumluluk ve DATASLATITUDES'in (bu web sitesi ve SOS Universal uygulamas\u0131 i\u00e7in) kredileri ile ilgili hususlar\u0131 \u00f6zetlemektedir.","og_url":"https:\/\/www.dataslatitudes.com\/sosuniversal\/tr\/mentions-legales\/","og_site_name":"SOS Universal","article_modified_time":"2025-08-14T10:02:03+00:00","twitter_card":"summary_large_image","twitter_misc":{"Tahmini okuma s\u00fcresi":"3 dakika"},"schema":{"@context":"https:\/\/schema.org","@graph":[{"@type":"WebPage","@id":"https:\/\/www.dataslatitudes.com\/sosuniversal\/tr\/mentions-legales\/","url":"https:\/\/www.dataslatitudes.com\/sosuniversal\/tr\/mentions-legales\/","name":"Mentions l\u00e9gales - SOS Universal","isPartOf":{"@id":"https:\/\/www.dataslatitudes.com\/sosuniversal\/#website"},"datePublished":"2025-06-12T17:24:48+00:00","dateModified":"2025-08-14T10:02:03+00:00","description":"Les pr\u00e9sentes mentions l\u00e9gales r\u00e9capitulent les aspects relatifs aux informations sur l\u2019\u00e9diteur de l\u2019application, l'h\u00e9bergement, la propri\u00e9t\u00e9 Intellectuelle, les liens externes, la responsabilit\u00e9 et les cr\u00e9dits de DATASLATITUDES (pour le pr\u00e9sent site Web et l\u2019application SOS Universal).","breadcrumb":{"@id":"https:\/\/www.dataslatitudes.com\/sosuniversal\/tr\/mentions-legales\/#breadcrumb"},"inLanguage":"tr","potentialAction":[{"@type":"ReadAction","target":["https:\/\/www.dataslatitudes.com\/sosuniversal\/tr\/mentions-legales\/"]}]},{"@type":"BreadcrumbList","@id":"https:\/\/www.dataslatitudes.com\/sosuniversal\/tr\/mentions-legales\/#breadcrumb","itemListElement":[{"@type":"ListItem","position":1,"name":"Sunum","item":"https:\/\/www.dataslatitudes.com\/sosuniversal\/fr\/"},{"@type":"ListItem","position":2,"name":"Yasal Uyar\u0131lar"}]},{"@type":"WebSite","@id":"https:\/\/www.dataslatitudes.com\/sosuniversal\/tr\/#website","url":"https:\/\/www.dataslatitudes.com\/sosuniversal\/tr\/","name":"SOS Universal","description":"","publisher":{"@id":"https:\/\/www.dataslatitudes.com\/sosuniversal\/tr\/#organization"},"potentialAction":[{"@type":"SearchAction","target":{"@type":"EntryPoint","urlTemplate":"https:\/\/www.dataslatitudes.com\/sosuniversal\/tr\/?s={search_term_string}"},"query-input":{"@type":"PropertyValueSpecification","valueRequired":true,"valueName":"search_term_string"}}],"inLanguage":"tr"},{"@type":"Organization","@id":"https:\/\/www.dataslatitudes.com\/sosuniversal\/tr\/#organization","name":"DATASLATITUDES","url":"https:\/\/www.dataslatitudes.com\/sosuniversal\/tr\/","logo":{"@type":"ImageObject","inLanguage":"tr","@id":"https:\/\/www.dataslatitudes.com\/sosuniversal\/tr\/#\/schema\/logo\/image\/","url":"https:\/\/www.dataslatitudes.com\/sosuniversal\/wp-content\/uploads\/2025\/07\/logo_mrdv.png","contentUrl":"https:\/\/www.dataslatitudes.com\/sosuniversal\/wp-content\/uploads\/2025\/07\/logo_mrdv.png","width":72,"height":72,"caption":"DATASLATITUDES"},"image":{"@id":"https:\/\/www.dataslatitudes.com\/sosuniversal\/tr\/#\/schema\/logo\/image\/"}}]}},"_links":{"self":[{"href":"https:\/\/www.dataslatitudes.com\/sosuniversal\/tr\/wp-json\/wp\/v2\/pages\/185","targetHints":{"allow":["GET"]}}],"collection":[{"href":"https:\/\/www.dataslatitudes.com\/sosuniversal\/tr\/wp-json\/wp\/v2\/pages"}],"about":[{"href":"https:\/\/www.dataslatitudes.com\/sosuniversal\/tr\/wp-json\/wp\/v2\/types\/page"}],"author":[{"embeddable":true,"href":"https:\/\/www.dataslatitudes.com\/sosuniversal\/tr\/wp-json\/wp\/v2\/users\/1"}],"replies":[{"embeddable":true,"href":"https:\/\/www.dataslatitudes.com\/sosuniversal\/tr\/wp-json\/wp\/v2\/comments?post=185"}],"version-history":[{"count":29,"href":"https:\/\/www.dataslatitudes.com\/sosuniversal\/tr\/wp-json\/wp\/v2\/pages\/185\/revisions"}],"predecessor-version":[{"id":2930,"href":"https:\/\/www.dataslatitudes.com\/sosuniversal\/tr\/wp-json\/wp\/v2\/pages\/185\/revisions\/2930"}],"wp:attachment":[{"href":"https:\/\/www.dataslatitudes.com\/sosuniversal\/tr\/wp-json\/wp\/v2\/media?parent=185"}],"curies":[{"name":"wp","href":"https:\/\/api.w.org\/{rel}","templated":true}]}}