{"id":127,"date":"2025-06-12T03:29:21","date_gmt":"2025-06-12T03:29:21","guid":{"rendered":"https:\/\/www.dataslatitudes.com\/sosuniversal\/?page_id=127"},"modified":"2025-07-13T07:26:58","modified_gmt":"2025-07-13T07:26:58","slug":"cas-dutilisation","status":"publish","type":"page","link":"https:\/\/www.dataslatitudes.com\/sosuniversal\/tr\/cas-dutilisation\/","title":{"rendered":"Kullan\u0131m Durumlar\u0131"},"content":{"rendered":"\r\n<p class=\"has-small-font-size\"><\/p>\r\n\r\n\r\n\r\n<h1 class=\"wp-block-heading has-text-align-center has-medium-font-size\"><strong>KULLANIM DURUMLARI<\/strong><\/h1>\r\n\r\n\r\n\r\n<p style=\"font-size:1rem\">Ak\u0131ll\u0131 telefon i\u00e7in uyar\u0131lar g\u00f6ndermeye, yard\u0131m \u00e7a\u011f\u0131rmaya veya sadece mevcut konumunuzu payla\u015fmaya olanak tan\u0131yan bir uygulama, bir\u00e7ok durumda kritik \u00f6neme sahip olabilir, i\u00e7 huzuru sa\u011flayabilir ve h\u0131zl\u0131 yard\u0131ma eri\u015fime katk\u0131da bulunabilir. A\u015fa\u011f\u0131da, daha iyi anla\u015f\u0131lmas\u0131 i\u00e7in kategorilere ayr\u0131lm\u0131\u015f kullan\u0131m durumlar\u0131ndan baz\u0131 \u00f6rnekler verilmi\u015ftir.<\/p>\r\n\r\n\r\n\r\n<h2 class=\"wp-block-heading has-background\" style=\"background-color:#f9f3eb;margin-top:var(--wp--preset--spacing--30);margin-bottom:var(--wp--preset--spacing--30);padding-top:var(--wp--preset--spacing--20);padding-bottom:var(--wp--preset--spacing--20);font-size:1.2rem\">Ki\u015fisel g\u00fcvenlik ve acil durumlar<\/h2>\r\n\r\n\r\n\r\n<ul class=\"wp-block-list\">\r\n<li style=\"font-size:1rem\"><strong>Kad\u0131na y\u00f6nelik \u015fiddet, LGBTfobik ve serofobik \u015fiddet, \u0131rk\u00e7\u0131, yabanc\u0131 d\u00fc\u015fman\u0131 veya dini nedenlerle \u015fiddet, engelli ki\u015filere y\u00f6nelik \u015fiddet&nbsp;: <\/strong>fiziksel veya s\u00f6zl\u00fc sald\u0131r\u0131 durumunda, uygulama g\u00fcvenilir ki\u015filere tek t\u0131klamayla gizli bir uyar\u0131 tetiklemeyi sa\u011flar ve ger\u00e7ek zamanl\u0131 GPS konumunu payla\u015f\u0131r. \u015eikayet durumunda kan\u0131t olarak hizmet vermek \u00fczere bir ses kayd\u0131 da yap\u0131land\u0131r\u0131labilir.<\/li>\r\n\r\n\r\n\r\n<li style=\"font-size:1rem\"><strong>Toplu ta\u015f\u0131mada uygunsuz hareketlere maruz kalan ma\u011fdur (\u00f6rne\u011fin, metroda elle taciz): <\/strong>ma\u011fdur, y\u00fcksek yo\u011funluklu bir sesli alarm\u0131 (\u00f6rne\u011fin polis sireni veya insan \u00e7\u0131\u011fl\u0131\u011f\u0131) ve ses kayd\u0131n\u0131 tetikleyebilir.<\/li>\r\n\r\n\r\n\r\n<li style=\"font-size:1rem\"><strong>An\u0131nda Sald\u0131r\u0131 veya Tehdit: <\/strong>fiziksel sald\u0131r\u0131, tecav\u00fcz giri\u015fimi, \u015fiddetle soygun veya kullan\u0131c\u0131n\u0131n fiziksel b\u00fct\u00fcnl\u00fc\u011f\u00fcn\u00fc do\u011frudan tehdit eden herhangi bir durumda, uygulama acil durum ki\u015filerine gizli ve h\u0131zl\u0131 bir uyar\u0131 g\u00f6ndermeyi sa\u011flar.<\/li>\r\n\r\n\r\n\r\n<li style=\"font-size:1rem\"><strong>Taciz veya takip durumu: <\/strong>uygulama, takip veya taciz durumunda g\u00fcvenilir ki\u015fileri veya yetkilileri gizlice uyarmay\u0131 sa\u011flar ve ses kayd\u0131 ile kan\u0131t kaydetme imkan\u0131 sunar.<\/li>\r\n\r\n\r\n\r\n<li style=\"font-size:1rem\"><strong>Ev i\u00e7i \u015fiddet ma\u011fdurlar\u0131: <\/strong>tehlike an\u0131nda, sald\u0131rgan\u0131 alarma ge\u00e7irmeden, gizli ve h\u0131zl\u0131 bir \u015fekilde yard\u0131m isteme imkan\u0131 mevcuttur.<\/li>\r\n<\/ul>\r\n\r\n\r\n\r\n<p style=\"font-size:1rem\">Yukar\u0131daki durumlarda, gizli uyar\u0131, cayd\u0131r\u0131c\u0131 bir sesle desteklenebilir veya onun yerine kullan\u0131labilir: y\u00fcksek yo\u011funluklu bir siren tetikleme veya dikkat da\u011f\u0131tmak i\u00e7in gelen bir telefon g\u00f6r\u00fc\u015fmesini taklit etme.<\/p>\r\n\r\n\r\n\r\n<ul class=\"wp-block-list\">\r\n<li style=\"font-size:1rem\"><strong>T\u0131bbi S\u0131k\u0131nt\u0131: <\/strong>kronik hastal\u0131klardan (kalp krizi, \u015fiddetli ast\u0131m krizi, epilepsi, ciddi alerjiler) muzdarip ki\u015filer veya kaza durumunda (d\u00fc\u015fme, yaralanma) uygulama, yard\u0131m \u00e7a\u011fr\u0131s\u0131 g\u00f6ndermeyi sa\u011flar.<\/li>\r\n\r\n\r\n\r\n<li style=\"font-size:1rem\"><strong>Kay\u0131p veya Kaybolma: <\/strong>\u00f6zellikle \u00e7ocuklar, bili\u015fsel bozuklu\u011fu olan ya\u015fl\u0131lar veya y\u00fcr\u00fcy\u00fc\u015f\u00e7\u00fcler i\u00e7in faydal\u0131d\u0131r, uygulama ger\u00e7ek zamanl\u0131 GPS konumu g\u00f6ndermeyi sa\u011flar ve aramalar\u0131 kolayla\u015ft\u0131r\u0131r.<\/li>\r\n\r\n\r\n\r\n<li style=\"font-size:1rem\"><strong>Trafik Kazalar\u0131: <\/strong>bir kaza durumunda, uygulama konum bilgisi ile birlikte bir uyar\u0131 g\u00f6ndermeyi sa\u011flar.<\/li>\r\n\r\n\r\n\r\n<li style=\"font-size:1rem\"><strong>Do\u011fal Afetler: <\/strong>depremler, seller, orman yang\u0131nlar\u0131 veya di\u011fer afetler s\u0131ras\u0131nda uygulama, konumunu bildirmek, yard\u0131m istemek ve sevdiklerini g\u00fcvende olduklar\u0131 konusunda bilgilendirmek i\u00e7in kullan\u0131labilir.<\/li>\r\n<\/ul>\r\n\r\n\r\n\r\n<h2 class=\"wp-block-heading has-background\" style=\"background-color:#f9f3eb;margin-top:var(--wp--preset--spacing--30);margin-bottom:var(--wp--preset--spacing--30);padding-top:var(--wp--preset--spacing--20);padding-bottom:var(--wp--preset--spacing--20);font-size:1.2rem\">G\u00fcnl\u00fck ya\u015fam ve yard\u0131m<\/h2>\r\n\r\n\r\n\r\n<ul class=\"wp-block-list\">\r\n<li style=\"font-size:1rem\"><strong>Ya\u015fl\u0131lar veya engelliler: <\/strong>Uygulama, yard\u0131m talebi ba\u015flatmak i\u00e7in kullan\u0131labilir.<\/li>\r\n\r\n\r\n\r\n<li style=\"font-size:1rem\"><strong>\u00c7ocuklar ve ergenler: <\/strong>\u00c7ocuklar\u0131n\u0131n g\u00fcvenli\u011fi konusunda endi\u015feli ebeveynler i\u00e7in, uygulama \u00e7ocuklar\u0131n tehlike an\u0131nda, kaybolduklar\u0131nda veya taciz durumunda (kan\u0131t kayd\u0131 ile birlikte) gizli bir uyar\u0131 g\u00f6ndermelerini sa\u011flayabilir.<br>\u00d6rnek: Bir partide kendini rahats\u0131z hisseden, bask\u0131 alt\u0131nda olan veya do\u011frudan kendini ifade edemeden al\u0131nmas\u0131 gereken bir gen\u00e7, ailesine veya g\u00fcvendi\u011fi bir yeti\u015fkine gizli bir uyar\u0131 g\u00f6nderebilir.<\/li>\r\n\r\n\r\n\r\n<li style=\"font-size:1rem\"><strong>Mekanik sorunlar veya ara\u00e7 ar\u0131zas\u0131: <\/strong>izole veya tehlikeli bir yolda ar\u0131za durumunda, uygulama yol yard\u0131m hizmetlerine veya ki\u015filere yard\u0131m istemek i\u00e7in uyar\u0131 g\u00f6ndermeyi sa\u011flar.<\/li>\r\n\r\n\r\n\r\n<li style=\"font-size:1rem\"><strong>Sosyal izolasyon veya tehlike hissi: <\/strong>belirli bir sosyal durumda (\u00f6rne\u011fin, bir yabanc\u0131yla randevuda) savunmas\u0131z veya tehdit alt\u0131nda hisseden bir ki\u015fi, bir arkada\u015f\u0131n\u0131 gizlice uyarmak ve konumunu payla\u015fmak i\u00e7in uygulamay\u0131 kullanabilir.<\/li>\r\n\r\n\r\n\r\n<li style=\"font-size:1rem\"><strong>Psikolojik destek: <\/strong>anksiyete veya panik atak ge\u00e7iren ki\u015filer i\u00e7in uygulama, an\u0131nda destek i\u00e7in g\u00fcvenilir bir ki\u015fiye uyar\u0131 g\u00f6ndermeyi sa\u011flar.<\/li>\r\n<\/ul>\r\n\r\n\r\n\r\n<h2 class=\"wp-block-heading has-background\" style=\"background-color:#f9f3eb;margin-top:var(--wp--preset--spacing--30);margin-bottom:var(--wp--preset--spacing--30);padding-top:var(--wp--preset--spacing--20);padding-bottom:var(--wp--preset--spacing--20);font-size:1.2rem\">\u0130\u015f ve mesleki durumlar<\/h2>\r\n\r\n\r\n\r\n<ul class=\"wp-block-list\">\r\n<li style=\"font-size:1rem\"><strong>Yaln\u0131z \u00e7al\u0131\u015fanlar: <\/strong>riskli ortamlarda yaln\u0131z \u00e7al\u0131\u015fan profesyoneller (g\u00fcvenlik g\u00f6revlileri, bak\u0131m teknisyenleri, taksi \u015fof\u00f6rleri, \u00e7ift\u00e7iler, istiridye yeti\u015ftiricileri) i\u00e7in uygulama, kaza veya sald\u0131r\u0131 durumunda h\u0131zl\u0131 yard\u0131m sa\u011flamaya yard\u0131mc\u0131 olur.<\/li>\r\n\r\n\r\n\r\n<li style=\"font-size:1rem\"><strong>Sa\u011fl\u0131k ve sosyal hizmet uzmanlar\u0131: <\/strong>risk alt\u0131ndaki hastalar\u0131 veya m\u00fc\u015fterileri ziyaret eden doktorlar, hem\u015fireler, sosyal hizmet uzmanlar\u0131 veya evde bak\u0131m yard\u0131mc\u0131lar\u0131, tehlikeli bir durumu bildirmek veya yard\u0131m istemek i\u00e7in uygulamay\u0131 kullanabilirler.<\/li>\r\n\r\n\r\n\r\n<li style=\"font-size:1rem\"><strong>Gece personeli: <\/strong>izole yerlerde (benzin istasyonlar\u0131, s\u00fcpermarketler, oteller) gece \u00e7al\u0131\u015fanlar, h\u0131rs\u0131zl\u0131k veya sald\u0131r\u0131 durumunda h\u0131zl\u0131ca yard\u0131m isteme imkan\u0131na sahip olabilirler.<\/li>\r\n\r\n\r\n\r\n<li style=\"font-size:1rem\"><strong>Riskli b\u00f6lgelerdeki gazeteciler ve muhabirler: <\/strong>tehlikeli bir durumu veya tutuklanmay\u0131 bildirme, konum ve ba\u011flamsal bilgileri (telefon aramas\u0131 veya SMS ile) acil durum ki\u015filerine iletme imkan\u0131.<\/li>\r\n<\/ul>\r\n\r\n\r\n\r\n<h2 class=\"wp-block-heading has-background\" style=\"background-color:#f9f3eb;margin-top:var(--wp--preset--spacing--30);margin-bottom:var(--wp--preset--spacing--30);padding-top:var(--wp--preset--spacing--20);padding-bottom:var(--wp--preset--spacing--20);font-size:1.2rem\">D\u0131\u015far\u0131da e\u011flence ve aktiviteler<\/h2>\r\n\r\n\r\n\r\n<ul class=\"wp-block-list\">\r\n<li style=\"font-size:1rem\"><strong>Y\u00fcr\u00fcy\u00fc\u015f ve da\u011fc\u0131l\u0131k: <\/strong>d\u00fc\u015fme, yaralanma, y\u00f6n kayb\u0131 veya a\u015f\u0131r\u0131 hava ko\u015fullar\u0131nda, uygulama kurtarma ekiplerine veya ailesine GPS konumu ile uyar\u0131 g\u00f6ndermeyi sa\u011flar.<\/li>\r\n\r\n\r\n\r\n<li style=\"font-size:1rem\"><strong>Su sporlar\u0131: <\/strong>\u00f6rne\u011fin denizciler i\u00e7in uygulama, konum ile birlikte bir sorunu (alabora olma, motor ar\u0131zas\u0131, yaralanma) bildirmek i\u00e7in kullan\u0131labilir.<\/li>\r\n\r\n\r\n\r\n<li style=\"font-size:1rem\"><strong>Bisiklet ve Ko\u015fu: <\/strong>d\u00fc\u015fme, yaralanma veya rahats\u0131zl\u0131k durumunda, uygulama \u00f6nceden tan\u0131mlanm\u0131\u015f ki\u015filere konum bilgisi ile uyar\u0131 g\u00f6ndermeyi sa\u011flar.<\/li>\r\n\r\n\r\n\r\n<li style=\"font-size:1rem\"><strong>Seyahat ve turizm: <\/strong>\u00d6zellikle bilinmeyen veya tehlikeli b\u00f6lgeleri ke\u015ffeden gezginler, sorun durumunda (sald\u0131r\u0131, hastal\u0131k, belge h\u0131rs\u0131zl\u0131\u011f\u0131) yak\u0131nlar\u0131n\u0131 veya konsolosluk hizmetlerini uyarmak i\u00e7in uygulamay\u0131 kullanabilirler.<\/li>\r\n<\/ul>\r\n\r\n\r\n\r\n<p style=\"font-size:1rem\">Yukar\u0131daki durumlarda, \u00f6rne\u011fin profesyonel veya aile \u00e7evrenizi bilgilendirmek amac\u0131yla, uyar\u0131 yaln\u0131zca ge\u00e7erli co\u011frafi konumu SMS ile g\u00f6ndermekle de s\u0131n\u0131rl\u0131 olabilir. \u00d6rnek: tekrarl\u0131 modda, 5 saat boyunca, her 15 dakikada bir, yaln\u0131zca konumumu i\u00e7eren bir SMS g\u00f6nderiyorum.<\/p>\r\n\r\n\r\n\r\n<p class=\"has-small-font-size\" style=\"margin-top:var(--wp--preset--spacing--30);margin-bottom:var(--wp--preset--spacing--30)\"><\/p>\r\n","protected":false},"excerpt":{"rendered":"<p>KULLANIM DURUMLARI Ak\u0131ll\u0131 telefon i\u00e7in uyar\u0131lar g\u00f6ndermeye, yard\u0131m \u00e7a\u011f\u0131rmaya veya sadece mevcut konumunuzu payla\u015fmaya olanak tan\u0131yan bir uygulama, bir\u00e7ok durumda [&hellip;]<\/p>\n","protected":false},"author":1,"featured_media":0,"parent":0,"menu_order":1,"comment_status":"closed","ping_status":"closed","template":"","meta":{"site-sidebar-layout":"default","site-content-layout":"","ast-site-content-layout":"","site-content-style":"default","site-sidebar-style":"default","ast-global-header-display":"","ast-banner-title-visibility":"","ast-main-header-display":"","ast-hfb-above-header-display":"","ast-hfb-below-header-display":"","ast-hfb-mobile-header-display":"","site-post-title":"disabled","ast-breadcrumbs-content":"","ast-featured-img":"","footer-sml-layout":"","theme-transparent-header-meta":"","adv-header-id-meta":"","stick-header-meta":"","header-above-stick-meta":"","header-main-stick-meta":"","header-below-stick-meta":"","astra-migrate-meta-layouts":"default","ast-page-background-enabled":"default","ast-page-background-meta":{"desktop":{"background-color":"var(--ast-global-color-5)","background-image":"","background-repeat":"repeat","background-position":"center center","background-size":"auto","background-attachment":"scroll","background-type":"","background-media":"","overlay-type":"","overlay-color":"","overlay-opacity":"","overlay-gradient":""},"tablet":{"background-color":"","background-image":"","background-repeat":"repeat","background-position":"center center","background-size":"auto","background-attachment":"scroll","background-type":"","background-media":"","overlay-type":"","overlay-color":"","overlay-opacity":"","overlay-gradient":""},"mobile":{"background-color":"","background-image":"","background-repeat":"repeat","background-position":"center center","background-size":"auto","background-attachment":"scroll","background-type":"","background-media":"","overlay-type":"","overlay-color":"","overlay-opacity":"","overlay-gradient":""}},"ast-content-background-meta":{"desktop":{"background-color":"var(--ast-global-color-4)","background-image":"","background-repeat":"repeat","background-position":"center center","background-size":"auto","background-attachment":"scroll","background-type":"","background-media":"","overlay-type":"","overlay-color":"","overlay-opacity":"","overlay-gradient":""},"tablet":{"background-color":"var(--ast-global-color-4)","background-image":"","background-repeat":"repeat","background-position":"center center","background-size":"auto","background-attachment":"scroll","background-type":"","background-media":"","overlay-type":"","overlay-color":"","overlay-opacity":"","overlay-gradient":""},"mobile":{"background-color":"var(--ast-global-color-4)","background-image":"","background-repeat":"repeat","background-position":"center center","background-size":"auto","background-attachment":"scroll","background-type":"","background-media":"","overlay-type":"","overlay-color":"","overlay-opacity":"","overlay-gradient":""}},"footnotes":""},"class_list":["post-127","page","type-page","status-publish","hentry"],"yoast_head":"<!-- This site is optimized with the Yoast SEO plugin v25.6 - https:\/\/yoast.com\/wordpress\/plugins\/seo\/ -->\n<title>Kullan\u0131m Durumlar\u0131<\/title>\n<meta name=\"description\" content=\"Ak\u0131ll\u0131 telefon i\u00e7in uyar\u0131lar g\u00f6ndermeye, yard\u0131m \u00e7a\u011f\u0131rmaya veya sadece mevcut konumunuzu payla\u015fmaya olanak tan\u0131yan bir uygulama, bir\u00e7ok durumda kritik \u00f6neme sahip olabilir, i\u00e7 huzuru sa\u011flayabilir ve h\u0131zl\u0131 yard\u0131ma eri\u015fime katk\u0131da bulunabilir. \u00d6rnekler: ki\u015fisel g\u00fcvenlik ve acil durumlar, g\u00fcnl\u00fck ya\u015fam ve yard\u0131m, i\u015f ve mesleki durumlar ile e\u011flence ve d\u0131\u015f mekan aktiviteleri.\" \/>\n<meta name=\"robots\" content=\"index, follow, max-snippet:-1, max-image-preview:large, max-video-preview:-1\" \/>\n<link rel=\"canonical\" href=\"http:\/\/KULLANIM%20DURUMLARI%20Ak\u0131ll\u0131%20telefon%20i\u00e7in%20uyar\u0131lar%20g\u00f6ndermeye,%20yard\u0131m%20\u00e7a\u011f\u0131rmaya%20veya%20sadece%20mevcut%20konumunuzu%20payla\u015fmaya%20olanak%20tan\u0131yan%20bir%20uygulama,%20bir\u00e7ok%20durumda%20kritik%20\u00f6neme%20sahip%20olabilir,%20i\u00e7%20huzuru%20sa\u011flayabilir%20ve%20h\u0131zl\u0131%20yard\u0131ma%20eri\u015fime%20katk\u0131da%20bulunabilir.%20A\u015fa\u011f\u0131da,%20daha%20iyi%20anla\u015f\u0131lmas\u0131%20i\u00e7in%20kategorilere%20ayr\u0131lm\u0131\u015f%20kullan\u0131m%20durumlar\u0131ndan%20baz\u0131%20\u00f6rnekler%20verilmi\u015ftir.%20Ki\u015fisel%20g\u00fcvenlik%20ve%20acil%20durumlar%20Kad\u0131na%20y\u00f6nelik%20\u015fiddet,%20LGBTfobik%20ve&hellip;\" \/>\n<meta property=\"og:locale\" content=\"tr_TR\" \/>\n<meta property=\"og:type\" content=\"article\" \/>\n<meta property=\"og:title\" content=\"Kullan\u0131m Durumlar\u0131\" \/>\n<meta property=\"og:description\" content=\"Ak\u0131ll\u0131 telefon i\u00e7in uyar\u0131lar g\u00f6ndermeye, yard\u0131m \u00e7a\u011f\u0131rmaya veya sadece mevcut konumunuzu payla\u015fmaya olanak tan\u0131yan bir uygulama, bir\u00e7ok durumda kritik \u00f6neme sahip olabilir, i\u00e7 huzuru sa\u011flayabilir ve h\u0131zl\u0131 yard\u0131ma eri\u015fime katk\u0131da bulunabilir. \u00d6rnekler: ki\u015fisel g\u00fcvenlik ve acil durumlar, g\u00fcnl\u00fck ya\u015fam ve yard\u0131m, i\u015f ve mesleki durumlar ile e\u011flence ve d\u0131\u015f mekan aktiviteleri.\" \/>\n<meta property=\"og:url\" content=\"https:\/\/www.dataslatitudes.com\/sosuniversal\/tr\/cas-dutilisation\/\" \/>\n<meta property=\"og:site_name\" content=\"SOS Universal\" \/>\n<meta property=\"article:modified_time\" content=\"2025-07-13T07:26:58+00:00\" \/>\n<meta name=\"twitter:card\" content=\"summary_large_image\" \/>\n<meta name=\"twitter:label1\" content=\"Tahmini okuma s\u00fcresi\" \/>\n\t<meta name=\"twitter:data1\" content=\"5 dakika\" \/>\n<script type=\"application\/ld+json\" class=\"yoast-schema-graph\">{\"@context\":\"https:\/\/schema.org\",\"@graph\":[{\"@type\":\"WebPage\",\"@id\":\"https:\/\/www.dataslatitudes.com\/sosuniversal\/tr\/cas-dutilisation\/\",\"url\":\"https:\/\/www.dataslatitudes.com\/sosuniversal\/tr\/cas-dutilisation\/\",\"name\":\"Cas d'utilisation - SOS Universal\",\"isPartOf\":{\"@id\":\"https:\/\/www.dataslatitudes.com\/sosuniversal\/#website\"},\"datePublished\":\"2025-06-12T03:29:21+00:00\",\"dateModified\":\"2025-07-13T07:26:58+00:00\",\"description\":\"Une application pour smartphone permettant d\u2019envoyer des alertes, des appels \u00e0 l\u2019aide ou tout simplement sa localisation courante peut s\u2019av\u00e9rer cruciale dans de nombreuses situations, offrant une tranquillit\u00e9 d\u2019esprit et contribuant \u00e0 un acc\u00e8s rapide \u00e0 l\u2019assistance. Exemples : s\u00e9curit\u00e9 personnelle et situations d\u2019urgence, vie quotidienne et assistance, travail et situations professionnelles ainsi que loisirs et activit\u00e9s en ext\u00e9rieur.\",\"breadcrumb\":{\"@id\":\"https:\/\/www.dataslatitudes.com\/sosuniversal\/tr\/cas-dutilisation\/#breadcrumb\"},\"inLanguage\":\"tr\",\"potentialAction\":[{\"@type\":\"ReadAction\",\"target\":[\"https:\/\/www.dataslatitudes.com\/sosuniversal\/tr\/cas-dutilisation\/\"]}]},{\"@type\":\"BreadcrumbList\",\"@id\":\"https:\/\/www.dataslatitudes.com\/sosuniversal\/tr\/cas-dutilisation\/#breadcrumb\",\"itemListElement\":[{\"@type\":\"ListItem\",\"position\":1,\"name\":\"Sunum\",\"item\":\"https:\/\/www.dataslatitudes.com\/sosuniversal\/fr\/\"},{\"@type\":\"ListItem\",\"position\":2,\"name\":\"Kullan\u0131m Durumlar\u0131\"}]},{\"@type\":\"WebSite\",\"@id\":\"https:\/\/www.dataslatitudes.com\/sosuniversal\/tr\/#website\",\"url\":\"https:\/\/www.dataslatitudes.com\/sosuniversal\/tr\/\",\"name\":\"SOS Universal\",\"description\":\"\",\"publisher\":{\"@id\":\"https:\/\/www.dataslatitudes.com\/sosuniversal\/tr\/#organization\"},\"potentialAction\":[{\"@type\":\"SearchAction\",\"target\":{\"@type\":\"EntryPoint\",\"urlTemplate\":\"https:\/\/www.dataslatitudes.com\/sosuniversal\/tr\/?s={search_term_string}\"},\"query-input\":{\"@type\":\"PropertyValueSpecification\",\"valueRequired\":true,\"valueName\":\"search_term_string\"}}],\"inLanguage\":\"tr\"},{\"@type\":\"Organization\",\"@id\":\"https:\/\/www.dataslatitudes.com\/sosuniversal\/tr\/#organization\",\"name\":\"DATASLATITUDES\",\"url\":\"https:\/\/www.dataslatitudes.com\/sosuniversal\/tr\/\",\"logo\":{\"@type\":\"ImageObject\",\"inLanguage\":\"tr\",\"@id\":\"https:\/\/www.dataslatitudes.com\/sosuniversal\/tr\/#\/schema\/logo\/image\/\",\"url\":\"https:\/\/www.dataslatitudes.com\/sosuniversal\/wp-content\/uploads\/2025\/07\/logo_mrdv.png\",\"contentUrl\":\"https:\/\/www.dataslatitudes.com\/sosuniversal\/wp-content\/uploads\/2025\/07\/logo_mrdv.png\",\"width\":72,\"height\":72,\"caption\":\"DATASLATITUDES\"},\"image\":{\"@id\":\"https:\/\/www.dataslatitudes.com\/sosuniversal\/tr\/#\/schema\/logo\/image\/\"}}]}<\/script>\n<!-- \/ Yoast SEO plugin. -->","yoast_head_json":{"title":"Kullan\u0131m Durumlar\u0131","description":"Ak\u0131ll\u0131 telefon i\u00e7in uyar\u0131lar g\u00f6ndermeye, yard\u0131m \u00e7a\u011f\u0131rmaya veya sadece mevcut konumunuzu payla\u015fmaya olanak tan\u0131yan bir uygulama, bir\u00e7ok durumda kritik \u00f6neme sahip olabilir, i\u00e7 huzuru sa\u011flayabilir ve h\u0131zl\u0131 yard\u0131ma eri\u015fime katk\u0131da bulunabilir. \u00d6rnekler: ki\u015fisel g\u00fcvenlik ve acil durumlar, g\u00fcnl\u00fck ya\u015fam ve yard\u0131m, i\u015f ve mesleki durumlar ile e\u011flence ve d\u0131\u015f mekan aktiviteleri.","robots":{"index":"index","follow":"follow","max-snippet":"max-snippet:-1","max-image-preview":"max-image-preview:large","max-video-preview":"max-video-preview:-1"},"canonical":"KULLANIM DURUMLARI Ak\u0131ll\u0131 telefon i\u00e7in uyar\u0131lar g\u00f6ndermeye, yard\u0131m \u00e7a\u011f\u0131rmaya veya sadece mevcut konumunuzu payla\u015fmaya olanak tan\u0131yan bir uygulama, bir\u00e7ok durumda kritik \u00f6neme sahip olabilir, i\u00e7 huzuru sa\u011flayabilir ve h\u0131zl\u0131 yard\u0131ma eri\u015fime katk\u0131da bulunabilir. A\u015fa\u011f\u0131da, daha iyi anla\u015f\u0131lmas\u0131 i\u00e7in kategorilere ayr\u0131lm\u0131\u015f kullan\u0131m durumlar\u0131ndan baz\u0131 \u00f6rnekler verilmi\u015ftir. Ki\u015fisel g\u00fcvenlik ve acil durumlar Kad\u0131na y\u00f6nelik \u015fiddet, LGBTfobik ve&hellip;","og_locale":"tr_TR","og_type":"article","og_title":"Kullan\u0131m Durumlar\u0131","og_description":"Ak\u0131ll\u0131 telefon i\u00e7in uyar\u0131lar g\u00f6ndermeye, yard\u0131m \u00e7a\u011f\u0131rmaya veya sadece mevcut konumunuzu payla\u015fmaya olanak tan\u0131yan bir uygulama, bir\u00e7ok durumda kritik \u00f6neme sahip olabilir, i\u00e7 huzuru sa\u011flayabilir ve h\u0131zl\u0131 yard\u0131ma eri\u015fime katk\u0131da bulunabilir. \u00d6rnekler: ki\u015fisel g\u00fcvenlik ve acil durumlar, g\u00fcnl\u00fck ya\u015fam ve yard\u0131m, i\u015f ve mesleki durumlar ile e\u011flence ve d\u0131\u015f mekan aktiviteleri.","og_url":"https:\/\/www.dataslatitudes.com\/sosuniversal\/tr\/cas-dutilisation\/","og_site_name":"SOS Universal","article_modified_time":"2025-07-13T07:26:58+00:00","twitter_card":"summary_large_image","twitter_misc":{"Tahmini okuma s\u00fcresi":"5 dakika"},"schema":{"@context":"https:\/\/schema.org","@graph":[{"@type":"WebPage","@id":"https:\/\/www.dataslatitudes.com\/sosuniversal\/tr\/cas-dutilisation\/","url":"https:\/\/www.dataslatitudes.com\/sosuniversal\/tr\/cas-dutilisation\/","name":"Cas d'utilisation - SOS Universal","isPartOf":{"@id":"https:\/\/www.dataslatitudes.com\/sosuniversal\/#website"},"datePublished":"2025-06-12T03:29:21+00:00","dateModified":"2025-07-13T07:26:58+00:00","description":"Une application pour smartphone permettant d\u2019envoyer des alertes, des appels \u00e0 l\u2019aide ou tout simplement sa localisation courante peut s\u2019av\u00e9rer cruciale dans de nombreuses situations, offrant une tranquillit\u00e9 d\u2019esprit et contribuant \u00e0 un acc\u00e8s rapide \u00e0 l\u2019assistance. Exemples : s\u00e9curit\u00e9 personnelle et situations d\u2019urgence, vie quotidienne et assistance, travail et situations professionnelles ainsi que loisirs et activit\u00e9s en ext\u00e9rieur.","breadcrumb":{"@id":"https:\/\/www.dataslatitudes.com\/sosuniversal\/tr\/cas-dutilisation\/#breadcrumb"},"inLanguage":"tr","potentialAction":[{"@type":"ReadAction","target":["https:\/\/www.dataslatitudes.com\/sosuniversal\/tr\/cas-dutilisation\/"]}]},{"@type":"BreadcrumbList","@id":"https:\/\/www.dataslatitudes.com\/sosuniversal\/tr\/cas-dutilisation\/#breadcrumb","itemListElement":[{"@type":"ListItem","position":1,"name":"Sunum","item":"https:\/\/www.dataslatitudes.com\/sosuniversal\/fr\/"},{"@type":"ListItem","position":2,"name":"Kullan\u0131m Durumlar\u0131"}]},{"@type":"WebSite","@id":"https:\/\/www.dataslatitudes.com\/sosuniversal\/tr\/#website","url":"https:\/\/www.dataslatitudes.com\/sosuniversal\/tr\/","name":"SOS Universal","description":"","publisher":{"@id":"https:\/\/www.dataslatitudes.com\/sosuniversal\/tr\/#organization"},"potentialAction":[{"@type":"SearchAction","target":{"@type":"EntryPoint","urlTemplate":"https:\/\/www.dataslatitudes.com\/sosuniversal\/tr\/?s={search_term_string}"},"query-input":{"@type":"PropertyValueSpecification","valueRequired":true,"valueName":"search_term_string"}}],"inLanguage":"tr"},{"@type":"Organization","@id":"https:\/\/www.dataslatitudes.com\/sosuniversal\/tr\/#organization","name":"DATASLATITUDES","url":"https:\/\/www.dataslatitudes.com\/sosuniversal\/tr\/","logo":{"@type":"ImageObject","inLanguage":"tr","@id":"https:\/\/www.dataslatitudes.com\/sosuniversal\/tr\/#\/schema\/logo\/image\/","url":"https:\/\/www.dataslatitudes.com\/sosuniversal\/wp-content\/uploads\/2025\/07\/logo_mrdv.png","contentUrl":"https:\/\/www.dataslatitudes.com\/sosuniversal\/wp-content\/uploads\/2025\/07\/logo_mrdv.png","width":72,"height":72,"caption":"DATASLATITUDES"},"image":{"@id":"https:\/\/www.dataslatitudes.com\/sosuniversal\/tr\/#\/schema\/logo\/image\/"}}]}},"_links":{"self":[{"href":"https:\/\/www.dataslatitudes.com\/sosuniversal\/tr\/wp-json\/wp\/v2\/pages\/127","targetHints":{"allow":["GET"]}}],"collection":[{"href":"https:\/\/www.dataslatitudes.com\/sosuniversal\/tr\/wp-json\/wp\/v2\/pages"}],"about":[{"href":"https:\/\/www.dataslatitudes.com\/sosuniversal\/tr\/wp-json\/wp\/v2\/types\/page"}],"author":[{"embeddable":true,"href":"https:\/\/www.dataslatitudes.com\/sosuniversal\/tr\/wp-json\/wp\/v2\/users\/1"}],"replies":[{"embeddable":true,"href":"https:\/\/www.dataslatitudes.com\/sosuniversal\/tr\/wp-json\/wp\/v2\/comments?post=127"}],"version-history":[{"count":34,"href":"https:\/\/www.dataslatitudes.com\/sosuniversal\/tr\/wp-json\/wp\/v2\/pages\/127\/revisions"}],"predecessor-version":[{"id":868,"href":"https:\/\/www.dataslatitudes.com\/sosuniversal\/tr\/wp-json\/wp\/v2\/pages\/127\/revisions\/868"}],"wp:attachment":[{"href":"https:\/\/www.dataslatitudes.com\/sosuniversal\/tr\/wp-json\/wp\/v2\/media?parent=127"}],"curies":[{"name":"wp","href":"https:\/\/api.w.org\/{rel}","templated":true}]}}