{"id":75,"date":"2025-06-11T15:05:57","date_gmt":"2025-06-11T15:05:57","guid":{"rendered":"http:\/\/www.dataslatitudes.com\/sosuniversal\/index.php\/mode-demploi\/"},"modified":"2025-08-14T09:50:55","modified_gmt":"2025-08-14T09:50:55","slug":"politique-confidentialite","status":"publish","type":"page","link":"https:\/\/www.dataslatitudes.com\/sosuniversal\/sv\/politique-confidentialite\/","title":{"rendered":"Sekretess"},"content":{"rendered":"\r\n<p class=\"has-small-font-size\"><\/p>\r\n\r\n\r\n\r\n<h1 class=\"wp-block-heading has-text-align-center has-medium-font-size\"><strong>INTEGRITETSPOLICY<\/strong><\/h1>\r\n\r\n\r\n\r\n<p style=\"margin-top:0;margin-bottom:0;font-size:1rem\">Denna integritetspolicy syftar till att transparent informera dig om hur mobilapplikationen SOS Universal (nedan kallad \u201dApplikationen\u201d), utvecklad av DATASLATITUDES (nedan kallad \u201dUtgivaren\u201d), samlar in, anv\u00e4nder och skyddar dina personuppgifter.<\/p>\r\n\r\n\r\n\r\n<p style=\"margin-top:var(--wp--preset--spacing--20);margin-bottom:var(--wp--preset--spacing--20)\">Genom att anv\u00e4nda applikationen godk\u00e4nner du villkoren i denna policy. Om du inte godk\u00e4nner dessa villkor, v\u00e4nligen anv\u00e4nd inte applikationen.<\/p>\r\n\r\n\r\n\r\n<p><strong>Ikrafttr\u00e4dandedatum: 28 juni 2025<\/strong><\/p>\r\n\r\n\r\n\r\n<h2 class=\"wp-block-heading has-background\" style=\"background-color:#f9f3eb;margin-top:var(--wp--preset--spacing--30);margin-bottom:var(--wp--preset--spacing--30);padding-top:var(--wp--preset--spacing--30);padding-bottom:var(--wp--preset--spacing--30);font-size:1.2rem\">1. Personuppgiftsansvarig<\/h2>\r\n\r\n\r\n\r\n<p>Den personuppgiftsansvarige f\u00f6r dina personuppgifter \u00e4r: DATASLATITUDES. <strong>(E-post: privacy.sos_universal@dataslatitudes.com)<\/strong><\/p>\r\n\r\n\r\n\r\n<p class=\"has-small-font-size\"><\/p>\r\n\r\n\r\n\r\n<h2 class=\"wp-block-heading has-background\" style=\"background-color:#f9f3eb;margin-top:var(--wp--preset--spacing--30);margin-bottom:var(--wp--preset--spacing--30);padding-top:var(--wp--preset--spacing--30);padding-bottom:var(--wp--preset--spacing--30);font-size:1.2rem\">2. Insamlade data och \u00e4ndam\u00e5l<\/h2>\r\n\r\n\r\n\r\n<p style=\"margin-top:var(--wp--preset--spacing--30);margin-bottom:var(--wp--preset--spacing--30);padding-top:0;padding-bottom:0\">Applikationen \u00e4r utformad f\u00f6r att minimera insamlingen av personuppgifter och prioriterar uteslutande lokal lagring p\u00e5 din enhet. Uppgifterna behandlas f\u00f6r f\u00f6ljande \u00e4ndam\u00e5l:<\/p>\r\n\r\n\r\n\r\n<h3 class=\"wp-block-heading\" style=\"margin-top:var(--wp--preset--spacing--20);margin-bottom:var(--wp--preset--spacing--20);padding-top:0;padding-bottom:0;font-size:1.1rem\">2.1. Data som du tillhandah\u00e5ller direkt<\/h3>\r\n\r\n\r\n\r\n<ul style=\"margin-top:var(--wp--preset--spacing--20);margin-bottom:var(--wp--preset--spacing--20);padding-top:0;padding-bottom:0\" class=\"wp-block-list\">\r\n<li style=\"margin-top:var(--wp--preset--spacing--20);margin-bottom:var(--wp--preset--spacing--20);padding-top:0;padding-bottom:0\"><strong>N\u00f6dkontakter: <\/strong>du skapar eller importerar kontakter (namn och telefonnummer) fr\u00e5n din adressbok.\r\n<ul class=\"wp-block-list\">\r\n<li><strong>Syfte: <\/strong>dessa data anv\u00e4nds uteslutande f\u00f6r att skicka varnings-SMS och generera telefonsamtal till dina n\u00f6dkontakter.<\/li>\r\n\r\n\r\n\r\n<li><strong>Lagring: <\/strong>dessa data lagras lokalt p\u00e5 din enhet och \u00f6verf\u00f6rs inte till v\u00e5ra servrar.<\/li>\r\n<\/ul>\r\n<\/li>\r\n\r\n\r\n\r\n<li><strong>Standard- och kompletterande meddelanden: <\/strong>texten du skriver f\u00f6r varnings-SMS.\r\n<ul class=\"wp-block-list\">\r\n<li><strong>Syfte: <\/strong>integrera ditt personliga meddelande i de skickade varningarna.<\/li>\r\n\r\n\r\n\r\n<li><strong>Lagring: <\/strong>lagras lokalt p\u00e5 din enhet.<\/li>\r\n<\/ul>\r\n<\/li>\r\n\r\n\r\n\r\n<li style=\"padding-top:var(--wp--preset--spacing--20);padding-bottom:var(--wp--preset--spacing--20)\"><strong>Ljudinspelningar: <\/strong>inspelningarna du utl\u00f6ser.\r\n<ul class=\"wp-block-list\">\r\n<li><strong>Syfte: <\/strong>till\u00e5ta lyssning, namnbyte och borttagning av dina inspelningar. Med god kvalitet kan de bidra till att fungera som bevis vid en anm\u00e4lan.<\/li>\r\n\r\n\r\n\r\n<li><strong>Lagring: <\/strong>Lokalt lagrade i nedladdningsmappen p\u00e5 din smartphone. Du \u00e4r ensam ansvarig f\u00f6r hantering och radering av dessa filer.<\/li>\r\n<\/ul>\r\n<\/li>\r\n<\/ul>\r\n\r\n\r\n\r\n<p class=\"has-small-font-size\"><\/p>\r\n\r\n\r\n\r\n<h3 class=\"wp-block-heading\" style=\"margin-top:var(--wp--preset--spacing--20);margin-bottom:var(--wp--preset--spacing--20);padding-top:0;padding-bottom:0;font-size:1.1rem\"><strong>2.2. Automatiskt insamlade data<\/strong><\/h3>\r\n\r\n\r\n\r\n<ul style=\"margin-top:var(--wp--preset--spacing--20);margin-bottom:var(--wp--preset--spacing--20);padding-top:0;padding-bottom:0\" class=\"wp-block-list\">\r\n<li style=\"margin-top:var(--wp--preset--spacing--20);margin-bottom:var(--wp--preset--spacing--20);padding-top:0;padding-bottom:0\"><strong>Geolokaliseringsdata: <\/strong>Applikationen f\u00e5r \u00e5tkomst till din enhets position (GPS eller Wi-Fi) endast n\u00e4r du aktiverar funktionen f\u00f6r att skicka din plats i varningsmeddelandet.\r\n<ul class=\"wp-block-list\">\r\n<li><strong>Syfte: <\/strong>ange din geografiska position (koordinater och adress) till dina n\u00f6dkontakter vid en varning.<\/li>\r\n\r\n\r\n\r\n<li><strong>Lagring: <\/strong>dessa uppgifter varken lagras eller sparas av Utgivaren. De anv\u00e4nds i realtid f\u00f6r att generera GoogleMaps (eller OpenStreetMap)-l\u00e4nken och adressen, och inkluderas sedan i SMS:et som skickas via din teleoperat\u00f6r<\/li>\r\n<\/ul>\r\n<\/li>\r\n\r\n\r\n\r\n<li><strong>Varningshistorik: <\/strong>datum, tid, l\u00e4ge, mottagare och inneh\u00e5ll f\u00f6r de 50 senaste skickade varningarna.\r\n<ul class=\"wp-block-list\">\r\n<li><strong>Syfte: <\/strong>ger dig m\u00f6jlighet att konsultera din varningshistorik f\u00f6r uppf\u00f6ljning och hantering.<\/li>\r\n\r\n\r\n\r\n<li><strong>Lagring: <\/strong>lagras lokalt p\u00e5 din enhet.<\/li>\r\n<\/ul>\r\n<\/li>\r\n\r\n\r\n\r\n<li style=\"padding-top:var(--wp--preset--spacing--20);padding-bottom:var(--wp--preset--spacing--20)\"><strong>\u00c5tkomstbeh\u00f6righeter: <\/strong>Applikationen kr\u00e4ver \u00e5tkomst till dina kontakter, geolokalisering, mikrofon, ljudinspelning, lagring, aviseringar och SMS\/telefonfunktioner.\r\n<ul class=\"wp-block-list\">\r\n<li><strong>Syfte: <\/strong>dessa beh\u00f6righeter \u00e4r absolut n\u00f6dv\u00e4ndiga f\u00f6r att applikationen ska fungera korrekt och utf\u00f6ra sina funktioner.<\/li>\r\n<\/ul>\r\n<\/li>\r\n<\/ul>\r\n\r\n\r\n\r\n<p class=\"has-small-font-size\"><\/p>\r\n\r\n\r\n\r\n<h2 class=\"wp-block-heading has-background\" style=\"background-color:#f9f3eb;margin-top:var(--wp--preset--spacing--30);margin-bottom:var(--wp--preset--spacing--30);padding-top:var(--wp--preset--spacing--30);padding-bottom:var(--wp--preset--spacing--30);font-size:1.2rem\">3. Delning av data<\/h2>\r\n\r\n\r\n\r\n<p style=\"margin-top:var(--wp--preset--spacing--30);margin-bottom:var(--wp--preset--spacing--30);padding-top:0;padding-bottom:0\">Utgivaren delar inte, s\u00e4ljer inte eller hyr ut dina personuppgifter till tredje part vare sig kommersiellt eller gratis. De enda enheter som tar emot dina uppgifter \u00e4r:<\/p>\r\n\r\n\r\n\r\n<ul style=\"margin-top:var(--wp--preset--spacing--20);margin-bottom:var(--wp--preset--spacing--20)\" class=\"wp-block-list\">\r\n<li><strong>Dina n\u00f6dkontakter: <\/strong>du v\u00e4ljer att skicka dem information (meddelande, plats) via din mobiloperat\u00f6rs tj\u00e4nster (SMS\/samtal).<\/li>\r\n\r\n\r\n\r\n<li><strong>Google Maps: <\/strong>Applikationen anv\u00e4nder Googles karttj\u00e4nst f\u00f6r att generera en l\u00e4nk till din plats. Anv\u00e4ndningen av denna l\u00e4nk \u00e4r f\u00f6rem\u00e5l f\u00f6r Googles anv\u00e4ndarvillkor och integritetspolicy.<\/li>\r\n\r\n\r\n\r\n<li><strong>OpenStreetMap: <\/strong>Applikationen kan ocks\u00e5 anv\u00e4nda OpenStreetMaps karttj\u00e4nst f\u00f6r att generera en l\u00e4nk till din plats. Anv\u00e4ndningen av denna l\u00e4nk \u00e4r f\u00f6rem\u00e5l f\u00f6r OpenStreetMaps anv\u00e4ndarvillkor och sekretesspolicy.<\/li>\r\n<\/ul>\r\n\r\n\r\n\r\n<p class=\"has-small-font-size\"><\/p>\r\n\r\n\r\n\r\n<h2 class=\"wp-block-heading has-background\" style=\"background-color:#f9f3eb;margin-top:var(--wp--preset--spacing--30);margin-bottom:var(--wp--preset--spacing--30);padding-top:var(--wp--preset--spacing--30);padding-bottom:var(--wp--preset--spacing--30);font-size:1.2rem\">4. Dina r\u00e4ttigheter (GDPR-kompatibilitet)<\/h2>\r\n\r\n\r\n\r\n<p style=\"margin-top:var(--wp--preset--spacing--30);margin-bottom:var(--wp--preset--spacing--30);padding-top:0;padding-bottom:0\">Som anv\u00e4ndare har du f\u00f6ljande r\u00e4ttigheter g\u00e4llande dina personuppgifter:<\/p>\r\n\r\n\r\n\r\n<ul style=\"margin-top:var(--wp--preset--spacing--20);margin-bottom:var(--wp--preset--spacing--20)\" class=\"wp-block-list\">\r\n<li><strong>R\u00e4tt till \u00e5tkomst: <\/strong>Du kan n\u00e4r som helst komma \u00e5t data som lagras p\u00e5 din enhet via applikationen.<\/li>\r\n\r\n\r\n\r\n<li><strong>R\u00e4tt till r\u00e4ttelse: <\/strong>Du kan \u00e4ndra eller korrigera dina kontakter och inst\u00e4llningar direkt i applikationen.<\/li>\r\n\r\n\r\n\r\n<li><strong>R\u00e4tt till radering (\u201dr\u00e4tten att bli gl\u00f6md\u201d): <\/strong>Du kan n\u00e4r som helst radera dina kontaktuppgifter och ljudinspelningar. Att avinstallera applikationen raderar all lokalt lagrad data.<\/li>\r\n\r\n\r\n\r\n<li><strong>R\u00e4tt till begr\u00e4nsning av behandling: <\/strong>du kan tillf\u00e4lligt inaktivera kontakter eller funktioner (som plats) f\u00f6r att begr\u00e4nsa behandlingen av dina uppgifter.<\/li>\r\n\r\n\r\n\r\n<li><strong>R\u00e4tt till inv\u00e4ndning: <\/strong>Du kan inv\u00e4nda mot behandlingen genom att sluta anv\u00e4nda applikationen och avinstallera den.<\/li>\r\n<\/ul>\r\n\r\n\r\n\r\n<p class=\"has-small-font-size\"><\/p>\r\n\r\n\r\n\r\n<h2 class=\"wp-block-heading has-background\" style=\"background-color:#f9f3eb;margin-top:var(--wp--preset--spacing--30);margin-bottom:var(--wp--preset--spacing--30);padding-top:var(--wp--preset--spacing--30);padding-bottom:var(--wp--preset--spacing--30);font-size:1.2rem\">5. \u00c4ndringar i integritetspolicyn<\/h2>\r\n\r\n\r\n\r\n<p style=\"margin-top:var(--wp--preset--spacing--30);margin-bottom:var(--wp--preset--spacing--30);padding-top:0;padding-bottom:0\">Utgivaren f\u00f6rbeh\u00e5ller sig r\u00e4tten att \u00e4ndra denna integritetspolicy n\u00e4r som helst. Din fortsatta anv\u00e4ndning av tj\u00e4nsten efter publicering av \u00e4ndringarna utg\u00f6r ditt godk\u00e4nnande av de nya villkoren.<\/p>\r\n\r\n\r\n\r\n<p class=\"has-small-font-size\"><\/p>\r\n\r\n\r\n\r\n<h2 class=\"wp-block-heading has-background\" style=\"background-color:#f9f3eb;margin-top:var(--wp--preset--spacing--30);margin-bottom:var(--wp--preset--spacing--30);padding-top:var(--wp--preset--spacing--30);padding-bottom:var(--wp--preset--spacing--30);font-size:1.2rem\">6. Kontakta oss<\/h2>\r\n\r\n\r\n\r\n<p style=\"margin-top:var(--wp--preset--spacing--30);margin-bottom:var(--wp--preset--spacing--30);padding-top:0;padding-bottom:0\">Om du har fr\u00e5gor eller funderingar ang\u00e5ende denna integritetspolicy eller hanteringen av dina uppgifter, v\u00e4nligen kontakta oss p\u00e5 f\u00f6ljande e-postadress: <br><strong>privacy.sos_universal@dataslatitudes.com<\/strong><\/p>\r\n\r\n\r\n\r\n<p class=\"has-medium-font-size\"><\/p>\r\n\r\n\r\n\r\n<p class=\"has-medium-font-size\"><\/p>\r\n","protected":false},"excerpt":{"rendered":"<p>INTEGRITETSPOLICY Denna integritetspolicy syftar till att transparent informera dig om hur mobilapplikationen SOS Universal (nedan kallad \u201dApplikationen\u201d), utvecklad av DATASLATITUDES [&hellip;]<\/p>\n","protected":false},"author":1,"featured_media":0,"parent":0,"menu_order":4,"comment_status":"closed","ping_status":"closed","template":"","meta":{"site-sidebar-layout":"default","site-content-layout":"","ast-site-content-layout":"default","site-content-style":"default","site-sidebar-style":"default","ast-global-header-display":"","ast-banner-title-visibility":"","ast-main-header-display":"","ast-hfb-above-header-display":"","ast-hfb-below-header-display":"","ast-hfb-mobile-header-display":"","site-post-title":"disabled","ast-breadcrumbs-content":"","ast-featured-img":"","footer-sml-layout":"","theme-transparent-header-meta":"","adv-header-id-meta":"","stick-header-meta":"","header-above-stick-meta":"","header-main-stick-meta":"","header-below-stick-meta":"","astra-migrate-meta-layouts":"default","ast-page-background-enabled":"default","ast-page-background-meta":{"desktop":{"background-color":"var(--ast-global-color-5)","background-image":"","background-repeat":"repeat","background-position":"center center","background-size":"auto","background-attachment":"scroll","background-type":"","background-media":"","overlay-type":"","overlay-color":"","overlay-opacity":"","overlay-gradient":""},"tablet":{"background-color":"","background-image":"","background-repeat":"repeat","background-position":"center center","background-size":"auto","background-attachment":"scroll","background-type":"","background-media":"","overlay-type":"","overlay-color":"","overlay-opacity":"","overlay-gradient":""},"mobile":{"background-color":"","background-image":"","background-repeat":"repeat","background-position":"center center","background-size":"auto","background-attachment":"scroll","background-type":"","background-media":"","overlay-type":"","overlay-color":"","overlay-opacity":"","overlay-gradient":""}},"ast-content-background-meta":{"desktop":{"background-color":"var(--ast-global-color-4)","background-image":"","background-repeat":"repeat","background-position":"center center","background-size":"auto","background-attachment":"scroll","background-type":"","background-media":"","overlay-type":"","overlay-color":"","overlay-opacity":"","overlay-gradient":""},"tablet":{"background-color":"var(--ast-global-color-4)","background-image":"","background-repeat":"repeat","background-position":"center center","background-size":"auto","background-attachment":"scroll","background-type":"","background-media":"","overlay-type":"","overlay-color":"","overlay-opacity":"","overlay-gradient":""},"mobile":{"background-color":"var(--ast-global-color-4)","background-image":"","background-repeat":"repeat","background-position":"center center","background-size":"auto","background-attachment":"scroll","background-type":"","background-media":"","overlay-type":"","overlay-color":"","overlay-opacity":"","overlay-gradient":""}},"footnotes":""},"class_list":["post-75","page","type-page","status-publish","hentry"],"yoast_head":"<!-- This site is optimized with the Yoast SEO plugin v25.6 - https:\/\/yoast.com\/wordpress\/plugins\/seo\/ -->\n<title>Sekretess<\/title>\n<meta name=\"description\" content=\"Denna integritetspolicy syftar till att transparent informera dig om hur mobilapplikationen SOS Universal, utvecklad av DATASLATITUDES, samlar in, anv\u00e4nder och skyddar dina personuppgifter. Den beskriver den personuppgiftsansvarige, insamlade data och \u00e4ndam\u00e5l, datadelning, dina r\u00e4ttigheter (GDPR-kompatibilitet) och villkoren f\u00f6r \u00e4ndringar av integritetspolicyn.\" \/>\n<meta name=\"robots\" content=\"index, follow, max-snippet:-1, max-image-preview:large, max-video-preview:-1\" \/>\n<link rel=\"canonical\" href=\"\" \/>\n<meta property=\"og:locale\" content=\"sv_SE\" \/>\n<meta property=\"og:type\" content=\"article\" \/>\n<meta property=\"og:title\" content=\"Sekretess\" \/>\n<meta property=\"og:description\" content=\"Denna integritetspolicy syftar till att transparent informera dig om hur mobilapplikationen SOS Universal, utvecklad av DATASLATITUDES, samlar in, anv\u00e4nder och skyddar dina personuppgifter. Den beskriver den personuppgiftsansvarige, insamlade data och \u00e4ndam\u00e5l, datadelning, dina r\u00e4ttigheter (GDPR-kompatibilitet) och villkoren f\u00f6r \u00e4ndringar av integritetspolicyn.\" \/>\n<meta property=\"og:url\" content=\"https:\/\/www.dataslatitudes.com\/sosuniversal\/sv\/politique-confidentialite\/\" \/>\n<meta property=\"og:site_name\" content=\"SOS Universal\" \/>\n<meta property=\"article:modified_time\" content=\"2025-08-14T09:50:55+00:00\" \/>\n<meta name=\"twitter:card\" content=\"summary_large_image\" \/>\n<meta name=\"twitter:label1\" content=\"Ber\u00e4knad l\u00e4stid\" \/>\n\t<meta name=\"twitter:data1\" content=\"4 minuter\" \/>\n<script type=\"application\/ld+json\" class=\"yoast-schema-graph\">{\"@context\":\"https:\/\/schema.org\",\"@graph\":[{\"@type\":\"WebPage\",\"@id\":\"https:\/\/www.dataslatitudes.com\/sosuniversal\/sv\/politique-confidentialite\/\",\"url\":\"https:\/\/www.dataslatitudes.com\/sosuniversal\/sv\/politique-confidentialite\/\",\"name\":\"Confidentialit\u00e9 - SOS Universal\",\"isPartOf\":{\"@id\":\"https:\/\/www.dataslatitudes.com\/sosuniversal\/#website\"},\"datePublished\":\"2025-06-11T15:05:57+00:00\",\"dateModified\":\"2025-08-14T09:50:55+00:00\",\"description\":\"La pr\u00e9sente Politique de Confidentialit\u00e9 a pour objectif de vous informer de mani\u00e8re transparente sur la mani\u00e8re dont l'application mobile SOS Universal, d\u00e9velopp\u00e9e par DATASLATITUDES, collecte, utilise et prot\u00e8ge vos donn\u00e9es personnelles. On y expose le responsable du traitement des donn\u00e9es, les donn\u00e9es collect\u00e9es et les finalit\u00e9s, le partage des donn\u00e9es, vos droits (conformit\u00e9 RGPD) et les conditions de modifications de la Politique de Confidentialit\u00e9.\",\"breadcrumb\":{\"@id\":\"https:\/\/www.dataslatitudes.com\/sosuniversal\/sv\/politique-confidentialite\/#breadcrumb\"},\"inLanguage\":\"sv-SE\",\"potentialAction\":[{\"@type\":\"ReadAction\",\"target\":[\"https:\/\/www.dataslatitudes.com\/sosuniversal\/sv\/politique-confidentialite\/\"]}]},{\"@type\":\"BreadcrumbList\",\"@id\":\"https:\/\/www.dataslatitudes.com\/sosuniversal\/sv\/politique-confidentialite\/#breadcrumb\",\"itemListElement\":[{\"@type\":\"ListItem\",\"position\":1,\"name\":\"Presentation\",\"item\":\"https:\/\/www.dataslatitudes.com\/sosuniversal\/fr\/\"},{\"@type\":\"ListItem\",\"position\":2,\"name\":\"Sekretess\"}]},{\"@type\":\"WebSite\",\"@id\":\"https:\/\/www.dataslatitudes.com\/sosuniversal\/sv\/#website\",\"url\":\"https:\/\/www.dataslatitudes.com\/sosuniversal\/sv\/\",\"name\":\"SOS Universal\",\"description\":\"\",\"publisher\":{\"@id\":\"https:\/\/www.dataslatitudes.com\/sosuniversal\/sv\/#organization\"},\"potentialAction\":[{\"@type\":\"SearchAction\",\"target\":{\"@type\":\"EntryPoint\",\"urlTemplate\":\"https:\/\/www.dataslatitudes.com\/sosuniversal\/sv\/?s={search_term_string}\"},\"query-input\":{\"@type\":\"PropertyValueSpecification\",\"valueRequired\":true,\"valueName\":\"search_term_string\"}}],\"inLanguage\":\"sv-SE\"},{\"@type\":\"Organization\",\"@id\":\"https:\/\/www.dataslatitudes.com\/sosuniversal\/sv\/#organization\",\"name\":\"DATASLATITUDES\",\"url\":\"https:\/\/www.dataslatitudes.com\/sosuniversal\/sv\/\",\"logo\":{\"@type\":\"ImageObject\",\"inLanguage\":\"sv-SE\",\"@id\":\"https:\/\/www.dataslatitudes.com\/sosuniversal\/sv\/#\/schema\/logo\/image\/\",\"url\":\"https:\/\/www.dataslatitudes.com\/sosuniversal\/wp-content\/uploads\/2025\/07\/logo_mrdv.png\",\"contentUrl\":\"https:\/\/www.dataslatitudes.com\/sosuniversal\/wp-content\/uploads\/2025\/07\/logo_mrdv.png\",\"width\":72,\"height\":72,\"caption\":\"DATASLATITUDES\"},\"image\":{\"@id\":\"https:\/\/www.dataslatitudes.com\/sosuniversal\/sv\/#\/schema\/logo\/image\/\"}}]}<\/script>\n<!-- \/ Yoast SEO plugin. -->","yoast_head_json":{"title":"Sekretess","description":"Denna integritetspolicy syftar till att transparent informera dig om hur mobilapplikationen SOS Universal, utvecklad av DATASLATITUDES, samlar in, anv\u00e4nder och skyddar dina personuppgifter. Den beskriver den personuppgiftsansvarige, insamlade data och \u00e4ndam\u00e5l, datadelning, dina r\u00e4ttigheter (GDPR-kompatibilitet) och villkoren f\u00f6r \u00e4ndringar av integritetspolicyn.","robots":{"index":"index","follow":"follow","max-snippet":"max-snippet:-1","max-image-preview":"max-image-preview:large","max-video-preview":"max-video-preview:-1"},"canonical":"INTEGRITETSPOLICY Denna integritetspolicy syftar till att transparent informera dig om hur mobilapplikationen SOS Universal (nedan kallad \u201dApplikationen\u201d), utvecklad av DATASLATITUDES (nedan kallad \u201dUtgivaren\u201d), samlar in, anv\u00e4nder och skyddar dina personuppgifter. Genom att anv\u00e4nda applikationen godk\u00e4nner du villkoren i denna policy. Om du inte godk\u00e4nner dessa villkor, v\u00e4nligen anv\u00e4nd inte applikationen. Ikrafttr\u00e4dandedatum: 28 juni 2025 1.&hellip;","og_locale":"sv_SE","og_type":"article","og_title":"Sekretess","og_description":"Denna integritetspolicy syftar till att transparent informera dig om hur mobilapplikationen SOS Universal, utvecklad av DATASLATITUDES, samlar in, anv\u00e4nder och skyddar dina personuppgifter. Den beskriver den personuppgiftsansvarige, insamlade data och \u00e4ndam\u00e5l, datadelning, dina r\u00e4ttigheter (GDPR-kompatibilitet) och villkoren f\u00f6r \u00e4ndringar av integritetspolicyn.","og_url":"https:\/\/www.dataslatitudes.com\/sosuniversal\/sv\/politique-confidentialite\/","og_site_name":"SOS Universal","article_modified_time":"2025-08-14T09:50:55+00:00","twitter_card":"summary_large_image","twitter_misc":{"Ber\u00e4knad l\u00e4stid":"4 minuter"},"schema":{"@context":"https:\/\/schema.org","@graph":[{"@type":"WebPage","@id":"https:\/\/www.dataslatitudes.com\/sosuniversal\/sv\/politique-confidentialite\/","url":"https:\/\/www.dataslatitudes.com\/sosuniversal\/sv\/politique-confidentialite\/","name":"Confidentialit\u00e9 - SOS Universal","isPartOf":{"@id":"https:\/\/www.dataslatitudes.com\/sosuniversal\/#website"},"datePublished":"2025-06-11T15:05:57+00:00","dateModified":"2025-08-14T09:50:55+00:00","description":"La pr\u00e9sente Politique de Confidentialit\u00e9 a pour objectif de vous informer de mani\u00e8re transparente sur la mani\u00e8re dont l'application mobile SOS Universal, d\u00e9velopp\u00e9e par DATASLATITUDES, collecte, utilise et prot\u00e8ge vos donn\u00e9es personnelles. On y expose le responsable du traitement des donn\u00e9es, les donn\u00e9es collect\u00e9es et les finalit\u00e9s, le partage des donn\u00e9es, vos droits (conformit\u00e9 RGPD) et les conditions de modifications de la Politique de Confidentialit\u00e9.","breadcrumb":{"@id":"https:\/\/www.dataslatitudes.com\/sosuniversal\/sv\/politique-confidentialite\/#breadcrumb"},"inLanguage":"sv-SE","potentialAction":[{"@type":"ReadAction","target":["https:\/\/www.dataslatitudes.com\/sosuniversal\/sv\/politique-confidentialite\/"]}]},{"@type":"BreadcrumbList","@id":"https:\/\/www.dataslatitudes.com\/sosuniversal\/sv\/politique-confidentialite\/#breadcrumb","itemListElement":[{"@type":"ListItem","position":1,"name":"Presentation","item":"https:\/\/www.dataslatitudes.com\/sosuniversal\/fr\/"},{"@type":"ListItem","position":2,"name":"Sekretess"}]},{"@type":"WebSite","@id":"https:\/\/www.dataslatitudes.com\/sosuniversal\/sv\/#website","url":"https:\/\/www.dataslatitudes.com\/sosuniversal\/sv\/","name":"SOS Universal","description":"","publisher":{"@id":"https:\/\/www.dataslatitudes.com\/sosuniversal\/sv\/#organization"},"potentialAction":[{"@type":"SearchAction","target":{"@type":"EntryPoint","urlTemplate":"https:\/\/www.dataslatitudes.com\/sosuniversal\/sv\/?s={search_term_string}"},"query-input":{"@type":"PropertyValueSpecification","valueRequired":true,"valueName":"search_term_string"}}],"inLanguage":"sv-SE"},{"@type":"Organization","@id":"https:\/\/www.dataslatitudes.com\/sosuniversal\/sv\/#organization","name":"DATASLATITUDES","url":"https:\/\/www.dataslatitudes.com\/sosuniversal\/sv\/","logo":{"@type":"ImageObject","inLanguage":"sv-SE","@id":"https:\/\/www.dataslatitudes.com\/sosuniversal\/sv\/#\/schema\/logo\/image\/","url":"https:\/\/www.dataslatitudes.com\/sosuniversal\/wp-content\/uploads\/2025\/07\/logo_mrdv.png","contentUrl":"https:\/\/www.dataslatitudes.com\/sosuniversal\/wp-content\/uploads\/2025\/07\/logo_mrdv.png","width":72,"height":72,"caption":"DATASLATITUDES"},"image":{"@id":"https:\/\/www.dataslatitudes.com\/sosuniversal\/sv\/#\/schema\/logo\/image\/"}}]}},"_links":{"self":[{"href":"https:\/\/www.dataslatitudes.com\/sosuniversal\/sv\/wp-json\/wp\/v2\/pages\/75","targetHints":{"allow":["GET"]}}],"collection":[{"href":"https:\/\/www.dataslatitudes.com\/sosuniversal\/sv\/wp-json\/wp\/v2\/pages"}],"about":[{"href":"https:\/\/www.dataslatitudes.com\/sosuniversal\/sv\/wp-json\/wp\/v2\/types\/page"}],"author":[{"embeddable":true,"href":"https:\/\/www.dataslatitudes.com\/sosuniversal\/sv\/wp-json\/wp\/v2\/users\/1"}],"replies":[{"embeddable":true,"href":"https:\/\/www.dataslatitudes.com\/sosuniversal\/sv\/wp-json\/wp\/v2\/comments?post=75"}],"version-history":[{"count":30,"href":"https:\/\/www.dataslatitudes.com\/sosuniversal\/sv\/wp-json\/wp\/v2\/pages\/75\/revisions"}],"predecessor-version":[{"id":2927,"href":"https:\/\/www.dataslatitudes.com\/sosuniversal\/sv\/wp-json\/wp\/v2\/pages\/75\/revisions\/2927"}],"wp:attachment":[{"href":"https:\/\/www.dataslatitudes.com\/sosuniversal\/sv\/wp-json\/wp\/v2\/media?parent=75"}],"curies":[{"name":"wp","href":"https:\/\/api.w.org\/{rel}","templated":true}]}}