{"id":127,"date":"2025-06-12T03:29:21","date_gmt":"2025-06-12T03:29:21","guid":{"rendered":"https:\/\/www.dataslatitudes.com\/sosuniversal\/?page_id=127"},"modified":"2025-07-13T07:26:58","modified_gmt":"2025-07-13T07:26:58","slug":"cas-dutilisation","status":"publish","type":"page","link":"https:\/\/www.dataslatitudes.com\/sosuniversal\/sv\/cas-dutilisation\/","title":{"rendered":"Anv\u00e4ndningsfall"},"content":{"rendered":"\r\n<p class=\"has-small-font-size\"><\/p>\r\n\r\n\r\n\r\n<h1 class=\"wp-block-heading has-text-align-center has-medium-font-size\"><strong>ANV\u00c4NDNINGSFALL<\/strong><\/h1>\r\n\r\n\r\n\r\n<p style=\"font-size:1rem\">En smartphoneapplikation som g\u00f6r det m\u00f6jligt att skicka varningar, hj\u00e4lptelefoner eller helt enkelt sin nuvarande position kan vara avg\u00f6rande i m\u00e5nga situationer, erbjuda sinnesfrid och bidra till snabb tillg\u00e5ng till hj\u00e4lp. H\u00e4r \u00e4r n\u00e5gra exempel p\u00e5 dess anv\u00e4ndningsfall, kategoriserade f\u00f6r b\u00e4ttre f\u00f6rst\u00e5else.<\/p>\r\n\r\n\r\n\r\n<h2 class=\"wp-block-heading has-background\" style=\"background-color:#f9f3eb;margin-top:var(--wp--preset--spacing--30);margin-bottom:var(--wp--preset--spacing--30);padding-top:var(--wp--preset--spacing--20);padding-bottom:var(--wp--preset--spacing--20);font-size:1.2rem\">Personlig s\u00e4kerhet och n\u00f6dsituationer<\/h2>\r\n\r\n\r\n\r\n<ul class=\"wp-block-list\">\r\n<li style=\"font-size:1rem\"><strong>V\u00e5ld mot kvinnor, hbtq+-fobiskt och serofobiskt v\u00e5ld, rasistiskt, fr\u00e4mlingsfientligt eller religionsbaserat v\u00e5ld, v\u00e5ld mot personer med funktionsneds\u00e4ttning&nbsp;: <\/strong>vid fysisk eller verbal aggression till\u00e5ter applikationen att utl\u00f6sa en diskret varning med ett enda klick till betrodda kontakter med delning av GPS-positionen i realtid. En ljudinspelning kan ocks\u00e5 konfigureras f\u00f6r att fungera som bevis vid en anm\u00e4lan.<\/li>\r\n\r\n\r\n\r\n<li style=\"font-size:1rem\"><strong>Offer f\u00f6r ol\u00e4mpliga gester i kollektivtrafiken (t.ex. tafsning i tunnelbanan): <\/strong>offret kan utl\u00f6sa ett h\u00f6gt ljudlarm (till exempel polissiren eller m\u00e4nskligt skrik) samt en ljudinspelning.<\/li>\r\n\r\n\r\n\r\n<li style=\"font-size:1rem\"><strong>Aggression eller omedelbart hot: <\/strong>vid fysiskt \u00f6vergrepp, f\u00f6rs\u00f6k till v\u00e5ldt\u00e4kt, r\u00e5n med v\u00e5ld, eller n\u00e5gon situation som direkt hotar anv\u00e4ndarens fysiska integritet, till\u00e5ter applikationen att skicka en diskret och snabb varning till n\u00f6dkontakterna.<\/li>\r\n\r\n\r\n\r\n<li style=\"font-size:1rem\"><strong>Trakasserier eller f\u00f6rf\u00f6ljelse: <\/strong>applikationen g\u00f6r det m\u00f6jligt att diskret varna betrodda kontakter eller myndigheter vid f\u00f6rf\u00f6ljelse eller trakasserier, med m\u00f6jlighet att spela in bevis via ljudinspelning.<\/li>\r\n\r\n\r\n\r\n<li style=\"font-size:1rem\"><strong>Offer f\u00f6r v\u00e5ld i hemmet: <\/strong>det \u00e4r m\u00f6jligt att ha ett diskret och snabbt s\u00e4tt att be om hj\u00e4lp vid fara, utan att varna angriparen.<\/li>\r\n<\/ul>\r\n\r\n\r\n\r\n<p style=\"font-size:1rem\">I de tidigare fallen kan den diskreta varningen kompletteras eller ers\u00e4ttas av en ljudavskr\u00e4ckning: utl\u00f6sning av en siren med h\u00f6g intensitet eller simulering av ett inkommande telefonsamtal f\u00f6r att skapa en diversion.<\/p>\r\n\r\n\r\n\r\n<ul class=\"wp-block-list\">\r\n<li style=\"font-size:1rem\"><strong>Medicinsk n\u00f6dsituation: <\/strong>f\u00f6r personer som lider av kroniska sjukdomar (hj\u00e4rtinfarkt, sv\u00e5ra astmaanfall, epilepsi, allvarliga allergier) eller vid olyckor (fall, skada) till\u00e5ter applikationen att skicka en hj\u00e4lptelefon.<\/li>\r\n\r\n\r\n\r\n<li style=\"font-size:1rem\"><strong>F\u00f6rsvinnande eller borttappad: <\/strong>s\u00e4rskilt anv\u00e4ndbart f\u00f6r barn, \u00e4ldre med kognitiva st\u00f6rningar eller vandrare, applikationen till\u00e5ter att skicka GPS-positionen i realtid, vilket underl\u00e4ttar s\u00f6kningar.<\/li>\r\n\r\n\r\n\r\n<li style=\"font-size:1rem\"><strong>Trafikolyckor: <\/strong>vid olycka till\u00e5ter applikationen att skicka en varning med platsen.<\/li>\r\n\r\n\r\n\r\n<li style=\"font-size:1rem\"><strong>Naturkatastrofer: <\/strong>vid jordb\u00e4vningar, \u00f6versv\u00e4mningar, skogsbr\u00e4nder eller andra katastrofer kan applikationen anv\u00e4ndas f\u00f6r att rapportera sin position, be om hj\u00e4lp och informera sina n\u00e4ra och k\u00e4ra om sin s\u00e4kerhet.<\/li>\r\n<\/ul>\r\n\r\n\r\n\r\n<h2 class=\"wp-block-heading has-background\" style=\"background-color:#f9f3eb;margin-top:var(--wp--preset--spacing--30);margin-bottom:var(--wp--preset--spacing--30);padding-top:var(--wp--preset--spacing--20);padding-bottom:var(--wp--preset--spacing--20);font-size:1.2rem\">Vardag och assistans<\/h2>\r\n\r\n\r\n\r\n<ul class=\"wp-block-list\">\r\n<li style=\"font-size:1rem\"><strong>\u00c4ldre eller personer med funktionsneds\u00e4ttning: <\/strong>applikationen kan anv\u00e4ndas f\u00f6r att utl\u00f6sa en beg\u00e4ran om assistans.<\/li>\r\n\r\n\r\n\r\n<li style=\"font-size:1rem\"><strong>Barn och ungdomar: <\/strong>f\u00f6r f\u00f6r\u00e4ldrar som \u00e4r oroade \u00f6ver sina barns s\u00e4kerhet kan applikationen till\u00e5ta barn att skicka en diskret varning vid fara, n\u00e4r de k\u00e4nner sig vilse, eller vid trakasserier (med bevisinspelning).<br>Exempel: en ton\u00e5ring p\u00e5 en fest som k\u00e4nner sig obekv\u00e4m, upplever press eller beh\u00f6ver h\u00e4mtas utan att kunna uttrycka sig direkt, kan skicka en diskret varning till sina f\u00f6r\u00e4ldrar eller en betrodd vuxen.<\/li>\r\n\r\n\r\n\r\n<li style=\"font-size:1rem\"><strong>Mekaniska problem eller fordonsfel: <\/strong>vid motorstopp p\u00e5 en isolerad eller farlig v\u00e4g, till\u00e5ter applikationen att skicka en varning till v\u00e4gassistans eller kontakter f\u00f6r att be om hj\u00e4lp.<\/li>\r\n\r\n\r\n\r\n<li style=\"font-size:1rem\"><strong>Social isolering eller k\u00e4nsla av fara: <\/strong>en person som k\u00e4nner sig s\u00e5rbar eller hotad i en viss social situation (till exempel under en dejt med en ok\u00e4nd person) kan anv\u00e4nda applikationen f\u00f6r att diskret varna en v\u00e4n och dela sin position.<\/li>\r\n\r\n\r\n\r\n<li style=\"font-size:1rem\"><strong>Psykologiskt st\u00f6d: <\/strong>f\u00f6r personer som lider av \u00e5ngest eller panikattacker, till\u00e5ter applikationen att varna en betrodd kontakt f\u00f6r omedelbart st\u00f6d.<\/li>\r\n<\/ul>\r\n\r\n\r\n\r\n<h2 class=\"wp-block-heading has-background\" style=\"background-color:#f9f3eb;margin-top:var(--wp--preset--spacing--30);margin-bottom:var(--wp--preset--spacing--30);padding-top:var(--wp--preset--spacing--20);padding-bottom:var(--wp--preset--spacing--20);font-size:1.2rem\">Arbete och yrkessituationer<\/h2>\r\n\r\n\r\n\r\n<ul class=\"wp-block-list\">\r\n<li style=\"font-size:1rem\"><strong>Enskilda arbetare: <\/strong>f\u00f6r yrkesverksamma som arbetar ensamma i riskfyllda milj\u00f6er (s\u00e4kerhetsvakter, underh\u00e5llstekniker, taxichauff\u00f6rer, jordbrukare, ostronodlare) bidrar applikationen till snabb hj\u00e4lp vid olyckor eller \u00f6vergrepp.<\/li>\r\n\r\n\r\n\r\n<li style=\"font-size:1rem\"><strong>H\u00e4lso- och sjukv\u00e5rdspersonal samt socialarbetare: <\/strong>L\u00e4kare, sjuksk\u00f6terskor, socialarbetare eller hemtj\u00e4nstpersonal som bes\u00f6ker riskpatienter eller klienter kan anv\u00e4nda applikationen f\u00f6r att rapportera en farlig situation eller be om hj\u00e4lp.<\/li>\r\n\r\n\r\n\r\n<li style=\"font-size:1rem\"><strong>Nattpersonal: <\/strong>anst\u00e4llda som arbetar natt p\u00e5 isolerade platser (bensinstationer, stormarknader, hotell) kan ha ett s\u00e4tt att snabbt be om hj\u00e4lp vid r\u00e5n eller \u00f6vergrepp.<\/li>\r\n\r\n\r\n\r\n<li style=\"font-size:1rem\"><strong>Journalister och reportrar i riskomr\u00e5den: <\/strong>m\u00f6jlighet att rapportera en farlig situation eller en arrestering, \u00f6verf\u00f6ra position och sammanhangsinformation (via telefonsamtal eller SMS) till n\u00f6dkontakter.<\/li>\r\n<\/ul>\r\n\r\n\r\n\r\n<h2 class=\"wp-block-heading has-background\" style=\"background-color:#f9f3eb;margin-top:var(--wp--preset--spacing--30);margin-bottom:var(--wp--preset--spacing--30);padding-top:var(--wp--preset--spacing--20);padding-bottom:var(--wp--preset--spacing--20);font-size:1.2rem\">Fritid och utomhusaktiviteter<\/h2>\r\n\r\n\r\n\r\n<ul class=\"wp-block-list\">\r\n<li style=\"font-size:1rem\"><strong>Vandring och alpinism: <\/strong>vid fall, skada, desorientering eller extrema v\u00e4derf\u00f6rh\u00e5llanden, till\u00e5ter applikationen att skicka en varning med GPS-positionen till r\u00e4ddningsteam eller familj.<\/li>\r\n\r\n\r\n\r\n<li style=\"font-size:1rem\"><strong>Vattensporter: <\/strong>f\u00f6r b\u00e5tfolk till exempel kan applikationen anv\u00e4ndas f\u00f6r att rapportera ett problem (kapsejsning, motorstopp, skada) med positions\u00f6verf\u00f6ring.<\/li>\r\n\r\n\r\n\r\n<li style=\"font-size:1rem\"><strong>Cykling och l\u00f6pning: <\/strong>vid fall, skada eller illam\u00e5ende till\u00e5ter applikationen att varna f\u00f6rdefinierade kontakter med platsen.<\/li>\r\n\r\n\r\n\r\n<li style=\"font-size:1rem\"><strong>Resor och turism: <\/strong>resen\u00e4rer, s\u00e4rskilt de som utforskar ok\u00e4nda eller farliga omr\u00e5den, kan anv\u00e4nda applikationen f\u00f6r att varna sina n\u00e4ra och k\u00e4ra eller konsul\u00e4ra tj\u00e4nster vid problem (\u00f6vergrepp, sjukdom, st\u00f6ld av dokument).<\/li>\r\n<\/ul>\r\n\r\n\r\n\r\n<p style=\"font-size:1rem\">I tidigare fall, i syfte att informera din professionella eller familj\u00e4ra omgivning till exempel, kan varningen ocks\u00e5 begr\u00e4nsas till att endast skicka den nuvarande geografiska platsen via SMS. Exempel: i repetitivt l\u00e4ge, under 5 timmar, var 15:e minut, skickar jag ett SMS som endast inneh\u00e5ller min plats.<\/p>\r\n\r\n\r\n\r\n<p class=\"has-small-font-size\" style=\"margin-top:var(--wp--preset--spacing--30);margin-bottom:var(--wp--preset--spacing--30)\"><\/p>\r\n","protected":false},"excerpt":{"rendered":"<p>ANV\u00c4NDNINGSFALL En smartphoneapplikation som g\u00f6r det m\u00f6jligt att skicka varningar, hj\u00e4lptelefoner eller helt enkelt sin nuvarande position kan vara avg\u00f6rande [&hellip;]<\/p>\n","protected":false},"author":1,"featured_media":0,"parent":0,"menu_order":1,"comment_status":"closed","ping_status":"closed","template":"","meta":{"site-sidebar-layout":"default","site-content-layout":"","ast-site-content-layout":"","site-content-style":"default","site-sidebar-style":"default","ast-global-header-display":"","ast-banner-title-visibility":"","ast-main-header-display":"","ast-hfb-above-header-display":"","ast-hfb-below-header-display":"","ast-hfb-mobile-header-display":"","site-post-title":"disabled","ast-breadcrumbs-content":"","ast-featured-img":"","footer-sml-layout":"","theme-transparent-header-meta":"","adv-header-id-meta":"","stick-header-meta":"","header-above-stick-meta":"","header-main-stick-meta":"","header-below-stick-meta":"","astra-migrate-meta-layouts":"default","ast-page-background-enabled":"default","ast-page-background-meta":{"desktop":{"background-color":"var(--ast-global-color-5)","background-image":"","background-repeat":"repeat","background-position":"center center","background-size":"auto","background-attachment":"scroll","background-type":"","background-media":"","overlay-type":"","overlay-color":"","overlay-opacity":"","overlay-gradient":""},"tablet":{"background-color":"","background-image":"","background-repeat":"repeat","background-position":"center center","background-size":"auto","background-attachment":"scroll","background-type":"","background-media":"","overlay-type":"","overlay-color":"","overlay-opacity":"","overlay-gradient":""},"mobile":{"background-color":"","background-image":"","background-repeat":"repeat","background-position":"center center","background-size":"auto","background-attachment":"scroll","background-type":"","background-media":"","overlay-type":"","overlay-color":"","overlay-opacity":"","overlay-gradient":""}},"ast-content-background-meta":{"desktop":{"background-color":"var(--ast-global-color-4)","background-image":"","background-repeat":"repeat","background-position":"center center","background-size":"auto","background-attachment":"scroll","background-type":"","background-media":"","overlay-type":"","overlay-color":"","overlay-opacity":"","overlay-gradient":""},"tablet":{"background-color":"var(--ast-global-color-4)","background-image":"","background-repeat":"repeat","background-position":"center center","background-size":"auto","background-attachment":"scroll","background-type":"","background-media":"","overlay-type":"","overlay-color":"","overlay-opacity":"","overlay-gradient":""},"mobile":{"background-color":"var(--ast-global-color-4)","background-image":"","background-repeat":"repeat","background-position":"center center","background-size":"auto","background-attachment":"scroll","background-type":"","background-media":"","overlay-type":"","overlay-color":"","overlay-opacity":"","overlay-gradient":""}},"footnotes":""},"class_list":["post-127","page","type-page","status-publish","hentry"],"yoast_head":"<!-- This site is optimized with the Yoast SEO plugin v25.6 - https:\/\/yoast.com\/wordpress\/plugins\/seo\/ -->\n<title>Anv\u00e4ndningsfall<\/title>\n<meta name=\"description\" content=\"En smartphoneapplikation som g\u00f6r det m\u00f6jligt att skicka varningar, hj\u00e4lpf\u00f6rfr\u00e5gningar eller helt enkelt sin nuvarande plats kan vara avg\u00f6rande i m\u00e5nga situationer, vilket ger lugn och bidrar till snabb hj\u00e4lp. Exempel: personlig s\u00e4kerhet och n\u00f6dsituationer, vardag och assistans, arbete och yrkessituationer samt fritids- och utomhusaktiviteter.\" \/>\n<meta name=\"robots\" content=\"index, follow, max-snippet:-1, max-image-preview:large, max-video-preview:-1\" \/>\n<link rel=\"canonical\" href=\"http:\/\/ANV\u00c4NDNINGSFALL%20En%20smartphoneapplikation%20som%20g\u00f6r%20det%20m\u00f6jligt%20att%20skicka%20varningar,%20hj\u00e4lptelefoner%20eller%20helt%20enkelt%20sin%20nuvarande%20position%20kan%20vara%20avg\u00f6rande%20i%20m\u00e5nga%20situationer,%20erbjuda%20sinnesfrid%20och%20bidra%20till%20snabb%20tillg\u00e5ng%20till%20hj\u00e4lp.%20H\u00e4r%20\u00e4r%20n\u00e5gra%20exempel%20p\u00e5%20dess%20anv\u00e4ndningsfall,%20kategoriserade%20f\u00f6r%20b\u00e4ttre%20f\u00f6rst\u00e5else.%20Personlig%20s\u00e4kerhet%20och%20n\u00f6dsituationer%20V\u00e5ld%20mot%20kvinnor,%20hbtq%20-fobiskt%20och%20serofobiskt%20v\u00e5ld,%20rasistiskt,&hellip;\" \/>\n<meta property=\"og:locale\" content=\"sv_SE\" \/>\n<meta property=\"og:type\" content=\"article\" \/>\n<meta property=\"og:title\" content=\"Anv\u00e4ndningsfall\" \/>\n<meta property=\"og:description\" content=\"En smartphoneapplikation som g\u00f6r det m\u00f6jligt att skicka varningar, hj\u00e4lpf\u00f6rfr\u00e5gningar eller helt enkelt sin nuvarande plats kan vara avg\u00f6rande i m\u00e5nga situationer, vilket ger lugn och bidrar till snabb hj\u00e4lp. Exempel: personlig s\u00e4kerhet och n\u00f6dsituationer, vardag och assistans, arbete och yrkessituationer samt fritids- och utomhusaktiviteter.\" \/>\n<meta property=\"og:url\" content=\"https:\/\/www.dataslatitudes.com\/sosuniversal\/sv\/cas-dutilisation\/\" \/>\n<meta property=\"og:site_name\" content=\"SOS Universal\" \/>\n<meta property=\"article:modified_time\" content=\"2025-07-13T07:26:58+00:00\" \/>\n<meta name=\"twitter:card\" content=\"summary_large_image\" \/>\n<meta name=\"twitter:label1\" content=\"Ber\u00e4knad l\u00e4stid\" \/>\n\t<meta name=\"twitter:data1\" content=\"5 minuter\" \/>\n<script type=\"application\/ld+json\" class=\"yoast-schema-graph\">{\"@context\":\"https:\/\/schema.org\",\"@graph\":[{\"@type\":\"WebPage\",\"@id\":\"https:\/\/www.dataslatitudes.com\/sosuniversal\/sv\/cas-dutilisation\/\",\"url\":\"https:\/\/www.dataslatitudes.com\/sosuniversal\/sv\/cas-dutilisation\/\",\"name\":\"Cas d'utilisation - SOS Universal\",\"isPartOf\":{\"@id\":\"https:\/\/www.dataslatitudes.com\/sosuniversal\/#website\"},\"datePublished\":\"2025-06-12T03:29:21+00:00\",\"dateModified\":\"2025-07-13T07:26:58+00:00\",\"description\":\"Une application pour smartphone permettant d\u2019envoyer des alertes, des appels \u00e0 l\u2019aide ou tout simplement sa localisation courante peut s\u2019av\u00e9rer cruciale dans de nombreuses situations, offrant une tranquillit\u00e9 d\u2019esprit et contribuant \u00e0 un acc\u00e8s rapide \u00e0 l\u2019assistance. Exemples : s\u00e9curit\u00e9 personnelle et situations d\u2019urgence, vie quotidienne et assistance, travail et situations professionnelles ainsi que loisirs et activit\u00e9s en ext\u00e9rieur.\",\"breadcrumb\":{\"@id\":\"https:\/\/www.dataslatitudes.com\/sosuniversal\/sv\/cas-dutilisation\/#breadcrumb\"},\"inLanguage\":\"sv-SE\",\"potentialAction\":[{\"@type\":\"ReadAction\",\"target\":[\"https:\/\/www.dataslatitudes.com\/sosuniversal\/sv\/cas-dutilisation\/\"]}]},{\"@type\":\"BreadcrumbList\",\"@id\":\"https:\/\/www.dataslatitudes.com\/sosuniversal\/sv\/cas-dutilisation\/#breadcrumb\",\"itemListElement\":[{\"@type\":\"ListItem\",\"position\":1,\"name\":\"Presentation\",\"item\":\"https:\/\/www.dataslatitudes.com\/sosuniversal\/fr\/\"},{\"@type\":\"ListItem\",\"position\":2,\"name\":\"Anv\u00e4ndningsfall\"}]},{\"@type\":\"WebSite\",\"@id\":\"https:\/\/www.dataslatitudes.com\/sosuniversal\/sv\/#website\",\"url\":\"https:\/\/www.dataslatitudes.com\/sosuniversal\/sv\/\",\"name\":\"SOS Universal\",\"description\":\"\",\"publisher\":{\"@id\":\"https:\/\/www.dataslatitudes.com\/sosuniversal\/sv\/#organization\"},\"potentialAction\":[{\"@type\":\"SearchAction\",\"target\":{\"@type\":\"EntryPoint\",\"urlTemplate\":\"https:\/\/www.dataslatitudes.com\/sosuniversal\/sv\/?s={search_term_string}\"},\"query-input\":{\"@type\":\"PropertyValueSpecification\",\"valueRequired\":true,\"valueName\":\"search_term_string\"}}],\"inLanguage\":\"sv-SE\"},{\"@type\":\"Organization\",\"@id\":\"https:\/\/www.dataslatitudes.com\/sosuniversal\/sv\/#organization\",\"name\":\"DATASLATITUDES\",\"url\":\"https:\/\/www.dataslatitudes.com\/sosuniversal\/sv\/\",\"logo\":{\"@type\":\"ImageObject\",\"inLanguage\":\"sv-SE\",\"@id\":\"https:\/\/www.dataslatitudes.com\/sosuniversal\/sv\/#\/schema\/logo\/image\/\",\"url\":\"https:\/\/www.dataslatitudes.com\/sosuniversal\/wp-content\/uploads\/2025\/07\/logo_mrdv.png\",\"contentUrl\":\"https:\/\/www.dataslatitudes.com\/sosuniversal\/wp-content\/uploads\/2025\/07\/logo_mrdv.png\",\"width\":72,\"height\":72,\"caption\":\"DATASLATITUDES\"},\"image\":{\"@id\":\"https:\/\/www.dataslatitudes.com\/sosuniversal\/sv\/#\/schema\/logo\/image\/\"}}]}<\/script>\n<!-- \/ Yoast SEO plugin. -->","yoast_head_json":{"title":"Anv\u00e4ndningsfall","description":"En smartphoneapplikation som g\u00f6r det m\u00f6jligt att skicka varningar, hj\u00e4lpf\u00f6rfr\u00e5gningar eller helt enkelt sin nuvarande plats kan vara avg\u00f6rande i m\u00e5nga situationer, vilket ger lugn och bidrar till snabb hj\u00e4lp. Exempel: personlig s\u00e4kerhet och n\u00f6dsituationer, vardag och assistans, arbete och yrkessituationer samt fritids- och utomhusaktiviteter.","robots":{"index":"index","follow":"follow","max-snippet":"max-snippet:-1","max-image-preview":"max-image-preview:large","max-video-preview":"max-video-preview:-1"},"canonical":"ANV\u00c4NDNINGSFALL En smartphoneapplikation som g\u00f6r det m\u00f6jligt att skicka varningar, hj\u00e4lptelefoner eller helt enkelt sin nuvarande position kan vara avg\u00f6rande i m\u00e5nga situationer, erbjuda sinnesfrid och bidra till snabb tillg\u00e5ng till hj\u00e4lp. H\u00e4r \u00e4r n\u00e5gra exempel p\u00e5 dess anv\u00e4ndningsfall, kategoriserade f\u00f6r b\u00e4ttre f\u00f6rst\u00e5else. Personlig s\u00e4kerhet och n\u00f6dsituationer V\u00e5ld mot kvinnor, hbtq -fobiskt och serofobiskt v\u00e5ld, rasistiskt,&hellip;","og_locale":"sv_SE","og_type":"article","og_title":"Anv\u00e4ndningsfall","og_description":"En smartphoneapplikation som g\u00f6r det m\u00f6jligt att skicka varningar, hj\u00e4lpf\u00f6rfr\u00e5gningar eller helt enkelt sin nuvarande plats kan vara avg\u00f6rande i m\u00e5nga situationer, vilket ger lugn och bidrar till snabb hj\u00e4lp. Exempel: personlig s\u00e4kerhet och n\u00f6dsituationer, vardag och assistans, arbete och yrkessituationer samt fritids- och utomhusaktiviteter.","og_url":"https:\/\/www.dataslatitudes.com\/sosuniversal\/sv\/cas-dutilisation\/","og_site_name":"SOS Universal","article_modified_time":"2025-07-13T07:26:58+00:00","twitter_card":"summary_large_image","twitter_misc":{"Ber\u00e4knad l\u00e4stid":"5 minuter"},"schema":{"@context":"https:\/\/schema.org","@graph":[{"@type":"WebPage","@id":"https:\/\/www.dataslatitudes.com\/sosuniversal\/sv\/cas-dutilisation\/","url":"https:\/\/www.dataslatitudes.com\/sosuniversal\/sv\/cas-dutilisation\/","name":"Cas d'utilisation - SOS Universal","isPartOf":{"@id":"https:\/\/www.dataslatitudes.com\/sosuniversal\/#website"},"datePublished":"2025-06-12T03:29:21+00:00","dateModified":"2025-07-13T07:26:58+00:00","description":"Une application pour smartphone permettant d\u2019envoyer des alertes, des appels \u00e0 l\u2019aide ou tout simplement sa localisation courante peut s\u2019av\u00e9rer cruciale dans de nombreuses situations, offrant une tranquillit\u00e9 d\u2019esprit et contribuant \u00e0 un acc\u00e8s rapide \u00e0 l\u2019assistance. Exemples : s\u00e9curit\u00e9 personnelle et situations d\u2019urgence, vie quotidienne et assistance, travail et situations professionnelles ainsi que loisirs et activit\u00e9s en ext\u00e9rieur.","breadcrumb":{"@id":"https:\/\/www.dataslatitudes.com\/sosuniversal\/sv\/cas-dutilisation\/#breadcrumb"},"inLanguage":"sv-SE","potentialAction":[{"@type":"ReadAction","target":["https:\/\/www.dataslatitudes.com\/sosuniversal\/sv\/cas-dutilisation\/"]}]},{"@type":"BreadcrumbList","@id":"https:\/\/www.dataslatitudes.com\/sosuniversal\/sv\/cas-dutilisation\/#breadcrumb","itemListElement":[{"@type":"ListItem","position":1,"name":"Presentation","item":"https:\/\/www.dataslatitudes.com\/sosuniversal\/fr\/"},{"@type":"ListItem","position":2,"name":"Anv\u00e4ndningsfall"}]},{"@type":"WebSite","@id":"https:\/\/www.dataslatitudes.com\/sosuniversal\/sv\/#website","url":"https:\/\/www.dataslatitudes.com\/sosuniversal\/sv\/","name":"SOS Universal","description":"","publisher":{"@id":"https:\/\/www.dataslatitudes.com\/sosuniversal\/sv\/#organization"},"potentialAction":[{"@type":"SearchAction","target":{"@type":"EntryPoint","urlTemplate":"https:\/\/www.dataslatitudes.com\/sosuniversal\/sv\/?s={search_term_string}"},"query-input":{"@type":"PropertyValueSpecification","valueRequired":true,"valueName":"search_term_string"}}],"inLanguage":"sv-SE"},{"@type":"Organization","@id":"https:\/\/www.dataslatitudes.com\/sosuniversal\/sv\/#organization","name":"DATASLATITUDES","url":"https:\/\/www.dataslatitudes.com\/sosuniversal\/sv\/","logo":{"@type":"ImageObject","inLanguage":"sv-SE","@id":"https:\/\/www.dataslatitudes.com\/sosuniversal\/sv\/#\/schema\/logo\/image\/","url":"https:\/\/www.dataslatitudes.com\/sosuniversal\/wp-content\/uploads\/2025\/07\/logo_mrdv.png","contentUrl":"https:\/\/www.dataslatitudes.com\/sosuniversal\/wp-content\/uploads\/2025\/07\/logo_mrdv.png","width":72,"height":72,"caption":"DATASLATITUDES"},"image":{"@id":"https:\/\/www.dataslatitudes.com\/sosuniversal\/sv\/#\/schema\/logo\/image\/"}}]}},"_links":{"self":[{"href":"https:\/\/www.dataslatitudes.com\/sosuniversal\/sv\/wp-json\/wp\/v2\/pages\/127","targetHints":{"allow":["GET"]}}],"collection":[{"href":"https:\/\/www.dataslatitudes.com\/sosuniversal\/sv\/wp-json\/wp\/v2\/pages"}],"about":[{"href":"https:\/\/www.dataslatitudes.com\/sosuniversal\/sv\/wp-json\/wp\/v2\/types\/page"}],"author":[{"embeddable":true,"href":"https:\/\/www.dataslatitudes.com\/sosuniversal\/sv\/wp-json\/wp\/v2\/users\/1"}],"replies":[{"embeddable":true,"href":"https:\/\/www.dataslatitudes.com\/sosuniversal\/sv\/wp-json\/wp\/v2\/comments?post=127"}],"version-history":[{"count":34,"href":"https:\/\/www.dataslatitudes.com\/sosuniversal\/sv\/wp-json\/wp\/v2\/pages\/127\/revisions"}],"predecessor-version":[{"id":868,"href":"https:\/\/www.dataslatitudes.com\/sosuniversal\/sv\/wp-json\/wp\/v2\/pages\/127\/revisions\/868"}],"wp:attachment":[{"href":"https:\/\/www.dataslatitudes.com\/sosuniversal\/sv\/wp-json\/wp\/v2\/media?parent=127"}],"curies":[{"name":"wp","href":"https:\/\/api.w.org\/{rel}","templated":true}]}}