{"id":75,"date":"2025-06-11T15:05:57","date_gmt":"2025-06-11T15:05:57","guid":{"rendered":"http:\/\/www.dataslatitudes.com\/sosuniversal\/index.php\/mode-demploi\/"},"modified":"2025-08-14T09:50:55","modified_gmt":"2025-08-14T09:50:55","slug":"politique-confidentialite","status":"publish","type":"page","link":"https:\/\/www.dataslatitudes.com\/sosuniversal\/sr\/politique-confidentialite\/","title":{"rendered":"Privatnost"},"content":{"rendered":"\r\n<p class=\"has-small-font-size\"><\/p>\r\n\r\n\r\n\r\n<h1 class=\"wp-block-heading has-text-align-center has-medium-font-size\"><strong>POLITIKA PRIVATNOSTI<\/strong><\/h1>\r\n\r\n\r\n\r\n<p style=\"margin-top:0;margin-bottom:0;font-size:1rem\">Svrha ove Politike privatnosti je transparentno vas informisati o na\u010dinu na koji mobilna aplikacija SOS Universal (u daljem tekstu \u201eAplikacija\u201c), koju je razvio DATASLATITUDES (u daljem tekstu \u201eIzdava\u010d\u201c), prikuplja, koristi i \u0161titi va\u0161e li\u010dne podatke.<\/p>\r\n\r\n\r\n\r\n<p style=\"margin-top:var(--wp--preset--spacing--20);margin-bottom:var(--wp--preset--spacing--20)\">Kori\u0161\u0107enjem Aplikacije prihvatate uslove ove politike. Ako ne prihvatate ove uslove, molimo vas da ne koristite Aplikaciju.<\/p>\r\n\r\n\r\n\r\n<p><strong>Datum stupanja na snagu: 28. jun 2025.<\/strong><\/p>\r\n\r\n\r\n\r\n<h2 class=\"wp-block-heading has-background\" style=\"background-color:#f9f3eb;margin-top:var(--wp--preset--spacing--30);margin-bottom:var(--wp--preset--spacing--30);padding-top:var(--wp--preset--spacing--30);padding-bottom:var(--wp--preset--spacing--30);font-size:1.2rem\">1. Kontrolor podataka<\/h2>\r\n\r\n\r\n\r\n<p>Odgovorno lice za obradu va\u0161ih li\u010dnih podataka je: DATASLATITUDES. <strong>(E-mail: privacy.sos_universal@dataslatitudes.com)<\/strong><\/p>\r\n\r\n\r\n\r\n<p class=\"has-small-font-size\"><\/p>\r\n\r\n\r\n\r\n<h2 class=\"wp-block-heading has-background\" style=\"background-color:#f9f3eb;margin-top:var(--wp--preset--spacing--30);margin-bottom:var(--wp--preset--spacing--30);padding-top:var(--wp--preset--spacing--30);padding-bottom:var(--wp--preset--spacing--30);font-size:1.2rem\">2. Prikupljeni podaci i svrhe<\/h2>\r\n\r\n\r\n\r\n<p style=\"margin-top:var(--wp--preset--spacing--30);margin-bottom:var(--wp--preset--spacing--30);padding-top:0;padding-bottom:0\">Aplikacija je dizajnirana da minimizira prikupljanje li\u010dnih podataka i isklju\u010divo favorizuje lokalno skladi\u0161tenje na va\u0161em ure\u0111aju. Podaci se obra\u0111uju u slede\u0107e svrhe:<\/p>\r\n\r\n\r\n\r\n<h3 class=\"wp-block-heading\" style=\"margin-top:var(--wp--preset--spacing--20);margin-bottom:var(--wp--preset--spacing--20);padding-top:0;padding-bottom:0;font-size:1.1rem\">2.1. Podaci koje direktno pru\u017eate<\/h3>\r\n\r\n\r\n\r\n<ul style=\"margin-top:var(--wp--preset--spacing--20);margin-bottom:var(--wp--preset--spacing--20);padding-top:0;padding-bottom:0\" class=\"wp-block-list\">\r\n<li style=\"margin-top:var(--wp--preset--spacing--20);margin-bottom:var(--wp--preset--spacing--20);padding-top:0;padding-bottom:0\"><strong>Hitni kontakti: <\/strong>kreirate ili uvozite kontakte (imena i brojeve telefona) iz va\u0161eg adresara.\r\n<ul class=\"wp-block-list\">\r\n<li><strong>Svrha: <\/strong>ovi podaci se koriste isklju\u010divo za slanje SMS upozorenja i generisanje telefonskih poziva prema va\u0161im hitnim kontaktima.<\/li>\r\n\r\n\r\n\r\n<li><strong>Skladi\u0161tenje: <\/strong>ovi podaci se \u010duvaju lokalno na va\u0161em ure\u0111aju i ne prenose se na na\u0161e servere.<\/li>\r\n<\/ul>\r\n<\/li>\r\n\r\n\r\n\r\n<li><strong>Standardne i dopunske poruke: <\/strong>tekst koji pi\u0161ete za SMS upozorenja.\r\n<ul class=\"wp-block-list\">\r\n<li><strong>Svrha: <\/strong>uklju\u010dite svoju personalizovanu poruku u poslata upozorenja.<\/li>\r\n\r\n\r\n\r\n<li><strong>Skladi\u0161tenje: <\/strong>lokalno uskladi\u0161teno na va\u0161em ure\u0111aju.<\/li>\r\n<\/ul>\r\n<\/li>\r\n\r\n\r\n\r\n<li style=\"padding-top:var(--wp--preset--spacing--20);padding-bottom:var(--wp--preset--spacing--20)\"><strong>Audio snimci: <\/strong>snimci koje pokre\u0107ete.\r\n<ul class=\"wp-block-list\">\r\n<li><strong>Svrha: <\/strong>omogu\u0107ava slu\u0161anje, preimenovanje i brisanje va\u0161ih snimaka. Visokog kvaliteta, mogu poslu\u017eiti kao dokaz u slu\u010daju podno\u0161enja \u017ealbe.<\/li>\r\n\r\n\r\n\r\n<li><strong>Skladi\u0161tenje: <\/strong>Lokalno uskladi\u0161teno u fascikli za preuzimanje va\u0161eg pametnog telefona. Vi ste isklju\u010divo odgovorni za upravljanje i brisanje ovih datoteka.<\/li>\r\n<\/ul>\r\n<\/li>\r\n<\/ul>\r\n\r\n\r\n\r\n<p class=\"has-small-font-size\"><\/p>\r\n\r\n\r\n\r\n<h3 class=\"wp-block-heading\" style=\"margin-top:var(--wp--preset--spacing--20);margin-bottom:var(--wp--preset--spacing--20);padding-top:0;padding-bottom:0;font-size:1.1rem\"><strong>2.2. Automatski prikupljeni podaci<\/strong><\/h3>\r\n\r\n\r\n\r\n<ul style=\"margin-top:var(--wp--preset--spacing--20);margin-bottom:var(--wp--preset--spacing--20);padding-top:0;padding-bottom:0\" class=\"wp-block-list\">\r\n<li style=\"margin-top:var(--wp--preset--spacing--20);margin-bottom:var(--wp--preset--spacing--20);padding-top:0;padding-bottom:0\"><strong>Geolokacioni podaci: <\/strong>Aplikacija pristupa lokaciji va\u0161eg ure\u0111aja (GPS ili Wi-Fi) samo kada aktivirate funkciju slanja va\u0161e lokacije u poruci upozorenja.\r\n<ul class=\"wp-block-list\">\r\n<li><strong>Svrha: <\/strong>pru\u017eanje va\u0161e geografske pozicije (koordinate i adresa) va\u0161im hitnim kontaktima tokom upozorenja.<\/li>\r\n\r\n\r\n\r\n<li><strong>Skladi\u0161tenje: <\/strong>ovi podaci nisu ni uskladi\u0161teni ni sa\u010duvani od strane Izdava\u010da. Koriste se u realnom vremenu za generisanje GoogleMaps (ili OpenStreetMap) linka i adrese, a zatim se uklju\u010duju u SMS poslat preko va\u0161eg telekomunikacionog operatera<\/li>\r\n<\/ul>\r\n<\/li>\r\n\r\n\r\n\r\n<li><strong>Istorija upozorenja: <\/strong>datum, vreme, re\u017eim, primalac i sadr\u017eaj poslednjih 50 poslatih upozorenja.\r\n<ul class=\"wp-block-list\">\r\n<li><strong>Svrha: <\/strong>omogu\u0107ava vam da konsultujete istoriju svojih upozorenja radi pra\u0107enja i upravljanja.<\/li>\r\n\r\n\r\n\r\n<li><strong>Skladi\u0161tenje: <\/strong>lokalno uskladi\u0161teno na va\u0161em ure\u0111aju.<\/li>\r\n<\/ul>\r\n<\/li>\r\n\r\n\r\n\r\n<li style=\"padding-top:var(--wp--preset--spacing--20);padding-bottom:var(--wp--preset--spacing--20)\"><strong>Dozvole za pristup: <\/strong>Aplikacija zahteva pristup va\u0161im kontaktima, geolokaciji, mikrofonu, audio snimanju, skladi\u0161tu, obave\u0161tenjima i SMS\/telefonskim funkcijama.\r\n<ul class=\"wp-block-list\">\r\n<li><strong>Svrha: <\/strong>ove dozvole su strogo neophodne za pravilno funkcionisanje Aplikacije i izvr\u0161avanje njenih funkcija.<\/li>\r\n<\/ul>\r\n<\/li>\r\n<\/ul>\r\n\r\n\r\n\r\n<p class=\"has-small-font-size\"><\/p>\r\n\r\n\r\n\r\n<h2 class=\"wp-block-heading has-background\" style=\"background-color:#f9f3eb;margin-top:var(--wp--preset--spacing--30);margin-bottom:var(--wp--preset--spacing--30);padding-top:var(--wp--preset--spacing--30);padding-bottom:var(--wp--preset--spacing--30);font-size:1.2rem\">3. Deljenje podataka<\/h2>\r\n\r\n\r\n\r\n<p style=\"margin-top:var(--wp--preset--spacing--30);margin-bottom:var(--wp--preset--spacing--30);padding-top:0;padding-bottom:0\">Izdava\u010d ne deli, ne prodaje niti iznajmljuje va\u0161e li\u010dne podatke tre\u0107im licima, bilo komercijalno ili besplatno. Jedini subjekti koji primaju va\u0161e podatke su:<\/p>\r\n\r\n\r\n\r\n<ul style=\"margin-top:var(--wp--preset--spacing--20);margin-bottom:var(--wp--preset--spacing--20)\" class=\"wp-block-list\">\r\n<li><strong>Va\u0161i kontakti za hitne slu\u010dajeve: <\/strong>birate da im po\u0161aljete informacije (poruku, lokaciju) putem usluga va\u0161eg mobilnog operatera (SMS\/pozivi).<\/li>\r\n\r\n\r\n\r\n<li><strong>Google Maps:\r <\/strong>Aplikacija koristi uslugu mapiranja Google-a za generisanje linka ka va\u0161oj lokaciji. Kori\u0161\u0107enje ovog linka podle\u017ee uslovima kori\u0161\u0107enja i politici privatnosti Google-a.<\/li>\r\n\r\n\r\n\r\n<li><strong>OpenStreetMap: <\/strong>Aplikacija tako\u0111e mo\u017ee koristiti kartografsku uslugu OpenStreetMap-a za generisanje linka ka va\u0161oj lokaciji. Kori\u0161\u0107enje ovog linka podle\u017ee uslovima kori\u0161\u0107enja i politici privatnosti OpenStreetMap-a.<\/li>\r\n<\/ul>\r\n\r\n\r\n\r\n<p class=\"has-small-font-size\"><\/p>\r\n\r\n\r\n\r\n<h2 class=\"wp-block-heading has-background\" style=\"background-color:#f9f3eb;margin-top:var(--wp--preset--spacing--30);margin-bottom:var(--wp--preset--spacing--30);padding-top:var(--wp--preset--spacing--30);padding-bottom:var(--wp--preset--spacing--30);font-size:1.2rem\">4. Va\u0161a prava (uskla\u0111enost sa GDPR-om)<\/h2>\r\n\r\n\r\n\r\n<p style=\"margin-top:var(--wp--preset--spacing--30);margin-bottom:var(--wp--preset--spacing--30);padding-top:0;padding-bottom:0\">Kao korisnik, imate slede\u0107a prava u vezi sa va\u0161im li\u010dnim podacima:<\/p>\r\n\r\n\r\n\r\n<ul style=\"margin-top:var(--wp--preset--spacing--20);margin-bottom:var(--wp--preset--spacing--20)\" class=\"wp-block-list\">\r\n<li><strong>Pravo pristupa: <\/strong>podacima pohranjenim na va\u0161em ure\u0111aju mo\u017eete pristupiti u bilo kojem trenutku putem aplikacije.<\/li>\r\n\r\n\r\n\r\n<li><strong>Pravo na ispravku: <\/strong>kontakte i pode\u0161avanja mo\u017eete izmeniti ili ispraviti direktno u aplikaciji.<\/li>\r\n\r\n\r\n\r\n<li><strong>Pravo na brisanje (\u201epravo na zaborav\u201c): <\/strong>mo\u017eete izbrisati podatke svojih kontakata i audio snimke u bilo kom trenutku. Brisanje aplikacije bri\u0161e sve lokalno pohranjene podatke.<\/li>\r\n\r\n\r\n\r\n<li><strong>Pravo na ograni\u010denje obrade: <\/strong>mo\u017eete privremeno deaktivirati kontakte ili funkcije (kao \u0161to je lokacija) kako biste ograni\u010dili obradu svojih podataka.<\/li>\r\n\r\n\r\n\r\n<li><strong>Pravo na prigovor: <\/strong>mo\u017eete se usprotiviti obradi prestankom kori\u0161\u0107enja Aplikacije i deinstalacijom.<\/li>\r\n<\/ul>\r\n\r\n\r\n\r\n<p class=\"has-small-font-size\"><\/p>\r\n\r\n\r\n\r\n<h2 class=\"wp-block-heading has-background\" style=\"background-color:#f9f3eb;margin-top:var(--wp--preset--spacing--30);margin-bottom:var(--wp--preset--spacing--30);padding-top:var(--wp--preset--spacing--30);padding-bottom:var(--wp--preset--spacing--30);font-size:1.2rem\">5. Izmene Politike privatnosti<\/h2>\r\n\r\n\r\n\r\n<p style=\"margin-top:var(--wp--preset--spacing--30);margin-bottom:var(--wp--preset--spacing--30);padding-top:0;padding-bottom:0\">Izdava\u010d zadr\u017eava pravo da izmeni ovu Politiku privatnosti u bilo kom trenutku. Va\u0161e kontinuirano kori\u0161\u0107enje usluge nakon objavljivanja izmena predstavlja\u0107e prihvatanje novih uslova.<\/p>\r\n\r\n\r\n\r\n<p class=\"has-small-font-size\"><\/p>\r\n\r\n\r\n\r\n<h2 class=\"wp-block-heading has-background\" style=\"background-color:#f9f3eb;margin-top:var(--wp--preset--spacing--30);margin-bottom:var(--wp--preset--spacing--30);padding-top:var(--wp--preset--spacing--30);padding-bottom:var(--wp--preset--spacing--30);font-size:1.2rem\">6. Kontaktirajte nas<\/h2>\r\n\r\n\r\n\r\n<p style=\"margin-top:var(--wp--preset--spacing--30);margin-bottom:var(--wp--preset--spacing--30);padding-top:0;padding-bottom:0\">Ako imate pitanja ili nedoumice u vezi sa ovom politikom privatnosti ili upravljanjem va\u0161im podacima, mo\u017eete nas kontaktirati na slede\u0107u e-mail adresu: <br><strong>privacy.sos_universal@dataslatitudes.com<\/strong><\/p>\r\n\r\n\r\n\r\n<p class=\"has-medium-font-size\"><\/p>\r\n\r\n\r\n\r\n<p class=\"has-medium-font-size\"><\/p>\r\n","protected":false},"excerpt":{"rendered":"<p>POLITIKA PRIVATNOSTI Svrha ove Politike privatnosti je transparentno vas informisati o na\u010dinu na koji mobilna aplikacija SOS Universal (u daljem [&hellip;]<\/p>\n","protected":false},"author":1,"featured_media":0,"parent":0,"menu_order":4,"comment_status":"closed","ping_status":"closed","template":"","meta":{"site-sidebar-layout":"default","site-content-layout":"","ast-site-content-layout":"default","site-content-style":"default","site-sidebar-style":"default","ast-global-header-display":"","ast-banner-title-visibility":"","ast-main-header-display":"","ast-hfb-above-header-display":"","ast-hfb-below-header-display":"","ast-hfb-mobile-header-display":"","site-post-title":"disabled","ast-breadcrumbs-content":"","ast-featured-img":"","footer-sml-layout":"","theme-transparent-header-meta":"","adv-header-id-meta":"","stick-header-meta":"","header-above-stick-meta":"","header-main-stick-meta":"","header-below-stick-meta":"","astra-migrate-meta-layouts":"default","ast-page-background-enabled":"default","ast-page-background-meta":{"desktop":{"background-color":"var(--ast-global-color-5)","background-image":"","background-repeat":"repeat","background-position":"center center","background-size":"auto","background-attachment":"scroll","background-type":"","background-media":"","overlay-type":"","overlay-color":"","overlay-opacity":"","overlay-gradient":""},"tablet":{"background-color":"","background-image":"","background-repeat":"repeat","background-position":"center center","background-size":"auto","background-attachment":"scroll","background-type":"","background-media":"","overlay-type":"","overlay-color":"","overlay-opacity":"","overlay-gradient":""},"mobile":{"background-color":"","background-image":"","background-repeat":"repeat","background-position":"center center","background-size":"auto","background-attachment":"scroll","background-type":"","background-media":"","overlay-type":"","overlay-color":"","overlay-opacity":"","overlay-gradient":""}},"ast-content-background-meta":{"desktop":{"background-color":"var(--ast-global-color-4)","background-image":"","background-repeat":"repeat","background-position":"center center","background-size":"auto","background-attachment":"scroll","background-type":"","background-media":"","overlay-type":"","overlay-color":"","overlay-opacity":"","overlay-gradient":""},"tablet":{"background-color":"var(--ast-global-color-4)","background-image":"","background-repeat":"repeat","background-position":"center center","background-size":"auto","background-attachment":"scroll","background-type":"","background-media":"","overlay-type":"","overlay-color":"","overlay-opacity":"","overlay-gradient":""},"mobile":{"background-color":"var(--ast-global-color-4)","background-image":"","background-repeat":"repeat","background-position":"center center","background-size":"auto","background-attachment":"scroll","background-type":"","background-media":"","overlay-type":"","overlay-color":"","overlay-opacity":"","overlay-gradient":""}},"footnotes":""},"class_list":["post-75","page","type-page","status-publish","hentry"],"yoast_head":"<!-- This site is optimized with the Yoast SEO plugin v25.6 - https:\/\/yoast.com\/wordpress\/plugins\/seo\/ -->\n<title>Privatnost<\/title>\n<meta name=\"description\" content=\"Svrha ove Politike privatnosti je da vas transparentno informi\u0161e o tome kako mobilna aplikacija SOS Universal, koju je razvila DATASLATITUDES, prikuplja, koristi i \u0161titi va\u0161e li\u010dne podatke. Ona obja\u0161njava odgovornog za obradu podataka, prikupljene podatke i svrhe, deljenje podataka, va\u0161a prava (uskla\u0111enost sa GDPR-om) i uslove izmena Politike privatnosti.\" \/>\n<meta name=\"robots\" content=\"index, follow, max-snippet:-1, max-image-preview:large, max-video-preview:-1\" \/>\n<link rel=\"canonical\" href=\"http:\/\/POLITIKA%20PRIVATNOSTI%20Svrha%20ove%20Politike%20privatnosti%20je%20transparentno%20vas%20informisati%20o%20na\u010dinu%20na%20koji%20mobilna%20aplikacija%20SOS%20Universal%20(u%20daljem%20tekstu%20\u201eAplikacija\u201c),%20koju%20je%20razvio%20DATASLATITUDES%20(u%20daljem%20tekstu%20\u201eIzdava\u010d\u201c),%20prikuplja,%20koristi%20i%20\u0161titi%20va\u0161e%20li\u010dne%20podatke.%20Kori\u0161\u0107enjem%20Aplikacije%20prihvatate%20uslove%20ove%20politike.%20Ako%20ne%20prihvatate%20ove%20uslove,%20molimo%20vas%20da%20ne%20koristite%20Aplikaciju.%20Datum&hellip;\" \/>\n<meta property=\"og:locale\" content=\"sr_RS\" \/>\n<meta property=\"og:type\" content=\"article\" \/>\n<meta property=\"og:title\" content=\"Privatnost\" \/>\n<meta property=\"og:description\" content=\"Svrha ove Politike privatnosti je da vas transparentno informi\u0161e o tome kako mobilna aplikacija SOS Universal, koju je razvila DATASLATITUDES, prikuplja, koristi i \u0161titi va\u0161e li\u010dne podatke. Ona obja\u0161njava odgovornog za obradu podataka, prikupljene podatke i svrhe, deljenje podataka, va\u0161a prava (uskla\u0111enost sa GDPR-om) i uslove izmena Politike privatnosti.\" \/>\n<meta property=\"og:url\" content=\"https:\/\/www.dataslatitudes.com\/sosuniversal\/sr\/politique-confidentialite\/\" \/>\n<meta property=\"og:site_name\" content=\"SOS Universal\" \/>\n<meta property=\"article:modified_time\" content=\"2025-08-14T09:50:55+00:00\" \/>\n<meta name=\"twitter:card\" content=\"summary_large_image\" \/>\n<meta name=\"twitter:label1\" content=\"\u041f\u0440\u043e\u0446\u0435\u045a\u0435\u043d\u043e \u0432\u0440\u0435\u043c\u0435 \u0447\u0438\u0442\u0430\u045a\u0430\" \/>\n\t<meta name=\"twitter:data1\" content=\"4 \u043c\u0438\u043d\u0443\u0442\u0430\" \/>\n<script type=\"application\/ld+json\" class=\"yoast-schema-graph\">{\"@context\":\"https:\/\/schema.org\",\"@graph\":[{\"@type\":\"WebPage\",\"@id\":\"https:\/\/www.dataslatitudes.com\/sosuniversal\/sr\/politique-confidentialite\/\",\"url\":\"https:\/\/www.dataslatitudes.com\/sosuniversal\/sr\/politique-confidentialite\/\",\"name\":\"Confidentialit\u00e9 - SOS Universal\",\"isPartOf\":{\"@id\":\"https:\/\/www.dataslatitudes.com\/sosuniversal\/#website\"},\"datePublished\":\"2025-06-11T15:05:57+00:00\",\"dateModified\":\"2025-08-14T09:50:55+00:00\",\"description\":\"La pr\u00e9sente Politique de Confidentialit\u00e9 a pour objectif de vous informer de mani\u00e8re transparente sur la mani\u00e8re dont l'application mobile SOS Universal, d\u00e9velopp\u00e9e par DATASLATITUDES, collecte, utilise et prot\u00e8ge vos donn\u00e9es personnelles. On y expose le responsable du traitement des donn\u00e9es, les donn\u00e9es collect\u00e9es et les finalit\u00e9s, le partage des donn\u00e9es, vos droits (conformit\u00e9 RGPD) et les conditions de modifications de la Politique de Confidentialit\u00e9.\",\"breadcrumb\":{\"@id\":\"https:\/\/www.dataslatitudes.com\/sosuniversal\/sr\/politique-confidentialite\/#breadcrumb\"},\"inLanguage\":\"sr-RS\",\"potentialAction\":[{\"@type\":\"ReadAction\",\"target\":[\"https:\/\/www.dataslatitudes.com\/sosuniversal\/sr\/politique-confidentialite\/\"]}]},{\"@type\":\"BreadcrumbList\",\"@id\":\"https:\/\/www.dataslatitudes.com\/sosuniversal\/sr\/politique-confidentialite\/#breadcrumb\",\"itemListElement\":[{\"@type\":\"ListItem\",\"position\":1,\"name\":\"Prezentacija\",\"item\":\"https:\/\/www.dataslatitudes.com\/sosuniversal\/fr\/\"},{\"@type\":\"ListItem\",\"position\":2,\"name\":\"Privatnost\"}]},{\"@type\":\"WebSite\",\"@id\":\"https:\/\/www.dataslatitudes.com\/sosuniversal\/sr\/#website\",\"url\":\"https:\/\/www.dataslatitudes.com\/sosuniversal\/sr\/\",\"name\":\"SOS Universal\",\"description\":\"\",\"publisher\":{\"@id\":\"https:\/\/www.dataslatitudes.com\/sosuniversal\/sr\/#organization\"},\"potentialAction\":[{\"@type\":\"SearchAction\",\"target\":{\"@type\":\"EntryPoint\",\"urlTemplate\":\"https:\/\/www.dataslatitudes.com\/sosuniversal\/sr\/?s={search_term_string}\"},\"query-input\":{\"@type\":\"PropertyValueSpecification\",\"valueRequired\":true,\"valueName\":\"search_term_string\"}}],\"inLanguage\":\"sr-RS\"},{\"@type\":\"Organization\",\"@id\":\"https:\/\/www.dataslatitudes.com\/sosuniversal\/sr\/#organization\",\"name\":\"DATASLATITUDES\",\"url\":\"https:\/\/www.dataslatitudes.com\/sosuniversal\/sr\/\",\"logo\":{\"@type\":\"ImageObject\",\"inLanguage\":\"sr-RS\",\"@id\":\"https:\/\/www.dataslatitudes.com\/sosuniversal\/sr\/#\/schema\/logo\/image\/\",\"url\":\"https:\/\/www.dataslatitudes.com\/sosuniversal\/wp-content\/uploads\/2025\/07\/logo_mrdv.png\",\"contentUrl\":\"https:\/\/www.dataslatitudes.com\/sosuniversal\/wp-content\/uploads\/2025\/07\/logo_mrdv.png\",\"width\":72,\"height\":72,\"caption\":\"DATASLATITUDES\"},\"image\":{\"@id\":\"https:\/\/www.dataslatitudes.com\/sosuniversal\/sr\/#\/schema\/logo\/image\/\"}}]}<\/script>\n<!-- \/ Yoast SEO plugin. -->","yoast_head_json":{"title":"Privatnost","description":"Svrha ove Politike privatnosti je da vas transparentno informi\u0161e o tome kako mobilna aplikacija SOS Universal, koju je razvila DATASLATITUDES, prikuplja, koristi i \u0161titi va\u0161e li\u010dne podatke. Ona obja\u0161njava odgovornog za obradu podataka, prikupljene podatke i svrhe, deljenje podataka, va\u0161a prava (uskla\u0111enost sa GDPR-om) i uslove izmena Politike privatnosti.","robots":{"index":"index","follow":"follow","max-snippet":"max-snippet:-1","max-image-preview":"max-image-preview:large","max-video-preview":"max-video-preview:-1"},"canonical":"POLITIKA PRIVATNOSTI Svrha ove Politike privatnosti je transparentno vas informisati o na\u010dinu na koji mobilna aplikacija SOS Universal (u daljem tekstu \u201eAplikacija\u201c), koju je razvio DATASLATITUDES (u daljem tekstu \u201eIzdava\u010d\u201c), prikuplja, koristi i \u0161titi va\u0161e li\u010dne podatke. Kori\u0161\u0107enjem Aplikacije prihvatate uslove ove politike. Ako ne prihvatate ove uslove, molimo vas da ne koristite Aplikaciju. Datum&hellip;","og_locale":"sr_RS","og_type":"article","og_title":"Privatnost","og_description":"Svrha ove Politike privatnosti je da vas transparentno informi\u0161e o tome kako mobilna aplikacija SOS Universal, koju je razvila DATASLATITUDES, prikuplja, koristi i \u0161titi va\u0161e li\u010dne podatke. Ona obja\u0161njava odgovornog za obradu podataka, prikupljene podatke i svrhe, deljenje podataka, va\u0161a prava (uskla\u0111enost sa GDPR-om) i uslove izmena Politike privatnosti.","og_url":"https:\/\/www.dataslatitudes.com\/sosuniversal\/sr\/politique-confidentialite\/","og_site_name":"SOS Universal","article_modified_time":"2025-08-14T09:50:55+00:00","twitter_card":"summary_large_image","twitter_misc":{"\u041f\u0440\u043e\u0446\u0435\u045a\u0435\u043d\u043e \u0432\u0440\u0435\u043c\u0435 \u0447\u0438\u0442\u0430\u045a\u0430":"4 \u043c\u0438\u043d\u0443\u0442\u0430"},"schema":{"@context":"https:\/\/schema.org","@graph":[{"@type":"WebPage","@id":"https:\/\/www.dataslatitudes.com\/sosuniversal\/sr\/politique-confidentialite\/","url":"https:\/\/www.dataslatitudes.com\/sosuniversal\/sr\/politique-confidentialite\/","name":"Confidentialit\u00e9 - SOS Universal","isPartOf":{"@id":"https:\/\/www.dataslatitudes.com\/sosuniversal\/#website"},"datePublished":"2025-06-11T15:05:57+00:00","dateModified":"2025-08-14T09:50:55+00:00","description":"La pr\u00e9sente Politique de Confidentialit\u00e9 a pour objectif de vous informer de mani\u00e8re transparente sur la mani\u00e8re dont l'application mobile SOS Universal, d\u00e9velopp\u00e9e par DATASLATITUDES, collecte, utilise et prot\u00e8ge vos donn\u00e9es personnelles. On y expose le responsable du traitement des donn\u00e9es, les donn\u00e9es collect\u00e9es et les finalit\u00e9s, le partage des donn\u00e9es, vos droits (conformit\u00e9 RGPD) et les conditions de modifications de la Politique de Confidentialit\u00e9.","breadcrumb":{"@id":"https:\/\/www.dataslatitudes.com\/sosuniversal\/sr\/politique-confidentialite\/#breadcrumb"},"inLanguage":"sr-RS","potentialAction":[{"@type":"ReadAction","target":["https:\/\/www.dataslatitudes.com\/sosuniversal\/sr\/politique-confidentialite\/"]}]},{"@type":"BreadcrumbList","@id":"https:\/\/www.dataslatitudes.com\/sosuniversal\/sr\/politique-confidentialite\/#breadcrumb","itemListElement":[{"@type":"ListItem","position":1,"name":"Prezentacija","item":"https:\/\/www.dataslatitudes.com\/sosuniversal\/fr\/"},{"@type":"ListItem","position":2,"name":"Privatnost"}]},{"@type":"WebSite","@id":"https:\/\/www.dataslatitudes.com\/sosuniversal\/sr\/#website","url":"https:\/\/www.dataslatitudes.com\/sosuniversal\/sr\/","name":"SOS Universal","description":"","publisher":{"@id":"https:\/\/www.dataslatitudes.com\/sosuniversal\/sr\/#organization"},"potentialAction":[{"@type":"SearchAction","target":{"@type":"EntryPoint","urlTemplate":"https:\/\/www.dataslatitudes.com\/sosuniversal\/sr\/?s={search_term_string}"},"query-input":{"@type":"PropertyValueSpecification","valueRequired":true,"valueName":"search_term_string"}}],"inLanguage":"sr-RS"},{"@type":"Organization","@id":"https:\/\/www.dataslatitudes.com\/sosuniversal\/sr\/#organization","name":"DATASLATITUDES","url":"https:\/\/www.dataslatitudes.com\/sosuniversal\/sr\/","logo":{"@type":"ImageObject","inLanguage":"sr-RS","@id":"https:\/\/www.dataslatitudes.com\/sosuniversal\/sr\/#\/schema\/logo\/image\/","url":"https:\/\/www.dataslatitudes.com\/sosuniversal\/wp-content\/uploads\/2025\/07\/logo_mrdv.png","contentUrl":"https:\/\/www.dataslatitudes.com\/sosuniversal\/wp-content\/uploads\/2025\/07\/logo_mrdv.png","width":72,"height":72,"caption":"DATASLATITUDES"},"image":{"@id":"https:\/\/www.dataslatitudes.com\/sosuniversal\/sr\/#\/schema\/logo\/image\/"}}]}},"_links":{"self":[{"href":"https:\/\/www.dataslatitudes.com\/sosuniversal\/sr\/wp-json\/wp\/v2\/pages\/75","targetHints":{"allow":["GET"]}}],"collection":[{"href":"https:\/\/www.dataslatitudes.com\/sosuniversal\/sr\/wp-json\/wp\/v2\/pages"}],"about":[{"href":"https:\/\/www.dataslatitudes.com\/sosuniversal\/sr\/wp-json\/wp\/v2\/types\/page"}],"author":[{"embeddable":true,"href":"https:\/\/www.dataslatitudes.com\/sosuniversal\/sr\/wp-json\/wp\/v2\/users\/1"}],"replies":[{"embeddable":true,"href":"https:\/\/www.dataslatitudes.com\/sosuniversal\/sr\/wp-json\/wp\/v2\/comments?post=75"}],"version-history":[{"count":30,"href":"https:\/\/www.dataslatitudes.com\/sosuniversal\/sr\/wp-json\/wp\/v2\/pages\/75\/revisions"}],"predecessor-version":[{"id":2927,"href":"https:\/\/www.dataslatitudes.com\/sosuniversal\/sr\/wp-json\/wp\/v2\/pages\/75\/revisions\/2927"}],"wp:attachment":[{"href":"https:\/\/www.dataslatitudes.com\/sosuniversal\/sr\/wp-json\/wp\/v2\/media?parent=75"}],"curies":[{"name":"wp","href":"https:\/\/api.w.org\/{rel}","templated":true}]}}