{"id":127,"date":"2025-06-12T03:29:21","date_gmt":"2025-06-12T03:29:21","guid":{"rendered":"https:\/\/www.dataslatitudes.com\/sosuniversal\/?page_id=127"},"modified":"2025-07-13T07:26:58","modified_gmt":"2025-07-13T07:26:58","slug":"cas-dutilisation","status":"publish","type":"page","link":"https:\/\/www.dataslatitudes.com\/sosuniversal\/sr\/cas-dutilisation\/","title":{"rendered":"Slu\u010dajevi upotrebe"},"content":{"rendered":"\r\n<p class=\"has-small-font-size\"><\/p>\r\n\r\n\r\n\r\n<h1 class=\"wp-block-heading has-text-align-center has-medium-font-size\"><strong>SLU\u010cAJEVI UPOTREBE<\/strong><\/h1>\r\n\r\n\r\n\r\n<p style=\"font-size:1rem\">Aplikacija za pametne telefone koja omogu\u0107ava slanje upozorenja, poziva u pomo\u0107 ili jednostavno deljenje trenutne lokacije mo\u017ee biti klju\u010dna u mnogim situacijama, pru\u017eaju\u0107i mir i doprinose\u0107i brzom pristupu pomo\u0107i. Evo nekoliko primera njenih slu\u010dajeva upotrebe, klasifikovanih po kategorijama radi boljeg razumevanja.<\/p>\r\n\r\n\r\n\r\n<h2 class=\"wp-block-heading has-background\" style=\"background-color:#f9f3eb;margin-top:var(--wp--preset--spacing--30);margin-bottom:var(--wp--preset--spacing--30);padding-top:var(--wp--preset--spacing--20);padding-bottom:var(--wp--preset--spacing--20);font-size:1.2rem\">Li\u010dna sigurnost i hitne situacije<\/h2>\r\n\r\n\r\n\r\n<ul class=\"wp-block-list\">\r\n<li style=\"font-size:1rem\"><strong>Nasilje nad \u017eenama, LGBTfobi\u010dno i serofobi\u010dno nasilje, rasisti\u010dko, ksenofobi\u010dno nasilje ili nasilje zbog religije, nasilje nad osobama sa invaliditetom&nbsp;: <\/strong>u slu\u010daju fizi\u010dkog ili verbalnog napada, aplikacija omogu\u0107ava pokretanje diskretnog upozorenja jednim klikom ka pouzdanim kontaktima uz deljenje GPS pozicije u realnom vremenu. Audio snimak se tako\u0111e mo\u017ee konfigurisati da slu\u017ei kao dokaz u slu\u010daju podno\u0161enja prijave.<\/li>\r\n\r\n\r\n\r\n<li style=\"font-size:1rem\"><strong>\u017drtva neprimerenih gestova u javnom prevozu (npr. dodirivanje u metrou): <\/strong>\u017ertva mo\u017ee pokrenuti zvu\u010dni alarm visokog intenziteta (na primer, policijsku sirenu ili ljudski krik), kao i audio snimak.<\/li>\r\n\r\n\r\n\r\n<li style=\"font-size:1rem\"><strong>Napad ili neposredna pretnja: <\/strong>u slu\u010daju fizi\u010dkog napada, poku\u0161aja silovanja, nasilne plja\u010dke ili bilo koje situacije koja direktno ugro\u017eava fizi\u010dki integritet korisnika, aplikacija omogu\u0107ava slanje diskretnog i brzog upozorenja hitnim kontaktima.<\/li>\r\n\r\n\r\n\r\n<li style=\"font-size:1rem\"><strong>Situacija uznemiravanja ili proganjanja: <\/strong>aplikacija omogu\u0107ava diskretno upozoravanje pouzdanih kontakata ili vlasti u slu\u010daju pra\u0107enja ili uznemiravanja, uz mogu\u0107nost snimanja dokaza putem audio snimka.<\/li>\r\n\r\n\r\n\r\n<li style=\"font-size:1rem\"><strong>\u017drtve nasilja u porodici: <\/strong>mogu\u0107e je imati diskretan i brz na\u010din tra\u017eenja pomo\u0107i u slu\u010daju opasnosti, bez upozoravanja napada\u010da.<\/li>\r\n<\/ul>\r\n\r\n\r\n\r\n<p style=\"font-size:1rem\">U prethodnim slu\u010dajevima, diskretno upozorenje mo\u017ee biti dopunjeno ili zamenjeno zvu\u010dnim odvra\u0107anjem: pokretanjem sna\u017ene sirene ili simulacijom dolaznog telefonskog poziva radi stvaranja diverzije.<\/p>\r\n\r\n\r\n\r\n<ul class=\"wp-block-list\">\r\n<li style=\"font-size:1rem\"><strong>Medicinska pomo\u0107: <\/strong>za osobe koje pate od hroni\u010dnih bolesti (sr\u010dani udar, te\u0161ki napadi astme, epilepsija, te\u0161ke alergije) ili u slu\u010daju nesre\u0107e (pad, povreda), aplikacija omogu\u0107ava slanje poziva za pomo\u0107.<\/li>\r\n\r\n\r\n\r\n<li style=\"font-size:1rem\"><strong>Nestanak ili izgubljenost: <\/strong>posebno korisno za decu, starije osobe sa kognitivnim o\u0161te\u0107enjima ili planinare, aplikacija omogu\u0107ava slanje GPS pozicije u realnom vremenu, olak\u0161avaju\u0107i pretragu.<\/li>\r\n\r\n\r\n\r\n<li style=\"font-size:1rem\"><strong>Saobra\u0107ajne nesre\u0107e: <\/strong>u slu\u010daju nesre\u0107e, aplikacija omogu\u0107ava slanje upozorenja sa lokacijom.<\/li>\r\n\r\n\r\n\r\n<li style=\"font-size:1rem\"><strong>Prirodne katastrofe: <\/strong>u slu\u010daju zemljotresa, poplava, \u0161umskih po\u017eara ili drugih katastrofa, aplikacija mo\u017ee poslu\u017eiti za prijavljivanje lokacije, tra\u017eenje pomo\u0107i i obave\u0161tavanje bli\u017enjih o svojoj sigurnosti.<\/li>\r\n<\/ul>\r\n\r\n\r\n\r\n<h2 class=\"wp-block-heading has-background\" style=\"background-color:#f9f3eb;margin-top:var(--wp--preset--spacing--30);margin-bottom:var(--wp--preset--spacing--30);padding-top:var(--wp--preset--spacing--20);padding-bottom:var(--wp--preset--spacing--20);font-size:1.2rem\">Svakodnevni \u017eivot i pomo\u0107<\/h2>\r\n\r\n\r\n\r\n<ul class=\"wp-block-list\">\r\n<li style=\"font-size:1rem\"><strong>Starije osobe ili osobe sa invaliditetom: <\/strong>aplikacija se mo\u017ee koristiti za pokretanje zahteva za pomo\u0107.<\/li>\r\n\r\n\r\n\r\n<li style=\"font-size:1rem\"><strong>Deca i adolescenti: <\/strong>za roditelje zabrinute za sigurnost svoje dece, aplikacija mo\u017ee omogu\u0107iti deci da diskretno po\u0161alju upozorenje u slu\u010daju opasnosti, kada se ose\u0107aju izgubljeno ili u situaciji uznemiravanja (uz snimanje dokaza).<br>Primer: tinejd\u017eerka na zabavi koja se ose\u0107a nelagodno, koja je pod pritiskom ili koju treba pokupiti, a da se ne mo\u017ee direktno izraziti, mo\u017ee diskretno poslati upozorenje roditeljima ili odrasloj osobi od poverenja.<\/li>\r\n\r\n\r\n\r\n<li style=\"font-size:1rem\"><strong>Mehani\u010dki problemi ili kvar vozila: <\/strong>u slu\u010daju kvara na izolovanom ili opasnom putu, aplikacija omogu\u0107ava slanje upozorenja slu\u017ebama pomo\u0107i na putu ili kontaktima radi tra\u017eenja pomo\u0107i.<\/li>\r\n\r\n\r\n\r\n<li style=\"font-size:1rem\"><strong>Socijalna izolacija ili ose\u0107aj opasnosti: <\/strong>osoba koja se ose\u0107a ranjivo ili ugro\u017eeno u odre\u0111enoj dru\u0161tvenoj situaciji (na primer, tokom sastanka sa nepoznatom osobom) mo\u017ee koristiti aplikaciju da diskretno upozori prijatelja i podeli svoju lokaciju.<\/li>\r\n\r\n\r\n\r\n<li style=\"font-size:1rem\"><strong>Psiholo\u0161ka podr\u0161ka: <\/strong>za osobe koje pate od anksioznosti ili napada panike, aplikacija omogu\u0107ava upozoravanje pouzdanog kontakta za hitnu podr\u0161ku.<\/li>\r\n<\/ul>\r\n\r\n\r\n\r\n<h2 class=\"wp-block-heading has-background\" style=\"background-color:#f9f3eb;margin-top:var(--wp--preset--spacing--30);margin-bottom:var(--wp--preset--spacing--30);padding-top:var(--wp--preset--spacing--20);padding-bottom:var(--wp--preset--spacing--20);font-size:1.2rem\">Rad i profesionalne situacije<\/h2>\r\n\r\n\r\n\r\n<ul class=\"wp-block-list\">\r\n<li style=\"font-size:1rem\"><strong>Radnici na osami: <\/strong>za profesionalce koji rade sami u rizi\u010dnim okru\u017eenjima (bezbednjaci, tehni\u010dari odr\u017eavanja, taksisti, poljoprivrednici, uzgajiva\u010di ostriga), aplikacija doprinosi brzoj pomo\u0107i u slu\u010daju nesre\u0107e ili napada.<\/li>\r\n\r\n\r\n\r\n<li style=\"font-size:1rem\"><strong>Zdravstveni i socijalni radnici: <\/strong>lekari, medicinske sestre, socijalni radnici ili pomo\u0107nici u ku\u0107i koji pose\u0107uju rizi\u010dne pacijente ili klijente mogu koristiti aplikaciju da prijave opasnu situaciju ili zatra\u017ee pomo\u0107.<\/li>\r\n\r\n\r\n\r\n<li style=\"font-size:1rem\"><strong>No\u0107no osoblje: <\/strong>zaposleni koji rade no\u0107u na izolovanim mestima (benzinske pumpe, supermarketi, hoteli) mogu imati na\u010din da brzo zatra\u017ee pomo\u0107 u slu\u010daju kra\u0111e ili napada.<\/li>\r\n\r\n\r\n\r\n<li style=\"font-size:1rem\"><strong>Novinari i reporteri u rizi\u010dnim zonama: <\/strong>mogu\u0107nost prijave opasne situacije ili hap\u0161enja, preno\u0161enje lokacije i kontekstualnih informacija (putem telefonskog poziva ili SMS-a) hitnim kontaktima.<\/li>\r\n<\/ul>\r\n\r\n\r\n\r\n<h2 class=\"wp-block-heading has-background\" style=\"background-color:#f9f3eb;margin-top:var(--wp--preset--spacing--30);margin-bottom:var(--wp--preset--spacing--30);padding-top:var(--wp--preset--spacing--20);padding-bottom:var(--wp--preset--spacing--20);font-size:1.2rem\">Slobodno vreme i aktivnosti na otvorenom<\/h2>\r\n\r\n\r\n\r\n<ul class=\"wp-block-list\">\r\n<li style=\"font-size:1rem\"><strong>Planinarenje i alpinizam: <\/strong>u slu\u010daju pada, povrede, dezorijentacije ili ekstremnih vremenskih uslova, aplikacija omogu\u0107ava slanje upozorenja sa GPS pozicijom spasila\u010dkim timovima ili porodici.<\/li>\r\n\r\n\r\n\r\n<li style=\"font-size:1rem\"><strong>Sportovi na vodi: <\/strong>za nauti\u010dare, na primer, aplikacija se mo\u017ee koristiti za prijavljivanje problema (prevrtanje, kvar motora, povreda) uz prenos pozicije.<\/li>\r\n\r\n\r\n\r\n<li style=\"font-size:1rem\"><strong>Biciklizam i tr\u010danje: <\/strong>u slu\u010daju pada, povrede ili slabosti, aplikacija omogu\u0107ava upozoravanje unapred definisanih kontakata sa lokacijom.<\/li>\r\n\r\n\r\n\r\n<li style=\"font-size:1rem\"><strong>Putovanja i turizam: <\/strong>putnici, posebno oni koji istra\u017euju nepoznate ili opasne zone, mogu koristiti aplikaciju da upozore svoje bli\u017enje ili konzularne slu\u017ebe u slu\u010daju problema (napad, bolest, kra\u0111a dokumenata).<\/li>\r\n<\/ul>\r\n\r\n\r\n\r\n<p style=\"font-size:1rem\">U prethodnim slu\u010dajevima, u cilju informisanja va\u0161eg profesionalnog ili porodi\u010dnog okru\u017eenja, na primer, upozorenje se tako\u0111e mo\u017ee ograni\u010diti na slanje samo trenutne geografske lokacije putem SMS-a. Primer: u ponavljaju\u0107em re\u017eimu, tokom 5 sati, svakih 15 minuta, \u0161aljem SMS koji sadr\u017ei samo moju lokaciju.<\/p>\r\n\r\n\r\n\r\n<p class=\"has-small-font-size\" style=\"margin-top:var(--wp--preset--spacing--30);margin-bottom:var(--wp--preset--spacing--30)\"><\/p>\r\n","protected":false},"excerpt":{"rendered":"<p>SLU\u010cAJEVI UPOTREBE Aplikacija za pametne telefone koja omogu\u0107ava slanje upozorenja, poziva u pomo\u0107 ili jednostavno deljenje trenutne lokacije mo\u017ee biti [&hellip;]<\/p>\n","protected":false},"author":1,"featured_media":0,"parent":0,"menu_order":1,"comment_status":"closed","ping_status":"closed","template":"","meta":{"site-sidebar-layout":"default","site-content-layout":"","ast-site-content-layout":"","site-content-style":"default","site-sidebar-style":"default","ast-global-header-display":"","ast-banner-title-visibility":"","ast-main-header-display":"","ast-hfb-above-header-display":"","ast-hfb-below-header-display":"","ast-hfb-mobile-header-display":"","site-post-title":"disabled","ast-breadcrumbs-content":"","ast-featured-img":"","footer-sml-layout":"","theme-transparent-header-meta":"","adv-header-id-meta":"","stick-header-meta":"","header-above-stick-meta":"","header-main-stick-meta":"","header-below-stick-meta":"","astra-migrate-meta-layouts":"default","ast-page-background-enabled":"default","ast-page-background-meta":{"desktop":{"background-color":"var(--ast-global-color-5)","background-image":"","background-repeat":"repeat","background-position":"center center","background-size":"auto","background-attachment":"scroll","background-type":"","background-media":"","overlay-type":"","overlay-color":"","overlay-opacity":"","overlay-gradient":""},"tablet":{"background-color":"","background-image":"","background-repeat":"repeat","background-position":"center center","background-size":"auto","background-attachment":"scroll","background-type":"","background-media":"","overlay-type":"","overlay-color":"","overlay-opacity":"","overlay-gradient":""},"mobile":{"background-color":"","background-image":"","background-repeat":"repeat","background-position":"center center","background-size":"auto","background-attachment":"scroll","background-type":"","background-media":"","overlay-type":"","overlay-color":"","overlay-opacity":"","overlay-gradient":""}},"ast-content-background-meta":{"desktop":{"background-color":"var(--ast-global-color-4)","background-image":"","background-repeat":"repeat","background-position":"center center","background-size":"auto","background-attachment":"scroll","background-type":"","background-media":"","overlay-type":"","overlay-color":"","overlay-opacity":"","overlay-gradient":""},"tablet":{"background-color":"var(--ast-global-color-4)","background-image":"","background-repeat":"repeat","background-position":"center center","background-size":"auto","background-attachment":"scroll","background-type":"","background-media":"","overlay-type":"","overlay-color":"","overlay-opacity":"","overlay-gradient":""},"mobile":{"background-color":"var(--ast-global-color-4)","background-image":"","background-repeat":"repeat","background-position":"center center","background-size":"auto","background-attachment":"scroll","background-type":"","background-media":"","overlay-type":"","overlay-color":"","overlay-opacity":"","overlay-gradient":""}},"footnotes":""},"class_list":["post-127","page","type-page","status-publish","hentry"],"yoast_head":"<!-- This site is optimized with the Yoast SEO plugin v25.6 - https:\/\/yoast.com\/wordpress\/plugins\/seo\/ -->\n<title>Slu\u010dajevi upotrebe<\/title>\n<meta name=\"description\" content=\"Aplikacija za pametne telefone koja omogu\u0107ava slanje upozorenja, poziva u pomo\u0107 ili jednostavno svoje trenutne lokacije mo\u017ee biti klju\u010dna u mnogim situacijama, pru\u017eaju\u0107i mir i doprinose\u0107i brzom pristupu pomo\u0107i. Primeri: li\u010dna sigurnost i hitne situacije, svakodnevni \u017eivot i pomo\u0107, posao i profesionalne situacije, kao i slobodno vreme i aktivnosti na otvorenom.\" \/>\n<meta name=\"robots\" content=\"index, follow, max-snippet:-1, max-image-preview:large, max-video-preview:-1\" \/>\n<link rel=\"canonical\" href=\"http:\/\/SLU\u010cAJEVI%20UPOTREBE%20Aplikacija%20za%20pametne%20telefone%20koja%20omogu\u0107ava%20slanje%20upozorenja,%20poziva%20u%20pomo\u0107%20ili%20jednostavno%20deljenje%20trenutne%20lokacije%20mo\u017ee%20biti%20klju\u010dna%20u%20mnogim%20situacijama,%20pru\u017eaju\u0107i%20mir%20i%20doprinose\u0107i%20brzom%20pristupu%20pomo\u0107i.%20Evo%20nekoliko%20primera%20njenih%20slu\u010dajeva%20upotrebe,%20klasifikovanih%20po%20kategorijama%20radi%20boljeg%20razumevanja.%20Li\u010dna%20sigurnost%20i%20hitne%20situacije%20Nasilje%20nad%20\u017eenama,%20LGBTfobi\u010dno%20i%20serofobi\u010dno%20nasilje,&hellip;\" \/>\n<meta property=\"og:locale\" content=\"sr_RS\" \/>\n<meta property=\"og:type\" content=\"article\" \/>\n<meta property=\"og:title\" content=\"Slu\u010dajevi upotrebe\" \/>\n<meta property=\"og:description\" content=\"Aplikacija za pametne telefone koja omogu\u0107ava slanje upozorenja, poziva u pomo\u0107 ili jednostavno svoje trenutne lokacije mo\u017ee biti klju\u010dna u mnogim situacijama, pru\u017eaju\u0107i mir i doprinose\u0107i brzom pristupu pomo\u0107i. Primeri: li\u010dna sigurnost i hitne situacije, svakodnevni \u017eivot i pomo\u0107, posao i profesionalne situacije, kao i slobodno vreme i aktivnosti na otvorenom.\" \/>\n<meta property=\"og:url\" content=\"https:\/\/www.dataslatitudes.com\/sosuniversal\/sr\/cas-dutilisation\/\" \/>\n<meta property=\"og:site_name\" content=\"SOS Universal\" \/>\n<meta property=\"article:modified_time\" content=\"2025-07-13T07:26:58+00:00\" \/>\n<meta name=\"twitter:card\" content=\"summary_large_image\" \/>\n<meta name=\"twitter:label1\" content=\"\u041f\u0440\u043e\u0446\u0435\u045a\u0435\u043d\u043e \u0432\u0440\u0435\u043c\u0435 \u0447\u0438\u0442\u0430\u045a\u0430\" \/>\n\t<meta name=\"twitter:data1\" content=\"5 \u043c\u0438\u043d\u0443\u0442\u0430\" \/>\n<script type=\"application\/ld+json\" class=\"yoast-schema-graph\">{\"@context\":\"https:\/\/schema.org\",\"@graph\":[{\"@type\":\"WebPage\",\"@id\":\"https:\/\/www.dataslatitudes.com\/sosuniversal\/sr\/cas-dutilisation\/\",\"url\":\"https:\/\/www.dataslatitudes.com\/sosuniversal\/sr\/cas-dutilisation\/\",\"name\":\"Cas d'utilisation - SOS Universal\",\"isPartOf\":{\"@id\":\"https:\/\/www.dataslatitudes.com\/sosuniversal\/#website\"},\"datePublished\":\"2025-06-12T03:29:21+00:00\",\"dateModified\":\"2025-07-13T07:26:58+00:00\",\"description\":\"Une application pour smartphone permettant d\u2019envoyer des alertes, des appels \u00e0 l\u2019aide ou tout simplement sa localisation courante peut s\u2019av\u00e9rer cruciale dans de nombreuses situations, offrant une tranquillit\u00e9 d\u2019esprit et contribuant \u00e0 un acc\u00e8s rapide \u00e0 l\u2019assistance. Exemples : s\u00e9curit\u00e9 personnelle et situations d\u2019urgence, vie quotidienne et assistance, travail et situations professionnelles ainsi que loisirs et activit\u00e9s en ext\u00e9rieur.\",\"breadcrumb\":{\"@id\":\"https:\/\/www.dataslatitudes.com\/sosuniversal\/sr\/cas-dutilisation\/#breadcrumb\"},\"inLanguage\":\"sr-RS\",\"potentialAction\":[{\"@type\":\"ReadAction\",\"target\":[\"https:\/\/www.dataslatitudes.com\/sosuniversal\/sr\/cas-dutilisation\/\"]}]},{\"@type\":\"BreadcrumbList\",\"@id\":\"https:\/\/www.dataslatitudes.com\/sosuniversal\/sr\/cas-dutilisation\/#breadcrumb\",\"itemListElement\":[{\"@type\":\"ListItem\",\"position\":1,\"name\":\"Prezentacija\",\"item\":\"https:\/\/www.dataslatitudes.com\/sosuniversal\/fr\/\"},{\"@type\":\"ListItem\",\"position\":2,\"name\":\"Slu\u010dajevi upotrebe\"}]},{\"@type\":\"WebSite\",\"@id\":\"https:\/\/www.dataslatitudes.com\/sosuniversal\/sr\/#website\",\"url\":\"https:\/\/www.dataslatitudes.com\/sosuniversal\/sr\/\",\"name\":\"SOS Universal\",\"description\":\"\",\"publisher\":{\"@id\":\"https:\/\/www.dataslatitudes.com\/sosuniversal\/sr\/#organization\"},\"potentialAction\":[{\"@type\":\"SearchAction\",\"target\":{\"@type\":\"EntryPoint\",\"urlTemplate\":\"https:\/\/www.dataslatitudes.com\/sosuniversal\/sr\/?s={search_term_string}\"},\"query-input\":{\"@type\":\"PropertyValueSpecification\",\"valueRequired\":true,\"valueName\":\"search_term_string\"}}],\"inLanguage\":\"sr-RS\"},{\"@type\":\"Organization\",\"@id\":\"https:\/\/www.dataslatitudes.com\/sosuniversal\/sr\/#organization\",\"name\":\"DATASLATITUDES\",\"url\":\"https:\/\/www.dataslatitudes.com\/sosuniversal\/sr\/\",\"logo\":{\"@type\":\"ImageObject\",\"inLanguage\":\"sr-RS\",\"@id\":\"https:\/\/www.dataslatitudes.com\/sosuniversal\/sr\/#\/schema\/logo\/image\/\",\"url\":\"https:\/\/www.dataslatitudes.com\/sosuniversal\/wp-content\/uploads\/2025\/07\/logo_mrdv.png\",\"contentUrl\":\"https:\/\/www.dataslatitudes.com\/sosuniversal\/wp-content\/uploads\/2025\/07\/logo_mrdv.png\",\"width\":72,\"height\":72,\"caption\":\"DATASLATITUDES\"},\"image\":{\"@id\":\"https:\/\/www.dataslatitudes.com\/sosuniversal\/sr\/#\/schema\/logo\/image\/\"}}]}<\/script>\n<!-- \/ Yoast SEO plugin. -->","yoast_head_json":{"title":"Slu\u010dajevi upotrebe","description":"Aplikacija za pametne telefone koja omogu\u0107ava slanje upozorenja, poziva u pomo\u0107 ili jednostavno svoje trenutne lokacije mo\u017ee biti klju\u010dna u mnogim situacijama, pru\u017eaju\u0107i mir i doprinose\u0107i brzom pristupu pomo\u0107i. Primeri: li\u010dna sigurnost i hitne situacije, svakodnevni \u017eivot i pomo\u0107, posao i profesionalne situacije, kao i slobodno vreme i aktivnosti na otvorenom.","robots":{"index":"index","follow":"follow","max-snippet":"max-snippet:-1","max-image-preview":"max-image-preview:large","max-video-preview":"max-video-preview:-1"},"canonical":"SLU\u010cAJEVI UPOTREBE Aplikacija za pametne telefone koja omogu\u0107ava slanje upozorenja, poziva u pomo\u0107 ili jednostavno deljenje trenutne lokacije mo\u017ee biti klju\u010dna u mnogim situacijama, pru\u017eaju\u0107i mir i doprinose\u0107i brzom pristupu pomo\u0107i. Evo nekoliko primera njenih slu\u010dajeva upotrebe, klasifikovanih po kategorijama radi boljeg razumevanja. Li\u010dna sigurnost i hitne situacije Nasilje nad \u017eenama, LGBTfobi\u010dno i serofobi\u010dno nasilje,&hellip;","og_locale":"sr_RS","og_type":"article","og_title":"Slu\u010dajevi upotrebe","og_description":"Aplikacija za pametne telefone koja omogu\u0107ava slanje upozorenja, poziva u pomo\u0107 ili jednostavno svoje trenutne lokacije mo\u017ee biti klju\u010dna u mnogim situacijama, pru\u017eaju\u0107i mir i doprinose\u0107i brzom pristupu pomo\u0107i. Primeri: li\u010dna sigurnost i hitne situacije, svakodnevni \u017eivot i pomo\u0107, posao i profesionalne situacije, kao i slobodno vreme i aktivnosti na otvorenom.","og_url":"https:\/\/www.dataslatitudes.com\/sosuniversal\/sr\/cas-dutilisation\/","og_site_name":"SOS Universal","article_modified_time":"2025-07-13T07:26:58+00:00","twitter_card":"summary_large_image","twitter_misc":{"\u041f\u0440\u043e\u0446\u0435\u045a\u0435\u043d\u043e \u0432\u0440\u0435\u043c\u0435 \u0447\u0438\u0442\u0430\u045a\u0430":"5 \u043c\u0438\u043d\u0443\u0442\u0430"},"schema":{"@context":"https:\/\/schema.org","@graph":[{"@type":"WebPage","@id":"https:\/\/www.dataslatitudes.com\/sosuniversal\/sr\/cas-dutilisation\/","url":"https:\/\/www.dataslatitudes.com\/sosuniversal\/sr\/cas-dutilisation\/","name":"Cas d'utilisation - SOS Universal","isPartOf":{"@id":"https:\/\/www.dataslatitudes.com\/sosuniversal\/#website"},"datePublished":"2025-06-12T03:29:21+00:00","dateModified":"2025-07-13T07:26:58+00:00","description":"Une application pour smartphone permettant d\u2019envoyer des alertes, des appels \u00e0 l\u2019aide ou tout simplement sa localisation courante peut s\u2019av\u00e9rer cruciale dans de nombreuses situations, offrant une tranquillit\u00e9 d\u2019esprit et contribuant \u00e0 un acc\u00e8s rapide \u00e0 l\u2019assistance. Exemples : s\u00e9curit\u00e9 personnelle et situations d\u2019urgence, vie quotidienne et assistance, travail et situations professionnelles ainsi que loisirs et activit\u00e9s en ext\u00e9rieur.","breadcrumb":{"@id":"https:\/\/www.dataslatitudes.com\/sosuniversal\/sr\/cas-dutilisation\/#breadcrumb"},"inLanguage":"sr-RS","potentialAction":[{"@type":"ReadAction","target":["https:\/\/www.dataslatitudes.com\/sosuniversal\/sr\/cas-dutilisation\/"]}]},{"@type":"BreadcrumbList","@id":"https:\/\/www.dataslatitudes.com\/sosuniversal\/sr\/cas-dutilisation\/#breadcrumb","itemListElement":[{"@type":"ListItem","position":1,"name":"Prezentacija","item":"https:\/\/www.dataslatitudes.com\/sosuniversal\/fr\/"},{"@type":"ListItem","position":2,"name":"Slu\u010dajevi upotrebe"}]},{"@type":"WebSite","@id":"https:\/\/www.dataslatitudes.com\/sosuniversal\/sr\/#website","url":"https:\/\/www.dataslatitudes.com\/sosuniversal\/sr\/","name":"SOS Universal","description":"","publisher":{"@id":"https:\/\/www.dataslatitudes.com\/sosuniversal\/sr\/#organization"},"potentialAction":[{"@type":"SearchAction","target":{"@type":"EntryPoint","urlTemplate":"https:\/\/www.dataslatitudes.com\/sosuniversal\/sr\/?s={search_term_string}"},"query-input":{"@type":"PropertyValueSpecification","valueRequired":true,"valueName":"search_term_string"}}],"inLanguage":"sr-RS"},{"@type":"Organization","@id":"https:\/\/www.dataslatitudes.com\/sosuniversal\/sr\/#organization","name":"DATASLATITUDES","url":"https:\/\/www.dataslatitudes.com\/sosuniversal\/sr\/","logo":{"@type":"ImageObject","inLanguage":"sr-RS","@id":"https:\/\/www.dataslatitudes.com\/sosuniversal\/sr\/#\/schema\/logo\/image\/","url":"https:\/\/www.dataslatitudes.com\/sosuniversal\/wp-content\/uploads\/2025\/07\/logo_mrdv.png","contentUrl":"https:\/\/www.dataslatitudes.com\/sosuniversal\/wp-content\/uploads\/2025\/07\/logo_mrdv.png","width":72,"height":72,"caption":"DATASLATITUDES"},"image":{"@id":"https:\/\/www.dataslatitudes.com\/sosuniversal\/sr\/#\/schema\/logo\/image\/"}}]}},"_links":{"self":[{"href":"https:\/\/www.dataslatitudes.com\/sosuniversal\/sr\/wp-json\/wp\/v2\/pages\/127","targetHints":{"allow":["GET"]}}],"collection":[{"href":"https:\/\/www.dataslatitudes.com\/sosuniversal\/sr\/wp-json\/wp\/v2\/pages"}],"about":[{"href":"https:\/\/www.dataslatitudes.com\/sosuniversal\/sr\/wp-json\/wp\/v2\/types\/page"}],"author":[{"embeddable":true,"href":"https:\/\/www.dataslatitudes.com\/sosuniversal\/sr\/wp-json\/wp\/v2\/users\/1"}],"replies":[{"embeddable":true,"href":"https:\/\/www.dataslatitudes.com\/sosuniversal\/sr\/wp-json\/wp\/v2\/comments?post=127"}],"version-history":[{"count":34,"href":"https:\/\/www.dataslatitudes.com\/sosuniversal\/sr\/wp-json\/wp\/v2\/pages\/127\/revisions"}],"predecessor-version":[{"id":868,"href":"https:\/\/www.dataslatitudes.com\/sosuniversal\/sr\/wp-json\/wp\/v2\/pages\/127\/revisions\/868"}],"wp:attachment":[{"href":"https:\/\/www.dataslatitudes.com\/sosuniversal\/sr\/wp-json\/wp\/v2\/media?parent=127"}],"curies":[{"name":"wp","href":"https:\/\/api.w.org\/{rel}","templated":true}]}}