{"id":127,"date":"2025-06-12T03:29:21","date_gmt":"2025-06-12T03:29:21","guid":{"rendered":"https:\/\/www.dataslatitudes.com\/sosuniversal\/?page_id=127"},"modified":"2025-07-13T07:26:58","modified_gmt":"2025-07-13T07:26:58","slug":"cas-dutilisation","status":"publish","type":"page","link":"https:\/\/www.dataslatitudes.com\/sosuniversal\/sq\/cas-dutilisation\/","title":{"rendered":"Raste p\u00ebrdorimi"},"content":{"rendered":"\r\n<p class=\"has-small-font-size\"><\/p>\r\n\r\n\r\n\r\n<h1 class=\"wp-block-heading has-text-align-center has-medium-font-size\"><strong>RASTE P\u00cbRDORIMI<\/strong><\/h1>\r\n\r\n\r\n\r\n<p style=\"font-size:1rem\">Nj\u00eb aplikacion smartphone q\u00eb lejon d\u00ebrgimin e alarmeve, thirrjeve p\u00ebr ndihm\u00eb ose thjesht vendndodhjen aktuale mund t\u00eb jet\u00eb thelb\u00ebsor n\u00eb shum\u00eb situata, duke ofruar qet\u00ebsi dhe duke kontribuar n\u00eb nj\u00eb akses t\u00eb shpejt\u00eb n\u00eb ndihm\u00eb. K\u00ebtu jan\u00eb disa shembuj t\u00eb rasteve t\u00eb p\u00ebrdorimit, t\u00eb klasifikuara sipas kategorive p\u00ebr nj\u00eb kuptim m\u00eb t\u00eb mir\u00eb.<\/p>\r\n\r\n\r\n\r\n<h2 class=\"wp-block-heading has-background\" style=\"background-color:#f9f3eb;margin-top:var(--wp--preset--spacing--30);margin-bottom:var(--wp--preset--spacing--30);padding-top:var(--wp--preset--spacing--20);padding-bottom:var(--wp--preset--spacing--20);font-size:1.2rem\">Siguria personale dhe situatat e urgjenc\u00ebs<\/h2>\r\n\r\n\r\n\r\n<ul class=\"wp-block-list\">\r\n<li style=\"font-size:1rem\"><strong>Dhuna ndaj grave, dhuna LGBTfobike dhe serofobike, dhuna raciste, ksenofobike ose p\u00ebr shkak t\u00eb fes\u00eb, dhuna ndaj personave me aft\u00ebsi t\u00eb kufizuara&nbsp;: <\/strong>n\u00eb rast sulmi fizik ose verbal, aplikacioni lejon aktivizimin e nj\u00eb alarmi diskret me nj\u00eb klikim t\u00eb vet\u00ebm drejt kontakteve t\u00eb besuara me shp\u00ebrndarjen e pozicionit GPS n\u00eb koh\u00eb reale. Nj\u00eb regjistrim audio mund t\u00eb konfigurohet gjithashtu p\u00ebr t\u00eb sh\u00ebrbyer si prov\u00eb n\u00eb rast t\u00eb depozitimit t\u00eb nj\u00eb ankese.<\/li>\r\n\r\n\r\n\r\n<li style=\"font-size:1rem\"><strong>Viktim\u00eb e gjesteve t\u00eb pap\u00ebrshtatshme n\u00eb transportin publik (p.sh., prekje n\u00eb metro): <\/strong>viktima mund t\u00eb aktivizoj\u00eb nj\u00eb alarm zanor me intensitet t\u00eb lart\u00eb (sirena policie ose britm\u00eb njer\u00ebzore p\u00ebr shembull) si dhe nj\u00eb regjistrim audio.<\/li>\r\n\r\n\r\n\r\n<li style=\"font-size:1rem\"><strong>Sulm ose k\u00ebrc\u00ebnim i menj\u00ebhersh\u00ebm: <\/strong>n\u00eb rast sulmi fizik, tentative dhunimi, vjedhje me dhun\u00eb, ose \u00e7do situat\u00eb q\u00eb k\u00ebrc\u00ebnon drejtp\u00ebrdrejt integritetin fizik t\u00eb p\u00ebrdoruesit, aplikacioni lejon d\u00ebrgimin e nj\u00eb alarmi diskret dhe t\u00eb shpejt\u00eb te kontaktet e urgjenc\u00ebs.<\/li>\r\n\r\n\r\n\r\n<li style=\"font-size:1rem\"><strong>Situata ngacmimi ose ndjekjeje: <\/strong>aplikacioni lejon lajm\u00ebrimin diskret t\u00eb kontakteve t\u00eb besuara ose autoriteteve n\u00eb rast monitorimi ose ngacmimi, me mund\u00ebsin\u00eb e regjistrimit t\u00eb nj\u00eb prove p\u00ebrmes regjistrimit audio.<\/li>\r\n\r\n\r\n\r\n<li style=\"font-size:1rem\"><strong>Viktimat e dhun\u00ebs n\u00eb familje: <\/strong>\u00ebsht\u00eb e mundur t\u00eb kesh nj\u00eb m\u00ebnyr\u00eb diskrete dhe t\u00eb shpejt\u00eb p\u00ebr t\u00eb k\u00ebrkuar ndihm\u00eb n\u00eb rast rreziku, pa alarmuar agresorin.<\/li>\r\n<\/ul>\r\n\r\n\r\n\r\n<p style=\"font-size:1rem\">N\u00eb rastet e m\u00ebparshme, alarmi diskret mund t\u00eb plot\u00ebsohet ose z\u00ebvend\u00ebsohet nga nj\u00eb penges\u00eb zanore: aktivizimi i nj\u00eb sirene me intensitet t\u00eb lart\u00eb ose simulimi i nj\u00eb thirrjeje hyr\u00ebse p\u00ebr t\u00eb krijuar nj\u00eb shp\u00ebrqendrim.<\/p>\r\n\r\n\r\n\r\n<ul class=\"wp-block-list\">\r\n<li style=\"font-size:1rem\"><strong>Fatkeq\u00ebsi mjek\u00ebsore: <\/strong>p\u00ebr personat q\u00eb vuajn\u00eb nga s\u00ebmundje kronike (kriza zemre, kriza t\u00eb r\u00ebnda astme, epilepsi, alergji t\u00eb r\u00ebnda) ose n\u00eb rast aksidenti (rr\u00ebzim, l\u00ebndim), aplikacioni lejon d\u00ebrgimin e nj\u00eb thirrjeje p\u00ebr ndihm\u00eb.<\/li>\r\n\r\n\r\n\r\n<li style=\"font-size:1rem\"><strong>Humbje ose humbje orientimi: <\/strong>ve\u00e7an\u00ebrisht i dobish\u00ebm p\u00ebr f\u00ebmij\u00ebt, t\u00eb moshuarit me \u00e7rregullime kognitive ose sh\u00ebtit\u00ebsit, aplikacioni lejon d\u00ebrgimin e pozicionit GPS n\u00eb koh\u00eb reale, duke leht\u00ebsuar k\u00ebrkimet.<\/li>\r\n\r\n\r\n\r\n<li style=\"font-size:1rem\"><strong>Aksidente rrugore: <\/strong>n\u00eb rast aksidenti, aplikacioni mund\u00ebson d\u00ebrgimin e nj\u00eb alarmi me vendndodhjen.<\/li>\r\n\r\n\r\n\r\n<li style=\"font-size:1rem\"><strong>Fatkeq\u00ebsit\u00eb natyrore: <\/strong>gjat\u00eb t\u00ebrmeteve, p\u00ebrmbytjeve, zjarreve n\u00eb pyje, ose fatkeq\u00ebsive t\u00eb tjera, aplikacioni mund t\u00eb p\u00ebrdoret p\u00ebr t\u00eb sinjalizuar pozicionin, p\u00ebr t\u00eb k\u00ebrkuar ndihm\u00eb dhe p\u00ebr t\u00eb informuar t\u00eb af\u00ebrmit p\u00ebr sigurin\u00eb e tij.<\/li>\r\n<\/ul>\r\n\r\n\r\n\r\n<h2 class=\"wp-block-heading has-background\" style=\"background-color:#f9f3eb;margin-top:var(--wp--preset--spacing--30);margin-bottom:var(--wp--preset--spacing--30);padding-top:var(--wp--preset--spacing--20);padding-bottom:var(--wp--preset--spacing--20);font-size:1.2rem\">Jeta e p\u00ebrditshme dhe ndihma<\/h2>\r\n\r\n\r\n\r\n<ul class=\"wp-block-list\">\r\n<li style=\"font-size:1rem\"><strong>Persona t\u00eb moshuar ose me aft\u00ebsi t\u00eb kufizuara: <\/strong>aplikacioni mund t\u00eb p\u00ebrdoret p\u00ebr t\u00eb aktivizuar nj\u00eb k\u00ebrkes\u00eb p\u00ebr ndihm\u00eb.<\/li>\r\n\r\n\r\n\r\n<li style=\"font-size:1rem\"><strong>F\u00ebmij\u00eb dhe adoleshent\u00eb: <\/strong>p\u00ebr prind\u00ebrit e shqet\u00ebsuar p\u00ebr sigurin\u00eb e f\u00ebmij\u00ebve t\u00eb tyre, aplikacioni mund t\u00eb lejoj\u00eb f\u00ebmij\u00ebt t\u00eb d\u00ebrgojn\u00eb nj\u00eb alarm diskret n\u00eb rast rreziku, kur ndihen t\u00eb humbur, ose n\u00eb situat\u00eb ngacmimi (me regjistrim prove).<br>Shembull: nj\u00eb adoleshent(e) n\u00eb nj\u00eb fest\u00eb q\u00eb ndihet i\/e parehatshme, q\u00eb \u00ebsht\u00eb n\u00ebn presion, ose ka nevoj\u00eb t\u00eb merret pa mundur t\u00eb shprehet drejtp\u00ebrdrejt, mund t\u00eb d\u00ebrgoj\u00eb nj\u00eb alarm diskret te prind\u00ebrit e tij\/saj ose te nj\u00eb i rritur i besuar.<\/li>\r\n\r\n\r\n\r\n<li style=\"font-size:1rem\"><strong>Probleme mekanike ose defekt automjeti: <\/strong>n\u00eb rast defekti n\u00eb nj\u00eb rrug\u00eb t\u00eb izoluar ose t\u00eb rrezikshme, aplikacioni mund\u00ebson d\u00ebrgimin e nj\u00eb alarmi te sh\u00ebrbimet e ndihm\u00ebs rrugore ose te kontaktet p\u00ebr t\u00eb k\u00ebrkuar ndihm\u00eb.<\/li>\r\n\r\n\r\n\r\n<li style=\"font-size:1rem\"><strong>Izolimi social ose ndjenja e rrezikut: <\/strong>nj\u00eb person q\u00eb ndihet i cenuesh\u00ebm ose i k\u00ebrc\u00ebnuar n\u00eb nj\u00eb situat\u00eb t\u00eb caktuar sociale (p\u00ebr shembull, gjat\u00eb nj\u00eb takimi me nj\u00eb t\u00eb panjohur) mund t\u00eb p\u00ebrdor\u00eb aplikacionin p\u00ebr t\u00eb alarmuar diskretisht nj\u00eb mik dhe p\u00ebr t\u00eb ndar\u00eb pozicionin e tij.<\/li>\r\n\r\n\r\n\r\n<li style=\"font-size:1rem\"><strong>Mb\u00ebshtetje psikologjike: <\/strong>p\u00ebr personat q\u00eb vuajn\u00eb nga ankthi ose krizat e panikut, aplikacioni lejon lajm\u00ebrimin e nj\u00eb kontakti t\u00eb besuar p\u00ebr mb\u00ebshtetje t\u00eb menj\u00ebhershme.<\/li>\r\n<\/ul>\r\n\r\n\r\n\r\n<h2 class=\"wp-block-heading has-background\" style=\"background-color:#f9f3eb;margin-top:var(--wp--preset--spacing--30);margin-bottom:var(--wp--preset--spacing--30);padding-top:var(--wp--preset--spacing--20);padding-bottom:var(--wp--preset--spacing--20);font-size:1.2rem\">Pun\u00eb dhe situata profesionale<\/h2>\r\n\r\n\r\n\r\n<ul class=\"wp-block-list\">\r\n<li style=\"font-size:1rem\"><strong>Pun\u00ebtor\u00eb t\u00eb izoluar: <\/strong>p\u00ebr profesionist\u00ebt q\u00eb punojn\u00eb vet\u00ebm n\u00eb mjedise rreziku (agjent\u00eb sigurie, teknik\u00eb mir\u00ebmbajtjeje, shofer\u00eb taksie, fermer\u00eb, kultivues midhjesh), aplikacioni kontribuon n\u00eb ndihm\u00eb t\u00eb shpejt\u00eb n\u00eb rast aksidenti ose sulmi.<\/li>\r\n\r\n\r\n\r\n<li style=\"font-size:1rem\"><strong>Profesionist\u00eb t\u00eb sh\u00ebndet\u00ebsis\u00eb dhe social\u00eb: <\/strong>mjek\u00ebt, infermier\u00ebt, punonj\u00ebsit social\u00eb, ose ndihm\u00ebsit n\u00eb sht\u00ebpi q\u00eb vizitojn\u00eb pacient\u00eb ose klient\u00eb n\u00eb rrezik mund t\u00eb p\u00ebrdorin aplikacionin p\u00ebr t\u00eb raportuar nj\u00eb situat\u00eb t\u00eb rrezikshme ose p\u00ebr t\u00eb k\u00ebrkuar ndihm\u00eb.<\/li>\r\n\r\n\r\n\r\n<li style=\"font-size:1rem\"><strong>Personeli i nat\u00ebs: <\/strong>punonj\u00ebsit q\u00eb punojn\u00eb nat\u00ebn n\u00eb vende t\u00eb izoluara (pika karburanti, supermarkete, hotele) mund t\u00eb ken\u00eb nj\u00eb m\u00ebnyr\u00eb p\u00ebr t\u00eb k\u00ebrkuar ndihm\u00eb shpejt n\u00eb rast vjedhjeje ose sulmi.<\/li>\r\n\r\n\r\n\r\n<li style=\"font-size:1rem\"><strong>Gazetar\u00eb dhe reporter\u00eb n\u00eb zona rreziku: <\/strong>mund\u00ebsi p\u00ebr t\u00eb raportuar nj\u00eb situat\u00eb t\u00eb rrezikshme ose nj\u00eb arrestim, duke transmetuar pozicionin dhe informacionin kontekstual (me thirrje telefonike ose SMS) te kontaktet e urgjenc\u00ebs.<\/li>\r\n<\/ul>\r\n\r\n\r\n\r\n<h2 class=\"wp-block-heading has-background\" style=\"background-color:#f9f3eb;margin-top:var(--wp--preset--spacing--30);margin-bottom:var(--wp--preset--spacing--30);padding-top:var(--wp--preset--spacing--20);padding-bottom:var(--wp--preset--spacing--20);font-size:1.2rem\">Koh\u00eb e lir\u00eb dhe aktivitete n\u00eb natyr\u00eb<\/h2>\r\n\r\n\r\n\r\n<ul class=\"wp-block-list\">\r\n<li style=\"font-size:1rem\"><strong>Hetime dhe alpiniz\u00ebm: <\/strong>n\u00eb rast rr\u00ebzimi, l\u00ebndimi, humbje orientimi, ose kushteve ekstreme t\u00eb motit, aplikacioni mund\u00ebson d\u00ebrgimin e nj\u00eb alarmi me pozicionin GPS te ekipet e shp\u00ebtimit ose familja.<\/li>\r\n\r\n\r\n\r\n<li style=\"font-size:1rem\"><strong>Sportet ujore: <\/strong>p\u00ebr marinaret, p\u00ebr shembull, aplikacioni mund t\u00eb p\u00ebrdoret p\u00ebr t\u00eb sinjalizuar nj\u00eb problem (p\u00ebrmbysje, defekt motori, l\u00ebndim) me transmetim t\u00eb pozicionit.<\/li>\r\n\r\n\r\n\r\n<li style=\"font-size:1rem\"><strong>\u00c7iklizmi dhe vrapimi: <\/strong>n\u00eb rast r\u00ebnieje, l\u00ebndimi ose t\u00eb fik\u00ebti, aplikacioni lejon lajm\u00ebrimin e kontakteve t\u00eb paracaktuar me vendndodhjen.<\/li>\r\n\r\n\r\n\r\n<li style=\"font-size:1rem\"><strong>Udh\u00ebtime dhe turiz\u00ebm: <\/strong>udh\u00ebtar\u00ebt, ve\u00e7an\u00ebrisht ata q\u00eb eksplorojn\u00eb zona t\u00eb panjohura ose t\u00eb rrezikshme, mund t\u00eb p\u00ebrdorin aplikacionin p\u00ebr t\u00eb alarmuar t\u00eb af\u00ebrmit e tyre ose sh\u00ebrbimet konsullore n\u00eb rast problemi (sulmi, s\u00ebmundjeje, vjedhjeje dokumentesh).<\/li>\r\n<\/ul>\r\n\r\n\r\n\r\n<p style=\"font-size:1rem\">N\u00eb rastet e m\u00ebparshme, me q\u00ebllim informimin e rrethit tuaj profesional ose familjar, p\u00ebr shembull, alarmi mund t\u00eb kufizohet edhe n\u00eb d\u00ebrgimin e vendndodhjes aktuale gjeografike vet\u00ebm me SMS. Shembull: n\u00eb modalitetin p\u00ebrs\u00ebrit\u00ebs, p\u00ebr 5 or\u00eb, \u00e7do 15 minuta, d\u00ebrgoj nj\u00eb SMS q\u00eb p\u00ebrmban vet\u00ebm vendndodhjen time.<\/p>\r\n\r\n\r\n\r\n<p class=\"has-small-font-size\" style=\"margin-top:var(--wp--preset--spacing--30);margin-bottom:var(--wp--preset--spacing--30)\"><\/p>\r\n","protected":false},"excerpt":{"rendered":"<p>RASTE P\u00cbRDORIMI Nj\u00eb aplikacion smartphone q\u00eb lejon d\u00ebrgimin e alarmeve, thirrjeve p\u00ebr ndihm\u00eb ose thjesht vendndodhjen aktuale mund t\u00eb jet\u00eb [&hellip;]<\/p>\n","protected":false},"author":1,"featured_media":0,"parent":0,"menu_order":1,"comment_status":"closed","ping_status":"closed","template":"","meta":{"site-sidebar-layout":"default","site-content-layout":"","ast-site-content-layout":"","site-content-style":"default","site-sidebar-style":"default","ast-global-header-display":"","ast-banner-title-visibility":"","ast-main-header-display":"","ast-hfb-above-header-display":"","ast-hfb-below-header-display":"","ast-hfb-mobile-header-display":"","site-post-title":"disabled","ast-breadcrumbs-content":"","ast-featured-img":"","footer-sml-layout":"","theme-transparent-header-meta":"","adv-header-id-meta":"","stick-header-meta":"","header-above-stick-meta":"","header-main-stick-meta":"","header-below-stick-meta":"","astra-migrate-meta-layouts":"default","ast-page-background-enabled":"default","ast-page-background-meta":{"desktop":{"background-color":"var(--ast-global-color-5)","background-image":"","background-repeat":"repeat","background-position":"center center","background-size":"auto","background-attachment":"scroll","background-type":"","background-media":"","overlay-type":"","overlay-color":"","overlay-opacity":"","overlay-gradient":""},"tablet":{"background-color":"","background-image":"","background-repeat":"repeat","background-position":"center center","background-size":"auto","background-attachment":"scroll","background-type":"","background-media":"","overlay-type":"","overlay-color":"","overlay-opacity":"","overlay-gradient":""},"mobile":{"background-color":"","background-image":"","background-repeat":"repeat","background-position":"center center","background-size":"auto","background-attachment":"scroll","background-type":"","background-media":"","overlay-type":"","overlay-color":"","overlay-opacity":"","overlay-gradient":""}},"ast-content-background-meta":{"desktop":{"background-color":"var(--ast-global-color-4)","background-image":"","background-repeat":"repeat","background-position":"center center","background-size":"auto","background-attachment":"scroll","background-type":"","background-media":"","overlay-type":"","overlay-color":"","overlay-opacity":"","overlay-gradient":""},"tablet":{"background-color":"var(--ast-global-color-4)","background-image":"","background-repeat":"repeat","background-position":"center center","background-size":"auto","background-attachment":"scroll","background-type":"","background-media":"","overlay-type":"","overlay-color":"","overlay-opacity":"","overlay-gradient":""},"mobile":{"background-color":"var(--ast-global-color-4)","background-image":"","background-repeat":"repeat","background-position":"center center","background-size":"auto","background-attachment":"scroll","background-type":"","background-media":"","overlay-type":"","overlay-color":"","overlay-opacity":"","overlay-gradient":""}},"footnotes":""},"class_list":["post-127","page","type-page","status-publish","hentry"],"yoast_head":"<!-- This site is optimized with the Yoast SEO plugin v25.6 - https:\/\/yoast.com\/wordpress\/plugins\/seo\/ -->\n<title>Raste p\u00ebrdorimi<\/title>\n<meta name=\"description\" content=\"Nj\u00eb aplikacion smartphone q\u00eb mund\u00ebson d\u00ebrgimin e alarmeve, thirrjeve p\u00ebr ndihm\u00eb ose thjesht vendndodhjen aktuale mund t\u00eb jet\u00eb thelb\u00ebsor n\u00eb shum\u00eb situata, duke ofruar qet\u00ebsi shpirt\u00ebrore dhe duke kontribuar n\u00eb nj\u00eb qasje t\u00eb shpejt\u00eb n\u00eb ndihm\u00eb. Shembuj: siguria personale dhe situatat e urgjenc\u00ebs, jeta e p\u00ebrditshme dhe ndihma, puna dhe situatat profesionale si dhe koh\u00eb e lir\u00eb dhe aktivitete n\u00eb natyr\u00eb.\" \/>\n<meta name=\"robots\" content=\"index, follow, max-snippet:-1, max-image-preview:large, max-video-preview:-1\" \/>\n<link rel=\"canonical\" href=\"http:\/\/RASTE%20P\u00cbRDORIMI%20Nj\u00eb%20aplikacion%20smartphone%20q\u00eb%20lejon%20d\u00ebrgimin%20e%20alarmeve,%20thirrjeve%20p\u00ebr%20ndihm\u00eb%20ose%20thjesht%20vendndodhjen%20aktuale%20mund%20t\u00eb%20jet\u00eb%20thelb\u00ebsor%20n\u00eb%20shum\u00eb%20situata,%20duke%20ofruar%20qet\u00ebsi%20dhe%20duke%20kontribuar%20n\u00eb%20nj\u00eb%20akses%20t\u00eb%20shpejt\u00eb%20n\u00eb%20ndihm\u00eb.%20K\u00ebtu%20jan\u00eb%20disa%20shembuj%20t\u00eb%20rasteve%20t\u00eb%20p\u00ebrdorimit,%20t\u00eb%20klasifikuara%20sipas%20kategorive%20p\u00ebr%20nj\u00eb%20kuptim%20m\u00eb%20t\u00eb%20mir\u00eb.&hellip;\" \/>\n<meta property=\"og:locale\" content=\"sq_AL\" \/>\n<meta property=\"og:type\" content=\"article\" \/>\n<meta property=\"og:title\" content=\"Raste p\u00ebrdorimi\" \/>\n<meta property=\"og:description\" content=\"Nj\u00eb aplikacion smartphone q\u00eb mund\u00ebson d\u00ebrgimin e alarmeve, thirrjeve p\u00ebr ndihm\u00eb ose thjesht vendndodhjen aktuale mund t\u00eb jet\u00eb thelb\u00ebsor n\u00eb shum\u00eb situata, duke ofruar qet\u00ebsi shpirt\u00ebrore dhe duke kontribuar n\u00eb nj\u00eb qasje t\u00eb shpejt\u00eb n\u00eb ndihm\u00eb. Shembuj: siguria personale dhe situatat e urgjenc\u00ebs, jeta e p\u00ebrditshme dhe ndihma, puna dhe situatat profesionale si dhe koh\u00eb e lir\u00eb dhe aktivitete n\u00eb natyr\u00eb.\" \/>\n<meta property=\"og:url\" content=\"https:\/\/www.dataslatitudes.com\/sosuniversal\/sq\/cas-dutilisation\/\" \/>\n<meta property=\"og:site_name\" content=\"SOS Universal\" \/>\n<meta property=\"article:modified_time\" content=\"2025-07-13T07:26:58+00:00\" \/>\n<meta name=\"twitter:card\" content=\"summary_large_image\" \/>\n<meta name=\"twitter:label1\" content=\"Est. reading time\" \/>\n\t<meta name=\"twitter:data1\" content=\"5 minuta\" \/>\n<script type=\"application\/ld+json\" class=\"yoast-schema-graph\">{\"@context\":\"https:\/\/schema.org\",\"@graph\":[{\"@type\":\"WebPage\",\"@id\":\"https:\/\/www.dataslatitudes.com\/sosuniversal\/sq\/cas-dutilisation\/\",\"url\":\"https:\/\/www.dataslatitudes.com\/sosuniversal\/sq\/cas-dutilisation\/\",\"name\":\"Cas d'utilisation - SOS Universal\",\"isPartOf\":{\"@id\":\"https:\/\/www.dataslatitudes.com\/sosuniversal\/#website\"},\"datePublished\":\"2025-06-12T03:29:21+00:00\",\"dateModified\":\"2025-07-13T07:26:58+00:00\",\"description\":\"Une application pour smartphone permettant d\u2019envoyer des alertes, des appels \u00e0 l\u2019aide ou tout simplement sa localisation courante peut s\u2019av\u00e9rer cruciale dans de nombreuses situations, offrant une tranquillit\u00e9 d\u2019esprit et contribuant \u00e0 un acc\u00e8s rapide \u00e0 l\u2019assistance. Exemples : s\u00e9curit\u00e9 personnelle et situations d\u2019urgence, vie quotidienne et assistance, travail et situations professionnelles ainsi que loisirs et activit\u00e9s en ext\u00e9rieur.\",\"breadcrumb\":{\"@id\":\"https:\/\/www.dataslatitudes.com\/sosuniversal\/sq\/cas-dutilisation\/#breadcrumb\"},\"inLanguage\":\"sq\",\"potentialAction\":[{\"@type\":\"ReadAction\",\"target\":[\"https:\/\/www.dataslatitudes.com\/sosuniversal\/sq\/cas-dutilisation\/\"]}]},{\"@type\":\"BreadcrumbList\",\"@id\":\"https:\/\/www.dataslatitudes.com\/sosuniversal\/sq\/cas-dutilisation\/#breadcrumb\",\"itemListElement\":[{\"@type\":\"ListItem\",\"position\":1,\"name\":\"Prezantimi\",\"item\":\"https:\/\/www.dataslatitudes.com\/sosuniversal\/fr\/\"},{\"@type\":\"ListItem\",\"position\":2,\"name\":\"Raste p\u00ebrdorimi\"}]},{\"@type\":\"WebSite\",\"@id\":\"https:\/\/www.dataslatitudes.com\/sosuniversal\/sq\/#website\",\"url\":\"https:\/\/www.dataslatitudes.com\/sosuniversal\/sq\/\",\"name\":\"SOS Universal\",\"description\":\"\",\"publisher\":{\"@id\":\"https:\/\/www.dataslatitudes.com\/sosuniversal\/sq\/#organization\"},\"potentialAction\":[{\"@type\":\"SearchAction\",\"target\":{\"@type\":\"EntryPoint\",\"urlTemplate\":\"https:\/\/www.dataslatitudes.com\/sosuniversal\/sq\/?s={search_term_string}\"},\"query-input\":{\"@type\":\"PropertyValueSpecification\",\"valueRequired\":true,\"valueName\":\"search_term_string\"}}],\"inLanguage\":\"sq\"},{\"@type\":\"Organization\",\"@id\":\"https:\/\/www.dataslatitudes.com\/sosuniversal\/sq\/#organization\",\"name\":\"DATASLATITUDES\",\"url\":\"https:\/\/www.dataslatitudes.com\/sosuniversal\/sq\/\",\"logo\":{\"@type\":\"ImageObject\",\"inLanguage\":\"sq\",\"@id\":\"https:\/\/www.dataslatitudes.com\/sosuniversal\/sq\/#\/schema\/logo\/image\/\",\"url\":\"https:\/\/www.dataslatitudes.com\/sosuniversal\/wp-content\/uploads\/2025\/07\/logo_mrdv.png\",\"contentUrl\":\"https:\/\/www.dataslatitudes.com\/sosuniversal\/wp-content\/uploads\/2025\/07\/logo_mrdv.png\",\"width\":72,\"height\":72,\"caption\":\"DATASLATITUDES\"},\"image\":{\"@id\":\"https:\/\/www.dataslatitudes.com\/sosuniversal\/sq\/#\/schema\/logo\/image\/\"}}]}<\/script>\n<!-- \/ Yoast SEO plugin. -->","yoast_head_json":{"title":"Raste p\u00ebrdorimi","description":"Nj\u00eb aplikacion smartphone q\u00eb mund\u00ebson d\u00ebrgimin e alarmeve, thirrjeve p\u00ebr ndihm\u00eb ose thjesht vendndodhjen aktuale mund t\u00eb jet\u00eb thelb\u00ebsor n\u00eb shum\u00eb situata, duke ofruar qet\u00ebsi shpirt\u00ebrore dhe duke kontribuar n\u00eb nj\u00eb qasje t\u00eb shpejt\u00eb n\u00eb ndihm\u00eb. Shembuj: siguria personale dhe situatat e urgjenc\u00ebs, jeta e p\u00ebrditshme dhe ndihma, puna dhe situatat profesionale si dhe koh\u00eb e lir\u00eb dhe aktivitete n\u00eb natyr\u00eb.","robots":{"index":"index","follow":"follow","max-snippet":"max-snippet:-1","max-image-preview":"max-image-preview:large","max-video-preview":"max-video-preview:-1"},"canonical":"RASTE P\u00cbRDORIMI Nj\u00eb aplikacion smartphone q\u00eb lejon d\u00ebrgimin e alarmeve, thirrjeve p\u00ebr ndihm\u00eb ose thjesht vendndodhjen aktuale mund t\u00eb jet\u00eb thelb\u00ebsor n\u00eb shum\u00eb situata, duke ofruar qet\u00ebsi dhe duke kontribuar n\u00eb nj\u00eb akses t\u00eb shpejt\u00eb n\u00eb ndihm\u00eb. K\u00ebtu jan\u00eb disa shembuj t\u00eb rasteve t\u00eb p\u00ebrdorimit, t\u00eb klasifikuara sipas kategorive p\u00ebr nj\u00eb kuptim m\u00eb t\u00eb mir\u00eb.&hellip;","og_locale":"sq_AL","og_type":"article","og_title":"Raste p\u00ebrdorimi","og_description":"Nj\u00eb aplikacion smartphone q\u00eb mund\u00ebson d\u00ebrgimin e alarmeve, thirrjeve p\u00ebr ndihm\u00eb ose thjesht vendndodhjen aktuale mund t\u00eb jet\u00eb thelb\u00ebsor n\u00eb shum\u00eb situata, duke ofruar qet\u00ebsi shpirt\u00ebrore dhe duke kontribuar n\u00eb nj\u00eb qasje t\u00eb shpejt\u00eb n\u00eb ndihm\u00eb. Shembuj: siguria personale dhe situatat e urgjenc\u00ebs, jeta e p\u00ebrditshme dhe ndihma, puna dhe situatat profesionale si dhe koh\u00eb e lir\u00eb dhe aktivitete n\u00eb natyr\u00eb.","og_url":"https:\/\/www.dataslatitudes.com\/sosuniversal\/sq\/cas-dutilisation\/","og_site_name":"SOS Universal","article_modified_time":"2025-07-13T07:26:58+00:00","twitter_card":"summary_large_image","twitter_misc":{"Est. reading time":"5 minuta"},"schema":{"@context":"https:\/\/schema.org","@graph":[{"@type":"WebPage","@id":"https:\/\/www.dataslatitudes.com\/sosuniversal\/sq\/cas-dutilisation\/","url":"https:\/\/www.dataslatitudes.com\/sosuniversal\/sq\/cas-dutilisation\/","name":"Cas d'utilisation - SOS Universal","isPartOf":{"@id":"https:\/\/www.dataslatitudes.com\/sosuniversal\/#website"},"datePublished":"2025-06-12T03:29:21+00:00","dateModified":"2025-07-13T07:26:58+00:00","description":"Une application pour smartphone permettant d\u2019envoyer des alertes, des appels \u00e0 l\u2019aide ou tout simplement sa localisation courante peut s\u2019av\u00e9rer cruciale dans de nombreuses situations, offrant une tranquillit\u00e9 d\u2019esprit et contribuant \u00e0 un acc\u00e8s rapide \u00e0 l\u2019assistance. Exemples : s\u00e9curit\u00e9 personnelle et situations d\u2019urgence, vie quotidienne et assistance, travail et situations professionnelles ainsi que loisirs et activit\u00e9s en ext\u00e9rieur.","breadcrumb":{"@id":"https:\/\/www.dataslatitudes.com\/sosuniversal\/sq\/cas-dutilisation\/#breadcrumb"},"inLanguage":"sq","potentialAction":[{"@type":"ReadAction","target":["https:\/\/www.dataslatitudes.com\/sosuniversal\/sq\/cas-dutilisation\/"]}]},{"@type":"BreadcrumbList","@id":"https:\/\/www.dataslatitudes.com\/sosuniversal\/sq\/cas-dutilisation\/#breadcrumb","itemListElement":[{"@type":"ListItem","position":1,"name":"Prezantimi","item":"https:\/\/www.dataslatitudes.com\/sosuniversal\/fr\/"},{"@type":"ListItem","position":2,"name":"Raste p\u00ebrdorimi"}]},{"@type":"WebSite","@id":"https:\/\/www.dataslatitudes.com\/sosuniversal\/sq\/#website","url":"https:\/\/www.dataslatitudes.com\/sosuniversal\/sq\/","name":"SOS Universal","description":"","publisher":{"@id":"https:\/\/www.dataslatitudes.com\/sosuniversal\/sq\/#organization"},"potentialAction":[{"@type":"SearchAction","target":{"@type":"EntryPoint","urlTemplate":"https:\/\/www.dataslatitudes.com\/sosuniversal\/sq\/?s={search_term_string}"},"query-input":{"@type":"PropertyValueSpecification","valueRequired":true,"valueName":"search_term_string"}}],"inLanguage":"sq"},{"@type":"Organization","@id":"https:\/\/www.dataslatitudes.com\/sosuniversal\/sq\/#organization","name":"DATASLATITUDES","url":"https:\/\/www.dataslatitudes.com\/sosuniversal\/sq\/","logo":{"@type":"ImageObject","inLanguage":"sq","@id":"https:\/\/www.dataslatitudes.com\/sosuniversal\/sq\/#\/schema\/logo\/image\/","url":"https:\/\/www.dataslatitudes.com\/sosuniversal\/wp-content\/uploads\/2025\/07\/logo_mrdv.png","contentUrl":"https:\/\/www.dataslatitudes.com\/sosuniversal\/wp-content\/uploads\/2025\/07\/logo_mrdv.png","width":72,"height":72,"caption":"DATASLATITUDES"},"image":{"@id":"https:\/\/www.dataslatitudes.com\/sosuniversal\/sq\/#\/schema\/logo\/image\/"}}]}},"_links":{"self":[{"href":"https:\/\/www.dataslatitudes.com\/sosuniversal\/sq\/wp-json\/wp\/v2\/pages\/127","targetHints":{"allow":["GET"]}}],"collection":[{"href":"https:\/\/www.dataslatitudes.com\/sosuniversal\/sq\/wp-json\/wp\/v2\/pages"}],"about":[{"href":"https:\/\/www.dataslatitudes.com\/sosuniversal\/sq\/wp-json\/wp\/v2\/types\/page"}],"author":[{"embeddable":true,"href":"https:\/\/www.dataslatitudes.com\/sosuniversal\/sq\/wp-json\/wp\/v2\/users\/1"}],"replies":[{"embeddable":true,"href":"https:\/\/www.dataslatitudes.com\/sosuniversal\/sq\/wp-json\/wp\/v2\/comments?post=127"}],"version-history":[{"count":34,"href":"https:\/\/www.dataslatitudes.com\/sosuniversal\/sq\/wp-json\/wp\/v2\/pages\/127\/revisions"}],"predecessor-version":[{"id":868,"href":"https:\/\/www.dataslatitudes.com\/sosuniversal\/sq\/wp-json\/wp\/v2\/pages\/127\/revisions\/868"}],"wp:attachment":[{"href":"https:\/\/www.dataslatitudes.com\/sosuniversal\/sq\/wp-json\/wp\/v2\/media?parent=127"}],"curies":[{"name":"wp","href":"https:\/\/api.w.org\/{rel}","templated":true}]}}