{"id":75,"date":"2025-06-11T15:05:57","date_gmt":"2025-06-11T15:05:57","guid":{"rendered":"http:\/\/www.dataslatitudes.com\/sosuniversal\/index.php\/mode-demploi\/"},"modified":"2025-08-14T09:50:55","modified_gmt":"2025-08-14T09:50:55","slug":"politique-confidentialite","status":"publish","type":"page","link":"https:\/\/www.dataslatitudes.com\/sosuniversal\/sl\/politique-confidentialite\/","title":{"rendered":"Zasebnost"},"content":{"rendered":"\r\n<p class=\"has-small-font-size\"><\/p>\r\n\r\n\r\n\r\n<h1 class=\"wp-block-heading has-text-align-center has-medium-font-size\"><strong>POLITIKA ZASEBNOSTI<\/strong><\/h1>\r\n\r\n\r\n\r\n<p style=\"margin-top:0;margin-bottom:0;font-size:1rem\">Namen te politike zasebnosti je pregledno vas obvestiti o tem, kako mobilna aplikacija SOS Universal (v nadaljnjem besedilu &#8220;Aplikacija&#8221;), ki jo je razvil DATASLATITUDES (v nadaljnjem besedilu &#8220;Zalo\u017enik&#8221;), zbira, uporablja in varuje va\u0161e osebne podatke.<\/p>\r\n\r\n\r\n\r\n<p style=\"margin-top:var(--wp--preset--spacing--20);margin-bottom:var(--wp--preset--spacing--20)\">Z uporabo Aplikacije se strinjate s pogoji te politike. \u010ce se s temi pogoji ne strinjate, prosimo, ne uporabljajte Aplikacije.<\/p>\r\n\r\n\r\n\r\n<p><strong>Datum za\u010detka veljavnosti: 28. junij 2025<\/strong><\/p>\r\n\r\n\r\n\r\n<h2 class=\"wp-block-heading has-background\" style=\"background-color:#f9f3eb;margin-top:var(--wp--preset--spacing--30);margin-bottom:var(--wp--preset--spacing--30);padding-top:var(--wp--preset--spacing--30);padding-bottom:var(--wp--preset--spacing--30);font-size:1.2rem\">1. Upravljavec podatkov<\/h2>\r\n\r\n\r\n\r\n<p>Odgovorna oseba za obdelavo va\u0161ih osebnih podatkov je: DATASLATITUDES. <strong>(E-po\u0161ta: privacy.sos_universal@dataslatitudes.com)<\/strong><\/p>\r\n\r\n\r\n\r\n<p class=\"has-small-font-size\"><\/p>\r\n\r\n\r\n\r\n<h2 class=\"wp-block-heading has-background\" style=\"background-color:#f9f3eb;margin-top:var(--wp--preset--spacing--30);margin-bottom:var(--wp--preset--spacing--30);padding-top:var(--wp--preset--spacing--30);padding-bottom:var(--wp--preset--spacing--30);font-size:1.2rem\">2. Zbrani podatki in nameni<\/h2>\r\n\r\n\r\n\r\n<p style=\"margin-top:var(--wp--preset--spacing--30);margin-bottom:var(--wp--preset--spacing--30);padding-top:0;padding-bottom:0\">Aplikacija je zasnovana tako, da zmanj\u0161uje zbiranje osebnih podatkov in prednostno shranjuje podatke lokalno na va\u0161i napravi. Podatki se obdelujejo za naslednje namene:<\/p>\r\n\r\n\r\n\r\n<h3 class=\"wp-block-heading\" style=\"margin-top:var(--wp--preset--spacing--20);margin-bottom:var(--wp--preset--spacing--20);padding-top:0;padding-bottom:0;font-size:1.1rem\">2.1. Podatki, ki jih posredujete neposredno<\/h3>\r\n\r\n\r\n\r\n<ul style=\"margin-top:var(--wp--preset--spacing--20);margin-bottom:var(--wp--preset--spacing--20);padding-top:0;padding-bottom:0\" class=\"wp-block-list\">\r\n<li style=\"margin-top:var(--wp--preset--spacing--20);margin-bottom:var(--wp--preset--spacing--20);padding-top:0;padding-bottom:0\"><strong>Stiki za nujne primere: <\/strong>ustvarite ali uvozite stike (imena in telefonske \u0161tevilke) iz svojega imenika.\r\n<ul class=\"wp-block-list\">\r\n<li><strong>Namen: <\/strong>Ti podatki se uporabljajo izklju\u010dno za po\u0161iljanje opozorilnih SMS sporo\u010dil in ustvarjanje telefonskih klicev na va\u0161e stike za nujne primere.<\/li>\r\n\r\n\r\n\r\n<li><strong>Shramba: <\/strong>ti podatki so shranjeni lokalno na va\u0161i napravi in se ne prena\u0161ajo na na\u0161e stre\u017enike.<\/li>\r\n<\/ul>\r\n<\/li>\r\n\r\n\r\n\r\n<li><strong>Standardna in dodatna sporo\u010dila: <\/strong>besedilo, ki ga napi\u0161ete za SMS opozorila.\r\n<ul class=\"wp-block-list\">\r\n<li><strong>Namen: <\/strong>integrirajte svoje prilagojeno sporo\u010dilo v poslana opozorila.<\/li>\r\n\r\n\r\n\r\n<li><strong>Shramba: <\/strong>lokalno shranjeno na va\u0161i napravi.<\/li>\r\n<\/ul>\r\n<\/li>\r\n\r\n\r\n\r\n<li style=\"padding-top:var(--wp--preset--spacing--20);padding-bottom:var(--wp--preset--spacing--20)\"><strong>Zvo\u010dni posnetki: <\/strong>posnetki, ki jih spro\u017eite.\r\n<ul class=\"wp-block-list\">\r\n<li><strong>Namen: <\/strong>omogo\u010dajo poslu\u0161anje, preimenovanje in brisanje va\u0161ih posnetkov. Kakovostni posnetki lahko slu\u017eijo kot dokaz v primeru vlo\u017eitve prito\u017ebe.<\/li>\r\n\r\n\r\n\r\n<li><strong>Shramba: <\/strong>Lokalno shranjeno v mapi za prenose na va\u0161em pametnem telefonu. Sami ste odgovorni za upravljanje in brisanje teh datotek.<\/li>\r\n<\/ul>\r\n<\/li>\r\n<\/ul>\r\n\r\n\r\n\r\n<p class=\"has-small-font-size\"><\/p>\r\n\r\n\r\n\r\n<h3 class=\"wp-block-heading\" style=\"margin-top:var(--wp--preset--spacing--20);margin-bottom:var(--wp--preset--spacing--20);padding-top:0;padding-bottom:0;font-size:1.1rem\"><strong>2.2. Samodejno zbrani podatki<\/strong><\/h3>\r\n\r\n\r\n\r\n<ul style=\"margin-top:var(--wp--preset--spacing--20);margin-bottom:var(--wp--preset--spacing--20);padding-top:0;padding-bottom:0\" class=\"wp-block-list\">\r\n<li style=\"margin-top:var(--wp--preset--spacing--20);margin-bottom:var(--wp--preset--spacing--20);padding-top:0;padding-bottom:0\"><strong>Geolokacijski podatki: <\/strong>Aplikacija dostopa do lokacije va\u0161e naprave (GPS ali Wi-Fi) samo, ko aktivirate funkcijo po\u0161iljanja va\u0161e lokacije v sporo\u010dilu opozorila.\r\n<ul class=\"wp-block-list\">\r\n<li><strong>Namen: <\/strong>posredovanje va\u0161e geografske lokacije (koordinate in naslov) va\u0161im stikom za nujne primere ob opozorilu.<\/li>\r\n\r\n\r\n\r\n<li><strong>Shramba: <\/strong>ti podatki niso shranjeni ali jih izdajatelj hrani. Uporabljajo se v realnem \u010dasu za ustvarjanje povezave GoogleMaps (ali OpenStreetMap) in naslova, nato pa so vklju\u010deni v SMS, poslan preko va\u0161ega telekomunikacijskega operaterja<\/li>\r\n<\/ul>\r\n<\/li>\r\n\r\n\r\n\r\n<li><strong>Zgodovina opozoril: <\/strong>datum, \u010das, na\u010din, prejemnik in vsebina zadnjih 50 poslanih opozoril.\r\n<ul class=\"wp-block-list\">\r\n<li><strong>Namen: <\/strong>omogo\u010da pregledovanje zgodovine va\u0161ih opozoril za namene spremljanja in upravljanja.<\/li>\r\n\r\n\r\n\r\n<li><strong>Shramba: <\/strong>lokalno shranjeno na va\u0161i napravi.<\/li>\r\n<\/ul>\r\n<\/li>\r\n\r\n\r\n\r\n<li style=\"padding-top:var(--wp--preset--spacing--20);padding-bottom:var(--wp--preset--spacing--20)\"><strong>Dovoljenja za dostop: <\/strong>Aplikacija zahteva dostop do va\u0161ih stikov, geolokacije, mikrofona, snemanja zvoka, shranjevanja, obvestil ter funkcij SMS\/telefon.\r\n<ul class=\"wp-block-list\">\r\n<li><strong>Namen: <\/strong>ta dovoljenja so nujno potrebna za pravilno delovanje aplikacije in izvajanje njenih funkcij.<\/li>\r\n<\/ul>\r\n<\/li>\r\n<\/ul>\r\n\r\n\r\n\r\n<p class=\"has-small-font-size\"><\/p>\r\n\r\n\r\n\r\n<h2 class=\"wp-block-heading has-background\" style=\"background-color:#f9f3eb;margin-top:var(--wp--preset--spacing--30);margin-bottom:var(--wp--preset--spacing--30);padding-top:var(--wp--preset--spacing--30);padding-bottom:var(--wp--preset--spacing--30);font-size:1.2rem\">3. Deljenje podatkov<\/h2>\r\n\r\n\r\n\r\n<p style=\"margin-top:var(--wp--preset--spacing--30);margin-bottom:var(--wp--preset--spacing--30);padding-top:0;padding-bottom:0\">Zalo\u017enik ne deli, ne prodaja in ne oddaja va\u0161ih osebnih podatkov tretjim osebam, niti komercialno niti brezpla\u010dno. Edini subjekti, ki prejmejo va\u0161e podatke, so:<\/p>\r\n\r\n\r\n\r\n<ul style=\"margin-top:var(--wp--preset--spacing--20);margin-bottom:var(--wp--preset--spacing--20)\" class=\"wp-block-list\">\r\n<li><strong>Va\u0161i stiki za nujne primere: <\/strong>izberete jim po\u0161iljanje informacij (sporo\u010dilo, lokacija) prek storitev va\u0161ega mobilnega operaterja (SMS\/klici).<\/li>\r\n\r\n\r\n\r\n<li><strong>Google Maps: <\/strong>Aplikacija uporablja Google storitev kartiranja za ustvarjanje povezave do va\u0161e lokacije. Uporaba te povezave je predmet Googlovih pogojev uporabe in politike zasebnosti.\r<\/li>\r\n\r\n\r\n\r\n<li><strong>OpenStreetMap: <\/strong>Aplikacija lahko uporablja tudi kartografsko storitev OpenStreetMap za ustvarjanje povezave do va\u0161e lokacije. Uporaba te povezave je predmet pogojev uporabe in politike zasebnosti OpenStreetMap.<\/li>\r\n<\/ul>\r\n\r\n\r\n\r\n<p class=\"has-small-font-size\"><\/p>\r\n\r\n\r\n\r\n<h2 class=\"wp-block-heading has-background\" style=\"background-color:#f9f3eb;margin-top:var(--wp--preset--spacing--30);margin-bottom:var(--wp--preset--spacing--30);padding-top:var(--wp--preset--spacing--30);padding-bottom:var(--wp--preset--spacing--30);font-size:1.2rem\">4. Va\u0161e pravice (skladnost z GDPR)<\/h2>\r\n\r\n\r\n\r\n<p style=\"margin-top:var(--wp--preset--spacing--30);margin-bottom:var(--wp--preset--spacing--30);padding-top:0;padding-bottom:0\">Kot uporabnik imate naslednje pravice glede svojih osebnih podatkov:<\/p>\r\n\r\n\r\n\r\n<ul style=\"margin-top:var(--wp--preset--spacing--20);margin-bottom:var(--wp--preset--spacing--20)\" class=\"wp-block-list\">\r\n<li><strong>Pravica do dostopa: <\/strong>do podatkov, shranjenih na va\u0161i napravi, lahko kadar koli dostopate prek aplikacije.<\/li>\r\n\r\n\r\n\r\n<li><strong>Pravica do popravka: <\/strong>svoje stike in nastavitve lahko spreminjate ali popravljate neposredno v aplikaciji.<\/li>\r\n\r\n\r\n\r\n<li><strong>Pravica do izbrisa (\u201epravica do pozabe\u201c): <\/strong>podatke o svojih stikih in zvo\u010dne posnetke lahko kadar koli izbri\u0161ete. Izbris aplikacije izbri\u0161e vse lokalno shranjene podatke.<\/li>\r\n\r\n\r\n\r\n<li><strong>Pravica do omejitve obdelave: <\/strong>lahko za\u010dasno onemogo\u010dite stike ali funkcije (kot je lokacija), da omejite obdelavo svojih podatkov.<\/li>\r\n\r\n\r\n\r\n<li><strong>Pravica do ugovora: <\/strong>obdelavi lahko nasprotujete tako, da prenehate uporabljati aplikacijo in jo odstranite.<\/li>\r\n<\/ul>\r\n\r\n\r\n\r\n<p class=\"has-small-font-size\"><\/p>\r\n\r\n\r\n\r\n<h2 class=\"wp-block-heading has-background\" style=\"background-color:#f9f3eb;margin-top:var(--wp--preset--spacing--30);margin-bottom:var(--wp--preset--spacing--30);padding-top:var(--wp--preset--spacing--30);padding-bottom:var(--wp--preset--spacing--30);font-size:1.2rem\">5. Spremembe Politike zasebnosti<\/h2>\r\n\r\n\r\n\r\n<p style=\"margin-top:var(--wp--preset--spacing--30);margin-bottom:var(--wp--preset--spacing--30);padding-top:0;padding-bottom:0\">Zalo\u017enik si pridr\u017euje pravico do spremembe te Politike zasebnosti kadar koli. Va\u0161a nadaljnja uporaba storitve po objavi sprememb pomeni sprejem novih pogojev.<\/p>\r\n\r\n\r\n\r\n<p class=\"has-small-font-size\"><\/p>\r\n\r\n\r\n\r\n<h2 class=\"wp-block-heading has-background\" style=\"background-color:#f9f3eb;margin-top:var(--wp--preset--spacing--30);margin-bottom:var(--wp--preset--spacing--30);padding-top:var(--wp--preset--spacing--30);padding-bottom:var(--wp--preset--spacing--30);font-size:1.2rem\">6. Kontaktirajte nas<\/h2>\r\n\r\n\r\n\r\n<p style=\"margin-top:var(--wp--preset--spacing--30);margin-bottom:var(--wp--preset--spacing--30);padding-top:0;padding-bottom:0\">\u010ce imate vpra\u0161anja ali pomisleke glede te politike zasebnosti ali upravljanja va\u0161ih podatkov, nas lahko kontaktirate na naslednji e-po\u0161tni naslov: <br><strong>privacy.sos_universal@dataslatitudes.com<\/strong><\/p>\r\n\r\n\r\n\r\n<p class=\"has-medium-font-size\"><\/p>\r\n\r\n\r\n\r\n<p class=\"has-medium-font-size\"><\/p>\r\n","protected":false},"excerpt":{"rendered":"<p>POLITIKA ZASEBNOSTI Namen te politike zasebnosti je pregledno vas obvestiti o tem, kako mobilna aplikacija SOS Universal (v nadaljnjem besedilu [&hellip;]<\/p>\n","protected":false},"author":1,"featured_media":0,"parent":0,"menu_order":4,"comment_status":"closed","ping_status":"closed","template":"","meta":{"site-sidebar-layout":"default","site-content-layout":"","ast-site-content-layout":"default","site-content-style":"default","site-sidebar-style":"default","ast-global-header-display":"","ast-banner-title-visibility":"","ast-main-header-display":"","ast-hfb-above-header-display":"","ast-hfb-below-header-display":"","ast-hfb-mobile-header-display":"","site-post-title":"disabled","ast-breadcrumbs-content":"","ast-featured-img":"","footer-sml-layout":"","theme-transparent-header-meta":"","adv-header-id-meta":"","stick-header-meta":"","header-above-stick-meta":"","header-main-stick-meta":"","header-below-stick-meta":"","astra-migrate-meta-layouts":"default","ast-page-background-enabled":"default","ast-page-background-meta":{"desktop":{"background-color":"var(--ast-global-color-5)","background-image":"","background-repeat":"repeat","background-position":"center center","background-size":"auto","background-attachment":"scroll","background-type":"","background-media":"","overlay-type":"","overlay-color":"","overlay-opacity":"","overlay-gradient":""},"tablet":{"background-color":"","background-image":"","background-repeat":"repeat","background-position":"center center","background-size":"auto","background-attachment":"scroll","background-type":"","background-media":"","overlay-type":"","overlay-color":"","overlay-opacity":"","overlay-gradient":""},"mobile":{"background-color":"","background-image":"","background-repeat":"repeat","background-position":"center center","background-size":"auto","background-attachment":"scroll","background-type":"","background-media":"","overlay-type":"","overlay-color":"","overlay-opacity":"","overlay-gradient":""}},"ast-content-background-meta":{"desktop":{"background-color":"var(--ast-global-color-4)","background-image":"","background-repeat":"repeat","background-position":"center center","background-size":"auto","background-attachment":"scroll","background-type":"","background-media":"","overlay-type":"","overlay-color":"","overlay-opacity":"","overlay-gradient":""},"tablet":{"background-color":"var(--ast-global-color-4)","background-image":"","background-repeat":"repeat","background-position":"center center","background-size":"auto","background-attachment":"scroll","background-type":"","background-media":"","overlay-type":"","overlay-color":"","overlay-opacity":"","overlay-gradient":""},"mobile":{"background-color":"var(--ast-global-color-4)","background-image":"","background-repeat":"repeat","background-position":"center center","background-size":"auto","background-attachment":"scroll","background-type":"","background-media":"","overlay-type":"","overlay-color":"","overlay-opacity":"","overlay-gradient":""}},"footnotes":""},"class_list":["post-75","page","type-page","status-publish","hentry"],"yoast_head":"<!-- This site is optimized with the Yoast SEO plugin v25.6 - https:\/\/yoast.com\/wordpress\/plugins\/seo\/ -->\n<title>Zasebnost<\/title>\n<meta name=\"description\" content=\"Namen te politike zasebnosti je pregledno vas obvestiti o tem, kako mobilna aplikacija SOS Universal, ki jo je razvil DATASLATITUDES, zbira, uporablja in varuje va\u0161e osebne podatke. Razkriva odgovornega za obdelavo podatkov, zbrane podatke in namene, delitev podatkov, va\u0161e pravice (skladnost z GDPR) in pogoje za spremembe politike zasebnosti.\" \/>\n<meta name=\"robots\" content=\"index, follow, max-snippet:-1, max-image-preview:large, max-video-preview:-1\" \/>\n<link rel=\"canonical\" href=\"http:\/\/POLITIKA%20ZASEBNOSTI%20Namen%20te%20politike%20zasebnosti%20je%20pregledno%20vas%20obvestiti%20o%20tem,%20kako%20mobilna%20aplikacija%20SOS%20Universal%20(v%20nadaljnjem%20besedilu%20Aplikacija),%20ki%20jo%20je%20razvil%20DATASLATITUDES%20(v%20nadaljnjem%20besedilu%20Zalo\u017enik),%20zbira,%20uporablja%20in%20varuje%20va\u0161e%20osebne%20podatke.%20Z%20uporabo%20Aplikacije%20se%20strinjate%20s%20pogoji%20te%20politike.%20\u010ce%20se%20s%20temi%20pogoji%20ne%20strinjate,%20prosimo,%20ne&hellip;\" \/>\n<meta property=\"og:locale\" content=\"sl_SI\" \/>\n<meta property=\"og:type\" content=\"article\" \/>\n<meta property=\"og:title\" content=\"Zasebnost\" \/>\n<meta property=\"og:description\" content=\"Namen te politike zasebnosti je pregledno vas obvestiti o tem, kako mobilna aplikacija SOS Universal, ki jo je razvil DATASLATITUDES, zbira, uporablja in varuje va\u0161e osebne podatke. Razkriva odgovornega za obdelavo podatkov, zbrane podatke in namene, delitev podatkov, va\u0161e pravice (skladnost z GDPR) in pogoje za spremembe politike zasebnosti.\" \/>\n<meta property=\"og:url\" content=\"https:\/\/www.dataslatitudes.com\/sosuniversal\/sl\/politique-confidentialite\/\" \/>\n<meta property=\"og:site_name\" content=\"SOS Universal\" \/>\n<meta property=\"article:modified_time\" content=\"2025-08-14T09:50:55+00:00\" \/>\n<meta name=\"twitter:card\" content=\"summary_large_image\" \/>\n<meta name=\"twitter:label1\" content=\"Est. reading time\" \/>\n\t<meta name=\"twitter:data1\" content=\"4 minute\" \/>\n<script type=\"application\/ld+json\" class=\"yoast-schema-graph\">{\"@context\":\"https:\/\/schema.org\",\"@graph\":[{\"@type\":\"WebPage\",\"@id\":\"https:\/\/www.dataslatitudes.com\/sosuniversal\/sl\/politique-confidentialite\/\",\"url\":\"https:\/\/www.dataslatitudes.com\/sosuniversal\/sl\/politique-confidentialite\/\",\"name\":\"Confidentialit\u00e9 - SOS Universal\",\"isPartOf\":{\"@id\":\"https:\/\/www.dataslatitudes.com\/sosuniversal\/#website\"},\"datePublished\":\"2025-06-11T15:05:57+00:00\",\"dateModified\":\"2025-08-14T09:50:55+00:00\",\"description\":\"La pr\u00e9sente Politique de Confidentialit\u00e9 a pour objectif de vous informer de mani\u00e8re transparente sur la mani\u00e8re dont l'application mobile SOS Universal, d\u00e9velopp\u00e9e par DATASLATITUDES, collecte, utilise et prot\u00e8ge vos donn\u00e9es personnelles. On y expose le responsable du traitement des donn\u00e9es, les donn\u00e9es collect\u00e9es et les finalit\u00e9s, le partage des donn\u00e9es, vos droits (conformit\u00e9 RGPD) et les conditions de modifications de la Politique de Confidentialit\u00e9.\",\"breadcrumb\":{\"@id\":\"https:\/\/www.dataslatitudes.com\/sosuniversal\/sl\/politique-confidentialite\/#breadcrumb\"},\"inLanguage\":\"sl-SI\",\"potentialAction\":[{\"@type\":\"ReadAction\",\"target\":[\"https:\/\/www.dataslatitudes.com\/sosuniversal\/sl\/politique-confidentialite\/\"]}]},{\"@type\":\"BreadcrumbList\",\"@id\":\"https:\/\/www.dataslatitudes.com\/sosuniversal\/sl\/politique-confidentialite\/#breadcrumb\",\"itemListElement\":[{\"@type\":\"ListItem\",\"position\":1,\"name\":\"Predstavitev\",\"item\":\"https:\/\/www.dataslatitudes.com\/sosuniversal\/fr\/\"},{\"@type\":\"ListItem\",\"position\":2,\"name\":\"Zasebnost\"}]},{\"@type\":\"WebSite\",\"@id\":\"https:\/\/www.dataslatitudes.com\/sosuniversal\/sl\/#website\",\"url\":\"https:\/\/www.dataslatitudes.com\/sosuniversal\/sl\/\",\"name\":\"SOS Universal\",\"description\":\"\",\"publisher\":{\"@id\":\"https:\/\/www.dataslatitudes.com\/sosuniversal\/sl\/#organization\"},\"potentialAction\":[{\"@type\":\"SearchAction\",\"target\":{\"@type\":\"EntryPoint\",\"urlTemplate\":\"https:\/\/www.dataslatitudes.com\/sosuniversal\/sl\/?s={search_term_string}\"},\"query-input\":{\"@type\":\"PropertyValueSpecification\",\"valueRequired\":true,\"valueName\":\"search_term_string\"}}],\"inLanguage\":\"sl-SI\"},{\"@type\":\"Organization\",\"@id\":\"https:\/\/www.dataslatitudes.com\/sosuniversal\/sl\/#organization\",\"name\":\"DATASLATITUDES\",\"url\":\"https:\/\/www.dataslatitudes.com\/sosuniversal\/sl\/\",\"logo\":{\"@type\":\"ImageObject\",\"inLanguage\":\"sl-SI\",\"@id\":\"https:\/\/www.dataslatitudes.com\/sosuniversal\/sl\/#\/schema\/logo\/image\/\",\"url\":\"https:\/\/www.dataslatitudes.com\/sosuniversal\/wp-content\/uploads\/2025\/07\/logo_mrdv.png\",\"contentUrl\":\"https:\/\/www.dataslatitudes.com\/sosuniversal\/wp-content\/uploads\/2025\/07\/logo_mrdv.png\",\"width\":72,\"height\":72,\"caption\":\"DATASLATITUDES\"},\"image\":{\"@id\":\"https:\/\/www.dataslatitudes.com\/sosuniversal\/sl\/#\/schema\/logo\/image\/\"}}]}<\/script>\n<!-- \/ Yoast SEO plugin. -->","yoast_head_json":{"title":"Zasebnost","description":"Namen te politike zasebnosti je pregledno vas obvestiti o tem, kako mobilna aplikacija SOS Universal, ki jo je razvil DATASLATITUDES, zbira, uporablja in varuje va\u0161e osebne podatke. Razkriva odgovornega za obdelavo podatkov, zbrane podatke in namene, delitev podatkov, va\u0161e pravice (skladnost z GDPR) in pogoje za spremembe politike zasebnosti.","robots":{"index":"index","follow":"follow","max-snippet":"max-snippet:-1","max-image-preview":"max-image-preview:large","max-video-preview":"max-video-preview:-1"},"canonical":"POLITIKA ZASEBNOSTI Namen te politike zasebnosti je pregledno vas obvestiti o tem, kako mobilna aplikacija SOS Universal (v nadaljnjem besedilu \"Aplikacija\"), ki jo je razvil DATASLATITUDES (v nadaljnjem besedilu \"Zalo\u017enik\"), zbira, uporablja in varuje va\u0161e osebne podatke. Z uporabo Aplikacije se strinjate s pogoji te politike. \u010ce se s temi pogoji ne strinjate, prosimo, ne&hellip;","og_locale":"sl_SI","og_type":"article","og_title":"Zasebnost","og_description":"Namen te politike zasebnosti je pregledno vas obvestiti o tem, kako mobilna aplikacija SOS Universal, ki jo je razvil DATASLATITUDES, zbira, uporablja in varuje va\u0161e osebne podatke. Razkriva odgovornega za obdelavo podatkov, zbrane podatke in namene, delitev podatkov, va\u0161e pravice (skladnost z GDPR) in pogoje za spremembe politike zasebnosti.","og_url":"https:\/\/www.dataslatitudes.com\/sosuniversal\/sl\/politique-confidentialite\/","og_site_name":"SOS Universal","article_modified_time":"2025-08-14T09:50:55+00:00","twitter_card":"summary_large_image","twitter_misc":{"Est. reading time":"4 minute"},"schema":{"@context":"https:\/\/schema.org","@graph":[{"@type":"WebPage","@id":"https:\/\/www.dataslatitudes.com\/sosuniversal\/sl\/politique-confidentialite\/","url":"https:\/\/www.dataslatitudes.com\/sosuniversal\/sl\/politique-confidentialite\/","name":"Confidentialit\u00e9 - SOS Universal","isPartOf":{"@id":"https:\/\/www.dataslatitudes.com\/sosuniversal\/#website"},"datePublished":"2025-06-11T15:05:57+00:00","dateModified":"2025-08-14T09:50:55+00:00","description":"La pr\u00e9sente Politique de Confidentialit\u00e9 a pour objectif de vous informer de mani\u00e8re transparente sur la mani\u00e8re dont l'application mobile SOS Universal, d\u00e9velopp\u00e9e par DATASLATITUDES, collecte, utilise et prot\u00e8ge vos donn\u00e9es personnelles. On y expose le responsable du traitement des donn\u00e9es, les donn\u00e9es collect\u00e9es et les finalit\u00e9s, le partage des donn\u00e9es, vos droits (conformit\u00e9 RGPD) et les conditions de modifications de la Politique de Confidentialit\u00e9.","breadcrumb":{"@id":"https:\/\/www.dataslatitudes.com\/sosuniversal\/sl\/politique-confidentialite\/#breadcrumb"},"inLanguage":"sl-SI","potentialAction":[{"@type":"ReadAction","target":["https:\/\/www.dataslatitudes.com\/sosuniversal\/sl\/politique-confidentialite\/"]}]},{"@type":"BreadcrumbList","@id":"https:\/\/www.dataslatitudes.com\/sosuniversal\/sl\/politique-confidentialite\/#breadcrumb","itemListElement":[{"@type":"ListItem","position":1,"name":"Predstavitev","item":"https:\/\/www.dataslatitudes.com\/sosuniversal\/fr\/"},{"@type":"ListItem","position":2,"name":"Zasebnost"}]},{"@type":"WebSite","@id":"https:\/\/www.dataslatitudes.com\/sosuniversal\/sl\/#website","url":"https:\/\/www.dataslatitudes.com\/sosuniversal\/sl\/","name":"SOS Universal","description":"","publisher":{"@id":"https:\/\/www.dataslatitudes.com\/sosuniversal\/sl\/#organization"},"potentialAction":[{"@type":"SearchAction","target":{"@type":"EntryPoint","urlTemplate":"https:\/\/www.dataslatitudes.com\/sosuniversal\/sl\/?s={search_term_string}"},"query-input":{"@type":"PropertyValueSpecification","valueRequired":true,"valueName":"search_term_string"}}],"inLanguage":"sl-SI"},{"@type":"Organization","@id":"https:\/\/www.dataslatitudes.com\/sosuniversal\/sl\/#organization","name":"DATASLATITUDES","url":"https:\/\/www.dataslatitudes.com\/sosuniversal\/sl\/","logo":{"@type":"ImageObject","inLanguage":"sl-SI","@id":"https:\/\/www.dataslatitudes.com\/sosuniversal\/sl\/#\/schema\/logo\/image\/","url":"https:\/\/www.dataslatitudes.com\/sosuniversal\/wp-content\/uploads\/2025\/07\/logo_mrdv.png","contentUrl":"https:\/\/www.dataslatitudes.com\/sosuniversal\/wp-content\/uploads\/2025\/07\/logo_mrdv.png","width":72,"height":72,"caption":"DATASLATITUDES"},"image":{"@id":"https:\/\/www.dataslatitudes.com\/sosuniversal\/sl\/#\/schema\/logo\/image\/"}}]}},"_links":{"self":[{"href":"https:\/\/www.dataslatitudes.com\/sosuniversal\/sl\/wp-json\/wp\/v2\/pages\/75","targetHints":{"allow":["GET"]}}],"collection":[{"href":"https:\/\/www.dataslatitudes.com\/sosuniversal\/sl\/wp-json\/wp\/v2\/pages"}],"about":[{"href":"https:\/\/www.dataslatitudes.com\/sosuniversal\/sl\/wp-json\/wp\/v2\/types\/page"}],"author":[{"embeddable":true,"href":"https:\/\/www.dataslatitudes.com\/sosuniversal\/sl\/wp-json\/wp\/v2\/users\/1"}],"replies":[{"embeddable":true,"href":"https:\/\/www.dataslatitudes.com\/sosuniversal\/sl\/wp-json\/wp\/v2\/comments?post=75"}],"version-history":[{"count":30,"href":"https:\/\/www.dataslatitudes.com\/sosuniversal\/sl\/wp-json\/wp\/v2\/pages\/75\/revisions"}],"predecessor-version":[{"id":2927,"href":"https:\/\/www.dataslatitudes.com\/sosuniversal\/sl\/wp-json\/wp\/v2\/pages\/75\/revisions\/2927"}],"wp:attachment":[{"href":"https:\/\/www.dataslatitudes.com\/sosuniversal\/sl\/wp-json\/wp\/v2\/media?parent=75"}],"curies":[{"name":"wp","href":"https:\/\/api.w.org\/{rel}","templated":true}]}}