{"id":14,"date":"2025-06-10T17:50:33","date_gmt":"2025-06-10T17:50:33","guid":{"rendered":"https:\/\/www.dataslatitudes.com\/sosuniversal\/?page_id=14"},"modified":"2025-07-21T15:55:15","modified_gmt":"2025-07-21T15:55:15","slug":"ecran-principal","status":"publish","type":"page","link":"https:\/\/www.dataslatitudes.com\/sosuniversal\/sl\/ecran-principal\/","title":{"rendered":"Glavni zaslon"},"content":{"rendered":"\r\n<p class=\"has-small-font-size\"><\/p>\r\n\r\n\r\n\r\n<h1 class=\"wp-block-heading has-text-align-center has-medium-font-size\"><strong>NAVODILA ZA UPORABO<\/strong><\/h1>\r\n\r\n\r\n\r\n<h2 class=\"wp-block-heading has-background\" style=\"background-color:#f9f3eb;padding-top:var(--wp--preset--spacing--20);padding-bottom:var(--wp--preset--spacing--20);font-size:1.2rem\">Zagon aplikacije<\/h2>\r\n\r\n\r\n\r\n<ol style=\"margin-top:0;margin-bottom:0;padding-top:0;padding-bottom:0\" class=\"wp-block-list\">\r\n<li style=\"margin-top:var(--wp--preset--spacing--40);margin-bottom:var(--wp--preset--spacing--40);font-size:1rem\">SOS Universal se lahko klasi\u010dno za\u017eene s klikom na ikono aplikacije.<\/li>\r\n\r\n\r\n\r\n<li style=\"margin-top:0;margin-bottom:0;padding-top:0;padding-bottom:0\">Mo\u017eno je tudi namestiti in uporabljati enega od dveh pripomo\u010dkov aplikacije, zasnovanih za SOS Universal.<br>Odvisno od razli\u010dice Androida sta na voljo dva na\u010dina namestitve: bodisi z dolgim pritiskom na prazno mesto na zaslonu pametnega telefona (na primer na za\u010detnem zaslonu) bodisi z dolgim pritiskom na ikono aplikacije. Nato izberete &#8220;Widgets&#8221; in nato aplikacijo SOS Universal.<\/li>\r\n<\/ol>\r\n\r\n\r\n\r\n<p class=\"has-small-font-size\"><\/p>\r\n\r\n\r\n\r\n<div class=\"wp-block-columns is-layout-flex wp-container-core-columns-is-layout-7d874bf9 wp-block-columns-is-layout-flex\" style=\"margin-top:0;margin-bottom:0;padding-top:0;padding-bottom:0\">\r\n<div class=\"wp-block-column is-layout-flow wp-block-column-is-layout-flow\" style=\"flex-basis:20%\">\r\n<figure class=\"wp-block-image aligncenter size-full is-resized\" style=\"margin-top:0;margin-bottom:0\"><img fetchpriority=\"high\" decoding=\"async\" width=\"1080\" height=\"2400\" src=\"http:\/\/www.dataslatitudes.com\/sosuniversal\/wp-content\/uploads\/2025\/07\/choix_appwidget.webp\" alt=\"SOS Universal - izbira pripomo\u010dka aplikacije\" class=\"wp-image-712\" style=\"width:190px\" srcset=\"https:\/\/www.dataslatitudes.com\/sosuniversal\/wp-content\/uploads\/2025\/07\/choix_appwidget.webp 1080w, https:\/\/www.dataslatitudes.com\/sosuniversal\/wp-content\/uploads\/2025\/07\/choix_appwidget-135x300.webp 135w, https:\/\/www.dataslatitudes.com\/sosuniversal\/wp-content\/uploads\/2025\/07\/choix_appwidget-461x1024.webp 461w, https:\/\/www.dataslatitudes.com\/sosuniversal\/wp-content\/uploads\/2025\/07\/choix_appwidget-768x1707.webp 768w, https:\/\/www.dataslatitudes.com\/sosuniversal\/wp-content\/uploads\/2025\/07\/choix_appwidget-691x1536.webp 691w, https:\/\/www.dataslatitudes.com\/sosuniversal\/wp-content\/uploads\/2025\/07\/choix_appwidget-922x2048.webp 922w\" sizes=\"(max-width: 1080px) 100vw, 1080px\" \/><\/figure>\r\n\r\n\r\n\r\n<p class=\"has-text-align-center\" style=\"margin-top:0;margin-bottom:0\">Izbira enega od dveh pripomo\u010dkov aplikacije<\/p>\r\n<\/div>\r\n\r\n\r\n\r\n<div class=\"wp-block-column is-layout-flow wp-block-column-is-layout-flow\" style=\"flex-basis:40%\">\r\n<p style=\"margin-top:0;margin-bottom:0\">Ponujata se vam dva pripomo\u010dka aplikacije:<br>&#8211; prvi (ozna\u010den) prikazuje logotip SOS Universal.<br>&#8211; drugi (anonimen) ne vklju\u010duje nobene blagovne znamke: namenjen je diskretnemu delovanju.<\/p>\r\n\r\n\r\n\r\n<p style=\"margin-top:var(--wp--preset--spacing--30);margin-bottom:var(--wp--preset--spacing--30)\">Izberite enega od dveh in nadaljujte z dodajanjem.<\/p>\r\n\r\n\r\n\r\n<p style=\"margin-top:var(--wp--preset--spacing--30);margin-bottom:var(--wp--preset--spacing--30)\">Pripomo\u010dek aplikacije se nato prika\u017ee v obliki, ki vam omogo\u010da, da ga dimenzionirate.<\/p>\r\n\r\n\r\n\r\n<p style=\"margin-top:var(--wp--preset--spacing--30);margin-bottom:var(--wp--preset--spacing--30)\">Pripomo\u010dek deluje kot gumb za zagon.<\/p>\r\n\r\n\r\n\r\n<p style=\"margin-top:var(--wp--preset--spacing--30);margin-bottom:var(--wp--preset--spacing--30)\"><strong>Opomba: <\/strong>\u010de je bila spro\u017eitev alarma SOS Universal nastavljena z mo\u017enostjo &#8220;Samodejno spro\u017eitev prek pripomo\u010dka aplikacije&#8221;, pripomo\u010dek nato omogo\u010da odpiranje aplikacije in, poleg tega, spro\u017eitev alarma z vsebino in na\u010dinom, ki ste ga dolo\u010dili.<br>Glej: <a href=\"https:\/\/www.dataslatitudes.com\/sosuniversal\/sl\/index.php\/mode-emploi\/mode-emploi-parametre\/\">Nastavitve<\/a>.<\/p>\r\n<\/div>\r\n\r\n\r\n\r\n<div class=\"wp-block-column is-layout-flow wp-block-column-is-layout-flow\" style=\"flex-basis:20%\">\r\n<figure class=\"wp-block-image aligncenter size-large is-resized\" style=\"margin-top:0;margin-bottom:0\"><img decoding=\"async\" src=\"http:\/\/www.dataslatitudes.com\/sosuniversal\/wp-content\/uploads\/2025\/07\/exemple_app_widget_normal-461x1024.webp\" alt=\"SOS Universal - glavni pripomo\u010dek aplikacije\" class=\"wp-image-709\" style=\"width:190px\"\/><\/figure>\r\n\r\n\r\n\r\n<p class=\"has-text-align-center\" style=\"margin-top:0;margin-bottom:0\">Prvi pripomo\u010dek<\/p>\r\n<\/div>\r\n\r\n\r\n\r\n<div class=\"wp-block-column is-layout-flow wp-block-column-is-layout-flow\" style=\"flex-basis:20%\">\r\n<figure class=\"wp-block-image aligncenter size-large is-resized\" style=\"margin-top:0;margin-bottom:0\"><img decoding=\"async\" width=\"461\" height=\"1024\" src=\"http:\/\/www.dataslatitudes.com\/sosuniversal\/wp-content\/uploads\/2025\/07\/exemple_app_widget_blanc-461x1024.webp\" alt=\"SOS Universal - sekundarni pripomo\u010dek aplikacije\" class=\"wp-image-708\" style=\"width:190px\" srcset=\"https:\/\/www.dataslatitudes.com\/sosuniversal\/wp-content\/uploads\/2025\/07\/exemple_app_widget_blanc-461x1024.webp 461w, https:\/\/www.dataslatitudes.com\/sosuniversal\/wp-content\/uploads\/2025\/07\/exemple_app_widget_blanc-135x300.webp 135w, https:\/\/www.dataslatitudes.com\/sosuniversal\/wp-content\/uploads\/2025\/07\/exemple_app_widget_blanc-768x1707.webp 768w, https:\/\/www.dataslatitudes.com\/sosuniversal\/wp-content\/uploads\/2025\/07\/exemple_app_widget_blanc-691x1536.webp 691w, https:\/\/www.dataslatitudes.com\/sosuniversal\/wp-content\/uploads\/2025\/07\/exemple_app_widget_blanc-922x2048.webp 922w, https:\/\/www.dataslatitudes.com\/sosuniversal\/wp-content\/uploads\/2025\/07\/exemple_app_widget_blanc.webp 1080w\" sizes=\"(max-width: 461px) 100vw, 461px\" \/><\/figure>\r\n\r\n\r\n\r\n<p class=\"has-text-align-center\" style=\"margin-top:0;margin-bottom:0\">Drugi pripomo\u010dek<\/p>\r\n<\/div>\r\n<\/div>\r\n\r\n\r\n\r\n<p class=\"has-medium-font-size\" style=\"margin-top:var(--wp--preset--spacing--20);margin-bottom:var(--wp--preset--spacing--20)\"><\/p>\r\n\r\n\r\n\r\n<p>V primeru posodobitve aplikacije, odvisno od razli\u010dice Androida ali va\u0161e naprave, je mo\u017eno, da bo pripomo\u010dek aplikacije za nadaljnje delovanje zahteval eno od naslednjih dveh dejanj:<br>&#8211; ponovni zagon va\u0161e naprave<br>&#8211; ali izbris (z dolgim pritiskom) in ponovna namestitev pripomo\u010dka aplikacije.<\/p>\r\n\r\n\r\n\r\n<p class=\"has-small-font-size\"><\/p>\r\n\r\n\r\n\r\n<h2 class=\"wp-block-heading has-background\" style=\"background-color:#f9f3eb;padding-top:var(--wp--preset--spacing--20);padding-bottom:var(--wp--preset--spacing--20);font-size:1.2rem\">Glavni zaslon<\/h2>\r\n\r\n\r\n\r\n<div class=\"wp-block-columns is-layout-flex wp-container-core-columns-is-layout-a5331a9e wp-block-columns-is-layout-flex\" style=\"padding-top:0;padding-right:0;padding-bottom:0;padding-left:0\">\r\n<div class=\"wp-block-column is-layout-flow wp-block-column-is-layout-flow\" style=\"flex-basis:33.33%\">\r\n<figure class=\"wp-block-image aligncenter size-large is-resized\"><img decoding=\"async\" src=\"http:\/\/www.dataslatitudes.com\/sosuniversal\/wp-content\/uploads\/sl_accueil_puce-459x1024.webp\" alt=\"SOS Universal - glavni zaslon\" class=\"wp-image-216\" style=\"width:305px;height:auto\"\/><\/figure>\r\n<\/div>\r\n\r\n\r\n\r\n<div class=\"wp-block-column is-vertically-aligned-center is-layout-flow wp-block-column-is-layout-flow\" style=\"flex-basis:66.66%\">\r\n<div class=\"wp-block-columns is-layout-flex wp-container-core-columns-is-layout-28f84493 wp-block-columns-is-layout-flex\">\r\n<div class=\"wp-block-column is-vertically-aligned-center is-layout-flow wp-block-column-is-layout-flow\" style=\"flex-basis:70%\">\r\n<p style=\"font-size:1rem\">(1) Dostop do splo\u0161nega menija<br>(2) Piktogrami, ki povzemajo vsebino opozorila (v primeru: telefonski klic, po\u0161iljanje SMS-a z geografsko lokacijo in naslovom, zvo\u010dni posnetek in zvo\u010dni alarm)<br>(3) Navedba izbranega na\u010dina opozarjanja (takoj\u0161nji, zakasnjen ali ponavljajo\u010di se)<br>(4) Glavni gumb za spro\u017eitev opozorila<br>(5) Gumb za preklic trenutnega opozorila<br>(6) Gumb za zaklepanje \/ odklepanje aplikacije<br>(7) Funkcija za pisanje dodatnega sporo\u010dila, dodanega glavnemu sporo\u010dilu SMS-a<\/p>\r\n<\/div>\r\n\r\n\r\n\r\n<div class=\"wp-block-column is-vertically-aligned-center is-layout-flow wp-block-column-is-layout-flow\" style=\"flex-basis:30%\">\r\n<figure class=\"wp-block-image aligncenter size-large is-resized\" style=\"margin-top:0;margin-bottom:0\"><img decoding=\"async\" src=\"http:\/\/www.dataslatitudes.com\/sosuniversal\/wp-content\/uploads\/sl_accueil_menu_puce-459x1024.webp\" alt=\"SOS Universal - glavni meni\" class=\"wp-image-230\" style=\"width:172px;height:auto\"\/><\/figure>\r\n<\/div>\r\n<\/div>\r\n\r\n\r\n\r\n<p class=\"has-text-align-left\" style=\"font-size:1rem\">(8) Funkcija takoj\u0161njega zvo\u010dnega snemanja (neodvisno od opozorila)<br>(9) Funkcija takoj\u0161njega spro\u017eitve zvo\u010dnega alarma (neodvisno od opozorila)<br>(10) Funkcija takoj\u0161njega spro\u017eitve la\u017enega dohodnega telefonskega klica (neodvisno od opozorila)<\/p>\r\n<\/div>\r\n<\/div>\r\n\r\n\r\n\r\n<div class=\"wp-block-columns is-layout-flex wp-container-core-columns-is-layout-ff679dcb wp-block-columns-is-layout-flex\" style=\"margin-top:0;margin-bottom:0;padding-top:var(--wp--preset--spacing--20);padding-bottom:var(--wp--preset--spacing--20)\">\r\n<div class=\"wp-block-column is-layout-flow wp-block-column-is-layout-flow\">\r\n<p style=\"margin-top:var(--wp--preset--spacing--20);margin-bottom:var(--wp--preset--spacing--20);font-size:1rem\">V glavnem meniju (1) lahko:<\/p>\r\n\r\n\r\n\r\n<ul style=\"margin-top:var(--wp--preset--spacing--20);margin-bottom:var(--wp--preset--spacing--20)\" class=\"wp-block-list\">\r\n<li style=\"font-size:1rem\">Upravljaj <a href=\"https:\/\/www.dataslatitudes.com\/sosuniversal\/sl\/index.php\/mode-emploi\/mode-emploi-contact\/\">kontakti za opozarjanje<\/a><\/li>\r\n\r\n\r\n\r\n<li style=\"font-size:1rem\">Dolo\u010di <a href=\"https:\/\/www.dataslatitudes.com\/sosuniversal\/sl\/index.php\/mode-emploi\/mode-emploi-contenu\/\" data-type=\"page\" data-id=\"189\">vsebina in na\u010din opozorila<\/a><\/li>\r\n\r\n\r\n\r\n<li style=\"font-size:1rem\"><a href=\"https:\/\/www.dataslatitudes.com\/sosuniversal\/sl\/index.php\/mode-emploi\/mode-emploi-parametre\/\">Nastavitev aplikacije<\/a><\/li>\r\n\r\n\r\n\r\n<li style=\"font-size:1rem\">Dostop do <a href=\"https:\/\/www.dataslatitudes.com\/sosuniversal\/sl\/index.php\/mode-emploi\/mode-emploi-historique-enregistrement-audio\/\">zgodovina opozoril<\/a><\/li>\r\n\r\n\r\n\r\n<li style=\"font-size:1rem\">Upravljaj <a href=\"https:\/\/www.dataslatitudes.com\/sosuniversal\/sl\/index.php\/mode-emploi\/mode-emploi-historique-enregistrement-audio\/\">avdio posnetki<\/a><\/li>\r\n\r\n\r\n\r\n<li style=\"font-size:1rem\">Deli aplikacijo SOS Universal<\/li>\r\n\r\n\r\n\r\n<li style=\"font-size:1rem\">Oglejte si to spletno stran<\/li>\r\n<\/ul>\r\n<\/div>\r\n\r\n\r\n\r\n<div class=\"wp-block-column is-layout-flow wp-block-column-is-layout-flow\">\r\n<p style=\"font-size:1rem\">Z za\u010detnega zaslona (6), (7), (8), (9) in (10) lahko uporabite <a href=\"https:\/\/www.dataslatitudes.com\/sosuniversal\/sl\/index.php\/mode-emploi\/mode-emploi-outils-supplementaire\/\">dodatna orodja<\/a>.<\/p>\r\n<\/div>\r\n<\/div>\r\n\r\n\r\n\r\n<p style=\"margin-top:var(--wp--preset--spacing--30);margin-bottom:var(--wp--preset--spacing--30)\"><\/p>\r\n","protected":false},"excerpt":{"rendered":"<p>NAVODILA ZA UPORABO Zagon aplikacije SOS Universal se lahko klasi\u010dno za\u017eene s klikom na ikono aplikacije. Mo\u017eno je tudi namestiti [&hellip;]<\/p>\n","protected":false},"author":1,"featured_media":0,"parent":0,"menu_order":2,"comment_status":"closed","ping_status":"closed","template":"","meta":{"site-sidebar-layout":"default","site-content-layout":"","ast-site-content-layout":"","site-content-style":"default","site-sidebar-style":"default","ast-global-header-display":"","ast-banner-title-visibility":"","ast-main-header-display":"","ast-hfb-above-header-display":"","ast-hfb-below-header-display":"","ast-hfb-mobile-header-display":"","site-post-title":"disabled","ast-breadcrumbs-content":"","ast-featured-img":"","footer-sml-layout":"","theme-transparent-header-meta":"","adv-header-id-meta":"","stick-header-meta":"","header-above-stick-meta":"","header-main-stick-meta":"","header-below-stick-meta":"","astra-migrate-meta-layouts":"default","ast-page-background-enabled":"default","ast-page-background-meta":{"desktop":{"background-color":"var(--ast-global-color-5)","background-image":"","background-repeat":"repeat","background-position":"center center","background-size":"auto","background-attachment":"scroll","background-type":"","background-media":"","overlay-type":"","overlay-color":"","overlay-opacity":"","overlay-gradient":""},"tablet":{"background-color":"","background-image":"","background-repeat":"repeat","background-position":"center center","background-size":"auto","background-attachment":"scroll","background-type":"","background-media":"","overlay-type":"","overlay-color":"","overlay-opacity":"","overlay-gradient":""},"mobile":{"background-color":"","background-image":"","background-repeat":"repeat","background-position":"center center","background-size":"auto","background-attachment":"scroll","background-type":"","background-media":"","overlay-type":"","overlay-color":"","overlay-opacity":"","overlay-gradient":""}},"ast-content-background-meta":{"desktop":{"background-color":"var(--ast-global-color-4)","background-image":"","background-repeat":"repeat","background-position":"center center","background-size":"auto","background-attachment":"scroll","background-type":"","background-media":"","overlay-type":"","overlay-color":"","overlay-opacity":"","overlay-gradient":""},"tablet":{"background-color":"var(--ast-global-color-4)","background-image":"","background-repeat":"repeat","background-position":"center center","background-size":"auto","background-attachment":"scroll","background-type":"","background-media":"","overlay-type":"","overlay-color":"","overlay-opacity":"","overlay-gradient":""},"mobile":{"background-color":"var(--ast-global-color-4)","background-image":"","background-repeat":"repeat","background-position":"center center","background-size":"auto","background-attachment":"scroll","background-type":"","background-media":"","overlay-type":"","overlay-color":"","overlay-opacity":"","overlay-gradient":""}},"footnotes":""},"class_list":["post-14","page","type-page","status-publish","hentry"],"yoast_head":"<!-- This site is optimized with the Yoast SEO plugin v25.6 - https:\/\/yoast.com\/wordpress\/plugins\/seo\/ -->\n<title>Glavni zaslon<\/title>\n<meta name=\"description\" content=\"Iz glavnega menija lahko upravljate stike za opozarjanje, dolo\u010dite vsebino in na\u010din opozorila, nastavite aplikacijo, dostopate do zgodovine opozoril, upravljate zvo\u010dne posnetke, delite aplikacijo, si ogledate to spletno stran in seveda spro\u017eite opozorilo.\" \/>\n<meta name=\"robots\" content=\"index, follow, max-snippet:-1, max-image-preview:large, max-video-preview:-1\" \/>\n<link rel=\"canonical\" href=\"\" \/>\n<meta property=\"og:locale\" content=\"sl_SI\" \/>\n<meta property=\"og:type\" content=\"article\" \/>\n<meta property=\"og:title\" content=\"Glavni zaslon\" \/>\n<meta property=\"og:description\" content=\"Iz glavnega menija lahko upravljate stike za opozarjanje, dolo\u010dite vsebino in na\u010din opozorila, nastavite aplikacijo, dostopate do zgodovine opozoril, upravljate zvo\u010dne posnetke, delite aplikacijo, si ogledate to spletno stran in seveda spro\u017eite opozorilo.\" \/>\n<meta property=\"og:url\" content=\"https:\/\/www.dataslatitudes.com\/sosuniversal\/sl\/ecran-principal\/\" \/>\n<meta property=\"og:site_name\" content=\"SOS Universal\" \/>\n<meta property=\"article:modified_time\" content=\"2025-07-21T15:55:15+00:00\" \/>\n<meta property=\"og:image\" content=\"https:\/\/www.dataslatitudes.com\/sosuniversal\/wp-content\/uploads\/2025\/07\/choix_appwidget.webp\" \/>\n\t<meta property=\"og:image:width\" content=\"1080\" \/>\n\t<meta property=\"og:image:height\" content=\"2400\" \/>\n\t<meta property=\"og:image:type\" content=\"image\/webp\" \/>\n<meta name=\"twitter:card\" content=\"summary_large_image\" \/>\n<meta name=\"twitter:label1\" content=\"Est. reading time\" \/>\n\t<meta name=\"twitter:data1\" content=\"4 minute\" \/>\n<script type=\"application\/ld+json\" class=\"yoast-schema-graph\">{\"@context\":\"https:\/\/schema.org\",\"@graph\":[{\"@type\":\"WebPage\",\"@id\":\"https:\/\/www.dataslatitudes.com\/sosuniversal\/sl\/ecran-principal\/\",\"url\":\"https:\/\/www.dataslatitudes.com\/sosuniversal\/sl\/ecran-principal\/\",\"name\":\"Ecran principal - SOS Universal\",\"isPartOf\":{\"@id\":\"https:\/\/www.dataslatitudes.com\/sosuniversal\/#website\"},\"primaryImageOfPage\":{\"@id\":\"https:\/\/www.dataslatitudes.com\/sosuniversal\/sl\/ecran-principal\/#primaryimage\"},\"image\":{\"@id\":\"https:\/\/www.dataslatitudes.com\/sosuniversal\/sl\/ecran-principal\/#primaryimage\"},\"thumbnailUrl\":\"http:\/\/www.dataslatitudes.com\/sosuniversal\/wp-content\/uploads\/2025\/07\/choix_appwidget.webp\",\"datePublished\":\"2025-06-10T17:50:33+00:00\",\"dateModified\":\"2025-07-21T15:55:15+00:00\",\"description\":\"A partir du menu principal, vous pouvez g\u00e9rer les contacts \u00e0 alerter, d\u00e9finir le contenu et le mode de l\u2019alerte, param\u00e9trer l\u2019application, acc\u00e9der \u00e0 l\u2019historique des alertes, administrer les enregistrements audios, partager l\u2019application, consulter le pr\u00e9sent site web et bien sur d\u00e9clencher une alerte.\",\"breadcrumb\":{\"@id\":\"https:\/\/www.dataslatitudes.com\/sosuniversal\/sl\/ecran-principal\/#breadcrumb\"},\"inLanguage\":\"sl-SI\",\"potentialAction\":[{\"@type\":\"ReadAction\",\"target\":[\"https:\/\/www.dataslatitudes.com\/sosuniversal\/sl\/ecran-principal\/\"]}]},{\"@type\":\"ImageObject\",\"inLanguage\":\"sl-SI\",\"@id\":\"https:\/\/www.dataslatitudes.com\/sosuniversal\/sl\/ecran-principal\/#primaryimage\",\"url\":\"http:\/\/www.dataslatitudes.com\/sosuniversal\/wp-content\/uploads\/2025\/07\/choix_appwidget.webp\",\"contentUrl\":\"http:\/\/www.dataslatitudes.com\/sosuniversal\/wp-content\/uploads\/2025\/07\/choix_appwidget.webp\"},{\"@type\":\"BreadcrumbList\",\"@id\":\"https:\/\/www.dataslatitudes.com\/sosuniversal\/sl\/ecran-principal\/#breadcrumb\",\"itemListElement\":[{\"@type\":\"ListItem\",\"position\":1,\"name\":\"Predstavitev\",\"item\":\"https:\/\/www.dataslatitudes.com\/sosuniversal\/fr\/\"},{\"@type\":\"ListItem\",\"position\":2,\"name\":\"Glavni zaslon\"}]},{\"@type\":\"WebSite\",\"@id\":\"https:\/\/www.dataslatitudes.com\/sosuniversal\/sl\/#website\",\"url\":\"https:\/\/www.dataslatitudes.com\/sosuniversal\/sl\/\",\"name\":\"SOS Universal\",\"description\":\"\",\"publisher\":{\"@id\":\"https:\/\/www.dataslatitudes.com\/sosuniversal\/sl\/#organization\"},\"potentialAction\":[{\"@type\":\"SearchAction\",\"target\":{\"@type\":\"EntryPoint\",\"urlTemplate\":\"https:\/\/www.dataslatitudes.com\/sosuniversal\/sl\/?s={search_term_string}\"},\"query-input\":{\"@type\":\"PropertyValueSpecification\",\"valueRequired\":true,\"valueName\":\"search_term_string\"}}],\"inLanguage\":\"sl-SI\"},{\"@type\":\"Organization\",\"@id\":\"https:\/\/www.dataslatitudes.com\/sosuniversal\/sl\/#organization\",\"name\":\"DATASLATITUDES\",\"url\":\"https:\/\/www.dataslatitudes.com\/sosuniversal\/sl\/\",\"logo\":{\"@type\":\"ImageObject\",\"inLanguage\":\"sl-SI\",\"@id\":\"https:\/\/www.dataslatitudes.com\/sosuniversal\/sl\/#\/schema\/logo\/image\/\",\"url\":\"https:\/\/www.dataslatitudes.com\/sosuniversal\/wp-content\/uploads\/2025\/07\/logo_mrdv.png\",\"contentUrl\":\"https:\/\/www.dataslatitudes.com\/sosuniversal\/wp-content\/uploads\/2025\/07\/logo_mrdv.png\",\"width\":72,\"height\":72,\"caption\":\"DATASLATITUDES\"},\"image\":{\"@id\":\"https:\/\/www.dataslatitudes.com\/sosuniversal\/sl\/#\/schema\/logo\/image\/\"}}]}<\/script>\n<!-- \/ Yoast SEO plugin. -->","yoast_head_json":{"title":"Glavni zaslon","description":"Iz glavnega menija lahko upravljate stike za opozarjanje, dolo\u010dite vsebino in na\u010din opozorila, nastavite aplikacijo, dostopate do zgodovine opozoril, upravljate zvo\u010dne posnetke, delite aplikacijo, si ogledate to spletno stran in seveda spro\u017eite opozorilo.","robots":{"index":"index","follow":"follow","max-snippet":"max-snippet:-1","max-image-preview":"max-image-preview:large","max-video-preview":"max-video-preview:-1"},"canonical":"NAVODILA ZA UPORABO Zagon aplikacije SOS Universal se lahko klasi\u010dno za\u017eene s klikom na ikono aplikacije. Mo\u017eno je tudi namestiti in uporabljati enega od dveh pripomo\u010dkov aplikacije, zasnovanih za SOS Universal.Odvisno od razli\u010dice Androida sta na voljo dva na\u010dina namestitve: bodisi z dolgim pritiskom na prazno mesto na zaslonu pametnega telefona (na primer na za\u010detnem&hellip;","og_locale":"sl_SI","og_type":"article","og_title":"Glavni zaslon","og_description":"Iz glavnega menija lahko upravljate stike za opozarjanje, dolo\u010dite vsebino in na\u010din opozorila, nastavite aplikacijo, dostopate do zgodovine opozoril, upravljate zvo\u010dne posnetke, delite aplikacijo, si ogledate to spletno stran in seveda spro\u017eite opozorilo.","og_url":"https:\/\/www.dataslatitudes.com\/sosuniversal\/sl\/ecran-principal\/","og_site_name":"SOS Universal","article_modified_time":"2025-07-21T15:55:15+00:00","og_image":[{"width":1080,"height":2400,"url":"https:\/\/www.dataslatitudes.com\/sosuniversal\/wp-content\/uploads\/2025\/07\/choix_appwidget.webp","type":"image\/webp"}],"twitter_card":"summary_large_image","twitter_misc":{"Est. reading time":"4 minute"},"schema":{"@context":"https:\/\/schema.org","@graph":[{"@type":"WebPage","@id":"https:\/\/www.dataslatitudes.com\/sosuniversal\/sl\/ecran-principal\/","url":"https:\/\/www.dataslatitudes.com\/sosuniversal\/sl\/ecran-principal\/","name":"Ecran principal - SOS Universal","isPartOf":{"@id":"https:\/\/www.dataslatitudes.com\/sosuniversal\/#website"},"primaryImageOfPage":{"@id":"https:\/\/www.dataslatitudes.com\/sosuniversal\/sl\/ecran-principal\/#primaryimage"},"image":{"@id":"https:\/\/www.dataslatitudes.com\/sosuniversal\/sl\/ecran-principal\/#primaryimage"},"thumbnailUrl":"http:\/\/www.dataslatitudes.com\/sosuniversal\/wp-content\/uploads\/2025\/07\/choix_appwidget.webp","datePublished":"2025-06-10T17:50:33+00:00","dateModified":"2025-07-21T15:55:15+00:00","description":"A partir du menu principal, vous pouvez g\u00e9rer les contacts \u00e0 alerter, d\u00e9finir le contenu et le mode de l\u2019alerte, param\u00e9trer l\u2019application, acc\u00e9der \u00e0 l\u2019historique des alertes, administrer les enregistrements audios, partager l\u2019application, consulter le pr\u00e9sent site web et bien sur d\u00e9clencher une alerte.","breadcrumb":{"@id":"https:\/\/www.dataslatitudes.com\/sosuniversal\/sl\/ecran-principal\/#breadcrumb"},"inLanguage":"sl-SI","potentialAction":[{"@type":"ReadAction","target":["https:\/\/www.dataslatitudes.com\/sosuniversal\/sl\/ecran-principal\/"]}]},{"@type":"ImageObject","inLanguage":"sl-SI","@id":"https:\/\/www.dataslatitudes.com\/sosuniversal\/sl\/ecran-principal\/#primaryimage","url":"http:\/\/www.dataslatitudes.com\/sosuniversal\/wp-content\/uploads\/2025\/07\/choix_appwidget.webp","contentUrl":"http:\/\/www.dataslatitudes.com\/sosuniversal\/wp-content\/uploads\/2025\/07\/choix_appwidget.webp"},{"@type":"BreadcrumbList","@id":"https:\/\/www.dataslatitudes.com\/sosuniversal\/sl\/ecran-principal\/#breadcrumb","itemListElement":[{"@type":"ListItem","position":1,"name":"Predstavitev","item":"https:\/\/www.dataslatitudes.com\/sosuniversal\/fr\/"},{"@type":"ListItem","position":2,"name":"Glavni zaslon"}]},{"@type":"WebSite","@id":"https:\/\/www.dataslatitudes.com\/sosuniversal\/sl\/#website","url":"https:\/\/www.dataslatitudes.com\/sosuniversal\/sl\/","name":"SOS Universal","description":"","publisher":{"@id":"https:\/\/www.dataslatitudes.com\/sosuniversal\/sl\/#organization"},"potentialAction":[{"@type":"SearchAction","target":{"@type":"EntryPoint","urlTemplate":"https:\/\/www.dataslatitudes.com\/sosuniversal\/sl\/?s={search_term_string}"},"query-input":{"@type":"PropertyValueSpecification","valueRequired":true,"valueName":"search_term_string"}}],"inLanguage":"sl-SI"},{"@type":"Organization","@id":"https:\/\/www.dataslatitudes.com\/sosuniversal\/sl\/#organization","name":"DATASLATITUDES","url":"https:\/\/www.dataslatitudes.com\/sosuniversal\/sl\/","logo":{"@type":"ImageObject","inLanguage":"sl-SI","@id":"https:\/\/www.dataslatitudes.com\/sosuniversal\/sl\/#\/schema\/logo\/image\/","url":"https:\/\/www.dataslatitudes.com\/sosuniversal\/wp-content\/uploads\/2025\/07\/logo_mrdv.png","contentUrl":"https:\/\/www.dataslatitudes.com\/sosuniversal\/wp-content\/uploads\/2025\/07\/logo_mrdv.png","width":72,"height":72,"caption":"DATASLATITUDES"},"image":{"@id":"https:\/\/www.dataslatitudes.com\/sosuniversal\/sl\/#\/schema\/logo\/image\/"}}]}},"_links":{"self":[{"href":"https:\/\/www.dataslatitudes.com\/sosuniversal\/sl\/wp-json\/wp\/v2\/pages\/14","targetHints":{"allow":["GET"]}}],"collection":[{"href":"https:\/\/www.dataslatitudes.com\/sosuniversal\/sl\/wp-json\/wp\/v2\/pages"}],"about":[{"href":"https:\/\/www.dataslatitudes.com\/sosuniversal\/sl\/wp-json\/wp\/v2\/types\/page"}],"author":[{"embeddable":true,"href":"https:\/\/www.dataslatitudes.com\/sosuniversal\/sl\/wp-json\/wp\/v2\/users\/1"}],"replies":[{"embeddable":true,"href":"https:\/\/www.dataslatitudes.com\/sosuniversal\/sl\/wp-json\/wp\/v2\/comments?post=14"}],"version-history":[{"count":65,"href":"https:\/\/www.dataslatitudes.com\/sosuniversal\/sl\/wp-json\/wp\/v2\/pages\/14\/revisions"}],"predecessor-version":[{"id":1048,"href":"https:\/\/www.dataslatitudes.com\/sosuniversal\/sl\/wp-json\/wp\/v2\/pages\/14\/revisions\/1048"}],"wp:attachment":[{"href":"https:\/\/www.dataslatitudes.com\/sosuniversal\/sl\/wp-json\/wp\/v2\/media?parent=14"}],"curies":[{"name":"wp","href":"https:\/\/api.w.org\/{rel}","templated":true}]}}