{"id":250,"date":"2025-06-13T07:11:06","date_gmt":"2025-06-13T07:11:06","guid":{"rendered":"https:\/\/www.dataslatitudes.com\/sosuniversal\/index.php\/mode-emploi\/mode-demploi-enregistrements\/"},"modified":"2025-07-22T17:01:26","modified_gmt":"2025-07-22T17:01:26","slug":"mode-emploi-outils-supplementaire","status":"publish","type":"page","link":"https:\/\/www.dataslatitudes.com\/sosuniversal\/sk\/ecran-principal\/mode-emploi-outils-supplementaire\/","title":{"rendered":"Dodato\u010dn\u00e9 n\u00e1stroje"},"content":{"rendered":"\r\n<p class=\"has-small-font-size\"><\/p>\r\n\r\n\r\n\r\n<h1 class=\"wp-block-heading has-text-align-center has-medium-font-size\" style=\"margin-top:var(--wp--preset--spacing--20);margin-bottom:var(--wp--preset--spacing--20)\"><strong>DODATO\u010cN\u00c9 N\u00c1STROJE<\/strong><\/h1>\r\n\r\n\r\n\r\n<p class=\"has-text-align-center\" style=\"font-size:1.2rem\">P\u00e4\u0165 doplnkov\u00fdch n\u00e1strojov pon\u00faka SOS Universal:<\/p>\r\n\r\n\r\n\r\n<figure class=\"wp-block-image aligncenter size-full is-resized\"><img decoding=\"async\" src=\"http:\/\/www.dataslatitudes.com\/sosuniversal\/wp-content\/uploads\/sk_ecran_principal_partie_basse_puce_recadre.webp\" alt=\"Spodn\u00e1 \u010das\u0165 hlavnej obrazovky\" class=\"wp-image-421\" style=\"width:273px\"\/><\/figure>\r\n\r\n\r\n\r\n<div class=\"wp-block-columns is-layout-flex wp-container-core-columns-is-layout-d2a8f814 wp-block-columns-is-layout-flex\" style=\"padding-top:0;padding-bottom:0\">\r\n<div class=\"wp-block-column is-layout-flow wp-block-column-is-layout-flow\">\r\n<h2 class=\"wp-block-heading has-text-align-center\" style=\"margin-top:var(--wp--preset--spacing--20);margin-bottom:var(--wp--preset--spacing--20);font-size:1.2rem\">(1) Uzamknutie aplik\u00e1cie<\/h2>\r\n\r\n\r\n\r\n<figure class=\"wp-block-image aligncenter size-large is-resized\" style=\"margin-top:0;margin-bottom:0\"><img decoding=\"async\" src=\"http:\/\/www.dataslatitudes.com\/sosuniversal\/wp-content\/uploads\/sk_verrouillage-459x1024.webp\" alt=\"SOS Universal \u2013 uzamknutie aplik\u00e1cie\" class=\"wp-image-426\" style=\"width:273px\"\/><\/figure>\r\n\r\n\r\n\r\n<p style=\"margin-right:var(--wp--preset--spacing--50);margin-left:var(--wp--preset--spacing--50);font-size:1rem\">S cie\u013eom vyhn\u00fa\u0165 sa chyb\u00e1m pri manipul\u00e1cii zranite\u013en\u00fdmi osobami, SOS Universal m\u00f4\u017ee by\u0165 nakonfigurovan\u00fd d\u00f4veryhodnou tre\u0165ou stranou a n\u00e1sledne uzamknut\u00fd: v takom pr\u00edpade je pou\u017eite\u013en\u00e9 iba hlavn\u00e9 tla\u010didlo spustenia alarmu (ako aj tla\u010didlo zru\u0161enia alarmu). Odomknutie sa vykon\u00e1va ve\u013emi jednoducho (k\u00f3d je 0000).<\/p>\r\n\r\n\r\n\r\n<p style=\"margin-top:var(--wp--preset--spacing--50);margin-bottom:var(--wp--preset--spacing--50)\"><\/p>\r\n<\/div>\r\n\r\n\r\n\r\n<div class=\"wp-block-column is-layout-flow wp-block-column-is-layout-flow\">\r\n<h2 class=\"wp-block-heading has-text-align-center\" style=\"margin-top:var(--wp--preset--spacing--20);margin-bottom:var(--wp--preset--spacing--20);font-size:1.2rem\">(2) Doplnkov\u00e1 spr\u00e1va<\/h2>\r\n\r\n\r\n\r\n<figure class=\"wp-block-image aligncenter size-large is-resized\" style=\"margin-top:0;margin-bottom:0\"><img decoding=\"async\" src=\"http:\/\/www.dataslatitudes.com\/sosuniversal\/wp-content\/uploads\/sk_message_complementaire-459x1024.webp\" alt=\"SOS Universal \u2013 doplnkov\u00e1 spr\u00e1va\" class=\"wp-image-425\" style=\"width:273px\"\/><\/figure>\r\n\r\n\r\n\r\n<p style=\"padding-right:var(--wp--preset--spacing--50);padding-left:var(--wp--preset--spacing--50);font-size:1rem\">M\u00e1te mo\u017enos\u0165 r\u00fdchlo nap\u00edsa\u0165 doplnkov\u00fa spr\u00e1vu, ktor\u00e1 bude integrovan\u00e1 do textu SMS bud\u00facich upozornen\u00ed.<\/p>\r\n<\/div>\r\n<\/div>\r\n\r\n\r\n\r\n<p class=\"has-text-align-center\" style=\"font-size:1.1rem\"><br>Okrem ak\u00e9hoko\u013evek upozornenia m\u00e1te k dispoz\u00edcii tri dodato\u010dn\u00e9 n\u00e1stroje, ktor\u00e9 je mo\u017en\u00e9 nastavi\u0165 s volite\u013en\u00fdm oneskoren\u00edm spustenia:<\/p>\r\n\r\n\r\n\r\n<div class=\"wp-block-columns is-layout-flex wp-container-core-columns-is-layout-8d88fe0f wp-block-columns-is-layout-flex\" style=\"padding-top:var(--wp--preset--spacing--20);padding-bottom:var(--wp--preset--spacing--20)\">\r\n<div class=\"wp-block-column is-layout-flow wp-block-column-is-layout-flow\">\r\n<h2 class=\"wp-block-heading has-text-align-center\" style=\"margin-top:0;margin-bottom:0;font-size:1.2rem\">(3) Zvukov\u00fd z\u00e1znam<\/h2>\r\n\r\n\r\n\r\n<figure class=\"wp-block-image aligncenter size-large is-resized\" style=\"margin-top:var(--wp--preset--spacing--20);margin-bottom:var(--wp--preset--spacing--20)\"><img decoding=\"async\" src=\"http:\/\/www.dataslatitudes.com\/sosuniversal\/wp-content\/uploads\/sk_enregistrement_direct-459x1024.webp\" alt=\"SOS Universal \u2013 zvukov\u00fd z\u00e1znam\" class=\"wp-image-424\" style=\"width:273px\"\/><\/figure>\r\n\r\n\r\n\r\n<p class=\"has-text-align-center\" style=\"font-size:1rem\">Teoretick\u00e1 kapacita z\u00e1znamu je uveden\u00e1.<\/p>\r\n<\/div>\r\n\r\n\r\n\r\n<div class=\"wp-block-column is-layout-flow wp-block-column-is-layout-flow\">\r\n<h2 class=\"wp-block-heading has-text-align-center\" style=\"margin-top:0;margin-bottom:0;font-size:1.2rem\">(4) Zvukov\u00fd alarm<\/h2>\r\n\r\n\r\n\r\n<figure class=\"wp-block-image aligncenter size-large is-resized\" style=\"margin-top:var(--wp--preset--spacing--20);margin-bottom:var(--wp--preset--spacing--20)\"><img decoding=\"async\" src=\"http:\/\/www.dataslatitudes.com\/sosuniversal\/wp-content\/uploads\/sk_alarme_sonore-459x1024.webp\" alt=\"SOS Universal \u2013 zvukov\u00fd alarm\" class=\"wp-image-423\" style=\"width:273px\"\/><\/figure>\r\n\r\n\r\n\r\n<p class=\"has-text-align-center\" style=\"font-size:1rem\">Hlasitos\u0165 alarmu sa automaticky nastav\u00ed na maximum. Typ alarmu (policajn\u00e1 sir\u00e9na alebo \u013eudsk\u00fd krik) sa vyber\u00e1 v nastaveniach.<\/p>\r\n<\/div>\r\n\r\n\r\n\r\n<div class=\"wp-block-column is-layout-flow wp-block-column-is-layout-flow\">\r\n<h2 class=\"wp-block-heading has-text-align-center\" style=\"margin-top:0;margin-bottom:0;font-size:1.2rem\">(5) Simul\u00e1cia prich\u00e1dzaj\u00faceho telef\u00f3nneho hovoru<\/h2>\r\n\r\n\r\n\r\n<figure class=\"wp-block-image aligncenter size-large is-resized\" style=\"margin-top:var(--wp--preset--spacing--20);margin-bottom:var(--wp--preset--spacing--20)\"><img decoding=\"async\" src=\"http:\/\/www.dataslatitudes.com\/sosuniversal\/wp-content\/uploads\/sk_appel_entrant_simule-459x1024.webp\" alt=\"SOS Universal \u2013 simulovan\u00fd prich\u00e1dzaj\u00faci hovor\" class=\"wp-image-422\" style=\"width:273px\"\/><\/figure>\r\n\r\n\r\n\r\n<p class=\"has-text-align-center\" style=\"font-size:1rem\">Hlasitos\u0165 zvonenia sa automaticky nastav\u00ed na maximum. T\u00e1to funkcia nie je pou\u017eite\u013en\u00e1, ak je smartf\u00f3n v tichom re\u017eime alebo v re\u017eime \u201eneru\u0161i\u0165\u201c.<\/p>\r\n<\/div>\r\n<\/div>\r\n\r\n\r\n\r\n<p class=\"has-small-font-size\"><\/p>\r\n\r\n\r\n\r\n<p class=\"has-small-font-size\"><\/p>\r\n","protected":false},"excerpt":{"rendered":"<p>DODATO\u010cN\u00c9 N\u00c1STROJE P\u00e4\u0165 doplnkov\u00fdch n\u00e1strojov pon\u00faka SOS Universal: (1) Uzamknutie aplik\u00e1cie S cie\u013eom vyhn\u00fa\u0165 sa chyb\u00e1m pri manipul\u00e1cii zranite\u013en\u00fdmi osobami, [&hellip;]<\/p>\n","protected":false},"author":1,"featured_media":0,"parent":14,"menu_order":7,"comment_status":"closed","ping_status":"closed","template":"","meta":{"site-sidebar-layout":"default","site-content-layout":"","ast-site-content-layout":"","site-content-style":"default","site-sidebar-style":"default","ast-global-header-display":"","ast-banner-title-visibility":"","ast-main-header-display":"","ast-hfb-above-header-display":"","ast-hfb-below-header-display":"","ast-hfb-mobile-header-display":"","site-post-title":"disabled","ast-breadcrumbs-content":"","ast-featured-img":"","footer-sml-layout":"","theme-transparent-header-meta":"","adv-header-id-meta":"","stick-header-meta":"","header-above-stick-meta":"","header-main-stick-meta":"","header-below-stick-meta":"","astra-migrate-meta-layouts":"default","ast-page-background-enabled":"default","ast-page-background-meta":{"desktop":{"background-color":"var(--ast-global-color-5)","background-image":"","background-repeat":"repeat","background-position":"center center","background-size":"auto","background-attachment":"scroll","background-type":"","background-media":"","overlay-type":"","overlay-color":"","overlay-opacity":"","overlay-gradient":""},"tablet":{"background-color":"","background-image":"","background-repeat":"repeat","background-position":"center center","background-size":"auto","background-attachment":"scroll","background-type":"","background-media":"","overlay-type":"","overlay-color":"","overlay-opacity":"","overlay-gradient":""},"mobile":{"background-color":"","background-image":"","background-repeat":"repeat","background-position":"center center","background-size":"auto","background-attachment":"scroll","background-type":"","background-media":"","overlay-type":"","overlay-color":"","overlay-opacity":"","overlay-gradient":""}},"ast-content-background-meta":{"desktop":{"background-color":"var(--ast-global-color-4)","background-image":"","background-repeat":"repeat","background-position":"center center","background-size":"auto","background-attachment":"scroll","background-type":"","background-media":"","overlay-type":"","overlay-color":"","overlay-opacity":"","overlay-gradient":""},"tablet":{"background-color":"var(--ast-global-color-4)","background-image":"","background-repeat":"repeat","background-position":"center center","background-size":"auto","background-attachment":"scroll","background-type":"","background-media":"","overlay-type":"","overlay-color":"","overlay-opacity":"","overlay-gradient":""},"mobile":{"background-color":"var(--ast-global-color-4)","background-image":"","background-repeat":"repeat","background-position":"center center","background-size":"auto","background-attachment":"scroll","background-type":"","background-media":"","overlay-type":"","overlay-color":"","overlay-opacity":"","overlay-gradient":""}},"footnotes":""},"class_list":["post-250","page","type-page","status-publish","hentry"],"yoast_head":"<!-- This site is optimized with the Yoast SEO plugin v25.6 - https:\/\/yoast.com\/wordpress\/plugins\/seo\/ -->\n<title>Dodato\u010dn\u00e9 n\u00e1stroje<\/title>\n<meta name=\"description\" content=\"P\u00e4\u0165 doplnkov\u00fdch n\u00e1strojov pon\u00faka SOS Universal. Aby sa predi\u0161lo chyb\u00e1m pri manipul\u00e1cii zranite\u013en\u00fdmi osobami, SOS Universal m\u00f4\u017ee by\u0165 nastaven\u00fd d\u00f4veryhodnou tre\u0165ou stranou a n\u00e1sledne uzamknut\u00fd. M\u00e1te mo\u017enos\u0165 r\u00fdchlo nap\u00edsa\u0165 doplnkov\u00fa spr\u00e1vu, ktor\u00e1 bude integrovan\u00e1 do textu SMS spr\u00e1v bud\u00facich upozornen\u00ed. Okrem ak\u00e9hoko\u013evek upozornenia m\u00e1te k dispoz\u00edcii tri n\u00e1stroje, ktor\u00e9 je mo\u017en\u00e9 nastavi\u0165 s volite\u013en\u00fdm oneskoren\u00edm spustenia: zvukov\u00fd z\u00e1znam, spustenie zvukov\u00e9ho alarmu a simul\u00e1ciu prich\u00e1dzaj\u00faceho telef\u00f3nneho hovoru.\" \/>\n<meta name=\"robots\" content=\"index, follow, max-snippet:-1, max-image-preview:large, max-video-preview:-1\" \/>\n<link rel=\"canonical\" href=\"\" \/>\n<meta property=\"og:locale\" content=\"sk_SK\" \/>\n<meta property=\"og:type\" content=\"article\" \/>\n<meta property=\"og:title\" content=\"Dodato\u010dn\u00e9 n\u00e1stroje\" \/>\n<meta property=\"og:description\" content=\"P\u00e4\u0165 doplnkov\u00fdch n\u00e1strojov pon\u00faka SOS Universal. Aby sa predi\u0161lo chyb\u00e1m pri manipul\u00e1cii zranite\u013en\u00fdmi osobami, SOS Universal m\u00f4\u017ee by\u0165 nastaven\u00fd d\u00f4veryhodnou tre\u0165ou stranou a n\u00e1sledne uzamknut\u00fd. M\u00e1te mo\u017enos\u0165 r\u00fdchlo nap\u00edsa\u0165 doplnkov\u00fa spr\u00e1vu, ktor\u00e1 bude integrovan\u00e1 do textu SMS spr\u00e1v bud\u00facich upozornen\u00ed. Okrem ak\u00e9hoko\u013evek upozornenia m\u00e1te k dispoz\u00edcii tri n\u00e1stroje, ktor\u00e9 je mo\u017en\u00e9 nastavi\u0165 s volite\u013en\u00fdm oneskoren\u00edm spustenia: zvukov\u00fd z\u00e1znam, spustenie zvukov\u00e9ho alarmu a simul\u00e1ciu prich\u00e1dzaj\u00faceho telef\u00f3nneho hovoru.\" \/>\n<meta property=\"og:url\" content=\"https:\/\/www.dataslatitudes.com\/sosuniversal\/sk\/ecran-principal\/mode-emploi-outils-supplementaire\/\" \/>\n<meta property=\"og:site_name\" content=\"SOS Universal\" \/>\n<meta property=\"article:modified_time\" content=\"2025-07-22T17:01:26+00:00\" \/>\n<meta name=\"twitter:card\" content=\"summary_large_image\" \/>\n<meta name=\"twitter:label1\" content=\"Predpokladan\u00fd \u010das \u010d\u00edtania\" \/>\n\t<meta name=\"twitter:data1\" content=\"3 min\u00faty\" \/>\n<script type=\"application\/ld+json\" class=\"yoast-schema-graph\">{\"@context\":\"https:\/\/schema.org\",\"@graph\":[{\"@type\":\"WebPage\",\"@id\":\"https:\/\/www.dataslatitudes.com\/sosuniversal\/sk\/ecran-principal\/mode-emploi-outils-supplementaire\/\",\"url\":\"https:\/\/www.dataslatitudes.com\/sosuniversal\/sk\/ecran-principal\/mode-emploi-outils-supplementaire\/\",\"name\":\"Outils suppl\u00e9mentaires - SOS Universal\",\"isPartOf\":{\"@id\":\"https:\/\/www.dataslatitudes.com\/sosuniversal\/#website\"},\"primaryImageOfPage\":{\"@id\":\"https:\/\/www.dataslatitudes.com\/sosuniversal\/sk\/ecran-principal\/mode-emploi-outils-supplementaire\/#primaryimage\"},\"image\":{\"@id\":\"https:\/\/www.dataslatitudes.com\/sosuniversal\/sk\/ecran-principal\/mode-emploi-outils-supplementaire\/#primaryimage\"},\"thumbnailUrl\":\"http:\/\/www.dataslatitudes.com\/sosuniversal\/wp-content\/uploads\/2025\/07\/fr_ecran_principal_partie_basse_puce_recadre.webp\",\"datePublished\":\"2025-06-13T07:11:06+00:00\",\"dateModified\":\"2025-07-22T17:01:26+00:00\",\"description\":\"Cinq outils suppl\u00e9mentaires vous sont propos\u00e9s par SOS Universal. Dans le but d\u2019\u00e9viter des erreurs de manipulation par des personnes vuln\u00e9rables, SOS Universal peut \u00eatre param\u00e9tr\u00e9e par un tiers de confiance puis ensuite \u00eatre verrouill\u00e9e. Vous avez la facult\u00e9 de r\u00e9diger rapidement un message compl\u00e9mentaire qui sera int\u00e9gr\u00e9 dans le texte du SMS des prochaines alertes. En dehors de toute alerte, vous disposez de trois utilitaires qui peuvent \u00eatre param\u00e9tr\u00e9s avec un d\u00e9lai de d\u00e9clenchement optionnel : l'enregistrement audio, le d\u00e9clenchement d'une alarme sonore et la simulation d\u2019un appel t\u00e9l\u00e9phonique entrant.\",\"breadcrumb\":{\"@id\":\"https:\/\/www.dataslatitudes.com\/sosuniversal\/sk\/ecran-principal\/mode-emploi-outils-supplementaire\/#breadcrumb\"},\"inLanguage\":\"sk-SK\",\"potentialAction\":[{\"@type\":\"ReadAction\",\"target\":[\"https:\/\/www.dataslatitudes.com\/sosuniversal\/sk\/ecran-principal\/mode-emploi-outils-supplementaire\/\"]}]},{\"@type\":\"ImageObject\",\"inLanguage\":\"sk-SK\",\"@id\":\"https:\/\/www.dataslatitudes.com\/sosuniversal\/sk\/ecran-principal\/mode-emploi-outils-supplementaire\/#primaryimage\",\"url\":\"http:\/\/www.dataslatitudes.com\/sosuniversal\/wp-content\/uploads\/2025\/07\/fr_ecran_principal_partie_basse_puce_recadre.webp\",\"contentUrl\":\"http:\/\/www.dataslatitudes.com\/sosuniversal\/wp-content\/uploads\/2025\/07\/fr_ecran_principal_partie_basse_puce_recadre.webp\"},{\"@type\":\"BreadcrumbList\",\"@id\":\"https:\/\/www.dataslatitudes.com\/sosuniversal\/sk\/ecran-principal\/mode-emploi-outils-supplementaire\/#breadcrumb\",\"itemListElement\":[{\"@type\":\"ListItem\",\"position\":1,\"name\":\"Prezent\u00e1cia\",\"item\":\"https:\/\/www.dataslatitudes.com\/sosuniversal\/fr\/\"},{\"@type\":\"ListItem\",\"position\":2,\"name\":\"Hlavn\u00fd displej\",\"item\":\"https:\/\/www.dataslatitudes.com\/sosuniversal\/ecran-principal\/\"},{\"@type\":\"ListItem\",\"position\":3,\"name\":\"Dodato\u010dn\u00e9 n\u00e1stroje\"}]},{\"@type\":\"WebSite\",\"@id\":\"https:\/\/www.dataslatitudes.com\/sosuniversal\/sk\/#website\",\"url\":\"https:\/\/www.dataslatitudes.com\/sosuniversal\/sk\/\",\"name\":\"SOS Universal\",\"description\":\"\",\"publisher\":{\"@id\":\"https:\/\/www.dataslatitudes.com\/sosuniversal\/sk\/#organization\"},\"potentialAction\":[{\"@type\":\"SearchAction\",\"target\":{\"@type\":\"EntryPoint\",\"urlTemplate\":\"https:\/\/www.dataslatitudes.com\/sosuniversal\/sk\/?s={search_term_string}\"},\"query-input\":{\"@type\":\"PropertyValueSpecification\",\"valueRequired\":true,\"valueName\":\"search_term_string\"}}],\"inLanguage\":\"sk-SK\"},{\"@type\":\"Organization\",\"@id\":\"https:\/\/www.dataslatitudes.com\/sosuniversal\/sk\/#organization\",\"name\":\"DATASLATITUDES\",\"url\":\"https:\/\/www.dataslatitudes.com\/sosuniversal\/sk\/\",\"logo\":{\"@type\":\"ImageObject\",\"inLanguage\":\"sk-SK\",\"@id\":\"https:\/\/www.dataslatitudes.com\/sosuniversal\/sk\/#\/schema\/logo\/image\/\",\"url\":\"https:\/\/www.dataslatitudes.com\/sosuniversal\/wp-content\/uploads\/2025\/07\/logo_mrdv.png\",\"contentUrl\":\"https:\/\/www.dataslatitudes.com\/sosuniversal\/wp-content\/uploads\/2025\/07\/logo_mrdv.png\",\"width\":72,\"height\":72,\"caption\":\"DATASLATITUDES\"},\"image\":{\"@id\":\"https:\/\/www.dataslatitudes.com\/sosuniversal\/sk\/#\/schema\/logo\/image\/\"}}]}<\/script>\n<!-- \/ Yoast SEO plugin. -->","yoast_head_json":{"title":"Dodato\u010dn\u00e9 n\u00e1stroje","description":"P\u00e4\u0165 doplnkov\u00fdch n\u00e1strojov pon\u00faka SOS Universal. Aby sa predi\u0161lo chyb\u00e1m pri manipul\u00e1cii zranite\u013en\u00fdmi osobami, SOS Universal m\u00f4\u017ee by\u0165 nastaven\u00fd d\u00f4veryhodnou tre\u0165ou stranou a n\u00e1sledne uzamknut\u00fd. M\u00e1te mo\u017enos\u0165 r\u00fdchlo nap\u00edsa\u0165 doplnkov\u00fa spr\u00e1vu, ktor\u00e1 bude integrovan\u00e1 do textu SMS spr\u00e1v bud\u00facich upozornen\u00ed. Okrem ak\u00e9hoko\u013evek upozornenia m\u00e1te k dispoz\u00edcii tri n\u00e1stroje, ktor\u00e9 je mo\u017en\u00e9 nastavi\u0165 s volite\u013en\u00fdm oneskoren\u00edm spustenia: zvukov\u00fd z\u00e1znam, spustenie zvukov\u00e9ho alarmu a simul\u00e1ciu prich\u00e1dzaj\u00faceho telef\u00f3nneho hovoru.","robots":{"index":"index","follow":"follow","max-snippet":"max-snippet:-1","max-image-preview":"max-image-preview:large","max-video-preview":"max-video-preview:-1"},"canonical":"DODATO\u010cN\u00c9 N\u00c1STROJE P\u00e4\u0165 doplnkov\u00fdch n\u00e1strojov pon\u00faka SOS Universal: (1) Uzamknutie aplik\u00e1cie S cie\u013eom vyhn\u00fa\u0165 sa chyb\u00e1m pri manipul\u00e1cii zranite\u013en\u00fdmi osobami, SOS Universal m\u00f4\u017ee by\u0165 nakonfigurovan\u00fd d\u00f4veryhodnou tre\u0165ou stranou a n\u00e1sledne uzamknut\u00fd: v takom pr\u00edpade je pou\u017eite\u013en\u00e9 iba hlavn\u00e9 tla\u010didlo spustenia alarmu (ako aj tla\u010didlo zru\u0161enia alarmu). Odomknutie sa vykon\u00e1va ve\u013emi jednoducho (k\u00f3d je 0000). (2)&hellip;","og_locale":"sk_SK","og_type":"article","og_title":"Dodato\u010dn\u00e9 n\u00e1stroje","og_description":"P\u00e4\u0165 doplnkov\u00fdch n\u00e1strojov pon\u00faka SOS Universal. Aby sa predi\u0161lo chyb\u00e1m pri manipul\u00e1cii zranite\u013en\u00fdmi osobami, SOS Universal m\u00f4\u017ee by\u0165 nastaven\u00fd d\u00f4veryhodnou tre\u0165ou stranou a n\u00e1sledne uzamknut\u00fd. M\u00e1te mo\u017enos\u0165 r\u00fdchlo nap\u00edsa\u0165 doplnkov\u00fa spr\u00e1vu, ktor\u00e1 bude integrovan\u00e1 do textu SMS spr\u00e1v bud\u00facich upozornen\u00ed. Okrem ak\u00e9hoko\u013evek upozornenia m\u00e1te k dispoz\u00edcii tri n\u00e1stroje, ktor\u00e9 je mo\u017en\u00e9 nastavi\u0165 s volite\u013en\u00fdm oneskoren\u00edm spustenia: zvukov\u00fd z\u00e1znam, spustenie zvukov\u00e9ho alarmu a simul\u00e1ciu prich\u00e1dzaj\u00faceho telef\u00f3nneho hovoru.","og_url":"https:\/\/www.dataslatitudes.com\/sosuniversal\/sk\/ecran-principal\/mode-emploi-outils-supplementaire\/","og_site_name":"SOS Universal","article_modified_time":"2025-07-22T17:01:26+00:00","twitter_card":"summary_large_image","twitter_misc":{"Predpokladan\u00fd \u010das \u010d\u00edtania":"3 min\u00faty"},"schema":{"@context":"https:\/\/schema.org","@graph":[{"@type":"WebPage","@id":"https:\/\/www.dataslatitudes.com\/sosuniversal\/sk\/ecran-principal\/mode-emploi-outils-supplementaire\/","url":"https:\/\/www.dataslatitudes.com\/sosuniversal\/sk\/ecran-principal\/mode-emploi-outils-supplementaire\/","name":"Outils suppl\u00e9mentaires - SOS Universal","isPartOf":{"@id":"https:\/\/www.dataslatitudes.com\/sosuniversal\/#website"},"primaryImageOfPage":{"@id":"https:\/\/www.dataslatitudes.com\/sosuniversal\/sk\/ecran-principal\/mode-emploi-outils-supplementaire\/#primaryimage"},"image":{"@id":"https:\/\/www.dataslatitudes.com\/sosuniversal\/sk\/ecran-principal\/mode-emploi-outils-supplementaire\/#primaryimage"},"thumbnailUrl":"http:\/\/www.dataslatitudes.com\/sosuniversal\/wp-content\/uploads\/2025\/07\/fr_ecran_principal_partie_basse_puce_recadre.webp","datePublished":"2025-06-13T07:11:06+00:00","dateModified":"2025-07-22T17:01:26+00:00","description":"Cinq outils suppl\u00e9mentaires vous sont propos\u00e9s par SOS Universal. Dans le but d\u2019\u00e9viter des erreurs de manipulation par des personnes vuln\u00e9rables, SOS Universal peut \u00eatre param\u00e9tr\u00e9e par un tiers de confiance puis ensuite \u00eatre verrouill\u00e9e. Vous avez la facult\u00e9 de r\u00e9diger rapidement un message compl\u00e9mentaire qui sera int\u00e9gr\u00e9 dans le texte du SMS des prochaines alertes. En dehors de toute alerte, vous disposez de trois utilitaires qui peuvent \u00eatre param\u00e9tr\u00e9s avec un d\u00e9lai de d\u00e9clenchement optionnel : l'enregistrement audio, le d\u00e9clenchement d'une alarme sonore et la simulation d\u2019un appel t\u00e9l\u00e9phonique entrant.","breadcrumb":{"@id":"https:\/\/www.dataslatitudes.com\/sosuniversal\/sk\/ecran-principal\/mode-emploi-outils-supplementaire\/#breadcrumb"},"inLanguage":"sk-SK","potentialAction":[{"@type":"ReadAction","target":["https:\/\/www.dataslatitudes.com\/sosuniversal\/sk\/ecran-principal\/mode-emploi-outils-supplementaire\/"]}]},{"@type":"ImageObject","inLanguage":"sk-SK","@id":"https:\/\/www.dataslatitudes.com\/sosuniversal\/sk\/ecran-principal\/mode-emploi-outils-supplementaire\/#primaryimage","url":"http:\/\/www.dataslatitudes.com\/sosuniversal\/wp-content\/uploads\/2025\/07\/fr_ecran_principal_partie_basse_puce_recadre.webp","contentUrl":"http:\/\/www.dataslatitudes.com\/sosuniversal\/wp-content\/uploads\/2025\/07\/fr_ecran_principal_partie_basse_puce_recadre.webp"},{"@type":"BreadcrumbList","@id":"https:\/\/www.dataslatitudes.com\/sosuniversal\/sk\/ecran-principal\/mode-emploi-outils-supplementaire\/#breadcrumb","itemListElement":[{"@type":"ListItem","position":1,"name":"Prezent\u00e1cia","item":"https:\/\/www.dataslatitudes.com\/sosuniversal\/fr\/"},{"@type":"ListItem","position":2,"name":"Hlavn\u00fd displej","item":"https:\/\/www.dataslatitudes.com\/sosuniversal\/ecran-principal\/"},{"@type":"ListItem","position":3,"name":"Dodato\u010dn\u00e9 n\u00e1stroje"}]},{"@type":"WebSite","@id":"https:\/\/www.dataslatitudes.com\/sosuniversal\/sk\/#website","url":"https:\/\/www.dataslatitudes.com\/sosuniversal\/sk\/","name":"SOS Universal","description":"","publisher":{"@id":"https:\/\/www.dataslatitudes.com\/sosuniversal\/sk\/#organization"},"potentialAction":[{"@type":"SearchAction","target":{"@type":"EntryPoint","urlTemplate":"https:\/\/www.dataslatitudes.com\/sosuniversal\/sk\/?s={search_term_string}"},"query-input":{"@type":"PropertyValueSpecification","valueRequired":true,"valueName":"search_term_string"}}],"inLanguage":"sk-SK"},{"@type":"Organization","@id":"https:\/\/www.dataslatitudes.com\/sosuniversal\/sk\/#organization","name":"DATASLATITUDES","url":"https:\/\/www.dataslatitudes.com\/sosuniversal\/sk\/","logo":{"@type":"ImageObject","inLanguage":"sk-SK","@id":"https:\/\/www.dataslatitudes.com\/sosuniversal\/sk\/#\/schema\/logo\/image\/","url":"https:\/\/www.dataslatitudes.com\/sosuniversal\/wp-content\/uploads\/2025\/07\/logo_mrdv.png","contentUrl":"https:\/\/www.dataslatitudes.com\/sosuniversal\/wp-content\/uploads\/2025\/07\/logo_mrdv.png","width":72,"height":72,"caption":"DATASLATITUDES"},"image":{"@id":"https:\/\/www.dataslatitudes.com\/sosuniversal\/sk\/#\/schema\/logo\/image\/"}}]}},"_links":{"self":[{"href":"https:\/\/www.dataslatitudes.com\/sosuniversal\/sk\/wp-json\/wp\/v2\/pages\/250","targetHints":{"allow":["GET"]}}],"collection":[{"href":"https:\/\/www.dataslatitudes.com\/sosuniversal\/sk\/wp-json\/wp\/v2\/pages"}],"about":[{"href":"https:\/\/www.dataslatitudes.com\/sosuniversal\/sk\/wp-json\/wp\/v2\/types\/page"}],"author":[{"embeddable":true,"href":"https:\/\/www.dataslatitudes.com\/sosuniversal\/sk\/wp-json\/wp\/v2\/users\/1"}],"replies":[{"embeddable":true,"href":"https:\/\/www.dataslatitudes.com\/sosuniversal\/sk\/wp-json\/wp\/v2\/comments?post=250"}],"version-history":[{"count":40,"href":"https:\/\/www.dataslatitudes.com\/sosuniversal\/sk\/wp-json\/wp\/v2\/pages\/250\/revisions"}],"predecessor-version":[{"id":1070,"href":"https:\/\/www.dataslatitudes.com\/sosuniversal\/sk\/wp-json\/wp\/v2\/pages\/250\/revisions\/1070"}],"up":[{"embeddable":true,"href":"https:\/\/www.dataslatitudes.com\/sosuniversal\/sk\/wp-json\/wp\/v2\/pages\/14"}],"wp:attachment":[{"href":"https:\/\/www.dataslatitudes.com\/sosuniversal\/sk\/wp-json\/wp\/v2\/media?parent=250"}],"curies":[{"name":"wp","href":"https:\/\/api.w.org\/{rel}","templated":true}]}}