{"id":246,"date":"2025-06-13T07:09:52","date_gmt":"2025-06-13T07:09:52","guid":{"rendered":"https:\/\/www.dataslatitudes.com\/sosuniversal\/index.php\/mode-emploi\/mode-demploi-parametres\/"},"modified":"2025-07-21T16:04:04","modified_gmt":"2025-07-21T16:04:04","slug":"mode-emploi-historique-enregistrement-audio","status":"publish","type":"page","link":"https:\/\/www.dataslatitudes.com\/sosuniversal\/sk\/ecran-principal\/mode-emploi-historique-enregistrement-audio\/","title":{"rendered":"Hist\u00f3ria a zvukov\u00e9 nahr\u00e1vky"},"content":{"rendered":"\r\n<p class=\"has-small-font-size\"><\/p>\r\n\r\n\r\n\r\n<h1 class=\"wp-block-heading has-text-align-center has-medium-font-size\" style=\"margin-top:var(--wp--preset--spacing--30);margin-bottom:var(--wp--preset--spacing--30)\"><strong>HIST\u00d3RIA UPOZORNEN\u00cd<\/strong><\/h1>\r\n\r\n\r\n\r\n<p style=\"font-size:1rem\">Posledn\u00fdch 50 odoslan\u00fdch upozornen\u00ed je archivovan\u00fdch so v\u0161etk\u00fdmi ich charakteristikami.<\/p>\r\n\r\n\r\n\r\n<div class=\"wp-block-columns is-layout-flex wp-container-core-columns-is-layout-ec2e7a44 wp-block-columns-is-layout-flex\" style=\"padding-top:0;padding-bottom:0\">\r\n<div class=\"wp-block-column is-layout-flow wp-block-column-is-layout-flow\" style=\"flex-basis:33.33%\">\r\n<figure class=\"wp-block-image aligncenter size-large is-resized\"><img decoding=\"async\" src=\"http:\/\/www.dataslatitudes.com\/sosuniversal\/wp-content\/uploads\/sk_historique_alerte_puce-459x1024.webp\" alt=\"SOS Universal \u2013 hist\u00f3ria upozornen\u00ed\" class=\"wp-image-402\" style=\"width:273px\"\/><\/figure>\r\n<\/div>\r\n\r\n\r\n\r\n<div class=\"wp-block-column is-layout-flow wp-block-column-is-layout-flow\" style=\"padding-top:0;padding-bottom:0;flex-basis:66.66%\">\r\n<p style=\"font-size:1rem\">(1) Krstn\u00e9 meno a priezvisko kontaktovanej osoby<br>(2) D\u00e1tum a \u010das spustenia upozornenia<br>(3) Piktogramy sumarizuj\u00face obsah upozornenia (v pr\u00edklade: telefonick\u00fd hovor, odoslanie SMS s geografickou polohou a adresou, zvukov\u00fd z\u00e1znam a zvukov\u00fd alarm)<br>(4) Pou\u017eit\u00fd re\u017eim upozornenia s jeho parametrami<br>(5) Odstr\u00e1nenie celej hist\u00f3rie upozornen\u00ed<\/p>\r\n\r\n\r\n\r\n<p>D\u00e1tum je vyjadren\u00fd vo form\u00e1te RRRR-MM-DD (medzin\u00e1rodn\u00e1 norma ISO 8601).<\/p>\r\n<\/div>\r\n<\/div>\r\n\r\n\r\n\r\n<p class=\"has-small-font-size\"><\/p>\r\n\r\n\r\n\r\n<h2 class=\"wp-block-heading has-text-align-center has-medium-font-size\" style=\"margin-top:var(--wp--preset--spacing--30);margin-bottom:var(--wp--preset--spacing--30)\"><strong>ZVUKOV\u00c9 NAHR\u00c1VKY<\/strong><\/h2>\r\n\r\n\r\n\r\n<p style=\"font-size:1rem\">M\u00f4\u017eete uchov\u00e1va\u0165 a\u017e 200 zvukov\u00fdch z\u00e1znamov, ktor\u00e9 s\u00fa ulo\u017een\u00e9 v adres\u00e1ri preberania smartf\u00f3nu. Ka\u017ed\u00fd z\u00e1znam je ozna\u010den\u00fd \u010dasovou pe\u010diatkou a je mo\u017en\u00e9 ho po\u010d\u00fava\u0165, premenova\u0165 alebo odstr\u00e1ni\u0165.<\/p>\r\n\r\n\r\n\r\n<div class=\"wp-block-columns is-layout-flex wp-container-core-columns-is-layout-ec2e7a44 wp-block-columns-is-layout-flex\" style=\"padding-top:0;padding-bottom:0\">\r\n<div class=\"wp-block-column is-layout-flow wp-block-column-is-layout-flow\" style=\"flex-basis:33.33%\">\r\n<figure class=\"wp-block-image aligncenter size-large is-resized\"><img decoding=\"async\" src=\"http:\/\/www.dataslatitudes.com\/sosuniversal\/wp-content\/uploads\/sk_enregistrement_audio_puce-459x1024.webp\" alt=\"SOS Universal \u2013 spr\u00e1va zvukov\u00fdch z\u00e1znamov\" class=\"wp-image-403\" style=\"width:273px\"\/><\/figure>\r\n<\/div>\r\n\r\n\r\n\r\n<div class=\"wp-block-column is-layout-flow wp-block-column-is-layout-flow\" style=\"flex-basis:66.66%\">\r\n<p style=\"font-size:1rem\">(1) N\u00e1zov nahr\u00e1vky<br>(2) D\u00e1tum, \u010das a ve\u013ekos\u0165 z\u00e1znamu<br>(3) Funkcia odstr\u00e1nenia<br>(4) Funkcia \u00fapravy n\u00e1zvu s\u00faboru<br>(5) Prehr\u00e1vanie nahr\u00e1vky alebo zastavenie prehr\u00e1vania<br>(6) Posun o 5 sek\u00fand dozadu<br>(7) Posun o 5 sek\u00fand dopredu<br>(8) Posuvn\u00edk priebehu prehr\u00e1vania<br>(9) R\u00fdchlos\u0165 prehr\u00e1vania z\u00e1znamu: m\u00f4\u017ee by\u0165 zn\u00ed\u017een\u00e1 (x 0.5) alebo zv\u00fd\u0161en\u00e1 (x 1.5, x 2.0)<\/p>\r\n\r\n\r\n\r\n<p>D\u00e1tum je vyjadren\u00fd vo form\u00e1te RRRR-MM-DD (medzin\u00e1rodn\u00e1 norma ISO 8601).<\/p>\r\n<\/div>\r\n<\/div>\r\n\r\n\r\n\r\n<p class=\"has-medium-font-size\"><\/p>\r\n\r\n\r\n\r\n<p><\/p>\r\n","protected":false},"excerpt":{"rendered":"<p>HIST\u00d3RIA UPOZORNEN\u00cd Posledn\u00fdch 50 odoslan\u00fdch upozornen\u00ed je archivovan\u00fdch so v\u0161etk\u00fdmi ich charakteristikami. (1) Krstn\u00e9 meno a priezvisko kontaktovanej osoby(2) D\u00e1tum [&hellip;]<\/p>\n","protected":false},"author":1,"featured_media":0,"parent":14,"menu_order":5,"comment_status":"closed","ping_status":"closed","template":"","meta":{"site-sidebar-layout":"default","site-content-layout":"","ast-site-content-layout":"","site-content-style":"default","site-sidebar-style":"default","ast-global-header-display":"","ast-banner-title-visibility":"","ast-main-header-display":"","ast-hfb-above-header-display":"","ast-hfb-below-header-display":"","ast-hfb-mobile-header-display":"","site-post-title":"disabled","ast-breadcrumbs-content":"","ast-featured-img":"","footer-sml-layout":"","theme-transparent-header-meta":"","adv-header-id-meta":"","stick-header-meta":"","header-above-stick-meta":"","header-main-stick-meta":"","header-below-stick-meta":"","astra-migrate-meta-layouts":"default","ast-page-background-enabled":"default","ast-page-background-meta":{"desktop":{"background-color":"var(--ast-global-color-5)","background-image":"","background-repeat":"repeat","background-position":"center center","background-size":"auto","background-attachment":"scroll","background-type":"","background-media":"","overlay-type":"","overlay-color":"","overlay-opacity":"","overlay-gradient":""},"tablet":{"background-color":"","background-image":"","background-repeat":"repeat","background-position":"center center","background-size":"auto","background-attachment":"scroll","background-type":"","background-media":"","overlay-type":"","overlay-color":"","overlay-opacity":"","overlay-gradient":""},"mobile":{"background-color":"","background-image":"","background-repeat":"repeat","background-position":"center center","background-size":"auto","background-attachment":"scroll","background-type":"","background-media":"","overlay-type":"","overlay-color":"","overlay-opacity":"","overlay-gradient":""}},"ast-content-background-meta":{"desktop":{"background-color":"var(--ast-global-color-4)","background-image":"","background-repeat":"repeat","background-position":"center center","background-size":"auto","background-attachment":"scroll","background-type":"","background-media":"","overlay-type":"","overlay-color":"","overlay-opacity":"","overlay-gradient":""},"tablet":{"background-color":"var(--ast-global-color-4)","background-image":"","background-repeat":"repeat","background-position":"center center","background-size":"auto","background-attachment":"scroll","background-type":"","background-media":"","overlay-type":"","overlay-color":"","overlay-opacity":"","overlay-gradient":""},"mobile":{"background-color":"var(--ast-global-color-4)","background-image":"","background-repeat":"repeat","background-position":"center center","background-size":"auto","background-attachment":"scroll","background-type":"","background-media":"","overlay-type":"","overlay-color":"","overlay-opacity":"","overlay-gradient":""}},"footnotes":""},"class_list":["post-246","page","type-page","status-publish","hentry"],"yoast_head":"<!-- This site is optimized with the Yoast SEO plugin v25.6 - https:\/\/yoast.com\/wordpress\/plugins\/seo\/ -->\n<title>Hist\u00f3ria a zvukov\u00e9 nahr\u00e1vky<\/title>\n<meta name=\"description\" content=\"Posledn\u00fdch 50 odoslan\u00fdch upozornen\u00ed je archivovan\u00fdch so v\u0161etk\u00fdmi ich charakteristikami. M\u00f4\u017eete si ulo\u017ei\u0165 a\u017e 200 zvukov\u00fdch nahr\u00e1vok, ktor\u00e9 s\u00fa ulo\u017een\u00e9 v adres\u00e1ri s\u0165ahovania smartf\u00f3nu. Ka\u017ed\u00e1 nahr\u00e1vka je ozna\u010den\u00e1 \u010dasovou pe\u010diatkou a je mo\u017en\u00e9 ju po\u010d\u00fava\u0165, premenova\u0165 alebo odstr\u00e1ni\u0165.\" \/>\n<meta name=\"robots\" content=\"index, follow, max-snippet:-1, max-image-preview:large, max-video-preview:-1\" \/>\n<link rel=\"canonical\" href=\"\" \/>\n<meta property=\"og:locale\" content=\"sk_SK\" \/>\n<meta property=\"og:type\" content=\"article\" \/>\n<meta property=\"og:title\" content=\"Hist\u00f3ria a zvukov\u00e9 nahr\u00e1vky\" \/>\n<meta property=\"og:description\" content=\"Posledn\u00fdch 50 odoslan\u00fdch upozornen\u00ed je archivovan\u00fdch so v\u0161etk\u00fdmi ich charakteristikami. M\u00f4\u017eete si ulo\u017ei\u0165 a\u017e 200 zvukov\u00fdch nahr\u00e1vok, ktor\u00e9 s\u00fa ulo\u017een\u00e9 v adres\u00e1ri s\u0165ahovania smartf\u00f3nu. Ka\u017ed\u00e1 nahr\u00e1vka je ozna\u010den\u00e1 \u010dasovou pe\u010diatkou a je mo\u017en\u00e9 ju po\u010d\u00fava\u0165, premenova\u0165 alebo odstr\u00e1ni\u0165.\" \/>\n<meta property=\"og:url\" content=\"https:\/\/www.dataslatitudes.com\/sosuniversal\/sk\/ecran-principal\/mode-emploi-historique-enregistrement-audio\/\" \/>\n<meta property=\"og:site_name\" content=\"SOS Universal\" \/>\n<meta property=\"article:modified_time\" content=\"2025-07-21T16:04:04+00:00\" \/>\n<meta name=\"twitter:card\" content=\"summary_large_image\" \/>\n<meta name=\"twitter:label1\" content=\"Predpokladan\u00fd \u010das \u010d\u00edtania\" \/>\n\t<meta name=\"twitter:data1\" content=\"2 min\u00faty\" \/>\n<script type=\"application\/ld+json\" class=\"yoast-schema-graph\">{\"@context\":\"https:\/\/schema.org\",\"@graph\":[{\"@type\":\"WebPage\",\"@id\":\"https:\/\/www.dataslatitudes.com\/sosuniversal\/sk\/ecran-principal\/mode-emploi-historique-enregistrement-audio\/\",\"url\":\"https:\/\/www.dataslatitudes.com\/sosuniversal\/sk\/ecran-principal\/mode-emploi-historique-enregistrement-audio\/\",\"name\":\"Historique et enregistrements audios - SOS Universal\",\"isPartOf\":{\"@id\":\"https:\/\/www.dataslatitudes.com\/sosuniversal\/#website\"},\"primaryImageOfPage\":{\"@id\":\"https:\/\/www.dataslatitudes.com\/sosuniversal\/sk\/ecran-principal\/mode-emploi-historique-enregistrement-audio\/#primaryimage\"},\"image\":{\"@id\":\"https:\/\/www.dataslatitudes.com\/sosuniversal\/sk\/ecran-principal\/mode-emploi-historique-enregistrement-audio\/#primaryimage\"},\"thumbnailUrl\":\"http:\/\/www.dataslatitudes.com\/sosuniversal\/wp-content\/uploads\/2025\/07\/fr_historique_alerte_puce-459x1024.webp\",\"datePublished\":\"2025-06-13T07:09:52+00:00\",\"dateModified\":\"2025-07-21T16:04:04+00:00\",\"description\":\"Les 50 derni\u00e8res alertes \u00e9mises sont historis\u00e9es avec toutes leurs caract\u00e9ristiques. Vous pouvez conserver jusqu\u2019\u00e0 200 enregistrements audios qui sont stock\u00e9s dans le r\u00e9pertoire des t\u00e9l\u00e9chargements du smartphone. Chaque enregistrement est horodat\u00e9 et peut \u00eatre \u00e9cout\u00e9, renomm\u00e9 ou supprim\u00e9.\",\"breadcrumb\":{\"@id\":\"https:\/\/www.dataslatitudes.com\/sosuniversal\/sk\/ecran-principal\/mode-emploi-historique-enregistrement-audio\/#breadcrumb\"},\"inLanguage\":\"sk-SK\",\"potentialAction\":[{\"@type\":\"ReadAction\",\"target\":[\"https:\/\/www.dataslatitudes.com\/sosuniversal\/sk\/ecran-principal\/mode-emploi-historique-enregistrement-audio\/\"]}]},{\"@type\":\"ImageObject\",\"inLanguage\":\"sk-SK\",\"@id\":\"https:\/\/www.dataslatitudes.com\/sosuniversal\/sk\/ecran-principal\/mode-emploi-historique-enregistrement-audio\/#primaryimage\",\"url\":\"http:\/\/www.dataslatitudes.com\/sosuniversal\/wp-content\/uploads\/2025\/07\/fr_historique_alerte_puce-459x1024.webp\",\"contentUrl\":\"http:\/\/www.dataslatitudes.com\/sosuniversal\/wp-content\/uploads\/2025\/07\/fr_historique_alerte_puce-459x1024.webp\"},{\"@type\":\"BreadcrumbList\",\"@id\":\"https:\/\/www.dataslatitudes.com\/sosuniversal\/sk\/ecran-principal\/mode-emploi-historique-enregistrement-audio\/#breadcrumb\",\"itemListElement\":[{\"@type\":\"ListItem\",\"position\":1,\"name\":\"Prezent\u00e1cia\",\"item\":\"https:\/\/www.dataslatitudes.com\/sosuniversal\/fr\/\"},{\"@type\":\"ListItem\",\"position\":2,\"name\":\"Hlavn\u00fd displej\",\"item\":\"https:\/\/www.dataslatitudes.com\/sosuniversal\/ecran-principal\/\"},{\"@type\":\"ListItem\",\"position\":3,\"name\":\"Hist\u00f3ria a zvukov\u00e9 nahr\u00e1vky\"}]},{\"@type\":\"WebSite\",\"@id\":\"https:\/\/www.dataslatitudes.com\/sosuniversal\/sk\/#website\",\"url\":\"https:\/\/www.dataslatitudes.com\/sosuniversal\/sk\/\",\"name\":\"SOS Universal\",\"description\":\"\",\"publisher\":{\"@id\":\"https:\/\/www.dataslatitudes.com\/sosuniversal\/sk\/#organization\"},\"potentialAction\":[{\"@type\":\"SearchAction\",\"target\":{\"@type\":\"EntryPoint\",\"urlTemplate\":\"https:\/\/www.dataslatitudes.com\/sosuniversal\/sk\/?s={search_term_string}\"},\"query-input\":{\"@type\":\"PropertyValueSpecification\",\"valueRequired\":true,\"valueName\":\"search_term_string\"}}],\"inLanguage\":\"sk-SK\"},{\"@type\":\"Organization\",\"@id\":\"https:\/\/www.dataslatitudes.com\/sosuniversal\/sk\/#organization\",\"name\":\"DATASLATITUDES\",\"url\":\"https:\/\/www.dataslatitudes.com\/sosuniversal\/sk\/\",\"logo\":{\"@type\":\"ImageObject\",\"inLanguage\":\"sk-SK\",\"@id\":\"https:\/\/www.dataslatitudes.com\/sosuniversal\/sk\/#\/schema\/logo\/image\/\",\"url\":\"https:\/\/www.dataslatitudes.com\/sosuniversal\/wp-content\/uploads\/2025\/07\/logo_mrdv.png\",\"contentUrl\":\"https:\/\/www.dataslatitudes.com\/sosuniversal\/wp-content\/uploads\/2025\/07\/logo_mrdv.png\",\"width\":72,\"height\":72,\"caption\":\"DATASLATITUDES\"},\"image\":{\"@id\":\"https:\/\/www.dataslatitudes.com\/sosuniversal\/sk\/#\/schema\/logo\/image\/\"}}]}<\/script>\n<!-- \/ Yoast SEO plugin. -->","yoast_head_json":{"title":"Hist\u00f3ria a zvukov\u00e9 nahr\u00e1vky","description":"Posledn\u00fdch 50 odoslan\u00fdch upozornen\u00ed je archivovan\u00fdch so v\u0161etk\u00fdmi ich charakteristikami. M\u00f4\u017eete si ulo\u017ei\u0165 a\u017e 200 zvukov\u00fdch nahr\u00e1vok, ktor\u00e9 s\u00fa ulo\u017een\u00e9 v adres\u00e1ri s\u0165ahovania smartf\u00f3nu. Ka\u017ed\u00e1 nahr\u00e1vka je ozna\u010den\u00e1 \u010dasovou pe\u010diatkou a je mo\u017en\u00e9 ju po\u010d\u00fava\u0165, premenova\u0165 alebo odstr\u00e1ni\u0165.","robots":{"index":"index","follow":"follow","max-snippet":"max-snippet:-1","max-image-preview":"max-image-preview:large","max-video-preview":"max-video-preview:-1"},"canonical":"HIST\u00d3RIA UPOZORNEN\u00cd Posledn\u00fdch 50 odoslan\u00fdch upozornen\u00ed je archivovan\u00fdch so v\u0161etk\u00fdmi ich charakteristikami. (1) Krstn\u00e9 meno a priezvisko kontaktovanej osoby(2) D\u00e1tum a \u010das spustenia upozornenia(3) Piktogramy sumarizuj\u00face obsah upozornenia (v pr\u00edklade: telefonick\u00fd hovor, odoslanie SMS s geografickou polohou a adresou, zvukov\u00fd z\u00e1znam a zvukov\u00fd alarm)(4) Pou\u017eit\u00fd re\u017eim upozornenia s jeho parametrami(5) Odstr\u00e1nenie celej hist\u00f3rie upozornen\u00ed D\u00e1tum&hellip;","og_locale":"sk_SK","og_type":"article","og_title":"Hist\u00f3ria a zvukov\u00e9 nahr\u00e1vky","og_description":"Posledn\u00fdch 50 odoslan\u00fdch upozornen\u00ed je archivovan\u00fdch so v\u0161etk\u00fdmi ich charakteristikami. M\u00f4\u017eete si ulo\u017ei\u0165 a\u017e 200 zvukov\u00fdch nahr\u00e1vok, ktor\u00e9 s\u00fa ulo\u017een\u00e9 v adres\u00e1ri s\u0165ahovania smartf\u00f3nu. Ka\u017ed\u00e1 nahr\u00e1vka je ozna\u010den\u00e1 \u010dasovou pe\u010diatkou a je mo\u017en\u00e9 ju po\u010d\u00fava\u0165, premenova\u0165 alebo odstr\u00e1ni\u0165.","og_url":"https:\/\/www.dataslatitudes.com\/sosuniversal\/sk\/ecran-principal\/mode-emploi-historique-enregistrement-audio\/","og_site_name":"SOS Universal","article_modified_time":"2025-07-21T16:04:04+00:00","twitter_card":"summary_large_image","twitter_misc":{"Predpokladan\u00fd \u010das \u010d\u00edtania":"2 min\u00faty"},"schema":{"@context":"https:\/\/schema.org","@graph":[{"@type":"WebPage","@id":"https:\/\/www.dataslatitudes.com\/sosuniversal\/sk\/ecran-principal\/mode-emploi-historique-enregistrement-audio\/","url":"https:\/\/www.dataslatitudes.com\/sosuniversal\/sk\/ecran-principal\/mode-emploi-historique-enregistrement-audio\/","name":"Historique et enregistrements audios - SOS Universal","isPartOf":{"@id":"https:\/\/www.dataslatitudes.com\/sosuniversal\/#website"},"primaryImageOfPage":{"@id":"https:\/\/www.dataslatitudes.com\/sosuniversal\/sk\/ecran-principal\/mode-emploi-historique-enregistrement-audio\/#primaryimage"},"image":{"@id":"https:\/\/www.dataslatitudes.com\/sosuniversal\/sk\/ecran-principal\/mode-emploi-historique-enregistrement-audio\/#primaryimage"},"thumbnailUrl":"http:\/\/www.dataslatitudes.com\/sosuniversal\/wp-content\/uploads\/2025\/07\/fr_historique_alerte_puce-459x1024.webp","datePublished":"2025-06-13T07:09:52+00:00","dateModified":"2025-07-21T16:04:04+00:00","description":"Les 50 derni\u00e8res alertes \u00e9mises sont historis\u00e9es avec toutes leurs caract\u00e9ristiques. Vous pouvez conserver jusqu\u2019\u00e0 200 enregistrements audios qui sont stock\u00e9s dans le r\u00e9pertoire des t\u00e9l\u00e9chargements du smartphone. Chaque enregistrement est horodat\u00e9 et peut \u00eatre \u00e9cout\u00e9, renomm\u00e9 ou supprim\u00e9.","breadcrumb":{"@id":"https:\/\/www.dataslatitudes.com\/sosuniversal\/sk\/ecran-principal\/mode-emploi-historique-enregistrement-audio\/#breadcrumb"},"inLanguage":"sk-SK","potentialAction":[{"@type":"ReadAction","target":["https:\/\/www.dataslatitudes.com\/sosuniversal\/sk\/ecran-principal\/mode-emploi-historique-enregistrement-audio\/"]}]},{"@type":"ImageObject","inLanguage":"sk-SK","@id":"https:\/\/www.dataslatitudes.com\/sosuniversal\/sk\/ecran-principal\/mode-emploi-historique-enregistrement-audio\/#primaryimage","url":"http:\/\/www.dataslatitudes.com\/sosuniversal\/wp-content\/uploads\/2025\/07\/fr_historique_alerte_puce-459x1024.webp","contentUrl":"http:\/\/www.dataslatitudes.com\/sosuniversal\/wp-content\/uploads\/2025\/07\/fr_historique_alerte_puce-459x1024.webp"},{"@type":"BreadcrumbList","@id":"https:\/\/www.dataslatitudes.com\/sosuniversal\/sk\/ecran-principal\/mode-emploi-historique-enregistrement-audio\/#breadcrumb","itemListElement":[{"@type":"ListItem","position":1,"name":"Prezent\u00e1cia","item":"https:\/\/www.dataslatitudes.com\/sosuniversal\/fr\/"},{"@type":"ListItem","position":2,"name":"Hlavn\u00fd displej","item":"https:\/\/www.dataslatitudes.com\/sosuniversal\/ecran-principal\/"},{"@type":"ListItem","position":3,"name":"Hist\u00f3ria a zvukov\u00e9 nahr\u00e1vky"}]},{"@type":"WebSite","@id":"https:\/\/www.dataslatitudes.com\/sosuniversal\/sk\/#website","url":"https:\/\/www.dataslatitudes.com\/sosuniversal\/sk\/","name":"SOS Universal","description":"","publisher":{"@id":"https:\/\/www.dataslatitudes.com\/sosuniversal\/sk\/#organization"},"potentialAction":[{"@type":"SearchAction","target":{"@type":"EntryPoint","urlTemplate":"https:\/\/www.dataslatitudes.com\/sosuniversal\/sk\/?s={search_term_string}"},"query-input":{"@type":"PropertyValueSpecification","valueRequired":true,"valueName":"search_term_string"}}],"inLanguage":"sk-SK"},{"@type":"Organization","@id":"https:\/\/www.dataslatitudes.com\/sosuniversal\/sk\/#organization","name":"DATASLATITUDES","url":"https:\/\/www.dataslatitudes.com\/sosuniversal\/sk\/","logo":{"@type":"ImageObject","inLanguage":"sk-SK","@id":"https:\/\/www.dataslatitudes.com\/sosuniversal\/sk\/#\/schema\/logo\/image\/","url":"https:\/\/www.dataslatitudes.com\/sosuniversal\/wp-content\/uploads\/2025\/07\/logo_mrdv.png","contentUrl":"https:\/\/www.dataslatitudes.com\/sosuniversal\/wp-content\/uploads\/2025\/07\/logo_mrdv.png","width":72,"height":72,"caption":"DATASLATITUDES"},"image":{"@id":"https:\/\/www.dataslatitudes.com\/sosuniversal\/sk\/#\/schema\/logo\/image\/"}}]}},"_links":{"self":[{"href":"https:\/\/www.dataslatitudes.com\/sosuniversal\/sk\/wp-json\/wp\/v2\/pages\/246","targetHints":{"allow":["GET"]}}],"collection":[{"href":"https:\/\/www.dataslatitudes.com\/sosuniversal\/sk\/wp-json\/wp\/v2\/pages"}],"about":[{"href":"https:\/\/www.dataslatitudes.com\/sosuniversal\/sk\/wp-json\/wp\/v2\/types\/page"}],"author":[{"embeddable":true,"href":"https:\/\/www.dataslatitudes.com\/sosuniversal\/sk\/wp-json\/wp\/v2\/users\/1"}],"replies":[{"embeddable":true,"href":"https:\/\/www.dataslatitudes.com\/sosuniversal\/sk\/wp-json\/wp\/v2\/comments?post=246"}],"version-history":[{"count":24,"href":"https:\/\/www.dataslatitudes.com\/sosuniversal\/sk\/wp-json\/wp\/v2\/pages\/246\/revisions"}],"predecessor-version":[{"id":1054,"href":"https:\/\/www.dataslatitudes.com\/sosuniversal\/sk\/wp-json\/wp\/v2\/pages\/246\/revisions\/1054"}],"up":[{"embeddable":true,"href":"https:\/\/www.dataslatitudes.com\/sosuniversal\/sk\/wp-json\/wp\/v2\/pages\/14"}],"wp:attachment":[{"href":"https:\/\/www.dataslatitudes.com\/sosuniversal\/sk\/wp-json\/wp\/v2\/media?parent=246"}],"curies":[{"name":"wp","href":"https:\/\/api.w.org\/{rel}","templated":true}]}}