{"id":185,"date":"2025-06-12T17:24:48","date_gmt":"2025-06-12T17:24:48","guid":{"rendered":"https:\/\/www.dataslatitudes.com\/sosuniversal\/index.php\/politique-de-confidentialite\/"},"modified":"2025-08-14T10:02:03","modified_gmt":"2025-08-14T10:02:03","slug":"mentions-legales","status":"publish","type":"page","link":"https:\/\/www.dataslatitudes.com\/sosuniversal\/sk\/mentions-legales\/","title":{"rendered":"Pr\u00e1vne inform\u00e1cie"},"content":{"rendered":"\r\n<p class=\"has-small-font-size\"><\/p>\r\n\r\n\r\n\r\n<h1 class=\"wp-block-heading has-text-align-center has-medium-font-size\"><strong>PR\u00c1VNE INFORM\u00c1CIE<\/strong><\/h1>\r\n\r\n\r\n\r\n<h2 class=\"wp-block-heading has-background\" style=\"background-color:#f9f3eb;margin-top:var(--wp--preset--spacing--20);margin-bottom:var(--wp--preset--spacing--20);padding-top:var(--wp--preset--spacing--30);padding-bottom:var(--wp--preset--spacing--30);font-size:1.2rem\">1. Inform\u00e1cie o vydavate\u013eovi aplik\u00e1cie<\/h2>\r\n\r\n\r\n\r\n<p style=\"margin-top:0;margin-bottom:0;font-size:1rem\">T\u00e1to webov\u00e1 str\u00e1nka a mobiln\u00e1 aplik\u00e1cia SOS Universal s\u00fa vyd\u00e1van\u00e9 spolo\u010dnos\u0165ou DATASLATITUDES.<\/p>\r\n\r\n\r\n\r\n<p style=\"font-size:1rem\">M\u00f4\u017eete po\u017eiada\u0165 o pomoc na e-mailovej adrese: <strong>hotline.sos_universal@dataslatitudes.com<\/strong><\/p>\r\n\r\n\r\n\r\n<h2 class=\"wp-block-heading has-background\" style=\"background-color:#f9f3eb;margin-top:var(--wp--preset--spacing--20);margin-bottom:var(--wp--preset--spacing--20);padding-top:var(--wp--preset--spacing--30);padding-bottom:var(--wp--preset--spacing--30);font-size:1.2rem\">2. Hosting<\/h2>\r\n\r\n\r\n\r\n<p style=\"margin-top:0;margin-bottom:0\">SOS Universal je mobiln\u00e1 aplik\u00e1cia distribuovan\u00e1 prostredn\u00edctvom platforiem na stiahnutie (Google Play Store a \u010doskoro App Store). Uv\u00e1dza sa, \u017ee \u00fadaje pou\u017e\u00edvate\u013ea s\u00fa v\u00fdlu\u010dne ulo\u017een\u00e9 lok\u00e1lne na jeho vlastnom zariaden\u00ed.<\/p>\r\n\r\n\r\n\r\n<p style=\"margin-top:0;margin-bottom:0;padding-top:0;padding-bottom:0\">Servery distribu\u010dn\u00fdch platforiem hostia in\u0161tala\u010dn\u00e9 s\u00fabory aplik\u00e1cie.<\/p>\r\n\r\n\r\n\r\n<ul style=\"margin-top:0;margin-bottom:0\" class=\"wp-block-list\">\r\n<li style=\"margin-top:0;margin-bottom:0;padding-top:var(--wp--preset--spacing--20);padding-bottom:var(--wp--preset--spacing--20)\">Hostitelia pre mobiln\u00fa aplik\u00e1ciu:\r\n<ul class=\"wp-block-list\">\r\n<li style=\"margin-top:0;margin-bottom:0\"><strong>Pre Android: <\/strong>Google LLC, 1600 Amphitheatre Parkway, Mountain View, CA 94043, USA<\/li>\r\n\r\n\r\n\r\n<li><strong>Pre iOS: <\/strong>Apple Inc., One Apple Park Way, Cupertino, CA 95014, USA<\/li>\r\n<\/ul>\r\n<\/li>\r\n\r\n\r\n\r\n<li>Hostite\u013e tejto webovej str\u00e1nky: <strong>AlwaysData<\/strong>, 91 Rue du Faubourg Saint-Honor\u00e9, 75008 Paris<\/li>\r\n<\/ul>\r\n\r\n\r\n\r\n<p class=\"has-small-font-size\"><\/p>\r\n\r\n\r\n\r\n<h2 class=\"wp-block-heading has-background\" style=\"background-color:#f9f3eb;margin-top:var(--wp--preset--spacing--20);margin-bottom:var(--wp--preset--spacing--20);padding-top:var(--wp--preset--spacing--30);padding-bottom:var(--wp--preset--spacing--30);font-size:1.2rem\">3. Du\u0161evn\u00e9 vlastn\u00edctvo<\/h2>\r\n\r\n\r\n\r\n<p style=\"margin-top:0;margin-bottom:0\">T\u00e1to webov\u00e1 str\u00e1nka a cel\u00e1 aplik\u00e1cia SOS Universal, vr\u00e1tane \u0161trukt\u00fary, rozhran\u00ed, zdrojov\u00e9ho k\u00f3du, grafick\u00e9ho dizajnu, ikon, textov, obr\u00e1zkov a ak\u00e9hoko\u013evek in\u00e9ho obsahu, s\u00fa v\u00fdhradn\u00fdm vlastn\u00edctvom vydavate\u013ea DATASLATITUDES.<\/p>\r\n\r\n\r\n\r\n<p style=\"margin-top:var(--wp--preset--spacing--30);margin-bottom:var(--wp--preset--spacing--30)\">Ak\u00e1ko\u013evek reprodukcia, zobrazenie, \u00faprava, publikovanie, prenos alebo skreslenie, \u010di u\u017e \u00fapln\u00e9 alebo \u010diasto\u010dn\u00e9, aplik\u00e1cie alebo jej obsahu, alebo webovej str\u00e1nky, ak\u00fdmko\u013evek sp\u00f4sobom a na akomko\u013evek nosi\u010di, je pr\u00edsne zak\u00e1zan\u00e1.<\/p>\r\n\r\n\r\n\r\n<p>Ak\u00e9ko\u013evek neopr\u00e1vnen\u00e9 vyu\u017eitie webovej str\u00e1nky, aplik\u00e1cie alebo ktorejko\u013evek jej s\u00fa\u010dasti sa pova\u017euje za poru\u0161enie autorsk\u00fdch pr\u00e1v a je trestne st\u00edhate\u013en\u00e9.<\/p>\r\n\r\n\r\n\r\n<h2 class=\"wp-block-heading has-background\" style=\"background-color:#f9f3eb;margin-top:var(--wp--preset--spacing--20);margin-bottom:var(--wp--preset--spacing--20);padding-top:var(--wp--preset--spacing--30);padding-bottom:var(--wp--preset--spacing--30);font-size:1.2rem\">4. Extern\u00e9 odkazy<\/h2>\r\n\r\n\r\n\r\n<p style=\"margin-top:0;margin-bottom:0\">Aplik\u00e1cia m\u00f4\u017ee obsahova\u0165 hypertextov\u00e9 odkazy na webov\u00e9 str\u00e1nky alebo slu\u017eby tret\u00edch str\u00e1n, najm\u00e4 GoogleMaps (alebo OpenStreetMap), z d\u00f4vodu geolok\u00e1cie. Vydavate\u013e nenesie zodpovednos\u0165 za obsah t\u00fdchto webov\u00fdch str\u00e1nok tret\u00edch str\u00e1n ani za postupy ochrany osobn\u00fdch \u00fadajov, ktor\u00e9 uplat\u0148uj\u00fa. U\u017e\u00edvate\u013e je vyzvan\u00fd, aby sa obozn\u00e1mil so v\u0161eobecn\u00fdmi podmienkami a z\u00e1sadami ochrany osobn\u00fdch \u00fadajov t\u00fdchto webov\u00fdch str\u00e1nok alebo slu\u017eieb.<\/p>\r\n\r\n\r\n\r\n<p class=\"has-small-font-size\"><\/p>\r\n\r\n\r\n\r\n<h2 class=\"wp-block-heading has-background\" style=\"background-color:#f9f3eb;margin-top:var(--wp--preset--spacing--20);margin-bottom:var(--wp--preset--spacing--20);padding-top:var(--wp--preset--spacing--30);padding-bottom:var(--wp--preset--spacing--30);font-size:1.2rem\">5. Zodpovednos\u0165<\/h2>\r\n\r\n\r\n\r\n<p style=\"margin-top:0;margin-bottom:0\">Vydavate\u013e sa sna\u017e\u00ed zabezpe\u010di\u0165 spo\u013eahlivos\u0165 a presnos\u0165 inform\u00e1ci\u00ed a funkci\u00ed aplik\u00e1cie. Vydavate\u013e v\u0161ak nem\u00f4\u017ee zaru\u010di\u0165, \u017ee aplik\u00e1cia bude bez ch\u00fdb, ch\u00fdb alebo preru\u0161en\u00ed.<br><strong>D\u00f4le\u017eit\u00e9 upozornenie: <\/strong>Aplik\u00e1cia SOS Universal je len n\u00e1strojom na pomoc. <strong>V \u017eiadnom pr\u00edpade nenahr\u00e1dza ofici\u00e1lne ties\u0148ov\u00e9 slu\u017eby. <\/strong>Vydavate\u013e odmieta ak\u00fako\u013evek zodpovednos\u0165 v pr\u00edpade nespr\u00e1vneho pou\u017e\u00edvania aplik\u00e1cie alebo zlyhania telekomunika\u010dn\u00fdch slu\u017eieb (mobiln\u00e1 sie\u0165, SMS), ktor\u00e9 nie s\u00fa pod jeho kontrolou.<\/p>\r\n\r\n\r\n\r\n<p class=\"has-small-font-size\"><\/p>\r\n\r\n\r\n\r\n<h2 class=\"wp-block-heading has-background\" style=\"background-color:#f9f3eb;margin-top:var(--wp--preset--spacing--20);margin-bottom:var(--wp--preset--spacing--20);padding-top:var(--wp--preset--spacing--30);padding-bottom:var(--wp--preset--spacing--30);font-size:1.2rem\">6. Kredity (pre t\u00fato webov\u00fa str\u00e1nku a aplik\u00e1ciu SOS Universal)<\/h2>\r\n\r\n\r\n\r\n<ul style=\"margin-top:0;margin-bottom:0;padding-top:0;padding-bottom:0\" class=\"wp-block-list\">\r\n<li style=\"margin-top:0;margin-bottom:0;padding-top:0;padding-bottom:0\"><strong>\u0160t\u00fadia a dizajn: <\/strong>DATASLATITUDES<\/li>\r\n\r\n\r\n\r\n<li><strong>V\u00fdvoj: <\/strong>DATASLATITUDES<\/li>\r\n<\/ul>\r\n\r\n\r\n\r\n<p class=\"has-medium-font-size\"><\/p>\r\n\r\n\r\n\r\n<p class=\"has-medium-font-size\"><\/p>\r\n","protected":false},"excerpt":{"rendered":"<p>PR\u00c1VNE INFORM\u00c1CIE 1. Inform\u00e1cie o vydavate\u013eovi aplik\u00e1cie T\u00e1to webov\u00e1 str\u00e1nka a mobiln\u00e1 aplik\u00e1cia SOS Universal s\u00fa vyd\u00e1van\u00e9 spolo\u010dnos\u0165ou DATASLATITUDES. M\u00f4\u017eete [&hellip;]<\/p>\n","protected":false},"author":1,"featured_media":0,"parent":0,"menu_order":5,"comment_status":"closed","ping_status":"closed","template":"","meta":{"site-sidebar-layout":"default","site-content-layout":"","ast-site-content-layout":"default","site-content-style":"default","site-sidebar-style":"default","ast-global-header-display":"","ast-banner-title-visibility":"","ast-main-header-display":"","ast-hfb-above-header-display":"","ast-hfb-below-header-display":"","ast-hfb-mobile-header-display":"","site-post-title":"disabled","ast-breadcrumbs-content":"","ast-featured-img":"","footer-sml-layout":"","theme-transparent-header-meta":"","adv-header-id-meta":"","stick-header-meta":"","header-above-stick-meta":"","header-main-stick-meta":"","header-below-stick-meta":"","astra-migrate-meta-layouts":"default","ast-page-background-enabled":"default","ast-page-background-meta":{"desktop":{"background-color":"var(--ast-global-color-5)","background-image":"","background-repeat":"repeat","background-position":"center center","background-size":"auto","background-attachment":"scroll","background-type":"","background-media":"","overlay-type":"","overlay-color":"","overlay-opacity":"","overlay-gradient":""},"tablet":{"background-color":"","background-image":"","background-repeat":"repeat","background-position":"center center","background-size":"auto","background-attachment":"scroll","background-type":"","background-media":"","overlay-type":"","overlay-color":"","overlay-opacity":"","overlay-gradient":""},"mobile":{"background-color":"","background-image":"","background-repeat":"repeat","background-position":"center center","background-size":"auto","background-attachment":"scroll","background-type":"","background-media":"","overlay-type":"","overlay-color":"","overlay-opacity":"","overlay-gradient":""}},"ast-content-background-meta":{"desktop":{"background-color":"var(--ast-global-color-4)","background-image":"","background-repeat":"repeat","background-position":"center center","background-size":"auto","background-attachment":"scroll","background-type":"","background-media":"","overlay-type":"","overlay-color":"","overlay-opacity":"","overlay-gradient":""},"tablet":{"background-color":"var(--ast-global-color-4)","background-image":"","background-repeat":"repeat","background-position":"center center","background-size":"auto","background-attachment":"scroll","background-type":"","background-media":"","overlay-type":"","overlay-color":"","overlay-opacity":"","overlay-gradient":""},"mobile":{"background-color":"var(--ast-global-color-4)","background-image":"","background-repeat":"repeat","background-position":"center center","background-size":"auto","background-attachment":"scroll","background-type":"","background-media":"","overlay-type":"","overlay-color":"","overlay-opacity":"","overlay-gradient":""}},"footnotes":""},"class_list":["post-185","page","type-page","status-publish","hentry"],"yoast_head":"<!-- This site is optimized with the Yoast SEO plugin v25.6 - https:\/\/yoast.com\/wordpress\/plugins\/seo\/ -->\n<title>Pr\u00e1vne inform\u00e1cie<\/title>\n<meta name=\"description\" content=\"Tieto pr\u00e1vne inform\u00e1cie sumarizuj\u00fa aspekty t\u00fdkaj\u00face sa inform\u00e1ci\u00ed o vydavate\u013eovi aplik\u00e1cie, hostingu, du\u0161evn\u00e9ho vlastn\u00edctva, extern\u00fdch odkazov, zodpovednosti a kreditov spolo\u010dnosti DATASLATITUDES (pre t\u00fato webov\u00fa str\u00e1nku a aplik\u00e1ciu SOS Universal).\" \/>\n<meta name=\"robots\" content=\"index, follow, max-snippet:-1, max-image-preview:large, max-video-preview:-1\" \/>\n<link rel=\"canonical\" href=\"\" \/>\n<meta property=\"og:locale\" content=\"sk_SK\" \/>\n<meta property=\"og:type\" content=\"article\" \/>\n<meta property=\"og:title\" content=\"Pr\u00e1vne inform\u00e1cie\" \/>\n<meta property=\"og:description\" content=\"Tieto pr\u00e1vne inform\u00e1cie sumarizuj\u00fa aspekty t\u00fdkaj\u00face sa inform\u00e1ci\u00ed o vydavate\u013eovi aplik\u00e1cie, hostingu, du\u0161evn\u00e9ho vlastn\u00edctva, extern\u00fdch odkazov, zodpovednosti a kreditov spolo\u010dnosti DATASLATITUDES (pre t\u00fato webov\u00fa str\u00e1nku a aplik\u00e1ciu SOS Universal).\" \/>\n<meta property=\"og:url\" content=\"https:\/\/www.dataslatitudes.com\/sosuniversal\/sk\/mentions-legales\/\" \/>\n<meta property=\"og:site_name\" content=\"SOS Universal\" \/>\n<meta property=\"article:modified_time\" content=\"2025-08-14T10:02:03+00:00\" \/>\n<meta name=\"twitter:card\" content=\"summary_large_image\" \/>\n<meta name=\"twitter:label1\" content=\"Predpokladan\u00fd \u010das \u010d\u00edtania\" \/>\n\t<meta name=\"twitter:data1\" content=\"3 min\u00faty\" \/>\n<script type=\"application\/ld+json\" class=\"yoast-schema-graph\">{\"@context\":\"https:\/\/schema.org\",\"@graph\":[{\"@type\":\"WebPage\",\"@id\":\"https:\/\/www.dataslatitudes.com\/sosuniversal\/sk\/mentions-legales\/\",\"url\":\"https:\/\/www.dataslatitudes.com\/sosuniversal\/sk\/mentions-legales\/\",\"name\":\"Mentions l\u00e9gales - SOS Universal\",\"isPartOf\":{\"@id\":\"https:\/\/www.dataslatitudes.com\/sosuniversal\/#website\"},\"datePublished\":\"2025-06-12T17:24:48+00:00\",\"dateModified\":\"2025-08-14T10:02:03+00:00\",\"description\":\"Les pr\u00e9sentes mentions l\u00e9gales r\u00e9capitulent les aspects relatifs aux informations sur l\u2019\u00e9diteur de l\u2019application, l'h\u00e9bergement, la propri\u00e9t\u00e9 Intellectuelle, les liens externes, la responsabilit\u00e9 et les cr\u00e9dits de DATASLATITUDES (pour le pr\u00e9sent site Web et l\u2019application SOS Universal).\",\"breadcrumb\":{\"@id\":\"https:\/\/www.dataslatitudes.com\/sosuniversal\/sk\/mentions-legales\/#breadcrumb\"},\"inLanguage\":\"sk-SK\",\"potentialAction\":[{\"@type\":\"ReadAction\",\"target\":[\"https:\/\/www.dataslatitudes.com\/sosuniversal\/sk\/mentions-legales\/\"]}]},{\"@type\":\"BreadcrumbList\",\"@id\":\"https:\/\/www.dataslatitudes.com\/sosuniversal\/sk\/mentions-legales\/#breadcrumb\",\"itemListElement\":[{\"@type\":\"ListItem\",\"position\":1,\"name\":\"Prezent\u00e1cia\",\"item\":\"https:\/\/www.dataslatitudes.com\/sosuniversal\/fr\/\"},{\"@type\":\"ListItem\",\"position\":2,\"name\":\"Pr\u00e1vne inform\u00e1cie\"}]},{\"@type\":\"WebSite\",\"@id\":\"https:\/\/www.dataslatitudes.com\/sosuniversal\/sk\/#website\",\"url\":\"https:\/\/www.dataslatitudes.com\/sosuniversal\/sk\/\",\"name\":\"SOS Universal\",\"description\":\"\",\"publisher\":{\"@id\":\"https:\/\/www.dataslatitudes.com\/sosuniversal\/sk\/#organization\"},\"potentialAction\":[{\"@type\":\"SearchAction\",\"target\":{\"@type\":\"EntryPoint\",\"urlTemplate\":\"https:\/\/www.dataslatitudes.com\/sosuniversal\/sk\/?s={search_term_string}\"},\"query-input\":{\"@type\":\"PropertyValueSpecification\",\"valueRequired\":true,\"valueName\":\"search_term_string\"}}],\"inLanguage\":\"sk-SK\"},{\"@type\":\"Organization\",\"@id\":\"https:\/\/www.dataslatitudes.com\/sosuniversal\/sk\/#organization\",\"name\":\"DATASLATITUDES\",\"url\":\"https:\/\/www.dataslatitudes.com\/sosuniversal\/sk\/\",\"logo\":{\"@type\":\"ImageObject\",\"inLanguage\":\"sk-SK\",\"@id\":\"https:\/\/www.dataslatitudes.com\/sosuniversal\/sk\/#\/schema\/logo\/image\/\",\"url\":\"https:\/\/www.dataslatitudes.com\/sosuniversal\/wp-content\/uploads\/2025\/07\/logo_mrdv.png\",\"contentUrl\":\"https:\/\/www.dataslatitudes.com\/sosuniversal\/wp-content\/uploads\/2025\/07\/logo_mrdv.png\",\"width\":72,\"height\":72,\"caption\":\"DATASLATITUDES\"},\"image\":{\"@id\":\"https:\/\/www.dataslatitudes.com\/sosuniversal\/sk\/#\/schema\/logo\/image\/\"}}]}<\/script>\n<!-- \/ Yoast SEO plugin. -->","yoast_head_json":{"title":"Pr\u00e1vne inform\u00e1cie","description":"Tieto pr\u00e1vne inform\u00e1cie sumarizuj\u00fa aspekty t\u00fdkaj\u00face sa inform\u00e1ci\u00ed o vydavate\u013eovi aplik\u00e1cie, hostingu, du\u0161evn\u00e9ho vlastn\u00edctva, extern\u00fdch odkazov, zodpovednosti a kreditov spolo\u010dnosti DATASLATITUDES (pre t\u00fato webov\u00fa str\u00e1nku a aplik\u00e1ciu SOS Universal).","robots":{"index":"index","follow":"follow","max-snippet":"max-snippet:-1","max-image-preview":"max-image-preview:large","max-video-preview":"max-video-preview:-1"},"canonical":"PR\u00c1VNE INFORM\u00c1CIE 1. Inform\u00e1cie o vydavate\u013eovi aplik\u00e1cie T\u00e1to webov\u00e1 str\u00e1nka a mobiln\u00e1 aplik\u00e1cia SOS Universal s\u00fa vyd\u00e1van\u00e9 spolo\u010dnos\u0165ou DATASLATITUDES. M\u00f4\u017eete po\u017eiada\u0165 o pomoc na e-mailovej adrese: hotline.sos_universal@dataslatitudes.com 2. Hosting SOS Universal je mobiln\u00e1 aplik\u00e1cia distribuovan\u00e1 prostredn\u00edctvom platforiem na stiahnutie (Google Play Store a \u010doskoro App Store). Uv\u00e1dza sa, \u017ee \u00fadaje pou\u017e\u00edvate\u013ea s\u00fa v\u00fdlu\u010dne ulo\u017een\u00e9 lok\u00e1lne&hellip;","og_locale":"sk_SK","og_type":"article","og_title":"Pr\u00e1vne inform\u00e1cie","og_description":"Tieto pr\u00e1vne inform\u00e1cie sumarizuj\u00fa aspekty t\u00fdkaj\u00face sa inform\u00e1ci\u00ed o vydavate\u013eovi aplik\u00e1cie, hostingu, du\u0161evn\u00e9ho vlastn\u00edctva, extern\u00fdch odkazov, zodpovednosti a kreditov spolo\u010dnosti DATASLATITUDES (pre t\u00fato webov\u00fa str\u00e1nku a aplik\u00e1ciu SOS Universal).","og_url":"https:\/\/www.dataslatitudes.com\/sosuniversal\/sk\/mentions-legales\/","og_site_name":"SOS Universal","article_modified_time":"2025-08-14T10:02:03+00:00","twitter_card":"summary_large_image","twitter_misc":{"Predpokladan\u00fd \u010das \u010d\u00edtania":"3 min\u00faty"},"schema":{"@context":"https:\/\/schema.org","@graph":[{"@type":"WebPage","@id":"https:\/\/www.dataslatitudes.com\/sosuniversal\/sk\/mentions-legales\/","url":"https:\/\/www.dataslatitudes.com\/sosuniversal\/sk\/mentions-legales\/","name":"Mentions l\u00e9gales - SOS Universal","isPartOf":{"@id":"https:\/\/www.dataslatitudes.com\/sosuniversal\/#website"},"datePublished":"2025-06-12T17:24:48+00:00","dateModified":"2025-08-14T10:02:03+00:00","description":"Les pr\u00e9sentes mentions l\u00e9gales r\u00e9capitulent les aspects relatifs aux informations sur l\u2019\u00e9diteur de l\u2019application, l'h\u00e9bergement, la propri\u00e9t\u00e9 Intellectuelle, les liens externes, la responsabilit\u00e9 et les cr\u00e9dits de DATASLATITUDES (pour le pr\u00e9sent site Web et l\u2019application SOS Universal).","breadcrumb":{"@id":"https:\/\/www.dataslatitudes.com\/sosuniversal\/sk\/mentions-legales\/#breadcrumb"},"inLanguage":"sk-SK","potentialAction":[{"@type":"ReadAction","target":["https:\/\/www.dataslatitudes.com\/sosuniversal\/sk\/mentions-legales\/"]}]},{"@type":"BreadcrumbList","@id":"https:\/\/www.dataslatitudes.com\/sosuniversal\/sk\/mentions-legales\/#breadcrumb","itemListElement":[{"@type":"ListItem","position":1,"name":"Prezent\u00e1cia","item":"https:\/\/www.dataslatitudes.com\/sosuniversal\/fr\/"},{"@type":"ListItem","position":2,"name":"Pr\u00e1vne inform\u00e1cie"}]},{"@type":"WebSite","@id":"https:\/\/www.dataslatitudes.com\/sosuniversal\/sk\/#website","url":"https:\/\/www.dataslatitudes.com\/sosuniversal\/sk\/","name":"SOS Universal","description":"","publisher":{"@id":"https:\/\/www.dataslatitudes.com\/sosuniversal\/sk\/#organization"},"potentialAction":[{"@type":"SearchAction","target":{"@type":"EntryPoint","urlTemplate":"https:\/\/www.dataslatitudes.com\/sosuniversal\/sk\/?s={search_term_string}"},"query-input":{"@type":"PropertyValueSpecification","valueRequired":true,"valueName":"search_term_string"}}],"inLanguage":"sk-SK"},{"@type":"Organization","@id":"https:\/\/www.dataslatitudes.com\/sosuniversal\/sk\/#organization","name":"DATASLATITUDES","url":"https:\/\/www.dataslatitudes.com\/sosuniversal\/sk\/","logo":{"@type":"ImageObject","inLanguage":"sk-SK","@id":"https:\/\/www.dataslatitudes.com\/sosuniversal\/sk\/#\/schema\/logo\/image\/","url":"https:\/\/www.dataslatitudes.com\/sosuniversal\/wp-content\/uploads\/2025\/07\/logo_mrdv.png","contentUrl":"https:\/\/www.dataslatitudes.com\/sosuniversal\/wp-content\/uploads\/2025\/07\/logo_mrdv.png","width":72,"height":72,"caption":"DATASLATITUDES"},"image":{"@id":"https:\/\/www.dataslatitudes.com\/sosuniversal\/sk\/#\/schema\/logo\/image\/"}}]}},"_links":{"self":[{"href":"https:\/\/www.dataslatitudes.com\/sosuniversal\/sk\/wp-json\/wp\/v2\/pages\/185","targetHints":{"allow":["GET"]}}],"collection":[{"href":"https:\/\/www.dataslatitudes.com\/sosuniversal\/sk\/wp-json\/wp\/v2\/pages"}],"about":[{"href":"https:\/\/www.dataslatitudes.com\/sosuniversal\/sk\/wp-json\/wp\/v2\/types\/page"}],"author":[{"embeddable":true,"href":"https:\/\/www.dataslatitudes.com\/sosuniversal\/sk\/wp-json\/wp\/v2\/users\/1"}],"replies":[{"embeddable":true,"href":"https:\/\/www.dataslatitudes.com\/sosuniversal\/sk\/wp-json\/wp\/v2\/comments?post=185"}],"version-history":[{"count":29,"href":"https:\/\/www.dataslatitudes.com\/sosuniversal\/sk\/wp-json\/wp\/v2\/pages\/185\/revisions"}],"predecessor-version":[{"id":2930,"href":"https:\/\/www.dataslatitudes.com\/sosuniversal\/sk\/wp-json\/wp\/v2\/pages\/185\/revisions\/2930"}],"wp:attachment":[{"href":"https:\/\/www.dataslatitudes.com\/sosuniversal\/sk\/wp-json\/wp\/v2\/media?parent=185"}],"curies":[{"name":"wp","href":"https:\/\/api.w.org\/{rel}","templated":true}]}}