{"id":127,"date":"2025-06-12T03:29:21","date_gmt":"2025-06-12T03:29:21","guid":{"rendered":"https:\/\/www.dataslatitudes.com\/sosuniversal\/?page_id=127"},"modified":"2025-07-13T07:26:58","modified_gmt":"2025-07-13T07:26:58","slug":"cas-dutilisation","status":"publish","type":"page","link":"https:\/\/www.dataslatitudes.com\/sosuniversal\/sk\/cas-dutilisation\/","title":{"rendered":"Pr\u00edpady pou\u017eitia"},"content":{"rendered":"\r\n<p class=\"has-small-font-size\"><\/p>\r\n\r\n\r\n\r\n<h1 class=\"wp-block-heading has-text-align-center has-medium-font-size\"><strong>PR\u00cdPADY POU\u017dITIA<\/strong><\/h1>\r\n\r\n\r\n\r\n<p style=\"font-size:1rem\">Aplik\u00e1cia pre smartf\u00f3n, ktor\u00e1 umo\u017e\u0148uje odosiela\u0165 upozornenia, volania o pomoc alebo jednoducho va\u0161u aktu\u00e1lnu polohu, sa m\u00f4\u017ee uk\u00e1za\u0165 ako k\u013e\u00fa\u010dov\u00e1 v mnoh\u00fdch situ\u00e1ci\u00e1ch, poskytuj\u00fac pokoj mysle a prispievaj\u00fac k r\u00fdchlemu pr\u00edstupu k pomoci. Tu s\u00fa niektor\u00e9 pr\u00edklady jej pr\u00edpadov pou\u017eitia, rozdelen\u00e9 do kateg\u00f3ri\u00ed pre lep\u0161ie pochopenie.<\/p>\r\n\r\n\r\n\r\n<h2 class=\"wp-block-heading has-background\" style=\"background-color:#f9f3eb;margin-top:var(--wp--preset--spacing--30);margin-bottom:var(--wp--preset--spacing--30);padding-top:var(--wp--preset--spacing--20);padding-bottom:var(--wp--preset--spacing--20);font-size:1.2rem\">Osobn\u00e1 bezpe\u010dnos\u0165 a n\u00fadzov\u00e9 situ\u00e1cie<\/h2>\r\n\r\n\r\n\r\n<ul class=\"wp-block-list\">\r\n<li style=\"font-size:1rem\"><strong>N\u00e1silie vo\u010di \u017een\u00e1m, LGBTf\u00f3bne a s\u00e9rof\u00f3bne n\u00e1silie, rasistick\u00e9, xenof\u00f3bne alebo n\u00e1bo\u017eensky motivovan\u00e9 n\u00e1silie, n\u00e1silie vo\u010di osob\u00e1m so zdravotn\u00fdm postihnut\u00edm&nbsp;: <\/strong>v pr\u00edpade fyzick\u00e9ho alebo verb\u00e1lneho napadnutia, aplik\u00e1cia umo\u017e\u0148uje diskr\u00e9tne spusti\u0165 upozornenie jedin\u00fdm kliknut\u00edm na d\u00f4veryhodn\u00e9 kontakty s zdie\u013ean\u00edm GPS polohy v re\u00e1lnom \u010dase. Audio z\u00e1znam m\u00f4\u017ee by\u0165 tie\u017e nastaven\u00fd tak, aby sl\u00fa\u017eil ako d\u00f4kaz v pr\u00edpade podania s\u0165a\u017enosti.<\/li>\r\n\r\n\r\n\r\n<li style=\"font-size:1rem\"><strong>Obe\u0165 nevhodn\u00e9ho spr\u00e1vania vo verejnej doprave (napr. dotyky v metre): <\/strong>obe\u0165 m\u00f4\u017ee spusti\u0165 siln\u00fd zvukov\u00fd alarm (napr\u00edklad policajn\u00e1 sir\u00e9na alebo \u013eudsk\u00fd krik), ako aj zvukov\u00fd z\u00e1znam.<\/li>\r\n\r\n\r\n\r\n<li style=\"font-size:1rem\"><strong>Agresia alebo bezprostredn\u00e1 hrozba: <\/strong>v pr\u00edpade fyzick\u00e9ho napadnutia, pokusu o zn\u00e1silnenie, kr\u00e1de\u017ee s n\u00e1sil\u00edm alebo akejko\u013evek situ\u00e1cie priamo ohrozuj\u00facej fyzick\u00fa integritu pou\u017e\u00edvate\u013ea, aplik\u00e1cia umo\u017e\u0148uje odosla\u0165 diskr\u00e9tne a r\u00fdchle upozornenie n\u00fadzov\u00fdm kontaktom.<\/li>\r\n\r\n\r\n\r\n<li style=\"font-size:1rem\"><strong>Situ\u00e1cia ob\u0165a\u017eovania alebo prenasledovania: <\/strong>aplik\u00e1cia umo\u017e\u0148uje diskr\u00e9tne upozorni\u0165 d\u00f4veryhodn\u00e9 kontakty alebo \u00farady v pr\u00edpade sledovania alebo ob\u0165a\u017eovania, s mo\u017enos\u0165ou zaznamena\u0165 d\u00f4kaz pomocou zvukov\u00e9ho z\u00e1znamu.<\/li>\r\n\r\n\r\n\r\n<li style=\"font-size:1rem\"><strong>Obete dom\u00e1ceho n\u00e1silia: <\/strong>je mo\u017en\u00e9 ma\u0165 diskr\u00e9tny a r\u00fdchly sp\u00f4sob, ako po\u017eiada\u0165 o pomoc v pr\u00edpade nebezpe\u010denstva, bez toho, aby ste upozornili \u00fato\u010dn\u00edka.<\/li>\r\n<\/ul>\r\n\r\n\r\n\r\n<p style=\"font-size:1rem\">V predch\u00e1dzaj\u00facich pr\u00edpadoch m\u00f4\u017ee by\u0165 diskr\u00e9tne upozornenie doplnen\u00e9 alebo nahraden\u00e9 zvukov\u00fdm odraden\u00edm: spustenie silnej sir\u00e9ny alebo simul\u00e1cia prich\u00e1dzaj\u00faceho telef\u00f3nneho hovoru na vytvorenie rozpt\u00fdlenia.<\/p>\r\n\r\n\r\n\r\n<ul class=\"wp-block-list\">\r\n<li style=\"font-size:1rem\"><strong>Zdravotn\u00e1 tiese\u0148: <\/strong>pre osoby trpiace chronick\u00fdmi chorobami (srdcov\u00e9 infarkty, \u0165a\u017ek\u00e9 astmatick\u00e9 z\u00e1chvaty, epilepsia, z\u00e1va\u017en\u00e9 alergie) alebo v pr\u00edpade nehody (p\u00e1d, zranenie) umo\u017e\u0148uje aplik\u00e1cia odosla\u0165 \u017eiados\u0165 o pomoc.<\/li>\r\n\r\n\r\n\r\n<li style=\"font-size:1rem\"><strong>Zmiznutie alebo stratenie: <\/strong>zvl\u00e1\u0161\u0165 u\u017eito\u010dn\u00e9 pre deti, star\u0161\u00edch \u013eud\u00ed s kognit\u00edvnymi poruchami alebo turistov, aplik\u00e1cia umo\u017e\u0148uje odosiela\u0165 GPS polohu v re\u00e1lnom \u010dase, \u010do u\u013eah\u010duje vyh\u013ead\u00e1vanie.<\/li>\r\n\r\n\r\n\r\n<li style=\"font-size:1rem\"><strong>Dopravn\u00e9 nehody: <\/strong>v pr\u00edpade nehody aplik\u00e1cia umo\u017e\u0148uje odosla\u0165 upozornenie s polohou.<\/li>\r\n\r\n\r\n\r\n<li style=\"font-size:1rem\"><strong>Pr\u00edrodn\u00e9 katastrofy: <\/strong>Po\u010das zemetrasen\u00ed, z\u00e1plav, lesn\u00fdch po\u017eiarov alebo in\u00fdch katastrof m\u00f4\u017ee aplik\u00e1cia sl\u00fa\u017ei\u0165 na ozn\u00e1menie polohy, po\u017eiadanie o pomoc a informovanie bl\u00edzkych o svojej bezpe\u010dnosti.<\/li>\r\n<\/ul>\r\n\r\n\r\n\r\n<h2 class=\"wp-block-heading has-background\" style=\"background-color:#f9f3eb;margin-top:var(--wp--preset--spacing--30);margin-bottom:var(--wp--preset--spacing--30);padding-top:var(--wp--preset--spacing--20);padding-bottom:var(--wp--preset--spacing--20);font-size:1.2rem\">Ka\u017edodenn\u00fd \u017eivot a pomoc<\/h2>\r\n\r\n\r\n\r\n<ul class=\"wp-block-list\">\r\n<li style=\"font-size:1rem\"><strong>Star\u0161\u00ed \u013eudia alebo osoby so zdravotn\u00fdm postihnut\u00edm: <\/strong>aplik\u00e1cia m\u00f4\u017ee by\u0165 pou\u017eit\u00e1 na spustenie \u017eiadosti o pomoc.<\/li>\r\n\r\n\r\n\r\n<li style=\"font-size:1rem\"><strong>Deti a dospievaj\u00faci: <\/strong>pre rodi\u010dov, ktor\u00ed sa ob\u00e1vaj\u00fa o bezpe\u010dnos\u0165 svojich det\u00ed, m\u00f4\u017ee aplik\u00e1cia de\u0165om umo\u017eni\u0165 odosla\u0165 diskr\u00e9tne upozornenie v pr\u00edpade nebezpe\u010denstva, ke\u010f sa c\u00edtia straten\u00e9, alebo v situ\u00e1cii ob\u0165a\u017eovania (s nahr\u00e1vkou d\u00f4kazu).<br>Pr\u00edklad: dospievaj\u00faci na ve\u010dierku, ktor\u00fd sa c\u00edti nepr\u00edjemne, je pod tlakom alebo potrebuje by\u0165 vyzdvihnut\u00fd bez toho, aby sa mohol priamo vyjadri\u0165, m\u00f4\u017ee diskr\u00e9tne odosla\u0165 upozornenie svojim rodi\u010dom alebo d\u00f4veryhodnej dospelosti.<\/li>\r\n\r\n\r\n\r\n<li style=\"font-size:1rem\"><strong>Mechanick\u00e9 probl\u00e9my alebo porucha vozidla: <\/strong>v pr\u00edpade poruchy na izolovanej alebo nebezpe\u010dnej ceste, aplik\u00e1cia umo\u017e\u0148uje odosla\u0165 upozornenie cestnej asistencii alebo kontaktom na po\u017eiadanie o pomoc.<\/li>\r\n\r\n\r\n\r\n<li style=\"font-size:1rem\"><strong>Soci\u00e1lna izol\u00e1cia alebo pocit nebezpe\u010denstva: <\/strong>osoba, ktor\u00e1 sa c\u00edti zranite\u013en\u00e1 alebo ohrozen\u00e1 v konkr\u00e9tnej soci\u00e1lnej situ\u00e1cii (napr\u00edklad po\u010das stretnutia s nezn\u00e1mou osobou), m\u00f4\u017ee pou\u017ei\u0165 aplik\u00e1ciu na diskr\u00e9tne upozornenie priate\u013ea a zdie\u013eanie svojej polohy.<\/li>\r\n\r\n\r\n\r\n<li style=\"font-size:1rem\"><strong>Psychologick\u00e1 podpora: <\/strong>pre \u013eud\u00ed trpiacich \u00fazkos\u0165ou alebo panick\u00fdmi z\u00e1chvatmi aplik\u00e1cia umo\u017e\u0148uje upozorni\u0165 d\u00f4veryhodn\u00fd kontakt na okam\u017eit\u00fa podporu.<\/li>\r\n<\/ul>\r\n\r\n\r\n\r\n<h2 class=\"wp-block-heading has-background\" style=\"background-color:#f9f3eb;margin-top:var(--wp--preset--spacing--30);margin-bottom:var(--wp--preset--spacing--30);padding-top:var(--wp--preset--spacing--20);padding-bottom:var(--wp--preset--spacing--20);font-size:1.2rem\">Pr\u00e1ca a profesion\u00e1lne situ\u00e1cie<\/h2>\r\n\r\n\r\n\r\n<ul class=\"wp-block-list\">\r\n<li style=\"font-size:1rem\"><strong>Izolovan\u00ed pracovn\u00edci: <\/strong>pre profesion\u00e1lov pracuj\u00facich samostatne v rizikov\u00fdch prostrediach (bezpe\u010dnostn\u00ed pracovn\u00edci, technici \u00fadr\u017eby, taxik\u00e1ri, farm\u00e1ri, pestovatelia ustr\u00edc) prispieva aplik\u00e1cia k r\u00fdchlej pomoci v pr\u00edpade nehody alebo napadnutia.<\/li>\r\n\r\n\r\n\r\n<li style=\"font-size:1rem\"><strong>Zdravotn\u00edcki a soci\u00e1lni pracovn\u00edci: <\/strong>lek\u00e1ri, zdravotn\u00e9 sestry, soci\u00e1lni pracovn\u00edci alebo opatrovate\u013eky v dom\u00e1cnosti, ktor\u00ed nav\u0161tevuj\u00fa rizikov\u00fdch pacientov alebo klientov, m\u00f4\u017eu pou\u017ei\u0165 aplik\u00e1ciu na hl\u00e1senie nebezpe\u010dnej situ\u00e1cie alebo na po\u017eiadanie o pomoc.<\/li>\r\n\r\n\r\n\r\n<li style=\"font-size:1rem\"><strong>No\u010dn\u00fd person\u00e1l: <\/strong>zamestnanci pracuj\u00faci v noci na izolovan\u00fdch miestach (\u010derpacie stanice, supermarkety, hotely) m\u00f4\u017eu ma\u0165 sp\u00f4sob, ako r\u00fdchlo po\u017eiada\u0165 o pomoc v pr\u00edpade kr\u00e1de\u017ee alebo \u00fatoku.<\/li>\r\n\r\n\r\n\r\n<li style=\"font-size:1rem\"><strong>Novin\u00e1ri a report\u00e9ri v rizikov\u00fdch oblastiach: <\/strong>mo\u017enos\u0165 nahl\u00e1si\u0165 nebezpe\u010dn\u00fa situ\u00e1ciu alebo zatknutie, pren\u00e1\u0161anie polohy a kontextov\u00fdch inform\u00e1ci\u00ed (telefonick\u00fdm hovorom alebo SMS) ties\u0148ov\u00fdm kontaktom.<\/li>\r\n<\/ul>\r\n\r\n\r\n\r\n<h2 class=\"wp-block-heading has-background\" style=\"background-color:#f9f3eb;margin-top:var(--wp--preset--spacing--30);margin-bottom:var(--wp--preset--spacing--30);padding-top:var(--wp--preset--spacing--20);padding-bottom:var(--wp--preset--spacing--20);font-size:1.2rem\">Vo\u013en\u00fd \u010das a outdoorov\u00e9 aktivity<\/h2>\r\n\r\n\r\n\r\n<ul class=\"wp-block-list\">\r\n<li style=\"font-size:1rem\"><strong>Turistika a horolezectvo: <\/strong>v pr\u00edpade p\u00e1du, zranenia, straty orient\u00e1cie alebo extr\u00e9mnych poveternostn\u00fdch podmienok, aplik\u00e1cia umo\u017e\u0148uje odosla\u0165 upozornenie s GPS polohou z\u00e1chrann\u00fdm t\u00edmom alebo rodine.<\/li>\r\n\r\n\r\n\r\n<li style=\"font-size:1rem\"><strong>Vodn\u00e9 \u0161porty: <\/strong>pre jacht\u00e1rov napr\u00edklad, aplik\u00e1cia m\u00f4\u017ee by\u0165 pou\u017eit\u00e1 na nahl\u00e1senie probl\u00e9mu (prevrhnutie, porucha motora, zranenie) s prenosom polohy.<\/li>\r\n\r\n\r\n\r\n<li style=\"font-size:1rem\"><strong>Cyklistika a beh: <\/strong>v pr\u00edpade p\u00e1du, zranenia alebo nevo\u013enosti, aplik\u00e1cia umo\u017e\u0148uje upozorni\u0165 preddefinovan\u00e9 kontakty s polohou.<\/li>\r\n\r\n\r\n\r\n<li style=\"font-size:1rem\"><strong>Cestovanie a turizmus: <\/strong>cestuj\u00faci, najm\u00e4 t\u00ed, ktor\u00ed sk\u00famaj\u00fa nezn\u00e1me alebo nebezpe\u010dn\u00e9 oblasti, m\u00f4\u017eu pou\u017ei\u0165 aplik\u00e1ciu na upozornenie svojich bl\u00edzkych alebo konzul\u00e1rnych slu\u017eieb v pr\u00edpade probl\u00e9mov (napadnutie, choroba, kr\u00e1de\u017e dokumentov).<\/li>\r\n<\/ul>\r\n\r\n\r\n\r\n<p style=\"font-size:1rem\">V predch\u00e1dzaj\u00facich pr\u00edpadoch, s cie\u013eom informova\u0165 napr\u00edklad va\u0161e pracovn\u00e9 alebo rodinn\u00e9 okolie, sa upozornenie m\u00f4\u017ee obmedzi\u0165 aj na odoslanie iba aktu\u00e1lnej geografickej polohy prostredn\u00edctvom SMS. Pr\u00edklad: v opakovanom re\u017eime, po\u010das 5 hod\u00edn, ka\u017ed\u00fdch 15 min\u00fat, odosielam SMS obsahuj\u00faci iba moju polohu.<\/p>\r\n\r\n\r\n\r\n<p class=\"has-small-font-size\" style=\"margin-top:var(--wp--preset--spacing--30);margin-bottom:var(--wp--preset--spacing--30)\"><\/p>\r\n","protected":false},"excerpt":{"rendered":"<p>PR\u00cdPADY POU\u017dITIA Aplik\u00e1cia pre smartf\u00f3n, ktor\u00e1 umo\u017e\u0148uje odosiela\u0165 upozornenia, volania o pomoc alebo jednoducho va\u0161u aktu\u00e1lnu polohu, sa m\u00f4\u017ee uk\u00e1za\u0165 [&hellip;]<\/p>\n","protected":false},"author":1,"featured_media":0,"parent":0,"menu_order":1,"comment_status":"closed","ping_status":"closed","template":"","meta":{"site-sidebar-layout":"default","site-content-layout":"","ast-site-content-layout":"","site-content-style":"default","site-sidebar-style":"default","ast-global-header-display":"","ast-banner-title-visibility":"","ast-main-header-display":"","ast-hfb-above-header-display":"","ast-hfb-below-header-display":"","ast-hfb-mobile-header-display":"","site-post-title":"disabled","ast-breadcrumbs-content":"","ast-featured-img":"","footer-sml-layout":"","theme-transparent-header-meta":"","adv-header-id-meta":"","stick-header-meta":"","header-above-stick-meta":"","header-main-stick-meta":"","header-below-stick-meta":"","astra-migrate-meta-layouts":"default","ast-page-background-enabled":"default","ast-page-background-meta":{"desktop":{"background-color":"var(--ast-global-color-5)","background-image":"","background-repeat":"repeat","background-position":"center center","background-size":"auto","background-attachment":"scroll","background-type":"","background-media":"","overlay-type":"","overlay-color":"","overlay-opacity":"","overlay-gradient":""},"tablet":{"background-color":"","background-image":"","background-repeat":"repeat","background-position":"center center","background-size":"auto","background-attachment":"scroll","background-type":"","background-media":"","overlay-type":"","overlay-color":"","overlay-opacity":"","overlay-gradient":""},"mobile":{"background-color":"","background-image":"","background-repeat":"repeat","background-position":"center center","background-size":"auto","background-attachment":"scroll","background-type":"","background-media":"","overlay-type":"","overlay-color":"","overlay-opacity":"","overlay-gradient":""}},"ast-content-background-meta":{"desktop":{"background-color":"var(--ast-global-color-4)","background-image":"","background-repeat":"repeat","background-position":"center center","background-size":"auto","background-attachment":"scroll","background-type":"","background-media":"","overlay-type":"","overlay-color":"","overlay-opacity":"","overlay-gradient":""},"tablet":{"background-color":"var(--ast-global-color-4)","background-image":"","background-repeat":"repeat","background-position":"center center","background-size":"auto","background-attachment":"scroll","background-type":"","background-media":"","overlay-type":"","overlay-color":"","overlay-opacity":"","overlay-gradient":""},"mobile":{"background-color":"var(--ast-global-color-4)","background-image":"","background-repeat":"repeat","background-position":"center center","background-size":"auto","background-attachment":"scroll","background-type":"","background-media":"","overlay-type":"","overlay-color":"","overlay-opacity":"","overlay-gradient":""}},"footnotes":""},"class_list":["post-127","page","type-page","status-publish","hentry"],"yoast_head":"<!-- This site is optimized with the Yoast SEO plugin v25.6 - https:\/\/yoast.com\/wordpress\/plugins\/seo\/ -->\n<title>Pr\u00edpady pou\u017eitia<\/title>\n<meta name=\"description\" content=\"Aplik\u00e1cia pre smartf\u00f3n, ktor\u00e1 umo\u017e\u0148uje odosiela\u0165 upozornenia, volania o pomoc alebo jednoducho va\u0161u aktu\u00e1lnu polohu, sa m\u00f4\u017ee uk\u00e1za\u0165 ako k\u013e\u00fa\u010dov\u00e1 v mnoh\u00fdch situ\u00e1ci\u00e1ch, poskytuj\u00fac pokoj mysle a prispievaj\u00fac k r\u00fdchlemu pr\u00edstupu k pomoci. Pr\u00edklady: osobn\u00e1 bezpe\u010dnos\u0165 a n\u00fadzov\u00e9 situ\u00e1cie, ka\u017edodenn\u00fd \u017eivot a pomoc, pr\u00e1ca a profesion\u00e1lne situ\u00e1cie, ako aj vo\u013en\u00fd \u010das a outdoorov\u00e9 aktivity.\" \/>\n<meta name=\"robots\" content=\"index, follow, max-snippet:-1, max-image-preview:large, max-video-preview:-1\" \/>\n<link rel=\"canonical\" href=\"http:\/\/PR\u00cdPADY%20POU\u017dITIA%20Aplik\u00e1cia%20pre%20smartf\u00f3n,%20ktor\u00e1%20umo\u017e\u0148uje%20odosiela\u0165%20upozornenia,%20volania%20o%20pomoc%20alebo%20jednoducho%20va\u0161u%20aktu\u00e1lnu%20polohu,%20sa%20m\u00f4\u017ee%20uk\u00e1za\u0165%20ako%20k\u013e\u00fa\u010dov\u00e1%20v%20mnoh\u00fdch%20situ\u00e1ci\u00e1ch,%20poskytuj\u00fac%20pokoj%20mysle%20a%20prispievaj\u00fac%20k%20r\u00fdchlemu%20pr\u00edstupu%20k%20pomoci.%20Tu%20s\u00fa%20niektor\u00e9%20pr\u00edklady%20jej%20pr\u00edpadov%20pou\u017eitia,%20rozdelen\u00e9%20do%20kateg\u00f3ri\u00ed%20pre%20lep\u0161ie%20pochopenie.%20Osobn\u00e1%20bezpe\u010dnos\u0165%20a%20n\u00fadzov\u00e9%20situ\u00e1cie%20N\u00e1silie%20vo\u010di&hellip;\" \/>\n<meta property=\"og:locale\" content=\"sk_SK\" \/>\n<meta property=\"og:type\" content=\"article\" \/>\n<meta property=\"og:title\" content=\"Pr\u00edpady pou\u017eitia\" \/>\n<meta property=\"og:description\" content=\"Aplik\u00e1cia pre smartf\u00f3n, ktor\u00e1 umo\u017e\u0148uje odosiela\u0165 upozornenia, volania o pomoc alebo jednoducho va\u0161u aktu\u00e1lnu polohu, sa m\u00f4\u017ee uk\u00e1za\u0165 ako k\u013e\u00fa\u010dov\u00e1 v mnoh\u00fdch situ\u00e1ci\u00e1ch, poskytuj\u00fac pokoj mysle a prispievaj\u00fac k r\u00fdchlemu pr\u00edstupu k pomoci. Pr\u00edklady: osobn\u00e1 bezpe\u010dnos\u0165 a n\u00fadzov\u00e9 situ\u00e1cie, ka\u017edodenn\u00fd \u017eivot a pomoc, pr\u00e1ca a profesion\u00e1lne situ\u00e1cie, ako aj vo\u013en\u00fd \u010das a outdoorov\u00e9 aktivity.\" \/>\n<meta property=\"og:url\" content=\"https:\/\/www.dataslatitudes.com\/sosuniversal\/sk\/cas-dutilisation\/\" \/>\n<meta property=\"og:site_name\" content=\"SOS Universal\" \/>\n<meta property=\"article:modified_time\" content=\"2025-07-13T07:26:58+00:00\" \/>\n<meta name=\"twitter:card\" content=\"summary_large_image\" \/>\n<meta name=\"twitter:label1\" content=\"Predpokladan\u00fd \u010das \u010d\u00edtania\" \/>\n\t<meta name=\"twitter:data1\" content=\"5 min\u00fat\" \/>\n<script type=\"application\/ld+json\" class=\"yoast-schema-graph\">{\"@context\":\"https:\/\/schema.org\",\"@graph\":[{\"@type\":\"WebPage\",\"@id\":\"https:\/\/www.dataslatitudes.com\/sosuniversal\/sk\/cas-dutilisation\/\",\"url\":\"https:\/\/www.dataslatitudes.com\/sosuniversal\/sk\/cas-dutilisation\/\",\"name\":\"Cas d'utilisation - SOS Universal\",\"isPartOf\":{\"@id\":\"https:\/\/www.dataslatitudes.com\/sosuniversal\/#website\"},\"datePublished\":\"2025-06-12T03:29:21+00:00\",\"dateModified\":\"2025-07-13T07:26:58+00:00\",\"description\":\"Une application pour smartphone permettant d\u2019envoyer des alertes, des appels \u00e0 l\u2019aide ou tout simplement sa localisation courante peut s\u2019av\u00e9rer cruciale dans de nombreuses situations, offrant une tranquillit\u00e9 d\u2019esprit et contribuant \u00e0 un acc\u00e8s rapide \u00e0 l\u2019assistance. Exemples : s\u00e9curit\u00e9 personnelle et situations d\u2019urgence, vie quotidienne et assistance, travail et situations professionnelles ainsi que loisirs et activit\u00e9s en ext\u00e9rieur.\",\"breadcrumb\":{\"@id\":\"https:\/\/www.dataslatitudes.com\/sosuniversal\/sk\/cas-dutilisation\/#breadcrumb\"},\"inLanguage\":\"sk-SK\",\"potentialAction\":[{\"@type\":\"ReadAction\",\"target\":[\"https:\/\/www.dataslatitudes.com\/sosuniversal\/sk\/cas-dutilisation\/\"]}]},{\"@type\":\"BreadcrumbList\",\"@id\":\"https:\/\/www.dataslatitudes.com\/sosuniversal\/sk\/cas-dutilisation\/#breadcrumb\",\"itemListElement\":[{\"@type\":\"ListItem\",\"position\":1,\"name\":\"Prezent\u00e1cia\",\"item\":\"https:\/\/www.dataslatitudes.com\/sosuniversal\/fr\/\"},{\"@type\":\"ListItem\",\"position\":2,\"name\":\"Pr\u00edpady pou\u017eitia\"}]},{\"@type\":\"WebSite\",\"@id\":\"https:\/\/www.dataslatitudes.com\/sosuniversal\/sk\/#website\",\"url\":\"https:\/\/www.dataslatitudes.com\/sosuniversal\/sk\/\",\"name\":\"SOS Universal\",\"description\":\"\",\"publisher\":{\"@id\":\"https:\/\/www.dataslatitudes.com\/sosuniversal\/sk\/#organization\"},\"potentialAction\":[{\"@type\":\"SearchAction\",\"target\":{\"@type\":\"EntryPoint\",\"urlTemplate\":\"https:\/\/www.dataslatitudes.com\/sosuniversal\/sk\/?s={search_term_string}\"},\"query-input\":{\"@type\":\"PropertyValueSpecification\",\"valueRequired\":true,\"valueName\":\"search_term_string\"}}],\"inLanguage\":\"sk-SK\"},{\"@type\":\"Organization\",\"@id\":\"https:\/\/www.dataslatitudes.com\/sosuniversal\/sk\/#organization\",\"name\":\"DATASLATITUDES\",\"url\":\"https:\/\/www.dataslatitudes.com\/sosuniversal\/sk\/\",\"logo\":{\"@type\":\"ImageObject\",\"inLanguage\":\"sk-SK\",\"@id\":\"https:\/\/www.dataslatitudes.com\/sosuniversal\/sk\/#\/schema\/logo\/image\/\",\"url\":\"https:\/\/www.dataslatitudes.com\/sosuniversal\/wp-content\/uploads\/2025\/07\/logo_mrdv.png\",\"contentUrl\":\"https:\/\/www.dataslatitudes.com\/sosuniversal\/wp-content\/uploads\/2025\/07\/logo_mrdv.png\",\"width\":72,\"height\":72,\"caption\":\"DATASLATITUDES\"},\"image\":{\"@id\":\"https:\/\/www.dataslatitudes.com\/sosuniversal\/sk\/#\/schema\/logo\/image\/\"}}]}<\/script>\n<!-- \/ Yoast SEO plugin. -->","yoast_head_json":{"title":"Pr\u00edpady pou\u017eitia","description":"Aplik\u00e1cia pre smartf\u00f3n, ktor\u00e1 umo\u017e\u0148uje odosiela\u0165 upozornenia, volania o pomoc alebo jednoducho va\u0161u aktu\u00e1lnu polohu, sa m\u00f4\u017ee uk\u00e1za\u0165 ako k\u013e\u00fa\u010dov\u00e1 v mnoh\u00fdch situ\u00e1ci\u00e1ch, poskytuj\u00fac pokoj mysle a prispievaj\u00fac k r\u00fdchlemu pr\u00edstupu k pomoci. Pr\u00edklady: osobn\u00e1 bezpe\u010dnos\u0165 a n\u00fadzov\u00e9 situ\u00e1cie, ka\u017edodenn\u00fd \u017eivot a pomoc, pr\u00e1ca a profesion\u00e1lne situ\u00e1cie, ako aj vo\u013en\u00fd \u010das a outdoorov\u00e9 aktivity.","robots":{"index":"index","follow":"follow","max-snippet":"max-snippet:-1","max-image-preview":"max-image-preview:large","max-video-preview":"max-video-preview:-1"},"canonical":"PR\u00cdPADY POU\u017dITIA Aplik\u00e1cia pre smartf\u00f3n, ktor\u00e1 umo\u017e\u0148uje odosiela\u0165 upozornenia, volania o pomoc alebo jednoducho va\u0161u aktu\u00e1lnu polohu, sa m\u00f4\u017ee uk\u00e1za\u0165 ako k\u013e\u00fa\u010dov\u00e1 v mnoh\u00fdch situ\u00e1ci\u00e1ch, poskytuj\u00fac pokoj mysle a prispievaj\u00fac k r\u00fdchlemu pr\u00edstupu k pomoci. Tu s\u00fa niektor\u00e9 pr\u00edklady jej pr\u00edpadov pou\u017eitia, rozdelen\u00e9 do kateg\u00f3ri\u00ed pre lep\u0161ie pochopenie. Osobn\u00e1 bezpe\u010dnos\u0165 a n\u00fadzov\u00e9 situ\u00e1cie N\u00e1silie vo\u010di&hellip;","og_locale":"sk_SK","og_type":"article","og_title":"Pr\u00edpady pou\u017eitia","og_description":"Aplik\u00e1cia pre smartf\u00f3n, ktor\u00e1 umo\u017e\u0148uje odosiela\u0165 upozornenia, volania o pomoc alebo jednoducho va\u0161u aktu\u00e1lnu polohu, sa m\u00f4\u017ee uk\u00e1za\u0165 ako k\u013e\u00fa\u010dov\u00e1 v mnoh\u00fdch situ\u00e1ci\u00e1ch, poskytuj\u00fac pokoj mysle a prispievaj\u00fac k r\u00fdchlemu pr\u00edstupu k pomoci. Pr\u00edklady: osobn\u00e1 bezpe\u010dnos\u0165 a n\u00fadzov\u00e9 situ\u00e1cie, ka\u017edodenn\u00fd \u017eivot a pomoc, pr\u00e1ca a profesion\u00e1lne situ\u00e1cie, ako aj vo\u013en\u00fd \u010das a outdoorov\u00e9 aktivity.","og_url":"https:\/\/www.dataslatitudes.com\/sosuniversal\/sk\/cas-dutilisation\/","og_site_name":"SOS Universal","article_modified_time":"2025-07-13T07:26:58+00:00","twitter_card":"summary_large_image","twitter_misc":{"Predpokladan\u00fd \u010das \u010d\u00edtania":"5 min\u00fat"},"schema":{"@context":"https:\/\/schema.org","@graph":[{"@type":"WebPage","@id":"https:\/\/www.dataslatitudes.com\/sosuniversal\/sk\/cas-dutilisation\/","url":"https:\/\/www.dataslatitudes.com\/sosuniversal\/sk\/cas-dutilisation\/","name":"Cas d'utilisation - SOS Universal","isPartOf":{"@id":"https:\/\/www.dataslatitudes.com\/sosuniversal\/#website"},"datePublished":"2025-06-12T03:29:21+00:00","dateModified":"2025-07-13T07:26:58+00:00","description":"Une application pour smartphone permettant d\u2019envoyer des alertes, des appels \u00e0 l\u2019aide ou tout simplement sa localisation courante peut s\u2019av\u00e9rer cruciale dans de nombreuses situations, offrant une tranquillit\u00e9 d\u2019esprit et contribuant \u00e0 un acc\u00e8s rapide \u00e0 l\u2019assistance. Exemples : s\u00e9curit\u00e9 personnelle et situations d\u2019urgence, vie quotidienne et assistance, travail et situations professionnelles ainsi que loisirs et activit\u00e9s en ext\u00e9rieur.","breadcrumb":{"@id":"https:\/\/www.dataslatitudes.com\/sosuniversal\/sk\/cas-dutilisation\/#breadcrumb"},"inLanguage":"sk-SK","potentialAction":[{"@type":"ReadAction","target":["https:\/\/www.dataslatitudes.com\/sosuniversal\/sk\/cas-dutilisation\/"]}]},{"@type":"BreadcrumbList","@id":"https:\/\/www.dataslatitudes.com\/sosuniversal\/sk\/cas-dutilisation\/#breadcrumb","itemListElement":[{"@type":"ListItem","position":1,"name":"Prezent\u00e1cia","item":"https:\/\/www.dataslatitudes.com\/sosuniversal\/fr\/"},{"@type":"ListItem","position":2,"name":"Pr\u00edpady pou\u017eitia"}]},{"@type":"WebSite","@id":"https:\/\/www.dataslatitudes.com\/sosuniversal\/sk\/#website","url":"https:\/\/www.dataslatitudes.com\/sosuniversal\/sk\/","name":"SOS Universal","description":"","publisher":{"@id":"https:\/\/www.dataslatitudes.com\/sosuniversal\/sk\/#organization"},"potentialAction":[{"@type":"SearchAction","target":{"@type":"EntryPoint","urlTemplate":"https:\/\/www.dataslatitudes.com\/sosuniversal\/sk\/?s={search_term_string}"},"query-input":{"@type":"PropertyValueSpecification","valueRequired":true,"valueName":"search_term_string"}}],"inLanguage":"sk-SK"},{"@type":"Organization","@id":"https:\/\/www.dataslatitudes.com\/sosuniversal\/sk\/#organization","name":"DATASLATITUDES","url":"https:\/\/www.dataslatitudes.com\/sosuniversal\/sk\/","logo":{"@type":"ImageObject","inLanguage":"sk-SK","@id":"https:\/\/www.dataslatitudes.com\/sosuniversal\/sk\/#\/schema\/logo\/image\/","url":"https:\/\/www.dataslatitudes.com\/sosuniversal\/wp-content\/uploads\/2025\/07\/logo_mrdv.png","contentUrl":"https:\/\/www.dataslatitudes.com\/sosuniversal\/wp-content\/uploads\/2025\/07\/logo_mrdv.png","width":72,"height":72,"caption":"DATASLATITUDES"},"image":{"@id":"https:\/\/www.dataslatitudes.com\/sosuniversal\/sk\/#\/schema\/logo\/image\/"}}]}},"_links":{"self":[{"href":"https:\/\/www.dataslatitudes.com\/sosuniversal\/sk\/wp-json\/wp\/v2\/pages\/127","targetHints":{"allow":["GET"]}}],"collection":[{"href":"https:\/\/www.dataslatitudes.com\/sosuniversal\/sk\/wp-json\/wp\/v2\/pages"}],"about":[{"href":"https:\/\/www.dataslatitudes.com\/sosuniversal\/sk\/wp-json\/wp\/v2\/types\/page"}],"author":[{"embeddable":true,"href":"https:\/\/www.dataslatitudes.com\/sosuniversal\/sk\/wp-json\/wp\/v2\/users\/1"}],"replies":[{"embeddable":true,"href":"https:\/\/www.dataslatitudes.com\/sosuniversal\/sk\/wp-json\/wp\/v2\/comments?post=127"}],"version-history":[{"count":34,"href":"https:\/\/www.dataslatitudes.com\/sosuniversal\/sk\/wp-json\/wp\/v2\/pages\/127\/revisions"}],"predecessor-version":[{"id":868,"href":"https:\/\/www.dataslatitudes.com\/sosuniversal\/sk\/wp-json\/wp\/v2\/pages\/127\/revisions\/868"}],"wp:attachment":[{"href":"https:\/\/www.dataslatitudes.com\/sosuniversal\/sk\/wp-json\/wp\/v2\/media?parent=127"}],"curies":[{"name":"wp","href":"https:\/\/api.w.org\/{rel}","templated":true}]}}