{"id":127,"date":"2025-06-12T03:29:21","date_gmt":"2025-06-12T03:29:21","guid":{"rendered":"https:\/\/www.dataslatitudes.com\/sosuniversal\/?page_id=127"},"modified":"2025-07-13T07:26:58","modified_gmt":"2025-07-13T07:26:58","slug":"cas-dutilisation","status":"publish","type":"page","link":"https:\/\/www.dataslatitudes.com\/sosuniversal\/ro\/cas-dutilisation\/","title":{"rendered":"Cazuri de utilizare"},"content":{"rendered":"\r\n<p class=\"has-small-font-size\"><\/p>\r\n\r\n\r\n\r\n<h1 class=\"wp-block-heading has-text-align-center has-medium-font-size\"><strong>CAZURI DE UTILIZARE<\/strong><\/h1>\r\n\r\n\r\n\r\n<p style=\"font-size:1rem\">O aplica\u021bie pentru smartphone care permite trimiterea de alerte, apeluri de ajutor sau pur \u0219i simplu a loca\u021biei curente se poate dovedi crucial\u0103 \u00een numeroase situa\u021bii, oferind lini\u0219te sufleteasc\u0103 \u0219i contribuind la un acces rapid la asisten\u021b\u0103. Iat\u0103 c\u00e2teva exemple de cazuri de utilizare, clasificate pe categorii pentru o mai bun\u0103 \u00een\u021belegere.<\/p>\r\n\r\n\r\n\r\n<h2 class=\"wp-block-heading has-background\" style=\"background-color:#f9f3eb;margin-top:var(--wp--preset--spacing--30);margin-bottom:var(--wp--preset--spacing--30);padding-top:var(--wp--preset--spacing--20);padding-bottom:var(--wp--preset--spacing--20);font-size:1.2rem\">Siguran\u021b\u0103 personal\u0103 \u0219i situa\u021bii de urgen\u021b\u0103<\/h2>\r\n\r\n\r\n\r\n<ul class=\"wp-block-list\">\r\n<li style=\"font-size:1rem\"><strong>Violen\u021ba \u00eempotriva femeilor, violen\u021ba LGBTfob\u0103 \u0219i serofob\u0103, violen\u021ba rasist\u0103, xenofob\u0103 sau din motive religioase, violen\u021ba \u00eempotriva persoanelor cu dizabilit\u0103\u021bi&nbsp;: <\/strong>\u00een caz de agresiune fizic\u0103 sau verbal\u0103, aplica\u021bia permite declan\u0219area unei alerte discrete cu un singur clic c\u0103tre contacte de \u00eencredere, cu partajarea loca\u021biei GPS \u00een timp real. De asemenea, o \u00eenregistrare audio poate fi configurat\u0103 pentru a servi ca prob\u0103 \u00een cazul unei pl\u00e2ngeri.<\/li>\r\n\r\n\r\n\r\n<li style=\"font-size:1rem\"><strong>Victim\u0103 a gesturilor neadecvate \u00een transportul \u00een comun (ex: atingeri \u00een metrou): <\/strong>victima poate declan\u0219a o alarm\u0103 sonor\u0103 de intensitate mare (siren\u0103 de poli\u021bie sau strig\u0103t uman, de exemplu) precum \u0219i o \u00eenregistrare audio.<\/li>\r\n\r\n\r\n\r\n<li style=\"font-size:1rem\"><strong>Agresiune sau amenin\u021bare imediat\u0103: <\/strong>\u00een caz de agresiune fizic\u0103, tentativ\u0103 de viol, furt cu violen\u021b\u0103 sau orice situa\u021bie care amenin\u021b\u0103 direct integritatea fizic\u0103 a utilizatorului, aplica\u021bia permite trimiterea unei alerte discrete \u0219i rapide c\u0103tre contactele de urgen\u021b\u0103.<\/li>\r\n\r\n\r\n\r\n<li style=\"font-size:1rem\"><strong>Situa\u021bie de h\u0103r\u021buire sau stalking: <\/strong>aplica\u021bia permite alertarea discret\u0103 a contactelor de \u00eencredere sau a autorit\u0103\u021bilor \u00een caz de urm\u0103rire sau h\u0103r\u021buire, cu posibilitatea de a \u00eenregistra o dovad\u0103 prin \u00eenregistrare audio.<\/li>\r\n\r\n\r\n\r\n<li style=\"font-size:1rem\"><strong>Victime ale violen\u021bei domestice: <\/strong>este posibil s\u0103 dispune\u021bi de un mijloc discret \u0219i rapid de a cere ajutor \u00een caz de pericol, f\u0103r\u0103 a alerta agresorul.<\/li>\r\n<\/ul>\r\n\r\n\r\n\r\n<p style=\"font-size:1rem\">\u00cen cazurile precedente, alerta discret\u0103 poate fi completat\u0103 sau \u00eenlocuit\u0103 de o descurajare sonor\u0103: declan\u0219area unei sirene de intensitate mare sau simularea unui apel telefonic primit pentru a crea o diversiune.<\/p>\r\n\r\n\r\n\r\n<ul class=\"wp-block-list\">\r\n<li style=\"font-size:1rem\"><strong>Urgen\u021b\u0103 medical\u0103: <\/strong>pentru persoanele care sufer\u0103 de boli cronice (crize cardiace, crize severe de astm, epilepsie, alergii grave) sau \u00een caz de accident (c\u0103dere, r\u0103nire), aplica\u021bia permite trimiterea unui apel de ajutor.<\/li>\r\n\r\n\r\n\r\n<li style=\"font-size:1rem\"><strong>Dispari\u021bie sau r\u0103t\u0103cire: <\/strong>deosebit de util\u0103 pentru copii, persoanele \u00een v\u00e2rst\u0103 cu tulbur\u0103ri cognitive sau drume\u021bi, aplica\u021bia permite trimiterea pozi\u021biei GPS \u00een timp real, facilit\u00e2nd c\u0103ut\u0103rile.<\/li>\r\n\r\n\r\n\r\n<li style=\"font-size:1rem\"><strong>Accidente rutiere: <\/strong>\u00een caz de accident, aplica\u021bia permite trimiterea unei alerte cu loca\u021bia.<\/li>\r\n\r\n\r\n\r\n<li style=\"font-size:1rem\"><strong>Catastrofe naturale: <\/strong>\u00een caz de cutremure, inunda\u021bii, incendii de p\u0103dure sau alte catastrofe, aplica\u021bia poate fi folosit\u0103 pentru a-\u0219i semnala pozi\u021bia, a cere ajutor \u0219i a-\u0219i informa apropia\u021bii despre siguran\u021ba sa.<\/li>\r\n<\/ul>\r\n\r\n\r\n\r\n<h2 class=\"wp-block-heading has-background\" style=\"background-color:#f9f3eb;margin-top:var(--wp--preset--spacing--30);margin-bottom:var(--wp--preset--spacing--30);padding-top:var(--wp--preset--spacing--20);padding-bottom:var(--wp--preset--spacing--20);font-size:1.2rem\">Via\u021ba cotidian\u0103 \u0219i asisten\u021ba<\/h2>\r\n\r\n\r\n\r\n<ul class=\"wp-block-list\">\r\n<li style=\"font-size:1rem\"><strong>Persoane \u00een v\u00e2rst\u0103 sau cu dizabilit\u0103\u021bi: <\/strong>aplica\u021bia poate fi utilizat\u0103 pentru a declan\u0219a o cerere de asisten\u021b\u0103.<\/li>\r\n\r\n\r\n\r\n<li style=\"font-size:1rem\"><strong>Copii \u0219i adolescen\u021bi: <\/strong>pentru p\u0103rin\u021bii preocupa\u021bi de siguran\u021ba copiilor lor, aplica\u021bia le poate permite copiilor s\u0103 trimit\u0103 o alert\u0103 discret\u0103 \u00een caz de pericol, atunci c\u00e2nd se simt pierdu\u021bi sau \u00een situa\u021bii de h\u0103r\u021buire (cu \u00eenregistrarea dovezilor).<br>Exemplu: un(o) adolescent(\u0103) la o petrecere care se simte inconfortabil, care este supus(\u0103) presiunii sau are nevoie s\u0103 fie luat(\u0103) f\u0103r\u0103 a putea vorbi direct, poate trimite o alert\u0103 discret\u0103 p\u0103rin\u021bilor sau unui adult de \u00eencredere.<\/li>\r\n\r\n\r\n\r\n<li style=\"font-size:1rem\"><strong>Probleme mecanice sau pan\u0103 de vehicul: <\/strong>\u00een caz de pan\u0103 pe un drum izolat sau periculos, aplica\u021bia permite trimiterea unei alerte c\u0103tre serviciile de asisten\u021b\u0103 rutier\u0103 sau c\u0103tre contacte pentru a cere ajutor.<\/li>\r\n\r\n\r\n\r\n<li style=\"font-size:1rem\"><strong>Izolare social\u0103 sau sentiment de pericol: <\/strong>o persoan\u0103 care se simte vulnerabil\u0103 sau amenin\u021bat\u0103 \u00eentr-o situa\u021bie social\u0103 particular\u0103 (de exemplu, la o \u00eent\u00e2lnire cu un necunoscut) poate utiliza aplica\u021bia pentru a alerta discret un prieten \u0219i a-\u0219i partaja loca\u021bia.<\/li>\r\n\r\n\r\n\r\n<li style=\"font-size:1rem\"><strong>Suport psihologic: <\/strong>pentru persoanele care sufer\u0103 de anxietate sau atacuri de panic\u0103, aplica\u021bia permite alertarea unui contact de \u00eencredere pentru suport imediat.<\/li>\r\n<\/ul>\r\n\r\n\r\n\r\n<h2 class=\"wp-block-heading has-background\" style=\"background-color:#f9f3eb;margin-top:var(--wp--preset--spacing--30);margin-bottom:var(--wp--preset--spacing--30);padding-top:var(--wp--preset--spacing--20);padding-bottom:var(--wp--preset--spacing--20);font-size:1.2rem\">Munc\u0103 \u0219i situa\u021bii profesionale<\/h2>\r\n\r\n\r\n\r\n<ul class=\"wp-block-list\">\r\n<li style=\"font-size:1rem\"><strong>Lucr\u0103tori izola\u021bi: <\/strong>pentru profesioni\u0219tii care lucreaz\u0103 singuri \u00een medii de risc (agen\u021bi de securitate, tehnicieni de \u00eentre\u021binere, \u0219oferi de taxi, fermieri, cultivatori de stridii), aplica\u021bia contribuie la o asisten\u021b\u0103 rapid\u0103 \u00een caz de accident sau agresiune.<\/li>\r\n\r\n\r\n\r\n<li style=\"font-size:1rem\"><strong>Profesioni\u0219ti din s\u0103n\u0103tate \u0219i social: <\/strong>medicii, asistentele medicale, asisten\u021bii sociali sau \u00eengrijitorii la domiciliu care viziteaz\u0103 pacien\u021bi sau clien\u021bi cu risc pot utiliza aplica\u021bia pentru a semnala o situa\u021bie periculoas\u0103 sau a cere ajutor.<\/li>\r\n\r\n\r\n\r\n<li style=\"font-size:1rem\"><strong>Personal de noapte: <\/strong>angaja\u021bii care lucreaz\u0103 noaptea \u00een locuri izolate (sta\u021bii de benzin\u0103, supermarketuri, hoteluri) pot avea un mijloc de a cere ajutor rapid \u00een caz de furt sau agresiune.<\/li>\r\n\r\n\r\n\r\n<li style=\"font-size:1rem\"><strong>Jurnali\u0219ti \u0219i reporteri \u00een zone de risc: <\/strong>posibilitatea de a semnala o situa\u021bie periculoas\u0103 sau o arestare, transmi\u021b\u00e2nd pozi\u021bia \u0219i informa\u021bii contextuale (prin apel telefonic sau SMS) c\u0103tre contactele de urgen\u021b\u0103.<\/li>\r\n<\/ul>\r\n\r\n\r\n\r\n<h2 class=\"wp-block-heading has-background\" style=\"background-color:#f9f3eb;margin-top:var(--wp--preset--spacing--30);margin-bottom:var(--wp--preset--spacing--30);padding-top:var(--wp--preset--spacing--20);padding-bottom:var(--wp--preset--spacing--20);font-size:1.2rem\">Timp liber \u0219i activit\u0103\u021bi \u00een aer liber<\/h2>\r\n\r\n\r\n\r\n<ul class=\"wp-block-list\">\r\n<li style=\"font-size:1rem\"><strong>Drume\u021bii \u0219i alpinism: <\/strong>\u00een caz de c\u0103dere, r\u0103nire, pierdere a orient\u0103rii sau condi\u021bii meteorologice extreme, aplica\u021bia permite trimiterea unei alerte cu pozi\u021bia GPS c\u0103tre echipele de salvare sau c\u0103tre familie.<\/li>\r\n\r\n\r\n\r\n<li style=\"font-size:1rem\"><strong>Sporturi nautice: <\/strong>pentru navigatori, de exemplu, aplica\u021bia poate fi folosit\u0103 pentru a semnala o problem\u0103 (r\u0103sturnare, pan\u0103 de motor, r\u0103nire) cu transmiterea pozi\u021biei.<\/li>\r\n\r\n\r\n\r\n<li style=\"font-size:1rem\"><strong>Ciclism \u0219i alergare: <\/strong>\u00een caz de c\u0103dere, r\u0103nire sau indispozi\u021bie, aplica\u021bia permite alertarea contactelor predefinite cu loca\u021bia.<\/li>\r\n\r\n\r\n\r\n<li style=\"font-size:1rem\"><strong>C\u0103l\u0103torii \u0219i turism: <\/strong>c\u0103l\u0103torii, \u00een special cei care exploreaz\u0103 zone necunoscute sau periculoase, pot utiliza aplica\u021bia pentru a-\u0219i alerta apropia\u021bii sau serviciile consulare \u00een caz de probleme (agresiune, boal\u0103, furt de documente).<\/li>\r\n<\/ul>\r\n\r\n\r\n\r\n<p style=\"font-size:1rem\">\u00cen cazurile precedente, pentru a informa anturajul profesional sau familial, de exemplu, alerta se poate limita la trimiterea prin SMS doar a loca\u021biei geografice curente. Exemplu: \u00een modul repetitiv, timp de 5 ore, la fiecare 15 minute, trimit un SMS care con\u021bine doar loca\u021bia mea.<\/p>\r\n\r\n\r\n\r\n<p class=\"has-small-font-size\" style=\"margin-top:var(--wp--preset--spacing--30);margin-bottom:var(--wp--preset--spacing--30)\"><\/p>\r\n","protected":false},"excerpt":{"rendered":"<p>CAZURI DE UTILIZARE O aplica\u021bie pentru smartphone care permite trimiterea de alerte, apeluri de ajutor sau pur \u0219i simplu a [&hellip;]<\/p>\n","protected":false},"author":1,"featured_media":0,"parent":0,"menu_order":1,"comment_status":"closed","ping_status":"closed","template":"","meta":{"site-sidebar-layout":"default","site-content-layout":"","ast-site-content-layout":"","site-content-style":"default","site-sidebar-style":"default","ast-global-header-display":"","ast-banner-title-visibility":"","ast-main-header-display":"","ast-hfb-above-header-display":"","ast-hfb-below-header-display":"","ast-hfb-mobile-header-display":"","site-post-title":"disabled","ast-breadcrumbs-content":"","ast-featured-img":"","footer-sml-layout":"","theme-transparent-header-meta":"","adv-header-id-meta":"","stick-header-meta":"","header-above-stick-meta":"","header-main-stick-meta":"","header-below-stick-meta":"","astra-migrate-meta-layouts":"default","ast-page-background-enabled":"default","ast-page-background-meta":{"desktop":{"background-color":"var(--ast-global-color-5)","background-image":"","background-repeat":"repeat","background-position":"center center","background-size":"auto","background-attachment":"scroll","background-type":"","background-media":"","overlay-type":"","overlay-color":"","overlay-opacity":"","overlay-gradient":""},"tablet":{"background-color":"","background-image":"","background-repeat":"repeat","background-position":"center center","background-size":"auto","background-attachment":"scroll","background-type":"","background-media":"","overlay-type":"","overlay-color":"","overlay-opacity":"","overlay-gradient":""},"mobile":{"background-color":"","background-image":"","background-repeat":"repeat","background-position":"center center","background-size":"auto","background-attachment":"scroll","background-type":"","background-media":"","overlay-type":"","overlay-color":"","overlay-opacity":"","overlay-gradient":""}},"ast-content-background-meta":{"desktop":{"background-color":"var(--ast-global-color-4)","background-image":"","background-repeat":"repeat","background-position":"center center","background-size":"auto","background-attachment":"scroll","background-type":"","background-media":"","overlay-type":"","overlay-color":"","overlay-opacity":"","overlay-gradient":""},"tablet":{"background-color":"var(--ast-global-color-4)","background-image":"","background-repeat":"repeat","background-position":"center center","background-size":"auto","background-attachment":"scroll","background-type":"","background-media":"","overlay-type":"","overlay-color":"","overlay-opacity":"","overlay-gradient":""},"mobile":{"background-color":"var(--ast-global-color-4)","background-image":"","background-repeat":"repeat","background-position":"center center","background-size":"auto","background-attachment":"scroll","background-type":"","background-media":"","overlay-type":"","overlay-color":"","overlay-opacity":"","overlay-gradient":""}},"footnotes":""},"class_list":["post-127","page","type-page","status-publish","hentry"],"yoast_head":"<!-- This site is optimized with the Yoast SEO plugin v25.6 - https:\/\/yoast.com\/wordpress\/plugins\/seo\/ -->\n<title>Cazuri de utilizare<\/title>\n<meta name=\"description\" content=\"O aplica\u021bie pentru smartphone care permite trimiterea de alerte, apeluri de ajutor sau pur \u0219i simplu a loca\u021biei curente se poate dovedi crucial\u0103 \u00een numeroase situa\u021bii, oferind lini\u0219te sufleteasc\u0103 \u0219i contribuind la un acces rapid la asisten\u021b\u0103. Exemple: siguran\u021b\u0103 personal\u0103 \u0219i situa\u021bii de urgen\u021b\u0103, via\u021ba cotidian\u0103 \u0219i asisten\u021ba, munc\u0103 \u0219i situa\u021bii profesionale, precum \u0219i timp liber \u0219i activit\u0103\u021bi \u00een aer liber.\" \/>\n<meta name=\"robots\" content=\"index, follow, max-snippet:-1, max-image-preview:large, max-video-preview:-1\" \/>\n<link rel=\"canonical\" href=\"http:\/\/CAZURI%20DE%20UTILIZARE%20O%20aplica\u021bie%20pentru%20smartphone%20care%20permite%20trimiterea%20de%20alerte,%20apeluri%20de%20ajutor%20sau%20pur%20\u0219i%20simplu%20a%20loca\u021biei%20curente%20se%20poate%20dovedi%20crucial\u0103%20\u00een%20numeroase%20situa\u021bii,%20oferind%20lini\u0219te%20sufleteasc\u0103%20\u0219i%20contribuind%20la%20un%20acces%20rapid%20la%20asisten\u021b\u0103.%20Iat\u0103%20c\u00e2teva%20exemple%20de%20cazuri%20de%20utilizare,%20clasificate%20pe%20categorii%20pentru%20o%20mai%20bun\u0103%20\u00een\u021belegere.&hellip;\" \/>\n<meta property=\"og:locale\" content=\"ro_RO\" \/>\n<meta property=\"og:type\" content=\"article\" \/>\n<meta property=\"og:title\" content=\"Cazuri de utilizare\" \/>\n<meta property=\"og:description\" content=\"O aplica\u021bie pentru smartphone care permite trimiterea de alerte, apeluri de ajutor sau pur \u0219i simplu a loca\u021biei curente se poate dovedi crucial\u0103 \u00een numeroase situa\u021bii, oferind lini\u0219te sufleteasc\u0103 \u0219i contribuind la un acces rapid la asisten\u021b\u0103. Exemple: siguran\u021b\u0103 personal\u0103 \u0219i situa\u021bii de urgen\u021b\u0103, via\u021ba cotidian\u0103 \u0219i asisten\u021ba, munc\u0103 \u0219i situa\u021bii profesionale, precum \u0219i timp liber \u0219i activit\u0103\u021bi \u00een aer liber.\" \/>\n<meta property=\"og:url\" content=\"https:\/\/www.dataslatitudes.com\/sosuniversal\/ro\/cas-dutilisation\/\" \/>\n<meta property=\"og:site_name\" content=\"SOS Universal\" \/>\n<meta property=\"article:modified_time\" content=\"2025-07-13T07:26:58+00:00\" \/>\n<meta name=\"twitter:card\" content=\"summary_large_image\" \/>\n<meta name=\"twitter:label1\" content=\"Timp estimat pentru citire\" \/>\n\t<meta name=\"twitter:data1\" content=\"5 minute\" \/>\n<script type=\"application\/ld+json\" class=\"yoast-schema-graph\">{\"@context\":\"https:\/\/schema.org\",\"@graph\":[{\"@type\":\"WebPage\",\"@id\":\"https:\/\/www.dataslatitudes.com\/sosuniversal\/ro\/cas-dutilisation\/\",\"url\":\"https:\/\/www.dataslatitudes.com\/sosuniversal\/ro\/cas-dutilisation\/\",\"name\":\"Cas d'utilisation - SOS Universal\",\"isPartOf\":{\"@id\":\"https:\/\/www.dataslatitudes.com\/sosuniversal\/#website\"},\"datePublished\":\"2025-06-12T03:29:21+00:00\",\"dateModified\":\"2025-07-13T07:26:58+00:00\",\"description\":\"Une application pour smartphone permettant d\u2019envoyer des alertes, des appels \u00e0 l\u2019aide ou tout simplement sa localisation courante peut s\u2019av\u00e9rer cruciale dans de nombreuses situations, offrant une tranquillit\u00e9 d\u2019esprit et contribuant \u00e0 un acc\u00e8s rapide \u00e0 l\u2019assistance. Exemples : s\u00e9curit\u00e9 personnelle et situations d\u2019urgence, vie quotidienne et assistance, travail et situations professionnelles ainsi que loisirs et activit\u00e9s en ext\u00e9rieur.\",\"breadcrumb\":{\"@id\":\"https:\/\/www.dataslatitudes.com\/sosuniversal\/ro\/cas-dutilisation\/#breadcrumb\"},\"inLanguage\":\"ro-RO\",\"potentialAction\":[{\"@type\":\"ReadAction\",\"target\":[\"https:\/\/www.dataslatitudes.com\/sosuniversal\/ro\/cas-dutilisation\/\"]}]},{\"@type\":\"BreadcrumbList\",\"@id\":\"https:\/\/www.dataslatitudes.com\/sosuniversal\/ro\/cas-dutilisation\/#breadcrumb\",\"itemListElement\":[{\"@type\":\"ListItem\",\"position\":1,\"name\":\"Prezentare\",\"item\":\"https:\/\/www.dataslatitudes.com\/sosuniversal\/fr\/\"},{\"@type\":\"ListItem\",\"position\":2,\"name\":\"Cazuri de utilizare\"}]},{\"@type\":\"WebSite\",\"@id\":\"https:\/\/www.dataslatitudes.com\/sosuniversal\/ro\/#website\",\"url\":\"https:\/\/www.dataslatitudes.com\/sosuniversal\/ro\/\",\"name\":\"SOS Universal\",\"description\":\"\",\"publisher\":{\"@id\":\"https:\/\/www.dataslatitudes.com\/sosuniversal\/ro\/#organization\"},\"potentialAction\":[{\"@type\":\"SearchAction\",\"target\":{\"@type\":\"EntryPoint\",\"urlTemplate\":\"https:\/\/www.dataslatitudes.com\/sosuniversal\/ro\/?s={search_term_string}\"},\"query-input\":{\"@type\":\"PropertyValueSpecification\",\"valueRequired\":true,\"valueName\":\"search_term_string\"}}],\"inLanguage\":\"ro-RO\"},{\"@type\":\"Organization\",\"@id\":\"https:\/\/www.dataslatitudes.com\/sosuniversal\/ro\/#organization\",\"name\":\"DATASLATITUDES\",\"url\":\"https:\/\/www.dataslatitudes.com\/sosuniversal\/ro\/\",\"logo\":{\"@type\":\"ImageObject\",\"inLanguage\":\"ro-RO\",\"@id\":\"https:\/\/www.dataslatitudes.com\/sosuniversal\/ro\/#\/schema\/logo\/image\/\",\"url\":\"https:\/\/www.dataslatitudes.com\/sosuniversal\/wp-content\/uploads\/2025\/07\/logo_mrdv.png\",\"contentUrl\":\"https:\/\/www.dataslatitudes.com\/sosuniversal\/wp-content\/uploads\/2025\/07\/logo_mrdv.png\",\"width\":72,\"height\":72,\"caption\":\"DATASLATITUDES\"},\"image\":{\"@id\":\"https:\/\/www.dataslatitudes.com\/sosuniversal\/ro\/#\/schema\/logo\/image\/\"}}]}<\/script>\n<!-- \/ Yoast SEO plugin. -->","yoast_head_json":{"title":"Cazuri de utilizare","description":"O aplica\u021bie pentru smartphone care permite trimiterea de alerte, apeluri de ajutor sau pur \u0219i simplu a loca\u021biei curente se poate dovedi crucial\u0103 \u00een numeroase situa\u021bii, oferind lini\u0219te sufleteasc\u0103 \u0219i contribuind la un acces rapid la asisten\u021b\u0103. Exemple: siguran\u021b\u0103 personal\u0103 \u0219i situa\u021bii de urgen\u021b\u0103, via\u021ba cotidian\u0103 \u0219i asisten\u021ba, munc\u0103 \u0219i situa\u021bii profesionale, precum \u0219i timp liber \u0219i activit\u0103\u021bi \u00een aer liber.","robots":{"index":"index","follow":"follow","max-snippet":"max-snippet:-1","max-image-preview":"max-image-preview:large","max-video-preview":"max-video-preview:-1"},"canonical":"CAZURI DE UTILIZARE O aplica\u021bie pentru smartphone care permite trimiterea de alerte, apeluri de ajutor sau pur \u0219i simplu a loca\u021biei curente se poate dovedi crucial\u0103 \u00een numeroase situa\u021bii, oferind lini\u0219te sufleteasc\u0103 \u0219i contribuind la un acces rapid la asisten\u021b\u0103. Iat\u0103 c\u00e2teva exemple de cazuri de utilizare, clasificate pe categorii pentru o mai bun\u0103 \u00een\u021belegere.&hellip;","og_locale":"ro_RO","og_type":"article","og_title":"Cazuri de utilizare","og_description":"O aplica\u021bie pentru smartphone care permite trimiterea de alerte, apeluri de ajutor sau pur \u0219i simplu a loca\u021biei curente se poate dovedi crucial\u0103 \u00een numeroase situa\u021bii, oferind lini\u0219te sufleteasc\u0103 \u0219i contribuind la un acces rapid la asisten\u021b\u0103. Exemple: siguran\u021b\u0103 personal\u0103 \u0219i situa\u021bii de urgen\u021b\u0103, via\u021ba cotidian\u0103 \u0219i asisten\u021ba, munc\u0103 \u0219i situa\u021bii profesionale, precum \u0219i timp liber \u0219i activit\u0103\u021bi \u00een aer liber.","og_url":"https:\/\/www.dataslatitudes.com\/sosuniversal\/ro\/cas-dutilisation\/","og_site_name":"SOS Universal","article_modified_time":"2025-07-13T07:26:58+00:00","twitter_card":"summary_large_image","twitter_misc":{"Timp estimat pentru citire":"5 minute"},"schema":{"@context":"https:\/\/schema.org","@graph":[{"@type":"WebPage","@id":"https:\/\/www.dataslatitudes.com\/sosuniversal\/ro\/cas-dutilisation\/","url":"https:\/\/www.dataslatitudes.com\/sosuniversal\/ro\/cas-dutilisation\/","name":"Cas d'utilisation - SOS Universal","isPartOf":{"@id":"https:\/\/www.dataslatitudes.com\/sosuniversal\/#website"},"datePublished":"2025-06-12T03:29:21+00:00","dateModified":"2025-07-13T07:26:58+00:00","description":"Une application pour smartphone permettant d\u2019envoyer des alertes, des appels \u00e0 l\u2019aide ou tout simplement sa localisation courante peut s\u2019av\u00e9rer cruciale dans de nombreuses situations, offrant une tranquillit\u00e9 d\u2019esprit et contribuant \u00e0 un acc\u00e8s rapide \u00e0 l\u2019assistance. Exemples : s\u00e9curit\u00e9 personnelle et situations d\u2019urgence, vie quotidienne et assistance, travail et situations professionnelles ainsi que loisirs et activit\u00e9s en ext\u00e9rieur.","breadcrumb":{"@id":"https:\/\/www.dataslatitudes.com\/sosuniversal\/ro\/cas-dutilisation\/#breadcrumb"},"inLanguage":"ro-RO","potentialAction":[{"@type":"ReadAction","target":["https:\/\/www.dataslatitudes.com\/sosuniversal\/ro\/cas-dutilisation\/"]}]},{"@type":"BreadcrumbList","@id":"https:\/\/www.dataslatitudes.com\/sosuniversal\/ro\/cas-dutilisation\/#breadcrumb","itemListElement":[{"@type":"ListItem","position":1,"name":"Prezentare","item":"https:\/\/www.dataslatitudes.com\/sosuniversal\/fr\/"},{"@type":"ListItem","position":2,"name":"Cazuri de utilizare"}]},{"@type":"WebSite","@id":"https:\/\/www.dataslatitudes.com\/sosuniversal\/ro\/#website","url":"https:\/\/www.dataslatitudes.com\/sosuniversal\/ro\/","name":"SOS Universal","description":"","publisher":{"@id":"https:\/\/www.dataslatitudes.com\/sosuniversal\/ro\/#organization"},"potentialAction":[{"@type":"SearchAction","target":{"@type":"EntryPoint","urlTemplate":"https:\/\/www.dataslatitudes.com\/sosuniversal\/ro\/?s={search_term_string}"},"query-input":{"@type":"PropertyValueSpecification","valueRequired":true,"valueName":"search_term_string"}}],"inLanguage":"ro-RO"},{"@type":"Organization","@id":"https:\/\/www.dataslatitudes.com\/sosuniversal\/ro\/#organization","name":"DATASLATITUDES","url":"https:\/\/www.dataslatitudes.com\/sosuniversal\/ro\/","logo":{"@type":"ImageObject","inLanguage":"ro-RO","@id":"https:\/\/www.dataslatitudes.com\/sosuniversal\/ro\/#\/schema\/logo\/image\/","url":"https:\/\/www.dataslatitudes.com\/sosuniversal\/wp-content\/uploads\/2025\/07\/logo_mrdv.png","contentUrl":"https:\/\/www.dataslatitudes.com\/sosuniversal\/wp-content\/uploads\/2025\/07\/logo_mrdv.png","width":72,"height":72,"caption":"DATASLATITUDES"},"image":{"@id":"https:\/\/www.dataslatitudes.com\/sosuniversal\/ro\/#\/schema\/logo\/image\/"}}]}},"_links":{"self":[{"href":"https:\/\/www.dataslatitudes.com\/sosuniversal\/ro\/wp-json\/wp\/v2\/pages\/127","targetHints":{"allow":["GET"]}}],"collection":[{"href":"https:\/\/www.dataslatitudes.com\/sosuniversal\/ro\/wp-json\/wp\/v2\/pages"}],"about":[{"href":"https:\/\/www.dataslatitudes.com\/sosuniversal\/ro\/wp-json\/wp\/v2\/types\/page"}],"author":[{"embeddable":true,"href":"https:\/\/www.dataslatitudes.com\/sosuniversal\/ro\/wp-json\/wp\/v2\/users\/1"}],"replies":[{"embeddable":true,"href":"https:\/\/www.dataslatitudes.com\/sosuniversal\/ro\/wp-json\/wp\/v2\/comments?post=127"}],"version-history":[{"count":34,"href":"https:\/\/www.dataslatitudes.com\/sosuniversal\/ro\/wp-json\/wp\/v2\/pages\/127\/revisions"}],"predecessor-version":[{"id":868,"href":"https:\/\/www.dataslatitudes.com\/sosuniversal\/ro\/wp-json\/wp\/v2\/pages\/127\/revisions\/868"}],"wp:attachment":[{"href":"https:\/\/www.dataslatitudes.com\/sosuniversal\/ro\/wp-json\/wp\/v2\/media?parent=127"}],"curies":[{"name":"wp","href":"https:\/\/api.w.org\/{rel}","templated":true}]}}