{"id":246,"date":"2025-06-13T07:09:52","date_gmt":"2025-06-13T07:09:52","guid":{"rendered":"https:\/\/www.dataslatitudes.com\/sosuniversal\/index.php\/mode-emploi\/mode-demploi-parametres\/"},"modified":"2025-07-21T16:04:04","modified_gmt":"2025-07-21T16:04:04","slug":"mode-emploi-historique-enregistrement-audio","status":"publish","type":"page","link":"https:\/\/www.dataslatitudes.com\/sosuniversal\/pt\/ecran-principal\/mode-emploi-historique-enregistrement-audio\/","title":{"rendered":"Hist\u00f3rico e grava\u00e7\u00f5es de \u00e1udio"},"content":{"rendered":"\r\n<p class=\"has-small-font-size\"><\/p>\r\n\r\n\r\n\r\n<h1 class=\"wp-block-heading has-text-align-center has-medium-font-size\" style=\"margin-top:var(--wp--preset--spacing--30);margin-bottom:var(--wp--preset--spacing--30)\"><strong>HIST\u00d3RICO DE ALERTAS<\/strong><\/h1>\r\n\r\n\r\n\r\n<p style=\"font-size:1rem\">Os \u00faltimos 50 alertas emitidos s\u00e3o registados com todas as suas caracter\u00edsticas<\/p>\r\n\r\n\r\n\r\n<div class=\"wp-block-columns is-layout-flex wp-container-core-columns-is-layout-ec2e7a44 wp-block-columns-is-layout-flex\" style=\"padding-top:0;padding-bottom:0\">\r\n<div class=\"wp-block-column is-layout-flow wp-block-column-is-layout-flow\" style=\"flex-basis:33.33%\">\r\n<figure class=\"wp-block-image aligncenter size-large is-resized\"><img decoding=\"async\" src=\"http:\/\/www.dataslatitudes.com\/sosuniversal\/wp-content\/uploads\/pt_historique_alerte_puce-459x1024.webp\" alt=\"SOS Universal - hist\u00f3rico de alertas\" class=\"wp-image-402\" style=\"width:273px\"\/><\/figure>\r\n<\/div>\r\n\r\n\r\n\r\n<div class=\"wp-block-column is-layout-flow wp-block-column-is-layout-flow\" style=\"padding-top:0;padding-bottom:0;flex-basis:66.66%\">\r\n<p style=\"font-size:1rem\">(1) Nome e apelido do contacto solicitado<br>(2) Data e hora do acionamento do alerta<br>(3) \u00cdcones resumindo o conte\u00fado do alerta (no exemplo: chamada telef\u00f3nica, envio de SMS com a localiza\u00e7\u00e3o geogr\u00e1fica e o endere\u00e7o, grava\u00e7\u00e3o de \u00e1udio e alarme sonoro)<br>(4) Modo de alerta utilizado com os seus par\u00e2metros<br>(5) Eliminar todo o hist\u00f3rico de alertas<\/p>\r\n\r\n\r\n\r\n<p>A data \u00e9 expressa no formato AAAA-MM-DD (norma internacional ISO 8601).<\/p>\r\n<\/div>\r\n<\/div>\r\n\r\n\r\n\r\n<p class=\"has-small-font-size\"><\/p>\r\n\r\n\r\n\r\n<h2 class=\"wp-block-heading has-text-align-center has-medium-font-size\" style=\"margin-top:var(--wp--preset--spacing--30);margin-bottom:var(--wp--preset--spacing--30)\"><strong>GRAVA\u00c7\u00d5ES DE \u00c1UDIO<\/strong><\/h2>\r\n\r\n\r\n\r\n<p style=\"font-size:1rem\">Pode guardar at\u00e9 200 grava\u00e7\u00f5es de \u00e1udio que s\u00e3o armazenadas no diret\u00f3rio de downloads do seu smartphone. Cada grava\u00e7\u00e3o \u00e9 carimbada com data e hora e pode ser ouvida, renomeada ou eliminada.<\/p>\r\n\r\n\r\n\r\n<div class=\"wp-block-columns is-layout-flex wp-container-core-columns-is-layout-ec2e7a44 wp-block-columns-is-layout-flex\" style=\"padding-top:0;padding-bottom:0\">\r\n<div class=\"wp-block-column is-layout-flow wp-block-column-is-layout-flow\" style=\"flex-basis:33.33%\">\r\n<figure class=\"wp-block-image aligncenter size-large is-resized\"><img decoding=\"async\" src=\"http:\/\/www.dataslatitudes.com\/sosuniversal\/wp-content\/uploads\/pt_enregistrement_audio_puce-459x1024.webp\" alt=\"SOS Universal - gest\u00e3o de grava\u00e7\u00f5es de \u00e1udio\" class=\"wp-image-403\" style=\"width:273px\"\/><\/figure>\r\n<\/div>\r\n\r\n\r\n\r\n<div class=\"wp-block-column is-layout-flow wp-block-column-is-layout-flow\" style=\"flex-basis:66.66%\">\r\n<p style=\"font-size:1rem\">(1) Nome da grava\u00e7\u00e3o<br>(2) Data, hora e tamanho da grava\u00e7\u00e3o<br>(3) Fun\u00e7\u00e3o de elimina\u00e7\u00e3o<br>(4) Fun\u00e7\u00e3o de modifica\u00e7\u00e3o do nome do ficheiro<br>(5) Reprodu\u00e7\u00e3o da grava\u00e7\u00e3o ou paragem da reprodu\u00e7\u00e3o<br>(6) Recuar 5 segundos<br>(7) Avan\u00e7ar 5 segundos<br>(8) Cursor do progresso da leitura<br>(9) Velocidade de reprodu\u00e7\u00e3o da grava\u00e7\u00e3o: pode ser diminu\u00edda (x 0.5) ou aumentada (x 1.5, x 2.0)<\/p>\r\n\r\n\r\n\r\n<p>A data \u00e9 expressa no formato AAAA-MM-DD (norma internacional ISO 8601).<\/p>\r\n<\/div>\r\n<\/div>\r\n\r\n\r\n\r\n<p class=\"has-medium-font-size\"><\/p>\r\n\r\n\r\n\r\n<p><\/p>\r\n","protected":false},"excerpt":{"rendered":"<p>HIST\u00d3RICO DE ALERTAS Os \u00faltimos 50 alertas emitidos s\u00e3o registados com todas as suas caracter\u00edsticas (1) Nome e apelido do [&hellip;]<\/p>\n","protected":false},"author":1,"featured_media":0,"parent":14,"menu_order":5,"comment_status":"closed","ping_status":"closed","template":"","meta":{"site-sidebar-layout":"default","site-content-layout":"","ast-site-content-layout":"","site-content-style":"default","site-sidebar-style":"default","ast-global-header-display":"","ast-banner-title-visibility":"","ast-main-header-display":"","ast-hfb-above-header-display":"","ast-hfb-below-header-display":"","ast-hfb-mobile-header-display":"","site-post-title":"disabled","ast-breadcrumbs-content":"","ast-featured-img":"","footer-sml-layout":"","theme-transparent-header-meta":"","adv-header-id-meta":"","stick-header-meta":"","header-above-stick-meta":"","header-main-stick-meta":"","header-below-stick-meta":"","astra-migrate-meta-layouts":"default","ast-page-background-enabled":"default","ast-page-background-meta":{"desktop":{"background-color":"var(--ast-global-color-5)","background-image":"","background-repeat":"repeat","background-position":"center center","background-size":"auto","background-attachment":"scroll","background-type":"","background-media":"","overlay-type":"","overlay-color":"","overlay-opacity":"","overlay-gradient":""},"tablet":{"background-color":"","background-image":"","background-repeat":"repeat","background-position":"center center","background-size":"auto","background-attachment":"scroll","background-type":"","background-media":"","overlay-type":"","overlay-color":"","overlay-opacity":"","overlay-gradient":""},"mobile":{"background-color":"","background-image":"","background-repeat":"repeat","background-position":"center center","background-size":"auto","background-attachment":"scroll","background-type":"","background-media":"","overlay-type":"","overlay-color":"","overlay-opacity":"","overlay-gradient":""}},"ast-content-background-meta":{"desktop":{"background-color":"var(--ast-global-color-4)","background-image":"","background-repeat":"repeat","background-position":"center center","background-size":"auto","background-attachment":"scroll","background-type":"","background-media":"","overlay-type":"","overlay-color":"","overlay-opacity":"","overlay-gradient":""},"tablet":{"background-color":"var(--ast-global-color-4)","background-image":"","background-repeat":"repeat","background-position":"center center","background-size":"auto","background-attachment":"scroll","background-type":"","background-media":"","overlay-type":"","overlay-color":"","overlay-opacity":"","overlay-gradient":""},"mobile":{"background-color":"var(--ast-global-color-4)","background-image":"","background-repeat":"repeat","background-position":"center center","background-size":"auto","background-attachment":"scroll","background-type":"","background-media":"","overlay-type":"","overlay-color":"","overlay-opacity":"","overlay-gradient":""}},"footnotes":""},"class_list":["post-246","page","type-page","status-publish","hentry"],"yoast_head":"<!-- This site is optimized with the Yoast SEO plugin v25.6 - https:\/\/yoast.com\/wordpress\/plugins\/seo\/ -->\n<title>Hist\u00f3rico e grava\u00e7\u00f5es de \u00e1udio<\/title>\n<meta name=\"description\" content=\"Os \u00faltimos 50 alertas emitidos s\u00e3o registados com todas as suas caracter\u00edsticas. Pode guardar at\u00e9 200 grava\u00e7\u00f5es de \u00e1udio que s\u00e3o armazenadas no diret\u00f3rio de downloads do smartphone. Cada grava\u00e7\u00e3o \u00e9 carimbada com data e hora e pode ser ouvida, renomeada ou eliminada.\" \/>\n<meta name=\"robots\" content=\"index, follow, max-snippet:-1, max-image-preview:large, max-video-preview:-1\" \/>\n<link rel=\"canonical\" href=\"\" \/>\n<meta property=\"og:locale\" content=\"pt_PT\" \/>\n<meta property=\"og:type\" content=\"article\" \/>\n<meta property=\"og:title\" content=\"Hist\u00f3rico e grava\u00e7\u00f5es de \u00e1udio\" \/>\n<meta property=\"og:description\" content=\"Os \u00faltimos 50 alertas emitidos s\u00e3o registados com todas as suas caracter\u00edsticas. Pode guardar at\u00e9 200 grava\u00e7\u00f5es de \u00e1udio que s\u00e3o armazenadas no diret\u00f3rio de downloads do smartphone. Cada grava\u00e7\u00e3o \u00e9 carimbada com data e hora e pode ser ouvida, renomeada ou eliminada.\" \/>\n<meta property=\"og:url\" content=\"https:\/\/www.dataslatitudes.com\/sosuniversal\/pt\/ecran-principal\/mode-emploi-historique-enregistrement-audio\/\" \/>\n<meta property=\"og:site_name\" content=\"SOS Universal\" \/>\n<meta property=\"article:modified_time\" content=\"2025-07-21T16:04:04+00:00\" \/>\n<meta name=\"twitter:card\" content=\"summary_large_image\" \/>\n<meta name=\"twitter:label1\" content=\"Tempo estimado de leitura\" \/>\n\t<meta name=\"twitter:data1\" content=\"2 minutos\" \/>\n<script type=\"application\/ld+json\" class=\"yoast-schema-graph\">{\"@context\":\"https:\/\/schema.org\",\"@graph\":[{\"@type\":\"WebPage\",\"@id\":\"https:\/\/www.dataslatitudes.com\/sosuniversal\/pt\/ecran-principal\/mode-emploi-historique-enregistrement-audio\/\",\"url\":\"https:\/\/www.dataslatitudes.com\/sosuniversal\/pt\/ecran-principal\/mode-emploi-historique-enregistrement-audio\/\",\"name\":\"Historique et enregistrements audios - SOS Universal\",\"isPartOf\":{\"@id\":\"https:\/\/www.dataslatitudes.com\/sosuniversal\/#website\"},\"primaryImageOfPage\":{\"@id\":\"https:\/\/www.dataslatitudes.com\/sosuniversal\/pt\/ecran-principal\/mode-emploi-historique-enregistrement-audio\/#primaryimage\"},\"image\":{\"@id\":\"https:\/\/www.dataslatitudes.com\/sosuniversal\/pt\/ecran-principal\/mode-emploi-historique-enregistrement-audio\/#primaryimage\"},\"thumbnailUrl\":\"http:\/\/www.dataslatitudes.com\/sosuniversal\/wp-content\/uploads\/2025\/07\/fr_historique_alerte_puce-459x1024.webp\",\"datePublished\":\"2025-06-13T07:09:52+00:00\",\"dateModified\":\"2025-07-21T16:04:04+00:00\",\"description\":\"Les 50 derni\u00e8res alertes \u00e9mises sont historis\u00e9es avec toutes leurs caract\u00e9ristiques. Vous pouvez conserver jusqu\u2019\u00e0 200 enregistrements audios qui sont stock\u00e9s dans le r\u00e9pertoire des t\u00e9l\u00e9chargements du smartphone. Chaque enregistrement est horodat\u00e9 et peut \u00eatre \u00e9cout\u00e9, renomm\u00e9 ou supprim\u00e9.\",\"breadcrumb\":{\"@id\":\"https:\/\/www.dataslatitudes.com\/sosuniversal\/pt\/ecran-principal\/mode-emploi-historique-enregistrement-audio\/#breadcrumb\"},\"inLanguage\":\"pt-PT\",\"potentialAction\":[{\"@type\":\"ReadAction\",\"target\":[\"https:\/\/www.dataslatitudes.com\/sosuniversal\/pt\/ecran-principal\/mode-emploi-historique-enregistrement-audio\/\"]}]},{\"@type\":\"ImageObject\",\"inLanguage\":\"pt-PT\",\"@id\":\"https:\/\/www.dataslatitudes.com\/sosuniversal\/pt\/ecran-principal\/mode-emploi-historique-enregistrement-audio\/#primaryimage\",\"url\":\"http:\/\/www.dataslatitudes.com\/sosuniversal\/wp-content\/uploads\/2025\/07\/fr_historique_alerte_puce-459x1024.webp\",\"contentUrl\":\"http:\/\/www.dataslatitudes.com\/sosuniversal\/wp-content\/uploads\/2025\/07\/fr_historique_alerte_puce-459x1024.webp\"},{\"@type\":\"BreadcrumbList\",\"@id\":\"https:\/\/www.dataslatitudes.com\/sosuniversal\/pt\/ecran-principal\/mode-emploi-historique-enregistrement-audio\/#breadcrumb\",\"itemListElement\":[{\"@type\":\"ListItem\",\"position\":1,\"name\":\"Apresenta\u00e7\u00e3o\",\"item\":\"https:\/\/www.dataslatitudes.com\/sosuniversal\/fr\/\"},{\"@type\":\"ListItem\",\"position\":2,\"name\":\"Ecr\u00e3 principal\",\"item\":\"https:\/\/www.dataslatitudes.com\/sosuniversal\/ecran-principal\/\"},{\"@type\":\"ListItem\",\"position\":3,\"name\":\"Hist\u00f3rico e grava\u00e7\u00f5es de \u00e1udio\"}]},{\"@type\":\"WebSite\",\"@id\":\"https:\/\/www.dataslatitudes.com\/sosuniversal\/pt\/#website\",\"url\":\"https:\/\/www.dataslatitudes.com\/sosuniversal\/pt\/\",\"name\":\"SOS Universal\",\"description\":\"\",\"publisher\":{\"@id\":\"https:\/\/www.dataslatitudes.com\/sosuniversal\/pt\/#organization\"},\"potentialAction\":[{\"@type\":\"SearchAction\",\"target\":{\"@type\":\"EntryPoint\",\"urlTemplate\":\"https:\/\/www.dataslatitudes.com\/sosuniversal\/pt\/?s={search_term_string}\"},\"query-input\":{\"@type\":\"PropertyValueSpecification\",\"valueRequired\":true,\"valueName\":\"search_term_string\"}}],\"inLanguage\":\"pt-PT\"},{\"@type\":\"Organization\",\"@id\":\"https:\/\/www.dataslatitudes.com\/sosuniversal\/pt\/#organization\",\"name\":\"DATASLATITUDES\",\"url\":\"https:\/\/www.dataslatitudes.com\/sosuniversal\/pt\/\",\"logo\":{\"@type\":\"ImageObject\",\"inLanguage\":\"pt-PT\",\"@id\":\"https:\/\/www.dataslatitudes.com\/sosuniversal\/pt\/#\/schema\/logo\/image\/\",\"url\":\"https:\/\/www.dataslatitudes.com\/sosuniversal\/wp-content\/uploads\/2025\/07\/logo_mrdv.png\",\"contentUrl\":\"https:\/\/www.dataslatitudes.com\/sosuniversal\/wp-content\/uploads\/2025\/07\/logo_mrdv.png\",\"width\":72,\"height\":72,\"caption\":\"DATASLATITUDES\"},\"image\":{\"@id\":\"https:\/\/www.dataslatitudes.com\/sosuniversal\/pt\/#\/schema\/logo\/image\/\"}}]}<\/script>\n<!-- \/ Yoast SEO plugin. -->","yoast_head_json":{"title":"Hist\u00f3rico e grava\u00e7\u00f5es de \u00e1udio","description":"Os \u00faltimos 50 alertas emitidos s\u00e3o registados com todas as suas caracter\u00edsticas. Pode guardar at\u00e9 200 grava\u00e7\u00f5es de \u00e1udio que s\u00e3o armazenadas no diret\u00f3rio de downloads do smartphone. Cada grava\u00e7\u00e3o \u00e9 carimbada com data e hora e pode ser ouvida, renomeada ou eliminada.","robots":{"index":"index","follow":"follow","max-snippet":"max-snippet:-1","max-image-preview":"max-image-preview:large","max-video-preview":"max-video-preview:-1"},"canonical":"HIST\u00d3RICO DE ALERTAS Os \u00faltimos 50 alertas emitidos s\u00e3o registados com todas as suas caracter\u00edsticas (1) Nome e apelido do contacto solicitado(2) Data e hora do acionamento do alerta(3) \u00cdcones resumindo o conte\u00fado do alerta (no exemplo: chamada telef\u00f3nica, envio de SMS com a localiza\u00e7\u00e3o geogr\u00e1fica e o endere\u00e7o, grava\u00e7\u00e3o de \u00e1udio e alarme sonoro)(4)&hellip;","og_locale":"pt_PT","og_type":"article","og_title":"Hist\u00f3rico e grava\u00e7\u00f5es de \u00e1udio","og_description":"Os \u00faltimos 50 alertas emitidos s\u00e3o registados com todas as suas caracter\u00edsticas. Pode guardar at\u00e9 200 grava\u00e7\u00f5es de \u00e1udio que s\u00e3o armazenadas no diret\u00f3rio de downloads do smartphone. Cada grava\u00e7\u00e3o \u00e9 carimbada com data e hora e pode ser ouvida, renomeada ou eliminada.","og_url":"https:\/\/www.dataslatitudes.com\/sosuniversal\/pt\/ecran-principal\/mode-emploi-historique-enregistrement-audio\/","og_site_name":"SOS Universal","article_modified_time":"2025-07-21T16:04:04+00:00","twitter_card":"summary_large_image","twitter_misc":{"Tempo estimado de leitura":"2 minutos"},"schema":{"@context":"https:\/\/schema.org","@graph":[{"@type":"WebPage","@id":"https:\/\/www.dataslatitudes.com\/sosuniversal\/pt\/ecran-principal\/mode-emploi-historique-enregistrement-audio\/","url":"https:\/\/www.dataslatitudes.com\/sosuniversal\/pt\/ecran-principal\/mode-emploi-historique-enregistrement-audio\/","name":"Historique et enregistrements audios - SOS Universal","isPartOf":{"@id":"https:\/\/www.dataslatitudes.com\/sosuniversal\/#website"},"primaryImageOfPage":{"@id":"https:\/\/www.dataslatitudes.com\/sosuniversal\/pt\/ecran-principal\/mode-emploi-historique-enregistrement-audio\/#primaryimage"},"image":{"@id":"https:\/\/www.dataslatitudes.com\/sosuniversal\/pt\/ecran-principal\/mode-emploi-historique-enregistrement-audio\/#primaryimage"},"thumbnailUrl":"http:\/\/www.dataslatitudes.com\/sosuniversal\/wp-content\/uploads\/2025\/07\/fr_historique_alerte_puce-459x1024.webp","datePublished":"2025-06-13T07:09:52+00:00","dateModified":"2025-07-21T16:04:04+00:00","description":"Les 50 derni\u00e8res alertes \u00e9mises sont historis\u00e9es avec toutes leurs caract\u00e9ristiques. Vous pouvez conserver jusqu\u2019\u00e0 200 enregistrements audios qui sont stock\u00e9s dans le r\u00e9pertoire des t\u00e9l\u00e9chargements du smartphone. Chaque enregistrement est horodat\u00e9 et peut \u00eatre \u00e9cout\u00e9, renomm\u00e9 ou supprim\u00e9.","breadcrumb":{"@id":"https:\/\/www.dataslatitudes.com\/sosuniversal\/pt\/ecran-principal\/mode-emploi-historique-enregistrement-audio\/#breadcrumb"},"inLanguage":"pt-PT","potentialAction":[{"@type":"ReadAction","target":["https:\/\/www.dataslatitudes.com\/sosuniversal\/pt\/ecran-principal\/mode-emploi-historique-enregistrement-audio\/"]}]},{"@type":"ImageObject","inLanguage":"pt-PT","@id":"https:\/\/www.dataslatitudes.com\/sosuniversal\/pt\/ecran-principal\/mode-emploi-historique-enregistrement-audio\/#primaryimage","url":"http:\/\/www.dataslatitudes.com\/sosuniversal\/wp-content\/uploads\/2025\/07\/fr_historique_alerte_puce-459x1024.webp","contentUrl":"http:\/\/www.dataslatitudes.com\/sosuniversal\/wp-content\/uploads\/2025\/07\/fr_historique_alerte_puce-459x1024.webp"},{"@type":"BreadcrumbList","@id":"https:\/\/www.dataslatitudes.com\/sosuniversal\/pt\/ecran-principal\/mode-emploi-historique-enregistrement-audio\/#breadcrumb","itemListElement":[{"@type":"ListItem","position":1,"name":"Apresenta\u00e7\u00e3o","item":"https:\/\/www.dataslatitudes.com\/sosuniversal\/fr\/"},{"@type":"ListItem","position":2,"name":"Ecr\u00e3 principal","item":"https:\/\/www.dataslatitudes.com\/sosuniversal\/ecran-principal\/"},{"@type":"ListItem","position":3,"name":"Hist\u00f3rico e grava\u00e7\u00f5es de \u00e1udio"}]},{"@type":"WebSite","@id":"https:\/\/www.dataslatitudes.com\/sosuniversal\/pt\/#website","url":"https:\/\/www.dataslatitudes.com\/sosuniversal\/pt\/","name":"SOS Universal","description":"","publisher":{"@id":"https:\/\/www.dataslatitudes.com\/sosuniversal\/pt\/#organization"},"potentialAction":[{"@type":"SearchAction","target":{"@type":"EntryPoint","urlTemplate":"https:\/\/www.dataslatitudes.com\/sosuniversal\/pt\/?s={search_term_string}"},"query-input":{"@type":"PropertyValueSpecification","valueRequired":true,"valueName":"search_term_string"}}],"inLanguage":"pt-PT"},{"@type":"Organization","@id":"https:\/\/www.dataslatitudes.com\/sosuniversal\/pt\/#organization","name":"DATASLATITUDES","url":"https:\/\/www.dataslatitudes.com\/sosuniversal\/pt\/","logo":{"@type":"ImageObject","inLanguage":"pt-PT","@id":"https:\/\/www.dataslatitudes.com\/sosuniversal\/pt\/#\/schema\/logo\/image\/","url":"https:\/\/www.dataslatitudes.com\/sosuniversal\/wp-content\/uploads\/2025\/07\/logo_mrdv.png","contentUrl":"https:\/\/www.dataslatitudes.com\/sosuniversal\/wp-content\/uploads\/2025\/07\/logo_mrdv.png","width":72,"height":72,"caption":"DATASLATITUDES"},"image":{"@id":"https:\/\/www.dataslatitudes.com\/sosuniversal\/pt\/#\/schema\/logo\/image\/"}}]}},"_links":{"self":[{"href":"https:\/\/www.dataslatitudes.com\/sosuniversal\/pt\/wp-json\/wp\/v2\/pages\/246","targetHints":{"allow":["GET"]}}],"collection":[{"href":"https:\/\/www.dataslatitudes.com\/sosuniversal\/pt\/wp-json\/wp\/v2\/pages"}],"about":[{"href":"https:\/\/www.dataslatitudes.com\/sosuniversal\/pt\/wp-json\/wp\/v2\/types\/page"}],"author":[{"embeddable":true,"href":"https:\/\/www.dataslatitudes.com\/sosuniversal\/pt\/wp-json\/wp\/v2\/users\/1"}],"replies":[{"embeddable":true,"href":"https:\/\/www.dataslatitudes.com\/sosuniversal\/pt\/wp-json\/wp\/v2\/comments?post=246"}],"version-history":[{"count":24,"href":"https:\/\/www.dataslatitudes.com\/sosuniversal\/pt\/wp-json\/wp\/v2\/pages\/246\/revisions"}],"predecessor-version":[{"id":1054,"href":"https:\/\/www.dataslatitudes.com\/sosuniversal\/pt\/wp-json\/wp\/v2\/pages\/246\/revisions\/1054"}],"up":[{"embeddable":true,"href":"https:\/\/www.dataslatitudes.com\/sosuniversal\/pt\/wp-json\/wp\/v2\/pages\/14"}],"wp:attachment":[{"href":"https:\/\/www.dataslatitudes.com\/sosuniversal\/pt\/wp-json\/wp\/v2\/media?parent=246"}],"curies":[{"name":"wp","href":"https:\/\/api.w.org\/{rel}","templated":true}]}}