{"id":187,"date":"2025-06-12T17:37:24","date_gmt":"2025-06-12T17:37:24","guid":{"rendered":"https:\/\/www.dataslatitudes.com\/sosuniversal\/index.php\/mode-demploi\/"},"modified":"2025-07-21T15:59:54","modified_gmt":"2025-07-21T15:59:54","slug":"mode-emploi-contact","status":"publish","type":"page","link":"https:\/\/www.dataslatitudes.com\/sosuniversal\/pt\/ecran-principal\/mode-emploi-contact\/","title":{"rendered":"Gest\u00e3o de contactos"},"content":{"rendered":"\r\n<p class=\"has-small-font-size\" style=\"border-style:none;border-width:0px\"><\/p>\r\n\r\n\r\n\r\n<h1 class=\"wp-block-heading has-text-align-center has-medium-font-size\"><strong>GEST\u00c3O DE CONTACTOS<\/strong><\/h1>\r\n\r\n\r\n\r\n<p style=\"font-size:1rem\">Os contactos s\u00e3o as pessoas de confian\u00e7a \u00e0 sua escolha que s\u00e3o avisadas ou solicitadas (por chamada telef\u00f3nica ou por SMS) quando um alerta \u00e9 acionado.<\/p>\r\n\r\n\r\n\r\n<div class=\"wp-block-columns are-vertically-aligned-center is-layout-flex wp-container-core-columns-is-layout-c0b51a3c wp-block-columns-is-layout-flex\" style=\"margin-top:0;margin-bottom:0;padding-top:0;padding-bottom:0\">\r\n<div class=\"wp-block-column is-vertically-aligned-center is-layout-flow wp-block-column-is-layout-flow\" style=\"flex-basis:33.33%\">\r\n<figure class=\"wp-block-image aligncenter size-large is-resized\"><img decoding=\"async\" src=\"http:\/\/www.dataslatitudes.com\/sosuniversal\/wp-content\/uploads\/pt_contact_gestion_puce-459x1024.webp\" alt=\"SOS Universal - gest\u00e3o de contactos\" class=\"wp-image-265\" style=\"width:260px\"\/><\/figure>\r\n<\/div>\r\n\r\n\r\n\r\n<div class=\"wp-block-column is-vertically-aligned-center is-layout-flow wp-container-core-column-is-layout-b2a27621 wp-block-column-is-layout-flow\" style=\"padding-top:0;padding-right:0;padding-bottom:0;padding-left:0;flex-basis:66.66%\">\r\n<p style=\"margin-top:var(--wp--preset--spacing--20);margin-bottom:var(--wp--preset--spacing--20);font-size:1rem\">(1) Acesso ao menu geral<\/p>\r\n\r\n\r\n\r\n<p style=\"margin-top:var(--wp--preset--spacing--20);margin-bottom:var(--wp--preset--spacing--20);font-size:1rem\">(2) Lista de contactos registados:<br>&#8211; um contacto \u00e9 riscado (por simples clique) para o tornar inativo momentaneamente (exemplo aqui: Jean Dupond). Um segundo clique permite reativ\u00e1-lo.<br>&#8211; o \u00edcone verde (i) indica que o contacto foi informado de que poder\u00e1 ser solicitado por um alerta.<br>&#8211; o \u00edcone vermelho (x) indica que o contacto ainda n\u00e3o foi informado.<\/p>\r\n\r\n\r\n\r\n<p style=\"margin-top:var(--wp--preset--spacing--20);margin-bottom:var(--wp--preset--spacing--20);font-size:1rem;text-decoration:underline\">NB: para poder ser utilizado durante um alerta, um contacto deve estar ativo E ter sido informado.<\/p>\r\n\r\n\r\n\r\n<p style=\"margin-top:var(--wp--preset--spacing--20);margin-bottom:var(--wp--preset--spacing--20);font-size:1rem\">(9) Um resumo do n\u00famero de contactos ativos est\u00e1 presente na parte inferior do ecr\u00e3.<\/p>\r\n\r\n\r\n\r\n<p style=\"padding-top:0;padding-bottom:0;font-size:1rem\">(7) Eliminar um contacto<br>(8) Modifica\u00e7\u00e3o de um contacto<\/p>\r\n<\/div>\r\n<\/div>\r\n\r\n\r\n\r\n<p class=\"has-small-font-size\"><\/p>\r\n\r\n\r\n\r\n<div class=\"wp-block-columns is-layout-flex wp-container-core-columns-is-layout-ea9f20df wp-block-columns-is-layout-flex\" style=\"margin-top:0;margin-bottom:0;padding-top:var(--wp--preset--spacing--30);padding-right:0;padding-bottom:var(--wp--preset--spacing--30);padding-left:0\">\r\n<div class=\"wp-block-column is-vertically-aligned-top is-layout-flow wp-block-column-is-layout-flow\" style=\"padding-top:0;padding-bottom:0\">\r\n<h2 class=\"wp-block-heading has-text-align-center\" style=\"margin-top:0;margin-bottom:0;font-size:1rem\">(3)(8) Adicionar \/ Modificar<\/h2>\r\n\r\n\r\n\r\n<figure class=\"wp-block-image aligncenter size-large is-resized\" style=\"margin-top:0;margin-bottom:0\"><img decoding=\"async\" src=\"http:\/\/www.dataslatitudes.com\/sosuniversal\/wp-content\/uploads\/pt_contact_ajout_modification-459x1024.webp\" alt=\"SOS Universal - adicionar ou modificar contacto\" class=\"wp-image-761\" style=\"width:260px\"\/><\/figure>\r\n\r\n\r\n\r\n<p class=\"has-text-align-center\" style=\"margin-top:0;margin-bottom:0;font-size:1rem\">A eventual mensagem personalizada substitui a mensagem padr\u00e3o do SMS.<br><strong>NB: <\/strong>a fim de cumprir a regulamenta\u00e7\u00e3o em vigor em muitos pa\u00edses, os n\u00fameros dos servi\u00e7os de emerg\u00eancia oficiais (ex: 17, 18, 112, 911, etc.) s\u00e3o proibidos.<br>A data \u00e9 expressa no formato AAAA-MM-DD (norma internacional ISO 8601).<\/p>\r\n\r\n\r\n\r\n<p style=\"margin-top:var(--wp--preset--spacing--40);margin-bottom:var(--wp--preset--spacing--40)\"><\/p>\r\n<\/div>\r\n\r\n\r\n\r\n<div class=\"wp-block-column is-vertically-aligned-top is-layout-flow wp-container-core-column-is-layout-15d35364 wp-block-column-is-layout-flow\" style=\"padding-top:0;padding-bottom:0\">\r\n<h2 class=\"wp-block-heading has-text-align-center\" style=\"margin-top:0;margin-bottom:0;font-size:1rem\">(4) Adicionar dos contactos do smartphone<\/h2>\r\n\r\n\r\n\r\n<figure class=\"wp-block-image aligncenter size-large is-resized\" style=\"margin-top:0;margin-bottom:0\"><img decoding=\"async\" src=\"http:\/\/www.dataslatitudes.com\/sosuniversal\/wp-content\/uploads\/pt_contact_ajout_smartphone-459x1024.webp\" alt=\"SOS Universal - adicionar contacto da agenda\" class=\"wp-image-697\" style=\"width:260px\"\/><\/figure>\r\n\r\n\r\n\r\n<p class=\"has-text-align-center\" style=\"margin-top:0;margin-bottom:0;font-size:1rem\">\u00c9 poss\u00edvel pesquisar nos contactos do smartphone.<\/p>\r\n\r\n\r\n\r\n<p style=\"margin-top:var(--wp--preset--spacing--40);margin-bottom:var(--wp--preset--spacing--40)\"><\/p>\r\n<\/div>\r\n\r\n\r\n\r\n<div class=\"wp-block-column is-vertically-aligned-top is-layout-flow wp-container-core-column-is-layout-47e5a185 wp-block-column-is-layout-flow\">\r\n<h2 class=\"wp-block-heading has-text-align-center\" style=\"margin-top:0;margin-bottom:0;font-size:1rem\">(5) Priorizar contactos<\/h2>\r\n\r\n\r\n\r\n<figure class=\"wp-block-image aligncenter size-large is-resized\" style=\"margin-top:0;margin-bottom:0\"><img decoding=\"async\" src=\"http:\/\/www.dataslatitudes.com\/sosuniversal\/wp-content\/uploads\/pt_contact_priorisation-459x1024.webp\" alt=\"SOS Universal - prioriza\u00e7\u00e3o de contactos\" class=\"wp-image-275\" style=\"width:260px\"\/><\/figure>\r\n\r\n\r\n\r\n<p class=\"has-text-align-center\" style=\"font-size:1rem\">Os contactos s\u00e3o priorizados por arrastar\/soltar.<\/p>\r\n\r\n\r\n\r\n<p style=\"margin-top:var(--wp--preset--spacing--30);margin-bottom:var(--wp--preset--spacing--30)\"><\/p>\r\n<\/div>\r\n\r\n\r\n\r\n<div class=\"wp-block-column is-layout-flow wp-container-core-column-is-layout-47e5a185 wp-block-column-is-layout-flow\">\r\n<h2 class=\"wp-block-heading has-text-align-center\" style=\"margin-top:0;margin-bottom:0;font-size:1rem\">(6) Informar<\/h2>\r\n\r\n\r\n\r\n<figure class=\"wp-block-image aligncenter size-large is-resized\" style=\"margin-top:0;margin-bottom:0\"><img decoding=\"async\" src=\"http:\/\/www.dataslatitudes.com\/sosuniversal\/wp-content\/uploads\/pt_contact_information-459x1024.webp\" alt=\"SOS Universal - informa\u00e7\u00e3o de contactos\" class=\"wp-image-274\" style=\"width:260px\"\/><\/figure>\r\n\r\n\r\n\r\n<p class=\"has-text-align-center\" style=\"font-size:1rem\">A mensagem complementar \u00e9 obrigat\u00f3ria<\/p>\r\n\r\n\r\n\r\n<p style=\"margin-top:var(--wp--preset--spacing--40);margin-bottom:var(--wp--preset--spacing--40)\"><\/p>\r\n<\/div>\r\n<\/div>\r\n","protected":false},"excerpt":{"rendered":"<p>GEST\u00c3O DE CONTACTOS Os contactos s\u00e3o as pessoas de confian\u00e7a \u00e0 sua escolha que s\u00e3o avisadas ou solicitadas (por chamada [&hellip;]<\/p>\n","protected":false},"author":1,"featured_media":0,"parent":14,"menu_order":1,"comment_status":"closed","ping_status":"closed","template":"","meta":{"site-sidebar-layout":"default","site-content-layout":"","ast-site-content-layout":"","site-content-style":"default","site-sidebar-style":"default","ast-global-header-display":"","ast-banner-title-visibility":"","ast-main-header-display":"","ast-hfb-above-header-display":"","ast-hfb-below-header-display":"","ast-hfb-mobile-header-display":"","site-post-title":"disabled","ast-breadcrumbs-content":"","ast-featured-img":"","footer-sml-layout":"","theme-transparent-header-meta":"","adv-header-id-meta":"","stick-header-meta":"","header-above-stick-meta":"","header-main-stick-meta":"","header-below-stick-meta":"","astra-migrate-meta-layouts":"default","ast-page-background-enabled":"default","ast-page-background-meta":{"desktop":{"background-color":"var(--ast-global-color-5)","background-image":"","background-repeat":"repeat","background-position":"center center","background-size":"auto","background-attachment":"scroll","background-type":"","background-media":"","overlay-type":"","overlay-color":"","overlay-opacity":"","overlay-gradient":""},"tablet":{"background-color":"","background-image":"","background-repeat":"repeat","background-position":"center center","background-size":"auto","background-attachment":"scroll","background-type":"","background-media":"","overlay-type":"","overlay-color":"","overlay-opacity":"","overlay-gradient":""},"mobile":{"background-color":"","background-image":"","background-repeat":"repeat","background-position":"center center","background-size":"auto","background-attachment":"scroll","background-type":"","background-media":"","overlay-type":"","overlay-color":"","overlay-opacity":"","overlay-gradient":""}},"ast-content-background-meta":{"desktop":{"background-color":"var(--ast-global-color-4)","background-image":"","background-repeat":"repeat","background-position":"center center","background-size":"auto","background-attachment":"scroll","background-type":"","background-media":"","overlay-type":"","overlay-color":"","overlay-opacity":"","overlay-gradient":""},"tablet":{"background-color":"var(--ast-global-color-4)","background-image":"","background-repeat":"repeat","background-position":"center center","background-size":"auto","background-attachment":"scroll","background-type":"","background-media":"","overlay-type":"","overlay-color":"","overlay-opacity":"","overlay-gradient":""},"mobile":{"background-color":"var(--ast-global-color-4)","background-image":"","background-repeat":"repeat","background-position":"center center","background-size":"auto","background-attachment":"scroll","background-type":"","background-media":"","overlay-type":"","overlay-color":"","overlay-opacity":"","overlay-gradient":""}},"footnotes":""},"class_list":["post-187","page","type-page","status-publish","hentry"],"yoast_head":"<!-- This site is optimized with the Yoast SEO plugin v25.6 - https:\/\/yoast.com\/wordpress\/plugins\/seo\/ -->\n<title>Gest\u00e3o de contactos<\/title>\n<meta name=\"description\" content=\"Os contactos s\u00e3o as pessoas de confian\u00e7a \u00e0 sua escolha que s\u00e3o avisadas ou solicitadas (por chamada telef\u00f3nica ou por SMS) quando um alerta \u00e9 acionado. \u00c9 poss\u00edvel recuperar os contactos da agenda do smartphone. Os contactos podem ser priorizados e s\u00e3o informados. Um contacto pode ser temporariamente desativado.\" \/>\n<meta name=\"robots\" content=\"index, follow, max-snippet:-1, max-image-preview:large, max-video-preview:-1\" \/>\n<link rel=\"canonical\" href=\"\" \/>\n<meta property=\"og:locale\" content=\"pt_PT\" \/>\n<meta property=\"og:type\" content=\"article\" \/>\n<meta property=\"og:title\" content=\"Gest\u00e3o de contactos\" \/>\n<meta property=\"og:description\" content=\"Os contactos s\u00e3o as pessoas de confian\u00e7a \u00e0 sua escolha que s\u00e3o avisadas ou solicitadas (por chamada telef\u00f3nica ou por SMS) quando um alerta \u00e9 acionado. \u00c9 poss\u00edvel recuperar os contactos da agenda do smartphone. Os contactos podem ser priorizados e s\u00e3o informados. Um contacto pode ser temporariamente desativado.\" \/>\n<meta property=\"og:url\" content=\"https:\/\/www.dataslatitudes.com\/sosuniversal\/pt\/ecran-principal\/mode-emploi-contact\/\" \/>\n<meta property=\"og:site_name\" content=\"SOS Universal\" \/>\n<meta property=\"article:modified_time\" content=\"2025-07-21T15:59:54+00:00\" \/>\n<meta name=\"twitter:card\" content=\"summary_large_image\" \/>\n<meta name=\"twitter:label1\" content=\"Tempo estimado de leitura\" \/>\n\t<meta name=\"twitter:data1\" content=\"3 minutos\" \/>\n<script type=\"application\/ld+json\" class=\"yoast-schema-graph\">{\"@context\":\"https:\/\/schema.org\",\"@graph\":[{\"@type\":\"WebPage\",\"@id\":\"https:\/\/www.dataslatitudes.com\/sosuniversal\/pt\/ecran-principal\/mode-emploi-contact\/\",\"url\":\"https:\/\/www.dataslatitudes.com\/sosuniversal\/pt\/ecran-principal\/mode-emploi-contact\/\",\"name\":\"Gestion des contacts - SOS Universal\",\"isPartOf\":{\"@id\":\"https:\/\/www.dataslatitudes.com\/sosuniversal\/#website\"},\"primaryImageOfPage\":{\"@id\":\"https:\/\/www.dataslatitudes.com\/sosuniversal\/pt\/ecran-principal\/mode-emploi-contact\/#primaryimage\"},\"image\":{\"@id\":\"https:\/\/www.dataslatitudes.com\/sosuniversal\/pt\/ecran-principal\/mode-emploi-contact\/#primaryimage\"},\"thumbnailUrl\":\"http:\/\/www.dataslatitudes.com\/sosuniversal\/wp-content\/uploads\/2025\/07\/fr_contact_gestion_puce-459x1024.webp\",\"datePublished\":\"2025-06-12T17:37:24+00:00\",\"dateModified\":\"2025-07-21T15:59:54+00:00\",\"description\":\"Les contacts sont les personnes de confiance de votre choix qui sont pr\u00e9venues ou sollicit\u00e9es (par appel t\u00e9l\u00e9phonique ou par SMS) lorsqu\u2019une alerte est d\u00e9clench\u00e9e. Il est possible de r\u00e9cup\u00e9rer ceux du carnet d'adresses du smartphone. Les contacts peuvent \u00eatre prioris\u00e9s et ils sont inform\u00e9s. Un contact peut \u00eatre d\u00e9sactiv\u00e9 momentan\u00e9ment.\",\"breadcrumb\":{\"@id\":\"https:\/\/www.dataslatitudes.com\/sosuniversal\/pt\/ecran-principal\/mode-emploi-contact\/#breadcrumb\"},\"inLanguage\":\"pt-PT\",\"potentialAction\":[{\"@type\":\"ReadAction\",\"target\":[\"https:\/\/www.dataslatitudes.com\/sosuniversal\/pt\/ecran-principal\/mode-emploi-contact\/\"]}]},{\"@type\":\"ImageObject\",\"inLanguage\":\"pt-PT\",\"@id\":\"https:\/\/www.dataslatitudes.com\/sosuniversal\/pt\/ecran-principal\/mode-emploi-contact\/#primaryimage\",\"url\":\"http:\/\/www.dataslatitudes.com\/sosuniversal\/wp-content\/uploads\/2025\/07\/fr_contact_gestion_puce-459x1024.webp\",\"contentUrl\":\"http:\/\/www.dataslatitudes.com\/sosuniversal\/wp-content\/uploads\/2025\/07\/fr_contact_gestion_puce-459x1024.webp\"},{\"@type\":\"BreadcrumbList\",\"@id\":\"https:\/\/www.dataslatitudes.com\/sosuniversal\/pt\/ecran-principal\/mode-emploi-contact\/#breadcrumb\",\"itemListElement\":[{\"@type\":\"ListItem\",\"position\":1,\"name\":\"Apresenta\u00e7\u00e3o\",\"item\":\"https:\/\/www.dataslatitudes.com\/sosuniversal\/fr\/\"},{\"@type\":\"ListItem\",\"position\":2,\"name\":\"Ecr\u00e3 principal\",\"item\":\"https:\/\/www.dataslatitudes.com\/sosuniversal\/ecran-principal\/\"},{\"@type\":\"ListItem\",\"position\":3,\"name\":\"Gest\u00e3o de contactos\"}]},{\"@type\":\"WebSite\",\"@id\":\"https:\/\/www.dataslatitudes.com\/sosuniversal\/pt\/#website\",\"url\":\"https:\/\/www.dataslatitudes.com\/sosuniversal\/pt\/\",\"name\":\"SOS Universal\",\"description\":\"\",\"publisher\":{\"@id\":\"https:\/\/www.dataslatitudes.com\/sosuniversal\/pt\/#organization\"},\"potentialAction\":[{\"@type\":\"SearchAction\",\"target\":{\"@type\":\"EntryPoint\",\"urlTemplate\":\"https:\/\/www.dataslatitudes.com\/sosuniversal\/pt\/?s={search_term_string}\"},\"query-input\":{\"@type\":\"PropertyValueSpecification\",\"valueRequired\":true,\"valueName\":\"search_term_string\"}}],\"inLanguage\":\"pt-PT\"},{\"@type\":\"Organization\",\"@id\":\"https:\/\/www.dataslatitudes.com\/sosuniversal\/pt\/#organization\",\"name\":\"DATASLATITUDES\",\"url\":\"https:\/\/www.dataslatitudes.com\/sosuniversal\/pt\/\",\"logo\":{\"@type\":\"ImageObject\",\"inLanguage\":\"pt-PT\",\"@id\":\"https:\/\/www.dataslatitudes.com\/sosuniversal\/pt\/#\/schema\/logo\/image\/\",\"url\":\"https:\/\/www.dataslatitudes.com\/sosuniversal\/wp-content\/uploads\/2025\/07\/logo_mrdv.png\",\"contentUrl\":\"https:\/\/www.dataslatitudes.com\/sosuniversal\/wp-content\/uploads\/2025\/07\/logo_mrdv.png\",\"width\":72,\"height\":72,\"caption\":\"DATASLATITUDES\"},\"image\":{\"@id\":\"https:\/\/www.dataslatitudes.com\/sosuniversal\/pt\/#\/schema\/logo\/image\/\"}}]}<\/script>\n<!-- \/ Yoast SEO plugin. -->","yoast_head_json":{"title":"Gest\u00e3o de contactos","description":"Os contactos s\u00e3o as pessoas de confian\u00e7a \u00e0 sua escolha que s\u00e3o avisadas ou solicitadas (por chamada telef\u00f3nica ou por SMS) quando um alerta \u00e9 acionado. \u00c9 poss\u00edvel recuperar os contactos da agenda do smartphone. Os contactos podem ser priorizados e s\u00e3o informados. Um contacto pode ser temporariamente desativado.","robots":{"index":"index","follow":"follow","max-snippet":"max-snippet:-1","max-image-preview":"max-image-preview:large","max-video-preview":"max-video-preview:-1"},"canonical":"GEST\u00c3O DE CONTACTOS Os contactos s\u00e3o as pessoas de confian\u00e7a \u00e0 sua escolha que s\u00e3o avisadas ou solicitadas (por chamada telef\u00f3nica ou por SMS) quando um alerta \u00e9 acionado. (1) Acesso ao menu geral (2) Lista de contactos registados:- um contacto \u00e9 riscado (por simples clique) para o tornar inativo momentaneamente (exemplo aqui: Jean Dupond).&hellip;","og_locale":"pt_PT","og_type":"article","og_title":"Gest\u00e3o de contactos","og_description":"Os contactos s\u00e3o as pessoas de confian\u00e7a \u00e0 sua escolha que s\u00e3o avisadas ou solicitadas (por chamada telef\u00f3nica ou por SMS) quando um alerta \u00e9 acionado. \u00c9 poss\u00edvel recuperar os contactos da agenda do smartphone. Os contactos podem ser priorizados e s\u00e3o informados. Um contacto pode ser temporariamente desativado.","og_url":"https:\/\/www.dataslatitudes.com\/sosuniversal\/pt\/ecran-principal\/mode-emploi-contact\/","og_site_name":"SOS Universal","article_modified_time":"2025-07-21T15:59:54+00:00","twitter_card":"summary_large_image","twitter_misc":{"Tempo estimado de leitura":"3 minutos"},"schema":{"@context":"https:\/\/schema.org","@graph":[{"@type":"WebPage","@id":"https:\/\/www.dataslatitudes.com\/sosuniversal\/pt\/ecran-principal\/mode-emploi-contact\/","url":"https:\/\/www.dataslatitudes.com\/sosuniversal\/pt\/ecran-principal\/mode-emploi-contact\/","name":"Gestion des contacts - SOS Universal","isPartOf":{"@id":"https:\/\/www.dataslatitudes.com\/sosuniversal\/#website"},"primaryImageOfPage":{"@id":"https:\/\/www.dataslatitudes.com\/sosuniversal\/pt\/ecran-principal\/mode-emploi-contact\/#primaryimage"},"image":{"@id":"https:\/\/www.dataslatitudes.com\/sosuniversal\/pt\/ecran-principal\/mode-emploi-contact\/#primaryimage"},"thumbnailUrl":"http:\/\/www.dataslatitudes.com\/sosuniversal\/wp-content\/uploads\/2025\/07\/fr_contact_gestion_puce-459x1024.webp","datePublished":"2025-06-12T17:37:24+00:00","dateModified":"2025-07-21T15:59:54+00:00","description":"Les contacts sont les personnes de confiance de votre choix qui sont pr\u00e9venues ou sollicit\u00e9es (par appel t\u00e9l\u00e9phonique ou par SMS) lorsqu\u2019une alerte est d\u00e9clench\u00e9e. Il est possible de r\u00e9cup\u00e9rer ceux du carnet d'adresses du smartphone. Les contacts peuvent \u00eatre prioris\u00e9s et ils sont inform\u00e9s. Un contact peut \u00eatre d\u00e9sactiv\u00e9 momentan\u00e9ment.","breadcrumb":{"@id":"https:\/\/www.dataslatitudes.com\/sosuniversal\/pt\/ecran-principal\/mode-emploi-contact\/#breadcrumb"},"inLanguage":"pt-PT","potentialAction":[{"@type":"ReadAction","target":["https:\/\/www.dataslatitudes.com\/sosuniversal\/pt\/ecran-principal\/mode-emploi-contact\/"]}]},{"@type":"ImageObject","inLanguage":"pt-PT","@id":"https:\/\/www.dataslatitudes.com\/sosuniversal\/pt\/ecran-principal\/mode-emploi-contact\/#primaryimage","url":"http:\/\/www.dataslatitudes.com\/sosuniversal\/wp-content\/uploads\/2025\/07\/fr_contact_gestion_puce-459x1024.webp","contentUrl":"http:\/\/www.dataslatitudes.com\/sosuniversal\/wp-content\/uploads\/2025\/07\/fr_contact_gestion_puce-459x1024.webp"},{"@type":"BreadcrumbList","@id":"https:\/\/www.dataslatitudes.com\/sosuniversal\/pt\/ecran-principal\/mode-emploi-contact\/#breadcrumb","itemListElement":[{"@type":"ListItem","position":1,"name":"Apresenta\u00e7\u00e3o","item":"https:\/\/www.dataslatitudes.com\/sosuniversal\/fr\/"},{"@type":"ListItem","position":2,"name":"Ecr\u00e3 principal","item":"https:\/\/www.dataslatitudes.com\/sosuniversal\/ecran-principal\/"},{"@type":"ListItem","position":3,"name":"Gest\u00e3o de contactos"}]},{"@type":"WebSite","@id":"https:\/\/www.dataslatitudes.com\/sosuniversal\/pt\/#website","url":"https:\/\/www.dataslatitudes.com\/sosuniversal\/pt\/","name":"SOS Universal","description":"","publisher":{"@id":"https:\/\/www.dataslatitudes.com\/sosuniversal\/pt\/#organization"},"potentialAction":[{"@type":"SearchAction","target":{"@type":"EntryPoint","urlTemplate":"https:\/\/www.dataslatitudes.com\/sosuniversal\/pt\/?s={search_term_string}"},"query-input":{"@type":"PropertyValueSpecification","valueRequired":true,"valueName":"search_term_string"}}],"inLanguage":"pt-PT"},{"@type":"Organization","@id":"https:\/\/www.dataslatitudes.com\/sosuniversal\/pt\/#organization","name":"DATASLATITUDES","url":"https:\/\/www.dataslatitudes.com\/sosuniversal\/pt\/","logo":{"@type":"ImageObject","inLanguage":"pt-PT","@id":"https:\/\/www.dataslatitudes.com\/sosuniversal\/pt\/#\/schema\/logo\/image\/","url":"https:\/\/www.dataslatitudes.com\/sosuniversal\/wp-content\/uploads\/2025\/07\/logo_mrdv.png","contentUrl":"https:\/\/www.dataslatitudes.com\/sosuniversal\/wp-content\/uploads\/2025\/07\/logo_mrdv.png","width":72,"height":72,"caption":"DATASLATITUDES"},"image":{"@id":"https:\/\/www.dataslatitudes.com\/sosuniversal\/pt\/#\/schema\/logo\/image\/"}}]}},"_links":{"self":[{"href":"https:\/\/www.dataslatitudes.com\/sosuniversal\/pt\/wp-json\/wp\/v2\/pages\/187","targetHints":{"allow":["GET"]}}],"collection":[{"href":"https:\/\/www.dataslatitudes.com\/sosuniversal\/pt\/wp-json\/wp\/v2\/pages"}],"about":[{"href":"https:\/\/www.dataslatitudes.com\/sosuniversal\/pt\/wp-json\/wp\/v2\/types\/page"}],"author":[{"embeddable":true,"href":"https:\/\/www.dataslatitudes.com\/sosuniversal\/pt\/wp-json\/wp\/v2\/users\/1"}],"replies":[{"embeddable":true,"href":"https:\/\/www.dataslatitudes.com\/sosuniversal\/pt\/wp-json\/wp\/v2\/comments?post=187"}],"version-history":[{"count":47,"href":"https:\/\/www.dataslatitudes.com\/sosuniversal\/pt\/wp-json\/wp\/v2\/pages\/187\/revisions"}],"predecessor-version":[{"id":1050,"href":"https:\/\/www.dataslatitudes.com\/sosuniversal\/pt\/wp-json\/wp\/v2\/pages\/187\/revisions\/1050"}],"up":[{"embeddable":true,"href":"https:\/\/www.dataslatitudes.com\/sosuniversal\/pt\/wp-json\/wp\/v2\/pages\/14"}],"wp:attachment":[{"href":"https:\/\/www.dataslatitudes.com\/sosuniversal\/pt\/wp-json\/wp\/v2\/media?parent=187"}],"curies":[{"name":"wp","href":"https:\/\/api.w.org\/{rel}","templated":true}]}}