{"id":127,"date":"2025-06-12T03:29:21","date_gmt":"2025-06-12T03:29:21","guid":{"rendered":"https:\/\/www.dataslatitudes.com\/sosuniversal\/?page_id=127"},"modified":"2025-07-13T07:26:58","modified_gmt":"2025-07-13T07:26:58","slug":"cas-dutilisation","status":"publish","type":"page","link":"https:\/\/www.dataslatitudes.com\/sosuniversal\/pt\/cas-dutilisation\/","title":{"rendered":"Casos de uso"},"content":{"rendered":"\r\n<p class=\"has-small-font-size\"><\/p>\r\n\r\n\r\n\r\n<h1 class=\"wp-block-heading has-text-align-center has-medium-font-size\"><strong>CASOS DE USO<\/strong><\/h1>\r\n\r\n\r\n\r\n<p style=\"font-size:1rem\">Uma aplica\u00e7\u00e3o para smartphone que permite enviar alertas, pedidos de ajuda ou simplesmente a sua localiza\u00e7\u00e3o atual pode ser crucial em muitas situa\u00e7\u00f5es, oferecendo tranquilidade e contribuindo para um acesso r\u00e1pido \u00e0 assist\u00eancia. Aqui est\u00e3o alguns exemplos dos seus casos de utiliza\u00e7\u00e3o, classificados por categorias para uma melhor compreens\u00e3o.<\/p>\r\n\r\n\r\n\r\n<h2 class=\"wp-block-heading has-background\" style=\"background-color:#f9f3eb;margin-top:var(--wp--preset--spacing--30);margin-bottom:var(--wp--preset--spacing--30);padding-top:var(--wp--preset--spacing--20);padding-bottom:var(--wp--preset--spacing--20);font-size:1.2rem\">Seguran\u00e7a pessoal e situa\u00e7\u00f5es de emerg\u00eancia<\/h2>\r\n\r\n\r\n\r\n<ul class=\"wp-block-list\">\r\n<li style=\"font-size:1rem\"><strong>Viol\u00eancia contra as mulheres, viol\u00eancia LGBTf\u00f3bica e serof\u00f3bica, viol\u00eancia racista, xen\u00f3foba ou por motivos de religi\u00e3o, viol\u00eancia contra pessoas com defici\u00eancia&nbsp;: <\/strong>em caso de agress\u00e3o f\u00edsica ou verbal, a aplica\u00e7\u00e3o permite acionar um alerta discreto com um \u00fanico clique para contactos de confian\u00e7a com partilha da posi\u00e7\u00e3o GPS em tempo real. Uma grava\u00e7\u00e3o de \u00e1udio tamb\u00e9m pode ser configurada para servir de prova em caso de queixa.<\/li>\r\n\r\n\r\n\r\n<li style=\"font-size:1rem\"><strong>V\u00edtima de gestos inadequados nos transportes p\u00fablicos (ex: toques no metro): <\/strong>a v\u00edtima pode acionar um alarme sonoro de alta intensidade (sirene da pol\u00edcia ou grito humano, por exemplo), bem como uma grava\u00e7\u00e3o de \u00e1udio.<\/li>\r\n\r\n\r\n\r\n<li style=\"font-size:1rem\"><strong>Agress\u00e3o ou amea\u00e7a imediata: <\/strong>em caso de agress\u00e3o f\u00edsica, tentativa de viola\u00e7\u00e3o, roubo com viol\u00eancia ou qualquer situa\u00e7\u00e3o que ameace diretamente a integridade f\u00edsica do utilizador, a aplica\u00e7\u00e3o permite enviar um alerta discreto e r\u00e1pido para os contactos de emerg\u00eancia.<\/li>\r\n\r\n\r\n\r\n<li style=\"font-size:1rem\"><strong>Situa\u00e7\u00e3o de ass\u00e9dio ou persegui\u00e7\u00e3o: <\/strong>a aplica\u00e7\u00e3o permite alertar discretamente contactos de confian\u00e7a ou as autoridades em caso de seguimento ou ass\u00e9dio, com a possibilidade de gravar uma prova atrav\u00e9s de grava\u00e7\u00e3o de \u00e1udio.<\/li>\r\n\r\n\r\n\r\n<li style=\"font-size:1rem\"><strong>V\u00edtimas de viol\u00eancia dom\u00e9stica: <\/strong>\u00e9 poss\u00edvel ter um meio discreto e r\u00e1pido de pedir ajuda em caso de perigo, sem alertar o agressor.<\/li>\r\n<\/ul>\r\n\r\n\r\n\r\n<p style=\"font-size:1rem\">Nos casos anteriores, o alerta discreto pode ser complementado ou substitu\u00eddo por uma dissuas\u00e3o sonora: acionamento de uma sirene de alta intensidade ou simula\u00e7\u00e3o de uma chamada telef\u00f3nica para criar uma distra\u00e7\u00e3o.<\/p>\r\n\r\n\r\n\r\n<ul class=\"wp-block-list\">\r\n<li style=\"font-size:1rem\"><strong>Emerg\u00eancia m\u00e9dica: <\/strong>para pessoas que sofrem de doen\u00e7as cr\u00f3nicas (ataques card\u00edacos, crises de asma graves, epilepsia, alergias graves) ou em caso de acidente (queda, les\u00e3o), a aplica\u00e7\u00e3o permite enviar um pedido de ajuda.<\/li>\r\n\r\n\r\n\r\n<li style=\"font-size:1rem\"><strong>Desaparecimento ou extravio: <\/strong>particularmente \u00fatil para crian\u00e7as, idosos com problemas cognitivos ou caminhantes, a aplica\u00e7\u00e3o permite enviar a posi\u00e7\u00e3o GPS em tempo real, facilitando as buscas.<\/li>\r\n\r\n\r\n\r\n<li style=\"font-size:1rem\"><strong>Acidentes rodovi\u00e1rios: <\/strong>em caso de acidente, a aplica\u00e7\u00e3o permite enviar um alerta com a localiza\u00e7\u00e3o.<\/li>\r\n\r\n\r\n\r\n<li style=\"font-size:1rem\"><strong>Cat\u00e1strofes naturais: <\/strong>em caso de terramotos, inunda\u00e7\u00f5es, inc\u00eandios florestais ou outras cat\u00e1strofes, a aplica\u00e7\u00e3o pode ser utilizada para comunicar a sua posi\u00e7\u00e3o, pedir ajuda e informar os seus entes queridos sobre a sua seguran\u00e7a.<\/li>\r\n<\/ul>\r\n\r\n\r\n\r\n<h2 class=\"wp-block-heading has-background\" style=\"background-color:#f9f3eb;margin-top:var(--wp--preset--spacing--30);margin-bottom:var(--wp--preset--spacing--30);padding-top:var(--wp--preset--spacing--20);padding-bottom:var(--wp--preset--spacing--20);font-size:1.2rem\">Vida quotidiana e assist\u00eancia<\/h2>\r\n\r\n\r\n\r\n<ul class=\"wp-block-list\">\r\n<li style=\"font-size:1rem\"><strong>Pessoas idosas ou com defici\u00eancia: <\/strong>a aplica\u00e7\u00e3o pode ser utilizada para acionar um pedido de assist\u00eancia.<\/li>\r\n\r\n\r\n\r\n<li style=\"font-size:1rem\"><strong>Crian\u00e7as e adolescentes: <\/strong>para os pais preocupados com a seguran\u00e7a dos seus filhos, a aplica\u00e7\u00e3o pode permitir que as crian\u00e7as enviem um alerta discreto em caso de perigo, quando se sentem perdidas, ou em situa\u00e7\u00e3o de ass\u00e9dio (com grava\u00e7\u00e3o de prova).<br>Exemplo: um(a) adolescente numa festa que se sente desconfort\u00e1vel, sob press\u00e3o ou precisa de ser recolhido(a) sem poder expressar-se diretamente, pode enviar um alerta discreto aos seus pais ou a um adulto de confian\u00e7a.<\/li>\r\n\r\n\r\n\r\n<li style=\"font-size:1rem\"><strong>Problemas mec\u00e2nicos ou avaria do ve\u00edculo: <\/strong>em caso de avaria numa estrada isolada ou perigosa, a aplica\u00e7\u00e3o permite enviar um alerta aos servi\u00e7os de assist\u00eancia rodovi\u00e1ria ou a contactos para pedir ajuda.<\/li>\r\n\r\n\r\n\r\n<li style=\"font-size:1rem\"><strong>Isolamento social ou sentimento de perigo: <\/strong>uma pessoa que se sente vulner\u00e1vel ou amea\u00e7ada numa situa\u00e7\u00e3o social particular (por exemplo, num encontro com um estranho) pode usar a aplica\u00e7\u00e3o para alertar discretamente um amigo e partilhar a sua posi\u00e7\u00e3o.<\/li>\r\n\r\n\r\n\r\n<li style=\"font-size:1rem\"><strong>Apoio psicol\u00f3gico: <\/strong>para pessoas que sofrem de ansiedade ou ataques de p\u00e2nico, a aplica\u00e7\u00e3o permite alertar um contacto de confian\u00e7a para apoio imediato.<\/li>\r\n<\/ul>\r\n\r\n\r\n\r\n<h2 class=\"wp-block-heading has-background\" style=\"background-color:#f9f3eb;margin-top:var(--wp--preset--spacing--30);margin-bottom:var(--wp--preset--spacing--30);padding-top:var(--wp--preset--spacing--20);padding-bottom:var(--wp--preset--spacing--20);font-size:1.2rem\">Trabalho e situa\u00e7\u00f5es profissionais<\/h2>\r\n\r\n\r\n\r\n<ul class=\"wp-block-list\">\r\n<li style=\"font-size:1rem\"><strong>Trabalhadores isolados: <\/strong>para profissionais que trabalham sozinhos em ambientes de risco (seguran\u00e7as, t\u00e9cnicos de manuten\u00e7\u00e3o, motoristas de t\u00e1xi, agricultores, produtores de ostras), a aplica\u00e7\u00e3o contribui para uma assist\u00eancia r\u00e1pida em caso de acidente ou agress\u00e3o.<\/li>\r\n\r\n\r\n\r\n<li style=\"font-size:1rem\"><strong>Profissionais de sa\u00fade e social: <\/strong>m\u00e9dicos, enfermeiros, assistentes sociais ou cuidadores domicili\u00e1rios que visitam pacientes ou clientes em risco podem usar a aplica\u00e7\u00e3o para relatar uma situa\u00e7\u00e3o perigosa ou pedir ajuda.<\/li>\r\n\r\n\r\n\r\n<li style=\"font-size:1rem\"><strong>Pessoal noturno: <\/strong>os funcion\u00e1rios que trabalham \u00e0 noite em locais isolados (postos de gasolina, supermercados, hot\u00e9is) podem ter um meio de pedir ajuda rapidamente em caso de roubo ou agress\u00e3o.<\/li>\r\n\r\n\r\n\r\n<li style=\"font-size:1rem\"><strong>Jornalistas e rep\u00f3rteres em zonas de risco: <\/strong>possibilidade de relatar uma situa\u00e7\u00e3o perigosa ou uma deten\u00e7\u00e3o, transmitindo a posi\u00e7\u00e3o e informa\u00e7\u00f5es contextuais (por chamada telef\u00f3nica ou SMS) aos contactos de emerg\u00eancia.<\/li>\r\n<\/ul>\r\n\r\n\r\n\r\n<h2 class=\"wp-block-heading has-background\" style=\"background-color:#f9f3eb;margin-top:var(--wp--preset--spacing--30);margin-bottom:var(--wp--preset--spacing--30);padding-top:var(--wp--preset--spacing--20);padding-bottom:var(--wp--preset--spacing--20);font-size:1.2rem\">Lazer e atividades ao ar livre<\/h2>\r\n\r\n\r\n\r\n<ul class=\"wp-block-list\">\r\n<li style=\"font-size:1rem\"><strong>Caminhada e alpinismo: <\/strong>em caso de queda, les\u00e3o, perda de orienta\u00e7\u00e3o ou condi\u00e7\u00f5es clim\u00e1ticas extremas, a aplica\u00e7\u00e3o permite enviar um alerta com a posi\u00e7\u00e3o GPS para equipas de resgate ou para a sua fam\u00edlia.<\/li>\r\n\r\n\r\n\r\n<li style=\"font-size:1rem\"><strong>Desportos n\u00e1uticos: <\/strong>para os praticantes de vela, por exemplo, a aplica\u00e7\u00e3o pode ser utilizada para comunicar um problema (emborcamento, avaria do motor, les\u00e3o) com transmiss\u00e3o da posi\u00e7\u00e3o.<\/li>\r\n\r\n\r\n\r\n<li style=\"font-size:1rem\"><strong>Ciclismo e corrida: <\/strong>em caso de queda, les\u00e3o ou mal-estar, a aplica\u00e7\u00e3o permite alertar contactos predefinidos com a localiza\u00e7\u00e3o.<\/li>\r\n\r\n\r\n\r\n<li style=\"font-size:1rem\"><strong>Viagens e turismo: <\/strong>os viajantes, especialmente aqueles que exploram \u00e1reas desconhecidas ou perigosas, podem usar a aplica\u00e7\u00e3o para alertar seus entes queridos ou servi\u00e7os consulares em caso de problemas (agress\u00e3o, doen\u00e7a, roubo de documentos).<\/li>\r\n<\/ul>\r\n\r\n\r\n\r\n<p style=\"font-size:1rem\">Nos casos anteriores, com o objetivo de informar o seu c\u00edrculo profissional ou familiar, por exemplo, o alerta tamb\u00e9m pode limitar-se a enviar por SMS apenas a localiza\u00e7\u00e3o geogr\u00e1fica atual. Exemplo: em modo repetitivo, durante 5 horas, a cada 15 minutos, envio um SMS contendo apenas a minha localiza\u00e7\u00e3o.<\/p>\r\n\r\n\r\n\r\n<p class=\"has-small-font-size\" style=\"margin-top:var(--wp--preset--spacing--30);margin-bottom:var(--wp--preset--spacing--30)\"><\/p>\r\n","protected":false},"excerpt":{"rendered":"<p>CASOS DE USO Uma aplica\u00e7\u00e3o para smartphone que permite enviar alertas, pedidos de ajuda ou simplesmente a sua localiza\u00e7\u00e3o atual [&hellip;]<\/p>\n","protected":false},"author":1,"featured_media":0,"parent":0,"menu_order":1,"comment_status":"closed","ping_status":"closed","template":"","meta":{"site-sidebar-layout":"default","site-content-layout":"","ast-site-content-layout":"","site-content-style":"default","site-sidebar-style":"default","ast-global-header-display":"","ast-banner-title-visibility":"","ast-main-header-display":"","ast-hfb-above-header-display":"","ast-hfb-below-header-display":"","ast-hfb-mobile-header-display":"","site-post-title":"disabled","ast-breadcrumbs-content":"","ast-featured-img":"","footer-sml-layout":"","theme-transparent-header-meta":"","adv-header-id-meta":"","stick-header-meta":"","header-above-stick-meta":"","header-main-stick-meta":"","header-below-stick-meta":"","astra-migrate-meta-layouts":"default","ast-page-background-enabled":"default","ast-page-background-meta":{"desktop":{"background-color":"var(--ast-global-color-5)","background-image":"","background-repeat":"repeat","background-position":"center center","background-size":"auto","background-attachment":"scroll","background-type":"","background-media":"","overlay-type":"","overlay-color":"","overlay-opacity":"","overlay-gradient":""},"tablet":{"background-color":"","background-image":"","background-repeat":"repeat","background-position":"center center","background-size":"auto","background-attachment":"scroll","background-type":"","background-media":"","overlay-type":"","overlay-color":"","overlay-opacity":"","overlay-gradient":""},"mobile":{"background-color":"","background-image":"","background-repeat":"repeat","background-position":"center center","background-size":"auto","background-attachment":"scroll","background-type":"","background-media":"","overlay-type":"","overlay-color":"","overlay-opacity":"","overlay-gradient":""}},"ast-content-background-meta":{"desktop":{"background-color":"var(--ast-global-color-4)","background-image":"","background-repeat":"repeat","background-position":"center center","background-size":"auto","background-attachment":"scroll","background-type":"","background-media":"","overlay-type":"","overlay-color":"","overlay-opacity":"","overlay-gradient":""},"tablet":{"background-color":"var(--ast-global-color-4)","background-image":"","background-repeat":"repeat","background-position":"center center","background-size":"auto","background-attachment":"scroll","background-type":"","background-media":"","overlay-type":"","overlay-color":"","overlay-opacity":"","overlay-gradient":""},"mobile":{"background-color":"var(--ast-global-color-4)","background-image":"","background-repeat":"repeat","background-position":"center center","background-size":"auto","background-attachment":"scroll","background-type":"","background-media":"","overlay-type":"","overlay-color":"","overlay-opacity":"","overlay-gradient":""}},"footnotes":""},"class_list":["post-127","page","type-page","status-publish","hentry"],"yoast_head":"<!-- This site is optimized with the Yoast SEO plugin v25.6 - https:\/\/yoast.com\/wordpress\/plugins\/seo\/ -->\n<title>Casos de uso<\/title>\n<meta name=\"description\" content=\"Uma aplica\u00e7\u00e3o para smartphone que permite enviar alertas, pedidos de ajuda ou simplesmente a sua localiza\u00e7\u00e3o atual pode ser crucial em muitas situa\u00e7\u00f5es, oferecendo tranquilidade e contribuindo para um acesso r\u00e1pido \u00e0 assist\u00eancia. Exemplos: seguran\u00e7a pessoal e situa\u00e7\u00f5es de emerg\u00eancia, vida quotidiana e assist\u00eancia, trabalho e situa\u00e7\u00f5es profissionais, bem como lazer e atividades ao ar livre.\" \/>\n<meta name=\"robots\" content=\"index, follow, max-snippet:-1, max-image-preview:large, max-video-preview:-1\" \/>\n<link rel=\"canonical\" href=\"http:\/\/CASOS%20DE%20USO%20Uma%20aplica\u00e7\u00e3o%20para%20smartphone%20que%20permite%20enviar%20alertas,%20pedidos%20de%20ajuda%20ou%20simplesmente%20a%20sua%20localiza\u00e7\u00e3o%20atual%20pode%20ser%20crucial%20em%20muitas%20situa\u00e7\u00f5es,%20oferecendo%20tranquilidade%20e%20contribuindo%20para%20um%20acesso%20r\u00e1pido%20\u00e0%20assist\u00eancia.%20Aqui%20est\u00e3o%20alguns%20exemplos%20dos%20seus%20casos%20de%20utiliza\u00e7\u00e3o,%20classificados%20por%20categorias%20para%20uma%20melhor%20compreens\u00e3o.%20Seguran\u00e7a%20pessoal%20e&hellip;\" \/>\n<meta property=\"og:locale\" content=\"pt_PT\" \/>\n<meta property=\"og:type\" content=\"article\" \/>\n<meta property=\"og:title\" content=\"Casos de uso\" \/>\n<meta property=\"og:description\" content=\"Uma aplica\u00e7\u00e3o para smartphone que permite enviar alertas, pedidos de ajuda ou simplesmente a sua localiza\u00e7\u00e3o atual pode ser crucial em muitas situa\u00e7\u00f5es, oferecendo tranquilidade e contribuindo para um acesso r\u00e1pido \u00e0 assist\u00eancia. Exemplos: seguran\u00e7a pessoal e situa\u00e7\u00f5es de emerg\u00eancia, vida quotidiana e assist\u00eancia, trabalho e situa\u00e7\u00f5es profissionais, bem como lazer e atividades ao ar livre.\" \/>\n<meta property=\"og:url\" content=\"https:\/\/www.dataslatitudes.com\/sosuniversal\/pt\/cas-dutilisation\/\" \/>\n<meta property=\"og:site_name\" content=\"SOS Universal\" \/>\n<meta property=\"article:modified_time\" content=\"2025-07-13T07:26:58+00:00\" \/>\n<meta name=\"twitter:card\" content=\"summary_large_image\" \/>\n<meta name=\"twitter:label1\" content=\"Tempo estimado de leitura\" \/>\n\t<meta name=\"twitter:data1\" content=\"5 minutos\" \/>\n<script type=\"application\/ld+json\" class=\"yoast-schema-graph\">{\"@context\":\"https:\/\/schema.org\",\"@graph\":[{\"@type\":\"WebPage\",\"@id\":\"https:\/\/www.dataslatitudes.com\/sosuniversal\/pt\/cas-dutilisation\/\",\"url\":\"https:\/\/www.dataslatitudes.com\/sosuniversal\/pt\/cas-dutilisation\/\",\"name\":\"Cas d'utilisation - SOS Universal\",\"isPartOf\":{\"@id\":\"https:\/\/www.dataslatitudes.com\/sosuniversal\/#website\"},\"datePublished\":\"2025-06-12T03:29:21+00:00\",\"dateModified\":\"2025-07-13T07:26:58+00:00\",\"description\":\"Une application pour smartphone permettant d\u2019envoyer des alertes, des appels \u00e0 l\u2019aide ou tout simplement sa localisation courante peut s\u2019av\u00e9rer cruciale dans de nombreuses situations, offrant une tranquillit\u00e9 d\u2019esprit et contribuant \u00e0 un acc\u00e8s rapide \u00e0 l\u2019assistance. Exemples : s\u00e9curit\u00e9 personnelle et situations d\u2019urgence, vie quotidienne et assistance, travail et situations professionnelles ainsi que loisirs et activit\u00e9s en ext\u00e9rieur.\",\"breadcrumb\":{\"@id\":\"https:\/\/www.dataslatitudes.com\/sosuniversal\/pt\/cas-dutilisation\/#breadcrumb\"},\"inLanguage\":\"pt-PT\",\"potentialAction\":[{\"@type\":\"ReadAction\",\"target\":[\"https:\/\/www.dataslatitudes.com\/sosuniversal\/pt\/cas-dutilisation\/\"]}]},{\"@type\":\"BreadcrumbList\",\"@id\":\"https:\/\/www.dataslatitudes.com\/sosuniversal\/pt\/cas-dutilisation\/#breadcrumb\",\"itemListElement\":[{\"@type\":\"ListItem\",\"position\":1,\"name\":\"Apresenta\u00e7\u00e3o\",\"item\":\"https:\/\/www.dataslatitudes.com\/sosuniversal\/fr\/\"},{\"@type\":\"ListItem\",\"position\":2,\"name\":\"Casos de uso\"}]},{\"@type\":\"WebSite\",\"@id\":\"https:\/\/www.dataslatitudes.com\/sosuniversal\/pt\/#website\",\"url\":\"https:\/\/www.dataslatitudes.com\/sosuniversal\/pt\/\",\"name\":\"SOS Universal\",\"description\":\"\",\"publisher\":{\"@id\":\"https:\/\/www.dataslatitudes.com\/sosuniversal\/pt\/#organization\"},\"potentialAction\":[{\"@type\":\"SearchAction\",\"target\":{\"@type\":\"EntryPoint\",\"urlTemplate\":\"https:\/\/www.dataslatitudes.com\/sosuniversal\/pt\/?s={search_term_string}\"},\"query-input\":{\"@type\":\"PropertyValueSpecification\",\"valueRequired\":true,\"valueName\":\"search_term_string\"}}],\"inLanguage\":\"pt-PT\"},{\"@type\":\"Organization\",\"@id\":\"https:\/\/www.dataslatitudes.com\/sosuniversal\/pt\/#organization\",\"name\":\"DATASLATITUDES\",\"url\":\"https:\/\/www.dataslatitudes.com\/sosuniversal\/pt\/\",\"logo\":{\"@type\":\"ImageObject\",\"inLanguage\":\"pt-PT\",\"@id\":\"https:\/\/www.dataslatitudes.com\/sosuniversal\/pt\/#\/schema\/logo\/image\/\",\"url\":\"https:\/\/www.dataslatitudes.com\/sosuniversal\/wp-content\/uploads\/2025\/07\/logo_mrdv.png\",\"contentUrl\":\"https:\/\/www.dataslatitudes.com\/sosuniversal\/wp-content\/uploads\/2025\/07\/logo_mrdv.png\",\"width\":72,\"height\":72,\"caption\":\"DATASLATITUDES\"},\"image\":{\"@id\":\"https:\/\/www.dataslatitudes.com\/sosuniversal\/pt\/#\/schema\/logo\/image\/\"}}]}<\/script>\n<!-- \/ Yoast SEO plugin. -->","yoast_head_json":{"title":"Casos de uso","description":"Uma aplica\u00e7\u00e3o para smartphone que permite enviar alertas, pedidos de ajuda ou simplesmente a sua localiza\u00e7\u00e3o atual pode ser crucial em muitas situa\u00e7\u00f5es, oferecendo tranquilidade e contribuindo para um acesso r\u00e1pido \u00e0 assist\u00eancia. Exemplos: seguran\u00e7a pessoal e situa\u00e7\u00f5es de emerg\u00eancia, vida quotidiana e assist\u00eancia, trabalho e situa\u00e7\u00f5es profissionais, bem como lazer e atividades ao ar livre.","robots":{"index":"index","follow":"follow","max-snippet":"max-snippet:-1","max-image-preview":"max-image-preview:large","max-video-preview":"max-video-preview:-1"},"canonical":"CASOS DE USO Uma aplica\u00e7\u00e3o para smartphone que permite enviar alertas, pedidos de ajuda ou simplesmente a sua localiza\u00e7\u00e3o atual pode ser crucial em muitas situa\u00e7\u00f5es, oferecendo tranquilidade e contribuindo para um acesso r\u00e1pido \u00e0 assist\u00eancia. Aqui est\u00e3o alguns exemplos dos seus casos de utiliza\u00e7\u00e3o, classificados por categorias para uma melhor compreens\u00e3o. Seguran\u00e7a pessoal e&hellip;","og_locale":"pt_PT","og_type":"article","og_title":"Casos de uso","og_description":"Uma aplica\u00e7\u00e3o para smartphone que permite enviar alertas, pedidos de ajuda ou simplesmente a sua localiza\u00e7\u00e3o atual pode ser crucial em muitas situa\u00e7\u00f5es, oferecendo tranquilidade e contribuindo para um acesso r\u00e1pido \u00e0 assist\u00eancia. Exemplos: seguran\u00e7a pessoal e situa\u00e7\u00f5es de emerg\u00eancia, vida quotidiana e assist\u00eancia, trabalho e situa\u00e7\u00f5es profissionais, bem como lazer e atividades ao ar livre.","og_url":"https:\/\/www.dataslatitudes.com\/sosuniversal\/pt\/cas-dutilisation\/","og_site_name":"SOS Universal","article_modified_time":"2025-07-13T07:26:58+00:00","twitter_card":"summary_large_image","twitter_misc":{"Tempo estimado de leitura":"5 minutos"},"schema":{"@context":"https:\/\/schema.org","@graph":[{"@type":"WebPage","@id":"https:\/\/www.dataslatitudes.com\/sosuniversal\/pt\/cas-dutilisation\/","url":"https:\/\/www.dataslatitudes.com\/sosuniversal\/pt\/cas-dutilisation\/","name":"Cas d'utilisation - SOS Universal","isPartOf":{"@id":"https:\/\/www.dataslatitudes.com\/sosuniversal\/#website"},"datePublished":"2025-06-12T03:29:21+00:00","dateModified":"2025-07-13T07:26:58+00:00","description":"Une application pour smartphone permettant d\u2019envoyer des alertes, des appels \u00e0 l\u2019aide ou tout simplement sa localisation courante peut s\u2019av\u00e9rer cruciale dans de nombreuses situations, offrant une tranquillit\u00e9 d\u2019esprit et contribuant \u00e0 un acc\u00e8s rapide \u00e0 l\u2019assistance. Exemples : s\u00e9curit\u00e9 personnelle et situations d\u2019urgence, vie quotidienne et assistance, travail et situations professionnelles ainsi que loisirs et activit\u00e9s en ext\u00e9rieur.","breadcrumb":{"@id":"https:\/\/www.dataslatitudes.com\/sosuniversal\/pt\/cas-dutilisation\/#breadcrumb"},"inLanguage":"pt-PT","potentialAction":[{"@type":"ReadAction","target":["https:\/\/www.dataslatitudes.com\/sosuniversal\/pt\/cas-dutilisation\/"]}]},{"@type":"BreadcrumbList","@id":"https:\/\/www.dataslatitudes.com\/sosuniversal\/pt\/cas-dutilisation\/#breadcrumb","itemListElement":[{"@type":"ListItem","position":1,"name":"Apresenta\u00e7\u00e3o","item":"https:\/\/www.dataslatitudes.com\/sosuniversal\/fr\/"},{"@type":"ListItem","position":2,"name":"Casos de uso"}]},{"@type":"WebSite","@id":"https:\/\/www.dataslatitudes.com\/sosuniversal\/pt\/#website","url":"https:\/\/www.dataslatitudes.com\/sosuniversal\/pt\/","name":"SOS Universal","description":"","publisher":{"@id":"https:\/\/www.dataslatitudes.com\/sosuniversal\/pt\/#organization"},"potentialAction":[{"@type":"SearchAction","target":{"@type":"EntryPoint","urlTemplate":"https:\/\/www.dataslatitudes.com\/sosuniversal\/pt\/?s={search_term_string}"},"query-input":{"@type":"PropertyValueSpecification","valueRequired":true,"valueName":"search_term_string"}}],"inLanguage":"pt-PT"},{"@type":"Organization","@id":"https:\/\/www.dataslatitudes.com\/sosuniversal\/pt\/#organization","name":"DATASLATITUDES","url":"https:\/\/www.dataslatitudes.com\/sosuniversal\/pt\/","logo":{"@type":"ImageObject","inLanguage":"pt-PT","@id":"https:\/\/www.dataslatitudes.com\/sosuniversal\/pt\/#\/schema\/logo\/image\/","url":"https:\/\/www.dataslatitudes.com\/sosuniversal\/wp-content\/uploads\/2025\/07\/logo_mrdv.png","contentUrl":"https:\/\/www.dataslatitudes.com\/sosuniversal\/wp-content\/uploads\/2025\/07\/logo_mrdv.png","width":72,"height":72,"caption":"DATASLATITUDES"},"image":{"@id":"https:\/\/www.dataslatitudes.com\/sosuniversal\/pt\/#\/schema\/logo\/image\/"}}]}},"_links":{"self":[{"href":"https:\/\/www.dataslatitudes.com\/sosuniversal\/pt\/wp-json\/wp\/v2\/pages\/127","targetHints":{"allow":["GET"]}}],"collection":[{"href":"https:\/\/www.dataslatitudes.com\/sosuniversal\/pt\/wp-json\/wp\/v2\/pages"}],"about":[{"href":"https:\/\/www.dataslatitudes.com\/sosuniversal\/pt\/wp-json\/wp\/v2\/types\/page"}],"author":[{"embeddable":true,"href":"https:\/\/www.dataslatitudes.com\/sosuniversal\/pt\/wp-json\/wp\/v2\/users\/1"}],"replies":[{"embeddable":true,"href":"https:\/\/www.dataslatitudes.com\/sosuniversal\/pt\/wp-json\/wp\/v2\/comments?post=127"}],"version-history":[{"count":34,"href":"https:\/\/www.dataslatitudes.com\/sosuniversal\/pt\/wp-json\/wp\/v2\/pages\/127\/revisions"}],"predecessor-version":[{"id":868,"href":"https:\/\/www.dataslatitudes.com\/sosuniversal\/pt\/wp-json\/wp\/v2\/pages\/127\/revisions\/868"}],"wp:attachment":[{"href":"https:\/\/www.dataslatitudes.com\/sosuniversal\/pt\/wp-json\/wp\/v2\/media?parent=127"}],"curies":[{"name":"wp","href":"https:\/\/api.w.org\/{rel}","templated":true}]}}