{"id":75,"date":"2025-06-11T15:05:57","date_gmt":"2025-06-11T15:05:57","guid":{"rendered":"http:\/\/www.dataslatitudes.com\/sosuniversal\/index.php\/mode-demploi\/"},"modified":"2025-08-14T09:50:55","modified_gmt":"2025-08-14T09:50:55","slug":"politique-confidentialite","status":"publish","type":"page","link":"https:\/\/www.dataslatitudes.com\/sosuniversal\/pl\/politique-confidentialite\/","title":{"rendered":"Prywatno\u015b\u0107"},"content":{"rendered":"\r\n<p class=\"has-small-font-size\"><\/p>\r\n\r\n\r\n\r\n<h1 class=\"wp-block-heading has-text-align-center has-medium-font-size\"><strong>POLITYKA PRYWATNO\u015aCI<\/strong><\/h1>\r\n\r\n\r\n\r\n<p style=\"margin-top:0;margin-bottom:0;font-size:1rem\">Niniejsza Polityka prywatno\u015bci ma na celu przejrzyste poinformowanie Ci\u0119 o tym, w jaki spos\u00f3b aplikacja mobilna SOS Universal (zwana dalej \u201eAplikacj\u0105\u201d), opracowana przez DATASLATITUDES (zwana dalej \u201eWydawc\u0105\u201d), gromadzi, wykorzystuje i chroni Twoje dane osobowe.<\/p>\r\n\r\n\r\n\r\n<p style=\"margin-top:var(--wp--preset--spacing--20);margin-bottom:var(--wp--preset--spacing--20)\">Korzystaj\u0105c z Aplikacji, akceptujesz warunki niniejszej polityki. Je\u015bli nie akceptujesz tych warunk\u00f3w, prosimy o nieu\u017cywanie Aplikacji.<\/p>\r\n\r\n\r\n\r\n<p><strong>Data wej\u015bcia w \u017cycie: 28 czerwca 2025 r.<\/strong><\/p>\r\n\r\n\r\n\r\n<h2 class=\"wp-block-heading has-background\" style=\"background-color:#f9f3eb;margin-top:var(--wp--preset--spacing--30);margin-bottom:var(--wp--preset--spacing--30);padding-top:var(--wp--preset--spacing--30);padding-bottom:var(--wp--preset--spacing--30);font-size:1.2rem\">1. Administrator danych<\/h2>\r\n\r\n\r\n\r\n<p>Administrator danych osobowych: DATASLATITUDES. <strong>(E-mail: privacy.sos_universal@dataslatitudes.com)<\/strong><\/p>\r\n\r\n\r\n\r\n<p class=\"has-small-font-size\"><\/p>\r\n\r\n\r\n\r\n<h2 class=\"wp-block-heading has-background\" style=\"background-color:#f9f3eb;margin-top:var(--wp--preset--spacing--30);margin-bottom:var(--wp--preset--spacing--30);padding-top:var(--wp--preset--spacing--30);padding-bottom:var(--wp--preset--spacing--30);font-size:1.2rem\">2. Gromadzone dane i cele<\/h2>\r\n\r\n\r\n\r\n<p style=\"margin-top:var(--wp--preset--spacing--30);margin-bottom:var(--wp--preset--spacing--30);padding-top:0;padding-bottom:0\">Aplikacja zosta\u0142a zaprojektowana w celu zminimalizowania gromadzenia danych osobowych i preferuje wy\u0142\u0105cznie lokalne przechowywanie na Twoim urz\u0105dzeniu. Dane s\u0105 przetwarzane w nast\u0119puj\u0105cych celach:<\/p>\r\n\r\n\r\n\r\n<h3 class=\"wp-block-heading\" style=\"margin-top:var(--wp--preset--spacing--20);margin-bottom:var(--wp--preset--spacing--20);padding-top:0;padding-bottom:0;font-size:1.1rem\">2.1. Dane, kt\u00f3re podajesz bezpo\u015brednio<\/h3>\r\n\r\n\r\n\r\n<ul style=\"margin-top:var(--wp--preset--spacing--20);margin-bottom:var(--wp--preset--spacing--20);padding-top:0;padding-bottom:0\" class=\"wp-block-list\">\r\n<li style=\"margin-top:var(--wp--preset--spacing--20);margin-bottom:var(--wp--preset--spacing--20);padding-top:0;padding-bottom:0\"><strong>Kontakty alarmowe: <\/strong>tworzysz lub importujesz kontakty (nazwy i numery telefon\u00f3w) z ksi\u0105\u017cki adresowej.\r\n<ul class=\"wp-block-list\">\r\n<li><strong>Cel: <\/strong>dane te s\u0105 wykorzystywane wy\u0142\u0105cznie do wysy\u0142ania alert\u00f3w SMS i generowania po\u0142\u0105cze\u0144 telefonicznych do Twoich kontakt\u00f3w alarmowych.<\/li>\r\n\r\n\r\n\r\n<li><strong>Przechowywanie: <\/strong>dane te s\u0105 przechowywane lokalnie na Twoim urz\u0105dzeniu i nie s\u0105 przesy\u0142ane na nasze serwery.<\/li>\r\n<\/ul>\r\n<\/li>\r\n\r\n\r\n\r\n<li><strong>Standardowe i uzupe\u0142niaj\u0105ce wiadomo\u015bci: <\/strong>tekst, kt\u00f3ry piszesz dla alert\u00f3w SMS.\r\n<ul class=\"wp-block-list\">\r\n<li><strong>Cel: <\/strong>zintegruj swoj\u0105 spersonalizowan\u0105 wiadomo\u015b\u0107 z wysy\u0142anymi alertami.<\/li>\r\n\r\n\r\n\r\n<li><strong>Przechowywanie: <\/strong>przechowywane lokalnie na Twoim urz\u0105dzeniu.<\/li>\r\n<\/ul>\r\n<\/li>\r\n\r\n\r\n\r\n<li style=\"padding-top:var(--wp--preset--spacing--20);padding-bottom:var(--wp--preset--spacing--20)\"><strong>Nagrania audio: <\/strong>nagrania, kt\u00f3re wyzwalasz.\r\n<ul class=\"wp-block-list\">\r\n<li><strong>Cel: <\/strong>umo\u017cliwienie s\u0142uchania, zmiany nazwy i usuwania nagra\u0144. Dobrej jako\u015bci, mog\u0105 s\u0142u\u017cy\u0107 jako dow\u00f3d w przypadku z\u0142o\u017cenia skargi.<\/li>\r\n\r\n\r\n\r\n<li><strong>Przechowywanie: <\/strong>Przechowywane lokalnie w folderze pobierania na smartfonie. Jeste\u015b wy\u0142\u0105cznie odpowiedzialny za zarz\u0105dzanie i usuwanie tych plik\u00f3w.<\/li>\r\n<\/ul>\r\n<\/li>\r\n<\/ul>\r\n\r\n\r\n\r\n<p class=\"has-small-font-size\"><\/p>\r\n\r\n\r\n\r\n<h3 class=\"wp-block-heading\" style=\"margin-top:var(--wp--preset--spacing--20);margin-bottom:var(--wp--preset--spacing--20);padding-top:0;padding-bottom:0;font-size:1.1rem\"><strong>2.2. Dane zbierane automatycznie<\/strong><\/h3>\r\n\r\n\r\n\r\n<ul style=\"margin-top:var(--wp--preset--spacing--20);margin-bottom:var(--wp--preset--spacing--20);padding-top:0;padding-bottom:0\" class=\"wp-block-list\">\r\n<li style=\"margin-top:var(--wp--preset--spacing--20);margin-bottom:var(--wp--preset--spacing--20);padding-top:0;padding-bottom:0\"><strong>Dane geolokalizacyjne: <\/strong>Aplikacja uzyskuje dost\u0119p do pozycji Twojego urz\u0105dzenia (GPS lub Wi-Fi) tylko wtedy, gdy aktywujesz funkcj\u0119 wysy\u0142ania swojej lokalizacji w wiadomo\u015bci alarmowej.\r\n<ul class=\"wp-block-list\">\r\n<li><strong>Cel: <\/strong>przeka\u017cesz swoj\u0105 pozycj\u0119 geograficzn\u0105 (wsp\u00f3\u0142rz\u0119dne i adres) swoim kontaktom alarmowym podczas alertu.<\/li>\r\n\r\n\r\n\r\n<li><strong>Przechowywanie: <\/strong>dane te nie s\u0105 przechowywane ani konserwowane przez Wydawc\u0119. S\u0105 one wykorzystywane w czasie rzeczywistym do generowania linku GoogleMaps (lub OpenStreetMap) i adresu, a nast\u0119pnie s\u0105 do\u0142\u0105czane do SMS-a wysy\u0142anego za po\u015brednictwem Twojego operatora telekomunikacyjnego<\/li>\r\n<\/ul>\r\n<\/li>\r\n\r\n\r\n\r\n<li><strong>Historia alert\u00f3w: <\/strong>data, godzina, tryb, odbiorca i tre\u015b\u0107 50 ostatnich wys\u0142anych alert\u00f3w.\r\n<ul class=\"wp-block-list\">\r\n<li><strong>Cel: <\/strong>umo\u017cliwienie przegl\u0105dania historii alert\u00f3w w celach monitorowania i zarz\u0105dzania.<\/li>\r\n\r\n\r\n\r\n<li><strong>Przechowywanie: <\/strong>przechowywane lokalnie na Twoim urz\u0105dzeniu.<\/li>\r\n<\/ul>\r\n<\/li>\r\n\r\n\r\n\r\n<li style=\"padding-top:var(--wp--preset--spacing--20);padding-bottom:var(--wp--preset--spacing--20)\"><strong>Uprawnienia dost\u0119pu: <\/strong>Aplikacja wymaga dost\u0119pu do Twoich kontakt\u00f3w, geolokalizacji, mikrofonu, nagrywania d\u017awi\u0119ku, pami\u0119ci, powiadomie\u0144 oraz funkcji SMS\/telefonu.\r\n<ul class=\"wp-block-list\">\r\n<li><strong>Cel: <\/strong>te uprawnienia s\u0105 \u015bci\u015ble niezb\u0119dne do prawid\u0142owego funkcjonowania Aplikacji i realizacji jej funkcji.<\/li>\r\n<\/ul>\r\n<\/li>\r\n<\/ul>\r\n\r\n\r\n\r\n<p class=\"has-small-font-size\"><\/p>\r\n\r\n\r\n\r\n<h2 class=\"wp-block-heading has-background\" style=\"background-color:#f9f3eb;margin-top:var(--wp--preset--spacing--30);margin-bottom:var(--wp--preset--spacing--30);padding-top:var(--wp--preset--spacing--30);padding-bottom:var(--wp--preset--spacing--30);font-size:1.2rem\">3. Udost\u0119pnianie danych<\/h2>\r\n\r\n\r\n\r\n<p style=\"margin-top:var(--wp--preset--spacing--30);margin-bottom:var(--wp--preset--spacing--30);padding-top:0;padding-bottom:0\">Wydawca nie udost\u0119pnia, nie sprzedaje ani nie wynajmuje Twoich danych osobowych osobom trzecim, zar\u00f3wno komercyjnie, jak i bezp\u0142atnie. Jedynymi podmiotami, kt\u00f3re otrzymuj\u0105 Twoje dane, s\u0105:<\/p>\r\n\r\n\r\n\r\n<ul style=\"margin-top:var(--wp--preset--spacing--20);margin-bottom:var(--wp--preset--spacing--20)\" class=\"wp-block-list\">\r\n<li><strong>Twoje kontakty alarmowe: <\/strong>wybierasz wysy\u0142anie im informacji (wiadomo\u015bci, lokalizacji) za po\u015brednictwem us\u0142ug operatora kom\u00f3rkowego (SMS\/po\u0142\u0105czenia).<\/li>\r\n\r\n\r\n\r\n<li><strong>Google Maps: <\/strong>Aplikacja korzysta z us\u0142ugi mapowania Google w celu generowania linku do Twojej lokalizacji. Korzystanie z tego linku podlega warunkom korzystania i polityce prywatno\u015bci Google.<\/li>\r\n\r\n\r\n\r\n<li><strong>OpenStreetMap: <\/strong>Aplikacja mo\u017ce r\u00f3wnie\u017c korzysta\u0107 z us\u0142ugi kartograficznej OpenStreetMap, aby wygenerowa\u0107 link do Twojej lokalizacji. Korzystanie z tego linku podlega warunkom u\u017cytkowania i polityce prywatno\u015bci OpenStreetMap.<\/li>\r\n<\/ul>\r\n\r\n\r\n\r\n<p class=\"has-small-font-size\"><\/p>\r\n\r\n\r\n\r\n<h2 class=\"wp-block-heading has-background\" style=\"background-color:#f9f3eb;margin-top:var(--wp--preset--spacing--30);margin-bottom:var(--wp--preset--spacing--30);padding-top:var(--wp--preset--spacing--30);padding-bottom:var(--wp--preset--spacing--30);font-size:1.2rem\">4. Twoje prawa (zgodno\u015b\u0107 z RODO)<\/h2>\r\n\r\n\r\n\r\n<p style=\"margin-top:var(--wp--preset--spacing--30);margin-bottom:var(--wp--preset--spacing--30);padding-top:0;padding-bottom:0\">Jako u\u017cytkownik masz nast\u0119puj\u0105ce prawa dotycz\u0105ce swoich danych osobowych:<\/p>\r\n\r\n\r\n\r\n<ul style=\"margin-top:var(--wp--preset--spacing--20);margin-bottom:var(--wp--preset--spacing--20)\" class=\"wp-block-list\">\r\n<li><strong>Prawo dost\u0119pu: <\/strong>mo\u017cesz uzyska\u0107 dost\u0119p do danych przechowywanych na Twoim urz\u0105dzeniu w dowolnym momencie za po\u015brednictwem Aplikacji.<\/li>\r\n\r\n\r\n\r\n<li><strong>Prawo do sprostowania: <\/strong>mo\u017cesz modyfikowa\u0107 lub poprawia\u0107 swoje kontakty i ustawienia bezpo\u015brednio w Aplikacji.<\/li>\r\n\r\n\r\n\r\n<li><strong>Prawo do usuni\u0119cia (\u201eprawo do bycia zapomnianym\u201d): <\/strong>mo\u017cesz w dowolnym momencie usun\u0105\u0107 dane swoich kontakt\u00f3w i nagrania audio. Usuni\u0119cie Aplikacji usuwa wszystkie dane przechowywane lokalnie.<\/li>\r\n\r\n\r\n\r\n<li><strong>Prawo do ograniczenia przetwarzania: <\/strong>mo\u017cesz tymczasowo dezaktywowa\u0107 kontakty lub funkcje (takie jak lokalizacja), aby ograniczy\u0107 przetwarzanie swoich danych.<\/li>\r\n\r\n\r\n\r\n<li><strong>Prawo do sprzeciwu: <\/strong>mo\u017cesz sprzeciwi\u0107 si\u0119 przetwarzaniu, przestaj\u0105c korzysta\u0107 z Aplikacji i odinstalowuj\u0105c j\u0105.<\/li>\r\n<\/ul>\r\n\r\n\r\n\r\n<p class=\"has-small-font-size\"><\/p>\r\n\r\n\r\n\r\n<h2 class=\"wp-block-heading has-background\" style=\"background-color:#f9f3eb;margin-top:var(--wp--preset--spacing--30);margin-bottom:var(--wp--preset--spacing--30);padding-top:var(--wp--preset--spacing--30);padding-bottom:var(--wp--preset--spacing--30);font-size:1.2rem\">5. Zmiany w Polityce Prywatno\u015bci<\/h2>\r\n\r\n\r\n\r\n<p style=\"margin-top:var(--wp--preset--spacing--30);margin-bottom:var(--wp--preset--spacing--30);padding-top:0;padding-bottom:0\">Wydawca zastrzega sobie prawo do zmiany niniejszej Polityki Prywatno\u015bci w dowolnym momencie. Dalsze korzystanie z us\u0142ugi po opublikowaniu zmian b\u0119dzie r\u00f3wnoznaczne z akceptacj\u0105 nowych warunk\u00f3w.<\/p>\r\n\r\n\r\n\r\n<p class=\"has-small-font-size\"><\/p>\r\n\r\n\r\n\r\n<h2 class=\"wp-block-heading has-background\" style=\"background-color:#f9f3eb;margin-top:var(--wp--preset--spacing--30);margin-bottom:var(--wp--preset--spacing--30);padding-top:var(--wp--preset--spacing--30);padding-bottom:var(--wp--preset--spacing--30);font-size:1.2rem\">6. Skontaktuj si\u0119 z nami<\/h2>\r\n\r\n\r\n\r\n<p style=\"margin-top:var(--wp--preset--spacing--30);margin-bottom:var(--wp--preset--spacing--30);padding-top:0;padding-bottom:0\">W przypadku pyta\u0144 lub w\u0105tpliwo\u015bci dotycz\u0105cych niniejszej polityki prywatno\u015bci lub zarz\u0105dzania danymi, prosimy o kontakt pod nast\u0119puj\u0105cym adresem e-mail: <br><strong>privacy.sos_universal@dataslatitudes.com<\/strong><\/p>\r\n\r\n\r\n\r\n<p class=\"has-medium-font-size\"><\/p>\r\n\r\n\r\n\r\n<p class=\"has-medium-font-size\"><\/p>\r\n","protected":false},"excerpt":{"rendered":"<p>POLITYKA PRYWATNO\u015aCI Niniejsza Polityka prywatno\u015bci ma na celu przejrzyste poinformowanie Ci\u0119 o tym, w jaki spos\u00f3b aplikacja mobilna SOS Universal [&hellip;]<\/p>\n","protected":false},"author":1,"featured_media":0,"parent":0,"menu_order":4,"comment_status":"closed","ping_status":"closed","template":"","meta":{"site-sidebar-layout":"default","site-content-layout":"","ast-site-content-layout":"default","site-content-style":"default","site-sidebar-style":"default","ast-global-header-display":"","ast-banner-title-visibility":"","ast-main-header-display":"","ast-hfb-above-header-display":"","ast-hfb-below-header-display":"","ast-hfb-mobile-header-display":"","site-post-title":"disabled","ast-breadcrumbs-content":"","ast-featured-img":"","footer-sml-layout":"","theme-transparent-header-meta":"","adv-header-id-meta":"","stick-header-meta":"","header-above-stick-meta":"","header-main-stick-meta":"","header-below-stick-meta":"","astra-migrate-meta-layouts":"default","ast-page-background-enabled":"default","ast-page-background-meta":{"desktop":{"background-color":"var(--ast-global-color-5)","background-image":"","background-repeat":"repeat","background-position":"center center","background-size":"auto","background-attachment":"scroll","background-type":"","background-media":"","overlay-type":"","overlay-color":"","overlay-opacity":"","overlay-gradient":""},"tablet":{"background-color":"","background-image":"","background-repeat":"repeat","background-position":"center center","background-size":"auto","background-attachment":"scroll","background-type":"","background-media":"","overlay-type":"","overlay-color":"","overlay-opacity":"","overlay-gradient":""},"mobile":{"background-color":"","background-image":"","background-repeat":"repeat","background-position":"center center","background-size":"auto","background-attachment":"scroll","background-type":"","background-media":"","overlay-type":"","overlay-color":"","overlay-opacity":"","overlay-gradient":""}},"ast-content-background-meta":{"desktop":{"background-color":"var(--ast-global-color-4)","background-image":"","background-repeat":"repeat","background-position":"center center","background-size":"auto","background-attachment":"scroll","background-type":"","background-media":"","overlay-type":"","overlay-color":"","overlay-opacity":"","overlay-gradient":""},"tablet":{"background-color":"var(--ast-global-color-4)","background-image":"","background-repeat":"repeat","background-position":"center center","background-size":"auto","background-attachment":"scroll","background-type":"","background-media":"","overlay-type":"","overlay-color":"","overlay-opacity":"","overlay-gradient":""},"mobile":{"background-color":"var(--ast-global-color-4)","background-image":"","background-repeat":"repeat","background-position":"center center","background-size":"auto","background-attachment":"scroll","background-type":"","background-media":"","overlay-type":"","overlay-color":"","overlay-opacity":"","overlay-gradient":""}},"footnotes":""},"class_list":["post-75","page","type-page","status-publish","hentry"],"yoast_head":"<!-- This site is optimized with the Yoast SEO plugin v25.6 - https:\/\/yoast.com\/wordpress\/plugins\/seo\/ -->\n<title>Prywatno\u015b\u0107<\/title>\n<meta name=\"description\" content=\"Niniejsza Polityka Prywatno\u015bci ma na celu przejrzyste poinformowanie Ci\u0119 o tym, w jaki spos\u00f3b aplikacja mobilna SOS Universal, opracowana przez DATASLATITUDES, gromadzi, wykorzystuje i chroni Twoje dane osobowe. Przedstawia ona administratora danych, gromadzone dane i cele, udost\u0119pnianie danych, Twoje prawa (zgodno\u015b\u0107 z RODO) oraz warunki zmian Polityki Prywatno\u015bci.\" \/>\n<meta name=\"robots\" content=\"index, follow, max-snippet:-1, max-image-preview:large, max-video-preview:-1\" \/>\n<link rel=\"canonical\" href=\"http:\/\/POLITYKA%20PRYWATNO\u015aCI%20Niniejsza%20Polityka%20prywatno\u015bci%20ma%20na%20celu%20przejrzyste%20poinformowanie%20Ci\u0119%20o%20tym,%20w%20jaki%20spos\u00f3b%20aplikacja%20mobilna%20SOS%20Universal%20(zwana%20dalej%20\u201eAplikacj\u0105\u201d),%20opracowana%20przez%20DATASLATITUDES%20(zwana%20dalej%20\u201eWydawc\u0105\u201d),%20gromadzi,%20wykorzystuje%20i%20chroni%20Twoje%20dane%20osobowe.%20Korzystaj\u0105c%20z%20Aplikacji,%20akceptujesz%20warunki%20niniejszej%20polityki.%20Je\u015bli%20nie%20akceptujesz%20tych%20warunk\u00f3w,%20prosimy%20o%20nieu\u017cywanie%20Aplikacji.%20Data%20wej\u015bcia%20w&hellip;\" \/>\n<meta property=\"og:locale\" content=\"pl_PL\" \/>\n<meta property=\"og:type\" content=\"article\" \/>\n<meta property=\"og:title\" content=\"Prywatno\u015b\u0107\" \/>\n<meta property=\"og:description\" content=\"Niniejsza Polityka Prywatno\u015bci ma na celu przejrzyste poinformowanie Ci\u0119 o tym, w jaki spos\u00f3b aplikacja mobilna SOS Universal, opracowana przez DATASLATITUDES, gromadzi, wykorzystuje i chroni Twoje dane osobowe. Przedstawia ona administratora danych, gromadzone dane i cele, udost\u0119pnianie danych, Twoje prawa (zgodno\u015b\u0107 z RODO) oraz warunki zmian Polityki Prywatno\u015bci.\" \/>\n<meta property=\"og:url\" content=\"https:\/\/www.dataslatitudes.com\/sosuniversal\/pl\/politique-confidentialite\/\" \/>\n<meta property=\"og:site_name\" content=\"SOS Universal\" \/>\n<meta property=\"article:modified_time\" content=\"2025-08-14T09:50:55+00:00\" \/>\n<meta name=\"twitter:card\" content=\"summary_large_image\" \/>\n<meta name=\"twitter:label1\" content=\"Szacowany czas czytania\" \/>\n\t<meta name=\"twitter:data1\" content=\"4 minuty\" \/>\n<script type=\"application\/ld+json\" class=\"yoast-schema-graph\">{\"@context\":\"https:\/\/schema.org\",\"@graph\":[{\"@type\":\"WebPage\",\"@id\":\"https:\/\/www.dataslatitudes.com\/sosuniversal\/pl\/politique-confidentialite\/\",\"url\":\"https:\/\/www.dataslatitudes.com\/sosuniversal\/pl\/politique-confidentialite\/\",\"name\":\"Confidentialit\u00e9 - SOS Universal\",\"isPartOf\":{\"@id\":\"https:\/\/www.dataslatitudes.com\/sosuniversal\/#website\"},\"datePublished\":\"2025-06-11T15:05:57+00:00\",\"dateModified\":\"2025-08-14T09:50:55+00:00\",\"description\":\"La pr\u00e9sente Politique de Confidentialit\u00e9 a pour objectif de vous informer de mani\u00e8re transparente sur la mani\u00e8re dont l'application mobile SOS Universal, d\u00e9velopp\u00e9e par DATASLATITUDES, collecte, utilise et prot\u00e8ge vos donn\u00e9es personnelles. On y expose le responsable du traitement des donn\u00e9es, les donn\u00e9es collect\u00e9es et les finalit\u00e9s, le partage des donn\u00e9es, vos droits (conformit\u00e9 RGPD) et les conditions de modifications de la Politique de Confidentialit\u00e9.\",\"breadcrumb\":{\"@id\":\"https:\/\/www.dataslatitudes.com\/sosuniversal\/pl\/politique-confidentialite\/#breadcrumb\"},\"inLanguage\":\"pl-PL\",\"potentialAction\":[{\"@type\":\"ReadAction\",\"target\":[\"https:\/\/www.dataslatitudes.com\/sosuniversal\/pl\/politique-confidentialite\/\"]}]},{\"@type\":\"BreadcrumbList\",\"@id\":\"https:\/\/www.dataslatitudes.com\/sosuniversal\/pl\/politique-confidentialite\/#breadcrumb\",\"itemListElement\":[{\"@type\":\"ListItem\",\"position\":1,\"name\":\"Prezentacja\",\"item\":\"https:\/\/www.dataslatitudes.com\/sosuniversal\/fr\/\"},{\"@type\":\"ListItem\",\"position\":2,\"name\":\"Prywatno\u015b\u0107\"}]},{\"@type\":\"WebSite\",\"@id\":\"https:\/\/www.dataslatitudes.com\/sosuniversal\/pl\/#website\",\"url\":\"https:\/\/www.dataslatitudes.com\/sosuniversal\/pl\/\",\"name\":\"SOS Universal\",\"description\":\"\",\"publisher\":{\"@id\":\"https:\/\/www.dataslatitudes.com\/sosuniversal\/pl\/#organization\"},\"potentialAction\":[{\"@type\":\"SearchAction\",\"target\":{\"@type\":\"EntryPoint\",\"urlTemplate\":\"https:\/\/www.dataslatitudes.com\/sosuniversal\/pl\/?s={search_term_string}\"},\"query-input\":{\"@type\":\"PropertyValueSpecification\",\"valueRequired\":true,\"valueName\":\"search_term_string\"}}],\"inLanguage\":\"pl-PL\"},{\"@type\":\"Organization\",\"@id\":\"https:\/\/www.dataslatitudes.com\/sosuniversal\/pl\/#organization\",\"name\":\"DATASLATITUDES\",\"url\":\"https:\/\/www.dataslatitudes.com\/sosuniversal\/pl\/\",\"logo\":{\"@type\":\"ImageObject\",\"inLanguage\":\"pl-PL\",\"@id\":\"https:\/\/www.dataslatitudes.com\/sosuniversal\/pl\/#\/schema\/logo\/image\/\",\"url\":\"https:\/\/www.dataslatitudes.com\/sosuniversal\/wp-content\/uploads\/2025\/07\/logo_mrdv.png\",\"contentUrl\":\"https:\/\/www.dataslatitudes.com\/sosuniversal\/wp-content\/uploads\/2025\/07\/logo_mrdv.png\",\"width\":72,\"height\":72,\"caption\":\"DATASLATITUDES\"},\"image\":{\"@id\":\"https:\/\/www.dataslatitudes.com\/sosuniversal\/pl\/#\/schema\/logo\/image\/\"}}]}<\/script>\n<!-- \/ Yoast SEO plugin. -->","yoast_head_json":{"title":"Prywatno\u015b\u0107","description":"Niniejsza Polityka Prywatno\u015bci ma na celu przejrzyste poinformowanie Ci\u0119 o tym, w jaki spos\u00f3b aplikacja mobilna SOS Universal, opracowana przez DATASLATITUDES, gromadzi, wykorzystuje i chroni Twoje dane osobowe. Przedstawia ona administratora danych, gromadzone dane i cele, udost\u0119pnianie danych, Twoje prawa (zgodno\u015b\u0107 z RODO) oraz warunki zmian Polityki Prywatno\u015bci.","robots":{"index":"index","follow":"follow","max-snippet":"max-snippet:-1","max-image-preview":"max-image-preview:large","max-video-preview":"max-video-preview:-1"},"canonical":"POLITYKA PRYWATNO\u015aCI Niniejsza Polityka prywatno\u015bci ma na celu przejrzyste poinformowanie Ci\u0119 o tym, w jaki spos\u00f3b aplikacja mobilna SOS Universal (zwana dalej \u201eAplikacj\u0105\u201d), opracowana przez DATASLATITUDES (zwana dalej \u201eWydawc\u0105\u201d), gromadzi, wykorzystuje i chroni Twoje dane osobowe. Korzystaj\u0105c z Aplikacji, akceptujesz warunki niniejszej polityki. Je\u015bli nie akceptujesz tych warunk\u00f3w, prosimy o nieu\u017cywanie Aplikacji. Data wej\u015bcia w&hellip;","og_locale":"pl_PL","og_type":"article","og_title":"Prywatno\u015b\u0107","og_description":"Niniejsza Polityka Prywatno\u015bci ma na celu przejrzyste poinformowanie Ci\u0119 o tym, w jaki spos\u00f3b aplikacja mobilna SOS Universal, opracowana przez DATASLATITUDES, gromadzi, wykorzystuje i chroni Twoje dane osobowe. Przedstawia ona administratora danych, gromadzone dane i cele, udost\u0119pnianie danych, Twoje prawa (zgodno\u015b\u0107 z RODO) oraz warunki zmian Polityki Prywatno\u015bci.","og_url":"https:\/\/www.dataslatitudes.com\/sosuniversal\/pl\/politique-confidentialite\/","og_site_name":"SOS Universal","article_modified_time":"2025-08-14T09:50:55+00:00","twitter_card":"summary_large_image","twitter_misc":{"Szacowany czas czytania":"4 minuty"},"schema":{"@context":"https:\/\/schema.org","@graph":[{"@type":"WebPage","@id":"https:\/\/www.dataslatitudes.com\/sosuniversal\/pl\/politique-confidentialite\/","url":"https:\/\/www.dataslatitudes.com\/sosuniversal\/pl\/politique-confidentialite\/","name":"Confidentialit\u00e9 - SOS Universal","isPartOf":{"@id":"https:\/\/www.dataslatitudes.com\/sosuniversal\/#website"},"datePublished":"2025-06-11T15:05:57+00:00","dateModified":"2025-08-14T09:50:55+00:00","description":"La pr\u00e9sente Politique de Confidentialit\u00e9 a pour objectif de vous informer de mani\u00e8re transparente sur la mani\u00e8re dont l'application mobile SOS Universal, d\u00e9velopp\u00e9e par DATASLATITUDES, collecte, utilise et prot\u00e8ge vos donn\u00e9es personnelles. On y expose le responsable du traitement des donn\u00e9es, les donn\u00e9es collect\u00e9es et les finalit\u00e9s, le partage des donn\u00e9es, vos droits (conformit\u00e9 RGPD) et les conditions de modifications de la Politique de Confidentialit\u00e9.","breadcrumb":{"@id":"https:\/\/www.dataslatitudes.com\/sosuniversal\/pl\/politique-confidentialite\/#breadcrumb"},"inLanguage":"pl-PL","potentialAction":[{"@type":"ReadAction","target":["https:\/\/www.dataslatitudes.com\/sosuniversal\/pl\/politique-confidentialite\/"]}]},{"@type":"BreadcrumbList","@id":"https:\/\/www.dataslatitudes.com\/sosuniversal\/pl\/politique-confidentialite\/#breadcrumb","itemListElement":[{"@type":"ListItem","position":1,"name":"Prezentacja","item":"https:\/\/www.dataslatitudes.com\/sosuniversal\/fr\/"},{"@type":"ListItem","position":2,"name":"Prywatno\u015b\u0107"}]},{"@type":"WebSite","@id":"https:\/\/www.dataslatitudes.com\/sosuniversal\/pl\/#website","url":"https:\/\/www.dataslatitudes.com\/sosuniversal\/pl\/","name":"SOS Universal","description":"","publisher":{"@id":"https:\/\/www.dataslatitudes.com\/sosuniversal\/pl\/#organization"},"potentialAction":[{"@type":"SearchAction","target":{"@type":"EntryPoint","urlTemplate":"https:\/\/www.dataslatitudes.com\/sosuniversal\/pl\/?s={search_term_string}"},"query-input":{"@type":"PropertyValueSpecification","valueRequired":true,"valueName":"search_term_string"}}],"inLanguage":"pl-PL"},{"@type":"Organization","@id":"https:\/\/www.dataslatitudes.com\/sosuniversal\/pl\/#organization","name":"DATASLATITUDES","url":"https:\/\/www.dataslatitudes.com\/sosuniversal\/pl\/","logo":{"@type":"ImageObject","inLanguage":"pl-PL","@id":"https:\/\/www.dataslatitudes.com\/sosuniversal\/pl\/#\/schema\/logo\/image\/","url":"https:\/\/www.dataslatitudes.com\/sosuniversal\/wp-content\/uploads\/2025\/07\/logo_mrdv.png","contentUrl":"https:\/\/www.dataslatitudes.com\/sosuniversal\/wp-content\/uploads\/2025\/07\/logo_mrdv.png","width":72,"height":72,"caption":"DATASLATITUDES"},"image":{"@id":"https:\/\/www.dataslatitudes.com\/sosuniversal\/pl\/#\/schema\/logo\/image\/"}}]}},"_links":{"self":[{"href":"https:\/\/www.dataslatitudes.com\/sosuniversal\/pl\/wp-json\/wp\/v2\/pages\/75","targetHints":{"allow":["GET"]}}],"collection":[{"href":"https:\/\/www.dataslatitudes.com\/sosuniversal\/pl\/wp-json\/wp\/v2\/pages"}],"about":[{"href":"https:\/\/www.dataslatitudes.com\/sosuniversal\/pl\/wp-json\/wp\/v2\/types\/page"}],"author":[{"embeddable":true,"href":"https:\/\/www.dataslatitudes.com\/sosuniversal\/pl\/wp-json\/wp\/v2\/users\/1"}],"replies":[{"embeddable":true,"href":"https:\/\/www.dataslatitudes.com\/sosuniversal\/pl\/wp-json\/wp\/v2\/comments?post=75"}],"version-history":[{"count":30,"href":"https:\/\/www.dataslatitudes.com\/sosuniversal\/pl\/wp-json\/wp\/v2\/pages\/75\/revisions"}],"predecessor-version":[{"id":2927,"href":"https:\/\/www.dataslatitudes.com\/sosuniversal\/pl\/wp-json\/wp\/v2\/pages\/75\/revisions\/2927"}],"wp:attachment":[{"href":"https:\/\/www.dataslatitudes.com\/sosuniversal\/pl\/wp-json\/wp\/v2\/media?parent=75"}],"curies":[{"name":"wp","href":"https:\/\/api.w.org\/{rel}","templated":true}]}}