{"id":185,"date":"2025-06-12T17:24:48","date_gmt":"2025-06-12T17:24:48","guid":{"rendered":"https:\/\/www.dataslatitudes.com\/sosuniversal\/index.php\/politique-de-confidentialite\/"},"modified":"2025-08-14T10:02:03","modified_gmt":"2025-08-14T10:02:03","slug":"mentions-legales","status":"publish","type":"page","link":"https:\/\/www.dataslatitudes.com\/sosuniversal\/pl\/mentions-legales\/","title":{"rendered":"Informacje prawne"},"content":{"rendered":"\r\n<p class=\"has-small-font-size\"><\/p>\r\n\r\n\r\n\r\n<h1 class=\"wp-block-heading has-text-align-center has-medium-font-size\"><strong>INFORMACJE PRAWNE<\/strong><\/h1>\r\n\r\n\r\n\r\n<h2 class=\"wp-block-heading has-background\" style=\"background-color:#f9f3eb;margin-top:var(--wp--preset--spacing--20);margin-bottom:var(--wp--preset--spacing--20);padding-top:var(--wp--preset--spacing--30);padding-bottom:var(--wp--preset--spacing--30);font-size:1.2rem\">1. Informacje o wydawcy aplikacji<\/h2>\r\n\r\n\r\n\r\n<p style=\"margin-top:0;margin-bottom:0;font-size:1rem\">Niniejsza strona internetowa oraz aplikacja mobilna SOS Universal s\u0105 wydawane przez firm\u0119 DATASLATITUDES.<\/p>\r\n\r\n\r\n\r\n<p style=\"font-size:1rem\">Mo\u017cesz poprosi\u0107 o pomoc pod adresem e-mail: <strong>hotline.sos_universal@dataslatitudes.com<\/strong><\/p>\r\n\r\n\r\n\r\n<h2 class=\"wp-block-heading has-background\" style=\"background-color:#f9f3eb;margin-top:var(--wp--preset--spacing--20);margin-bottom:var(--wp--preset--spacing--20);padding-top:var(--wp--preset--spacing--30);padding-bottom:var(--wp--preset--spacing--30);font-size:1.2rem\">2. Hosting<\/h2>\r\n\r\n\r\n\r\n<p style=\"margin-top:0;margin-bottom:0\">SOS Universal to aplikacja mobilna dystrybuowana za po\u015brednictwem platform pobierania (Google Play Store, a wkr\u00f3tce App Store). Zaznacza si\u0119, \u017ce dane u\u017cytkownika s\u0105 przechowywane wy\u0142\u0105cznie lokalnie na jego w\u0142asnym urz\u0105dzeniu.<\/p>\r\n\r\n\r\n\r\n<p style=\"margin-top:0;margin-bottom:0;padding-top:0;padding-bottom:0\">Serwery platform dystrybucyjnych hostuj\u0105 pliki instalacyjne aplikacji.<\/p>\r\n\r\n\r\n\r\n<ul style=\"margin-top:0;margin-bottom:0\" class=\"wp-block-list\">\r\n<li style=\"margin-top:0;margin-bottom:0;padding-top:var(--wp--preset--spacing--20);padding-bottom:var(--wp--preset--spacing--20)\">Hosty aplikacji mobilnej:\r\n<ul class=\"wp-block-list\">\r\n<li style=\"margin-top:0;margin-bottom:0\"><strong>Dla Androida: <\/strong>Google LLC, 1600 Amphitheatre Parkway, Mountain View, CA 94043, USA<\/li>\r\n\r\n\r\n\r\n<li><strong>Dla iOS: <\/strong>Apple Inc., One Apple Park Way, Cupertino, CA 95014, USA<\/li>\r\n<\/ul>\r\n<\/li>\r\n\r\n\r\n\r\n<li>Host tej strony internetowej: <strong>AlwaysData<\/strong>, 91 Rue du Faubourg Saint-Honor\u00e9, 75008 Paris<\/li>\r\n<\/ul>\r\n\r\n\r\n\r\n<p class=\"has-small-font-size\"><\/p>\r\n\r\n\r\n\r\n<h2 class=\"wp-block-heading has-background\" style=\"background-color:#f9f3eb;margin-top:var(--wp--preset--spacing--20);margin-bottom:var(--wp--preset--spacing--20);padding-top:var(--wp--preset--spacing--30);padding-bottom:var(--wp--preset--spacing--30);font-size:1.2rem\">3. W\u0142asno\u015b\u0107 intelektualna<\/h2>\r\n\r\n\r\n\r\n<p style=\"margin-top:0;margin-bottom:0\">Ta strona internetowa i ca\u0142a aplikacja SOS Universal, w tym struktura, interfejsy, kod \u017ar\u00f3d\u0142owy, projekt graficzny, ikony, teksty, obrazy i wszelkie inne tre\u015bci, s\u0105 wy\u0142\u0105czn\u0105 w\u0142asno\u015bci\u0105 wydawcy DATASLATITUDES.<\/p>\r\n\r\n\r\n\r\n<p style=\"margin-top:var(--wp--preset--spacing--30);margin-bottom:var(--wp--preset--spacing--30)\">Ca\u0142kowite lub cz\u0119\u015bciowe powielanie, przedstawianie, modyfikowanie, publikowanie, przesy\u0142anie lub zniekszta\u0142canie aplikacji lub jej tre\u015bci lub strony internetowej, w jakikolwiek spos\u00f3b i na jakimkolwiek no\u015bniku, jest surowo zabronione.<\/p>\r\n\r\n\r\n\r\n<p>Wszelkie nieautoryzowane wykorzystanie strony internetowej, aplikacji lub kt\u00f3regokolwiek z jej element\u00f3w sk\u0142adowych jest uwa\u017cane za naruszenie praw autorskich i podlega \u015bciganiu karnemu.<\/p>\r\n\r\n\r\n\r\n<h2 class=\"wp-block-heading has-background\" style=\"background-color:#f9f3eb;margin-top:var(--wp--preset--spacing--20);margin-bottom:var(--wp--preset--spacing--20);padding-top:var(--wp--preset--spacing--30);padding-bottom:var(--wp--preset--spacing--30);font-size:1.2rem\">4. Linki zewn\u0119trzne<\/h2>\r\n\r\n\r\n\r\n<p style=\"margin-top:0;margin-bottom:0\">Aplikacja mo\u017ce zawiera\u0107 hiper\u0142\u0105cza do stron lub us\u0142ug os\u00f3b trzecich, w szczeg\u00f3lno\u015bci GoogleMaps (lub OpenStreetMap), ze wzgl\u0119du na geolokalizacj\u0119. Wydawca nie mo\u017ce by\u0107 poci\u0105gni\u0119ty do odpowiedzialno\u015bci za tre\u015b\u0107 tych stron os\u00f3b trzecich ani za praktyki dotycz\u0105ce prywatno\u015bci, kt\u00f3re one stosuj\u0105. U\u017cytkownik jest proszony o zapoznanie si\u0119 z og\u00f3lnymi warunkami i politykami prywatno\u015bci tych stron lub us\u0142ug.<\/p>\r\n\r\n\r\n\r\n<p class=\"has-small-font-size\"><\/p>\r\n\r\n\r\n\r\n<h2 class=\"wp-block-heading has-background\" style=\"background-color:#f9f3eb;margin-top:var(--wp--preset--spacing--20);margin-bottom:var(--wp--preset--spacing--20);padding-top:var(--wp--preset--spacing--30);padding-bottom:var(--wp--preset--spacing--30);font-size:1.2rem\">5. Odpowiedzialno\u015b\u0107<\/h2>\r\n\r\n\r\n\r\n<p style=\"margin-top:0;margin-bottom:0\">Wydawca stara si\u0119 zapewni\u0107 niezawodno\u015b\u0107 i dok\u0142adno\u015b\u0107 informacji oraz funkcji aplikacji. Jednak\u017ce Wydawca nie mo\u017ce zagwarantowa\u0107, \u017ce aplikacja b\u0119dzie wolna od b\u0142\u0119d\u00f3w, usterek lub przerw.<br><strong>Wa\u017cna informacja: <\/strong>aplikacja SOS Universal jest tylko narz\u0119dziem pomocniczym. <strong>W \u017cadnym wypadku nie zast\u0119puje oficjalnych s\u0142u\u017cb ratunkowych. <\/strong>Wydawca nie ponosi odpowiedzialno\u015bci w przypadku niew\u0142a\u015bciwego u\u017cycia aplikacji lub awarii us\u0142ug telekomunikacyjnych (sieci kom\u00f3rkowej, SMS), kt\u00f3re nie zale\u017c\u0105 od jego kontroli.<\/p>\r\n\r\n\r\n\r\n<p class=\"has-small-font-size\"><\/p>\r\n\r\n\r\n\r\n<h2 class=\"wp-block-heading has-background\" style=\"background-color:#f9f3eb;margin-top:var(--wp--preset--spacing--20);margin-bottom:var(--wp--preset--spacing--20);padding-top:var(--wp--preset--spacing--30);padding-bottom:var(--wp--preset--spacing--30);font-size:1.2rem\">6. Kredyty (dla tej strony internetowej i aplikacji SOS Universal)<\/h2>\r\n\r\n\r\n\r\n<ul style=\"margin-top:0;margin-bottom:0;padding-top:0;padding-bottom:0\" class=\"wp-block-list\">\r\n<li style=\"margin-top:0;margin-bottom:0;padding-top:0;padding-bottom:0\"><strong>Badanie i projekt: <\/strong>DATASLATITUDES<\/li>\r\n\r\n\r\n\r\n<li><strong>Rozw\u00f3j: <\/strong>DATASLATITUDES<\/li>\r\n<\/ul>\r\n\r\n\r\n\r\n<p class=\"has-medium-font-size\"><\/p>\r\n\r\n\r\n\r\n<p class=\"has-medium-font-size\"><\/p>\r\n","protected":false},"excerpt":{"rendered":"<p>INFORMACJE PRAWNE 1. Informacje o wydawcy aplikacji Niniejsza strona internetowa oraz aplikacja mobilna SOS Universal s\u0105 wydawane przez firm\u0119 DATASLATITUDES. [&hellip;]<\/p>\n","protected":false},"author":1,"featured_media":0,"parent":0,"menu_order":5,"comment_status":"closed","ping_status":"closed","template":"","meta":{"site-sidebar-layout":"default","site-content-layout":"","ast-site-content-layout":"default","site-content-style":"default","site-sidebar-style":"default","ast-global-header-display":"","ast-banner-title-visibility":"","ast-main-header-display":"","ast-hfb-above-header-display":"","ast-hfb-below-header-display":"","ast-hfb-mobile-header-display":"","site-post-title":"disabled","ast-breadcrumbs-content":"","ast-featured-img":"","footer-sml-layout":"","theme-transparent-header-meta":"","adv-header-id-meta":"","stick-header-meta":"","header-above-stick-meta":"","header-main-stick-meta":"","header-below-stick-meta":"","astra-migrate-meta-layouts":"default","ast-page-background-enabled":"default","ast-page-background-meta":{"desktop":{"background-color":"var(--ast-global-color-5)","background-image":"","background-repeat":"repeat","background-position":"center center","background-size":"auto","background-attachment":"scroll","background-type":"","background-media":"","overlay-type":"","overlay-color":"","overlay-opacity":"","overlay-gradient":""},"tablet":{"background-color":"","background-image":"","background-repeat":"repeat","background-position":"center center","background-size":"auto","background-attachment":"scroll","background-type":"","background-media":"","overlay-type":"","overlay-color":"","overlay-opacity":"","overlay-gradient":""},"mobile":{"background-color":"","background-image":"","background-repeat":"repeat","background-position":"center center","background-size":"auto","background-attachment":"scroll","background-type":"","background-media":"","overlay-type":"","overlay-color":"","overlay-opacity":"","overlay-gradient":""}},"ast-content-background-meta":{"desktop":{"background-color":"var(--ast-global-color-4)","background-image":"","background-repeat":"repeat","background-position":"center center","background-size":"auto","background-attachment":"scroll","background-type":"","background-media":"","overlay-type":"","overlay-color":"","overlay-opacity":"","overlay-gradient":""},"tablet":{"background-color":"var(--ast-global-color-4)","background-image":"","background-repeat":"repeat","background-position":"center center","background-size":"auto","background-attachment":"scroll","background-type":"","background-media":"","overlay-type":"","overlay-color":"","overlay-opacity":"","overlay-gradient":""},"mobile":{"background-color":"var(--ast-global-color-4)","background-image":"","background-repeat":"repeat","background-position":"center center","background-size":"auto","background-attachment":"scroll","background-type":"","background-media":"","overlay-type":"","overlay-color":"","overlay-opacity":"","overlay-gradient":""}},"footnotes":""},"class_list":["post-185","page","type-page","status-publish","hentry"],"yoast_head":"<!-- This site is optimized with the Yoast SEO plugin v25.6 - https:\/\/yoast.com\/wordpress\/plugins\/seo\/ -->\n<title>Informacje prawne<\/title>\n<meta name=\"description\" content=\"Niniejsze informacje prawne podsumowuj\u0105 aspekty dotycz\u0105ce informacji o wydawcy aplikacji, hostingu, w\u0142asno\u015bci intelektualnej, linkach zewn\u0119trznych, odpowiedzialno\u015bci i kredytach DATASLATITUDES (dla tej strony internetowej i aplikacji SOS Universal).\" \/>\n<meta name=\"robots\" content=\"index, follow, max-snippet:-1, max-image-preview:large, max-video-preview:-1\" \/>\n<link rel=\"canonical\" href=\"\" \/>\n<meta property=\"og:locale\" content=\"pl_PL\" \/>\n<meta property=\"og:type\" content=\"article\" \/>\n<meta property=\"og:title\" content=\"Informacje prawne\" \/>\n<meta property=\"og:description\" content=\"Niniejsze informacje prawne podsumowuj\u0105 aspekty dotycz\u0105ce informacji o wydawcy aplikacji, hostingu, w\u0142asno\u015bci intelektualnej, linkach zewn\u0119trznych, odpowiedzialno\u015bci i kredytach DATASLATITUDES (dla tej strony internetowej i aplikacji SOS Universal).\" \/>\n<meta property=\"og:url\" content=\"https:\/\/www.dataslatitudes.com\/sosuniversal\/pl\/mentions-legales\/\" \/>\n<meta property=\"og:site_name\" content=\"SOS Universal\" \/>\n<meta property=\"article:modified_time\" content=\"2025-08-14T10:02:03+00:00\" \/>\n<meta name=\"twitter:card\" content=\"summary_large_image\" \/>\n<meta name=\"twitter:label1\" content=\"Szacowany czas czytania\" \/>\n\t<meta name=\"twitter:data1\" content=\"3 minuty\" \/>\n<script type=\"application\/ld+json\" class=\"yoast-schema-graph\">{\"@context\":\"https:\/\/schema.org\",\"@graph\":[{\"@type\":\"WebPage\",\"@id\":\"https:\/\/www.dataslatitudes.com\/sosuniversal\/pl\/mentions-legales\/\",\"url\":\"https:\/\/www.dataslatitudes.com\/sosuniversal\/pl\/mentions-legales\/\",\"name\":\"Mentions l\u00e9gales - SOS Universal\",\"isPartOf\":{\"@id\":\"https:\/\/www.dataslatitudes.com\/sosuniversal\/#website\"},\"datePublished\":\"2025-06-12T17:24:48+00:00\",\"dateModified\":\"2025-08-14T10:02:03+00:00\",\"description\":\"Les pr\u00e9sentes mentions l\u00e9gales r\u00e9capitulent les aspects relatifs aux informations sur l\u2019\u00e9diteur de l\u2019application, l'h\u00e9bergement, la propri\u00e9t\u00e9 Intellectuelle, les liens externes, la responsabilit\u00e9 et les cr\u00e9dits de DATASLATITUDES (pour le pr\u00e9sent site Web et l\u2019application SOS Universal).\",\"breadcrumb\":{\"@id\":\"https:\/\/www.dataslatitudes.com\/sosuniversal\/pl\/mentions-legales\/#breadcrumb\"},\"inLanguage\":\"pl-PL\",\"potentialAction\":[{\"@type\":\"ReadAction\",\"target\":[\"https:\/\/www.dataslatitudes.com\/sosuniversal\/pl\/mentions-legales\/\"]}]},{\"@type\":\"BreadcrumbList\",\"@id\":\"https:\/\/www.dataslatitudes.com\/sosuniversal\/pl\/mentions-legales\/#breadcrumb\",\"itemListElement\":[{\"@type\":\"ListItem\",\"position\":1,\"name\":\"Prezentacja\",\"item\":\"https:\/\/www.dataslatitudes.com\/sosuniversal\/fr\/\"},{\"@type\":\"ListItem\",\"position\":2,\"name\":\"Informacje prawne\"}]},{\"@type\":\"WebSite\",\"@id\":\"https:\/\/www.dataslatitudes.com\/sosuniversal\/pl\/#website\",\"url\":\"https:\/\/www.dataslatitudes.com\/sosuniversal\/pl\/\",\"name\":\"SOS Universal\",\"description\":\"\",\"publisher\":{\"@id\":\"https:\/\/www.dataslatitudes.com\/sosuniversal\/pl\/#organization\"},\"potentialAction\":[{\"@type\":\"SearchAction\",\"target\":{\"@type\":\"EntryPoint\",\"urlTemplate\":\"https:\/\/www.dataslatitudes.com\/sosuniversal\/pl\/?s={search_term_string}\"},\"query-input\":{\"@type\":\"PropertyValueSpecification\",\"valueRequired\":true,\"valueName\":\"search_term_string\"}}],\"inLanguage\":\"pl-PL\"},{\"@type\":\"Organization\",\"@id\":\"https:\/\/www.dataslatitudes.com\/sosuniversal\/pl\/#organization\",\"name\":\"DATASLATITUDES\",\"url\":\"https:\/\/www.dataslatitudes.com\/sosuniversal\/pl\/\",\"logo\":{\"@type\":\"ImageObject\",\"inLanguage\":\"pl-PL\",\"@id\":\"https:\/\/www.dataslatitudes.com\/sosuniversal\/pl\/#\/schema\/logo\/image\/\",\"url\":\"https:\/\/www.dataslatitudes.com\/sosuniversal\/wp-content\/uploads\/2025\/07\/logo_mrdv.png\",\"contentUrl\":\"https:\/\/www.dataslatitudes.com\/sosuniversal\/wp-content\/uploads\/2025\/07\/logo_mrdv.png\",\"width\":72,\"height\":72,\"caption\":\"DATASLATITUDES\"},\"image\":{\"@id\":\"https:\/\/www.dataslatitudes.com\/sosuniversal\/pl\/#\/schema\/logo\/image\/\"}}]}<\/script>\n<!-- \/ Yoast SEO plugin. -->","yoast_head_json":{"title":"Informacje prawne","description":"Niniejsze informacje prawne podsumowuj\u0105 aspekty dotycz\u0105ce informacji o wydawcy aplikacji, hostingu, w\u0142asno\u015bci intelektualnej, linkach zewn\u0119trznych, odpowiedzialno\u015bci i kredytach DATASLATITUDES (dla tej strony internetowej i aplikacji SOS Universal).","robots":{"index":"index","follow":"follow","max-snippet":"max-snippet:-1","max-image-preview":"max-image-preview:large","max-video-preview":"max-video-preview:-1"},"canonical":"INFORMACJE PRAWNE 1. Informacje o wydawcy aplikacji Niniejsza strona internetowa oraz aplikacja mobilna SOS Universal s\u0105 wydawane przez firm\u0119 DATASLATITUDES. Mo\u017cesz poprosi\u0107 o pomoc pod adresem e-mail: hotline.sos_universal@dataslatitudes.com 2. Hosting SOS Universal to aplikacja mobilna dystrybuowana za po\u015brednictwem platform pobierania (Google Play Store, a wkr\u00f3tce App Store). Zaznacza si\u0119, \u017ce dane u\u017cytkownika s\u0105 przechowywane wy\u0142\u0105cznie&hellip;","og_locale":"pl_PL","og_type":"article","og_title":"Informacje prawne","og_description":"Niniejsze informacje prawne podsumowuj\u0105 aspekty dotycz\u0105ce informacji o wydawcy aplikacji, hostingu, w\u0142asno\u015bci intelektualnej, linkach zewn\u0119trznych, odpowiedzialno\u015bci i kredytach DATASLATITUDES (dla tej strony internetowej i aplikacji SOS Universal).","og_url":"https:\/\/www.dataslatitudes.com\/sosuniversal\/pl\/mentions-legales\/","og_site_name":"SOS Universal","article_modified_time":"2025-08-14T10:02:03+00:00","twitter_card":"summary_large_image","twitter_misc":{"Szacowany czas czytania":"3 minuty"},"schema":{"@context":"https:\/\/schema.org","@graph":[{"@type":"WebPage","@id":"https:\/\/www.dataslatitudes.com\/sosuniversal\/pl\/mentions-legales\/","url":"https:\/\/www.dataslatitudes.com\/sosuniversal\/pl\/mentions-legales\/","name":"Mentions l\u00e9gales - SOS Universal","isPartOf":{"@id":"https:\/\/www.dataslatitudes.com\/sosuniversal\/#website"},"datePublished":"2025-06-12T17:24:48+00:00","dateModified":"2025-08-14T10:02:03+00:00","description":"Les pr\u00e9sentes mentions l\u00e9gales r\u00e9capitulent les aspects relatifs aux informations sur l\u2019\u00e9diteur de l\u2019application, l'h\u00e9bergement, la propri\u00e9t\u00e9 Intellectuelle, les liens externes, la responsabilit\u00e9 et les cr\u00e9dits de DATASLATITUDES (pour le pr\u00e9sent site Web et l\u2019application SOS Universal).","breadcrumb":{"@id":"https:\/\/www.dataslatitudes.com\/sosuniversal\/pl\/mentions-legales\/#breadcrumb"},"inLanguage":"pl-PL","potentialAction":[{"@type":"ReadAction","target":["https:\/\/www.dataslatitudes.com\/sosuniversal\/pl\/mentions-legales\/"]}]},{"@type":"BreadcrumbList","@id":"https:\/\/www.dataslatitudes.com\/sosuniversal\/pl\/mentions-legales\/#breadcrumb","itemListElement":[{"@type":"ListItem","position":1,"name":"Prezentacja","item":"https:\/\/www.dataslatitudes.com\/sosuniversal\/fr\/"},{"@type":"ListItem","position":2,"name":"Informacje prawne"}]},{"@type":"WebSite","@id":"https:\/\/www.dataslatitudes.com\/sosuniversal\/pl\/#website","url":"https:\/\/www.dataslatitudes.com\/sosuniversal\/pl\/","name":"SOS Universal","description":"","publisher":{"@id":"https:\/\/www.dataslatitudes.com\/sosuniversal\/pl\/#organization"},"potentialAction":[{"@type":"SearchAction","target":{"@type":"EntryPoint","urlTemplate":"https:\/\/www.dataslatitudes.com\/sosuniversal\/pl\/?s={search_term_string}"},"query-input":{"@type":"PropertyValueSpecification","valueRequired":true,"valueName":"search_term_string"}}],"inLanguage":"pl-PL"},{"@type":"Organization","@id":"https:\/\/www.dataslatitudes.com\/sosuniversal\/pl\/#organization","name":"DATASLATITUDES","url":"https:\/\/www.dataslatitudes.com\/sosuniversal\/pl\/","logo":{"@type":"ImageObject","inLanguage":"pl-PL","@id":"https:\/\/www.dataslatitudes.com\/sosuniversal\/pl\/#\/schema\/logo\/image\/","url":"https:\/\/www.dataslatitudes.com\/sosuniversal\/wp-content\/uploads\/2025\/07\/logo_mrdv.png","contentUrl":"https:\/\/www.dataslatitudes.com\/sosuniversal\/wp-content\/uploads\/2025\/07\/logo_mrdv.png","width":72,"height":72,"caption":"DATASLATITUDES"},"image":{"@id":"https:\/\/www.dataslatitudes.com\/sosuniversal\/pl\/#\/schema\/logo\/image\/"}}]}},"_links":{"self":[{"href":"https:\/\/www.dataslatitudes.com\/sosuniversal\/pl\/wp-json\/wp\/v2\/pages\/185","targetHints":{"allow":["GET"]}}],"collection":[{"href":"https:\/\/www.dataslatitudes.com\/sosuniversal\/pl\/wp-json\/wp\/v2\/pages"}],"about":[{"href":"https:\/\/www.dataslatitudes.com\/sosuniversal\/pl\/wp-json\/wp\/v2\/types\/page"}],"author":[{"embeddable":true,"href":"https:\/\/www.dataslatitudes.com\/sosuniversal\/pl\/wp-json\/wp\/v2\/users\/1"}],"replies":[{"embeddable":true,"href":"https:\/\/www.dataslatitudes.com\/sosuniversal\/pl\/wp-json\/wp\/v2\/comments?post=185"}],"version-history":[{"count":29,"href":"https:\/\/www.dataslatitudes.com\/sosuniversal\/pl\/wp-json\/wp\/v2\/pages\/185\/revisions"}],"predecessor-version":[{"id":2930,"href":"https:\/\/www.dataslatitudes.com\/sosuniversal\/pl\/wp-json\/wp\/v2\/pages\/185\/revisions\/2930"}],"wp:attachment":[{"href":"https:\/\/www.dataslatitudes.com\/sosuniversal\/pl\/wp-json\/wp\/v2\/media?parent=185"}],"curies":[{"name":"wp","href":"https:\/\/api.w.org\/{rel}","templated":true}]}}