{"id":127,"date":"2025-06-12T03:29:21","date_gmt":"2025-06-12T03:29:21","guid":{"rendered":"https:\/\/www.dataslatitudes.com\/sosuniversal\/?page_id=127"},"modified":"2025-07-13T07:26:58","modified_gmt":"2025-07-13T07:26:58","slug":"cas-dutilisation","status":"publish","type":"page","link":"https:\/\/www.dataslatitudes.com\/sosuniversal\/pl\/cas-dutilisation\/","title":{"rendered":"Przypadki u\u017cycia"},"content":{"rendered":"\r\n<p class=\"has-small-font-size\"><\/p>\r\n\r\n\r\n\r\n<h1 class=\"wp-block-heading has-text-align-center has-medium-font-size\"><strong>PRZYPADKI U\u017bYCIA<\/strong><\/h1>\r\n\r\n\r\n\r\n<p style=\"font-size:1rem\">Aplikacja na smartfona umo\u017cliwiaj\u0105ca wysy\u0142anie alert\u00f3w, wezwa\u0144 o pomoc lub po prostu bie\u017c\u0105cej lokalizacji mo\u017ce okaza\u0107 si\u0119 kluczowa w wielu sytuacjach, zapewniaj\u0105c spok\u00f3j ducha i przyczyniaj\u0105c si\u0119 do szybkiego dost\u0119pu do pomocy. Oto kilka przyk\u0142ad\u00f3w jej zastosowa\u0144, pogrupowanych wed\u0142ug kategorii dla lepszego zrozumienia.<\/p>\r\n\r\n\r\n\r\n<h2 class=\"wp-block-heading has-background\" style=\"background-color:#f9f3eb;margin-top:var(--wp--preset--spacing--30);margin-bottom:var(--wp--preset--spacing--30);padding-top:var(--wp--preset--spacing--20);padding-bottom:var(--wp--preset--spacing--20);font-size:1.2rem\">Bezpiecze\u0144stwo osobiste i sytuacje awaryjne<\/h2>\r\n\r\n\r\n\r\n<ul class=\"wp-block-list\">\r\n<li style=\"font-size:1rem\"><strong>Przemoc wobec kobiet, przemoc LGBTfobiczna i serofobiczna, przemoc rasistowska, ksenofobiczna lub z powodu religii, przemoc wobec os\u00f3b niepe\u0142nosprawnych&nbsp;: <\/strong>w przypadku napa\u015bci fizycznej lub s\u0142ownej, aplikacja umo\u017cliwia dyskretne wywo\u0142anie alertu jednym klikni\u0119ciem do zaufanych kontakt\u00f3w z udost\u0119pnieniem pozycji GPS w czasie rzeczywistym. Nagranie audio mo\u017ce by\u0107 r\u00f3wnie\u017c skonfigurowane jako dow\u00f3d w przypadku z\u0142o\u017cenia skargi.<\/li>\r\n\r\n\r\n\r\n<li style=\"font-size:1rem\"><strong>Ofiara niew\u0142a\u015bciwych zachowa\u0144 w transporcie publicznym (np. molestowanie w metrze): <\/strong>ofiara mo\u017ce wywo\u0142a\u0107 g\u0142o\u015bny alarm d\u017awi\u0119kowy (na przyk\u0142ad syren\u0119 policyjn\u0105 lub krzyk cz\u0142owieka) oraz nagranie audio.<\/li>\r\n\r\n\r\n\r\n<li style=\"font-size:1rem\"><strong>Napa\u015b\u0107 lub bezpo\u015brednie zagro\u017cenie: <\/strong>w przypadku napa\u015bci fizycznej, pr\u00f3by gwa\u0142tu, rabunku z u\u017cyciem przemocy lub jakiejkolwiek sytuacji bezpo\u015brednio zagra\u017caj\u0105cej integralno\u015bci fizycznej u\u017cytkownika, aplikacja umo\u017cliwia szybkie i dyskretne wys\u0142anie alertu do kontakt\u00f3w alarmowych.<\/li>\r\n\r\n\r\n\r\n<li style=\"font-size:1rem\"><strong>Sytuacja n\u0119kania lub prze\u015bladowania: <\/strong>aplikacja umo\u017cliwia dyskretne powiadamianie zaufanych kontakt\u00f3w lub w\u0142adz w przypadku \u015bledzenia lub n\u0119kania, z mo\u017cliwo\u015bci\u0105 nagrania dowodu za pomoc\u0105 nagrania audio.<\/li>\r\n\r\n\r\n\r\n<li style=\"font-size:1rem\"><strong>Ofiary przemocy domowej: <\/strong>mo\u017cliwe jest posiadanie dyskretnego i szybkiego sposobu na wezwanie pomocy w razie niebezpiecze\u0144stwa, bez ostrzegania agresora.<\/li>\r\n<\/ul>\r\n\r\n\r\n\r\n<p style=\"font-size:1rem\">W poprzednich przypadkach, dyskretny alert mo\u017ce by\u0107 uzupe\u0142niony lub zast\u0105piony odstraszaniem d\u017awi\u0119kowym: wyzwoleniem syreny o du\u017cej intensywno\u015bci lub symulacj\u0105 po\u0142\u0105czenia telefonicznego w celu odwr\u00f3cenia uwagi.<\/p>\r\n\r\n\r\n\r\n<ul class=\"wp-block-list\">\r\n<li style=\"font-size:1rem\"><strong>Problemy medyczne: <\/strong>dla os\u00f3b cierpi\u0105cych na choroby przewlek\u0142e (zawa\u0142y serca, ci\u0119\u017ckie ataki astmy, padaczka, ci\u0119\u017ckie alergie) lub w razie wypadku (upadek, uraz) aplikacja umo\u017cliwia wys\u0142anie wezwania o pomoc.<\/li>\r\n\r\n\r\n\r\n<li style=\"font-size:1rem\"><strong>Zagubienie lub zagini\u0119cie: <\/strong>szczeg\u00f3lnie przydatna dla dzieci, os\u00f3b starszych z zaburzeniami poznawczymi lub turyst\u00f3w pieszych, aplikacja umo\u017cliwia wysy\u0142anie pozycji GPS w czasie rzeczywistym, u\u0142atwiaj\u0105c poszukiwania.<\/li>\r\n\r\n\r\n\r\n<li style=\"font-size:1rem\"><strong>Wypadki drogowe: <\/strong>w razie wypadku aplikacja umo\u017cliwia wys\u0142anie alertu z lokalizacj\u0105.<\/li>\r\n\r\n\r\n\r\n<li style=\"font-size:1rem\"><strong>Kl\u0119ski \u017cywio\u0142owe: <\/strong>podczas trz\u0119sie\u0144 ziemi, powodzi, po\u017car\u00f3w las\u00f3w lub innych katastrof aplikacja mo\u017ce s\u0142u\u017cy\u0107 do zg\u0142aszania swojej pozycji, proszenia o pomoc i informowania bliskich o swoim bezpiecze\u0144stwie.<\/li>\r\n<\/ul>\r\n\r\n\r\n\r\n<h2 class=\"wp-block-heading has-background\" style=\"background-color:#f9f3eb;margin-top:var(--wp--preset--spacing--30);margin-bottom:var(--wp--preset--spacing--30);padding-top:var(--wp--preset--spacing--20);padding-bottom:var(--wp--preset--spacing--20);font-size:1.2rem\">\u017bycie codzienne i pomoc<\/h2>\r\n\r\n\r\n\r\n<ul class=\"wp-block-list\">\r\n<li style=\"font-size:1rem\"><strong>Osoby starsze lub niepe\u0142nosprawne: <\/strong>aplikacja mo\u017ce by\u0107 u\u017cywana do wyzwolenia pro\u015bby o pomoc.<\/li>\r\n\r\n\r\n\r\n<li style=\"font-size:1rem\"><strong>Dzieci i m\u0142odzie\u017c: <\/strong>dla rodzic\u00f3w dbaj\u0105cych o bezpiecze\u0144stwo swoich dzieci, aplikacja mo\u017ce umo\u017cliwi\u0107 dzieciom wysy\u0142anie dyskretnego alertu w razie niebezpiecze\u0144stwa, gdy czuj\u0105 si\u0119 zagubione lub w sytuacji n\u0119kania (z nagraniem dowodu).<br>Przyk\u0142ad: nastolatka na imprezie, kt\u00f3ra czuje si\u0119 niekomfortowo, jest pod presj\u0105 lub potrzebuje odebrania bez mo\u017cliwo\u015bci bezpo\u015bredniego wyra\u017cenia si\u0119, mo\u017ce wys\u0142a\u0107 dyskretny alert do swoich rodzic\u00f3w lub zaufanej osoby doros\u0142ej.<\/li>\r\n\r\n\r\n\r\n<li style=\"font-size:1rem\"><strong>Problemy mechaniczne lub awaria pojazdu: <\/strong>w przypadku awarii na odosobnionej lub niebezpiecznej drodze, aplikacja umo\u017cliwia wys\u0142anie alertu do s\u0142u\u017cb pomocy drogowej lub do kontakt\u00f3w w celu uzyskania pomocy.<\/li>\r\n\r\n\r\n\r\n<li style=\"font-size:1rem\"><strong>Izolacja spo\u0142eczna lub poczucie zagro\u017cenia: <\/strong>osoba czuj\u0105ca si\u0119 bezbronna lub zagro\u017cona w szczeg\u00f3lnej sytuacji spo\u0142ecznej (na przyk\u0142ad podczas spotkania z nieznajomym) mo\u017ce u\u017cy\u0107 aplikacji do dyskretnego powiadomienia znajomego i udost\u0119pnienia swojej pozycji.<\/li>\r\n\r\n\r\n\r\n<li style=\"font-size:1rem\"><strong>Wsparcie psychologiczne: <\/strong>dla os\u00f3b cierpi\u0105cych na l\u0119k lub ataki paniki, aplikacja umo\u017cliwia powiadomienie zaufanego kontaktu o natychmiastowym wsparciu.<\/li>\r\n<\/ul>\r\n\r\n\r\n\r\n<h2 class=\"wp-block-heading has-background\" style=\"background-color:#f9f3eb;margin-top:var(--wp--preset--spacing--30);margin-bottom:var(--wp--preset--spacing--30);padding-top:var(--wp--preset--spacing--20);padding-bottom:var(--wp--preset--spacing--20);font-size:1.2rem\">Praca i sytuacje zawodowe<\/h2>\r\n\r\n\r\n\r\n<ul class=\"wp-block-list\">\r\n<li style=\"font-size:1rem\"><strong>Pracownicy samotni: <\/strong>dla profesjonalist\u00f3w pracuj\u0105cych samotnie w \u015brodowiskach ryzyka (pracownicy ochrony, technicy utrzymania ruchu, taks\u00f3wkarze, rolnicy, hodowcy ostryg), aplikacja przyczynia si\u0119 do szybkiej pomocy w razie wypadku lub napa\u015bci.<\/li>\r\n\r\n\r\n\r\n<li style=\"font-size:1rem\"><strong>Pracownicy s\u0142u\u017cby zdrowia i opieki spo\u0142ecznej: <\/strong>lekarze, piel\u0119gniarki, pracownicy socjalni lub opiekunowie domowi odwiedzaj\u0105cy pacjent\u00f3w lub klient\u00f3w wysokiego ryzyka mog\u0105 u\u017cywa\u0107 aplikacji do zg\u0142aszania niebezpiecznych sytuacji lub proszenia o pomoc.<\/li>\r\n\r\n\r\n\r\n<li style=\"font-size:1rem\"><strong>Personel nocny: <\/strong>pracownicy pracuj\u0105cy w nocy w odosobnionych miejscach (stacje benzynowe, supermarkety, hotele) mog\u0105 mie\u0107 szybki spos\u00f3b na wezwanie pomocy w przypadku kradzie\u017cy lub napa\u015bci.<\/li>\r\n\r\n\r\n\r\n<li style=\"font-size:1rem\"><strong>Dziennikarze i reporterzy w strefach ryzyka: <\/strong>mo\u017cliwo\u015b\u0107 zg\u0142oszenia niebezpiecznej sytuacji lub aresztowania, przekazywanie pozycji i informacji kontekstowych (telefonicznie lub SMS-em) do kontakt\u00f3w alarmowych.<\/li>\r\n<\/ul>\r\n\r\n\r\n\r\n<h2 class=\"wp-block-heading has-background\" style=\"background-color:#f9f3eb;margin-top:var(--wp--preset--spacing--30);margin-bottom:var(--wp--preset--spacing--30);padding-top:var(--wp--preset--spacing--20);padding-bottom:var(--wp--preset--spacing--20);font-size:1.2rem\">Rekreacja i aktywno\u015bci na \u015bwie\u017cym powietrzu<\/h2>\r\n\r\n\r\n\r\n<ul class=\"wp-block-list\">\r\n<li style=\"font-size:1rem\"><strong>Turystyka piesza i alpinizm: <\/strong>w przypadku upadku, kontuzji, utraty orientacji lub ekstremalnych warunk\u00f3w pogodowych, aplikacja umo\u017cliwia wys\u0142anie alertu z pozycj\u0105 GPS do zespo\u0142\u00f3w ratowniczych lub rodziny.<\/li>\r\n\r\n\r\n\r\n<li style=\"font-size:1rem\"><strong>Sporty wodne: <\/strong>dla \u017ceglarzy na przyk\u0142ad, aplikacja mo\u017ce by\u0107 u\u017cywana do zg\u0142aszania problemu (wywrotka, awaria silnika, uraz) z transmisj\u0105 pozycji.<\/li>\r\n\r\n\r\n\r\n<li style=\"font-size:1rem\"><strong>Kolarstwo i bieganie: <\/strong>w przypadku upadku, kontuzji lub z\u0142ego samopoczucia, aplikacja umo\u017cliwia powiadamianie zdefiniowanych kontakt\u00f3w o lokalizacji.<\/li>\r\n\r\n\r\n\r\n<li style=\"font-size:1rem\"><strong>Podr\u00f3\u017ce i turystyka: <\/strong>podr\u00f3\u017cuj\u0105cy, zw\u0142aszcza ci, kt\u00f3rzy eksploruj\u0105 nieznane lub niebezpieczne obszary, mog\u0105 u\u017cywa\u0107 aplikacji do powiadamiania bliskich lub s\u0142u\u017cb konsularnych w przypadku problem\u00f3w (napa\u015b\u0107, choroba, kradzie\u017c dokument\u00f3w).<\/li>\r\n<\/ul>\r\n\r\n\r\n\r\n<p style=\"font-size:1rem\">W poprzednich przypadkach, w celu poinformowania na przyk\u0142ad \u015brodowiska zawodowego lub rodzinnego, alert mo\u017ce r\u00f3wnie\u017c ogranicza\u0107 si\u0119 do wysy\u0142ania tylko bie\u017c\u0105cej lokalizacji geograficznej SMS-em. Przyk\u0142ad: w trybie powtarzalnym, przez 5 godzin, co 15 minut, wysy\u0142am SMS zawieraj\u0105cy tylko moj\u0105 lokalizacj\u0119.<\/p>\r\n\r\n\r\n\r\n<p class=\"has-small-font-size\" style=\"margin-top:var(--wp--preset--spacing--30);margin-bottom:var(--wp--preset--spacing--30)\"><\/p>\r\n","protected":false},"excerpt":{"rendered":"<p>PRZYPADKI U\u017bYCIA Aplikacja na smartfona umo\u017cliwiaj\u0105ca wysy\u0142anie alert\u00f3w, wezwa\u0144 o pomoc lub po prostu bie\u017c\u0105cej lokalizacji mo\u017ce okaza\u0107 si\u0119 kluczowa [&hellip;]<\/p>\n","protected":false},"author":1,"featured_media":0,"parent":0,"menu_order":1,"comment_status":"closed","ping_status":"closed","template":"","meta":{"site-sidebar-layout":"default","site-content-layout":"","ast-site-content-layout":"","site-content-style":"default","site-sidebar-style":"default","ast-global-header-display":"","ast-banner-title-visibility":"","ast-main-header-display":"","ast-hfb-above-header-display":"","ast-hfb-below-header-display":"","ast-hfb-mobile-header-display":"","site-post-title":"disabled","ast-breadcrumbs-content":"","ast-featured-img":"","footer-sml-layout":"","theme-transparent-header-meta":"","adv-header-id-meta":"","stick-header-meta":"","header-above-stick-meta":"","header-main-stick-meta":"","header-below-stick-meta":"","astra-migrate-meta-layouts":"default","ast-page-background-enabled":"default","ast-page-background-meta":{"desktop":{"background-color":"var(--ast-global-color-5)","background-image":"","background-repeat":"repeat","background-position":"center center","background-size":"auto","background-attachment":"scroll","background-type":"","background-media":"","overlay-type":"","overlay-color":"","overlay-opacity":"","overlay-gradient":""},"tablet":{"background-color":"","background-image":"","background-repeat":"repeat","background-position":"center center","background-size":"auto","background-attachment":"scroll","background-type":"","background-media":"","overlay-type":"","overlay-color":"","overlay-opacity":"","overlay-gradient":""},"mobile":{"background-color":"","background-image":"","background-repeat":"repeat","background-position":"center center","background-size":"auto","background-attachment":"scroll","background-type":"","background-media":"","overlay-type":"","overlay-color":"","overlay-opacity":"","overlay-gradient":""}},"ast-content-background-meta":{"desktop":{"background-color":"var(--ast-global-color-4)","background-image":"","background-repeat":"repeat","background-position":"center center","background-size":"auto","background-attachment":"scroll","background-type":"","background-media":"","overlay-type":"","overlay-color":"","overlay-opacity":"","overlay-gradient":""},"tablet":{"background-color":"var(--ast-global-color-4)","background-image":"","background-repeat":"repeat","background-position":"center center","background-size":"auto","background-attachment":"scroll","background-type":"","background-media":"","overlay-type":"","overlay-color":"","overlay-opacity":"","overlay-gradient":""},"mobile":{"background-color":"var(--ast-global-color-4)","background-image":"","background-repeat":"repeat","background-position":"center center","background-size":"auto","background-attachment":"scroll","background-type":"","background-media":"","overlay-type":"","overlay-color":"","overlay-opacity":"","overlay-gradient":""}},"footnotes":""},"class_list":["post-127","page","type-page","status-publish","hentry"],"yoast_head":"<!-- This site is optimized with the Yoast SEO plugin v25.6 - https:\/\/yoast.com\/wordpress\/plugins\/seo\/ -->\n<title>Przypadki u\u017cycia<\/title>\n<meta name=\"description\" content=\"Aplikacja na smartfona umo\u017cliwiaj\u0105ca wysy\u0142anie alert\u00f3w, wezwa\u0144 o pomoc lub po prostu bie\u017c\u0105cej lokalizacji mo\u017ce okaza\u0107 si\u0119 kluczowa w wielu sytuacjach, zapewniaj\u0105c spok\u00f3j ducha i przyczyniaj\u0105c si\u0119 do szybkiego dost\u0119pu do pomocy. Przyk\u0142ady: bezpiecze\u0144stwo osobiste i sytuacje awaryjne, \u017cycie codzienne i pomoc, praca i sytuacje zawodowe, a tak\u017ce rekreacja i aktywno\u015bci na \u015bwie\u017cym powietrzu.\" \/>\n<meta name=\"robots\" content=\"index, follow, max-snippet:-1, max-image-preview:large, max-video-preview:-1\" \/>\n<link rel=\"canonical\" href=\"http:\/\/PRZYPADKI%20U\u017bYCIA%20Aplikacja%20na%20smartfona%20umo\u017cliwiaj\u0105ca%20wysy\u0142anie%20alert\u00f3w,%20wezwa\u0144%20o%20pomoc%20lub%20po%20prostu%20bie\u017c\u0105cej%20lokalizacji%20mo\u017ce%20okaza\u0107%20si\u0119%20kluczowa%20w%20wielu%20sytuacjach,%20zapewniaj\u0105c%20spok\u00f3j%20ducha%20i%20przyczyniaj\u0105c%20si\u0119%20do%20szybkiego%20dost\u0119pu%20do%20pomocy.%20Oto%20kilka%20przyk\u0142ad\u00f3w%20jej%20zastosowa\u0144,%20pogrupowanych%20wed\u0142ug%20kategorii%20dla%20lepszego%20zrozumienia.%20Bezpiecze\u0144stwo%20osobiste%20i%20sytuacje%20awaryjne%20Przemoc%20wobec%20kobiet,%20przemoc%20LGBTfobiczna&hellip;\" \/>\n<meta property=\"og:locale\" content=\"pl_PL\" \/>\n<meta property=\"og:type\" content=\"article\" \/>\n<meta property=\"og:title\" content=\"Przypadki u\u017cycia\" \/>\n<meta property=\"og:description\" content=\"Aplikacja na smartfona umo\u017cliwiaj\u0105ca wysy\u0142anie alert\u00f3w, wezwa\u0144 o pomoc lub po prostu bie\u017c\u0105cej lokalizacji mo\u017ce okaza\u0107 si\u0119 kluczowa w wielu sytuacjach, zapewniaj\u0105c spok\u00f3j ducha i przyczyniaj\u0105c si\u0119 do szybkiego dost\u0119pu do pomocy. Przyk\u0142ady: bezpiecze\u0144stwo osobiste i sytuacje awaryjne, \u017cycie codzienne i pomoc, praca i sytuacje zawodowe, a tak\u017ce rekreacja i aktywno\u015bci na \u015bwie\u017cym powietrzu.\" \/>\n<meta property=\"og:url\" content=\"https:\/\/www.dataslatitudes.com\/sosuniversal\/pl\/cas-dutilisation\/\" \/>\n<meta property=\"og:site_name\" content=\"SOS Universal\" \/>\n<meta property=\"article:modified_time\" content=\"2025-07-13T07:26:58+00:00\" \/>\n<meta name=\"twitter:card\" content=\"summary_large_image\" \/>\n<meta name=\"twitter:label1\" content=\"Szacowany czas czytania\" \/>\n\t<meta name=\"twitter:data1\" content=\"5 minut\" \/>\n<script type=\"application\/ld+json\" class=\"yoast-schema-graph\">{\"@context\":\"https:\/\/schema.org\",\"@graph\":[{\"@type\":\"WebPage\",\"@id\":\"https:\/\/www.dataslatitudes.com\/sosuniversal\/pl\/cas-dutilisation\/\",\"url\":\"https:\/\/www.dataslatitudes.com\/sosuniversal\/pl\/cas-dutilisation\/\",\"name\":\"Cas d'utilisation - SOS Universal\",\"isPartOf\":{\"@id\":\"https:\/\/www.dataslatitudes.com\/sosuniversal\/#website\"},\"datePublished\":\"2025-06-12T03:29:21+00:00\",\"dateModified\":\"2025-07-13T07:26:58+00:00\",\"description\":\"Une application pour smartphone permettant d\u2019envoyer des alertes, des appels \u00e0 l\u2019aide ou tout simplement sa localisation courante peut s\u2019av\u00e9rer cruciale dans de nombreuses situations, offrant une tranquillit\u00e9 d\u2019esprit et contribuant \u00e0 un acc\u00e8s rapide \u00e0 l\u2019assistance. Exemples : s\u00e9curit\u00e9 personnelle et situations d\u2019urgence, vie quotidienne et assistance, travail et situations professionnelles ainsi que loisirs et activit\u00e9s en ext\u00e9rieur.\",\"breadcrumb\":{\"@id\":\"https:\/\/www.dataslatitudes.com\/sosuniversal\/pl\/cas-dutilisation\/#breadcrumb\"},\"inLanguage\":\"pl-PL\",\"potentialAction\":[{\"@type\":\"ReadAction\",\"target\":[\"https:\/\/www.dataslatitudes.com\/sosuniversal\/pl\/cas-dutilisation\/\"]}]},{\"@type\":\"BreadcrumbList\",\"@id\":\"https:\/\/www.dataslatitudes.com\/sosuniversal\/pl\/cas-dutilisation\/#breadcrumb\",\"itemListElement\":[{\"@type\":\"ListItem\",\"position\":1,\"name\":\"Prezentacja\",\"item\":\"https:\/\/www.dataslatitudes.com\/sosuniversal\/fr\/\"},{\"@type\":\"ListItem\",\"position\":2,\"name\":\"Przypadki u\u017cycia\"}]},{\"@type\":\"WebSite\",\"@id\":\"https:\/\/www.dataslatitudes.com\/sosuniversal\/pl\/#website\",\"url\":\"https:\/\/www.dataslatitudes.com\/sosuniversal\/pl\/\",\"name\":\"SOS Universal\",\"description\":\"\",\"publisher\":{\"@id\":\"https:\/\/www.dataslatitudes.com\/sosuniversal\/pl\/#organization\"},\"potentialAction\":[{\"@type\":\"SearchAction\",\"target\":{\"@type\":\"EntryPoint\",\"urlTemplate\":\"https:\/\/www.dataslatitudes.com\/sosuniversal\/pl\/?s={search_term_string}\"},\"query-input\":{\"@type\":\"PropertyValueSpecification\",\"valueRequired\":true,\"valueName\":\"search_term_string\"}}],\"inLanguage\":\"pl-PL\"},{\"@type\":\"Organization\",\"@id\":\"https:\/\/www.dataslatitudes.com\/sosuniversal\/pl\/#organization\",\"name\":\"DATASLATITUDES\",\"url\":\"https:\/\/www.dataslatitudes.com\/sosuniversal\/pl\/\",\"logo\":{\"@type\":\"ImageObject\",\"inLanguage\":\"pl-PL\",\"@id\":\"https:\/\/www.dataslatitudes.com\/sosuniversal\/pl\/#\/schema\/logo\/image\/\",\"url\":\"https:\/\/www.dataslatitudes.com\/sosuniversal\/wp-content\/uploads\/2025\/07\/logo_mrdv.png\",\"contentUrl\":\"https:\/\/www.dataslatitudes.com\/sosuniversal\/wp-content\/uploads\/2025\/07\/logo_mrdv.png\",\"width\":72,\"height\":72,\"caption\":\"DATASLATITUDES\"},\"image\":{\"@id\":\"https:\/\/www.dataslatitudes.com\/sosuniversal\/pl\/#\/schema\/logo\/image\/\"}}]}<\/script>\n<!-- \/ Yoast SEO plugin. -->","yoast_head_json":{"title":"Przypadki u\u017cycia","description":"Aplikacja na smartfona umo\u017cliwiaj\u0105ca wysy\u0142anie alert\u00f3w, wezwa\u0144 o pomoc lub po prostu bie\u017c\u0105cej lokalizacji mo\u017ce okaza\u0107 si\u0119 kluczowa w wielu sytuacjach, zapewniaj\u0105c spok\u00f3j ducha i przyczyniaj\u0105c si\u0119 do szybkiego dost\u0119pu do pomocy. Przyk\u0142ady: bezpiecze\u0144stwo osobiste i sytuacje awaryjne, \u017cycie codzienne i pomoc, praca i sytuacje zawodowe, a tak\u017ce rekreacja i aktywno\u015bci na \u015bwie\u017cym powietrzu.","robots":{"index":"index","follow":"follow","max-snippet":"max-snippet:-1","max-image-preview":"max-image-preview:large","max-video-preview":"max-video-preview:-1"},"canonical":"PRZYPADKI U\u017bYCIA Aplikacja na smartfona umo\u017cliwiaj\u0105ca wysy\u0142anie alert\u00f3w, wezwa\u0144 o pomoc lub po prostu bie\u017c\u0105cej lokalizacji mo\u017ce okaza\u0107 si\u0119 kluczowa w wielu sytuacjach, zapewniaj\u0105c spok\u00f3j ducha i przyczyniaj\u0105c si\u0119 do szybkiego dost\u0119pu do pomocy. Oto kilka przyk\u0142ad\u00f3w jej zastosowa\u0144, pogrupowanych wed\u0142ug kategorii dla lepszego zrozumienia. Bezpiecze\u0144stwo osobiste i sytuacje awaryjne Przemoc wobec kobiet, przemoc LGBTfobiczna&hellip;","og_locale":"pl_PL","og_type":"article","og_title":"Przypadki u\u017cycia","og_description":"Aplikacja na smartfona umo\u017cliwiaj\u0105ca wysy\u0142anie alert\u00f3w, wezwa\u0144 o pomoc lub po prostu bie\u017c\u0105cej lokalizacji mo\u017ce okaza\u0107 si\u0119 kluczowa w wielu sytuacjach, zapewniaj\u0105c spok\u00f3j ducha i przyczyniaj\u0105c si\u0119 do szybkiego dost\u0119pu do pomocy. Przyk\u0142ady: bezpiecze\u0144stwo osobiste i sytuacje awaryjne, \u017cycie codzienne i pomoc, praca i sytuacje zawodowe, a tak\u017ce rekreacja i aktywno\u015bci na \u015bwie\u017cym powietrzu.","og_url":"https:\/\/www.dataslatitudes.com\/sosuniversal\/pl\/cas-dutilisation\/","og_site_name":"SOS Universal","article_modified_time":"2025-07-13T07:26:58+00:00","twitter_card":"summary_large_image","twitter_misc":{"Szacowany czas czytania":"5 minut"},"schema":{"@context":"https:\/\/schema.org","@graph":[{"@type":"WebPage","@id":"https:\/\/www.dataslatitudes.com\/sosuniversal\/pl\/cas-dutilisation\/","url":"https:\/\/www.dataslatitudes.com\/sosuniversal\/pl\/cas-dutilisation\/","name":"Cas d'utilisation - SOS Universal","isPartOf":{"@id":"https:\/\/www.dataslatitudes.com\/sosuniversal\/#website"},"datePublished":"2025-06-12T03:29:21+00:00","dateModified":"2025-07-13T07:26:58+00:00","description":"Une application pour smartphone permettant d\u2019envoyer des alertes, des appels \u00e0 l\u2019aide ou tout simplement sa localisation courante peut s\u2019av\u00e9rer cruciale dans de nombreuses situations, offrant une tranquillit\u00e9 d\u2019esprit et contribuant \u00e0 un acc\u00e8s rapide \u00e0 l\u2019assistance. Exemples : s\u00e9curit\u00e9 personnelle et situations d\u2019urgence, vie quotidienne et assistance, travail et situations professionnelles ainsi que loisirs et activit\u00e9s en ext\u00e9rieur.","breadcrumb":{"@id":"https:\/\/www.dataslatitudes.com\/sosuniversal\/pl\/cas-dutilisation\/#breadcrumb"},"inLanguage":"pl-PL","potentialAction":[{"@type":"ReadAction","target":["https:\/\/www.dataslatitudes.com\/sosuniversal\/pl\/cas-dutilisation\/"]}]},{"@type":"BreadcrumbList","@id":"https:\/\/www.dataslatitudes.com\/sosuniversal\/pl\/cas-dutilisation\/#breadcrumb","itemListElement":[{"@type":"ListItem","position":1,"name":"Prezentacja","item":"https:\/\/www.dataslatitudes.com\/sosuniversal\/fr\/"},{"@type":"ListItem","position":2,"name":"Przypadki u\u017cycia"}]},{"@type":"WebSite","@id":"https:\/\/www.dataslatitudes.com\/sosuniversal\/pl\/#website","url":"https:\/\/www.dataslatitudes.com\/sosuniversal\/pl\/","name":"SOS Universal","description":"","publisher":{"@id":"https:\/\/www.dataslatitudes.com\/sosuniversal\/pl\/#organization"},"potentialAction":[{"@type":"SearchAction","target":{"@type":"EntryPoint","urlTemplate":"https:\/\/www.dataslatitudes.com\/sosuniversal\/pl\/?s={search_term_string}"},"query-input":{"@type":"PropertyValueSpecification","valueRequired":true,"valueName":"search_term_string"}}],"inLanguage":"pl-PL"},{"@type":"Organization","@id":"https:\/\/www.dataslatitudes.com\/sosuniversal\/pl\/#organization","name":"DATASLATITUDES","url":"https:\/\/www.dataslatitudes.com\/sosuniversal\/pl\/","logo":{"@type":"ImageObject","inLanguage":"pl-PL","@id":"https:\/\/www.dataslatitudes.com\/sosuniversal\/pl\/#\/schema\/logo\/image\/","url":"https:\/\/www.dataslatitudes.com\/sosuniversal\/wp-content\/uploads\/2025\/07\/logo_mrdv.png","contentUrl":"https:\/\/www.dataslatitudes.com\/sosuniversal\/wp-content\/uploads\/2025\/07\/logo_mrdv.png","width":72,"height":72,"caption":"DATASLATITUDES"},"image":{"@id":"https:\/\/www.dataslatitudes.com\/sosuniversal\/pl\/#\/schema\/logo\/image\/"}}]}},"_links":{"self":[{"href":"https:\/\/www.dataslatitudes.com\/sosuniversal\/pl\/wp-json\/wp\/v2\/pages\/127","targetHints":{"allow":["GET"]}}],"collection":[{"href":"https:\/\/www.dataslatitudes.com\/sosuniversal\/pl\/wp-json\/wp\/v2\/pages"}],"about":[{"href":"https:\/\/www.dataslatitudes.com\/sosuniversal\/pl\/wp-json\/wp\/v2\/types\/page"}],"author":[{"embeddable":true,"href":"https:\/\/www.dataslatitudes.com\/sosuniversal\/pl\/wp-json\/wp\/v2\/users\/1"}],"replies":[{"embeddable":true,"href":"https:\/\/www.dataslatitudes.com\/sosuniversal\/pl\/wp-json\/wp\/v2\/comments?post=127"}],"version-history":[{"count":34,"href":"https:\/\/www.dataslatitudes.com\/sosuniversal\/pl\/wp-json\/wp\/v2\/pages\/127\/revisions"}],"predecessor-version":[{"id":868,"href":"https:\/\/www.dataslatitudes.com\/sosuniversal\/pl\/wp-json\/wp\/v2\/pages\/127\/revisions\/868"}],"wp:attachment":[{"href":"https:\/\/www.dataslatitudes.com\/sosuniversal\/pl\/wp-json\/wp\/v2\/media?parent=127"}],"curies":[{"name":"wp","href":"https:\/\/api.w.org\/{rel}","templated":true}]}}