{"id":75,"date":"2025-06-11T15:05:57","date_gmt":"2025-06-11T15:05:57","guid":{"rendered":"http:\/\/www.dataslatitudes.com\/sosuniversal\/index.php\/mode-demploi\/"},"modified":"2025-08-14T09:50:55","modified_gmt":"2025-08-14T09:50:55","slug":"politique-confidentialite","status":"publish","type":"page","link":"https:\/\/www.dataslatitudes.com\/sosuniversal\/nl\/politique-confidentialite\/","title":{"rendered":"Privacy"},"content":{"rendered":"\r\n<p class=\"has-small-font-size\"><\/p>\r\n\r\n\r\n\r\n<h1 class=\"wp-block-heading has-text-align-center has-medium-font-size\"><strong>PRIVACYBELEID<\/strong><\/h1>\r\n\r\n\r\n\r\n<p style=\"margin-top:0;margin-bottom:0;font-size:1rem\">Dit privacybeleid heeft als doel u op transparante wijze te informeren over hoe de mobiele applicatie SOS Universal (hierna de \u00abApplicatie\u00bb genoemd), ontwikkeld door DATASLATITUDES (hierna de \u00abUitgever\u00bb genoemd), uw persoonlijke gegevens verzamelt, gebruikt en beschermt.<\/p>\r\n\r\n\r\n\r\n<p style=\"margin-top:var(--wp--preset--spacing--20);margin-bottom:var(--wp--preset--spacing--20)\">Door de Applicatie te gebruiken, accepteert u de voorwaarden van dit beleid. Als u deze voorwaarden niet accepteert, gelieve de Applicatie niet te gebruiken.<\/p>\r\n\r\n\r\n\r\n<p><strong>Ingangsdatum: 28 juni 2025<\/strong><\/p>\r\n\r\n\r\n\r\n<h2 class=\"wp-block-heading has-background\" style=\"background-color:#f9f3eb;margin-top:var(--wp--preset--spacing--30);margin-bottom:var(--wp--preset--spacing--30);padding-top:var(--wp--preset--spacing--30);padding-bottom:var(--wp--preset--spacing--30);font-size:1.2rem\">1. Verwerkingsverantwoordelijke<\/h2>\r\n\r\n\r\n\r\n<p>De verantwoordelijke voor de verwerking van uw persoonlijke gegevens is: DATASLATITUDES. <strong>(E-mail: privacy.sos_universal@dataslatitudes.com)<\/strong><\/p>\r\n\r\n\r\n\r\n<p class=\"has-small-font-size\"><\/p>\r\n\r\n\r\n\r\n<h2 class=\"wp-block-heading has-background\" style=\"background-color:#f9f3eb;margin-top:var(--wp--preset--spacing--30);margin-bottom:var(--wp--preset--spacing--30);padding-top:var(--wp--preset--spacing--30);padding-bottom:var(--wp--preset--spacing--30);font-size:1.2rem\">2. Verzamelde gegevens en doeleinden<\/h2>\r\n\r\n\r\n\r\n<p style=\"margin-top:var(--wp--preset--spacing--30);margin-bottom:var(--wp--preset--spacing--30);padding-top:0;padding-bottom:0\">De applicatie is ontworpen om de verzameling van persoonlijke gegevens te minimaliseren en geeft uitsluitend de voorkeur aan lokale opslag op uw apparaat. De gegevens worden verwerkt voor de volgende doeleinden:<\/p>\r\n\r\n\r\n\r\n<h3 class=\"wp-block-heading\" style=\"margin-top:var(--wp--preset--spacing--20);margin-bottom:var(--wp--preset--spacing--20);padding-top:0;padding-bottom:0;font-size:1.1rem\">2.1. Gegevens die u rechtstreeks verstrekt<\/h3>\r\n\r\n\r\n\r\n<ul style=\"margin-top:var(--wp--preset--spacing--20);margin-bottom:var(--wp--preset--spacing--20);padding-top:0;padding-bottom:0\" class=\"wp-block-list\">\r\n<li style=\"margin-top:var(--wp--preset--spacing--20);margin-bottom:var(--wp--preset--spacing--20);padding-top:0;padding-bottom:0\"><strong>Noodcontacten: <\/strong>u maakt of importeert contacten (namen en telefoonnummers) uit uw adresboek.\r\n<ul class=\"wp-block-list\">\r\n<li><strong>Doel: <\/strong>deze gegevens worden uitsluitend gebruikt voor het verzenden van waarschuwings-sms&#8217;jes en het genereren van telefoongesprekken naar uw noodcontacten.<\/li>\r\n\r\n\r\n\r\n<li><strong>Opslag: <\/strong>deze gegevens worden lokaal op uw apparaat opgeslagen en worden niet naar onze servers verzonden.<\/li>\r\n<\/ul>\r\n<\/li>\r\n\r\n\r\n\r\n<li><strong>Standaard- en aanvullende berichten: <\/strong>de tekst die u opstelt voor de alarm-sms&#8217;jes.\r\n<ul class=\"wp-block-list\">\r\n<li><strong>Doel: <\/strong>uw gepersonaliseerde bericht op te nemen in de verzonden waarschuwingen.<\/li>\r\n\r\n\r\n\r\n<li><strong>Opslag: <\/strong>lokaal opgeslagen op uw apparaat.<\/li>\r\n<\/ul>\r\n<\/li>\r\n\r\n\r\n\r\n<li style=\"padding-top:var(--wp--preset--spacing--20);padding-bottom:var(--wp--preset--spacing--20)\"><strong>Audio-opnamen: <\/strong>de opnames die u start.\r\n<ul class=\"wp-block-list\">\r\n<li><strong>Doel: <\/strong>het beluisteren, hernoemen en verwijderen van uw opnamen mogelijk maken. Van goede kwaliteit kunnen ze dienen als bewijs in geval van het indienen van een klacht.<\/li>\r\n\r\n\r\n\r\n<li><strong>Opslag: <\/strong>Lokaal opgeslagen in de downloadmap van uw smartphone. U bent zelf verantwoordelijk voor het beheer en de verwijdering van deze bestanden.<\/li>\r\n<\/ul>\r\n<\/li>\r\n<\/ul>\r\n\r\n\r\n\r\n<p class=\"has-small-font-size\"><\/p>\r\n\r\n\r\n\r\n<h3 class=\"wp-block-heading\" style=\"margin-top:var(--wp--preset--spacing--20);margin-bottom:var(--wp--preset--spacing--20);padding-top:0;padding-bottom:0;font-size:1.1rem\"><strong>2.2. Automatisch verzamelde gegevens<\/strong><\/h3>\r\n\r\n\r\n\r\n<ul style=\"margin-top:var(--wp--preset--spacing--20);margin-bottom:var(--wp--preset--spacing--20);padding-top:0;padding-bottom:0\" class=\"wp-block-list\">\r\n<li style=\"margin-top:var(--wp--preset--spacing--20);margin-bottom:var(--wp--preset--spacing--20);padding-top:0;padding-bottom:0\"><strong>Geolocatiegegevens: <\/strong>De Applicatie heeft alleen toegang tot de locatie van uw apparaat (GPS of Wi-Fi) wanneer u de functie voor het verzenden van uw locatie in het waarschuwingsbericht activeert.\r\n<ul class=\"wp-block-list\">\r\n<li><strong>Doel: <\/strong>uw geografische positie (co\u00f6rdinaten en adres) doorgeven aan uw noodcontacten tijdens een waarschuwing.<\/li>\r\n\r\n\r\n\r\n<li><strong>Opslag: <\/strong>deze gegevens worden niet opgeslagen of bewaard door de Uitgever. Ze worden in real-time gebruikt om de GoogleMaps (of OpenStreetMap) link en het adres te genereren, en worden vervolgens opgenomen in de SMS die via uw telecomoperator wordt verstuurd<\/li>\r\n<\/ul>\r\n<\/li>\r\n\r\n\r\n\r\n<li><strong>Waarschuwingsgeschiedenis: <\/strong>datum, tijd, modus, ontvanger en inhoud van de laatste 50 verzonden waarschuwingen.\r\n<ul class=\"wp-block-list\">\r\n<li><strong>Doel: <\/strong>u kunt de geschiedenis van uw waarschuwingen raadplegen voor monitoring- en beheerdoeleinden.<\/li>\r\n\r\n\r\n\r\n<li><strong>Opslag: <\/strong>lokaal opgeslagen op uw apparaat.<\/li>\r\n<\/ul>\r\n<\/li>\r\n\r\n\r\n\r\n<li style=\"padding-top:var(--wp--preset--spacing--20);padding-bottom:var(--wp--preset--spacing--20)\"><strong>Toegangsrechten: <\/strong>De applicatie vereist toegang tot uw contacten, geolocatie, microfoon, audio-opname, opslag, meldingen en sms-\/telefoonfuncties.\r\n<ul class=\"wp-block-list\">\r\n<li><strong>Doel: <\/strong>deze machtigingen zijn strikt noodzakelijk voor de goede werking van de applicatie en de uitvoering van haar functionaliteiten.<\/li>\r\n<\/ul>\r\n<\/li>\r\n<\/ul>\r\n\r\n\r\n\r\n<p class=\"has-small-font-size\"><\/p>\r\n\r\n\r\n\r\n<h2 class=\"wp-block-heading has-background\" style=\"background-color:#f9f3eb;margin-top:var(--wp--preset--spacing--30);margin-bottom:var(--wp--preset--spacing--30);padding-top:var(--wp--preset--spacing--30);padding-bottom:var(--wp--preset--spacing--30);font-size:1.2rem\">3. Delen van gegevens<\/h2>\r\n\r\n\r\n\r\n<p style=\"margin-top:var(--wp--preset--spacing--30);margin-bottom:var(--wp--preset--spacing--30);padding-top:0;padding-bottom:0\">De uitgever deelt, verkoopt of verhuurt uw persoonlijke gegevens niet aan derden, noch commercieel noch gratis. De enige entiteiten die uw gegevens ontvangen zijn:<\/p>\r\n\r\n\r\n\r\n<ul style=\"margin-top:var(--wp--preset--spacing--20);margin-bottom:var(--wp--preset--spacing--20)\" class=\"wp-block-list\">\r\n<li><strong>Uw noodcontacten: <\/strong>u kiest ervoor om hen informatie (bericht, locatie) te sturen via de diensten van uw mobiele operator (SMS\/oproepen).<\/li>\r\n\r\n\r\n\r\n<li><strong>Google Maps: <\/strong>De applicatie maakt gebruik van de kaartdienst van Google om een link naar uw locatie te genereren. Het gebruik van deze link is onderworpen aan de gebruiksvoorwaarden en het privacybeleid van Google.<\/li>\r\n\r\n\r\n\r\n<li><strong>OpenStreetMap: <\/strong>De Applicatie kan ook de kartografiedienst van OpenStreetMap gebruiken om een link naar uw locatie te genereren. Het gebruik van deze link is onderworpen aan de gebruiksvoorwaarden en het privacybeleid van OpenStreetMap.<\/li>\r\n<\/ul>\r\n\r\n\r\n\r\n<p class=\"has-small-font-size\"><\/p>\r\n\r\n\r\n\r\n<h2 class=\"wp-block-heading has-background\" style=\"background-color:#f9f3eb;margin-top:var(--wp--preset--spacing--30);margin-bottom:var(--wp--preset--spacing--30);padding-top:var(--wp--preset--spacing--30);padding-bottom:var(--wp--preset--spacing--30);font-size:1.2rem\">4. Uw rechten (AVG-conformiteit)<\/h2>\r\n\r\n\r\n\r\n<p style=\"margin-top:var(--wp--preset--spacing--30);margin-bottom:var(--wp--preset--spacing--30);padding-top:0;padding-bottom:0\">Als gebruiker beschikt u over de volgende rechten met betrekking tot uw persoonlijke gegevens:<\/p>\r\n\r\n\r\n\r\n<ul style=\"margin-top:var(--wp--preset--spacing--20);margin-bottom:var(--wp--preset--spacing--20)\" class=\"wp-block-list\">\r\n<li><strong>Recht op toegang: <\/strong>u hebt te allen tijde toegang tot de gegevens die op uw apparaat zijn opgeslagen via de applicatie.<\/li>\r\n\r\n\r\n\r\n<li><strong>Recht op rectificatie: <\/strong>u kunt uw contacten en instellingen rechtstreeks in de applicatie wijzigen of corrigeren.<\/li>\r\n\r\n\r\n\r\n<li><strong>Recht op wissen (&#8220;recht om vergeten te worden&#8221;): <\/strong>u kunt uw contactgegevens en audio-opnames op elk moment verwijderen. Het verwijderen van de applicatie wist alle lokaal opgeslagen gegevens.<\/li>\r\n\r\n\r\n\r\n<li><strong>Recht op beperking van verwerking: <\/strong>u kunt contacten of functionaliteiten (zoals locatie) tijdelijk deactiveren om de verwerking van uw gegevens te beperken.<\/li>\r\n\r\n\r\n\r\n<li><strong>Recht op bezwaar: <\/strong>u kunt bezwaar maken tegen de verwerking door het gebruik van de applicatie te stoppen en deze te verwijderen.<\/li>\r\n<\/ul>\r\n\r\n\r\n\r\n<p class=\"has-small-font-size\"><\/p>\r\n\r\n\r\n\r\n<h2 class=\"wp-block-heading has-background\" style=\"background-color:#f9f3eb;margin-top:var(--wp--preset--spacing--30);margin-bottom:var(--wp--preset--spacing--30);padding-top:var(--wp--preset--spacing--30);padding-bottom:var(--wp--preset--spacing--30);font-size:1.2rem\">5. Wijzigingen in het privacybeleid<\/h2>\r\n\r\n\r\n\r\n<p style=\"margin-top:var(--wp--preset--spacing--30);margin-bottom:var(--wp--preset--spacing--30);padding-top:0;padding-bottom:0\">De uitgever behoudt zich het recht voor om dit privacybeleid te allen tijde te wijzigen. Uw voortdurende gebruik van de service na publicatie van de wijzigingen geldt als acceptatie van de nieuwe voorwaarden.<\/p>\r\n\r\n\r\n\r\n<p class=\"has-small-font-size\"><\/p>\r\n\r\n\r\n\r\n<h2 class=\"wp-block-heading has-background\" style=\"background-color:#f9f3eb;margin-top:var(--wp--preset--spacing--30);margin-bottom:var(--wp--preset--spacing--30);padding-top:var(--wp--preset--spacing--30);padding-bottom:var(--wp--preset--spacing--30);font-size:1.2rem\">6. Contacteer ons<\/h2>\r\n\r\n\r\n\r\n<p style=\"margin-top:var(--wp--preset--spacing--30);margin-bottom:var(--wp--preset--spacing--30);padding-top:0;padding-bottom:0\">Als u vragen of opmerkingen heeft over dit privacybeleid of het beheer van uw gegevens, kunt u contact met ons opnemen via het volgende e-mailadres: <br><strong>privacy.sos_universal@dataslatitudes.com<\/strong><\/p>\r\n\r\n\r\n\r\n<p class=\"has-medium-font-size\"><\/p>\r\n\r\n\r\n\r\n<p class=\"has-medium-font-size\"><\/p>\r\n","protected":false},"excerpt":{"rendered":"<p>PRIVACYBELEID Dit privacybeleid heeft als doel u op transparante wijze te informeren over hoe de mobiele applicatie SOS Universal (hierna [&hellip;]<\/p>\n","protected":false},"author":1,"featured_media":0,"parent":0,"menu_order":4,"comment_status":"closed","ping_status":"closed","template":"","meta":{"site-sidebar-layout":"default","site-content-layout":"","ast-site-content-layout":"default","site-content-style":"default","site-sidebar-style":"default","ast-global-header-display":"","ast-banner-title-visibility":"","ast-main-header-display":"","ast-hfb-above-header-display":"","ast-hfb-below-header-display":"","ast-hfb-mobile-header-display":"","site-post-title":"disabled","ast-breadcrumbs-content":"","ast-featured-img":"","footer-sml-layout":"","theme-transparent-header-meta":"","adv-header-id-meta":"","stick-header-meta":"","header-above-stick-meta":"","header-main-stick-meta":"","header-below-stick-meta":"","astra-migrate-meta-layouts":"default","ast-page-background-enabled":"default","ast-page-background-meta":{"desktop":{"background-color":"var(--ast-global-color-5)","background-image":"","background-repeat":"repeat","background-position":"center center","background-size":"auto","background-attachment":"scroll","background-type":"","background-media":"","overlay-type":"","overlay-color":"","overlay-opacity":"","overlay-gradient":""},"tablet":{"background-color":"","background-image":"","background-repeat":"repeat","background-position":"center center","background-size":"auto","background-attachment":"scroll","background-type":"","background-media":"","overlay-type":"","overlay-color":"","overlay-opacity":"","overlay-gradient":""},"mobile":{"background-color":"","background-image":"","background-repeat":"repeat","background-position":"center center","background-size":"auto","background-attachment":"scroll","background-type":"","background-media":"","overlay-type":"","overlay-color":"","overlay-opacity":"","overlay-gradient":""}},"ast-content-background-meta":{"desktop":{"background-color":"var(--ast-global-color-4)","background-image":"","background-repeat":"repeat","background-position":"center center","background-size":"auto","background-attachment":"scroll","background-type":"","background-media":"","overlay-type":"","overlay-color":"","overlay-opacity":"","overlay-gradient":""},"tablet":{"background-color":"var(--ast-global-color-4)","background-image":"","background-repeat":"repeat","background-position":"center center","background-size":"auto","background-attachment":"scroll","background-type":"","background-media":"","overlay-type":"","overlay-color":"","overlay-opacity":"","overlay-gradient":""},"mobile":{"background-color":"var(--ast-global-color-4)","background-image":"","background-repeat":"repeat","background-position":"center center","background-size":"auto","background-attachment":"scroll","background-type":"","background-media":"","overlay-type":"","overlay-color":"","overlay-opacity":"","overlay-gradient":""}},"footnotes":""},"class_list":["post-75","page","type-page","status-publish","hentry"],"yoast_head":"<!-- This site is optimized with the Yoast SEO plugin v25.6 - https:\/\/yoast.com\/wordpress\/plugins\/seo\/ -->\n<title>Privacy<\/title>\n<meta name=\"description\" content=\"Dit privacybeleid heeft als doel u op transparante wijze te informeren over hoe de mobiele applicatie SOS Universal, ontwikkeld door DATASLATITUDES, uw persoonlijke gegevens verzamelt, gebruikt en beschermt. Het legt de gegevensverantwoordelijke, de verzamelde gegevens en de doeleinden, het delen van gegevens, uw rechten (naleving van de AVG) en de voorwaarden voor wijzigingen in het privacybeleid uit.\" \/>\n<meta name=\"robots\" content=\"index, follow, max-snippet:-1, max-image-preview:large, max-video-preview:-1\" \/>\n<link rel=\"canonical\" href=\"http:\/\/PRIVACYBELEID%20Dit%20privacybeleid%20heeft%20als%20doel%20u%20op%20transparante%20wijze%20te%20informeren%20over%20hoe%20de%20mobiele%20applicatie%20SOS%20Universal%20(hierna%20de%20\u00abApplicatie\u00bb%20genoemd),%20ontwikkeld%20door%20DATASLATITUDES%20(hierna%20de%20\u00abUitgever\u00bb%20genoemd),%20uw%20persoonlijke%20gegevens%20verzamelt,%20gebruikt%20en%20beschermt.%20Door%20de%20Applicatie%20te%20gebruiken,%20accepteert%20u%20de%20voorwaarden%20van%20dit%20beleid.%20Als%20u%20deze%20voorwaarden%20niet%20accepteert,&hellip;\" \/>\n<meta property=\"og:locale\" content=\"nl_NL\" \/>\n<meta property=\"og:type\" content=\"article\" \/>\n<meta property=\"og:title\" content=\"Privacy\" \/>\n<meta property=\"og:description\" content=\"Dit privacybeleid heeft als doel u op transparante wijze te informeren over hoe de mobiele applicatie SOS Universal, ontwikkeld door DATASLATITUDES, uw persoonlijke gegevens verzamelt, gebruikt en beschermt. Het legt de gegevensverantwoordelijke, de verzamelde gegevens en de doeleinden, het delen van gegevens, uw rechten (naleving van de AVG) en de voorwaarden voor wijzigingen in het privacybeleid uit.\" \/>\n<meta property=\"og:url\" content=\"https:\/\/www.dataslatitudes.com\/sosuniversal\/nl\/politique-confidentialite\/\" \/>\n<meta property=\"og:site_name\" content=\"SOS Universal\" \/>\n<meta property=\"article:modified_time\" content=\"2025-08-14T09:50:55+00:00\" \/>\n<meta name=\"twitter:card\" content=\"summary_large_image\" \/>\n<meta name=\"twitter:label1\" content=\"Geschatte leestijd\" \/>\n\t<meta name=\"twitter:data1\" content=\"4 minuten\" \/>\n<script type=\"application\/ld+json\" class=\"yoast-schema-graph\">{\"@context\":\"https:\/\/schema.org\",\"@graph\":[{\"@type\":\"WebPage\",\"@id\":\"https:\/\/www.dataslatitudes.com\/sosuniversal\/nl\/politique-confidentialite\/\",\"url\":\"https:\/\/www.dataslatitudes.com\/sosuniversal\/nl\/politique-confidentialite\/\",\"name\":\"Confidentialit\u00e9 - SOS Universal\",\"isPartOf\":{\"@id\":\"https:\/\/www.dataslatitudes.com\/sosuniversal\/#website\"},\"datePublished\":\"2025-06-11T15:05:57+00:00\",\"dateModified\":\"2025-08-14T09:50:55+00:00\",\"description\":\"La pr\u00e9sente Politique de Confidentialit\u00e9 a pour objectif de vous informer de mani\u00e8re transparente sur la mani\u00e8re dont l'application mobile SOS Universal, d\u00e9velopp\u00e9e par DATASLATITUDES, collecte, utilise et prot\u00e8ge vos donn\u00e9es personnelles. On y expose le responsable du traitement des donn\u00e9es, les donn\u00e9es collect\u00e9es et les finalit\u00e9s, le partage des donn\u00e9es, vos droits (conformit\u00e9 RGPD) et les conditions de modifications de la Politique de Confidentialit\u00e9.\",\"breadcrumb\":{\"@id\":\"https:\/\/www.dataslatitudes.com\/sosuniversal\/nl\/politique-confidentialite\/#breadcrumb\"},\"inLanguage\":\"nl-NL\",\"potentialAction\":[{\"@type\":\"ReadAction\",\"target\":[\"https:\/\/www.dataslatitudes.com\/sosuniversal\/nl\/politique-confidentialite\/\"]}]},{\"@type\":\"BreadcrumbList\",\"@id\":\"https:\/\/www.dataslatitudes.com\/sosuniversal\/nl\/politique-confidentialite\/#breadcrumb\",\"itemListElement\":[{\"@type\":\"ListItem\",\"position\":1,\"name\":\"Presentatie\",\"item\":\"https:\/\/www.dataslatitudes.com\/sosuniversal\/fr\/\"},{\"@type\":\"ListItem\",\"position\":2,\"name\":\"Privacy\"}]},{\"@type\":\"WebSite\",\"@id\":\"https:\/\/www.dataslatitudes.com\/sosuniversal\/nl\/#website\",\"url\":\"https:\/\/www.dataslatitudes.com\/sosuniversal\/nl\/\",\"name\":\"SOS Universal\",\"description\":\"\",\"publisher\":{\"@id\":\"https:\/\/www.dataslatitudes.com\/sosuniversal\/nl\/#organization\"},\"potentialAction\":[{\"@type\":\"SearchAction\",\"target\":{\"@type\":\"EntryPoint\",\"urlTemplate\":\"https:\/\/www.dataslatitudes.com\/sosuniversal\/nl\/?s={search_term_string}\"},\"query-input\":{\"@type\":\"PropertyValueSpecification\",\"valueRequired\":true,\"valueName\":\"search_term_string\"}}],\"inLanguage\":\"nl-NL\"},{\"@type\":\"Organization\",\"@id\":\"https:\/\/www.dataslatitudes.com\/sosuniversal\/nl\/#organization\",\"name\":\"DATASLATITUDES\",\"url\":\"https:\/\/www.dataslatitudes.com\/sosuniversal\/nl\/\",\"logo\":{\"@type\":\"ImageObject\",\"inLanguage\":\"nl-NL\",\"@id\":\"https:\/\/www.dataslatitudes.com\/sosuniversal\/nl\/#\/schema\/logo\/image\/\",\"url\":\"https:\/\/www.dataslatitudes.com\/sosuniversal\/wp-content\/uploads\/2025\/07\/logo_mrdv.png\",\"contentUrl\":\"https:\/\/www.dataslatitudes.com\/sosuniversal\/wp-content\/uploads\/2025\/07\/logo_mrdv.png\",\"width\":72,\"height\":72,\"caption\":\"DATASLATITUDES\"},\"image\":{\"@id\":\"https:\/\/www.dataslatitudes.com\/sosuniversal\/nl\/#\/schema\/logo\/image\/\"}}]}<\/script>\n<!-- \/ Yoast SEO plugin. -->","yoast_head_json":{"title":"Privacy","description":"Dit privacybeleid heeft als doel u op transparante wijze te informeren over hoe de mobiele applicatie SOS Universal, ontwikkeld door DATASLATITUDES, uw persoonlijke gegevens verzamelt, gebruikt en beschermt. Het legt de gegevensverantwoordelijke, de verzamelde gegevens en de doeleinden, het delen van gegevens, uw rechten (naleving van de AVG) en de voorwaarden voor wijzigingen in het privacybeleid uit.","robots":{"index":"index","follow":"follow","max-snippet":"max-snippet:-1","max-image-preview":"max-image-preview:large","max-video-preview":"max-video-preview:-1"},"canonical":"PRIVACYBELEID Dit privacybeleid heeft als doel u op transparante wijze te informeren over hoe de mobiele applicatie SOS Universal (hierna de \u00abApplicatie\u00bb genoemd), ontwikkeld door DATASLATITUDES (hierna de \u00abUitgever\u00bb genoemd), uw persoonlijke gegevens verzamelt, gebruikt en beschermt. Door de Applicatie te gebruiken, accepteert u de voorwaarden van dit beleid. Als u deze voorwaarden niet accepteert,&hellip;","og_locale":"nl_NL","og_type":"article","og_title":"Privacy","og_description":"Dit privacybeleid heeft als doel u op transparante wijze te informeren over hoe de mobiele applicatie SOS Universal, ontwikkeld door DATASLATITUDES, uw persoonlijke gegevens verzamelt, gebruikt en beschermt. Het legt de gegevensverantwoordelijke, de verzamelde gegevens en de doeleinden, het delen van gegevens, uw rechten (naleving van de AVG) en de voorwaarden voor wijzigingen in het privacybeleid uit.","og_url":"https:\/\/www.dataslatitudes.com\/sosuniversal\/nl\/politique-confidentialite\/","og_site_name":"SOS Universal","article_modified_time":"2025-08-14T09:50:55+00:00","twitter_card":"summary_large_image","twitter_misc":{"Geschatte leestijd":"4 minuten"},"schema":{"@context":"https:\/\/schema.org","@graph":[{"@type":"WebPage","@id":"https:\/\/www.dataslatitudes.com\/sosuniversal\/nl\/politique-confidentialite\/","url":"https:\/\/www.dataslatitudes.com\/sosuniversal\/nl\/politique-confidentialite\/","name":"Confidentialit\u00e9 - SOS Universal","isPartOf":{"@id":"https:\/\/www.dataslatitudes.com\/sosuniversal\/#website"},"datePublished":"2025-06-11T15:05:57+00:00","dateModified":"2025-08-14T09:50:55+00:00","description":"La pr\u00e9sente Politique de Confidentialit\u00e9 a pour objectif de vous informer de mani\u00e8re transparente sur la mani\u00e8re dont l'application mobile SOS Universal, d\u00e9velopp\u00e9e par DATASLATITUDES, collecte, utilise et prot\u00e8ge vos donn\u00e9es personnelles. On y expose le responsable du traitement des donn\u00e9es, les donn\u00e9es collect\u00e9es et les finalit\u00e9s, le partage des donn\u00e9es, vos droits (conformit\u00e9 RGPD) et les conditions de modifications de la Politique de Confidentialit\u00e9.","breadcrumb":{"@id":"https:\/\/www.dataslatitudes.com\/sosuniversal\/nl\/politique-confidentialite\/#breadcrumb"},"inLanguage":"nl-NL","potentialAction":[{"@type":"ReadAction","target":["https:\/\/www.dataslatitudes.com\/sosuniversal\/nl\/politique-confidentialite\/"]}]},{"@type":"BreadcrumbList","@id":"https:\/\/www.dataslatitudes.com\/sosuniversal\/nl\/politique-confidentialite\/#breadcrumb","itemListElement":[{"@type":"ListItem","position":1,"name":"Presentatie","item":"https:\/\/www.dataslatitudes.com\/sosuniversal\/fr\/"},{"@type":"ListItem","position":2,"name":"Privacy"}]},{"@type":"WebSite","@id":"https:\/\/www.dataslatitudes.com\/sosuniversal\/nl\/#website","url":"https:\/\/www.dataslatitudes.com\/sosuniversal\/nl\/","name":"SOS Universal","description":"","publisher":{"@id":"https:\/\/www.dataslatitudes.com\/sosuniversal\/nl\/#organization"},"potentialAction":[{"@type":"SearchAction","target":{"@type":"EntryPoint","urlTemplate":"https:\/\/www.dataslatitudes.com\/sosuniversal\/nl\/?s={search_term_string}"},"query-input":{"@type":"PropertyValueSpecification","valueRequired":true,"valueName":"search_term_string"}}],"inLanguage":"nl-NL"},{"@type":"Organization","@id":"https:\/\/www.dataslatitudes.com\/sosuniversal\/nl\/#organization","name":"DATASLATITUDES","url":"https:\/\/www.dataslatitudes.com\/sosuniversal\/nl\/","logo":{"@type":"ImageObject","inLanguage":"nl-NL","@id":"https:\/\/www.dataslatitudes.com\/sosuniversal\/nl\/#\/schema\/logo\/image\/","url":"https:\/\/www.dataslatitudes.com\/sosuniversal\/wp-content\/uploads\/2025\/07\/logo_mrdv.png","contentUrl":"https:\/\/www.dataslatitudes.com\/sosuniversal\/wp-content\/uploads\/2025\/07\/logo_mrdv.png","width":72,"height":72,"caption":"DATASLATITUDES"},"image":{"@id":"https:\/\/www.dataslatitudes.com\/sosuniversal\/nl\/#\/schema\/logo\/image\/"}}]}},"_links":{"self":[{"href":"https:\/\/www.dataslatitudes.com\/sosuniversal\/nl\/wp-json\/wp\/v2\/pages\/75","targetHints":{"allow":["GET"]}}],"collection":[{"href":"https:\/\/www.dataslatitudes.com\/sosuniversal\/nl\/wp-json\/wp\/v2\/pages"}],"about":[{"href":"https:\/\/www.dataslatitudes.com\/sosuniversal\/nl\/wp-json\/wp\/v2\/types\/page"}],"author":[{"embeddable":true,"href":"https:\/\/www.dataslatitudes.com\/sosuniversal\/nl\/wp-json\/wp\/v2\/users\/1"}],"replies":[{"embeddable":true,"href":"https:\/\/www.dataslatitudes.com\/sosuniversal\/nl\/wp-json\/wp\/v2\/comments?post=75"}],"version-history":[{"count":30,"href":"https:\/\/www.dataslatitudes.com\/sosuniversal\/nl\/wp-json\/wp\/v2\/pages\/75\/revisions"}],"predecessor-version":[{"id":2927,"href":"https:\/\/www.dataslatitudes.com\/sosuniversal\/nl\/wp-json\/wp\/v2\/pages\/75\/revisions\/2927"}],"wp:attachment":[{"href":"https:\/\/www.dataslatitudes.com\/sosuniversal\/nl\/wp-json\/wp\/v2\/media?parent=75"}],"curies":[{"name":"wp","href":"https:\/\/api.w.org\/{rel}","templated":true}]}}