{"id":242,"date":"2025-06-13T07:08:40","date_gmt":"2025-06-13T07:08:40","guid":{"rendered":"https:\/\/www.dataslatitudes.com\/sosuniversal\/index.php\/mode-emploi\/mode-demploi-mode\/"},"modified":"2025-07-31T16:14:15","modified_gmt":"2025-07-31T16:14:15","slug":"mode-emploi-parametre","status":"publish","type":"page","link":"https:\/\/www.dataslatitudes.com\/sosuniversal\/nl\/ecran-principal\/mode-emploi-parametre\/","title":{"rendered":"Instellingen"},"content":{"rendered":"\r\n<p class=\"has-small-font-size\"><\/p>\r\n\r\n\r\n\r\n<h1 class=\"wp-block-heading has-text-align-center has-medium-font-size\"><strong>INSTELLINGEN<\/strong><\/h1>\r\n\r\n\r\n\r\n<p style=\"font-size:1rem\">SOS Universal maakt het mogelijk om de taal, het visuele thema, instellingen met betrekking tot de alarmactivering en de keuze van een geluidsalarm te configureren.<\/p>\r\n\r\n\r\n\r\n<div class=\"wp-block-columns is-layout-flex wp-container-core-columns-is-layout-ec2e7a44 wp-block-columns-is-layout-flex\" style=\"padding-top:0;padding-bottom:0\">\r\n<div class=\"wp-block-column is-layout-flow wp-block-column-is-layout-flow\" style=\"flex-basis:33.33%\">\r\n<figure class=\"wp-block-image aligncenter size-large is-resized\"><img decoding=\"async\" src=\"http:\/\/www.dataslatitudes.com\/sosuniversal\/wp-content\/uploads\/nl_parametre_langage-459x1024.webp\" alt=\"SOS Universal - taalinstelling\" class=\"wp-image-381\" style=\"width:273px;height:auto\"\/><\/figure>\r\n<\/div>\r\n\r\n\r\n\r\n<div class=\"wp-block-column is-layout-flow wp-block-column-is-layout-flow\" style=\"flex-basis:66.66%\">\r\n<h2 class=\"wp-block-heading\" style=\"font-size:1.2rem\"><strong>Taal<\/strong><\/h2>\r\n\r\n\r\n\r\n<p style=\"margin-top:var(--wp--preset--spacing--30);margin-right:0;margin-bottom:var(--wp--preset--spacing--30);margin-left:0;font-size:1rem\"><strong>54 talen beschikbaar:<\/strong><\/p>\r\n\r\n\r\n\r\n<div class=\"wp-block-columns is-layout-flex wp-container-core-columns-is-layout-d7c413cf wp-block-columns-is-layout-flex\" style=\"margin-top:var(--wp--preset--spacing--30);margin-bottom:var(--wp--preset--spacing--30);padding-top:0;padding-bottom:0\">\r\n<div class=\"wp-block-column is-layout-flow wp-block-column-is-layout-flow\">\r\n<p>Afrikaans<br>Albanian<br>Arabic<br>Armenian<br>Azerbaijani<br>Bangla<br>Belarusian<br>Bulgarian<br>Burmese<br>Chinese<br>Croatian<br>Czech<br>Danish<br>Dutch<br>English<br>Estonian<br>Finnish<br>French<br>Georgian<br>German<\/p>\r\n<\/div>\r\n\r\n\r\n\r\n<div class=\"wp-block-column is-layout-flow wp-block-column-is-layout-flow\">\r\n<p>Greek<br>Hebrew<br>Hindi<br>Hungarian<br>Indonesian<br>Italian<br>Japanese<br>Kazakh<br>Khmer<br>Korean<br>Lao<br>Latvian<br>Lithuanian<br>Macedonian<br>Malay<br>Mongolian<br>Nepali<br>Norwegian<br>Persian<br>Polish<\/p>\r\n<\/div>\r\n\r\n\r\n\r\n<div class=\"wp-block-column is-layout-flow wp-block-column-is-layout-flow\">\r\n<p>Portuguese<br>Romanian<br>Russian<br>Serbian<br>Slovak<br>Slovenian<br>Spanish<br>Swahili<br>Swedish<br>Thai<br>Turkish<br>Ukrainian<br>Urdu<br>Vietnamese<\/p>\r\n<\/div>\r\n<\/div>\r\n<\/div>\r\n<\/div>\r\n\r\n\r\n\r\n<div class=\"wp-block-columns is-layout-flex wp-container-core-columns-is-layout-bce4bac2 wp-block-columns-is-layout-flex\" style=\"margin-top:0;margin-bottom:0;padding-top:var(--wp--preset--spacing--40);padding-bottom:var(--wp--preset--spacing--40)\">\r\n<div class=\"wp-block-column is-layout-flow wp-block-column-is-layout-flow\">\r\n<h2 class=\"wp-block-heading has-text-align-center\" style=\"margin-top:0;margin-bottom:0;padding-top:0;padding-bottom:0;font-size:1.2rem\"><strong>Visueel thema<\/strong><\/h2>\r\n\r\n\r\n\r\n<figure class=\"wp-block-image aligncenter size-large is-resized\" style=\"margin-top:var(--wp--preset--spacing--20);margin-bottom:var(--wp--preset--spacing--20)\"><img decoding=\"async\" src=\"http:\/\/www.dataslatitudes.com\/sosuniversal\/wp-content\/uploads\/nl_parametre_theme-459x1024.webp\" alt=\"SOS Universal - instelling van het visuele thema\" class=\"wp-image-383\" style=\"width:273px\"\/><\/figure>\r\n\r\n\r\n\r\n<p class=\"has-small-font-size\" style=\"margin-top:var(--wp--preset--spacing--50);margin-bottom:var(--wp--preset--spacing--50)\"><\/p>\r\n<\/div>\r\n\r\n\r\n\r\n<div class=\"wp-block-column is-layout-flow wp-block-column-is-layout-flow\">\r\n<h2 class=\"wp-block-heading has-text-align-center\" style=\"margin-top:0;margin-bottom:0;padding-top:0;padding-bottom:0;font-size:1.2rem\"><strong>Alarm activeren<\/strong><\/h2>\r\n\r\n\r\n\r\n<figure class=\"wp-block-image aligncenter size-large is-resized\" style=\"margin-top:var(--wp--preset--spacing--20);margin-bottom:var(--wp--preset--spacing--20)\"><img decoding=\"async\" src=\"http:\/\/www.dataslatitudes.com\/sosuniversal\/wp-content\/uploads\/nl_parametre_declenchement-459x1024.webp\" alt=\"SOS Universal - instelling van de alarmactivering\" class=\"wp-image-699\" style=\"width:273px\"\/><\/figure>\r\n\r\n\r\n\r\n<p class=\"has-text-align-center\" style=\"margin-top:var(--wp--preset--spacing--30);margin-bottom:var(--wp--preset--spacing--30);font-size:1rem\">De optie &#8220;automatische activering via de applicatiewidget&#8221; zorgt ervoor dat het alarm automatisch wordt geactiveerd wanneer de applicatie wordt geopend vanuit een van de twee applicatiewidgets.<br><a href=\"https:\/\/www.dataslatitudes.com\/sosuniversal\/nl\/index.php\/ecran-principal\/\">Applicatie starten<\/a><\/p>\r\n<\/div>\r\n\r\n\r\n\r\n<div class=\"wp-block-column is-layout-flow wp-block-column-is-layout-flow\">\r\n<h2 class=\"wp-block-heading has-text-align-center\" style=\"margin-top:0;margin-bottom:0;padding-top:0;padding-bottom:0;font-size:1.2rem\"><strong>Geluidsalarm<\/strong><\/h2>\r\n\r\n\r\n\r\n<figure class=\"wp-block-image aligncenter size-large is-resized\" style=\"margin-top:var(--wp--preset--spacing--20);margin-bottom:var(--wp--preset--spacing--20)\"><img decoding=\"async\" src=\"http:\/\/www.dataslatitudes.com\/sosuniversal\/wp-content\/uploads\/nl_parametre_alarme-459x1024.webp\" alt=\"SOS Universal - instelling van het geluidsalarm\" class=\"wp-image-379\" style=\"width:273px\"\/><\/figure>\r\n\r\n\r\n\r\n<p class=\"has-small-font-size\" style=\"margin-top:var(--wp--preset--spacing--50);margin-bottom:var(--wp--preset--spacing--50)\"><\/p>\r\n<\/div>\r\n<\/div>\r\n","protected":false},"excerpt":{"rendered":"<p>INSTELLINGEN SOS Universal maakt het mogelijk om de taal, het visuele thema, instellingen met betrekking tot de alarmactivering en de [&hellip;]<\/p>\n","protected":false},"author":1,"featured_media":0,"parent":14,"menu_order":4,"comment_status":"closed","ping_status":"closed","template":"","meta":{"site-sidebar-layout":"default","site-content-layout":"","ast-site-content-layout":"","site-content-style":"default","site-sidebar-style":"default","ast-global-header-display":"","ast-banner-title-visibility":"","ast-main-header-display":"","ast-hfb-above-header-display":"","ast-hfb-below-header-display":"","ast-hfb-mobile-header-display":"","site-post-title":"disabled","ast-breadcrumbs-content":"","ast-featured-img":"","footer-sml-layout":"","theme-transparent-header-meta":"","adv-header-id-meta":"","stick-header-meta":"","header-above-stick-meta":"","header-main-stick-meta":"","header-below-stick-meta":"","astra-migrate-meta-layouts":"default","ast-page-background-enabled":"default","ast-page-background-meta":{"desktop":{"background-color":"var(--ast-global-color-5)","background-image":"","background-repeat":"repeat","background-position":"center center","background-size":"auto","background-attachment":"scroll","background-type":"","background-media":"","overlay-type":"","overlay-color":"","overlay-opacity":"","overlay-gradient":""},"tablet":{"background-color":"","background-image":"","background-repeat":"repeat","background-position":"center center","background-size":"auto","background-attachment":"scroll","background-type":"","background-media":"","overlay-type":"","overlay-color":"","overlay-opacity":"","overlay-gradient":""},"mobile":{"background-color":"","background-image":"","background-repeat":"repeat","background-position":"center center","background-size":"auto","background-attachment":"scroll","background-type":"","background-media":"","overlay-type":"","overlay-color":"","overlay-opacity":"","overlay-gradient":""}},"ast-content-background-meta":{"desktop":{"background-color":"var(--ast-global-color-4)","background-image":"","background-repeat":"repeat","background-position":"center center","background-size":"auto","background-attachment":"scroll","background-type":"","background-media":"","overlay-type":"","overlay-color":"","overlay-opacity":"","overlay-gradient":""},"tablet":{"background-color":"var(--ast-global-color-4)","background-image":"","background-repeat":"repeat","background-position":"center center","background-size":"auto","background-attachment":"scroll","background-type":"","background-media":"","overlay-type":"","overlay-color":"","overlay-opacity":"","overlay-gradient":""},"mobile":{"background-color":"var(--ast-global-color-4)","background-image":"","background-repeat":"repeat","background-position":"center center","background-size":"auto","background-attachment":"scroll","background-type":"","background-media":"","overlay-type":"","overlay-color":"","overlay-opacity":"","overlay-gradient":""}},"footnotes":""},"class_list":["post-242","page","type-page","status-publish","hentry"],"yoast_head":"<!-- This site is optimized with the Yoast SEO plugin v25.6 - https:\/\/yoast.com\/wordpress\/plugins\/seo\/ -->\n<title>Instellingen<\/title>\n<meta name=\"description\" content=\"SOS Universal maakt het mogelijk om de taal (54 talen zijn beschikbaar), het visuele thema in te stellen, aanpassingen te doen met betrekking tot de alarmactivering en een geluidsalarm te kiezen.\" \/>\n<meta name=\"robots\" content=\"index, follow, max-snippet:-1, max-image-preview:large, max-video-preview:-1\" \/>\n<link rel=\"canonical\" href=\"\" \/>\n<meta property=\"og:locale\" content=\"nl_NL\" \/>\n<meta property=\"og:type\" content=\"article\" \/>\n<meta property=\"og:title\" content=\"Instellingen\" \/>\n<meta property=\"og:description\" content=\"SOS Universal maakt het mogelijk om de taal (54 talen zijn beschikbaar), het visuele thema in te stellen, aanpassingen te doen met betrekking tot de alarmactivering en een geluidsalarm te kiezen.\" \/>\n<meta property=\"og:url\" content=\"https:\/\/www.dataslatitudes.com\/sosuniversal\/nl\/ecran-principal\/mode-emploi-parametre\/\" \/>\n<meta property=\"og:site_name\" content=\"SOS Universal\" \/>\n<meta property=\"article:modified_time\" content=\"2025-07-31T16:14:15+00:00\" \/>\n<meta name=\"twitter:card\" content=\"summary_large_image\" \/>\n<meta name=\"twitter:label1\" content=\"Geschatte leestijd\" \/>\n\t<meta name=\"twitter:data1\" content=\"2 minuten\" \/>\n<script type=\"application\/ld+json\" class=\"yoast-schema-graph\">{\"@context\":\"https:\/\/schema.org\",\"@graph\":[{\"@type\":\"WebPage\",\"@id\":\"https:\/\/www.dataslatitudes.com\/sosuniversal\/nl\/ecran-principal\/mode-emploi-parametre\/\",\"url\":\"https:\/\/www.dataslatitudes.com\/sosuniversal\/nl\/ecran-principal\/mode-emploi-parametre\/\",\"name\":\"Param\u00e9trage - SOS Universal\",\"isPartOf\":{\"@id\":\"https:\/\/www.dataslatitudes.com\/sosuniversal\/#website\"},\"primaryImageOfPage\":{\"@id\":\"https:\/\/www.dataslatitudes.com\/sosuniversal\/nl\/ecran-principal\/mode-emploi-parametre\/#primaryimage\"},\"image\":{\"@id\":\"https:\/\/www.dataslatitudes.com\/sosuniversal\/nl\/ecran-principal\/mode-emploi-parametre\/#primaryimage\"},\"thumbnailUrl\":\"http:\/\/www.dataslatitudes.com\/sosuniversal\/wp-content\/uploads\/fr_parametre_langage-459x1024.webp\",\"datePublished\":\"2025-06-13T07:08:40+00:00\",\"dateModified\":\"2025-07-31T16:14:15+00:00\",\"description\":\"SOS Universal permet de param\u00e9trer la langue (59 langues sont disponibles), le th\u00e8me visuel, de faire des r\u00e9glages relatifs au d\u00e9clenchement de l\u2019alarme et de choisir une alarme sonore.\",\"breadcrumb\":{\"@id\":\"https:\/\/www.dataslatitudes.com\/sosuniversal\/nl\/ecran-principal\/mode-emploi-parametre\/#breadcrumb\"},\"inLanguage\":\"nl-NL\",\"potentialAction\":[{\"@type\":\"ReadAction\",\"target\":[\"https:\/\/www.dataslatitudes.com\/sosuniversal\/nl\/ecran-principal\/mode-emploi-parametre\/\"]}]},{\"@type\":\"ImageObject\",\"inLanguage\":\"nl-NL\",\"@id\":\"https:\/\/www.dataslatitudes.com\/sosuniversal\/nl\/ecran-principal\/mode-emploi-parametre\/#primaryimage\",\"url\":\"http:\/\/www.dataslatitudes.com\/sosuniversal\/wp-content\/uploads\/fr_parametre_langage-459x1024.webp\",\"contentUrl\":\"http:\/\/www.dataslatitudes.com\/sosuniversal\/wp-content\/uploads\/fr_parametre_langage-459x1024.webp\"},{\"@type\":\"BreadcrumbList\",\"@id\":\"https:\/\/www.dataslatitudes.com\/sosuniversal\/nl\/ecran-principal\/mode-emploi-parametre\/#breadcrumb\",\"itemListElement\":[{\"@type\":\"ListItem\",\"position\":1,\"name\":\"Presentatie\",\"item\":\"https:\/\/www.dataslatitudes.com\/sosuniversal\/fr\/\"},{\"@type\":\"ListItem\",\"position\":2,\"name\":\"Hoofdscherm\",\"item\":\"https:\/\/www.dataslatitudes.com\/sosuniversal\/ecran-principal\/\"},{\"@type\":\"ListItem\",\"position\":3,\"name\":\"Instellingen\"}]},{\"@type\":\"WebSite\",\"@id\":\"https:\/\/www.dataslatitudes.com\/sosuniversal\/nl\/#website\",\"url\":\"https:\/\/www.dataslatitudes.com\/sosuniversal\/nl\/\",\"name\":\"SOS Universal\",\"description\":\"\",\"publisher\":{\"@id\":\"https:\/\/www.dataslatitudes.com\/sosuniversal\/nl\/#organization\"},\"potentialAction\":[{\"@type\":\"SearchAction\",\"target\":{\"@type\":\"EntryPoint\",\"urlTemplate\":\"https:\/\/www.dataslatitudes.com\/sosuniversal\/nl\/?s={search_term_string}\"},\"query-input\":{\"@type\":\"PropertyValueSpecification\",\"valueRequired\":true,\"valueName\":\"search_term_string\"}}],\"inLanguage\":\"nl-NL\"},{\"@type\":\"Organization\",\"@id\":\"https:\/\/www.dataslatitudes.com\/sosuniversal\/nl\/#organization\",\"name\":\"DATASLATITUDES\",\"url\":\"https:\/\/www.dataslatitudes.com\/sosuniversal\/nl\/\",\"logo\":{\"@type\":\"ImageObject\",\"inLanguage\":\"nl-NL\",\"@id\":\"https:\/\/www.dataslatitudes.com\/sosuniversal\/nl\/#\/schema\/logo\/image\/\",\"url\":\"https:\/\/www.dataslatitudes.com\/sosuniversal\/wp-content\/uploads\/2025\/07\/logo_mrdv.png\",\"contentUrl\":\"https:\/\/www.dataslatitudes.com\/sosuniversal\/wp-content\/uploads\/2025\/07\/logo_mrdv.png\",\"width\":72,\"height\":72,\"caption\":\"DATASLATITUDES\"},\"image\":{\"@id\":\"https:\/\/www.dataslatitudes.com\/sosuniversal\/nl\/#\/schema\/logo\/image\/\"}}]}<\/script>\n<!-- \/ Yoast SEO plugin. -->","yoast_head_json":{"title":"Instellingen","description":"SOS Universal maakt het mogelijk om de taal (54 talen zijn beschikbaar), het visuele thema in te stellen, aanpassingen te doen met betrekking tot de alarmactivering en een geluidsalarm te kiezen.","robots":{"index":"index","follow":"follow","max-snippet":"max-snippet:-1","max-image-preview":"max-image-preview:large","max-video-preview":"max-video-preview:-1"},"canonical":"INSTELLINGEN SOS Universal maakt het mogelijk om de taal, het visuele thema, instellingen met betrekking tot de alarmactivering en de keuze van een geluidsalarm te configureren. Taal 54 talen beschikbaar: AfrikaansAlbanianArabicArmenianAzerbaijaniBanglaBelarusianBulgarianBurmeseChineseCroatianCzechDanishDutchEnglishEstonianFinnishFrenchGeorgianGerman GreekHebrewHindiHungarianIndonesianItalianJapaneseKazakhKhmerKoreanLaoLatvianLithuanianMacedonianMalayMongolianNepaliNorwegianPersianPolish PortugueseRomanianRussianSerbianSlovakSlovenianSpanishSwahiliSwedishThaiTurkishUkrainianUrduVietnamese Visueel thema Alarm activeren De optie \"automatische activering via de applicatiewidget\" zorgt ervoor dat het alarm automatisch wordt geactiveerd wanneer de applicatie&hellip;","og_locale":"nl_NL","og_type":"article","og_title":"Instellingen","og_description":"SOS Universal maakt het mogelijk om de taal (54 talen zijn beschikbaar), het visuele thema in te stellen, aanpassingen te doen met betrekking tot de alarmactivering en een geluidsalarm te kiezen.","og_url":"https:\/\/www.dataslatitudes.com\/sosuniversal\/nl\/ecran-principal\/mode-emploi-parametre\/","og_site_name":"SOS Universal","article_modified_time":"2025-07-31T16:14:15+00:00","twitter_card":"summary_large_image","twitter_misc":{"Geschatte leestijd":"2 minuten"},"schema":{"@context":"https:\/\/schema.org","@graph":[{"@type":"WebPage","@id":"https:\/\/www.dataslatitudes.com\/sosuniversal\/nl\/ecran-principal\/mode-emploi-parametre\/","url":"https:\/\/www.dataslatitudes.com\/sosuniversal\/nl\/ecran-principal\/mode-emploi-parametre\/","name":"Param\u00e9trage - SOS Universal","isPartOf":{"@id":"https:\/\/www.dataslatitudes.com\/sosuniversal\/#website"},"primaryImageOfPage":{"@id":"https:\/\/www.dataslatitudes.com\/sosuniversal\/nl\/ecran-principal\/mode-emploi-parametre\/#primaryimage"},"image":{"@id":"https:\/\/www.dataslatitudes.com\/sosuniversal\/nl\/ecran-principal\/mode-emploi-parametre\/#primaryimage"},"thumbnailUrl":"http:\/\/www.dataslatitudes.com\/sosuniversal\/wp-content\/uploads\/fr_parametre_langage-459x1024.webp","datePublished":"2025-06-13T07:08:40+00:00","dateModified":"2025-07-31T16:14:15+00:00","description":"SOS Universal permet de param\u00e9trer la langue (59 langues sont disponibles), le th\u00e8me visuel, de faire des r\u00e9glages relatifs au d\u00e9clenchement de l\u2019alarme et de choisir une alarme sonore.","breadcrumb":{"@id":"https:\/\/www.dataslatitudes.com\/sosuniversal\/nl\/ecran-principal\/mode-emploi-parametre\/#breadcrumb"},"inLanguage":"nl-NL","potentialAction":[{"@type":"ReadAction","target":["https:\/\/www.dataslatitudes.com\/sosuniversal\/nl\/ecran-principal\/mode-emploi-parametre\/"]}]},{"@type":"ImageObject","inLanguage":"nl-NL","@id":"https:\/\/www.dataslatitudes.com\/sosuniversal\/nl\/ecran-principal\/mode-emploi-parametre\/#primaryimage","url":"http:\/\/www.dataslatitudes.com\/sosuniversal\/wp-content\/uploads\/fr_parametre_langage-459x1024.webp","contentUrl":"http:\/\/www.dataslatitudes.com\/sosuniversal\/wp-content\/uploads\/fr_parametre_langage-459x1024.webp"},{"@type":"BreadcrumbList","@id":"https:\/\/www.dataslatitudes.com\/sosuniversal\/nl\/ecran-principal\/mode-emploi-parametre\/#breadcrumb","itemListElement":[{"@type":"ListItem","position":1,"name":"Presentatie","item":"https:\/\/www.dataslatitudes.com\/sosuniversal\/fr\/"},{"@type":"ListItem","position":2,"name":"Hoofdscherm","item":"https:\/\/www.dataslatitudes.com\/sosuniversal\/ecran-principal\/"},{"@type":"ListItem","position":3,"name":"Instellingen"}]},{"@type":"WebSite","@id":"https:\/\/www.dataslatitudes.com\/sosuniversal\/nl\/#website","url":"https:\/\/www.dataslatitudes.com\/sosuniversal\/nl\/","name":"SOS Universal","description":"","publisher":{"@id":"https:\/\/www.dataslatitudes.com\/sosuniversal\/nl\/#organization"},"potentialAction":[{"@type":"SearchAction","target":{"@type":"EntryPoint","urlTemplate":"https:\/\/www.dataslatitudes.com\/sosuniversal\/nl\/?s={search_term_string}"},"query-input":{"@type":"PropertyValueSpecification","valueRequired":true,"valueName":"search_term_string"}}],"inLanguage":"nl-NL"},{"@type":"Organization","@id":"https:\/\/www.dataslatitudes.com\/sosuniversal\/nl\/#organization","name":"DATASLATITUDES","url":"https:\/\/www.dataslatitudes.com\/sosuniversal\/nl\/","logo":{"@type":"ImageObject","inLanguage":"nl-NL","@id":"https:\/\/www.dataslatitudes.com\/sosuniversal\/nl\/#\/schema\/logo\/image\/","url":"https:\/\/www.dataslatitudes.com\/sosuniversal\/wp-content\/uploads\/2025\/07\/logo_mrdv.png","contentUrl":"https:\/\/www.dataslatitudes.com\/sosuniversal\/wp-content\/uploads\/2025\/07\/logo_mrdv.png","width":72,"height":72,"caption":"DATASLATITUDES"},"image":{"@id":"https:\/\/www.dataslatitudes.com\/sosuniversal\/nl\/#\/schema\/logo\/image\/"}}]}},"_links":{"self":[{"href":"https:\/\/www.dataslatitudes.com\/sosuniversal\/nl\/wp-json\/wp\/v2\/pages\/242","targetHints":{"allow":["GET"]}}],"collection":[{"href":"https:\/\/www.dataslatitudes.com\/sosuniversal\/nl\/wp-json\/wp\/v2\/pages"}],"about":[{"href":"https:\/\/www.dataslatitudes.com\/sosuniversal\/nl\/wp-json\/wp\/v2\/types\/page"}],"author":[{"embeddable":true,"href":"https:\/\/www.dataslatitudes.com\/sosuniversal\/nl\/wp-json\/wp\/v2\/users\/1"}],"replies":[{"embeddable":true,"href":"https:\/\/www.dataslatitudes.com\/sosuniversal\/nl\/wp-json\/wp\/v2\/comments?post=242"}],"version-history":[{"count":41,"href":"https:\/\/www.dataslatitudes.com\/sosuniversal\/nl\/wp-json\/wp\/v2\/pages\/242\/revisions"}],"predecessor-version":[{"id":1087,"href":"https:\/\/www.dataslatitudes.com\/sosuniversal\/nl\/wp-json\/wp\/v2\/pages\/242\/revisions\/1087"}],"up":[{"embeddable":true,"href":"https:\/\/www.dataslatitudes.com\/sosuniversal\/nl\/wp-json\/wp\/v2\/pages\/14"}],"wp:attachment":[{"href":"https:\/\/www.dataslatitudes.com\/sosuniversal\/nl\/wp-json\/wp\/v2\/media?parent=242"}],"curies":[{"name":"wp","href":"https:\/\/api.w.org\/{rel}","templated":true}]}}