{"id":127,"date":"2025-06-12T03:29:21","date_gmt":"2025-06-12T03:29:21","guid":{"rendered":"https:\/\/www.dataslatitudes.com\/sosuniversal\/?page_id=127"},"modified":"2025-07-13T07:26:58","modified_gmt":"2025-07-13T07:26:58","slug":"cas-dutilisation","status":"publish","type":"page","link":"https:\/\/www.dataslatitudes.com\/sosuniversal\/nl\/cas-dutilisation\/","title":{"rendered":"Gebruiksscenario's"},"content":{"rendered":"\r\n<p class=\"has-small-font-size\"><\/p>\r\n\r\n\r\n\r\n<h1 class=\"wp-block-heading has-text-align-center has-medium-font-size\"><strong>GEBRUIKSSENARIO&#8217;S<\/strong><\/h1>\r\n\r\n\r\n\r\n<p style=\"font-size:1rem\">Een smartphone-applicatie die waarschuwingen, hulpoproepen of eenvoudigweg de huidige locatie kan verzenden, kan in veel situaties cruciaal zijn, wat gemoedsrust biedt en bijdraagt aan snelle toegang tot hulp. Hier zijn enkele voorbeelden van gebruikssituaties, ingedeeld per categorie voor een beter begrip.<\/p>\r\n\r\n\r\n\r\n<h2 class=\"wp-block-heading has-background\" style=\"background-color:#f9f3eb;margin-top:var(--wp--preset--spacing--30);margin-bottom:var(--wp--preset--spacing--30);padding-top:var(--wp--preset--spacing--20);padding-bottom:var(--wp--preset--spacing--20);font-size:1.2rem\">Persoonlijke veiligheid en noodsituaties<\/h2>\r\n\r\n\r\n\r\n<ul class=\"wp-block-list\">\r\n<li style=\"font-size:1rem\"><strong>Geweld tegen vrouwen, LGBT-fobisch en serofobisch geweld, racistisch, xenofoob geweld of geweld op grond van religie, geweld tegen mensen met een handicap&nbsp;: <\/strong>In geval van fysieke of verbale agressie, stelt de app u in staat om met \u00e9\u00e9n klik een discrete waarschuwing te activeren naar vertrouwde contacten met het delen van de real-time GPS-positie. Een audio-opname kan ook worden ingesteld om als bewijs te dienen in geval van een klacht.<\/li>\r\n\r\n\r\n\r\n<li style=\"font-size:1rem\"><strong>Slachtoffer van ongepaste gebaren in het openbaar vervoer (bijv. aanrakingen in de metro): <\/strong>het slachtoffer kan een geluidsalarm van hoge intensiteit (bijvoorbeeld een politiesirene of een menselijk geschreeuw) en een audio-opname activeren.<\/li>\r\n\r\n\r\n\r\n<li style=\"font-size:1rem\"><strong>Agressie of onmiddellijke bedreiging: <\/strong>in geval van fysieke agressie, poging tot verkrachting, diefstal met geweld, of elke situatie die direct de fysieke integriteit van de gebruiker bedreigt, stelt de applicatie u in staat om een discrete en snelle waarschuwing naar noodcontacten te sturen.<\/li>\r\n\r\n\r\n\r\n<li style=\"font-size:1rem\"><strong>Situatie van intimidatie of stalking: <\/strong>de applicatie maakt het mogelijk om discreet vertrouwde contacten of autoriteiten te waarschuwen in geval van tracking of intimidatie, met de mogelijkheid om bewijs vast te leggen via audio-opname.<\/li>\r\n\r\n\r\n\r\n<li style=\"font-size:1rem\"><strong>Slachtoffers van huiselijk geweld: <\/strong>het is mogelijk om discreet en snel hulp te vragen in geval van gevaar, zonder de aanvaller te waarschuwen.<\/li>\r\n<\/ul>\r\n\r\n\r\n\r\n<p style=\"font-size:1rem\">In de voorgaande gevallen kan de discrete waarschuwing worden aangevuld of vervangen door een geluidswaarschuwing: activering van een krachtige sirene of simulatie van een inkomende oproep om afleiding te cre\u00ebren.<\/p>\r\n\r\n\r\n\r\n<ul class=\"wp-block-list\">\r\n<li style=\"font-size:1rem\"><strong>Medische noodsituatie: <\/strong>voor mensen die lijden aan chronische ziekten (hartaanvallen, ernstige astma-aanvallen, epilepsie, ernstige allergie\u00ebn) of in geval van een ongeluk (val, letsel), maakt de applicatie het mogelijk om een hulpoproep te versturen.<\/li>\r\n\r\n\r\n\r\n<li style=\"font-size:1rem\"><strong>Verdwijning of verdwalen: <\/strong>bijzonder nuttig voor kinderen, ouderen met cognitieve stoornissen of wandelaars, maakt de app het mogelijk om de GPS-positie in real-time te versturen, wat zoekopdrachten vergemakkelijkt.<\/li>\r\n\r\n\r\n\r\n<li style=\"font-size:1rem\"><strong>Verkeersongevallen: <\/strong>in geval van een ongeluk, de app maakt het mogelijk om een waarschuwing met de locatie te versturen.<\/li>\r\n\r\n\r\n\r\n<li style=\"font-size:1rem\"><strong>Natuurrampen: <\/strong>bij aardbevingen, overstromingen, bosbranden of andere rampen kan de app worden gebruikt om uw positie te melden, hulp te vragen en uw dierbaren over uw veiligheid te informeren.<\/li>\r\n<\/ul>\r\n\r\n\r\n\r\n<h2 class=\"wp-block-heading has-background\" style=\"background-color:#f9f3eb;margin-top:var(--wp--preset--spacing--30);margin-bottom:var(--wp--preset--spacing--30);padding-top:var(--wp--preset--spacing--20);padding-bottom:var(--wp--preset--spacing--20);font-size:1.2rem\">Dagelijks leven en hulp<\/h2>\r\n\r\n\r\n\r\n<ul class=\"wp-block-list\">\r\n<li style=\"font-size:1rem\"><strong>Ouderen of mensen met een handicap: <\/strong>de applicatie kan worden gebruikt om een hulpverzoek te activeren.<\/li>\r\n\r\n\r\n\r\n<li style=\"font-size:1rem\"><strong>Kinderen en adolescenten: <\/strong>voor ouders die bezorgd zijn over de veiligheid van hun kinderen, kan de app kinderen in staat stellen discreet een waarschuwing te sturen in geval van gevaar, wanneer ze zich verloren voelen, of in een situatie van intimidatie (met bewijsopname).<br>Voorbeeld: een tiener op een feestje die zich ongemakkelijk voelt, onder druk staat, of opgehaald moet worden zonder zich direct te kunnen uiten, kan discreet een waarschuwing sturen naar haar ouders of een vertrouwde volwassene.<\/li>\r\n\r\n\r\n\r\n<li style=\"font-size:1rem\"><strong>Mechanische problemen of voertuigpech: <\/strong>in geval van pech op een afgelegen of gevaarlijke weg, stelt de applicatie u in staat om een waarschuwing naar pechhulpdiensten of naar contacten te sturen om hulp te vragen.<\/li>\r\n\r\n\r\n\r\n<li style=\"font-size:1rem\"><strong>Sociale isolatie of gevoel van gevaar: <\/strong>een persoon die zich kwetsbaar of bedreigd voelt in een specifieke sociale situatie (bijvoorbeeld tijdens een afspraak met een onbekende) kan de applicatie gebruiken om discreet een vriend te waarschuwen en zijn positie te delen.<\/li>\r\n\r\n\r\n\r\n<li style=\"font-size:1rem\"><strong>Psychologische ondersteuning: <\/strong>voor mensen die lijden aan angst- of paniekaanvallen, stelt de app hen in staat om een vertrouwde contactpersoon te waarschuwen voor onmiddellijke ondersteuning.<\/li>\r\n<\/ul>\r\n\r\n\r\n\r\n<h2 class=\"wp-block-heading has-background\" style=\"background-color:#f9f3eb;margin-top:var(--wp--preset--spacing--30);margin-bottom:var(--wp--preset--spacing--30);padding-top:var(--wp--preset--spacing--20);padding-bottom:var(--wp--preset--spacing--20);font-size:1.2rem\">Werk en professionele situaties<\/h2>\r\n\r\n\r\n\r\n<ul class=\"wp-block-list\">\r\n<li style=\"font-size:1rem\"><strong>Alleenwerkers: <\/strong>voor professionals die alleen werken in risicovolle omgevingen (beveiligingsbeambten, onderhoudstechnici, taxichauffeurs, boeren, oesterkwekers), draagt de applicatie bij aan snelle hulp in geval van een ongeluk of agressie.<\/li>\r\n\r\n\r\n\r\n<li style=\"font-size:1rem\"><strong>Gezondheids- en sociale professionals: <\/strong>artsen, verpleegkundigen, maatschappelijk werkers of thuiszorgmedewerkers die risicopati\u00ebnten of -cli\u00ebnten bezoeken, kunnen de app gebruiken om een gevaarlijke situatie te melden of om hulp te vragen.<\/li>\r\n\r\n\r\n\r\n<li style=\"font-size:1rem\"><strong>Nachtpersoneel: <\/strong>medewerkers die &#8217;s nachts op afgelegen locaties werken (benzinestations, supermarkten, hotels) kunnen snel hulp vragen in geval van diefstal of overval.<\/li>\r\n\r\n\r\n\r\n<li style=\"font-size:1rem\"><strong>Journalisten en verslaggevers in risicogebieden: <\/strong>mogelijkheid om een gevaarlijke situatie of een arrestatie te melden, waarbij de locatie en contextuele informatie (via telefoon of SMS) worden doorgegeven aan noodcontacten.<\/li>\r\n<\/ul>\r\n\r\n\r\n\r\n<h2 class=\"wp-block-heading has-background\" style=\"background-color:#f9f3eb;margin-top:var(--wp--preset--spacing--30);margin-bottom:var(--wp--preset--spacing--30);padding-top:var(--wp--preset--spacing--20);padding-bottom:var(--wp--preset--spacing--20);font-size:1.2rem\">Vrije tijd en buitenactiviteiten<\/h2>\r\n\r\n\r\n\r\n<ul class=\"wp-block-list\">\r\n<li style=\"font-size:1rem\"><strong>Wandelen en bergbeklimmen: <\/strong>in geval van vallen, letsel, desori\u00ebntatie of extreme weersomstandigheden, stelt de app u in staat om een waarschuwing met de GPS-locatie naar reddingsteams of uw familie te sturen.<\/li>\r\n\r\n\r\n\r\n<li style=\"font-size:1rem\"><strong>Watersport: <\/strong>voor watersporters bijvoorbeeld, kan de applicatie worden gebruikt om een probleem te melden (kapseizen, motorpech, letsel) met doorgifte van de positie.<\/li>\r\n\r\n\r\n\r\n<li style=\"font-size:1rem\"><strong>Fietsen en hardlopen: <\/strong>in geval van een val, letsel of onwel worden, kan de app vooraf ingestelde contacten met de locatie waarschuwen.<\/li>\r\n\r\n\r\n\r\n<li style=\"font-size:1rem\"><strong>Reizen en toerisme: <\/strong>reizigers, vooral diegenen die onbekende of gevaarlijke gebieden verkennen, kunnen de applicatie gebruiken om hun dierbaren of consulaire diensten te waarschuwen in geval van problemen (aanval, ziekte, diefstal van documenten).<\/li>\r\n<\/ul>\r\n\r\n\r\n\r\n<p style=\"font-size:1rem\">In de voorgaande gevallen, met als doel bijvoorbeeld uw professionele of familieomgeving te informeren, kan de waarschuwing ook worden beperkt tot het alleen via SMS verzenden van de huidige geografische locatie. Voorbeeld: in de herhalingsmodus, gedurende 5 uur, elke 15 minuten, stuur ik een SMS die alleen mijn locatie bevat.<\/p>\r\n\r\n\r\n\r\n<p class=\"has-small-font-size\" style=\"margin-top:var(--wp--preset--spacing--30);margin-bottom:var(--wp--preset--spacing--30)\"><\/p>\r\n","protected":false},"excerpt":{"rendered":"<p>GEBRUIKSSENARIO&#8217;S Een smartphone-applicatie die waarschuwingen, hulpoproepen of eenvoudigweg de huidige locatie kan verzenden, kan in veel situaties cruciaal zijn, wat [&hellip;]<\/p>\n","protected":false},"author":1,"featured_media":0,"parent":0,"menu_order":1,"comment_status":"closed","ping_status":"closed","template":"","meta":{"site-sidebar-layout":"default","site-content-layout":"","ast-site-content-layout":"","site-content-style":"default","site-sidebar-style":"default","ast-global-header-display":"","ast-banner-title-visibility":"","ast-main-header-display":"","ast-hfb-above-header-display":"","ast-hfb-below-header-display":"","ast-hfb-mobile-header-display":"","site-post-title":"disabled","ast-breadcrumbs-content":"","ast-featured-img":"","footer-sml-layout":"","theme-transparent-header-meta":"","adv-header-id-meta":"","stick-header-meta":"","header-above-stick-meta":"","header-main-stick-meta":"","header-below-stick-meta":"","astra-migrate-meta-layouts":"default","ast-page-background-enabled":"default","ast-page-background-meta":{"desktop":{"background-color":"var(--ast-global-color-5)","background-image":"","background-repeat":"repeat","background-position":"center center","background-size":"auto","background-attachment":"scroll","background-type":"","background-media":"","overlay-type":"","overlay-color":"","overlay-opacity":"","overlay-gradient":""},"tablet":{"background-color":"","background-image":"","background-repeat":"repeat","background-position":"center center","background-size":"auto","background-attachment":"scroll","background-type":"","background-media":"","overlay-type":"","overlay-color":"","overlay-opacity":"","overlay-gradient":""},"mobile":{"background-color":"","background-image":"","background-repeat":"repeat","background-position":"center center","background-size":"auto","background-attachment":"scroll","background-type":"","background-media":"","overlay-type":"","overlay-color":"","overlay-opacity":"","overlay-gradient":""}},"ast-content-background-meta":{"desktop":{"background-color":"var(--ast-global-color-4)","background-image":"","background-repeat":"repeat","background-position":"center center","background-size":"auto","background-attachment":"scroll","background-type":"","background-media":"","overlay-type":"","overlay-color":"","overlay-opacity":"","overlay-gradient":""},"tablet":{"background-color":"var(--ast-global-color-4)","background-image":"","background-repeat":"repeat","background-position":"center center","background-size":"auto","background-attachment":"scroll","background-type":"","background-media":"","overlay-type":"","overlay-color":"","overlay-opacity":"","overlay-gradient":""},"mobile":{"background-color":"var(--ast-global-color-4)","background-image":"","background-repeat":"repeat","background-position":"center center","background-size":"auto","background-attachment":"scroll","background-type":"","background-media":"","overlay-type":"","overlay-color":"","overlay-opacity":"","overlay-gradient":""}},"footnotes":""},"class_list":["post-127","page","type-page","status-publish","hentry"],"yoast_head":"<!-- This site is optimized with the Yoast SEO plugin v25.6 - https:\/\/yoast.com\/wordpress\/plugins\/seo\/ -->\n<title>Gebruiksscenario&#039;s<\/title>\n<meta name=\"description\" content=\"Een smartphone-applicatie die waarschuwingen, hulpoproepen of eenvoudigweg de huidige locatie kan verzenden, kan in veel situaties cruciaal zijn, wat gemoedsrust biedt en bijdraagt aan snelle toegang tot hulp. Voorbeelden: persoonlijke veiligheid en noodsituaties, dagelijks leven en hulp, werk en professionele situaties, en vrijetijdsbesteding en buitenactiviteiten.\" \/>\n<meta name=\"robots\" content=\"index, follow, max-snippet:-1, max-image-preview:large, max-video-preview:-1\" \/>\n<link rel=\"canonical\" href=\"http:\/\/GEBRUIKSSENARIO'S%20Een%20smartphone-applicatie%20die%20waarschuwingen,%20hulpoproepen%20of%20eenvoudigweg%20de%20huidige%20locatie%20kan%20verzenden,%20kan%20in%20veel%20situaties%20cruciaal%20zijn,%20wat%20gemoedsrust%20biedt%20en%20bijdraagt%20aan%20snelle%20toegang%20tot%20hulp.%20Hier%20zijn%20enkele%20voorbeelden%20van%20gebruikssituaties,%20ingedeeld%20per%20categorie%20voor%20een%20beter%20begrip.%20Persoonlijke%20veiligheid%20en%20noodsituaties%20Geweld%20tegen%20vrouwen,%20LGBT-fobisch%20en%20serofobisch%20geweld,%20racistisch,%20xenofoob&hellip;\" \/>\n<meta property=\"og:locale\" content=\"nl_NL\" \/>\n<meta property=\"og:type\" content=\"article\" \/>\n<meta property=\"og:title\" content=\"Gebruiksscenario&#039;s\" \/>\n<meta property=\"og:description\" content=\"Een smartphone-applicatie die waarschuwingen, hulpoproepen of eenvoudigweg de huidige locatie kan verzenden, kan in veel situaties cruciaal zijn, wat gemoedsrust biedt en bijdraagt aan snelle toegang tot hulp. Voorbeelden: persoonlijke veiligheid en noodsituaties, dagelijks leven en hulp, werk en professionele situaties, en vrijetijdsbesteding en buitenactiviteiten.\" \/>\n<meta property=\"og:url\" content=\"https:\/\/www.dataslatitudes.com\/sosuniversal\/nl\/cas-dutilisation\/\" \/>\n<meta property=\"og:site_name\" content=\"SOS Universal\" \/>\n<meta property=\"article:modified_time\" content=\"2025-07-13T07:26:58+00:00\" \/>\n<meta name=\"twitter:card\" content=\"summary_large_image\" \/>\n<meta name=\"twitter:label1\" content=\"Geschatte leestijd\" \/>\n\t<meta name=\"twitter:data1\" content=\"5 minuten\" \/>\n<script type=\"application\/ld+json\" class=\"yoast-schema-graph\">{\"@context\":\"https:\/\/schema.org\",\"@graph\":[{\"@type\":\"WebPage\",\"@id\":\"https:\/\/www.dataslatitudes.com\/sosuniversal\/nl\/cas-dutilisation\/\",\"url\":\"https:\/\/www.dataslatitudes.com\/sosuniversal\/nl\/cas-dutilisation\/\",\"name\":\"Cas d'utilisation - SOS Universal\",\"isPartOf\":{\"@id\":\"https:\/\/www.dataslatitudes.com\/sosuniversal\/#website\"},\"datePublished\":\"2025-06-12T03:29:21+00:00\",\"dateModified\":\"2025-07-13T07:26:58+00:00\",\"description\":\"Une application pour smartphone permettant d\u2019envoyer des alertes, des appels \u00e0 l\u2019aide ou tout simplement sa localisation courante peut s\u2019av\u00e9rer cruciale dans de nombreuses situations, offrant une tranquillit\u00e9 d\u2019esprit et contribuant \u00e0 un acc\u00e8s rapide \u00e0 l\u2019assistance. Exemples : s\u00e9curit\u00e9 personnelle et situations d\u2019urgence, vie quotidienne et assistance, travail et situations professionnelles ainsi que loisirs et activit\u00e9s en ext\u00e9rieur.\",\"breadcrumb\":{\"@id\":\"https:\/\/www.dataslatitudes.com\/sosuniversal\/nl\/cas-dutilisation\/#breadcrumb\"},\"inLanguage\":\"nl-NL\",\"potentialAction\":[{\"@type\":\"ReadAction\",\"target\":[\"https:\/\/www.dataslatitudes.com\/sosuniversal\/nl\/cas-dutilisation\/\"]}]},{\"@type\":\"BreadcrumbList\",\"@id\":\"https:\/\/www.dataslatitudes.com\/sosuniversal\/nl\/cas-dutilisation\/#breadcrumb\",\"itemListElement\":[{\"@type\":\"ListItem\",\"position\":1,\"name\":\"Presentatie\",\"item\":\"https:\/\/www.dataslatitudes.com\/sosuniversal\/fr\/\"},{\"@type\":\"ListItem\",\"position\":2,\"name\":\"Gebruiksscenario's\"}]},{\"@type\":\"WebSite\",\"@id\":\"https:\/\/www.dataslatitudes.com\/sosuniversal\/nl\/#website\",\"url\":\"https:\/\/www.dataslatitudes.com\/sosuniversal\/nl\/\",\"name\":\"SOS Universal\",\"description\":\"\",\"publisher\":{\"@id\":\"https:\/\/www.dataslatitudes.com\/sosuniversal\/nl\/#organization\"},\"potentialAction\":[{\"@type\":\"SearchAction\",\"target\":{\"@type\":\"EntryPoint\",\"urlTemplate\":\"https:\/\/www.dataslatitudes.com\/sosuniversal\/nl\/?s={search_term_string}\"},\"query-input\":{\"@type\":\"PropertyValueSpecification\",\"valueRequired\":true,\"valueName\":\"search_term_string\"}}],\"inLanguage\":\"nl-NL\"},{\"@type\":\"Organization\",\"@id\":\"https:\/\/www.dataslatitudes.com\/sosuniversal\/nl\/#organization\",\"name\":\"DATASLATITUDES\",\"url\":\"https:\/\/www.dataslatitudes.com\/sosuniversal\/nl\/\",\"logo\":{\"@type\":\"ImageObject\",\"inLanguage\":\"nl-NL\",\"@id\":\"https:\/\/www.dataslatitudes.com\/sosuniversal\/nl\/#\/schema\/logo\/image\/\",\"url\":\"https:\/\/www.dataslatitudes.com\/sosuniversal\/wp-content\/uploads\/2025\/07\/logo_mrdv.png\",\"contentUrl\":\"https:\/\/www.dataslatitudes.com\/sosuniversal\/wp-content\/uploads\/2025\/07\/logo_mrdv.png\",\"width\":72,\"height\":72,\"caption\":\"DATASLATITUDES\"},\"image\":{\"@id\":\"https:\/\/www.dataslatitudes.com\/sosuniversal\/nl\/#\/schema\/logo\/image\/\"}}]}<\/script>\n<!-- \/ Yoast SEO plugin. -->","yoast_head_json":{"title":"Gebruiksscenario's","description":"Een smartphone-applicatie die waarschuwingen, hulpoproepen of eenvoudigweg de huidige locatie kan verzenden, kan in veel situaties cruciaal zijn, wat gemoedsrust biedt en bijdraagt aan snelle toegang tot hulp. Voorbeelden: persoonlijke veiligheid en noodsituaties, dagelijks leven en hulp, werk en professionele situaties, en vrijetijdsbesteding en buitenactiviteiten.","robots":{"index":"index","follow":"follow","max-snippet":"max-snippet:-1","max-image-preview":"max-image-preview:large","max-video-preview":"max-video-preview:-1"},"canonical":"GEBRUIKSSENARIO'S Een smartphone-applicatie die waarschuwingen, hulpoproepen of eenvoudigweg de huidige locatie kan verzenden, kan in veel situaties cruciaal zijn, wat gemoedsrust biedt en bijdraagt aan snelle toegang tot hulp. Hier zijn enkele voorbeelden van gebruikssituaties, ingedeeld per categorie voor een beter begrip. Persoonlijke veiligheid en noodsituaties Geweld tegen vrouwen, LGBT-fobisch en serofobisch geweld, racistisch, xenofoob&hellip;","og_locale":"nl_NL","og_type":"article","og_title":"Gebruiksscenario's","og_description":"Een smartphone-applicatie die waarschuwingen, hulpoproepen of eenvoudigweg de huidige locatie kan verzenden, kan in veel situaties cruciaal zijn, wat gemoedsrust biedt en bijdraagt aan snelle toegang tot hulp. Voorbeelden: persoonlijke veiligheid en noodsituaties, dagelijks leven en hulp, werk en professionele situaties, en vrijetijdsbesteding en buitenactiviteiten.","og_url":"https:\/\/www.dataslatitudes.com\/sosuniversal\/nl\/cas-dutilisation\/","og_site_name":"SOS Universal","article_modified_time":"2025-07-13T07:26:58+00:00","twitter_card":"summary_large_image","twitter_misc":{"Geschatte leestijd":"5 minuten"},"schema":{"@context":"https:\/\/schema.org","@graph":[{"@type":"WebPage","@id":"https:\/\/www.dataslatitudes.com\/sosuniversal\/nl\/cas-dutilisation\/","url":"https:\/\/www.dataslatitudes.com\/sosuniversal\/nl\/cas-dutilisation\/","name":"Cas d'utilisation - SOS Universal","isPartOf":{"@id":"https:\/\/www.dataslatitudes.com\/sosuniversal\/#website"},"datePublished":"2025-06-12T03:29:21+00:00","dateModified":"2025-07-13T07:26:58+00:00","description":"Une application pour smartphone permettant d\u2019envoyer des alertes, des appels \u00e0 l\u2019aide ou tout simplement sa localisation courante peut s\u2019av\u00e9rer cruciale dans de nombreuses situations, offrant une tranquillit\u00e9 d\u2019esprit et contribuant \u00e0 un acc\u00e8s rapide \u00e0 l\u2019assistance. Exemples : s\u00e9curit\u00e9 personnelle et situations d\u2019urgence, vie quotidienne et assistance, travail et situations professionnelles ainsi que loisirs et activit\u00e9s en ext\u00e9rieur.","breadcrumb":{"@id":"https:\/\/www.dataslatitudes.com\/sosuniversal\/nl\/cas-dutilisation\/#breadcrumb"},"inLanguage":"nl-NL","potentialAction":[{"@type":"ReadAction","target":["https:\/\/www.dataslatitudes.com\/sosuniversal\/nl\/cas-dutilisation\/"]}]},{"@type":"BreadcrumbList","@id":"https:\/\/www.dataslatitudes.com\/sosuniversal\/nl\/cas-dutilisation\/#breadcrumb","itemListElement":[{"@type":"ListItem","position":1,"name":"Presentatie","item":"https:\/\/www.dataslatitudes.com\/sosuniversal\/fr\/"},{"@type":"ListItem","position":2,"name":"Gebruiksscenario's"}]},{"@type":"WebSite","@id":"https:\/\/www.dataslatitudes.com\/sosuniversal\/nl\/#website","url":"https:\/\/www.dataslatitudes.com\/sosuniversal\/nl\/","name":"SOS Universal","description":"","publisher":{"@id":"https:\/\/www.dataslatitudes.com\/sosuniversal\/nl\/#organization"},"potentialAction":[{"@type":"SearchAction","target":{"@type":"EntryPoint","urlTemplate":"https:\/\/www.dataslatitudes.com\/sosuniversal\/nl\/?s={search_term_string}"},"query-input":{"@type":"PropertyValueSpecification","valueRequired":true,"valueName":"search_term_string"}}],"inLanguage":"nl-NL"},{"@type":"Organization","@id":"https:\/\/www.dataslatitudes.com\/sosuniversal\/nl\/#organization","name":"DATASLATITUDES","url":"https:\/\/www.dataslatitudes.com\/sosuniversal\/nl\/","logo":{"@type":"ImageObject","inLanguage":"nl-NL","@id":"https:\/\/www.dataslatitudes.com\/sosuniversal\/nl\/#\/schema\/logo\/image\/","url":"https:\/\/www.dataslatitudes.com\/sosuniversal\/wp-content\/uploads\/2025\/07\/logo_mrdv.png","contentUrl":"https:\/\/www.dataslatitudes.com\/sosuniversal\/wp-content\/uploads\/2025\/07\/logo_mrdv.png","width":72,"height":72,"caption":"DATASLATITUDES"},"image":{"@id":"https:\/\/www.dataslatitudes.com\/sosuniversal\/nl\/#\/schema\/logo\/image\/"}}]}},"_links":{"self":[{"href":"https:\/\/www.dataslatitudes.com\/sosuniversal\/nl\/wp-json\/wp\/v2\/pages\/127","targetHints":{"allow":["GET"]}}],"collection":[{"href":"https:\/\/www.dataslatitudes.com\/sosuniversal\/nl\/wp-json\/wp\/v2\/pages"}],"about":[{"href":"https:\/\/www.dataslatitudes.com\/sosuniversal\/nl\/wp-json\/wp\/v2\/types\/page"}],"author":[{"embeddable":true,"href":"https:\/\/www.dataslatitudes.com\/sosuniversal\/nl\/wp-json\/wp\/v2\/users\/1"}],"replies":[{"embeddable":true,"href":"https:\/\/www.dataslatitudes.com\/sosuniversal\/nl\/wp-json\/wp\/v2\/comments?post=127"}],"version-history":[{"count":34,"href":"https:\/\/www.dataslatitudes.com\/sosuniversal\/nl\/wp-json\/wp\/v2\/pages\/127\/revisions"}],"predecessor-version":[{"id":868,"href":"https:\/\/www.dataslatitudes.com\/sosuniversal\/nl\/wp-json\/wp\/v2\/pages\/127\/revisions\/868"}],"wp:attachment":[{"href":"https:\/\/www.dataslatitudes.com\/sosuniversal\/nl\/wp-json\/wp\/v2\/media?parent=127"}],"curies":[{"name":"wp","href":"https:\/\/api.w.org\/{rel}","templated":true}]}}