{"id":75,"date":"2025-06-11T15:05:57","date_gmt":"2025-06-11T15:05:57","guid":{"rendered":"http:\/\/www.dataslatitudes.com\/sosuniversal\/index.php\/mode-demploi\/"},"modified":"2025-08-14T09:50:55","modified_gmt":"2025-08-14T09:50:55","slug":"politique-confidentialite","status":"publish","type":"page","link":"https:\/\/www.dataslatitudes.com\/sosuniversal\/nb\/politique-confidentialite\/","title":{"rendered":"Personvern"},"content":{"rendered":"\r\n<p class=\"has-small-font-size\"><\/p>\r\n\r\n\r\n\r\n<h1 class=\"wp-block-heading has-text-align-center has-medium-font-size\"><strong>PERSONVERNERKL\u00c6RING<\/strong><\/h1>\r\n\r\n\r\n\r\n<p style=\"margin-top:0;margin-bottom:0;font-size:1rem\">Denne personvernerkl\u00e6ringen har som m\u00e5l \u00e5 informere deg transparent om hvordan mobilapplikasjonen SOS Universal (heretter kalt \u00abApplikasjonen\u00bb), utviklet av DATASLATITUDES (heretter kalt \u00abUtgiveren\u00bb), samler inn, bruker og beskytter dine personopplysninger.<\/p>\r\n\r\n\r\n\r\n<p style=\"margin-top:var(--wp--preset--spacing--20);margin-bottom:var(--wp--preset--spacing--20)\">Ved \u00e5 bruke applikasjonen godtar du vilk\u00e5rene i denne policyen. Hvis du ikke godtar disse vilk\u00e5rene, m\u00e5 du ikke bruke applikasjonen.<\/p>\r\n\r\n\r\n\r\n<p><strong>Ikrafttredelsesdato: 28. juni 2025<\/strong><\/p>\r\n\r\n\r\n\r\n<h2 class=\"wp-block-heading has-background\" style=\"background-color:#f9f3eb;margin-top:var(--wp--preset--spacing--30);margin-bottom:var(--wp--preset--spacing--30);padding-top:var(--wp--preset--spacing--30);padding-bottom:var(--wp--preset--spacing--30);font-size:1.2rem\">1. Behandlingsansvarlig<\/h2>\r\n\r\n\r\n\r\n<p>Behandlingsansvarlig for dine personopplysninger er: DATASLATITUDES. <strong>(E-post: privacy.sos_universal@dataslatitudes.com)<\/strong><\/p>\r\n\r\n\r\n\r\n<p class=\"has-small-font-size\"><\/p>\r\n\r\n\r\n\r\n<h2 class=\"wp-block-heading has-background\" style=\"background-color:#f9f3eb;margin-top:var(--wp--preset--spacing--30);margin-bottom:var(--wp--preset--spacing--30);padding-top:var(--wp--preset--spacing--30);padding-bottom:var(--wp--preset--spacing--30);font-size:1.2rem\">2. Innsamlede data og form\u00e5l<\/h2>\r\n\r\n\r\n\r\n<p style=\"margin-top:var(--wp--preset--spacing--30);margin-bottom:var(--wp--preset--spacing--30);padding-top:0;padding-bottom:0\">Applikasjonen er designet for \u00e5 minimere innsamling av personopplysninger og prioriterer utelukkende lokal lagring p\u00e5 enheten din. Dataene behandles for f\u00f8lgende form\u00e5l:<\/p>\r\n\r\n\r\n\r\n<h3 class=\"wp-block-heading\" style=\"margin-top:var(--wp--preset--spacing--20);margin-bottom:var(--wp--preset--spacing--20);padding-top:0;padding-bottom:0;font-size:1.1rem\">2.1. Data du oppgir direkte<\/h3>\r\n\r\n\r\n\r\n<ul style=\"margin-top:var(--wp--preset--spacing--20);margin-bottom:var(--wp--preset--spacing--20);padding-top:0;padding-bottom:0\" class=\"wp-block-list\">\r\n<li style=\"margin-top:var(--wp--preset--spacing--20);margin-bottom:var(--wp--preset--spacing--20);padding-top:0;padding-bottom:0\"><strong>N\u00f8dkontakter: <\/strong>du oppretter eller importerer kontakter (navn og telefonnumre) fra adresseboken din.\r\n<ul class=\"wp-block-list\">\r\n<li><strong>Form\u00e5l: <\/strong>Disse dataene brukes utelukkende til \u00e5 sende varslings-SMS og generere telefonsamtaler til dine n\u00f8dkontakter.<\/li>\r\n\r\n\r\n\r\n<li><strong>Lagring: <\/strong>Disse dataene lagres lokalt p\u00e5 enheten din og overf\u00f8res ikke til v\u00e5re servere.<\/li>\r\n<\/ul>\r\n<\/li>\r\n\r\n\r\n\r\n<li><strong>Standard- og tilleggsmeldinger: <\/strong>teksten du skriver for varsel-SMS-ene.\r\n<ul class=\"wp-block-list\">\r\n<li><strong>Form\u00e5l: <\/strong>integrere din personlige melding i varslene som sendes.<\/li>\r\n\r\n\r\n\r\n<li><strong>Lagring: <\/strong>lokalt lagret p\u00e5 enheten din.<\/li>\r\n<\/ul>\r\n<\/li>\r\n\r\n\r\n\r\n<li style=\"padding-top:var(--wp--preset--spacing--20);padding-bottom:var(--wp--preset--spacing--20)\"><strong>Lydopptak: <\/strong>opptakene du utl\u00f8ser.\r\n<ul class=\"wp-block-list\">\r\n<li><strong>Form\u00e5l: <\/strong>tillate lytting, omd\u00f8ping og sletting av opptakene dine. Av god kvalitet kan de bidra til \u00e5 tjene som bevis i tilfelle en klage.<\/li>\r\n\r\n\r\n\r\n<li><strong>Lagring: <\/strong>Lokalt lagret i nedlastingsmappen p\u00e5 smarttelefonen din. Du er selv ansvarlig for administrasjon og sletting av disse filene.<\/li>\r\n<\/ul>\r\n<\/li>\r\n<\/ul>\r\n\r\n\r\n\r\n<p class=\"has-small-font-size\"><\/p>\r\n\r\n\r\n\r\n<h3 class=\"wp-block-heading\" style=\"margin-top:var(--wp--preset--spacing--20);margin-bottom:var(--wp--preset--spacing--20);padding-top:0;padding-bottom:0;font-size:1.1rem\"><strong>2.2. Automatisk innsamlede data<\/strong><\/h3>\r\n\r\n\r\n\r\n<ul style=\"margin-top:var(--wp--preset--spacing--20);margin-bottom:var(--wp--preset--spacing--20);padding-top:0;padding-bottom:0\" class=\"wp-block-list\">\r\n<li style=\"margin-top:var(--wp--preset--spacing--20);margin-bottom:var(--wp--preset--spacing--20);padding-top:0;padding-bottom:0\"><strong>Geolokasjonsdata: <\/strong>Applikasjonen f\u00e5r kun tilgang til enhetens posisjon (GPS eller Wi-Fi) n\u00e5r du aktiverer funksjonen for \u00e5 sende posisjonen din i varslingsmeldingen.\r\n<ul class=\"wp-block-list\">\r\n<li><strong>Form\u00e5l: <\/strong>oppgi din geografiske posisjon (koordinater og adresse) til n\u00f8dkontaktene dine ved et varsel.<\/li>\r\n\r\n\r\n\r\n<li><strong>Lagring: <\/strong>disse dataene blir verken lagret eller oppbevart av Utgiveren. De brukes i sanntid for \u00e5 generere GoogleMaps (eller OpenStreetMap)-lenken og adressen, og inkluderes deretter i SMS-en som sendes via din teleoperat\u00f8r<\/li>\r\n<\/ul>\r\n<\/li>\r\n\r\n\r\n\r\n<li><strong>Varselhistorikk: <\/strong>dato, klokkeslett, modus, mottaker og innhold for de 50 siste varslene som er sendt.\r\n<ul class=\"wp-block-list\">\r\n<li><strong>Form\u00e5l: <\/strong>lar deg se varslingshistorikken din for sporings- og administrasjonsform\u00e5l.<\/li>\r\n\r\n\r\n\r\n<li><strong>Lagring: <\/strong>lokalt lagret p\u00e5 enheten din.<\/li>\r\n<\/ul>\r\n<\/li>\r\n\r\n\r\n\r\n<li style=\"padding-top:var(--wp--preset--spacing--20);padding-bottom:var(--wp--preset--spacing--20)\"><strong>Tilgangstillatelser: <\/strong>Applikasjonen krever tilgang til dine kontakter, geolokalisering, mikrofon, lydopptak, lagring, varsler og SMS\/telefonfunksjoner.\r\n<ul class=\"wp-block-list\">\r\n<li><strong>Form\u00e5l: <\/strong>Disse tillatelsene er strengt n\u00f8dvendige for at applikasjonen skal fungere korrekt og for \u00e5 utf\u00f8re dens funksjoner.<\/li>\r\n<\/ul>\r\n<\/li>\r\n<\/ul>\r\n\r\n\r\n\r\n<p class=\"has-small-font-size\"><\/p>\r\n\r\n\r\n\r\n<h2 class=\"wp-block-heading has-background\" style=\"background-color:#f9f3eb;margin-top:var(--wp--preset--spacing--30);margin-bottom:var(--wp--preset--spacing--30);padding-top:var(--wp--preset--spacing--30);padding-bottom:var(--wp--preset--spacing--30);font-size:1.2rem\">3. Deling av data<\/h2>\r\n\r\n\r\n\r\n<p style=\"margin-top:var(--wp--preset--spacing--30);margin-bottom:var(--wp--preset--spacing--30);padding-top:0;padding-bottom:0\">Utgiveren deler, selger eller leier ikke ut dine personopplysninger til tredjeparter, verken kommersielt eller gratis. De eneste enhetene som mottar dine data er:<\/p>\r\n\r\n\r\n\r\n<ul style=\"margin-top:var(--wp--preset--spacing--20);margin-bottom:var(--wp--preset--spacing--20)\" class=\"wp-block-list\">\r\n<li><strong>Dine n\u00f8dkontakter: <\/strong>du velger \u00e5 sende dem informasjon (melding, posisjon) via mobilleverand\u00f8rens tjenester (SMS\/samtaler).<\/li>\r\n\r\n\r\n\r\n<li><strong>Google Maps: <\/strong>Applikasjonen bruker Googles karttjeneste for \u00e5 generere en lenke til din posisjon. Bruken av denne lenken er underlagt Googles bruksvilk\u00e5r og personvernregler.<\/li>\r\n\r\n\r\n\r\n<li><strong>OpenStreetMap: <\/strong>Applikasjonen kan ogs\u00e5 bruke OpenStreetMap-karttjenesten for \u00e5 generere en lenke til din posisjon. Bruken av denne lenken er underlagt OpenStreetMaps bruksvilk\u00e5r og personvernerkl\u00e6ring.<\/li>\r\n<\/ul>\r\n\r\n\r\n\r\n<p class=\"has-small-font-size\"><\/p>\r\n\r\n\r\n\r\n<h2 class=\"wp-block-heading has-background\" style=\"background-color:#f9f3eb;margin-top:var(--wp--preset--spacing--30);margin-bottom:var(--wp--preset--spacing--30);padding-top:var(--wp--preset--spacing--30);padding-bottom:var(--wp--preset--spacing--30);font-size:1.2rem\">4. Dine rettigheter (GDPR-kompatibilitet)<\/h2>\r\n\r\n\r\n\r\n<p style=\"margin-top:var(--wp--preset--spacing--30);margin-bottom:var(--wp--preset--spacing--30);padding-top:0;padding-bottom:0\">Som bruker har du f\u00f8lgende rettigheter ang\u00e5ende dine personopplysninger:<\/p>\r\n\r\n\r\n\r\n<ul style=\"margin-top:var(--wp--preset--spacing--20);margin-bottom:var(--wp--preset--spacing--20)\" class=\"wp-block-list\">\r\n<li><strong>Tilgangsrett: <\/strong>du kan n\u00e5r som helst f\u00e5 tilgang til dataene som er lagret p\u00e5 enheten din via applikasjonen.<\/li>\r\n\r\n\r\n\r\n<li><strong>Rett til retting: <\/strong>du kan endre eller korrigere kontaktene dine og innstillingene direkte i applikasjonen.<\/li>\r\n\r\n\r\n\r\n<li><strong>Rett til sletting (\u00abrett til \u00e5 bli glemt\u00bb): <\/strong>du kan slette kontaktdatene dine og lydopptakene n\u00e5r som helst. Sletting av applikasjonen sletter alle lokalt lagrede data.<\/li>\r\n\r\n\r\n\r\n<li><strong>Rett til begrensning av behandling: <\/strong>du kan midlertidig deaktivere kontakter eller funksjoner (som lokalisering) for \u00e5 begrense behandlingen av dataene dine.<\/li>\r\n\r\n\r\n\r\n<li><strong>Innsigelsesrett: <\/strong>du kan protestere mot behandlingen ved \u00e5 slutte \u00e5 bruke applikasjonen og avinstallere den.<\/li>\r\n<\/ul>\r\n\r\n\r\n\r\n<p class=\"has-small-font-size\"><\/p>\r\n\r\n\r\n\r\n<h2 class=\"wp-block-heading has-background\" style=\"background-color:#f9f3eb;margin-top:var(--wp--preset--spacing--30);margin-bottom:var(--wp--preset--spacing--30);padding-top:var(--wp--preset--spacing--30);padding-bottom:var(--wp--preset--spacing--30);font-size:1.2rem\">5. Endringer i personvernerkl\u00e6ringen<\/h2>\r\n\r\n\r\n\r\n<p style=\"margin-top:var(--wp--preset--spacing--30);margin-bottom:var(--wp--preset--spacing--30);padding-top:0;padding-bottom:0\">Utgiveren forbeholder seg retten til \u00e5 endre denne personvernerkl\u00e6ringen n\u00e5r som helst. Din fortsatte bruk av tjenesten etter publisering av endringene vil utgj\u00f8re aksept av de nye vilk\u00e5rene.<\/p>\r\n\r\n\r\n\r\n<p class=\"has-small-font-size\"><\/p>\r\n\r\n\r\n\r\n<h2 class=\"wp-block-heading has-background\" style=\"background-color:#f9f3eb;margin-top:var(--wp--preset--spacing--30);margin-bottom:var(--wp--preset--spacing--30);padding-top:var(--wp--preset--spacing--30);padding-bottom:var(--wp--preset--spacing--30);font-size:1.2rem\">6. Kontakt oss<\/h2>\r\n\r\n\r\n\r\n<p style=\"margin-top:var(--wp--preset--spacing--30);margin-bottom:var(--wp--preset--spacing--30);padding-top:0;padding-bottom:0\">Hvis du har sp\u00f8rsm\u00e5l eller bekymringer ang\u00e5ende denne personvernerkl\u00e6ringen eller h\u00e5ndteringen av dine data, kan du kontakte oss p\u00e5 f\u00f8lgende e-postadresse: <br><strong>privacy.sos_universal@dataslatitudes.com<\/strong><\/p>\r\n\r\n\r\n\r\n<p class=\"has-medium-font-size\"><\/p>\r\n\r\n\r\n\r\n<p class=\"has-medium-font-size\"><\/p>\r\n","protected":false},"excerpt":{"rendered":"<p>PERSONVERNERKL\u00c6RING Denne personvernerkl\u00e6ringen har som m\u00e5l \u00e5 informere deg transparent om hvordan mobilapplikasjonen SOS Universal (heretter kalt \u00abApplikasjonen\u00bb), utviklet av [&hellip;]<\/p>\n","protected":false},"author":1,"featured_media":0,"parent":0,"menu_order":4,"comment_status":"closed","ping_status":"closed","template":"","meta":{"site-sidebar-layout":"default","site-content-layout":"","ast-site-content-layout":"default","site-content-style":"default","site-sidebar-style":"default","ast-global-header-display":"","ast-banner-title-visibility":"","ast-main-header-display":"","ast-hfb-above-header-display":"","ast-hfb-below-header-display":"","ast-hfb-mobile-header-display":"","site-post-title":"disabled","ast-breadcrumbs-content":"","ast-featured-img":"","footer-sml-layout":"","theme-transparent-header-meta":"","adv-header-id-meta":"","stick-header-meta":"","header-above-stick-meta":"","header-main-stick-meta":"","header-below-stick-meta":"","astra-migrate-meta-layouts":"default","ast-page-background-enabled":"default","ast-page-background-meta":{"desktop":{"background-color":"var(--ast-global-color-5)","background-image":"","background-repeat":"repeat","background-position":"center center","background-size":"auto","background-attachment":"scroll","background-type":"","background-media":"","overlay-type":"","overlay-color":"","overlay-opacity":"","overlay-gradient":""},"tablet":{"background-color":"","background-image":"","background-repeat":"repeat","background-position":"center center","background-size":"auto","background-attachment":"scroll","background-type":"","background-media":"","overlay-type":"","overlay-color":"","overlay-opacity":"","overlay-gradient":""},"mobile":{"background-color":"","background-image":"","background-repeat":"repeat","background-position":"center center","background-size":"auto","background-attachment":"scroll","background-type":"","background-media":"","overlay-type":"","overlay-color":"","overlay-opacity":"","overlay-gradient":""}},"ast-content-background-meta":{"desktop":{"background-color":"var(--ast-global-color-4)","background-image":"","background-repeat":"repeat","background-position":"center center","background-size":"auto","background-attachment":"scroll","background-type":"","background-media":"","overlay-type":"","overlay-color":"","overlay-opacity":"","overlay-gradient":""},"tablet":{"background-color":"var(--ast-global-color-4)","background-image":"","background-repeat":"repeat","background-position":"center center","background-size":"auto","background-attachment":"scroll","background-type":"","background-media":"","overlay-type":"","overlay-color":"","overlay-opacity":"","overlay-gradient":""},"mobile":{"background-color":"var(--ast-global-color-4)","background-image":"","background-repeat":"repeat","background-position":"center center","background-size":"auto","background-attachment":"scroll","background-type":"","background-media":"","overlay-type":"","overlay-color":"","overlay-opacity":"","overlay-gradient":""}},"footnotes":""},"class_list":["post-75","page","type-page","status-publish","hentry"],"yoast_head":"<!-- This site is optimized with the Yoast SEO plugin v25.6 - https:\/\/yoast.com\/wordpress\/plugins\/seo\/ -->\n<title>Personvern<\/title>\n<meta name=\"description\" content=\"Denne personvernerkl\u00e6ringen har som m\u00e5l \u00e5 informere deg transparent om hvordan mobilapplikasjonen SOS Universal, utviklet av DATASLATITUDES, samler inn, bruker og beskytter dine personopplysninger. Den beskriver behandlingsansvarlig, innsamlede data og form\u00e5l, datadeling, dine rettigheter (GDPR-kompatibilitet) og vilk\u00e5rene for endringer i personvernerkl\u00e6ringen.\" \/>\n<meta name=\"robots\" content=\"index, follow, max-snippet:-1, max-image-preview:large, max-video-preview:-1\" \/>\n<link rel=\"canonical\" href=\"\" \/>\n<meta property=\"og:locale\" content=\"nb_NO\" \/>\n<meta property=\"og:type\" content=\"article\" \/>\n<meta property=\"og:title\" content=\"Personvern\" \/>\n<meta property=\"og:description\" content=\"Denne personvernerkl\u00e6ringen har som m\u00e5l \u00e5 informere deg transparent om hvordan mobilapplikasjonen SOS Universal, utviklet av DATASLATITUDES, samler inn, bruker og beskytter dine personopplysninger. Den beskriver behandlingsansvarlig, innsamlede data og form\u00e5l, datadeling, dine rettigheter (GDPR-kompatibilitet) og vilk\u00e5rene for endringer i personvernerkl\u00e6ringen.\" \/>\n<meta property=\"og:url\" content=\"https:\/\/www.dataslatitudes.com\/sosuniversal\/nb\/politique-confidentialite\/\" \/>\n<meta property=\"og:site_name\" content=\"SOS Universal\" \/>\n<meta property=\"article:modified_time\" content=\"2025-08-14T09:50:55+00:00\" \/>\n<meta name=\"twitter:card\" content=\"summary_large_image\" \/>\n<meta name=\"twitter:label1\" content=\"Est. reading time\" \/>\n\t<meta name=\"twitter:data1\" content=\"4 minutes\" \/>\n<script type=\"application\/ld+json\" class=\"yoast-schema-graph\">{\"@context\":\"https:\/\/schema.org\",\"@graph\":[{\"@type\":\"WebPage\",\"@id\":\"https:\/\/www.dataslatitudes.com\/sosuniversal\/nb\/politique-confidentialite\/\",\"url\":\"https:\/\/www.dataslatitudes.com\/sosuniversal\/nb\/politique-confidentialite\/\",\"name\":\"Confidentialit\u00e9 - SOS Universal\",\"isPartOf\":{\"@id\":\"https:\/\/www.dataslatitudes.com\/sosuniversal\/#website\"},\"datePublished\":\"2025-06-11T15:05:57+00:00\",\"dateModified\":\"2025-08-14T09:50:55+00:00\",\"description\":\"La pr\u00e9sente Politique de Confidentialit\u00e9 a pour objectif de vous informer de mani\u00e8re transparente sur la mani\u00e8re dont l'application mobile SOS Universal, d\u00e9velopp\u00e9e par DATASLATITUDES, collecte, utilise et prot\u00e8ge vos donn\u00e9es personnelles. On y expose le responsable du traitement des donn\u00e9es, les donn\u00e9es collect\u00e9es et les finalit\u00e9s, le partage des donn\u00e9es, vos droits (conformit\u00e9 RGPD) et les conditions de modifications de la Politique de Confidentialit\u00e9.\",\"breadcrumb\":{\"@id\":\"https:\/\/www.dataslatitudes.com\/sosuniversal\/nb\/politique-confidentialite\/#breadcrumb\"},\"inLanguage\":\"nb-NO\",\"potentialAction\":[{\"@type\":\"ReadAction\",\"target\":[\"https:\/\/www.dataslatitudes.com\/sosuniversal\/nb\/politique-confidentialite\/\"]}]},{\"@type\":\"BreadcrumbList\",\"@id\":\"https:\/\/www.dataslatitudes.com\/sosuniversal\/nb\/politique-confidentialite\/#breadcrumb\",\"itemListElement\":[{\"@type\":\"ListItem\",\"position\":1,\"name\":\"Presentasjon\",\"item\":\"https:\/\/www.dataslatitudes.com\/sosuniversal\/fr\/\"},{\"@type\":\"ListItem\",\"position\":2,\"name\":\"Personvern\"}]},{\"@type\":\"WebSite\",\"@id\":\"https:\/\/www.dataslatitudes.com\/sosuniversal\/nb\/#website\",\"url\":\"https:\/\/www.dataslatitudes.com\/sosuniversal\/nb\/\",\"name\":\"SOS Universal\",\"description\":\"\",\"publisher\":{\"@id\":\"https:\/\/www.dataslatitudes.com\/sosuniversal\/nb\/#organization\"},\"potentialAction\":[{\"@type\":\"SearchAction\",\"target\":{\"@type\":\"EntryPoint\",\"urlTemplate\":\"https:\/\/www.dataslatitudes.com\/sosuniversal\/nb\/?s={search_term_string}\"},\"query-input\":{\"@type\":\"PropertyValueSpecification\",\"valueRequired\":true,\"valueName\":\"search_term_string\"}}],\"inLanguage\":\"nb-NO\"},{\"@type\":\"Organization\",\"@id\":\"https:\/\/www.dataslatitudes.com\/sosuniversal\/nb\/#organization\",\"name\":\"DATASLATITUDES\",\"url\":\"https:\/\/www.dataslatitudes.com\/sosuniversal\/nb\/\",\"logo\":{\"@type\":\"ImageObject\",\"inLanguage\":\"nb-NO\",\"@id\":\"https:\/\/www.dataslatitudes.com\/sosuniversal\/nb\/#\/schema\/logo\/image\/\",\"url\":\"https:\/\/www.dataslatitudes.com\/sosuniversal\/wp-content\/uploads\/2025\/07\/logo_mrdv.png\",\"contentUrl\":\"https:\/\/www.dataslatitudes.com\/sosuniversal\/wp-content\/uploads\/2025\/07\/logo_mrdv.png\",\"width\":72,\"height\":72,\"caption\":\"DATASLATITUDES\"},\"image\":{\"@id\":\"https:\/\/www.dataslatitudes.com\/sosuniversal\/nb\/#\/schema\/logo\/image\/\"}}]}<\/script>\n<!-- \/ Yoast SEO plugin. -->","yoast_head_json":{"title":"Personvern","description":"Denne personvernerkl\u00e6ringen har som m\u00e5l \u00e5 informere deg transparent om hvordan mobilapplikasjonen SOS Universal, utviklet av DATASLATITUDES, samler inn, bruker og beskytter dine personopplysninger. Den beskriver behandlingsansvarlig, innsamlede data og form\u00e5l, datadeling, dine rettigheter (GDPR-kompatibilitet) og vilk\u00e5rene for endringer i personvernerkl\u00e6ringen.","robots":{"index":"index","follow":"follow","max-snippet":"max-snippet:-1","max-image-preview":"max-image-preview:large","max-video-preview":"max-video-preview:-1"},"canonical":"PERSONVERNERKL\u00c6RING Denne personvernerkl\u00e6ringen har som m\u00e5l \u00e5 informere deg transparent om hvordan mobilapplikasjonen SOS Universal (heretter kalt \u00abApplikasjonen\u00bb), utviklet av DATASLATITUDES (heretter kalt \u00abUtgiveren\u00bb), samler inn, bruker og beskytter dine personopplysninger. Ved \u00e5 bruke applikasjonen godtar du vilk\u00e5rene i denne policyen. Hvis du ikke godtar disse vilk\u00e5rene, m\u00e5 du ikke bruke applikasjonen. Ikrafttredelsesdato: 28. juni&hellip;","og_locale":"nb_NO","og_type":"article","og_title":"Personvern","og_description":"Denne personvernerkl\u00e6ringen har som m\u00e5l \u00e5 informere deg transparent om hvordan mobilapplikasjonen SOS Universal, utviklet av DATASLATITUDES, samler inn, bruker og beskytter dine personopplysninger. Den beskriver behandlingsansvarlig, innsamlede data og form\u00e5l, datadeling, dine rettigheter (GDPR-kompatibilitet) og vilk\u00e5rene for endringer i personvernerkl\u00e6ringen.","og_url":"https:\/\/www.dataslatitudes.com\/sosuniversal\/nb\/politique-confidentialite\/","og_site_name":"SOS Universal","article_modified_time":"2025-08-14T09:50:55+00:00","twitter_card":"summary_large_image","twitter_misc":{"Est. reading time":"4 minutes"},"schema":{"@context":"https:\/\/schema.org","@graph":[{"@type":"WebPage","@id":"https:\/\/www.dataslatitudes.com\/sosuniversal\/nb\/politique-confidentialite\/","url":"https:\/\/www.dataslatitudes.com\/sosuniversal\/nb\/politique-confidentialite\/","name":"Confidentialit\u00e9 - SOS Universal","isPartOf":{"@id":"https:\/\/www.dataslatitudes.com\/sosuniversal\/#website"},"datePublished":"2025-06-11T15:05:57+00:00","dateModified":"2025-08-14T09:50:55+00:00","description":"La pr\u00e9sente Politique de Confidentialit\u00e9 a pour objectif de vous informer de mani\u00e8re transparente sur la mani\u00e8re dont l'application mobile SOS Universal, d\u00e9velopp\u00e9e par DATASLATITUDES, collecte, utilise et prot\u00e8ge vos donn\u00e9es personnelles. On y expose le responsable du traitement des donn\u00e9es, les donn\u00e9es collect\u00e9es et les finalit\u00e9s, le partage des donn\u00e9es, vos droits (conformit\u00e9 RGPD) et les conditions de modifications de la Politique de Confidentialit\u00e9.","breadcrumb":{"@id":"https:\/\/www.dataslatitudes.com\/sosuniversal\/nb\/politique-confidentialite\/#breadcrumb"},"inLanguage":"nb-NO","potentialAction":[{"@type":"ReadAction","target":["https:\/\/www.dataslatitudes.com\/sosuniversal\/nb\/politique-confidentialite\/"]}]},{"@type":"BreadcrumbList","@id":"https:\/\/www.dataslatitudes.com\/sosuniversal\/nb\/politique-confidentialite\/#breadcrumb","itemListElement":[{"@type":"ListItem","position":1,"name":"Presentasjon","item":"https:\/\/www.dataslatitudes.com\/sosuniversal\/fr\/"},{"@type":"ListItem","position":2,"name":"Personvern"}]},{"@type":"WebSite","@id":"https:\/\/www.dataslatitudes.com\/sosuniversal\/nb\/#website","url":"https:\/\/www.dataslatitudes.com\/sosuniversal\/nb\/","name":"SOS Universal","description":"","publisher":{"@id":"https:\/\/www.dataslatitudes.com\/sosuniversal\/nb\/#organization"},"potentialAction":[{"@type":"SearchAction","target":{"@type":"EntryPoint","urlTemplate":"https:\/\/www.dataslatitudes.com\/sosuniversal\/nb\/?s={search_term_string}"},"query-input":{"@type":"PropertyValueSpecification","valueRequired":true,"valueName":"search_term_string"}}],"inLanguage":"nb-NO"},{"@type":"Organization","@id":"https:\/\/www.dataslatitudes.com\/sosuniversal\/nb\/#organization","name":"DATASLATITUDES","url":"https:\/\/www.dataslatitudes.com\/sosuniversal\/nb\/","logo":{"@type":"ImageObject","inLanguage":"nb-NO","@id":"https:\/\/www.dataslatitudes.com\/sosuniversal\/nb\/#\/schema\/logo\/image\/","url":"https:\/\/www.dataslatitudes.com\/sosuniversal\/wp-content\/uploads\/2025\/07\/logo_mrdv.png","contentUrl":"https:\/\/www.dataslatitudes.com\/sosuniversal\/wp-content\/uploads\/2025\/07\/logo_mrdv.png","width":72,"height":72,"caption":"DATASLATITUDES"},"image":{"@id":"https:\/\/www.dataslatitudes.com\/sosuniversal\/nb\/#\/schema\/logo\/image\/"}}]}},"_links":{"self":[{"href":"https:\/\/www.dataslatitudes.com\/sosuniversal\/nb\/wp-json\/wp\/v2\/pages\/75","targetHints":{"allow":["GET"]}}],"collection":[{"href":"https:\/\/www.dataslatitudes.com\/sosuniversal\/nb\/wp-json\/wp\/v2\/pages"}],"about":[{"href":"https:\/\/www.dataslatitudes.com\/sosuniversal\/nb\/wp-json\/wp\/v2\/types\/page"}],"author":[{"embeddable":true,"href":"https:\/\/www.dataslatitudes.com\/sosuniversal\/nb\/wp-json\/wp\/v2\/users\/1"}],"replies":[{"embeddable":true,"href":"https:\/\/www.dataslatitudes.com\/sosuniversal\/nb\/wp-json\/wp\/v2\/comments?post=75"}],"version-history":[{"count":30,"href":"https:\/\/www.dataslatitudes.com\/sosuniversal\/nb\/wp-json\/wp\/v2\/pages\/75\/revisions"}],"predecessor-version":[{"id":2927,"href":"https:\/\/www.dataslatitudes.com\/sosuniversal\/nb\/wp-json\/wp\/v2\/pages\/75\/revisions\/2927"}],"wp:attachment":[{"href":"https:\/\/www.dataslatitudes.com\/sosuniversal\/nb\/wp-json\/wp\/v2\/media?parent=75"}],"curies":[{"name":"wp","href":"https:\/\/api.w.org\/{rel}","templated":true}]}}