{"id":127,"date":"2025-06-12T03:29:21","date_gmt":"2025-06-12T03:29:21","guid":{"rendered":"https:\/\/www.dataslatitudes.com\/sosuniversal\/?page_id=127"},"modified":"2025-07-13T07:26:58","modified_gmt":"2025-07-13T07:26:58","slug":"cas-dutilisation","status":"publish","type":"page","link":"https:\/\/www.dataslatitudes.com\/sosuniversal\/nb\/cas-dutilisation\/","title":{"rendered":"Brukstilfeller"},"content":{"rendered":"\r\n<p class=\"has-small-font-size\"><\/p>\r\n\r\n\r\n\r\n<h1 class=\"wp-block-heading has-text-align-center has-medium-font-size\"><strong>BRUKSTILFELLER<\/strong><\/h1>\r\n\r\n\r\n\r\n<p style=\"font-size:1rem\">En smarttelefonapp som lar deg sende varsler, anrop om hjelp, eller ganske enkelt din n\u00e5v\u00e6rende posisjon, kan vise seg \u00e5 v\u00e6re avgj\u00f8rende i mange situasjoner, og tilbyr trygghet og bidrar til rask tilgang til assistanse. Her er noen eksempler p\u00e5 bruksomr\u00e5der, klassifisert etter kategorier for bedre forst\u00e5else.<\/p>\r\n\r\n\r\n\r\n<h2 class=\"wp-block-heading has-background\" style=\"background-color:#f9f3eb;margin-top:var(--wp--preset--spacing--30);margin-bottom:var(--wp--preset--spacing--30);padding-top:var(--wp--preset--spacing--20);padding-bottom:var(--wp--preset--spacing--20);font-size:1.2rem\">Personlig sikkerhet og n\u00f8dsituasjoner<\/h2>\r\n\r\n\r\n\r\n<ul class=\"wp-block-list\">\r\n<li style=\"font-size:1rem\"><strong>Vold mot kvinner, LHBT+-fobisk og serofobisk vold, rasistisk, fremmedfiendtlig eller religionsbasert vold, vold mot funksjonshemmede&nbsp;: <\/strong>I tilfelle fysisk eller verbalt angrep, lar applikasjonen deg utl\u00f8se et diskret varsel med ett klikk til betrodde kontakter med sanntids GPS-posisjonsdeling. En lydopptak kan ogs\u00e5 konfigureres for \u00e5 tjene som bevis i tilfelle en klage.<\/li>\r\n\r\n\r\n\r\n<li style=\"font-size:1rem\"><strong>Offer for upassende handlinger i offentlig transport (f.eks. ber\u00f8ring p\u00e5 T-banen): <\/strong>Offeret kan utl\u00f8se en kraftig lydalarm (f.eks. politisirene eller menneskeskrik) samt et lydopptak.<\/li>\r\n\r\n\r\n\r\n<li style=\"font-size:1rem\"><strong>Aggresjon eller umiddelbar trussel: <\/strong>I tilfelle fysisk angrep, voldtektsfors\u00f8k, ran med vold, eller enhver situasjon som direkte truer brukerens fysiske integritet, lar applikasjonen deg sende et diskret og raskt varsel til n\u00f8dkontaktene.<\/li>\r\n\r\n\r\n\r\n<li style=\"font-size:1rem\"><strong>Trakassering eller forf\u00f8lgelse: <\/strong>Applikasjonen lar deg diskret varsle betrodde kontakter eller myndigheter i tilfelle forf\u00f8lgelse eller trakassering, med mulighet for \u00e5 registrere bevis via lydopptak.<\/li>\r\n\r\n\r\n\r\n<li style=\"font-size:1rem\"><strong>Ofre for vold i hjemmet: <\/strong>Det er mulig \u00e5 ha en diskret og rask m\u00e5te \u00e5 be om hjelp p\u00e5 i fare, uten \u00e5 varsle angriperen.<\/li>\r\n<\/ul>\r\n\r\n\r\n\r\n<p style=\"font-size:1rem\">I de foreg\u00e5ende tilfellene kan det diskrete varselet suppleres eller erstattes av en lydvarsel: utl\u00f8sning av en kraftig sirene eller simulering av en innkommende telefonsamtale for \u00e5 skape en distraksjon.<\/p>\r\n\r\n\r\n\r\n<ul class=\"wp-block-list\">\r\n<li style=\"font-size:1rem\"><strong>Medisinsk n\u00f8d: <\/strong>for personer som lider av kroniske sykdommer (hjerteinfarkt, alvorlige astmaanfall, epilepsi, alvorlige allergier) eller i tilfelle en ulykke (fall, skade), lar applikasjonen deg sende et n\u00f8danrop.<\/li>\r\n\r\n\r\n\r\n<li style=\"font-size:1rem\"><strong>Forsvinning eller forvirring: <\/strong>Spesielt nyttig for barn, eldre med kognitive lidelser eller turg\u00e5ere, applikasjonen gj\u00f8r det mulig \u00e5 sende GPS-posisjonen i sanntid, noe som forenkler s\u00f8k.<\/li>\r\n\r\n\r\n\r\n<li style=\"font-size:1rem\"><strong>Trafikkulykker: <\/strong>i tilfelle en ulykke, lar applikasjonen deg sende et varsel med posisjonen.<\/li>\r\n\r\n\r\n\r\n<li style=\"font-size:1rem\"><strong>Naturkatastrofer: <\/strong>under jordskjelv, flom, skogbranner eller andre katastrofer, kan applikasjonen brukes til \u00e5 rapportere posisjonen din, be om hjelp og informere dine kj\u00e6re om din sikkerhet.<\/li>\r\n<\/ul>\r\n\r\n\r\n\r\n<h2 class=\"wp-block-heading has-background\" style=\"background-color:#f9f3eb;margin-top:var(--wp--preset--spacing--30);margin-bottom:var(--wp--preset--spacing--30);padding-top:var(--wp--preset--spacing--20);padding-bottom:var(--wp--preset--spacing--20);font-size:1.2rem\">Dagligliv og assistanse<\/h2>\r\n\r\n\r\n\r\n<ul class=\"wp-block-list\">\r\n<li style=\"font-size:1rem\"><strong>Eldre eller funksjonshemmede: <\/strong>applikasjonen kan brukes til \u00e5 utl\u00f8se en assistanseforesp\u00f8rsel.<\/li>\r\n\r\n\r\n\r\n<li style=\"font-size:1rem\"><strong>Barn og ungdom: <\/strong>For foreldre som er bekymret for barnas sikkerhet, kan applikasjonen la barna sende en diskret varsling i fare, n\u00e5r de f\u00f8ler seg fortapt, eller i en trakasseringssituasjon (med bevisopptak).<br>Eksempel: En ungdom p\u00e5 en fest som f\u00f8ler seg ukomfortabel, blir presset, eller trenger \u00e5 bli hentet uten \u00e5 kunne uttrykke seg direkte, kan sende et diskret varsel til foreldrene eller en betrodd voksen.<\/li>\r\n\r\n\r\n\r\n<li style=\"font-size:1rem\"><strong>Mekaniske problemer eller kj\u00f8ret\u00f8ybrudd: <\/strong>I tilfelle motorstopp p\u00e5 en isolert eller farlig vei, lar applikasjonen deg sende et varsel til veihjelpstjenester eller kontakter for \u00e5 be om hjelp.<\/li>\r\n\r\n\r\n\r\n<li style=\"font-size:1rem\"><strong>Sosial isolasjon eller f\u00f8lelse av fare: <\/strong>en person som f\u00f8ler seg s\u00e5rbar eller truet i en spesiell sosial situasjon (for eksempel under en date med en fremmed) kan bruke appen til diskret \u00e5 varsle en venn og dele posisjonen sin.<\/li>\r\n\r\n\r\n\r\n<li style=\"font-size:1rem\"><strong>Psykologisk st\u00f8tte: <\/strong>For personer som lider av angst eller panikkanfall, lar applikasjonen deg varsle en betrodd kontakt for umiddelbar st\u00f8tte.<\/li>\r\n<\/ul>\r\n\r\n\r\n\r\n<h2 class=\"wp-block-heading has-background\" style=\"background-color:#f9f3eb;margin-top:var(--wp--preset--spacing--30);margin-bottom:var(--wp--preset--spacing--30);padding-top:var(--wp--preset--spacing--20);padding-bottom:var(--wp--preset--spacing--20);font-size:1.2rem\">Arbeid og yrkesmessige situasjoner<\/h2>\r\n\r\n\r\n\r\n<ul class=\"wp-block-list\">\r\n<li style=\"font-size:1rem\"><strong>Enearbeidere: <\/strong>For fagfolk som jobber alene i risikofylte omgivelser (sikkerhetsvakter, vedlikeholdsteknikere, drosjesj\u00e5f\u00f8rer, b\u00f8nder, \u00f8stersdyrkere), bidrar applikasjonen til rask assistanse i tilfelle en ulykke eller et overgrep.<\/li>\r\n\r\n\r\n\r\n<li style=\"font-size:1rem\"><strong>Helse- og sosialpersonell: <\/strong>leger, sykepleiere, sosialarbeidere eller hjemmehjelpere som bes\u00f8ker risikopasienter eller -klienter, kan bruke applikasjonen til \u00e5 rapportere en farlig situasjon eller be om hjelp.<\/li>\r\n\r\n\r\n\r\n<li style=\"font-size:1rem\"><strong>Nattpersonell: <\/strong>ansatte som jobber natt i isolerte omr\u00e5der (bensinstasjoner, supermarkeder, hoteller) kan ha en m\u00e5te \u00e5 be om hjelp raskt i tilfelle tyveri eller overgrep.<\/li>\r\n\r\n\r\n\r\n<li style=\"font-size:1rem\"><strong>Journalister og reportere i risikoomr\u00e5der: <\/strong>mulighet til \u00e5 rapportere en farlig situasjon eller en arrestasjon, overf\u00f8re posisjon og kontekstuell informasjon (via telefon eller SMS) til n\u00f8dkontakter.<\/li>\r\n<\/ul>\r\n\r\n\r\n\r\n<h2 class=\"wp-block-heading has-background\" style=\"background-color:#f9f3eb;margin-top:var(--wp--preset--spacing--30);margin-bottom:var(--wp--preset--spacing--30);padding-top:var(--wp--preset--spacing--20);padding-bottom:var(--wp--preset--spacing--20);font-size:1.2rem\">Fritid og utend\u00f8rsaktiviteter<\/h2>\r\n\r\n\r\n\r\n<ul class=\"wp-block-list\">\r\n<li style=\"font-size:1rem\"><strong>Fotturer og fjellklatring: <\/strong>Ved fall, skade, tap av retningssans eller ekstreme v\u00e6rforhold, lar applikasjonen deg sende et varsel med GPS-posisjonen til redningsteam eller familien.<\/li>\r\n\r\n\r\n\r\n<li style=\"font-size:1rem\"><strong>Vannsport: <\/strong>For b\u00e5tfolk for eksempel, kan appen brukes til \u00e5 rapportere et problem (kantring, motorstopp, skade) med posisjonsoverf\u00f8ring.<\/li>\r\n\r\n\r\n\r\n<li style=\"font-size:1rem\"><strong>Sykling og l\u00f8ping: <\/strong>ved fall, skade eller ubehag, lar applikasjonen deg varsle forh\u00e5ndsdefinerte kontakter med posisjonen.<\/li>\r\n\r\n\r\n\r\n<li style=\"font-size:1rem\"><strong>Reise og turisme: <\/strong>reisende, spesielt de som utforsker ukjente eller farlige omr\u00e5der, kan bruke applikasjonen til \u00e5 varsle sine kj\u00e6re eller konsul\u00e6re tjenester i tilfelle et problem (overgrep, sykdom, tyveri av dokumenter).<\/li>\r\n<\/ul>\r\n\r\n\r\n\r\n<p style=\"font-size:1rem\">I de foreg\u00e5ende tilfellene, med sikte p\u00e5 \u00e5 informere for eksempel ditt profesjonelle eller famili\u00e6re milj\u00f8, kan varselet ogs\u00e5 begrenses til \u00e5 kun sende den n\u00e5v\u00e6rende geografiske posisjonen via SMS. Eksempel: i gjentakende modus, i 5 timer, hvert 15. minutt, sender jeg en SMS som kun inneholder min posisjon.<\/p>\r\n\r\n\r\n\r\n<p class=\"has-small-font-size\" style=\"margin-top:var(--wp--preset--spacing--30);margin-bottom:var(--wp--preset--spacing--30)\"><\/p>\r\n","protected":false},"excerpt":{"rendered":"<p>BRUKSTILFELLER En smarttelefonapp som lar deg sende varsler, anrop om hjelp, eller ganske enkelt din n\u00e5v\u00e6rende posisjon, kan vise seg [&hellip;]<\/p>\n","protected":false},"author":1,"featured_media":0,"parent":0,"menu_order":1,"comment_status":"closed","ping_status":"closed","template":"","meta":{"site-sidebar-layout":"default","site-content-layout":"","ast-site-content-layout":"","site-content-style":"default","site-sidebar-style":"default","ast-global-header-display":"","ast-banner-title-visibility":"","ast-main-header-display":"","ast-hfb-above-header-display":"","ast-hfb-below-header-display":"","ast-hfb-mobile-header-display":"","site-post-title":"disabled","ast-breadcrumbs-content":"","ast-featured-img":"","footer-sml-layout":"","theme-transparent-header-meta":"","adv-header-id-meta":"","stick-header-meta":"","header-above-stick-meta":"","header-main-stick-meta":"","header-below-stick-meta":"","astra-migrate-meta-layouts":"default","ast-page-background-enabled":"default","ast-page-background-meta":{"desktop":{"background-color":"var(--ast-global-color-5)","background-image":"","background-repeat":"repeat","background-position":"center center","background-size":"auto","background-attachment":"scroll","background-type":"","background-media":"","overlay-type":"","overlay-color":"","overlay-opacity":"","overlay-gradient":""},"tablet":{"background-color":"","background-image":"","background-repeat":"repeat","background-position":"center center","background-size":"auto","background-attachment":"scroll","background-type":"","background-media":"","overlay-type":"","overlay-color":"","overlay-opacity":"","overlay-gradient":""},"mobile":{"background-color":"","background-image":"","background-repeat":"repeat","background-position":"center center","background-size":"auto","background-attachment":"scroll","background-type":"","background-media":"","overlay-type":"","overlay-color":"","overlay-opacity":"","overlay-gradient":""}},"ast-content-background-meta":{"desktop":{"background-color":"var(--ast-global-color-4)","background-image":"","background-repeat":"repeat","background-position":"center center","background-size":"auto","background-attachment":"scroll","background-type":"","background-media":"","overlay-type":"","overlay-color":"","overlay-opacity":"","overlay-gradient":""},"tablet":{"background-color":"var(--ast-global-color-4)","background-image":"","background-repeat":"repeat","background-position":"center center","background-size":"auto","background-attachment":"scroll","background-type":"","background-media":"","overlay-type":"","overlay-color":"","overlay-opacity":"","overlay-gradient":""},"mobile":{"background-color":"var(--ast-global-color-4)","background-image":"","background-repeat":"repeat","background-position":"center center","background-size":"auto","background-attachment":"scroll","background-type":"","background-media":"","overlay-type":"","overlay-color":"","overlay-opacity":"","overlay-gradient":""}},"footnotes":""},"class_list":["post-127","page","type-page","status-publish","hentry"],"yoast_head":"<!-- This site is optimized with the Yoast SEO plugin v25.6 - https:\/\/yoast.com\/wordpress\/plugins\/seo\/ -->\n<title>Brukstilfeller<\/title>\n<meta name=\"description\" content=\"En smarttelefonapplikasjon som lar deg sende varsler, n\u00f8danrop eller bare din n\u00e5v\u00e6rende posisjon, kan vise seg \u00e5 v\u00e6re avgj\u00f8rende i mange situasjoner, og tilbyr trygghet og bidrar til rask tilgang til assistanse. Eksempler: personlig sikkerhet og n\u00f8dsituasjoner, dagligliv og assistanse, arbeid og profesjonelle situasjoner, samt fritid og utend\u00f8rsaktiviteter.\" \/>\n<meta name=\"robots\" content=\"index, follow, max-snippet:-1, max-image-preview:large, max-video-preview:-1\" \/>\n<link rel=\"canonical\" href=\"http:\/\/BRUKSTILFELLER%20En%20smarttelefonapp%20som%20lar%20deg%20sende%20varsler,%20anrop%20om%20hjelp,%20eller%20ganske%20enkelt%20din%20n\u00e5v\u00e6rende%20posisjon,%20kan%20vise%20seg%20\u00e5%20v\u00e6re%20avgj\u00f8rende%20i%20mange%20situasjoner,%20og%20tilbyr%20trygghet%20og%20bidrar%20til%20rask%20tilgang%20til%20assistanse.%20Her%20er%20noen%20eksempler%20p\u00e5%20bruksomr\u00e5der,%20klassifisert%20etter%20kategorier%20for%20bedre%20forst\u00e5else.%20Personlig%20sikkerhet%20og%20n\u00f8dsituasjoner%20Vold%20mot%20kvinner,&hellip;\" \/>\n<meta property=\"og:locale\" content=\"nb_NO\" \/>\n<meta property=\"og:type\" content=\"article\" \/>\n<meta property=\"og:title\" content=\"Brukstilfeller\" \/>\n<meta property=\"og:description\" content=\"En smarttelefonapplikasjon som lar deg sende varsler, n\u00f8danrop eller bare din n\u00e5v\u00e6rende posisjon, kan vise seg \u00e5 v\u00e6re avgj\u00f8rende i mange situasjoner, og tilbyr trygghet og bidrar til rask tilgang til assistanse. Eksempler: personlig sikkerhet og n\u00f8dsituasjoner, dagligliv og assistanse, arbeid og profesjonelle situasjoner, samt fritid og utend\u00f8rsaktiviteter.\" \/>\n<meta property=\"og:url\" content=\"https:\/\/www.dataslatitudes.com\/sosuniversal\/nb\/cas-dutilisation\/\" \/>\n<meta property=\"og:site_name\" content=\"SOS Universal\" \/>\n<meta property=\"article:modified_time\" content=\"2025-07-13T07:26:58+00:00\" \/>\n<meta name=\"twitter:card\" content=\"summary_large_image\" \/>\n<meta name=\"twitter:label1\" content=\"Est. reading time\" \/>\n\t<meta name=\"twitter:data1\" content=\"5 minutes\" \/>\n<script type=\"application\/ld+json\" class=\"yoast-schema-graph\">{\"@context\":\"https:\/\/schema.org\",\"@graph\":[{\"@type\":\"WebPage\",\"@id\":\"https:\/\/www.dataslatitudes.com\/sosuniversal\/nb\/cas-dutilisation\/\",\"url\":\"https:\/\/www.dataslatitudes.com\/sosuniversal\/nb\/cas-dutilisation\/\",\"name\":\"Cas d'utilisation - SOS Universal\",\"isPartOf\":{\"@id\":\"https:\/\/www.dataslatitudes.com\/sosuniversal\/#website\"},\"datePublished\":\"2025-06-12T03:29:21+00:00\",\"dateModified\":\"2025-07-13T07:26:58+00:00\",\"description\":\"Une application pour smartphone permettant d\u2019envoyer des alertes, des appels \u00e0 l\u2019aide ou tout simplement sa localisation courante peut s\u2019av\u00e9rer cruciale dans de nombreuses situations, offrant une tranquillit\u00e9 d\u2019esprit et contribuant \u00e0 un acc\u00e8s rapide \u00e0 l\u2019assistance. Exemples : s\u00e9curit\u00e9 personnelle et situations d\u2019urgence, vie quotidienne et assistance, travail et situations professionnelles ainsi que loisirs et activit\u00e9s en ext\u00e9rieur.\",\"breadcrumb\":{\"@id\":\"https:\/\/www.dataslatitudes.com\/sosuniversal\/nb\/cas-dutilisation\/#breadcrumb\"},\"inLanguage\":\"nb-NO\",\"potentialAction\":[{\"@type\":\"ReadAction\",\"target\":[\"https:\/\/www.dataslatitudes.com\/sosuniversal\/nb\/cas-dutilisation\/\"]}]},{\"@type\":\"BreadcrumbList\",\"@id\":\"https:\/\/www.dataslatitudes.com\/sosuniversal\/nb\/cas-dutilisation\/#breadcrumb\",\"itemListElement\":[{\"@type\":\"ListItem\",\"position\":1,\"name\":\"Presentasjon\",\"item\":\"https:\/\/www.dataslatitudes.com\/sosuniversal\/fr\/\"},{\"@type\":\"ListItem\",\"position\":2,\"name\":\"Brukstilfeller\"}]},{\"@type\":\"WebSite\",\"@id\":\"https:\/\/www.dataslatitudes.com\/sosuniversal\/nb\/#website\",\"url\":\"https:\/\/www.dataslatitudes.com\/sosuniversal\/nb\/\",\"name\":\"SOS Universal\",\"description\":\"\",\"publisher\":{\"@id\":\"https:\/\/www.dataslatitudes.com\/sosuniversal\/nb\/#organization\"},\"potentialAction\":[{\"@type\":\"SearchAction\",\"target\":{\"@type\":\"EntryPoint\",\"urlTemplate\":\"https:\/\/www.dataslatitudes.com\/sosuniversal\/nb\/?s={search_term_string}\"},\"query-input\":{\"@type\":\"PropertyValueSpecification\",\"valueRequired\":true,\"valueName\":\"search_term_string\"}}],\"inLanguage\":\"nb-NO\"},{\"@type\":\"Organization\",\"@id\":\"https:\/\/www.dataslatitudes.com\/sosuniversal\/nb\/#organization\",\"name\":\"DATASLATITUDES\",\"url\":\"https:\/\/www.dataslatitudes.com\/sosuniversal\/nb\/\",\"logo\":{\"@type\":\"ImageObject\",\"inLanguage\":\"nb-NO\",\"@id\":\"https:\/\/www.dataslatitudes.com\/sosuniversal\/nb\/#\/schema\/logo\/image\/\",\"url\":\"https:\/\/www.dataslatitudes.com\/sosuniversal\/wp-content\/uploads\/2025\/07\/logo_mrdv.png\",\"contentUrl\":\"https:\/\/www.dataslatitudes.com\/sosuniversal\/wp-content\/uploads\/2025\/07\/logo_mrdv.png\",\"width\":72,\"height\":72,\"caption\":\"DATASLATITUDES\"},\"image\":{\"@id\":\"https:\/\/www.dataslatitudes.com\/sosuniversal\/nb\/#\/schema\/logo\/image\/\"}}]}<\/script>\n<!-- \/ Yoast SEO plugin. -->","yoast_head_json":{"title":"Brukstilfeller","description":"En smarttelefonapplikasjon som lar deg sende varsler, n\u00f8danrop eller bare din n\u00e5v\u00e6rende posisjon, kan vise seg \u00e5 v\u00e6re avgj\u00f8rende i mange situasjoner, og tilbyr trygghet og bidrar til rask tilgang til assistanse. Eksempler: personlig sikkerhet og n\u00f8dsituasjoner, dagligliv og assistanse, arbeid og profesjonelle situasjoner, samt fritid og utend\u00f8rsaktiviteter.","robots":{"index":"index","follow":"follow","max-snippet":"max-snippet:-1","max-image-preview":"max-image-preview:large","max-video-preview":"max-video-preview:-1"},"canonical":"BRUKSTILFELLER En smarttelefonapp som lar deg sende varsler, anrop om hjelp, eller ganske enkelt din n\u00e5v\u00e6rende posisjon, kan vise seg \u00e5 v\u00e6re avgj\u00f8rende i mange situasjoner, og tilbyr trygghet og bidrar til rask tilgang til assistanse. Her er noen eksempler p\u00e5 bruksomr\u00e5der, klassifisert etter kategorier for bedre forst\u00e5else. Personlig sikkerhet og n\u00f8dsituasjoner Vold mot kvinner,&hellip;","og_locale":"nb_NO","og_type":"article","og_title":"Brukstilfeller","og_description":"En smarttelefonapplikasjon som lar deg sende varsler, n\u00f8danrop eller bare din n\u00e5v\u00e6rende posisjon, kan vise seg \u00e5 v\u00e6re avgj\u00f8rende i mange situasjoner, og tilbyr trygghet og bidrar til rask tilgang til assistanse. Eksempler: personlig sikkerhet og n\u00f8dsituasjoner, dagligliv og assistanse, arbeid og profesjonelle situasjoner, samt fritid og utend\u00f8rsaktiviteter.","og_url":"https:\/\/www.dataslatitudes.com\/sosuniversal\/nb\/cas-dutilisation\/","og_site_name":"SOS Universal","article_modified_time":"2025-07-13T07:26:58+00:00","twitter_card":"summary_large_image","twitter_misc":{"Est. reading time":"5 minutes"},"schema":{"@context":"https:\/\/schema.org","@graph":[{"@type":"WebPage","@id":"https:\/\/www.dataslatitudes.com\/sosuniversal\/nb\/cas-dutilisation\/","url":"https:\/\/www.dataslatitudes.com\/sosuniversal\/nb\/cas-dutilisation\/","name":"Cas d'utilisation - SOS Universal","isPartOf":{"@id":"https:\/\/www.dataslatitudes.com\/sosuniversal\/#website"},"datePublished":"2025-06-12T03:29:21+00:00","dateModified":"2025-07-13T07:26:58+00:00","description":"Une application pour smartphone permettant d\u2019envoyer des alertes, des appels \u00e0 l\u2019aide ou tout simplement sa localisation courante peut s\u2019av\u00e9rer cruciale dans de nombreuses situations, offrant une tranquillit\u00e9 d\u2019esprit et contribuant \u00e0 un acc\u00e8s rapide \u00e0 l\u2019assistance. Exemples : s\u00e9curit\u00e9 personnelle et situations d\u2019urgence, vie quotidienne et assistance, travail et situations professionnelles ainsi que loisirs et activit\u00e9s en ext\u00e9rieur.","breadcrumb":{"@id":"https:\/\/www.dataslatitudes.com\/sosuniversal\/nb\/cas-dutilisation\/#breadcrumb"},"inLanguage":"nb-NO","potentialAction":[{"@type":"ReadAction","target":["https:\/\/www.dataslatitudes.com\/sosuniversal\/nb\/cas-dutilisation\/"]}]},{"@type":"BreadcrumbList","@id":"https:\/\/www.dataslatitudes.com\/sosuniversal\/nb\/cas-dutilisation\/#breadcrumb","itemListElement":[{"@type":"ListItem","position":1,"name":"Presentasjon","item":"https:\/\/www.dataslatitudes.com\/sosuniversal\/fr\/"},{"@type":"ListItem","position":2,"name":"Brukstilfeller"}]},{"@type":"WebSite","@id":"https:\/\/www.dataslatitudes.com\/sosuniversal\/nb\/#website","url":"https:\/\/www.dataslatitudes.com\/sosuniversal\/nb\/","name":"SOS Universal","description":"","publisher":{"@id":"https:\/\/www.dataslatitudes.com\/sosuniversal\/nb\/#organization"},"potentialAction":[{"@type":"SearchAction","target":{"@type":"EntryPoint","urlTemplate":"https:\/\/www.dataslatitudes.com\/sosuniversal\/nb\/?s={search_term_string}"},"query-input":{"@type":"PropertyValueSpecification","valueRequired":true,"valueName":"search_term_string"}}],"inLanguage":"nb-NO"},{"@type":"Organization","@id":"https:\/\/www.dataslatitudes.com\/sosuniversal\/nb\/#organization","name":"DATASLATITUDES","url":"https:\/\/www.dataslatitudes.com\/sosuniversal\/nb\/","logo":{"@type":"ImageObject","inLanguage":"nb-NO","@id":"https:\/\/www.dataslatitudes.com\/sosuniversal\/nb\/#\/schema\/logo\/image\/","url":"https:\/\/www.dataslatitudes.com\/sosuniversal\/wp-content\/uploads\/2025\/07\/logo_mrdv.png","contentUrl":"https:\/\/www.dataslatitudes.com\/sosuniversal\/wp-content\/uploads\/2025\/07\/logo_mrdv.png","width":72,"height":72,"caption":"DATASLATITUDES"},"image":{"@id":"https:\/\/www.dataslatitudes.com\/sosuniversal\/nb\/#\/schema\/logo\/image\/"}}]}},"_links":{"self":[{"href":"https:\/\/www.dataslatitudes.com\/sosuniversal\/nb\/wp-json\/wp\/v2\/pages\/127","targetHints":{"allow":["GET"]}}],"collection":[{"href":"https:\/\/www.dataslatitudes.com\/sosuniversal\/nb\/wp-json\/wp\/v2\/pages"}],"about":[{"href":"https:\/\/www.dataslatitudes.com\/sosuniversal\/nb\/wp-json\/wp\/v2\/types\/page"}],"author":[{"embeddable":true,"href":"https:\/\/www.dataslatitudes.com\/sosuniversal\/nb\/wp-json\/wp\/v2\/users\/1"}],"replies":[{"embeddable":true,"href":"https:\/\/www.dataslatitudes.com\/sosuniversal\/nb\/wp-json\/wp\/v2\/comments?post=127"}],"version-history":[{"count":34,"href":"https:\/\/www.dataslatitudes.com\/sosuniversal\/nb\/wp-json\/wp\/v2\/pages\/127\/revisions"}],"predecessor-version":[{"id":868,"href":"https:\/\/www.dataslatitudes.com\/sosuniversal\/nb\/wp-json\/wp\/v2\/pages\/127\/revisions\/868"}],"wp:attachment":[{"href":"https:\/\/www.dataslatitudes.com\/sosuniversal\/nb\/wp-json\/wp\/v2\/media?parent=127"}],"curies":[{"name":"wp","href":"https:\/\/api.w.org\/{rel}","templated":true}]}}