{"id":250,"date":"2025-06-13T07:11:06","date_gmt":"2025-06-13T07:11:06","guid":{"rendered":"https:\/\/www.dataslatitudes.com\/sosuniversal\/index.php\/mode-emploi\/mode-demploi-enregistrements\/"},"modified":"2025-07-22T17:01:26","modified_gmt":"2025-07-22T17:01:26","slug":"mode-emploi-outils-supplementaire","status":"publish","type":"page","link":"https:\/\/www.dataslatitudes.com\/sosuniversal\/ms\/ecran-principal\/mode-emploi-outils-supplementaire\/","title":{"rendered":"Alat tambahan"},"content":{"rendered":"\r\n<p class=\"has-small-font-size\"><\/p>\r\n\r\n\r\n\r\n<h1 class=\"wp-block-heading has-text-align-center has-medium-font-size\" style=\"margin-top:var(--wp--preset--spacing--20);margin-bottom:var(--wp--preset--spacing--20)\"><strong>ALAT TAMBAHAN<\/strong><\/h1>\r\n\r\n\r\n\r\n<p class=\"has-text-align-center\" style=\"font-size:1.2rem\">Lima alat tambahan ditawarkan oleh SOS Universal:<\/p>\r\n\r\n\r\n\r\n<figure class=\"wp-block-image aligncenter size-full is-resized\"><img decoding=\"async\" src=\"http:\/\/www.dataslatitudes.com\/sosuniversal\/wp-content\/uploads\/ms_ecran_principal_partie_basse_puce_recadre.webp\" alt=\"Bahagian bawah skrin utama\" class=\"wp-image-421\" style=\"width:273px\"\/><\/figure>\r\n\r\n\r\n\r\n<div class=\"wp-block-columns is-layout-flex wp-container-core-columns-is-layout-d2a8f814 wp-block-columns-is-layout-flex\" style=\"padding-top:0;padding-bottom:0\">\r\n<div class=\"wp-block-column is-layout-flow wp-block-column-is-layout-flow\">\r\n<h2 class=\"wp-block-heading has-text-align-center\" style=\"margin-top:var(--wp--preset--spacing--20);margin-bottom:var(--wp--preset--spacing--20);font-size:1.2rem\">(1) Kunci aplikasi<\/h2>\r\n\r\n\r\n\r\n<figure class=\"wp-block-image aligncenter size-large is-resized\" style=\"margin-top:0;margin-bottom:0\"><img decoding=\"async\" src=\"http:\/\/www.dataslatitudes.com\/sosuniversal\/wp-content\/uploads\/ms_verrouillage-459x1024.webp\" alt=\"SOS Universal - kunci aplikasi\" class=\"wp-image-426\" style=\"width:273px\"\/><\/figure>\r\n\r\n\r\n\r\n<p style=\"margin-right:var(--wp--preset--spacing--50);margin-left:var(--wp--preset--spacing--50);font-size:1rem\">Untuk mengelakkan kesilapan pengendalian oleh orang yang rentan, SOS Universal boleh dikonfigurasi oleh pihak ketiga yang dipercayai dan kemudian dikunci: hanya butang utama pencetus penggera yang boleh digunakan dalam kes ini (serta butang pembatalan amaran). Pembukaan kunci dilakukan dengan sangat mudah (kodnya ialah 0000).<\/p>\r\n\r\n\r\n\r\n<p style=\"margin-top:var(--wp--preset--spacing--50);margin-bottom:var(--wp--preset--spacing--50)\"><\/p>\r\n<\/div>\r\n\r\n\r\n\r\n<div class=\"wp-block-column is-layout-flow wp-block-column-is-layout-flow\">\r\n<h2 class=\"wp-block-heading has-text-align-center\" style=\"margin-top:var(--wp--preset--spacing--20);margin-bottom:var(--wp--preset--spacing--20);font-size:1.2rem\">(2) Mesej tambahan<\/h2>\r\n\r\n\r\n\r\n<figure class=\"wp-block-image aligncenter size-large is-resized\" style=\"margin-top:0;margin-bottom:0\"><img decoding=\"async\" src=\"http:\/\/www.dataslatitudes.com\/sosuniversal\/wp-content\/uploads\/ms_message_complementaire-459x1024.webp\" alt=\"SOS Universal - mesej tambahan\" class=\"wp-image-425\" style=\"width:273px\"\/><\/figure>\r\n\r\n\r\n\r\n<p style=\"padding-right:var(--wp--preset--spacing--50);padding-left:var(--wp--preset--spacing--50);font-size:1rem\">Anda mempunyai keupayaan untuk dengan cepat menulis mesej tambahan yang akan disatukan ke dalam teks SMS amaran seterusnya.<\/p>\r\n<\/div>\r\n<\/div>\r\n\r\n\r\n\r\n<p class=\"has-text-align-center\" style=\"font-size:1.1rem\"><br>Selain daripada sebarang amaran, anda mempunyai tiga utiliti tambahan yang boleh dikonfigurasi dengan kelewatan pencetus pilihan:<\/p>\r\n\r\n\r\n\r\n<div class=\"wp-block-columns is-layout-flex wp-container-core-columns-is-layout-8d88fe0f wp-block-columns-is-layout-flex\" style=\"padding-top:var(--wp--preset--spacing--20);padding-bottom:var(--wp--preset--spacing--20)\">\r\n<div class=\"wp-block-column is-layout-flow wp-block-column-is-layout-flow\">\r\n<h2 class=\"wp-block-heading has-text-align-center\" style=\"margin-top:0;margin-bottom:0;font-size:1.2rem\">(3) Rakaman audio<\/h2>\r\n\r\n\r\n\r\n<figure class=\"wp-block-image aligncenter size-large is-resized\" style=\"margin-top:var(--wp--preset--spacing--20);margin-bottom:var(--wp--preset--spacing--20)\"><img decoding=\"async\" src=\"http:\/\/www.dataslatitudes.com\/sosuniversal\/wp-content\/uploads\/ms_enregistrement_direct-459x1024.webp\" alt=\"SOS Universal - rakaman audio\" class=\"wp-image-424\" style=\"width:273px\"\/><\/figure>\r\n\r\n\r\n\r\n<p class=\"has-text-align-center\" style=\"font-size:1rem\">Kapasiti rakaman teori ditunjukkan.<\/p>\r\n<\/div>\r\n\r\n\r\n\r\n<div class=\"wp-block-column is-layout-flow wp-block-column-is-layout-flow\">\r\n<h2 class=\"wp-block-heading has-text-align-center\" style=\"margin-top:0;margin-bottom:0;font-size:1.2rem\">(4) Penggera bunyi<\/h2>\r\n\r\n\r\n\r\n<figure class=\"wp-block-image aligncenter size-large is-resized\" style=\"margin-top:var(--wp--preset--spacing--20);margin-bottom:var(--wp--preset--spacing--20)\"><img decoding=\"async\" src=\"http:\/\/www.dataslatitudes.com\/sosuniversal\/wp-content\/uploads\/ms_alarme_sonore-459x1024.webp\" alt=\"SOS Universal - penggera bunyi\" class=\"wp-image-423\" style=\"width:273px\"\/><\/figure>\r\n\r\n\r\n\r\n<p class=\"has-text-align-center\" style=\"font-size:1rem\">Kelantangan bunyi penggera ditetapkan secara automatik ke tahap maksimum. Jenis penggera (siren polis atau jeritan manusia) dipilih dalam tetapan.<\/p>\r\n<\/div>\r\n\r\n\r\n\r\n<div class=\"wp-block-column is-layout-flow wp-block-column-is-layout-flow\">\r\n<h2 class=\"wp-block-heading has-text-align-center\" style=\"margin-top:0;margin-bottom:0;font-size:1.2rem\">(5) Simulasi panggilan telefon masuk<\/h2>\r\n\r\n\r\n\r\n<figure class=\"wp-block-image aligncenter size-large is-resized\" style=\"margin-top:var(--wp--preset--spacing--20);margin-bottom:var(--wp--preset--spacing--20)\"><img decoding=\"async\" src=\"http:\/\/www.dataslatitudes.com\/sosuniversal\/wp-content\/uploads\/ms_appel_entrant_simule-459x1024.webp\" alt=\"SOS Universal - panggilan masuk simulasi\" class=\"wp-image-422\" style=\"width:273px\"\/><\/figure>\r\n\r\n\r\n\r\n<p class=\"has-text-align-center\" style=\"font-size:1rem\">Kelantangan dering ditetapkan secara automatik kepada maksimum. Fungsi ini tidak boleh digunakan jika telefon pintar dalam mod senyap atau mod &#8220;jangan ganggu&#8221;.<\/p>\r\n<\/div>\r\n<\/div>\r\n\r\n\r\n\r\n<p class=\"has-small-font-size\"><\/p>\r\n\r\n\r\n\r\n<p class=\"has-small-font-size\"><\/p>\r\n","protected":false},"excerpt":{"rendered":"<p>ALAT TAMBAHAN Lima alat tambahan ditawarkan oleh SOS Universal: (1) Kunci aplikasi Untuk mengelakkan kesilapan pengendalian oleh orang yang rentan, [&hellip;]<\/p>\n","protected":false},"author":1,"featured_media":0,"parent":14,"menu_order":7,"comment_status":"closed","ping_status":"closed","template":"","meta":{"site-sidebar-layout":"default","site-content-layout":"","ast-site-content-layout":"","site-content-style":"default","site-sidebar-style":"default","ast-global-header-display":"","ast-banner-title-visibility":"","ast-main-header-display":"","ast-hfb-above-header-display":"","ast-hfb-below-header-display":"","ast-hfb-mobile-header-display":"","site-post-title":"disabled","ast-breadcrumbs-content":"","ast-featured-img":"","footer-sml-layout":"","theme-transparent-header-meta":"","adv-header-id-meta":"","stick-header-meta":"","header-above-stick-meta":"","header-main-stick-meta":"","header-below-stick-meta":"","astra-migrate-meta-layouts":"default","ast-page-background-enabled":"default","ast-page-background-meta":{"desktop":{"background-color":"var(--ast-global-color-5)","background-image":"","background-repeat":"repeat","background-position":"center center","background-size":"auto","background-attachment":"scroll","background-type":"","background-media":"","overlay-type":"","overlay-color":"","overlay-opacity":"","overlay-gradient":""},"tablet":{"background-color":"","background-image":"","background-repeat":"repeat","background-position":"center center","background-size":"auto","background-attachment":"scroll","background-type":"","background-media":"","overlay-type":"","overlay-color":"","overlay-opacity":"","overlay-gradient":""},"mobile":{"background-color":"","background-image":"","background-repeat":"repeat","background-position":"center center","background-size":"auto","background-attachment":"scroll","background-type":"","background-media":"","overlay-type":"","overlay-color":"","overlay-opacity":"","overlay-gradient":""}},"ast-content-background-meta":{"desktop":{"background-color":"var(--ast-global-color-4)","background-image":"","background-repeat":"repeat","background-position":"center center","background-size":"auto","background-attachment":"scroll","background-type":"","background-media":"","overlay-type":"","overlay-color":"","overlay-opacity":"","overlay-gradient":""},"tablet":{"background-color":"var(--ast-global-color-4)","background-image":"","background-repeat":"repeat","background-position":"center center","background-size":"auto","background-attachment":"scroll","background-type":"","background-media":"","overlay-type":"","overlay-color":"","overlay-opacity":"","overlay-gradient":""},"mobile":{"background-color":"var(--ast-global-color-4)","background-image":"","background-repeat":"repeat","background-position":"center center","background-size":"auto","background-attachment":"scroll","background-type":"","background-media":"","overlay-type":"","overlay-color":"","overlay-opacity":"","overlay-gradient":""}},"footnotes":""},"class_list":["post-250","page","type-page","status-publish","hentry"],"yoast_head":"<!-- This site is optimized with the Yoast SEO plugin v25.6 - https:\/\/yoast.com\/wordpress\/plugins\/seo\/ -->\n<title>Alat tambahan<\/title>\n<meta name=\"description\" content=\"Lima alat tambahan ditawarkan oleh SOS Universal. Untuk mengelakkan ralat pengendalian oleh individu yang terdedah, SOS Universal boleh dikonfigurasi oleh pihak ketiga yang dipercayai dan kemudian dikunci. Anda mempunyai keupayaan untuk dengan cepat merangka mesej tambahan yang akan dimasukkan ke dalam teks SMS amaran seterusnya. Di luar sebarang amaran, anda mempunyai tiga utiliti yang boleh dikonfigurasi dengan kelewatan pencetus pilihan: rakaman audio, pencetus penggera bunyi, dan simulasi panggilan telefon masuk.\" \/>\n<meta name=\"robots\" content=\"index, follow, max-snippet:-1, max-image-preview:large, max-video-preview:-1\" \/>\n<link rel=\"canonical\" href=\"\" \/>\n<meta property=\"og:locale\" content=\"ms_MY\" \/>\n<meta property=\"og:type\" content=\"article\" \/>\n<meta property=\"og:title\" content=\"Alat tambahan\" \/>\n<meta property=\"og:description\" content=\"Lima alat tambahan ditawarkan oleh SOS Universal. Untuk mengelakkan ralat pengendalian oleh individu yang terdedah, SOS Universal boleh dikonfigurasi oleh pihak ketiga yang dipercayai dan kemudian dikunci. Anda mempunyai keupayaan untuk dengan cepat merangka mesej tambahan yang akan dimasukkan ke dalam teks SMS amaran seterusnya. Di luar sebarang amaran, anda mempunyai tiga utiliti yang boleh dikonfigurasi dengan kelewatan pencetus pilihan: rakaman audio, pencetus penggera bunyi, dan simulasi panggilan telefon masuk.\" \/>\n<meta property=\"og:url\" content=\"https:\/\/www.dataslatitudes.com\/sosuniversal\/ms\/ecran-principal\/mode-emploi-outils-supplementaire\/\" \/>\n<meta property=\"og:site_name\" content=\"SOS Universal\" \/>\n<meta property=\"article:modified_time\" content=\"2025-07-22T17:01:26+00:00\" \/>\n<meta name=\"twitter:card\" content=\"summary_large_image\" \/>\n<meta name=\"twitter:label1\" content=\"Est. reading time\" \/>\n\t<meta name=\"twitter:data1\" content=\"3 minit\" \/>\n<script type=\"application\/ld+json\" class=\"yoast-schema-graph\">{\"@context\":\"https:\/\/schema.org\",\"@graph\":[{\"@type\":\"WebPage\",\"@id\":\"https:\/\/www.dataslatitudes.com\/sosuniversal\/ms\/ecran-principal\/mode-emploi-outils-supplementaire\/\",\"url\":\"https:\/\/www.dataslatitudes.com\/sosuniversal\/ms\/ecran-principal\/mode-emploi-outils-supplementaire\/\",\"name\":\"Outils suppl\u00e9mentaires - SOS Universal\",\"isPartOf\":{\"@id\":\"https:\/\/www.dataslatitudes.com\/sosuniversal\/#website\"},\"primaryImageOfPage\":{\"@id\":\"https:\/\/www.dataslatitudes.com\/sosuniversal\/ms\/ecran-principal\/mode-emploi-outils-supplementaire\/#primaryimage\"},\"image\":{\"@id\":\"https:\/\/www.dataslatitudes.com\/sosuniversal\/ms\/ecran-principal\/mode-emploi-outils-supplementaire\/#primaryimage\"},\"thumbnailUrl\":\"http:\/\/www.dataslatitudes.com\/sosuniversal\/wp-content\/uploads\/2025\/07\/fr_ecran_principal_partie_basse_puce_recadre.webp\",\"datePublished\":\"2025-06-13T07:11:06+00:00\",\"dateModified\":\"2025-07-22T17:01:26+00:00\",\"description\":\"Cinq outils suppl\u00e9mentaires vous sont propos\u00e9s par SOS Universal. Dans le but d\u2019\u00e9viter des erreurs de manipulation par des personnes vuln\u00e9rables, SOS Universal peut \u00eatre param\u00e9tr\u00e9e par un tiers de confiance puis ensuite \u00eatre verrouill\u00e9e. Vous avez la facult\u00e9 de r\u00e9diger rapidement un message compl\u00e9mentaire qui sera int\u00e9gr\u00e9 dans le texte du SMS des prochaines alertes. En dehors de toute alerte, vous disposez de trois utilitaires qui peuvent \u00eatre param\u00e9tr\u00e9s avec un d\u00e9lai de d\u00e9clenchement optionnel : l'enregistrement audio, le d\u00e9clenchement d'une alarme sonore et la simulation d\u2019un appel t\u00e9l\u00e9phonique entrant.\",\"breadcrumb\":{\"@id\":\"https:\/\/www.dataslatitudes.com\/sosuniversal\/ms\/ecran-principal\/mode-emploi-outils-supplementaire\/#breadcrumb\"},\"inLanguage\":\"ms-MY\",\"potentialAction\":[{\"@type\":\"ReadAction\",\"target\":[\"https:\/\/www.dataslatitudes.com\/sosuniversal\/ms\/ecran-principal\/mode-emploi-outils-supplementaire\/\"]}]},{\"@type\":\"ImageObject\",\"inLanguage\":\"ms-MY\",\"@id\":\"https:\/\/www.dataslatitudes.com\/sosuniversal\/ms\/ecran-principal\/mode-emploi-outils-supplementaire\/#primaryimage\",\"url\":\"http:\/\/www.dataslatitudes.com\/sosuniversal\/wp-content\/uploads\/2025\/07\/fr_ecran_principal_partie_basse_puce_recadre.webp\",\"contentUrl\":\"http:\/\/www.dataslatitudes.com\/sosuniversal\/wp-content\/uploads\/2025\/07\/fr_ecran_principal_partie_basse_puce_recadre.webp\"},{\"@type\":\"BreadcrumbList\",\"@id\":\"https:\/\/www.dataslatitudes.com\/sosuniversal\/ms\/ecran-principal\/mode-emploi-outils-supplementaire\/#breadcrumb\",\"itemListElement\":[{\"@type\":\"ListItem\",\"position\":1,\"name\":\"Pembentangan\",\"item\":\"https:\/\/www.dataslatitudes.com\/sosuniversal\/fr\/\"},{\"@type\":\"ListItem\",\"position\":2,\"name\":\"Skrin utama\",\"item\":\"https:\/\/www.dataslatitudes.com\/sosuniversal\/ecran-principal\/\"},{\"@type\":\"ListItem\",\"position\":3,\"name\":\"Alat tambahan\"}]},{\"@type\":\"WebSite\",\"@id\":\"https:\/\/www.dataslatitudes.com\/sosuniversal\/ms\/#website\",\"url\":\"https:\/\/www.dataslatitudes.com\/sosuniversal\/ms\/\",\"name\":\"SOS Universal\",\"description\":\"\",\"publisher\":{\"@id\":\"https:\/\/www.dataslatitudes.com\/sosuniversal\/ms\/#organization\"},\"potentialAction\":[{\"@type\":\"SearchAction\",\"target\":{\"@type\":\"EntryPoint\",\"urlTemplate\":\"https:\/\/www.dataslatitudes.com\/sosuniversal\/ms\/?s={search_term_string}\"},\"query-input\":{\"@type\":\"PropertyValueSpecification\",\"valueRequired\":true,\"valueName\":\"search_term_string\"}}],\"inLanguage\":\"ms-MY\"},{\"@type\":\"Organization\",\"@id\":\"https:\/\/www.dataslatitudes.com\/sosuniversal\/ms\/#organization\",\"name\":\"DATASLATITUDES\",\"url\":\"https:\/\/www.dataslatitudes.com\/sosuniversal\/ms\/\",\"logo\":{\"@type\":\"ImageObject\",\"inLanguage\":\"ms-MY\",\"@id\":\"https:\/\/www.dataslatitudes.com\/sosuniversal\/ms\/#\/schema\/logo\/image\/\",\"url\":\"https:\/\/www.dataslatitudes.com\/sosuniversal\/wp-content\/uploads\/2025\/07\/logo_mrdv.png\",\"contentUrl\":\"https:\/\/www.dataslatitudes.com\/sosuniversal\/wp-content\/uploads\/2025\/07\/logo_mrdv.png\",\"width\":72,\"height\":72,\"caption\":\"DATASLATITUDES\"},\"image\":{\"@id\":\"https:\/\/www.dataslatitudes.com\/sosuniversal\/ms\/#\/schema\/logo\/image\/\"}}]}<\/script>\n<!-- \/ Yoast SEO plugin. -->","yoast_head_json":{"title":"Alat tambahan","description":"Lima alat tambahan ditawarkan oleh SOS Universal. Untuk mengelakkan ralat pengendalian oleh individu yang terdedah, SOS Universal boleh dikonfigurasi oleh pihak ketiga yang dipercayai dan kemudian dikunci. Anda mempunyai keupayaan untuk dengan cepat merangka mesej tambahan yang akan dimasukkan ke dalam teks SMS amaran seterusnya. Di luar sebarang amaran, anda mempunyai tiga utiliti yang boleh dikonfigurasi dengan kelewatan pencetus pilihan: rakaman audio, pencetus penggera bunyi, dan simulasi panggilan telefon masuk.","robots":{"index":"index","follow":"follow","max-snippet":"max-snippet:-1","max-image-preview":"max-image-preview:large","max-video-preview":"max-video-preview:-1"},"canonical":"ALAT TAMBAHAN Lima alat tambahan ditawarkan oleh SOS Universal: (1) Kunci aplikasi Untuk mengelakkan kesilapan pengendalian oleh orang yang rentan, SOS Universal boleh dikonfigurasi oleh pihak ketiga yang dipercayai dan kemudian dikunci: hanya butang utama pencetus penggera yang boleh digunakan dalam kes ini (serta butang pembatalan amaran). Pembukaan kunci dilakukan dengan sangat mudah (kodnya ialah&hellip;","og_locale":"ms_MY","og_type":"article","og_title":"Alat tambahan","og_description":"Lima alat tambahan ditawarkan oleh SOS Universal. Untuk mengelakkan ralat pengendalian oleh individu yang terdedah, SOS Universal boleh dikonfigurasi oleh pihak ketiga yang dipercayai dan kemudian dikunci. Anda mempunyai keupayaan untuk dengan cepat merangka mesej tambahan yang akan dimasukkan ke dalam teks SMS amaran seterusnya. Di luar sebarang amaran, anda mempunyai tiga utiliti yang boleh dikonfigurasi dengan kelewatan pencetus pilihan: rakaman audio, pencetus penggera bunyi, dan simulasi panggilan telefon masuk.","og_url":"https:\/\/www.dataslatitudes.com\/sosuniversal\/ms\/ecran-principal\/mode-emploi-outils-supplementaire\/","og_site_name":"SOS Universal","article_modified_time":"2025-07-22T17:01:26+00:00","twitter_card":"summary_large_image","twitter_misc":{"Est. reading time":"3 minit"},"schema":{"@context":"https:\/\/schema.org","@graph":[{"@type":"WebPage","@id":"https:\/\/www.dataslatitudes.com\/sosuniversal\/ms\/ecran-principal\/mode-emploi-outils-supplementaire\/","url":"https:\/\/www.dataslatitudes.com\/sosuniversal\/ms\/ecran-principal\/mode-emploi-outils-supplementaire\/","name":"Outils suppl\u00e9mentaires - SOS Universal","isPartOf":{"@id":"https:\/\/www.dataslatitudes.com\/sosuniversal\/#website"},"primaryImageOfPage":{"@id":"https:\/\/www.dataslatitudes.com\/sosuniversal\/ms\/ecran-principal\/mode-emploi-outils-supplementaire\/#primaryimage"},"image":{"@id":"https:\/\/www.dataslatitudes.com\/sosuniversal\/ms\/ecran-principal\/mode-emploi-outils-supplementaire\/#primaryimage"},"thumbnailUrl":"http:\/\/www.dataslatitudes.com\/sosuniversal\/wp-content\/uploads\/2025\/07\/fr_ecran_principal_partie_basse_puce_recadre.webp","datePublished":"2025-06-13T07:11:06+00:00","dateModified":"2025-07-22T17:01:26+00:00","description":"Cinq outils suppl\u00e9mentaires vous sont propos\u00e9s par SOS Universal. Dans le but d\u2019\u00e9viter des erreurs de manipulation par des personnes vuln\u00e9rables, SOS Universal peut \u00eatre param\u00e9tr\u00e9e par un tiers de confiance puis ensuite \u00eatre verrouill\u00e9e. Vous avez la facult\u00e9 de r\u00e9diger rapidement un message compl\u00e9mentaire qui sera int\u00e9gr\u00e9 dans le texte du SMS des prochaines alertes. En dehors de toute alerte, vous disposez de trois utilitaires qui peuvent \u00eatre param\u00e9tr\u00e9s avec un d\u00e9lai de d\u00e9clenchement optionnel : l'enregistrement audio, le d\u00e9clenchement d'une alarme sonore et la simulation d\u2019un appel t\u00e9l\u00e9phonique entrant.","breadcrumb":{"@id":"https:\/\/www.dataslatitudes.com\/sosuniversal\/ms\/ecran-principal\/mode-emploi-outils-supplementaire\/#breadcrumb"},"inLanguage":"ms-MY","potentialAction":[{"@type":"ReadAction","target":["https:\/\/www.dataslatitudes.com\/sosuniversal\/ms\/ecran-principal\/mode-emploi-outils-supplementaire\/"]}]},{"@type":"ImageObject","inLanguage":"ms-MY","@id":"https:\/\/www.dataslatitudes.com\/sosuniversal\/ms\/ecran-principal\/mode-emploi-outils-supplementaire\/#primaryimage","url":"http:\/\/www.dataslatitudes.com\/sosuniversal\/wp-content\/uploads\/2025\/07\/fr_ecran_principal_partie_basse_puce_recadre.webp","contentUrl":"http:\/\/www.dataslatitudes.com\/sosuniversal\/wp-content\/uploads\/2025\/07\/fr_ecran_principal_partie_basse_puce_recadre.webp"},{"@type":"BreadcrumbList","@id":"https:\/\/www.dataslatitudes.com\/sosuniversal\/ms\/ecran-principal\/mode-emploi-outils-supplementaire\/#breadcrumb","itemListElement":[{"@type":"ListItem","position":1,"name":"Pembentangan","item":"https:\/\/www.dataslatitudes.com\/sosuniversal\/fr\/"},{"@type":"ListItem","position":2,"name":"Skrin utama","item":"https:\/\/www.dataslatitudes.com\/sosuniversal\/ecran-principal\/"},{"@type":"ListItem","position":3,"name":"Alat tambahan"}]},{"@type":"WebSite","@id":"https:\/\/www.dataslatitudes.com\/sosuniversal\/ms\/#website","url":"https:\/\/www.dataslatitudes.com\/sosuniversal\/ms\/","name":"SOS Universal","description":"","publisher":{"@id":"https:\/\/www.dataslatitudes.com\/sosuniversal\/ms\/#organization"},"potentialAction":[{"@type":"SearchAction","target":{"@type":"EntryPoint","urlTemplate":"https:\/\/www.dataslatitudes.com\/sosuniversal\/ms\/?s={search_term_string}"},"query-input":{"@type":"PropertyValueSpecification","valueRequired":true,"valueName":"search_term_string"}}],"inLanguage":"ms-MY"},{"@type":"Organization","@id":"https:\/\/www.dataslatitudes.com\/sosuniversal\/ms\/#organization","name":"DATASLATITUDES","url":"https:\/\/www.dataslatitudes.com\/sosuniversal\/ms\/","logo":{"@type":"ImageObject","inLanguage":"ms-MY","@id":"https:\/\/www.dataslatitudes.com\/sosuniversal\/ms\/#\/schema\/logo\/image\/","url":"https:\/\/www.dataslatitudes.com\/sosuniversal\/wp-content\/uploads\/2025\/07\/logo_mrdv.png","contentUrl":"https:\/\/www.dataslatitudes.com\/sosuniversal\/wp-content\/uploads\/2025\/07\/logo_mrdv.png","width":72,"height":72,"caption":"DATASLATITUDES"},"image":{"@id":"https:\/\/www.dataslatitudes.com\/sosuniversal\/ms\/#\/schema\/logo\/image\/"}}]}},"_links":{"self":[{"href":"https:\/\/www.dataslatitudes.com\/sosuniversal\/ms\/wp-json\/wp\/v2\/pages\/250","targetHints":{"allow":["GET"]}}],"collection":[{"href":"https:\/\/www.dataslatitudes.com\/sosuniversal\/ms\/wp-json\/wp\/v2\/pages"}],"about":[{"href":"https:\/\/www.dataslatitudes.com\/sosuniversal\/ms\/wp-json\/wp\/v2\/types\/page"}],"author":[{"embeddable":true,"href":"https:\/\/www.dataslatitudes.com\/sosuniversal\/ms\/wp-json\/wp\/v2\/users\/1"}],"replies":[{"embeddable":true,"href":"https:\/\/www.dataslatitudes.com\/sosuniversal\/ms\/wp-json\/wp\/v2\/comments?post=250"}],"version-history":[{"count":40,"href":"https:\/\/www.dataslatitudes.com\/sosuniversal\/ms\/wp-json\/wp\/v2\/pages\/250\/revisions"}],"predecessor-version":[{"id":1070,"href":"https:\/\/www.dataslatitudes.com\/sosuniversal\/ms\/wp-json\/wp\/v2\/pages\/250\/revisions\/1070"}],"up":[{"embeddable":true,"href":"https:\/\/www.dataslatitudes.com\/sosuniversal\/ms\/wp-json\/wp\/v2\/pages\/14"}],"wp:attachment":[{"href":"https:\/\/www.dataslatitudes.com\/sosuniversal\/ms\/wp-json\/wp\/v2\/media?parent=250"}],"curies":[{"name":"wp","href":"https:\/\/api.w.org\/{rel}","templated":true}]}}