{"id":14,"date":"2025-06-10T17:50:33","date_gmt":"2025-06-10T17:50:33","guid":{"rendered":"https:\/\/www.dataslatitudes.com\/sosuniversal\/?page_id=14"},"modified":"2025-07-21T15:55:15","modified_gmt":"2025-07-21T15:55:15","slug":"ecran-principal","status":"publish","type":"page","link":"https:\/\/www.dataslatitudes.com\/sosuniversal\/ms\/ecran-principal\/","title":{"rendered":"Skrin utama"},"content":{"rendered":"\r\n<p class=\"has-small-font-size\"><\/p>\r\n\r\n\r\n\r\n<h1 class=\"wp-block-heading has-text-align-center has-medium-font-size\"><strong>MANUAL PENGGUNA<\/strong><\/h1>\r\n\r\n\r\n\r\n<h2 class=\"wp-block-heading has-background\" style=\"background-color:#f9f3eb;padding-top:var(--wp--preset--spacing--20);padding-bottom:var(--wp--preset--spacing--20);font-size:1.2rem\">Pelancaran aplikasi<\/h2>\r\n\r\n\r\n\r\n<ol style=\"margin-top:0;margin-bottom:0;padding-top:0;padding-bottom:0\" class=\"wp-block-list\">\r\n<li style=\"margin-top:var(--wp--preset--spacing--40);margin-bottom:var(--wp--preset--spacing--40);font-size:1rem\">SOS Universal boleh dilancarkan secara klasik dengan mengklik ikon aplikasi.<\/li>\r\n\r\n\r\n\r\n<li style=\"margin-top:0;margin-bottom:0;padding-top:0;padding-bottom:0\">Anda juga boleh memasang dan menggunakan salah satu daripada dua widget aplikasi yang direka untuk SOS Universal.<br>Bergantung pada versi Android, dua mod pemasangan tersedia: sama ada dengan menekan lama pada ruang kosong skrin telefon pintar (skrin utama contohnya), atau dengan menekan lama pada ikon aplikasi. Anda kemudian memilih pilihan &#8220;Widget&#8221; kemudian aplikasi SOS Universal.<\/li>\r\n<\/ol>\r\n\r\n\r\n\r\n<p class=\"has-small-font-size\"><\/p>\r\n\r\n\r\n\r\n<div class=\"wp-block-columns is-layout-flex wp-container-core-columns-is-layout-7d874bf9 wp-block-columns-is-layout-flex\" style=\"margin-top:0;margin-bottom:0;padding-top:0;padding-bottom:0\">\r\n<div class=\"wp-block-column is-layout-flow wp-block-column-is-layout-flow\" style=\"flex-basis:20%\">\r\n<figure class=\"wp-block-image aligncenter size-full is-resized\" style=\"margin-top:0;margin-bottom:0\"><img fetchpriority=\"high\" decoding=\"async\" width=\"1080\" height=\"2400\" src=\"http:\/\/www.dataslatitudes.com\/sosuniversal\/wp-content\/uploads\/2025\/07\/choix_appwidget.webp\" alt=\"SOS Universal - pilihan widget aplikasi\" class=\"wp-image-712\" style=\"width:190px\" srcset=\"https:\/\/www.dataslatitudes.com\/sosuniversal\/wp-content\/uploads\/2025\/07\/choix_appwidget.webp 1080w, https:\/\/www.dataslatitudes.com\/sosuniversal\/wp-content\/uploads\/2025\/07\/choix_appwidget-135x300.webp 135w, https:\/\/www.dataslatitudes.com\/sosuniversal\/wp-content\/uploads\/2025\/07\/choix_appwidget-461x1024.webp 461w, https:\/\/www.dataslatitudes.com\/sosuniversal\/wp-content\/uploads\/2025\/07\/choix_appwidget-768x1707.webp 768w, https:\/\/www.dataslatitudes.com\/sosuniversal\/wp-content\/uploads\/2025\/07\/choix_appwidget-691x1536.webp 691w, https:\/\/www.dataslatitudes.com\/sosuniversal\/wp-content\/uploads\/2025\/07\/choix_appwidget-922x2048.webp 922w\" sizes=\"(max-width: 1080px) 100vw, 1080px\" \/><\/figure>\r\n\r\n\r\n\r\n<p class=\"has-text-align-center\" style=\"margin-top:0;margin-bottom:0\">Pilihan salah satu daripada dua widget aplikasi<\/p>\r\n<\/div>\r\n\r\n\r\n\r\n<div class=\"wp-block-column is-layout-flow wp-block-column-is-layout-flow\" style=\"flex-basis:40%\">\r\n<p style=\"margin-top:0;margin-bottom:0\">Dua widget aplikasi ditawarkan kepada anda:<br>&#8211; yang pertama (berlogo) mengambil logo SOS Universal.<br>&#8211; yang kedua (tanpa nama) tidak termasuk sebarang tanda: ia bertujuan untuk membolehkan operasi secara bijak.<\/p>\r\n\r\n\r\n\r\n<p style=\"margin-top:var(--wp--preset--spacing--30);margin-bottom:var(--wp--preset--spacing--30)\">Anda pilih salah satu daripada dua dan teruskan dengan penambahan.<\/p>\r\n\r\n\r\n\r\n<p style=\"margin-top:var(--wp--preset--spacing--30);margin-bottom:var(--wp--preset--spacing--30)\">Widget aplikasi kemudian muncul dalam bentuk yang membolehkan anda mengubah saiznya.<\/p>\r\n\r\n\r\n\r\n<p style=\"margin-top:var(--wp--preset--spacing--30);margin-bottom:var(--wp--preset--spacing--30)\">Widget berfungsi sebagai butang pelancaran.<\/p>\r\n\r\n\r\n\r\n<p style=\"margin-top:var(--wp--preset--spacing--30);margin-bottom:var(--wp--preset--spacing--30)\"><strong>NB: <\/strong>jika pencetus penggera SOS Universal telah dikonfigurasi dengan pilihan &#8220;Pencetus automatik oleh widget aplikasi&#8221;, widget tersebut kemudian membenarkan pembukaan aplikasi dan, tambahan pula, mencetuskan penggera dengan kandungan dan mod yang telah anda tentukan.<br>Lihat: <a href=\"https:\/\/www.dataslatitudes.com\/sosuniversal\/ms\/index.php\/mode-emploi\/mode-emploi-parametre\/\">Tetapan<\/a>.<\/p>\r\n<\/div>\r\n\r\n\r\n\r\n<div class=\"wp-block-column is-layout-flow wp-block-column-is-layout-flow\" style=\"flex-basis:20%\">\r\n<figure class=\"wp-block-image aligncenter size-large is-resized\" style=\"margin-top:0;margin-bottom:0\"><img decoding=\"async\" src=\"http:\/\/www.dataslatitudes.com\/sosuniversal\/wp-content\/uploads\/2025\/07\/exemple_app_widget_normal-461x1024.webp\" alt=\"SOS Universal - widget aplikasi utama\" class=\"wp-image-709\" style=\"width:190px\"\/><\/figure>\r\n\r\n\r\n\r\n<p class=\"has-text-align-center\" style=\"margin-top:0;margin-bottom:0\">Widget pertama<\/p>\r\n<\/div>\r\n\r\n\r\n\r\n<div class=\"wp-block-column is-layout-flow wp-block-column-is-layout-flow\" style=\"flex-basis:20%\">\r\n<figure class=\"wp-block-image aligncenter size-large is-resized\" style=\"margin-top:0;margin-bottom:0\"><img decoding=\"async\" width=\"461\" height=\"1024\" src=\"http:\/\/www.dataslatitudes.com\/sosuniversal\/wp-content\/uploads\/2025\/07\/exemple_app_widget_blanc-461x1024.webp\" alt=\"SOS Universal - widget aplikasi sekunder\" class=\"wp-image-708\" style=\"width:190px\" srcset=\"https:\/\/www.dataslatitudes.com\/sosuniversal\/wp-content\/uploads\/2025\/07\/exemple_app_widget_blanc-461x1024.webp 461w, https:\/\/www.dataslatitudes.com\/sosuniversal\/wp-content\/uploads\/2025\/07\/exemple_app_widget_blanc-135x300.webp 135w, https:\/\/www.dataslatitudes.com\/sosuniversal\/wp-content\/uploads\/2025\/07\/exemple_app_widget_blanc-768x1707.webp 768w, https:\/\/www.dataslatitudes.com\/sosuniversal\/wp-content\/uploads\/2025\/07\/exemple_app_widget_blanc-691x1536.webp 691w, https:\/\/www.dataslatitudes.com\/sosuniversal\/wp-content\/uploads\/2025\/07\/exemple_app_widget_blanc-922x2048.webp 922w, https:\/\/www.dataslatitudes.com\/sosuniversal\/wp-content\/uploads\/2025\/07\/exemple_app_widget_blanc.webp 1080w\" sizes=\"(max-width: 461px) 100vw, 461px\" \/><\/figure>\r\n\r\n\r\n\r\n<p class=\"has-text-align-center\" style=\"margin-top:0;margin-bottom:0\">Widget kedua<\/p>\r\n<\/div>\r\n<\/div>\r\n\r\n\r\n\r\n<p class=\"has-medium-font-size\" style=\"margin-top:var(--wp--preset--spacing--20);margin-bottom:var(--wp--preset--spacing--20)\"><\/p>\r\n\r\n\r\n\r\n<p>Dalam kes kemas kini aplikasi, bergantung pada versi Android atau peranti anda, widget aplikasi mungkin memerlukan salah satu daripada dua tindakan berikut untuk terus berfungsi:<br>&#8211; mulakan semula peranti anda<br>&#8211; atau pemadaman (dengan penekanan lama) dan pemasangan semula widget aplikasi.<\/p>\r\n\r\n\r\n\r\n<p class=\"has-small-font-size\"><\/p>\r\n\r\n\r\n\r\n<h2 class=\"wp-block-heading has-background\" style=\"background-color:#f9f3eb;padding-top:var(--wp--preset--spacing--20);padding-bottom:var(--wp--preset--spacing--20);font-size:1.2rem\">Skrin utama<\/h2>\r\n\r\n\r\n\r\n<div class=\"wp-block-columns is-layout-flex wp-container-core-columns-is-layout-a5331a9e wp-block-columns-is-layout-flex\" style=\"padding-top:0;padding-right:0;padding-bottom:0;padding-left:0\">\r\n<div class=\"wp-block-column is-layout-flow wp-block-column-is-layout-flow\" style=\"flex-basis:33.33%\">\r\n<figure class=\"wp-block-image aligncenter size-large is-resized\"><img decoding=\"async\" src=\"http:\/\/www.dataslatitudes.com\/sosuniversal\/wp-content\/uploads\/ms_accueil_puce-459x1024.webp\" alt=\"SOS Universal - skrin utama\" class=\"wp-image-216\" style=\"width:305px;height:auto\"\/><\/figure>\r\n<\/div>\r\n\r\n\r\n\r\n<div class=\"wp-block-column is-vertically-aligned-center is-layout-flow wp-block-column-is-layout-flow\" style=\"flex-basis:66.66%\">\r\n<div class=\"wp-block-columns is-layout-flex wp-container-core-columns-is-layout-28f84493 wp-block-columns-is-layout-flex\">\r\n<div class=\"wp-block-column is-vertically-aligned-center is-layout-flow wp-block-column-is-layout-flow\" style=\"flex-basis:70%\">\r\n<p style=\"font-size:1rem\">(1) Akses ke menu umum<br>(2) Piktogram yang meringkaskan kandungan amaran (dalam contoh: panggilan telefon, penghantaran SMS dengan lokasi geografi dan alamat, rakaman audio dan penggera bunyi)<br>(3) Petunjuk mod amaran yang dipilih (segera, tertunda atau berulang)<br>(4) Butang utama pencetus amaran<br>(5) Butang pembatalan amaran semasa<br>(6) Butang kunci \/ buka kunci aplikasi<br>(7) Fungsi menulis mesej tambahan yang ditambah ke mesej utama SMS<\/p>\r\n<\/div>\r\n\r\n\r\n\r\n<div class=\"wp-block-column is-vertically-aligned-center is-layout-flow wp-block-column-is-layout-flow\" style=\"flex-basis:30%\">\r\n<figure class=\"wp-block-image aligncenter size-large is-resized\" style=\"margin-top:0;margin-bottom:0\"><img decoding=\"async\" src=\"http:\/\/www.dataslatitudes.com\/sosuniversal\/wp-content\/uploads\/ms_accueil_menu_puce-459x1024.webp\" alt=\"SOS Universal - menu utama\" class=\"wp-image-230\" style=\"width:172px;height:auto\"\/><\/figure>\r\n<\/div>\r\n<\/div>\r\n\r\n\r\n\r\n<p class=\"has-text-align-left\" style=\"font-size:1rem\">(8) Fungsi rakaman audio segera (bebas daripada amaran)<br>(9) Fungsi pencetus segera penggera bunyi (bebas daripada amaran)<br>(10) Fungsi pencetus segera panggilan telefon palsu masuk (bebas daripada amaran)<\/p>\r\n<\/div>\r\n<\/div>\r\n\r\n\r\n\r\n<div class=\"wp-block-columns is-layout-flex wp-container-core-columns-is-layout-ff679dcb wp-block-columns-is-layout-flex\" style=\"margin-top:0;margin-bottom:0;padding-top:var(--wp--preset--spacing--20);padding-bottom:var(--wp--preset--spacing--20)\">\r\n<div class=\"wp-block-column is-layout-flow wp-block-column-is-layout-flow\">\r\n<p style=\"margin-top:var(--wp--preset--spacing--20);margin-bottom:var(--wp--preset--spacing--20);font-size:1rem\">Daripada menu utama (1), anda boleh:<\/p>\r\n\r\n\r\n\r\n<ul style=\"margin-top:var(--wp--preset--spacing--20);margin-bottom:var(--wp--preset--spacing--20)\" class=\"wp-block-list\">\r\n<li style=\"font-size:1rem\">Urus <a href=\"https:\/\/www.dataslatitudes.com\/sosuniversal\/ms\/index.php\/mode-emploi\/mode-emploi-contact\/\">kenalan untuk dimaklumkan<\/a><\/li>\r\n\r\n\r\n\r\n<li style=\"font-size:1rem\">Definisi <a href=\"https:\/\/www.dataslatitudes.com\/sosuniversal\/ms\/index.php\/mode-emploi\/mode-emploi-contenu\/\" data-type=\"page\" data-id=\"189\">kandungan dan mod amaran<\/a><\/li>\r\n\r\n\r\n\r\n<li style=\"font-size:1rem\"><a href=\"https:\/\/www.dataslatitudes.com\/sosuniversal\/ms\/index.php\/mode-emploi\/mode-emploi-parametre\/\">Konfigurasi aplikasi<\/a><\/li>\r\n\r\n\r\n\r\n<li style=\"font-size:1rem\">Akses <a href=\"https:\/\/www.dataslatitudes.com\/sosuniversal\/ms\/index.php\/mode-emploi\/mode-emploi-historique-enregistrement-audio\/\">sejarah amaran<\/a><\/li>\r\n\r\n\r\n\r\n<li style=\"font-size:1rem\">Urus <a href=\"https:\/\/www.dataslatitudes.com\/sosuniversal\/ms\/index.php\/mode-emploi\/mode-emploi-historique-enregistrement-audio\/\">rakaman audio<\/a><\/li>\r\n\r\n\r\n\r\n<li style=\"font-size:1rem\">Kongsi aplikasi SOS Universal<\/li>\r\n\r\n\r\n\r\n<li style=\"font-size:1rem\">Lihat laman web ini<\/li>\r\n<\/ul>\r\n<\/div>\r\n\r\n\r\n\r\n<div class=\"wp-block-column is-layout-flow wp-block-column-is-layout-flow\">\r\n<p style=\"font-size:1rem\">Daripada skrin utama (6), (7), (8), (9) dan (10) anda boleh menggunakan <a href=\"https:\/\/www.dataslatitudes.com\/sosuniversal\/ms\/index.php\/mode-emploi\/mode-emploi-outils-supplementaire\/\">alat tambahan<\/a>.<\/p>\r\n<\/div>\r\n<\/div>\r\n\r\n\r\n\r\n<p style=\"margin-top:var(--wp--preset--spacing--30);margin-bottom:var(--wp--preset--spacing--30)\"><\/p>\r\n","protected":false},"excerpt":{"rendered":"<p>MANUAL PENGGUNA Pelancaran aplikasi SOS Universal boleh dilancarkan secara klasik dengan mengklik ikon aplikasi. Anda juga boleh memasang dan menggunakan [&hellip;]<\/p>\n","protected":false},"author":1,"featured_media":0,"parent":0,"menu_order":2,"comment_status":"closed","ping_status":"closed","template":"","meta":{"site-sidebar-layout":"default","site-content-layout":"","ast-site-content-layout":"","site-content-style":"default","site-sidebar-style":"default","ast-global-header-display":"","ast-banner-title-visibility":"","ast-main-header-display":"","ast-hfb-above-header-display":"","ast-hfb-below-header-display":"","ast-hfb-mobile-header-display":"","site-post-title":"disabled","ast-breadcrumbs-content":"","ast-featured-img":"","footer-sml-layout":"","theme-transparent-header-meta":"","adv-header-id-meta":"","stick-header-meta":"","header-above-stick-meta":"","header-main-stick-meta":"","header-below-stick-meta":"","astra-migrate-meta-layouts":"default","ast-page-background-enabled":"default","ast-page-background-meta":{"desktop":{"background-color":"var(--ast-global-color-5)","background-image":"","background-repeat":"repeat","background-position":"center center","background-size":"auto","background-attachment":"scroll","background-type":"","background-media":"","overlay-type":"","overlay-color":"","overlay-opacity":"","overlay-gradient":""},"tablet":{"background-color":"","background-image":"","background-repeat":"repeat","background-position":"center center","background-size":"auto","background-attachment":"scroll","background-type":"","background-media":"","overlay-type":"","overlay-color":"","overlay-opacity":"","overlay-gradient":""},"mobile":{"background-color":"","background-image":"","background-repeat":"repeat","background-position":"center center","background-size":"auto","background-attachment":"scroll","background-type":"","background-media":"","overlay-type":"","overlay-color":"","overlay-opacity":"","overlay-gradient":""}},"ast-content-background-meta":{"desktop":{"background-color":"var(--ast-global-color-4)","background-image":"","background-repeat":"repeat","background-position":"center center","background-size":"auto","background-attachment":"scroll","background-type":"","background-media":"","overlay-type":"","overlay-color":"","overlay-opacity":"","overlay-gradient":""},"tablet":{"background-color":"var(--ast-global-color-4)","background-image":"","background-repeat":"repeat","background-position":"center center","background-size":"auto","background-attachment":"scroll","background-type":"","background-media":"","overlay-type":"","overlay-color":"","overlay-opacity":"","overlay-gradient":""},"mobile":{"background-color":"var(--ast-global-color-4)","background-image":"","background-repeat":"repeat","background-position":"center center","background-size":"auto","background-attachment":"scroll","background-type":"","background-media":"","overlay-type":"","overlay-color":"","overlay-opacity":"","overlay-gradient":""}},"footnotes":""},"class_list":["post-14","page","type-page","status-publish","hentry"],"yoast_head":"<!-- This site is optimized with the Yoast SEO plugin v25.6 - https:\/\/yoast.com\/wordpress\/plugins\/seo\/ -->\n<title>Skrin utama<\/title>\n<meta name=\"description\" content=\"Daripada menu utama, anda boleh mengurus kenalan yang hendak dimaklumkan, mentakrifkan kandungan dan mod amaran, mengkonfigurasi aplikasi, mengakses sejarah amaran, mengurus rakaman audio, berkongsi aplikasi, melihat laman web ini dan sudah tentu mencetuskan amaran.\" \/>\n<meta name=\"robots\" content=\"index, follow, max-snippet:-1, max-image-preview:large, max-video-preview:-1\" \/>\n<link rel=\"canonical\" href=\"\" \/>\n<meta property=\"og:locale\" content=\"ms_MY\" \/>\n<meta property=\"og:type\" content=\"article\" \/>\n<meta property=\"og:title\" content=\"Skrin utama\" \/>\n<meta property=\"og:description\" content=\"Daripada menu utama, anda boleh mengurus kenalan yang hendak dimaklumkan, mentakrifkan kandungan dan mod amaran, mengkonfigurasi aplikasi, mengakses sejarah amaran, mengurus rakaman audio, berkongsi aplikasi, melihat laman web ini dan sudah tentu mencetuskan amaran.\" \/>\n<meta property=\"og:url\" content=\"https:\/\/www.dataslatitudes.com\/sosuniversal\/ms\/ecran-principal\/\" \/>\n<meta property=\"og:site_name\" content=\"SOS Universal\" \/>\n<meta property=\"article:modified_time\" content=\"2025-07-21T15:55:15+00:00\" \/>\n<meta property=\"og:image\" content=\"https:\/\/www.dataslatitudes.com\/sosuniversal\/wp-content\/uploads\/2025\/07\/choix_appwidget.webp\" \/>\n\t<meta property=\"og:image:width\" content=\"1080\" \/>\n\t<meta property=\"og:image:height\" content=\"2400\" \/>\n\t<meta property=\"og:image:type\" content=\"image\/webp\" \/>\n<meta name=\"twitter:card\" content=\"summary_large_image\" \/>\n<meta name=\"twitter:label1\" content=\"Est. reading time\" \/>\n\t<meta name=\"twitter:data1\" content=\"4 minit\" \/>\n<script type=\"application\/ld+json\" class=\"yoast-schema-graph\">{\"@context\":\"https:\/\/schema.org\",\"@graph\":[{\"@type\":\"WebPage\",\"@id\":\"https:\/\/www.dataslatitudes.com\/sosuniversal\/ms\/ecran-principal\/\",\"url\":\"https:\/\/www.dataslatitudes.com\/sosuniversal\/ms\/ecran-principal\/\",\"name\":\"Ecran principal - SOS Universal\",\"isPartOf\":{\"@id\":\"https:\/\/www.dataslatitudes.com\/sosuniversal\/#website\"},\"primaryImageOfPage\":{\"@id\":\"https:\/\/www.dataslatitudes.com\/sosuniversal\/ms\/ecran-principal\/#primaryimage\"},\"image\":{\"@id\":\"https:\/\/www.dataslatitudes.com\/sosuniversal\/ms\/ecran-principal\/#primaryimage\"},\"thumbnailUrl\":\"http:\/\/www.dataslatitudes.com\/sosuniversal\/wp-content\/uploads\/2025\/07\/choix_appwidget.webp\",\"datePublished\":\"2025-06-10T17:50:33+00:00\",\"dateModified\":\"2025-07-21T15:55:15+00:00\",\"description\":\"A partir du menu principal, vous pouvez g\u00e9rer les contacts \u00e0 alerter, d\u00e9finir le contenu et le mode de l\u2019alerte, param\u00e9trer l\u2019application, acc\u00e9der \u00e0 l\u2019historique des alertes, administrer les enregistrements audios, partager l\u2019application, consulter le pr\u00e9sent site web et bien sur d\u00e9clencher une alerte.\",\"breadcrumb\":{\"@id\":\"https:\/\/www.dataslatitudes.com\/sosuniversal\/ms\/ecran-principal\/#breadcrumb\"},\"inLanguage\":\"ms-MY\",\"potentialAction\":[{\"@type\":\"ReadAction\",\"target\":[\"https:\/\/www.dataslatitudes.com\/sosuniversal\/ms\/ecran-principal\/\"]}]},{\"@type\":\"ImageObject\",\"inLanguage\":\"ms-MY\",\"@id\":\"https:\/\/www.dataslatitudes.com\/sosuniversal\/ms\/ecran-principal\/#primaryimage\",\"url\":\"http:\/\/www.dataslatitudes.com\/sosuniversal\/wp-content\/uploads\/2025\/07\/choix_appwidget.webp\",\"contentUrl\":\"http:\/\/www.dataslatitudes.com\/sosuniversal\/wp-content\/uploads\/2025\/07\/choix_appwidget.webp\"},{\"@type\":\"BreadcrumbList\",\"@id\":\"https:\/\/www.dataslatitudes.com\/sosuniversal\/ms\/ecran-principal\/#breadcrumb\",\"itemListElement\":[{\"@type\":\"ListItem\",\"position\":1,\"name\":\"Pembentangan\",\"item\":\"https:\/\/www.dataslatitudes.com\/sosuniversal\/fr\/\"},{\"@type\":\"ListItem\",\"position\":2,\"name\":\"Skrin utama\"}]},{\"@type\":\"WebSite\",\"@id\":\"https:\/\/www.dataslatitudes.com\/sosuniversal\/ms\/#website\",\"url\":\"https:\/\/www.dataslatitudes.com\/sosuniversal\/ms\/\",\"name\":\"SOS Universal\",\"description\":\"\",\"publisher\":{\"@id\":\"https:\/\/www.dataslatitudes.com\/sosuniversal\/ms\/#organization\"},\"potentialAction\":[{\"@type\":\"SearchAction\",\"target\":{\"@type\":\"EntryPoint\",\"urlTemplate\":\"https:\/\/www.dataslatitudes.com\/sosuniversal\/ms\/?s={search_term_string}\"},\"query-input\":{\"@type\":\"PropertyValueSpecification\",\"valueRequired\":true,\"valueName\":\"search_term_string\"}}],\"inLanguage\":\"ms-MY\"},{\"@type\":\"Organization\",\"@id\":\"https:\/\/www.dataslatitudes.com\/sosuniversal\/ms\/#organization\",\"name\":\"DATASLATITUDES\",\"url\":\"https:\/\/www.dataslatitudes.com\/sosuniversal\/ms\/\",\"logo\":{\"@type\":\"ImageObject\",\"inLanguage\":\"ms-MY\",\"@id\":\"https:\/\/www.dataslatitudes.com\/sosuniversal\/ms\/#\/schema\/logo\/image\/\",\"url\":\"https:\/\/www.dataslatitudes.com\/sosuniversal\/wp-content\/uploads\/2025\/07\/logo_mrdv.png\",\"contentUrl\":\"https:\/\/www.dataslatitudes.com\/sosuniversal\/wp-content\/uploads\/2025\/07\/logo_mrdv.png\",\"width\":72,\"height\":72,\"caption\":\"DATASLATITUDES\"},\"image\":{\"@id\":\"https:\/\/www.dataslatitudes.com\/sosuniversal\/ms\/#\/schema\/logo\/image\/\"}}]}<\/script>\n<!-- \/ Yoast SEO plugin. -->","yoast_head_json":{"title":"Skrin utama","description":"Daripada menu utama, anda boleh mengurus kenalan yang hendak dimaklumkan, mentakrifkan kandungan dan mod amaran, mengkonfigurasi aplikasi, mengakses sejarah amaran, mengurus rakaman audio, berkongsi aplikasi, melihat laman web ini dan sudah tentu mencetuskan amaran.","robots":{"index":"index","follow":"follow","max-snippet":"max-snippet:-1","max-image-preview":"max-image-preview:large","max-video-preview":"max-video-preview:-1"},"canonical":"MANUAL PENGGUNA Pelancaran aplikasi SOS Universal boleh dilancarkan secara klasik dengan mengklik ikon aplikasi. Anda juga boleh memasang dan menggunakan salah satu daripada dua widget aplikasi yang direka untuk SOS Universal.Bergantung pada versi Android, dua mod pemasangan tersedia: sama ada dengan menekan lama pada ruang kosong skrin telefon pintar (skrin utama contohnya), atau dengan menekan&hellip;","og_locale":"ms_MY","og_type":"article","og_title":"Skrin utama","og_description":"Daripada menu utama, anda boleh mengurus kenalan yang hendak dimaklumkan, mentakrifkan kandungan dan mod amaran, mengkonfigurasi aplikasi, mengakses sejarah amaran, mengurus rakaman audio, berkongsi aplikasi, melihat laman web ini dan sudah tentu mencetuskan amaran.","og_url":"https:\/\/www.dataslatitudes.com\/sosuniversal\/ms\/ecran-principal\/","og_site_name":"SOS Universal","article_modified_time":"2025-07-21T15:55:15+00:00","og_image":[{"width":1080,"height":2400,"url":"https:\/\/www.dataslatitudes.com\/sosuniversal\/wp-content\/uploads\/2025\/07\/choix_appwidget.webp","type":"image\/webp"}],"twitter_card":"summary_large_image","twitter_misc":{"Est. reading time":"4 minit"},"schema":{"@context":"https:\/\/schema.org","@graph":[{"@type":"WebPage","@id":"https:\/\/www.dataslatitudes.com\/sosuniversal\/ms\/ecran-principal\/","url":"https:\/\/www.dataslatitudes.com\/sosuniversal\/ms\/ecran-principal\/","name":"Ecran principal - SOS Universal","isPartOf":{"@id":"https:\/\/www.dataslatitudes.com\/sosuniversal\/#website"},"primaryImageOfPage":{"@id":"https:\/\/www.dataslatitudes.com\/sosuniversal\/ms\/ecran-principal\/#primaryimage"},"image":{"@id":"https:\/\/www.dataslatitudes.com\/sosuniversal\/ms\/ecran-principal\/#primaryimage"},"thumbnailUrl":"http:\/\/www.dataslatitudes.com\/sosuniversal\/wp-content\/uploads\/2025\/07\/choix_appwidget.webp","datePublished":"2025-06-10T17:50:33+00:00","dateModified":"2025-07-21T15:55:15+00:00","description":"A partir du menu principal, vous pouvez g\u00e9rer les contacts \u00e0 alerter, d\u00e9finir le contenu et le mode de l\u2019alerte, param\u00e9trer l\u2019application, acc\u00e9der \u00e0 l\u2019historique des alertes, administrer les enregistrements audios, partager l\u2019application, consulter le pr\u00e9sent site web et bien sur d\u00e9clencher une alerte.","breadcrumb":{"@id":"https:\/\/www.dataslatitudes.com\/sosuniversal\/ms\/ecran-principal\/#breadcrumb"},"inLanguage":"ms-MY","potentialAction":[{"@type":"ReadAction","target":["https:\/\/www.dataslatitudes.com\/sosuniversal\/ms\/ecran-principal\/"]}]},{"@type":"ImageObject","inLanguage":"ms-MY","@id":"https:\/\/www.dataslatitudes.com\/sosuniversal\/ms\/ecran-principal\/#primaryimage","url":"http:\/\/www.dataslatitudes.com\/sosuniversal\/wp-content\/uploads\/2025\/07\/choix_appwidget.webp","contentUrl":"http:\/\/www.dataslatitudes.com\/sosuniversal\/wp-content\/uploads\/2025\/07\/choix_appwidget.webp"},{"@type":"BreadcrumbList","@id":"https:\/\/www.dataslatitudes.com\/sosuniversal\/ms\/ecran-principal\/#breadcrumb","itemListElement":[{"@type":"ListItem","position":1,"name":"Pembentangan","item":"https:\/\/www.dataslatitudes.com\/sosuniversal\/fr\/"},{"@type":"ListItem","position":2,"name":"Skrin utama"}]},{"@type":"WebSite","@id":"https:\/\/www.dataslatitudes.com\/sosuniversal\/ms\/#website","url":"https:\/\/www.dataslatitudes.com\/sosuniversal\/ms\/","name":"SOS Universal","description":"","publisher":{"@id":"https:\/\/www.dataslatitudes.com\/sosuniversal\/ms\/#organization"},"potentialAction":[{"@type":"SearchAction","target":{"@type":"EntryPoint","urlTemplate":"https:\/\/www.dataslatitudes.com\/sosuniversal\/ms\/?s={search_term_string}"},"query-input":{"@type":"PropertyValueSpecification","valueRequired":true,"valueName":"search_term_string"}}],"inLanguage":"ms-MY"},{"@type":"Organization","@id":"https:\/\/www.dataslatitudes.com\/sosuniversal\/ms\/#organization","name":"DATASLATITUDES","url":"https:\/\/www.dataslatitudes.com\/sosuniversal\/ms\/","logo":{"@type":"ImageObject","inLanguage":"ms-MY","@id":"https:\/\/www.dataslatitudes.com\/sosuniversal\/ms\/#\/schema\/logo\/image\/","url":"https:\/\/www.dataslatitudes.com\/sosuniversal\/wp-content\/uploads\/2025\/07\/logo_mrdv.png","contentUrl":"https:\/\/www.dataslatitudes.com\/sosuniversal\/wp-content\/uploads\/2025\/07\/logo_mrdv.png","width":72,"height":72,"caption":"DATASLATITUDES"},"image":{"@id":"https:\/\/www.dataslatitudes.com\/sosuniversal\/ms\/#\/schema\/logo\/image\/"}}]}},"_links":{"self":[{"href":"https:\/\/www.dataslatitudes.com\/sosuniversal\/ms\/wp-json\/wp\/v2\/pages\/14","targetHints":{"allow":["GET"]}}],"collection":[{"href":"https:\/\/www.dataslatitudes.com\/sosuniversal\/ms\/wp-json\/wp\/v2\/pages"}],"about":[{"href":"https:\/\/www.dataslatitudes.com\/sosuniversal\/ms\/wp-json\/wp\/v2\/types\/page"}],"author":[{"embeddable":true,"href":"https:\/\/www.dataslatitudes.com\/sosuniversal\/ms\/wp-json\/wp\/v2\/users\/1"}],"replies":[{"embeddable":true,"href":"https:\/\/www.dataslatitudes.com\/sosuniversal\/ms\/wp-json\/wp\/v2\/comments?post=14"}],"version-history":[{"count":65,"href":"https:\/\/www.dataslatitudes.com\/sosuniversal\/ms\/wp-json\/wp\/v2\/pages\/14\/revisions"}],"predecessor-version":[{"id":1048,"href":"https:\/\/www.dataslatitudes.com\/sosuniversal\/ms\/wp-json\/wp\/v2\/pages\/14\/revisions\/1048"}],"wp:attachment":[{"href":"https:\/\/www.dataslatitudes.com\/sosuniversal\/ms\/wp-json\/wp\/v2\/media?parent=14"}],"curies":[{"name":"wp","href":"https:\/\/api.w.org\/{rel}","templated":true}]}}