{"id":187,"date":"2025-06-12T17:37:24","date_gmt":"2025-06-12T17:37:24","guid":{"rendered":"https:\/\/www.dataslatitudes.com\/sosuniversal\/index.php\/mode-demploi\/"},"modified":"2025-07-21T15:59:54","modified_gmt":"2025-07-21T15:59:54","slug":"mode-emploi-contact","status":"publish","type":"page","link":"https:\/\/www.dataslatitudes.com\/sosuniversal\/lv\/ecran-principal\/mode-emploi-contact\/","title":{"rendered":"Kontaktu p\u0101rvald\u012bba"},"content":{"rendered":"\r\n<p class=\"has-small-font-size\" style=\"border-style:none;border-width:0px\"><\/p>\r\n\r\n\r\n\r\n<h1 class=\"wp-block-heading has-text-align-center has-medium-font-size\"><strong>KONTAKTU P\u0100RVALD\u012aBA<\/strong><\/h1>\r\n\r\n\r\n\r\n<p style=\"font-size:1rem\">Kontakti ir j\u016bsu izv\u0113l\u0113t\u0101s uzticam\u0101s personas, kuras tiek br\u012bdin\u0101tas vai izsauktas (ar telefona zvanu vai SMS), kad tiek aktiviz\u0113ts br\u012bdin\u0101jums.<\/p>\r\n\r\n\r\n\r\n<div class=\"wp-block-columns are-vertically-aligned-center is-layout-flex wp-container-core-columns-is-layout-c0b51a3c wp-block-columns-is-layout-flex\" style=\"margin-top:0;margin-bottom:0;padding-top:0;padding-bottom:0\">\r\n<div class=\"wp-block-column is-vertically-aligned-center is-layout-flow wp-block-column-is-layout-flow\" style=\"flex-basis:33.33%\">\r\n<figure class=\"wp-block-image aligncenter size-large is-resized\"><img decoding=\"async\" src=\"http:\/\/www.dataslatitudes.com\/sosuniversal\/wp-content\/uploads\/lv_contact_gestion_puce-459x1024.webp\" alt=\"SOS Universal \u2013 kontaktu p\u0101rvald\u012bba\" class=\"wp-image-265\" style=\"width:260px\"\/><\/figure>\r\n<\/div>\r\n\r\n\r\n\r\n<div class=\"wp-block-column is-vertically-aligned-center is-layout-flow wp-container-core-column-is-layout-b2a27621 wp-block-column-is-layout-flow\" style=\"padding-top:0;padding-right:0;padding-bottom:0;padding-left:0;flex-basis:66.66%\">\r\n<p style=\"margin-top:var(--wp--preset--spacing--20);margin-bottom:var(--wp--preset--spacing--20);font-size:1rem\">(1) Piek\u013cuve galvenajai izv\u0113lnei<\/p>\r\n\r\n\r\n\r\n<p style=\"margin-top:var(--wp--preset--spacing--20);margin-bottom:var(--wp--preset--spacing--20);font-size:1rem\">(2) Re\u0123istr\u0113to kontaktu saraksts:<br>&#8211; kontakts ir p\u0101rsv\u012btrots (ar vienk\u0101r\u0161u klik\u0161\u0137i), lai to uz laiku padar\u012btu neakt\u012bvu (piem\u0113rs \u0161eit: \u017dans Dupo\u0146s). Otrais klik\u0161\u0137is \u013cauj to atk\u0101rtoti aktiviz\u0113t.<br>&#8211; za\u013ca piktogramma (i) nor\u0101da, ka kontakts ir inform\u0113ts, ka vi\u0146\u0161 var\u0113tu tikt izsaukts ar br\u012bdin\u0101jumu.<br>&#8211; sarkana piktogramma (x) nor\u0101da, ka kontakts v\u0113l nav inform\u0113ts.<\/p>\r\n\r\n\r\n\r\n<p style=\"margin-top:var(--wp--preset--spacing--20);margin-bottom:var(--wp--preset--spacing--20);font-size:1rem;text-decoration:underline\">Piez\u012bme: lai kontaktu var\u0113tu izmantot br\u012bdin\u0101juma laik\u0101, tam j\u0101b\u016bt akt\u012bvam UN inform\u0113tam.<\/p>\r\n\r\n\r\n\r\n<p style=\"margin-top:var(--wp--preset--spacing--20);margin-bottom:var(--wp--preset--spacing--20);font-size:1rem\">(9) Ekr\u0101na apak\u0161da\u013c\u0101 ir redzams akt\u012bvo kontaktu skaita kopsavilkums.<\/p>\r\n\r\n\r\n\r\n<p style=\"padding-top:0;padding-bottom:0;font-size:1rem\">(7) Kontakta dz\u0113\u0161ana<br>(8) Kontakta modific\u0113\u0161ana<\/p>\r\n<\/div>\r\n<\/div>\r\n\r\n\r\n\r\n<p class=\"has-small-font-size\"><\/p>\r\n\r\n\r\n\r\n<div class=\"wp-block-columns is-layout-flex wp-container-core-columns-is-layout-ea9f20df wp-block-columns-is-layout-flex\" style=\"margin-top:0;margin-bottom:0;padding-top:var(--wp--preset--spacing--30);padding-right:0;padding-bottom:var(--wp--preset--spacing--30);padding-left:0\">\r\n<div class=\"wp-block-column is-vertically-aligned-top is-layout-flow wp-block-column-is-layout-flow\" style=\"padding-top:0;padding-bottom:0\">\r\n<h2 class=\"wp-block-heading has-text-align-center\" style=\"margin-top:0;margin-bottom:0;font-size:1rem\">(3)(8) Pievieno\u0161ana \/ Modifik\u0101cija<\/h2>\r\n\r\n\r\n\r\n<figure class=\"wp-block-image aligncenter size-large is-resized\" style=\"margin-top:0;margin-bottom:0\"><img decoding=\"async\" src=\"http:\/\/www.dataslatitudes.com\/sosuniversal\/wp-content\/uploads\/lv_contact_ajout_modification-459x1024.webp\" alt=\"SOS Universal \u2013 kontakta pievieno\u0161ana vai modific\u0113\u0161ana\" class=\"wp-image-761\" style=\"width:260px\"\/><\/figure>\r\n\r\n\r\n\r\n<p class=\"has-text-align-center\" style=\"margin-top:0;margin-bottom:0;font-size:1rem\">Jebkur\u0161 personaliz\u0113tais zi\u0146ojums aizst\u0101j standarta SMS zi\u0146ojumu.<br><strong>Piez\u012bme: <\/strong>lai atbilstu sp\u0113k\u0101 eso\u0161ajiem noteikumiem daudz\u0101s valst\u012bs, ofici\u0101lo av\u0101rijas dienestu numuri (piem\u0113ram, 17, 18, 112, 911 utt.) ir aizliegti.<br>Datums tiek izteikts form\u0101t\u0101 GGGG-MM-DD (starptautiskais standarts ISO 8601).<\/p>\r\n\r\n\r\n\r\n<p style=\"margin-top:var(--wp--preset--spacing--40);margin-bottom:var(--wp--preset--spacing--40)\"><\/p>\r\n<\/div>\r\n\r\n\r\n\r\n<div class=\"wp-block-column is-vertically-aligned-top is-layout-flow wp-container-core-column-is-layout-15d35364 wp-block-column-is-layout-flow\" style=\"padding-top:0;padding-bottom:0\">\r\n<h2 class=\"wp-block-heading has-text-align-center\" style=\"margin-top:0;margin-bottom:0;font-size:1rem\">(4) Pievieno\u0161ana no viedt\u0101lru\u0146a kontaktiem<\/h2>\r\n\r\n\r\n\r\n<figure class=\"wp-block-image aligncenter size-large is-resized\" style=\"margin-top:0;margin-bottom:0\"><img decoding=\"async\" src=\"http:\/\/www.dataslatitudes.com\/sosuniversal\/wp-content\/uploads\/lv_contact_ajout_smartphone-459x1024.webp\" alt=\"SOS Universal \u2013 kontaktu pievieno\u0161ana no adre\u0161u gr\u0101matas\" class=\"wp-image-697\" style=\"width:260px\"\/><\/figure>\r\n\r\n\r\n\r\n<p class=\"has-text-align-center\" style=\"margin-top:0;margin-bottom:0;font-size:1rem\">Ir iesp\u0113jams mekl\u0113t viedt\u0101lru\u0146a kontaktos.<\/p>\r\n\r\n\r\n\r\n<p style=\"margin-top:var(--wp--preset--spacing--40);margin-bottom:var(--wp--preset--spacing--40)\"><\/p>\r\n<\/div>\r\n\r\n\r\n\r\n<div class=\"wp-block-column is-vertically-aligned-top is-layout-flow wp-container-core-column-is-layout-47e5a185 wp-block-column-is-layout-flow\">\r\n<h2 class=\"wp-block-heading has-text-align-center\" style=\"margin-top:0;margin-bottom:0;font-size:1rem\">(5) Prioritiz\u0113t kontaktus<\/h2>\r\n\r\n\r\n\r\n<figure class=\"wp-block-image aligncenter size-large is-resized\" style=\"margin-top:0;margin-bottom:0\"><img decoding=\"async\" src=\"http:\/\/www.dataslatitudes.com\/sosuniversal\/wp-content\/uploads\/lv_contact_priorisation-459x1024.webp\" alt=\"SOS Universal \u2013 kontaktu prioritiz\u0113\u0161ana\" class=\"wp-image-275\" style=\"width:260px\"\/><\/figure>\r\n\r\n\r\n\r\n<p class=\"has-text-align-center\" style=\"font-size:1rem\">Kontakti tiek prioritiz\u0113ti, velkot\/p\u0101rvietojot.<\/p>\r\n\r\n\r\n\r\n<p style=\"margin-top:var(--wp--preset--spacing--30);margin-bottom:var(--wp--preset--spacing--30)\"><\/p>\r\n<\/div>\r\n\r\n\r\n\r\n<div class=\"wp-block-column is-layout-flow wp-container-core-column-is-layout-47e5a185 wp-block-column-is-layout-flow\">\r\n<h2 class=\"wp-block-heading has-text-align-center\" style=\"margin-top:0;margin-bottom:0;font-size:1rem\">(6) Inform\u0113t<\/h2>\r\n\r\n\r\n\r\n<figure class=\"wp-block-image aligncenter size-large is-resized\" style=\"margin-top:0;margin-bottom:0\"><img decoding=\"async\" src=\"http:\/\/www.dataslatitudes.com\/sosuniversal\/wp-content\/uploads\/lv_contact_information-459x1024.webp\" alt=\"SOS Universal \u2013 kontaktu inform\u0113\u0161ana\" class=\"wp-image-274\" style=\"width:260px\"\/><\/figure>\r\n\r\n\r\n\r\n<p class=\"has-text-align-center\" style=\"font-size:1rem\">Papildu zi\u0146ojums ir oblig\u0101ts<\/p>\r\n\r\n\r\n\r\n<p style=\"margin-top:var(--wp--preset--spacing--40);margin-bottom:var(--wp--preset--spacing--40)\"><\/p>\r\n<\/div>\r\n<\/div>\r\n","protected":false},"excerpt":{"rendered":"<p>KONTAKTU P\u0100RVALD\u012aBA Kontakti ir j\u016bsu izv\u0113l\u0113t\u0101s uzticam\u0101s personas, kuras tiek br\u012bdin\u0101tas vai izsauktas (ar telefona zvanu vai SMS), kad tiek [&hellip;]<\/p>\n","protected":false},"author":1,"featured_media":0,"parent":14,"menu_order":1,"comment_status":"closed","ping_status":"closed","template":"","meta":{"site-sidebar-layout":"default","site-content-layout":"","ast-site-content-layout":"","site-content-style":"default","site-sidebar-style":"default","ast-global-header-display":"","ast-banner-title-visibility":"","ast-main-header-display":"","ast-hfb-above-header-display":"","ast-hfb-below-header-display":"","ast-hfb-mobile-header-display":"","site-post-title":"disabled","ast-breadcrumbs-content":"","ast-featured-img":"","footer-sml-layout":"","theme-transparent-header-meta":"","adv-header-id-meta":"","stick-header-meta":"","header-above-stick-meta":"","header-main-stick-meta":"","header-below-stick-meta":"","astra-migrate-meta-layouts":"default","ast-page-background-enabled":"default","ast-page-background-meta":{"desktop":{"background-color":"var(--ast-global-color-5)","background-image":"","background-repeat":"repeat","background-position":"center center","background-size":"auto","background-attachment":"scroll","background-type":"","background-media":"","overlay-type":"","overlay-color":"","overlay-opacity":"","overlay-gradient":""},"tablet":{"background-color":"","background-image":"","background-repeat":"repeat","background-position":"center center","background-size":"auto","background-attachment":"scroll","background-type":"","background-media":"","overlay-type":"","overlay-color":"","overlay-opacity":"","overlay-gradient":""},"mobile":{"background-color":"","background-image":"","background-repeat":"repeat","background-position":"center center","background-size":"auto","background-attachment":"scroll","background-type":"","background-media":"","overlay-type":"","overlay-color":"","overlay-opacity":"","overlay-gradient":""}},"ast-content-background-meta":{"desktop":{"background-color":"var(--ast-global-color-4)","background-image":"","background-repeat":"repeat","background-position":"center center","background-size":"auto","background-attachment":"scroll","background-type":"","background-media":"","overlay-type":"","overlay-color":"","overlay-opacity":"","overlay-gradient":""},"tablet":{"background-color":"var(--ast-global-color-4)","background-image":"","background-repeat":"repeat","background-position":"center center","background-size":"auto","background-attachment":"scroll","background-type":"","background-media":"","overlay-type":"","overlay-color":"","overlay-opacity":"","overlay-gradient":""},"mobile":{"background-color":"var(--ast-global-color-4)","background-image":"","background-repeat":"repeat","background-position":"center center","background-size":"auto","background-attachment":"scroll","background-type":"","background-media":"","overlay-type":"","overlay-color":"","overlay-opacity":"","overlay-gradient":""}},"footnotes":""},"class_list":["post-187","page","type-page","status-publish","hentry"],"yoast_head":"<!-- This site is optimized with the Yoast SEO plugin v25.6 - https:\/\/yoast.com\/wordpress\/plugins\/seo\/ -->\n<title>Kontaktu p\u0101rvald\u012bba<\/title>\n<meta name=\"description\" content=\"Kontakti ir j\u016bsu izv\u0113l\u0113t\u0101s uzticam\u0101s personas, kuras tiek br\u012bdin\u0101tas vai izsauktas (ar telefona zvanu vai SMS), kad tiek aktiviz\u0113ts br\u012bdin\u0101jums. Ir iesp\u0113jams tos atg\u016bt no viedt\u0101lru\u0146a adre\u0161u gr\u0101matas. Kontaktus var prioritiz\u0113t un inform\u0113t. Kontaktu var \u012bslaic\u012bgi deaktiviz\u0113t.\" \/>\n<meta name=\"robots\" content=\"index, follow, max-snippet:-1, max-image-preview:large, max-video-preview:-1\" \/>\n<link rel=\"canonical\" href=\"\" \/>\n<meta property=\"og:locale\" content=\"lv_LV\" \/>\n<meta property=\"og:type\" content=\"article\" \/>\n<meta property=\"og:title\" content=\"Kontaktu p\u0101rvald\u012bba\" \/>\n<meta property=\"og:description\" content=\"Kontakti ir j\u016bsu izv\u0113l\u0113t\u0101s uzticam\u0101s personas, kuras tiek br\u012bdin\u0101tas vai izsauktas (ar telefona zvanu vai SMS), kad tiek aktiviz\u0113ts br\u012bdin\u0101jums. Ir iesp\u0113jams tos atg\u016bt no viedt\u0101lru\u0146a adre\u0161u gr\u0101matas. Kontaktus var prioritiz\u0113t un inform\u0113t. Kontaktu var \u012bslaic\u012bgi deaktiviz\u0113t.\" \/>\n<meta property=\"og:url\" content=\"https:\/\/www.dataslatitudes.com\/sosuniversal\/lv\/ecran-principal\/mode-emploi-contact\/\" \/>\n<meta property=\"og:site_name\" content=\"SOS Universal\" \/>\n<meta property=\"article:modified_time\" content=\"2025-07-21T15:59:54+00:00\" \/>\n<meta name=\"twitter:card\" content=\"summary_large_image\" \/>\n<meta name=\"twitter:label1\" content=\"Est. reading time\" \/>\n\t<meta name=\"twitter:data1\" content=\"3 min\u016btes\" \/>\n<script type=\"application\/ld+json\" class=\"yoast-schema-graph\">{\"@context\":\"https:\/\/schema.org\",\"@graph\":[{\"@type\":\"WebPage\",\"@id\":\"https:\/\/www.dataslatitudes.com\/sosuniversal\/lv\/ecran-principal\/mode-emploi-contact\/\",\"url\":\"https:\/\/www.dataslatitudes.com\/sosuniversal\/lv\/ecran-principal\/mode-emploi-contact\/\",\"name\":\"Gestion des contacts - SOS Universal\",\"isPartOf\":{\"@id\":\"https:\/\/www.dataslatitudes.com\/sosuniversal\/#website\"},\"primaryImageOfPage\":{\"@id\":\"https:\/\/www.dataslatitudes.com\/sosuniversal\/lv\/ecran-principal\/mode-emploi-contact\/#primaryimage\"},\"image\":{\"@id\":\"https:\/\/www.dataslatitudes.com\/sosuniversal\/lv\/ecran-principal\/mode-emploi-contact\/#primaryimage\"},\"thumbnailUrl\":\"http:\/\/www.dataslatitudes.com\/sosuniversal\/wp-content\/uploads\/2025\/07\/fr_contact_gestion_puce-459x1024.webp\",\"datePublished\":\"2025-06-12T17:37:24+00:00\",\"dateModified\":\"2025-07-21T15:59:54+00:00\",\"description\":\"Les contacts sont les personnes de confiance de votre choix qui sont pr\u00e9venues ou sollicit\u00e9es (par appel t\u00e9l\u00e9phonique ou par SMS) lorsqu\u2019une alerte est d\u00e9clench\u00e9e. Il est possible de r\u00e9cup\u00e9rer ceux du carnet d'adresses du smartphone. Les contacts peuvent \u00eatre prioris\u00e9s et ils sont inform\u00e9s. Un contact peut \u00eatre d\u00e9sactiv\u00e9 momentan\u00e9ment.\",\"breadcrumb\":{\"@id\":\"https:\/\/www.dataslatitudes.com\/sosuniversal\/lv\/ecran-principal\/mode-emploi-contact\/#breadcrumb\"},\"inLanguage\":\"lv-LV\",\"potentialAction\":[{\"@type\":\"ReadAction\",\"target\":[\"https:\/\/www.dataslatitudes.com\/sosuniversal\/lv\/ecran-principal\/mode-emploi-contact\/\"]}]},{\"@type\":\"ImageObject\",\"inLanguage\":\"lv-LV\",\"@id\":\"https:\/\/www.dataslatitudes.com\/sosuniversal\/lv\/ecran-principal\/mode-emploi-contact\/#primaryimage\",\"url\":\"http:\/\/www.dataslatitudes.com\/sosuniversal\/wp-content\/uploads\/2025\/07\/fr_contact_gestion_puce-459x1024.webp\",\"contentUrl\":\"http:\/\/www.dataslatitudes.com\/sosuniversal\/wp-content\/uploads\/2025\/07\/fr_contact_gestion_puce-459x1024.webp\"},{\"@type\":\"BreadcrumbList\",\"@id\":\"https:\/\/www.dataslatitudes.com\/sosuniversal\/lv\/ecran-principal\/mode-emploi-contact\/#breadcrumb\",\"itemListElement\":[{\"@type\":\"ListItem\",\"position\":1,\"name\":\"Prezent\u0101cija\",\"item\":\"https:\/\/www.dataslatitudes.com\/sosuniversal\/fr\/\"},{\"@type\":\"ListItem\",\"position\":2,\"name\":\"S\u0101kuma ekr\u0101ns\",\"item\":\"https:\/\/www.dataslatitudes.com\/sosuniversal\/ecran-principal\/\"},{\"@type\":\"ListItem\",\"position\":3,\"name\":\"Kontaktu p\u0101rvald\u012bba\"}]},{\"@type\":\"WebSite\",\"@id\":\"https:\/\/www.dataslatitudes.com\/sosuniversal\/lv\/#website\",\"url\":\"https:\/\/www.dataslatitudes.com\/sosuniversal\/lv\/\",\"name\":\"SOS Universal\",\"description\":\"\",\"publisher\":{\"@id\":\"https:\/\/www.dataslatitudes.com\/sosuniversal\/lv\/#organization\"},\"potentialAction\":[{\"@type\":\"SearchAction\",\"target\":{\"@type\":\"EntryPoint\",\"urlTemplate\":\"https:\/\/www.dataslatitudes.com\/sosuniversal\/lv\/?s={search_term_string}\"},\"query-input\":{\"@type\":\"PropertyValueSpecification\",\"valueRequired\":true,\"valueName\":\"search_term_string\"}}],\"inLanguage\":\"lv-LV\"},{\"@type\":\"Organization\",\"@id\":\"https:\/\/www.dataslatitudes.com\/sosuniversal\/lv\/#organization\",\"name\":\"DATASLATITUDES\",\"url\":\"https:\/\/www.dataslatitudes.com\/sosuniversal\/lv\/\",\"logo\":{\"@type\":\"ImageObject\",\"inLanguage\":\"lv-LV\",\"@id\":\"https:\/\/www.dataslatitudes.com\/sosuniversal\/lv\/#\/schema\/logo\/image\/\",\"url\":\"https:\/\/www.dataslatitudes.com\/sosuniversal\/wp-content\/uploads\/2025\/07\/logo_mrdv.png\",\"contentUrl\":\"https:\/\/www.dataslatitudes.com\/sosuniversal\/wp-content\/uploads\/2025\/07\/logo_mrdv.png\",\"width\":72,\"height\":72,\"caption\":\"DATASLATITUDES\"},\"image\":{\"@id\":\"https:\/\/www.dataslatitudes.com\/sosuniversal\/lv\/#\/schema\/logo\/image\/\"}}]}<\/script>\n<!-- \/ Yoast SEO plugin. -->","yoast_head_json":{"title":"Kontaktu p\u0101rvald\u012bba","description":"Kontakti ir j\u016bsu izv\u0113l\u0113t\u0101s uzticam\u0101s personas, kuras tiek br\u012bdin\u0101tas vai izsauktas (ar telefona zvanu vai SMS), kad tiek aktiviz\u0113ts br\u012bdin\u0101jums. Ir iesp\u0113jams tos atg\u016bt no viedt\u0101lru\u0146a adre\u0161u gr\u0101matas. Kontaktus var prioritiz\u0113t un inform\u0113t. Kontaktu var \u012bslaic\u012bgi deaktiviz\u0113t.","robots":{"index":"index","follow":"follow","max-snippet":"max-snippet:-1","max-image-preview":"max-image-preview:large","max-video-preview":"max-video-preview:-1"},"canonical":"KONTAKTU P\u0100RVALD\u012aBA Kontakti ir j\u016bsu izv\u0113l\u0113t\u0101s uzticam\u0101s personas, kuras tiek br\u012bdin\u0101tas vai izsauktas (ar telefona zvanu vai SMS), kad tiek aktiviz\u0113ts br\u012bdin\u0101jums. (1) Piek\u013cuve galvenajai izv\u0113lnei (2) Re\u0123istr\u0113to kontaktu saraksts:- kontakts ir p\u0101rsv\u012btrots (ar vienk\u0101r\u0161u klik\u0161\u0137i), lai to uz laiku padar\u012btu neakt\u012bvu (piem\u0113rs \u0161eit: \u017dans Dupo\u0146s). Otrais klik\u0161\u0137is \u013cauj to atk\u0101rtoti aktiviz\u0113t.- za\u013ca piktogramma (i)&hellip;","og_locale":"lv_LV","og_type":"article","og_title":"Kontaktu p\u0101rvald\u012bba","og_description":"Kontakti ir j\u016bsu izv\u0113l\u0113t\u0101s uzticam\u0101s personas, kuras tiek br\u012bdin\u0101tas vai izsauktas (ar telefona zvanu vai SMS), kad tiek aktiviz\u0113ts br\u012bdin\u0101jums. Ir iesp\u0113jams tos atg\u016bt no viedt\u0101lru\u0146a adre\u0161u gr\u0101matas. Kontaktus var prioritiz\u0113t un inform\u0113t. Kontaktu var \u012bslaic\u012bgi deaktiviz\u0113t.","og_url":"https:\/\/www.dataslatitudes.com\/sosuniversal\/lv\/ecran-principal\/mode-emploi-contact\/","og_site_name":"SOS Universal","article_modified_time":"2025-07-21T15:59:54+00:00","twitter_card":"summary_large_image","twitter_misc":{"Est. reading time":"3 min\u016btes"},"schema":{"@context":"https:\/\/schema.org","@graph":[{"@type":"WebPage","@id":"https:\/\/www.dataslatitudes.com\/sosuniversal\/lv\/ecran-principal\/mode-emploi-contact\/","url":"https:\/\/www.dataslatitudes.com\/sosuniversal\/lv\/ecran-principal\/mode-emploi-contact\/","name":"Gestion des contacts - SOS Universal","isPartOf":{"@id":"https:\/\/www.dataslatitudes.com\/sosuniversal\/#website"},"primaryImageOfPage":{"@id":"https:\/\/www.dataslatitudes.com\/sosuniversal\/lv\/ecran-principal\/mode-emploi-contact\/#primaryimage"},"image":{"@id":"https:\/\/www.dataslatitudes.com\/sosuniversal\/lv\/ecran-principal\/mode-emploi-contact\/#primaryimage"},"thumbnailUrl":"http:\/\/www.dataslatitudes.com\/sosuniversal\/wp-content\/uploads\/2025\/07\/fr_contact_gestion_puce-459x1024.webp","datePublished":"2025-06-12T17:37:24+00:00","dateModified":"2025-07-21T15:59:54+00:00","description":"Les contacts sont les personnes de confiance de votre choix qui sont pr\u00e9venues ou sollicit\u00e9es (par appel t\u00e9l\u00e9phonique ou par SMS) lorsqu\u2019une alerte est d\u00e9clench\u00e9e. Il est possible de r\u00e9cup\u00e9rer ceux du carnet d'adresses du smartphone. Les contacts peuvent \u00eatre prioris\u00e9s et ils sont inform\u00e9s. Un contact peut \u00eatre d\u00e9sactiv\u00e9 momentan\u00e9ment.","breadcrumb":{"@id":"https:\/\/www.dataslatitudes.com\/sosuniversal\/lv\/ecran-principal\/mode-emploi-contact\/#breadcrumb"},"inLanguage":"lv-LV","potentialAction":[{"@type":"ReadAction","target":["https:\/\/www.dataslatitudes.com\/sosuniversal\/lv\/ecran-principal\/mode-emploi-contact\/"]}]},{"@type":"ImageObject","inLanguage":"lv-LV","@id":"https:\/\/www.dataslatitudes.com\/sosuniversal\/lv\/ecran-principal\/mode-emploi-contact\/#primaryimage","url":"http:\/\/www.dataslatitudes.com\/sosuniversal\/wp-content\/uploads\/2025\/07\/fr_contact_gestion_puce-459x1024.webp","contentUrl":"http:\/\/www.dataslatitudes.com\/sosuniversal\/wp-content\/uploads\/2025\/07\/fr_contact_gestion_puce-459x1024.webp"},{"@type":"BreadcrumbList","@id":"https:\/\/www.dataslatitudes.com\/sosuniversal\/lv\/ecran-principal\/mode-emploi-contact\/#breadcrumb","itemListElement":[{"@type":"ListItem","position":1,"name":"Prezent\u0101cija","item":"https:\/\/www.dataslatitudes.com\/sosuniversal\/fr\/"},{"@type":"ListItem","position":2,"name":"S\u0101kuma ekr\u0101ns","item":"https:\/\/www.dataslatitudes.com\/sosuniversal\/ecran-principal\/"},{"@type":"ListItem","position":3,"name":"Kontaktu p\u0101rvald\u012bba"}]},{"@type":"WebSite","@id":"https:\/\/www.dataslatitudes.com\/sosuniversal\/lv\/#website","url":"https:\/\/www.dataslatitudes.com\/sosuniversal\/lv\/","name":"SOS Universal","description":"","publisher":{"@id":"https:\/\/www.dataslatitudes.com\/sosuniversal\/lv\/#organization"},"potentialAction":[{"@type":"SearchAction","target":{"@type":"EntryPoint","urlTemplate":"https:\/\/www.dataslatitudes.com\/sosuniversal\/lv\/?s={search_term_string}"},"query-input":{"@type":"PropertyValueSpecification","valueRequired":true,"valueName":"search_term_string"}}],"inLanguage":"lv-LV"},{"@type":"Organization","@id":"https:\/\/www.dataslatitudes.com\/sosuniversal\/lv\/#organization","name":"DATASLATITUDES","url":"https:\/\/www.dataslatitudes.com\/sosuniversal\/lv\/","logo":{"@type":"ImageObject","inLanguage":"lv-LV","@id":"https:\/\/www.dataslatitudes.com\/sosuniversal\/lv\/#\/schema\/logo\/image\/","url":"https:\/\/www.dataslatitudes.com\/sosuniversal\/wp-content\/uploads\/2025\/07\/logo_mrdv.png","contentUrl":"https:\/\/www.dataslatitudes.com\/sosuniversal\/wp-content\/uploads\/2025\/07\/logo_mrdv.png","width":72,"height":72,"caption":"DATASLATITUDES"},"image":{"@id":"https:\/\/www.dataslatitudes.com\/sosuniversal\/lv\/#\/schema\/logo\/image\/"}}]}},"_links":{"self":[{"href":"https:\/\/www.dataslatitudes.com\/sosuniversal\/lv\/wp-json\/wp\/v2\/pages\/187","targetHints":{"allow":["GET"]}}],"collection":[{"href":"https:\/\/www.dataslatitudes.com\/sosuniversal\/lv\/wp-json\/wp\/v2\/pages"}],"about":[{"href":"https:\/\/www.dataslatitudes.com\/sosuniversal\/lv\/wp-json\/wp\/v2\/types\/page"}],"author":[{"embeddable":true,"href":"https:\/\/www.dataslatitudes.com\/sosuniversal\/lv\/wp-json\/wp\/v2\/users\/1"}],"replies":[{"embeddable":true,"href":"https:\/\/www.dataslatitudes.com\/sosuniversal\/lv\/wp-json\/wp\/v2\/comments?post=187"}],"version-history":[{"count":47,"href":"https:\/\/www.dataslatitudes.com\/sosuniversal\/lv\/wp-json\/wp\/v2\/pages\/187\/revisions"}],"predecessor-version":[{"id":1050,"href":"https:\/\/www.dataslatitudes.com\/sosuniversal\/lv\/wp-json\/wp\/v2\/pages\/187\/revisions\/1050"}],"up":[{"embeddable":true,"href":"https:\/\/www.dataslatitudes.com\/sosuniversal\/lv\/wp-json\/wp\/v2\/pages\/14"}],"wp:attachment":[{"href":"https:\/\/www.dataslatitudes.com\/sosuniversal\/lv\/wp-json\/wp\/v2\/media?parent=187"}],"curies":[{"name":"wp","href":"https:\/\/api.w.org\/{rel}","templated":true}]}}