{"id":185,"date":"2025-06-12T17:24:48","date_gmt":"2025-06-12T17:24:48","guid":{"rendered":"https:\/\/www.dataslatitudes.com\/sosuniversal\/index.php\/politique-de-confidentialite\/"},"modified":"2025-08-14T10:02:03","modified_gmt":"2025-08-14T10:02:03","slug":"mentions-legales","status":"publish","type":"page","link":"https:\/\/www.dataslatitudes.com\/sosuniversal\/lv\/mentions-legales\/","title":{"rendered":"Juridiskie pazi\u0146ojumi"},"content":{"rendered":"\r\n<p class=\"has-small-font-size\"><\/p>\r\n\r\n\r\n\r\n<h1 class=\"wp-block-heading has-text-align-center has-medium-font-size\"><strong>JURIDISKIE PAZI\u0145OJUMI<\/strong><\/h1>\r\n\r\n\r\n\r\n<h2 class=\"wp-block-heading has-background\" style=\"background-color:#f9f3eb;margin-top:var(--wp--preset--spacing--20);margin-bottom:var(--wp--preset--spacing--20);padding-top:var(--wp--preset--spacing--30);padding-bottom:var(--wp--preset--spacing--30);font-size:1.2rem\">1. Inform\u0101cija par lietojumprogrammas izdev\u0113ju<\/h2>\r\n\r\n\r\n\r\n<p style=\"margin-top:0;margin-bottom:0;font-size:1rem\">\u0160o t\u012bmek\u013ca vietni un mobilo lietojumprogrammu SOS Universal public\u0113 uz\u0146\u0113mums DATASLATITUDES.<\/p>\r\n\r\n\r\n\r\n<p style=\"font-size:1rem\">J\u016bs varat l\u016bgt pal\u012bdz\u012bbu, rakstot uz e-pastu: <strong>hotline.sos_universal@dataslatitudes.com<\/strong><\/p>\r\n\r\n\r\n\r\n<h2 class=\"wp-block-heading has-background\" style=\"background-color:#f9f3eb;margin-top:var(--wp--preset--spacing--20);margin-bottom:var(--wp--preset--spacing--20);padding-top:var(--wp--preset--spacing--30);padding-bottom:var(--wp--preset--spacing--30);font-size:1.2rem\">2. Hostings<\/h2>\r\n\r\n\r\n\r\n<p style=\"margin-top:0;margin-bottom:0\">SOS Universal ir mobil\u0101 lietojumprogramma, kas tiek izplat\u012bta, izmantojot lejupiel\u0101des platformas (Google Play Store un dr\u012bzum\u0101 App Store). Tiek preciz\u0113ts, ka lietot\u0101ja dati tiek glab\u0101ti tikai lok\u0101li vi\u0146a pa\u0161a ier\u012bc\u0113.<\/p>\r\n\r\n\r\n\r\n<p style=\"margin-top:0;margin-bottom:0;padding-top:0;padding-bottom:0\">Izplat\u012b\u0161anas platformu serveri attiec\u012bb\u0101 uz tiem mitina lietojumprogrammas instal\u0101cijas failus.<\/p>\r\n\r\n\r\n\r\n<ul style=\"margin-top:0;margin-bottom:0\" class=\"wp-block-list\">\r\n<li style=\"margin-top:0;margin-bottom:0;padding-top:var(--wp--preset--spacing--20);padding-bottom:var(--wp--preset--spacing--20)\">Mobil\u0101s lietojumprogrammas mitin\u0101t\u0101ji:\r\n<ul class=\"wp-block-list\">\r\n<li style=\"margin-top:0;margin-bottom:0\"><strong>Android ier\u012bc\u0113m: <\/strong>Google LLC, 1600 Amphitheatre Parkway, Mountain View, CA 94043, USA<\/li>\r\n\r\n\r\n\r\n<li><strong>iOS ier\u012bc\u0113m: <\/strong>Apple Inc., One Apple Park Way, Cupertino, CA 95014, USA<\/li>\r\n<\/ul>\r\n<\/li>\r\n\r\n\r\n\r\n<li>\u0160\u012bs t\u012bmek\u013ca vietnes mitin\u0101t\u0101js: <strong>AlwaysData<\/strong>, 91 Rue du Faubourg Saint-Honor\u00e9, 75008 Paris<\/li>\r\n<\/ul>\r\n\r\n\r\n\r\n<p class=\"has-small-font-size\"><\/p>\r\n\r\n\r\n\r\n<h2 class=\"wp-block-heading has-background\" style=\"background-color:#f9f3eb;margin-top:var(--wp--preset--spacing--20);margin-bottom:var(--wp--preset--spacing--20);padding-top:var(--wp--preset--spacing--30);padding-bottom:var(--wp--preset--spacing--30);font-size:1.2rem\">3. Intelektu\u0101lais \u012bpa\u0161ums<\/h2>\r\n\r\n\r\n\r\n<p style=\"margin-top:0;margin-bottom:0\">\u0160\u012b t\u012bmek\u013ca vietne un visa SOS Universal lietojumprogramma, ieskaitot strukt\u016bru, saskarnes, pirmkodu, grafisko dizainu, ikonas, tekstus, att\u0113lus un jebkuru citu saturu, ir DATASLATITUDES izdev\u0113ja ekskluz\u012bvs \u012bpa\u0161ums.<\/p>\r\n\r\n\r\n\r\n<p style=\"margin-top:var(--wp--preset--spacing--30);margin-bottom:var(--wp--preset--spacing--30)\">Jebk\u0101da lietojumprogrammas vai t\u0101s satura, vai t\u012bmek\u013ca vietnes piln\u012bga vai da\u013c\u0113ja pavairo\u0161ana, att\u0113lo\u0161ana, p\u0101rveido\u0161ana, public\u0113\u0161ana, p\u0101rraide vai sagroz\u012b\u0161ana, neatkar\u012bgi no izmantot\u0101s metodes un nes\u0113jvielas, ir stingri aizliegta.<\/p>\r\n\r\n\r\n\r\n<p>Jebkura neat\u013cauta t\u012bmek\u013ca vietnes, lietojumprogrammas vai t\u0101s sast\u0101vda\u013cu izmanto\u0161ana tiek uzskat\u012bta par autorties\u012bbu p\u0101rk\u0101pumu un ir sod\u0101ma ar krimin\u0101llikumu.<\/p>\r\n\r\n\r\n\r\n<h2 class=\"wp-block-heading has-background\" style=\"background-color:#f9f3eb;margin-top:var(--wp--preset--spacing--20);margin-bottom:var(--wp--preset--spacing--20);padding-top:var(--wp--preset--spacing--30);padding-bottom:var(--wp--preset--spacing--30);font-size:1.2rem\">4. \u0100r\u0113j\u0101s saites<\/h2>\r\n\r\n\r\n\r\n<p style=\"margin-top:0;margin-bottom:0\">Lietotne var satur\u0113t hipersaites uz tre\u0161o pu\u0161u vietn\u0113m vai pakalpojumiem, jo \u012bpa\u0161i GoogleMaps (vai OpenStreetMap), \u0123eogr\u0101fisk\u0101s atra\u0161an\u0101s vietas d\u0113\u013c. Izdev\u0113js nevar tikt uzskat\u012bts par atbild\u012bgu par \u0161o tre\u0161o pu\u0161u viet\u0146u saturu vai to piem\u0113rotaj\u0101m priv\u0101tuma praks\u0113m. Lietot\u0101js tiek aicin\u0101ts iepaz\u012bties ar \u0161o viet\u0146u vai pakalpojumu visp\u0101r\u0113jiem noteikumiem un priv\u0101tuma politik\u0101m.<\/p>\r\n\r\n\r\n\r\n<p class=\"has-small-font-size\"><\/p>\r\n\r\n\r\n\r\n<h2 class=\"wp-block-heading has-background\" style=\"background-color:#f9f3eb;margin-top:var(--wp--preset--spacing--20);margin-bottom:var(--wp--preset--spacing--20);padding-top:var(--wp--preset--spacing--30);padding-bottom:var(--wp--preset--spacing--30);font-size:1.2rem\">5. Atbild\u012bba<\/h2>\r\n\r\n\r\n\r\n<p style=\"margin-top:0;margin-bottom:0\">Izdev\u0113js cen\u0161as nodro\u0161in\u0101t lietojumprogrammas inform\u0101cijas un funkcionalit\u0101tes uzticam\u012bbu un precizit\u0101ti. Tom\u0113r Izdev\u0113js nevar garant\u0113t, ka lietojumprogramma b\u016bs bez k\u013c\u016bd\u0101m, k\u013c\u016bm\u0113m vai p\u0101rtraukumiem.<br><strong>Svar\u012bgs pazi\u0146ojums: <\/strong>SOS Universal lietojumprogramma ir tikai pal\u012bdz\u012bbas r\u012bks. <strong>Tas nek\u0101d\u0101 gad\u012bjum\u0101 neaizst\u0101j ofici\u0101los av\u0101rijas dienestus. <\/strong>Izdev\u0113js atsak\u0101s no jebk\u0101das atbild\u012bbas par lietojumprogrammas nepareizu izmanto\u0161anu vai telekomunik\u0101ciju pakalpojumu (mobil\u0101 t\u012bkla, SMS) k\u013c\u016bd\u0101m, kas nav atkar\u012bgas no t\u0101 kontroles.<\/p>\r\n\r\n\r\n\r\n<p class=\"has-small-font-size\"><\/p>\r\n\r\n\r\n\r\n<h2 class=\"wp-block-heading has-background\" style=\"background-color:#f9f3eb;margin-top:var(--wp--preset--spacing--20);margin-bottom:var(--wp--preset--spacing--20);padding-top:var(--wp--preset--spacing--30);padding-bottom:var(--wp--preset--spacing--30);font-size:1.2rem\">6. Kred\u012bti (par \u0161o t\u012bmek\u013ca vietni un SOS Universal lietojumprogrammu)<\/h2>\r\n\r\n\r\n\r\n<ul style=\"margin-top:0;margin-bottom:0;padding-top:0;padding-bottom:0\" class=\"wp-block-list\">\r\n<li style=\"margin-top:0;margin-bottom:0;padding-top:0;padding-bottom:0\"><strong>P\u0113t\u012bjumi un dizains: <\/strong>DATASLATITUDES<\/li>\r\n\r\n\r\n\r\n<li><strong>Izstr\u0101de: <\/strong>DATASLATITUDES<\/li>\r\n<\/ul>\r\n\r\n\r\n\r\n<p class=\"has-medium-font-size\"><\/p>\r\n\r\n\r\n\r\n<p class=\"has-medium-font-size\"><\/p>\r\n","protected":false},"excerpt":{"rendered":"<p>JURIDISKIE PAZI\u0145OJUMI 1. Inform\u0101cija par lietojumprogrammas izdev\u0113ju \u0160o t\u012bmek\u013ca vietni un mobilo lietojumprogrammu SOS Universal public\u0113 uz\u0146\u0113mums DATASLATITUDES. J\u016bs varat [&hellip;]<\/p>\n","protected":false},"author":1,"featured_media":0,"parent":0,"menu_order":5,"comment_status":"closed","ping_status":"closed","template":"","meta":{"site-sidebar-layout":"default","site-content-layout":"","ast-site-content-layout":"default","site-content-style":"default","site-sidebar-style":"default","ast-global-header-display":"","ast-banner-title-visibility":"","ast-main-header-display":"","ast-hfb-above-header-display":"","ast-hfb-below-header-display":"","ast-hfb-mobile-header-display":"","site-post-title":"disabled","ast-breadcrumbs-content":"","ast-featured-img":"","footer-sml-layout":"","theme-transparent-header-meta":"","adv-header-id-meta":"","stick-header-meta":"","header-above-stick-meta":"","header-main-stick-meta":"","header-below-stick-meta":"","astra-migrate-meta-layouts":"default","ast-page-background-enabled":"default","ast-page-background-meta":{"desktop":{"background-color":"var(--ast-global-color-5)","background-image":"","background-repeat":"repeat","background-position":"center center","background-size":"auto","background-attachment":"scroll","background-type":"","background-media":"","overlay-type":"","overlay-color":"","overlay-opacity":"","overlay-gradient":""},"tablet":{"background-color":"","background-image":"","background-repeat":"repeat","background-position":"center center","background-size":"auto","background-attachment":"scroll","background-type":"","background-media":"","overlay-type":"","overlay-color":"","overlay-opacity":"","overlay-gradient":""},"mobile":{"background-color":"","background-image":"","background-repeat":"repeat","background-position":"center center","background-size":"auto","background-attachment":"scroll","background-type":"","background-media":"","overlay-type":"","overlay-color":"","overlay-opacity":"","overlay-gradient":""}},"ast-content-background-meta":{"desktop":{"background-color":"var(--ast-global-color-4)","background-image":"","background-repeat":"repeat","background-position":"center center","background-size":"auto","background-attachment":"scroll","background-type":"","background-media":"","overlay-type":"","overlay-color":"","overlay-opacity":"","overlay-gradient":""},"tablet":{"background-color":"var(--ast-global-color-4)","background-image":"","background-repeat":"repeat","background-position":"center center","background-size":"auto","background-attachment":"scroll","background-type":"","background-media":"","overlay-type":"","overlay-color":"","overlay-opacity":"","overlay-gradient":""},"mobile":{"background-color":"var(--ast-global-color-4)","background-image":"","background-repeat":"repeat","background-position":"center center","background-size":"auto","background-attachment":"scroll","background-type":"","background-media":"","overlay-type":"","overlay-color":"","overlay-opacity":"","overlay-gradient":""}},"footnotes":""},"class_list":["post-185","page","type-page","status-publish","hentry"],"yoast_head":"<!-- This site is optimized with the Yoast SEO plugin v25.6 - https:\/\/yoast.com\/wordpress\/plugins\/seo\/ -->\n<title>Juridiskie pazi\u0146ojumi<\/title>\n<meta name=\"description\" content=\"\u0160ajos juridiskajos pazi\u0146ojumos ir apkopoti aspekti, kas attiecas uz inform\u0101ciju par lietojumprogrammas izdev\u0113ju, mitin\u0101\u0161anu, intelektu\u0101lo \u012bpa\u0161umu, \u0101r\u0113j\u0101m sait\u0113m, atbild\u012bbu un DATASLATITUDES kred\u012btiem (par \u0161o t\u012bmek\u013ca vietni un SOS Universal lietojumprogrammu).\" \/>\n<meta name=\"robots\" content=\"index, follow, max-snippet:-1, max-image-preview:large, max-video-preview:-1\" \/>\n<link rel=\"canonical\" href=\"\" \/>\n<meta property=\"og:locale\" content=\"lv_LV\" \/>\n<meta property=\"og:type\" content=\"article\" \/>\n<meta property=\"og:title\" content=\"Juridiskie pazi\u0146ojumi\" \/>\n<meta property=\"og:description\" content=\"\u0160ajos juridiskajos pazi\u0146ojumos ir apkopoti aspekti, kas attiecas uz inform\u0101ciju par lietojumprogrammas izdev\u0113ju, mitin\u0101\u0161anu, intelektu\u0101lo \u012bpa\u0161umu, \u0101r\u0113j\u0101m sait\u0113m, atbild\u012bbu un DATASLATITUDES kred\u012btiem (par \u0161o t\u012bmek\u013ca vietni un SOS Universal lietojumprogrammu).\" \/>\n<meta property=\"og:url\" content=\"https:\/\/www.dataslatitudes.com\/sosuniversal\/lv\/mentions-legales\/\" \/>\n<meta property=\"og:site_name\" content=\"SOS Universal\" \/>\n<meta property=\"article:modified_time\" content=\"2025-08-14T10:02:03+00:00\" \/>\n<meta name=\"twitter:card\" content=\"summary_large_image\" \/>\n<meta name=\"twitter:label1\" content=\"Est. reading time\" \/>\n\t<meta name=\"twitter:data1\" content=\"3 min\u016btes\" \/>\n<script type=\"application\/ld+json\" class=\"yoast-schema-graph\">{\"@context\":\"https:\/\/schema.org\",\"@graph\":[{\"@type\":\"WebPage\",\"@id\":\"https:\/\/www.dataslatitudes.com\/sosuniversal\/lv\/mentions-legales\/\",\"url\":\"https:\/\/www.dataslatitudes.com\/sosuniversal\/lv\/mentions-legales\/\",\"name\":\"Mentions l\u00e9gales - SOS Universal\",\"isPartOf\":{\"@id\":\"https:\/\/www.dataslatitudes.com\/sosuniversal\/#website\"},\"datePublished\":\"2025-06-12T17:24:48+00:00\",\"dateModified\":\"2025-08-14T10:02:03+00:00\",\"description\":\"Les pr\u00e9sentes mentions l\u00e9gales r\u00e9capitulent les aspects relatifs aux informations sur l\u2019\u00e9diteur de l\u2019application, l'h\u00e9bergement, la propri\u00e9t\u00e9 Intellectuelle, les liens externes, la responsabilit\u00e9 et les cr\u00e9dits de DATASLATITUDES (pour le pr\u00e9sent site Web et l\u2019application SOS Universal).\",\"breadcrumb\":{\"@id\":\"https:\/\/www.dataslatitudes.com\/sosuniversal\/lv\/mentions-legales\/#breadcrumb\"},\"inLanguage\":\"lv-LV\",\"potentialAction\":[{\"@type\":\"ReadAction\",\"target\":[\"https:\/\/www.dataslatitudes.com\/sosuniversal\/lv\/mentions-legales\/\"]}]},{\"@type\":\"BreadcrumbList\",\"@id\":\"https:\/\/www.dataslatitudes.com\/sosuniversal\/lv\/mentions-legales\/#breadcrumb\",\"itemListElement\":[{\"@type\":\"ListItem\",\"position\":1,\"name\":\"Prezent\u0101cija\",\"item\":\"https:\/\/www.dataslatitudes.com\/sosuniversal\/fr\/\"},{\"@type\":\"ListItem\",\"position\":2,\"name\":\"Juridiskie pazi\u0146ojumi\"}]},{\"@type\":\"WebSite\",\"@id\":\"https:\/\/www.dataslatitudes.com\/sosuniversal\/lv\/#website\",\"url\":\"https:\/\/www.dataslatitudes.com\/sosuniversal\/lv\/\",\"name\":\"SOS Universal\",\"description\":\"\",\"publisher\":{\"@id\":\"https:\/\/www.dataslatitudes.com\/sosuniversal\/lv\/#organization\"},\"potentialAction\":[{\"@type\":\"SearchAction\",\"target\":{\"@type\":\"EntryPoint\",\"urlTemplate\":\"https:\/\/www.dataslatitudes.com\/sosuniversal\/lv\/?s={search_term_string}\"},\"query-input\":{\"@type\":\"PropertyValueSpecification\",\"valueRequired\":true,\"valueName\":\"search_term_string\"}}],\"inLanguage\":\"lv-LV\"},{\"@type\":\"Organization\",\"@id\":\"https:\/\/www.dataslatitudes.com\/sosuniversal\/lv\/#organization\",\"name\":\"DATASLATITUDES\",\"url\":\"https:\/\/www.dataslatitudes.com\/sosuniversal\/lv\/\",\"logo\":{\"@type\":\"ImageObject\",\"inLanguage\":\"lv-LV\",\"@id\":\"https:\/\/www.dataslatitudes.com\/sosuniversal\/lv\/#\/schema\/logo\/image\/\",\"url\":\"https:\/\/www.dataslatitudes.com\/sosuniversal\/wp-content\/uploads\/2025\/07\/logo_mrdv.png\",\"contentUrl\":\"https:\/\/www.dataslatitudes.com\/sosuniversal\/wp-content\/uploads\/2025\/07\/logo_mrdv.png\",\"width\":72,\"height\":72,\"caption\":\"DATASLATITUDES\"},\"image\":{\"@id\":\"https:\/\/www.dataslatitudes.com\/sosuniversal\/lv\/#\/schema\/logo\/image\/\"}}]}<\/script>\n<!-- \/ Yoast SEO plugin. -->","yoast_head_json":{"title":"Juridiskie pazi\u0146ojumi","description":"\u0160ajos juridiskajos pazi\u0146ojumos ir apkopoti aspekti, kas attiecas uz inform\u0101ciju par lietojumprogrammas izdev\u0113ju, mitin\u0101\u0161anu, intelektu\u0101lo \u012bpa\u0161umu, \u0101r\u0113j\u0101m sait\u0113m, atbild\u012bbu un DATASLATITUDES kred\u012btiem (par \u0161o t\u012bmek\u013ca vietni un SOS Universal lietojumprogrammu).","robots":{"index":"index","follow":"follow","max-snippet":"max-snippet:-1","max-image-preview":"max-image-preview:large","max-video-preview":"max-video-preview:-1"},"canonical":"JURIDISKIE PAZI\u0145OJUMI 1. Inform\u0101cija par lietojumprogrammas izdev\u0113ju \u0160o t\u012bmek\u013ca vietni un mobilo lietojumprogrammu SOS Universal public\u0113 uz\u0146\u0113mums DATASLATITUDES. J\u016bs varat l\u016bgt pal\u012bdz\u012bbu, rakstot uz e-pastu: hotline.sos_universal@dataslatitudes.com 2. Hostings SOS Universal ir mobil\u0101 lietojumprogramma, kas tiek izplat\u012bta, izmantojot lejupiel\u0101des platformas (Google Play Store un dr\u012bzum\u0101 App Store). Tiek preciz\u0113ts, ka lietot\u0101ja dati tiek glab\u0101ti tikai lok\u0101li&hellip;","og_locale":"lv_LV","og_type":"article","og_title":"Juridiskie pazi\u0146ojumi","og_description":"\u0160ajos juridiskajos pazi\u0146ojumos ir apkopoti aspekti, kas attiecas uz inform\u0101ciju par lietojumprogrammas izdev\u0113ju, mitin\u0101\u0161anu, intelektu\u0101lo \u012bpa\u0161umu, \u0101r\u0113j\u0101m sait\u0113m, atbild\u012bbu un DATASLATITUDES kred\u012btiem (par \u0161o t\u012bmek\u013ca vietni un SOS Universal lietojumprogrammu).","og_url":"https:\/\/www.dataslatitudes.com\/sosuniversal\/lv\/mentions-legales\/","og_site_name":"SOS Universal","article_modified_time":"2025-08-14T10:02:03+00:00","twitter_card":"summary_large_image","twitter_misc":{"Est. reading time":"3 min\u016btes"},"schema":{"@context":"https:\/\/schema.org","@graph":[{"@type":"WebPage","@id":"https:\/\/www.dataslatitudes.com\/sosuniversal\/lv\/mentions-legales\/","url":"https:\/\/www.dataslatitudes.com\/sosuniversal\/lv\/mentions-legales\/","name":"Mentions l\u00e9gales - SOS Universal","isPartOf":{"@id":"https:\/\/www.dataslatitudes.com\/sosuniversal\/#website"},"datePublished":"2025-06-12T17:24:48+00:00","dateModified":"2025-08-14T10:02:03+00:00","description":"Les pr\u00e9sentes mentions l\u00e9gales r\u00e9capitulent les aspects relatifs aux informations sur l\u2019\u00e9diteur de l\u2019application, l'h\u00e9bergement, la propri\u00e9t\u00e9 Intellectuelle, les liens externes, la responsabilit\u00e9 et les cr\u00e9dits de DATASLATITUDES (pour le pr\u00e9sent site Web et l\u2019application SOS Universal).","breadcrumb":{"@id":"https:\/\/www.dataslatitudes.com\/sosuniversal\/lv\/mentions-legales\/#breadcrumb"},"inLanguage":"lv-LV","potentialAction":[{"@type":"ReadAction","target":["https:\/\/www.dataslatitudes.com\/sosuniversal\/lv\/mentions-legales\/"]}]},{"@type":"BreadcrumbList","@id":"https:\/\/www.dataslatitudes.com\/sosuniversal\/lv\/mentions-legales\/#breadcrumb","itemListElement":[{"@type":"ListItem","position":1,"name":"Prezent\u0101cija","item":"https:\/\/www.dataslatitudes.com\/sosuniversal\/fr\/"},{"@type":"ListItem","position":2,"name":"Juridiskie pazi\u0146ojumi"}]},{"@type":"WebSite","@id":"https:\/\/www.dataslatitudes.com\/sosuniversal\/lv\/#website","url":"https:\/\/www.dataslatitudes.com\/sosuniversal\/lv\/","name":"SOS Universal","description":"","publisher":{"@id":"https:\/\/www.dataslatitudes.com\/sosuniversal\/lv\/#organization"},"potentialAction":[{"@type":"SearchAction","target":{"@type":"EntryPoint","urlTemplate":"https:\/\/www.dataslatitudes.com\/sosuniversal\/lv\/?s={search_term_string}"},"query-input":{"@type":"PropertyValueSpecification","valueRequired":true,"valueName":"search_term_string"}}],"inLanguage":"lv-LV"},{"@type":"Organization","@id":"https:\/\/www.dataslatitudes.com\/sosuniversal\/lv\/#organization","name":"DATASLATITUDES","url":"https:\/\/www.dataslatitudes.com\/sosuniversal\/lv\/","logo":{"@type":"ImageObject","inLanguage":"lv-LV","@id":"https:\/\/www.dataslatitudes.com\/sosuniversal\/lv\/#\/schema\/logo\/image\/","url":"https:\/\/www.dataslatitudes.com\/sosuniversal\/wp-content\/uploads\/2025\/07\/logo_mrdv.png","contentUrl":"https:\/\/www.dataslatitudes.com\/sosuniversal\/wp-content\/uploads\/2025\/07\/logo_mrdv.png","width":72,"height":72,"caption":"DATASLATITUDES"},"image":{"@id":"https:\/\/www.dataslatitudes.com\/sosuniversal\/lv\/#\/schema\/logo\/image\/"}}]}},"_links":{"self":[{"href":"https:\/\/www.dataslatitudes.com\/sosuniversal\/lv\/wp-json\/wp\/v2\/pages\/185","targetHints":{"allow":["GET"]}}],"collection":[{"href":"https:\/\/www.dataslatitudes.com\/sosuniversal\/lv\/wp-json\/wp\/v2\/pages"}],"about":[{"href":"https:\/\/www.dataslatitudes.com\/sosuniversal\/lv\/wp-json\/wp\/v2\/types\/page"}],"author":[{"embeddable":true,"href":"https:\/\/www.dataslatitudes.com\/sosuniversal\/lv\/wp-json\/wp\/v2\/users\/1"}],"replies":[{"embeddable":true,"href":"https:\/\/www.dataslatitudes.com\/sosuniversal\/lv\/wp-json\/wp\/v2\/comments?post=185"}],"version-history":[{"count":29,"href":"https:\/\/www.dataslatitudes.com\/sosuniversal\/lv\/wp-json\/wp\/v2\/pages\/185\/revisions"}],"predecessor-version":[{"id":2930,"href":"https:\/\/www.dataslatitudes.com\/sosuniversal\/lv\/wp-json\/wp\/v2\/pages\/185\/revisions\/2930"}],"wp:attachment":[{"href":"https:\/\/www.dataslatitudes.com\/sosuniversal\/lv\/wp-json\/wp\/v2\/media?parent=185"}],"curies":[{"name":"wp","href":"https:\/\/api.w.org\/{rel}","templated":true}]}}