{"id":75,"date":"2025-06-11T15:05:57","date_gmt":"2025-06-11T15:05:57","guid":{"rendered":"http:\/\/www.dataslatitudes.com\/sosuniversal\/index.php\/mode-demploi\/"},"modified":"2025-08-14T09:50:55","modified_gmt":"2025-08-14T09:50:55","slug":"politique-confidentialite","status":"publish","type":"page","link":"https:\/\/www.dataslatitudes.com\/sosuniversal\/lt\/politique-confidentialite\/","title":{"rendered":"Privatumas"},"content":{"rendered":"\r\n<p class=\"has-small-font-size\"><\/p>\r\n\r\n\r\n\r\n<h1 class=\"wp-block-heading has-text-align-center has-medium-font-size\"><strong>PRIVATUMO POLITIKA<\/strong><\/h1>\r\n\r\n\r\n\r\n<p style=\"margin-top:0;margin-bottom:0;font-size:1rem\">\u0160ios privatumo politikos tikslas \u2013 skaidriai informuoti jus apie tai, kaip mobilioji programa SOS Universal (toliau \u2013 \u201ePrograma\u201c), sukurta DATASLATITUDES (toliau \u2013 \u201eLeid\u0117jas\u201c), renka, naudoja ir saugo j\u016bs\u0173 asmens duomenis.<\/p>\r\n\r\n\r\n\r\n<p style=\"margin-top:var(--wp--preset--spacing--20);margin-bottom:var(--wp--preset--spacing--20)\">Naudodamiesi Program\u0117le, j\u016bs sutinkate su \u0161ios politikos s\u0105lygomis. Jei nesutinkate su \u0161iomis s\u0105lygomis, pra\u0161ome nenaudoti Program\u0117l\u0117s.<\/p>\r\n\r\n\r\n\r\n<p><strong>\u012esigaliojimo data: 2025 m. bir\u017eelio 28 d.<\/strong><\/p>\r\n\r\n\r\n\r\n<h2 class=\"wp-block-heading has-background\" style=\"background-color:#f9f3eb;margin-top:var(--wp--preset--spacing--30);margin-bottom:var(--wp--preset--spacing--30);padding-top:var(--wp--preset--spacing--30);padding-bottom:var(--wp--preset--spacing--30);font-size:1.2rem\">1. Duomen\u0173 valdytojas<\/h2>\r\n\r\n\r\n\r\n<p>U\u017e j\u016bs\u0173 asmens duomen\u0173 tvarkym\u0105 atsakingas asmuo yra: DATASLATITUDES. <strong>(El. pa\u0161tas: privacy.sos_universal@dataslatitudes.com)<\/strong><\/p>\r\n\r\n\r\n\r\n<p class=\"has-small-font-size\"><\/p>\r\n\r\n\r\n\r\n<h2 class=\"wp-block-heading has-background\" style=\"background-color:#f9f3eb;margin-top:var(--wp--preset--spacing--30);margin-bottom:var(--wp--preset--spacing--30);padding-top:var(--wp--preset--spacing--30);padding-bottom:var(--wp--preset--spacing--30);font-size:1.2rem\">2. Renkami duomenys ir tikslai<\/h2>\r\n\r\n\r\n\r\n<p style=\"margin-top:var(--wp--preset--spacing--30);margin-bottom:var(--wp--preset--spacing--30);padding-top:0;padding-bottom:0\">Program\u0117l\u0117 sukurta siekiant minimizuoti asmens duomen\u0173 rinkim\u0105 ir i\u0161skirtinai teikia pirmenyb\u0119 vietiniam saugojimui j\u016bs\u0173 \u012frenginyje. Duomenys tvarkomi \u0161iais tikslais:<\/p>\r\n\r\n\r\n\r\n<h3 class=\"wp-block-heading\" style=\"margin-top:var(--wp--preset--spacing--20);margin-bottom:var(--wp--preset--spacing--20);padding-top:0;padding-bottom:0;font-size:1.1rem\">2.1. Duomenys, kuriuos pateikiate tiesiogiai<\/h3>\r\n\r\n\r\n\r\n<ul style=\"margin-top:var(--wp--preset--spacing--20);margin-bottom:var(--wp--preset--spacing--20);padding-top:0;padding-bottom:0\" class=\"wp-block-list\">\r\n<li style=\"margin-top:var(--wp--preset--spacing--20);margin-bottom:var(--wp--preset--spacing--20);padding-top:0;padding-bottom:0\"><strong>Avariniai kontaktai: <\/strong>j\u016bs kuriate arba importuojate kontaktus (vardus ir telefono numerius) i\u0161 savo adres\u0173 knygos.\r\n<ul class=\"wp-block-list\">\r\n<li><strong>Tikslas: <\/strong>\u0161ie duomenys naudojami i\u0161imtinai SMS \u012fsp\u0117jim\u0173 siuntimui ir telefono skambu\u010di\u0173 generavimui j\u016bs\u0173 avariniais kontaktais.<\/li>\r\n\r\n\r\n\r\n<li><strong>Saugykla: <\/strong>\u0161ie duomenys saugomi j\u016bs\u0173 \u012frenginyje ir n\u0117ra perduodami m\u016bs\u0173 serveriams.<\/li>\r\n<\/ul>\r\n<\/li>\r\n\r\n\r\n\r\n<li><strong>Standartin\u0117s ir papildomos \u017einut\u0117s: <\/strong>j\u016bs\u0173 para\u0161ytas tekstas SMS \u012fsp\u0117jimams.\r\n<ul class=\"wp-block-list\">\r\n<li><strong>Tikslas: <\/strong>\u012fterpti savo asmenin\u012f prane\u0161im\u0105 \u012f siun\u010diamus \u012fsp\u0117jimus.<\/li>\r\n\r\n\r\n\r\n<li><strong>Saugykla: <\/strong>saugoma lokaliai j\u016bs\u0173 \u012frenginyje.<\/li>\r\n<\/ul>\r\n<\/li>\r\n\r\n\r\n\r\n<li style=\"padding-top:var(--wp--preset--spacing--20);padding-bottom:var(--wp--preset--spacing--20)\"><strong>Garso \u012fra\u0161ai: <\/strong>\u012fra\u0161ai, kuriuos paleid\u017eiate.\r\n<ul class=\"wp-block-list\">\r\n<li><strong>Tikslas: <\/strong>leisti klausytis, pervadinti ir i\u0161trinti savo \u012fra\u0161us. Geros kokyb\u0117s, jie gali b\u016bti naudojami kaip \u012frodymai, jei b\u016bt\u0173 pateiktas skundas.<\/li>\r\n\r\n\r\n\r\n<li><strong>Saugykla: <\/strong>Saugoma lokaliai j\u016bs\u0173 i\u0161maniojo telefono atsisiuntim\u0173 aplanke. J\u016bs esate vienintelis atsakingas u\u017e \u0161i\u0173 fail\u0173 tvarkym\u0105 ir i\u0161trynim\u0105.<\/li>\r\n<\/ul>\r\n<\/li>\r\n<\/ul>\r\n\r\n\r\n\r\n<p class=\"has-small-font-size\"><\/p>\r\n\r\n\r\n\r\n<h3 class=\"wp-block-heading\" style=\"margin-top:var(--wp--preset--spacing--20);margin-bottom:var(--wp--preset--spacing--20);padding-top:0;padding-bottom:0;font-size:1.1rem\"><strong>2.2. Automati\u0161kai renkami duomenys<\/strong><\/h3>\r\n\r\n\r\n\r\n<ul style=\"margin-top:var(--wp--preset--spacing--20);margin-bottom:var(--wp--preset--spacing--20);padding-top:0;padding-bottom:0\" class=\"wp-block-list\">\r\n<li style=\"margin-top:var(--wp--preset--spacing--20);margin-bottom:var(--wp--preset--spacing--20);padding-top:0;padding-bottom:0\"><strong>Geolokacijos duomenys: <\/strong>Programa pasiekia j\u016bs\u0173 \u012frenginio viet\u0105 (GPS arba Wi-Fi) tik tada, kai \u012fjungiate vietos siuntimo funkcij\u0105 \u012fsp\u0117jimo prane\u0161ime.\r\n<ul class=\"wp-block-list\">\r\n<li><strong>Tikslas: <\/strong>pateikti j\u016bs\u0173 geografin\u0119 pad\u0117t\u012f (koordinatus ir adres\u0105) j\u016bs\u0173 avariniais kontaktais \u012fsp\u0117jimo metu.<\/li>\r\n\r\n\r\n\r\n<li><strong>Saugykla: <\/strong>\u0161ie duomenys n\u0117ra saugomi ar kaupiami Leid\u0117jo. Jie naudojami realiuoju laiku, kad b\u016bt\u0173 sugeneruota GoogleMaps (arba OpenStreetMap) nuoroda ir adresas, o tada \u012ftraukiami \u012f SMS, siun\u010diam\u0105 per j\u016bs\u0173 telekomunikacij\u0173 operatori\u0173<\/li>\r\n<\/ul>\r\n<\/li>\r\n\r\n\r\n\r\n<li><strong>\u012esp\u0117jim\u0173 istorija: <\/strong>paskutini\u0173 50 i\u0161si\u0173st\u0173 \u012fsp\u0117jim\u0173 data, laikas, re\u017eimas, gav\u0117jas ir turinys.\r\n<ul class=\"wp-block-list\">\r\n<li><strong>Tikslas: <\/strong>leisti per\u017ei\u016br\u0117ti savo \u012fsp\u0117jim\u0173 istorij\u0105 steb\u0117jimo ir valdymo tikslais.<\/li>\r\n\r\n\r\n\r\n<li><strong>Saugykla: <\/strong>saugoma lokaliai j\u016bs\u0173 \u012frenginyje.<\/li>\r\n<\/ul>\r\n<\/li>\r\n\r\n\r\n\r\n<li style=\"padding-top:var(--wp--preset--spacing--20);padding-bottom:var(--wp--preset--spacing--20)\"><strong>Prieigos leidimai: <\/strong>Programai reikia prieigos prie j\u016bs\u0173 kontakt\u0173, geolokacijos, mikrofono, garso \u012fra\u0161ymo, saugyklos, prane\u0161im\u0173 ir SMS \/ telefono funkcij\u0173.\r\n<ul class=\"wp-block-list\">\r\n<li><strong>Tikslas: <\/strong>\u0161ie leidimai yra grie\u017etai b\u016btini tinkamam programos veikimui ir jos funkcij\u0173 vykdymui.<\/li>\r\n<\/ul>\r\n<\/li>\r\n<\/ul>\r\n\r\n\r\n\r\n<p class=\"has-small-font-size\"><\/p>\r\n\r\n\r\n\r\n<h2 class=\"wp-block-heading has-background\" style=\"background-color:#f9f3eb;margin-top:var(--wp--preset--spacing--30);margin-bottom:var(--wp--preset--spacing--30);padding-top:var(--wp--preset--spacing--30);padding-bottom:var(--wp--preset--spacing--30);font-size:1.2rem\">3. Duomen\u0173 dalijimasis<\/h2>\r\n\r\n\r\n\r\n<p style=\"margin-top:var(--wp--preset--spacing--30);margin-bottom:var(--wp--preset--spacing--30);padding-top:0;padding-bottom:0\">Leid\u0117jas nesidalija, neparduoda ir nenuomoja j\u016bs\u0173 asmens duomen\u0173 tre\u010diosioms \u0161alims nei komerciniais, nei nemokamais tikslais. Vieninteliai subjektai, kurie gauna j\u016bs\u0173 duomenis, yra:<\/p>\r\n\r\n\r\n\r\n<ul style=\"margin-top:var(--wp--preset--spacing--20);margin-bottom:var(--wp--preset--spacing--20)\" class=\"wp-block-list\">\r\n<li><strong>J\u016bs\u0173 pagalbos kontaktai: <\/strong>pasirenkate si\u0173sti jiems informacij\u0105 (prane\u0161im\u0105, viet\u0105) per savo mobiliojo ry\u0161io operatoriaus paslaugas (SMS\/skambu\u010diai).<\/li>\r\n\r\n\r\n\r\n<li><strong>\u201eGoogle Maps\u201c: <\/strong>Program\u0117l\u0117 naudoja \u201eGoogle\u201c \u017eem\u0117lapi\u0173 paslaug\u0105, kad sukurt\u0173 nuorod\u0105 \u012f j\u016bs\u0173 viet\u0105. \u0160ios nuorodos naudojimui taikomos \u201eGoogle\u201c naudojimo s\u0105lygos ir privatumo politika.<\/li>\r\n\r\n\r\n\r\n<li><strong>OpenStreetMap: <\/strong>Programa taip pat gali naudoti OpenStreetMap kartografijos paslaug\u0105, kad sugeneruot\u0173 nuorod\u0105 \u012f j\u016bs\u0173 viet\u0105. \u0160ios nuorodos naudojimas priklauso nuo OpenStreetMap naudojimo s\u0105lyg\u0173 ir privatumo politikos.<\/li>\r\n<\/ul>\r\n\r\n\r\n\r\n<p class=\"has-small-font-size\"><\/p>\r\n\r\n\r\n\r\n<h2 class=\"wp-block-heading has-background\" style=\"background-color:#f9f3eb;margin-top:var(--wp--preset--spacing--30);margin-bottom:var(--wp--preset--spacing--30);padding-top:var(--wp--preset--spacing--30);padding-bottom:var(--wp--preset--spacing--30);font-size:1.2rem\">4. J\u016bs\u0173 teis\u0117s (BDAR atitiktis)<\/h2>\r\n\r\n\r\n\r\n<p style=\"margin-top:var(--wp--preset--spacing--30);margin-bottom:var(--wp--preset--spacing--30);padding-top:0;padding-bottom:0\">Kaip vartotojas, turite \u0161ias teises, susijusias su j\u016bs\u0173 asmens duomenimis:<\/p>\r\n\r\n\r\n\r\n<ul style=\"margin-top:var(--wp--preset--spacing--20);margin-bottom:var(--wp--preset--spacing--20)\" class=\"wp-block-list\">\r\n<li><strong>Teis\u0117 \u012f prieig\u0105: <\/strong>galite bet kada pasiekti savo \u012frenginyje saugomus duomenis per Program\u0117l\u0119.<\/li>\r\n\r\n\r\n\r\n<li><strong>Teis\u0117 \u012f pataisym\u0105: <\/strong>galite redaguoti arba koreguoti savo kontaktus ir nustatymus tiesiogiai program\u0117l\u0117je.<\/li>\r\n\r\n\r\n\r\n<li><strong>Teis\u0117 b\u016bti pamir\u0161tam: <\/strong>galite bet kada i\u0161trinti savo kontakt\u0173 duomenis ir garso \u012fra\u0161us. Programos i\u0161trynimas i\u0161trina visus lokaliai saugomus duomenis.<\/li>\r\n\r\n\r\n\r\n<li><strong>Teis\u0117 \u012f apribojim\u0105 tvarkant: <\/strong>galite laikinai i\u0161jungti kontaktus ar funkcijas (pvz., vietos nustatym\u0105), kad apribotum\u0117te savo duomen\u0173 tvarkym\u0105.<\/li>\r\n\r\n\r\n\r\n<li><strong>Teis\u0117 prie\u0161tarauti: <\/strong>galite nesutikti su duomen\u0173 tvarkymu nustodami naudotis program\u0117le ir j\u0105 pa\u0161alindami.<\/li>\r\n<\/ul>\r\n\r\n\r\n\r\n<p class=\"has-small-font-size\"><\/p>\r\n\r\n\r\n\r\n<h2 class=\"wp-block-heading has-background\" style=\"background-color:#f9f3eb;margin-top:var(--wp--preset--spacing--30);margin-bottom:var(--wp--preset--spacing--30);padding-top:var(--wp--preset--spacing--30);padding-bottom:var(--wp--preset--spacing--30);font-size:1.2rem\">5. Privatumo politikos pakeitimai<\/h2>\r\n\r\n\r\n\r\n<p style=\"margin-top:var(--wp--preset--spacing--30);margin-bottom:var(--wp--preset--spacing--30);padding-top:0;padding-bottom:0\">Leid\u0117jas pasilieka teis\u0119 bet kuriuo metu keisti \u0161i\u0105 privatumo politik\u0105. J\u016bs\u0173 tolesnis paslaugos naudojimas po pakeitim\u0173 paskelbimo bus laikomas nauj\u0173 s\u0105lyg\u0173 pri\u0117mimu.<\/p>\r\n\r\n\r\n\r\n<p class=\"has-small-font-size\"><\/p>\r\n\r\n\r\n\r\n<h2 class=\"wp-block-heading has-background\" style=\"background-color:#f9f3eb;margin-top:var(--wp--preset--spacing--30);margin-bottom:var(--wp--preset--spacing--30);padding-top:var(--wp--preset--spacing--30);padding-bottom:var(--wp--preset--spacing--30);font-size:1.2rem\">6. Susisiekite su mumis<\/h2>\r\n\r\n\r\n\r\n<p style=\"margin-top:var(--wp--preset--spacing--30);margin-bottom:var(--wp--preset--spacing--30);padding-top:0;padding-bottom:0\">Jei turite klausim\u0173 ar r\u016bpes\u010di\u0173 d\u0117l \u0161ios privatumo politikos ar j\u016bs\u0173 duomen\u0173 tvarkymo, galite susisiekti su mumis \u0161iuo el. pa\u0161to adresu: <br><strong>privacy.sos_universal@dataslatitudes.com<\/strong><\/p>\r\n\r\n\r\n\r\n<p class=\"has-medium-font-size\"><\/p>\r\n\r\n\r\n\r\n<p class=\"has-medium-font-size\"><\/p>\r\n","protected":false},"excerpt":{"rendered":"<p>PRIVATUMO POLITIKA \u0160ios privatumo politikos tikslas \u2013 skaidriai informuoti jus apie tai, kaip mobilioji programa SOS Universal (toliau \u2013 \u201ePrograma\u201c), [&hellip;]<\/p>\n","protected":false},"author":1,"featured_media":0,"parent":0,"menu_order":4,"comment_status":"closed","ping_status":"closed","template":"","meta":{"site-sidebar-layout":"default","site-content-layout":"","ast-site-content-layout":"default","site-content-style":"default","site-sidebar-style":"default","ast-global-header-display":"","ast-banner-title-visibility":"","ast-main-header-display":"","ast-hfb-above-header-display":"","ast-hfb-below-header-display":"","ast-hfb-mobile-header-display":"","site-post-title":"disabled","ast-breadcrumbs-content":"","ast-featured-img":"","footer-sml-layout":"","theme-transparent-header-meta":"","adv-header-id-meta":"","stick-header-meta":"","header-above-stick-meta":"","header-main-stick-meta":"","header-below-stick-meta":"","astra-migrate-meta-layouts":"default","ast-page-background-enabled":"default","ast-page-background-meta":{"desktop":{"background-color":"var(--ast-global-color-5)","background-image":"","background-repeat":"repeat","background-position":"center center","background-size":"auto","background-attachment":"scroll","background-type":"","background-media":"","overlay-type":"","overlay-color":"","overlay-opacity":"","overlay-gradient":""},"tablet":{"background-color":"","background-image":"","background-repeat":"repeat","background-position":"center center","background-size":"auto","background-attachment":"scroll","background-type":"","background-media":"","overlay-type":"","overlay-color":"","overlay-opacity":"","overlay-gradient":""},"mobile":{"background-color":"","background-image":"","background-repeat":"repeat","background-position":"center center","background-size":"auto","background-attachment":"scroll","background-type":"","background-media":"","overlay-type":"","overlay-color":"","overlay-opacity":"","overlay-gradient":""}},"ast-content-background-meta":{"desktop":{"background-color":"var(--ast-global-color-4)","background-image":"","background-repeat":"repeat","background-position":"center center","background-size":"auto","background-attachment":"scroll","background-type":"","background-media":"","overlay-type":"","overlay-color":"","overlay-opacity":"","overlay-gradient":""},"tablet":{"background-color":"var(--ast-global-color-4)","background-image":"","background-repeat":"repeat","background-position":"center center","background-size":"auto","background-attachment":"scroll","background-type":"","background-media":"","overlay-type":"","overlay-color":"","overlay-opacity":"","overlay-gradient":""},"mobile":{"background-color":"var(--ast-global-color-4)","background-image":"","background-repeat":"repeat","background-position":"center center","background-size":"auto","background-attachment":"scroll","background-type":"","background-media":"","overlay-type":"","overlay-color":"","overlay-opacity":"","overlay-gradient":""}},"footnotes":""},"class_list":["post-75","page","type-page","status-publish","hentry"],"yoast_head":"<!-- This site is optimized with the Yoast SEO plugin v25.6 - https:\/\/yoast.com\/wordpress\/plugins\/seo\/ -->\n<title>Privatumas<\/title>\n<meta name=\"description\" content=\"\u0160ios privatumo politikos tikslas \u2013 skaidriai informuoti jus apie tai, kaip mobilioji programa SOS Universal, sukurta DATASLATITUDES, renka, naudoja ir saugo j\u016bs\u0173 asmens duomenis. Joje apra\u0161oma u\u017e duomen\u0173 tvarkym\u0105 atsakingas asmuo, renkami duomenys ir tikslai, duomen\u0173 dalijimasis, j\u016bs\u0173 teis\u0117s (BDAR atitiktis) ir privatumo politikos pakeitimo s\u0105lygos.\" \/>\n<meta name=\"robots\" content=\"index, follow, max-snippet:-1, max-image-preview:large, max-video-preview:-1\" \/>\n<link rel=\"canonical\" href=\"\" \/>\n<meta property=\"og:locale\" content=\"lt_LT\" \/>\n<meta property=\"og:type\" content=\"article\" \/>\n<meta property=\"og:title\" content=\"Privatumas\" \/>\n<meta property=\"og:description\" content=\"\u0160ios privatumo politikos tikslas \u2013 skaidriai informuoti jus apie tai, kaip mobilioji programa SOS Universal, sukurta DATASLATITUDES, renka, naudoja ir saugo j\u016bs\u0173 asmens duomenis. Joje apra\u0161oma u\u017e duomen\u0173 tvarkym\u0105 atsakingas asmuo, renkami duomenys ir tikslai, duomen\u0173 dalijimasis, j\u016bs\u0173 teis\u0117s (BDAR atitiktis) ir privatumo politikos pakeitimo s\u0105lygos.\" \/>\n<meta property=\"og:url\" content=\"https:\/\/www.dataslatitudes.com\/sosuniversal\/lt\/politique-confidentialite\/\" \/>\n<meta property=\"og:site_name\" content=\"SOS Universal\" \/>\n<meta property=\"article:modified_time\" content=\"2025-08-14T09:50:55+00:00\" \/>\n<meta name=\"twitter:card\" content=\"summary_large_image\" \/>\n<meta name=\"twitter:label1\" content=\"Est. reading time\" \/>\n\t<meta name=\"twitter:data1\" content=\"4 minut\u0117s\" \/>\n<script type=\"application\/ld+json\" class=\"yoast-schema-graph\">{\"@context\":\"https:\/\/schema.org\",\"@graph\":[{\"@type\":\"WebPage\",\"@id\":\"https:\/\/www.dataslatitudes.com\/sosuniversal\/lt\/politique-confidentialite\/\",\"url\":\"https:\/\/www.dataslatitudes.com\/sosuniversal\/lt\/politique-confidentialite\/\",\"name\":\"Confidentialit\u00e9 - SOS Universal\",\"isPartOf\":{\"@id\":\"https:\/\/www.dataslatitudes.com\/sosuniversal\/#website\"},\"datePublished\":\"2025-06-11T15:05:57+00:00\",\"dateModified\":\"2025-08-14T09:50:55+00:00\",\"description\":\"La pr\u00e9sente Politique de Confidentialit\u00e9 a pour objectif de vous informer de mani\u00e8re transparente sur la mani\u00e8re dont l'application mobile SOS Universal, d\u00e9velopp\u00e9e par DATASLATITUDES, collecte, utilise et prot\u00e8ge vos donn\u00e9es personnelles. On y expose le responsable du traitement des donn\u00e9es, les donn\u00e9es collect\u00e9es et les finalit\u00e9s, le partage des donn\u00e9es, vos droits (conformit\u00e9 RGPD) et les conditions de modifications de la Politique de Confidentialit\u00e9.\",\"breadcrumb\":{\"@id\":\"https:\/\/www.dataslatitudes.com\/sosuniversal\/lt\/politique-confidentialite\/#breadcrumb\"},\"inLanguage\":\"lt-LT\",\"potentialAction\":[{\"@type\":\"ReadAction\",\"target\":[\"https:\/\/www.dataslatitudes.com\/sosuniversal\/lt\/politique-confidentialite\/\"]}]},{\"@type\":\"BreadcrumbList\",\"@id\":\"https:\/\/www.dataslatitudes.com\/sosuniversal\/lt\/politique-confidentialite\/#breadcrumb\",\"itemListElement\":[{\"@type\":\"ListItem\",\"position\":1,\"name\":\"Pristatymas\",\"item\":\"https:\/\/www.dataslatitudes.com\/sosuniversal\/fr\/\"},{\"@type\":\"ListItem\",\"position\":2,\"name\":\"Privatumas\"}]},{\"@type\":\"WebSite\",\"@id\":\"https:\/\/www.dataslatitudes.com\/sosuniversal\/lt\/#website\",\"url\":\"https:\/\/www.dataslatitudes.com\/sosuniversal\/lt\/\",\"name\":\"SOS Universal\",\"description\":\"\",\"publisher\":{\"@id\":\"https:\/\/www.dataslatitudes.com\/sosuniversal\/lt\/#organization\"},\"potentialAction\":[{\"@type\":\"SearchAction\",\"target\":{\"@type\":\"EntryPoint\",\"urlTemplate\":\"https:\/\/www.dataslatitudes.com\/sosuniversal\/lt\/?s={search_term_string}\"},\"query-input\":{\"@type\":\"PropertyValueSpecification\",\"valueRequired\":true,\"valueName\":\"search_term_string\"}}],\"inLanguage\":\"lt-LT\"},{\"@type\":\"Organization\",\"@id\":\"https:\/\/www.dataslatitudes.com\/sosuniversal\/lt\/#organization\",\"name\":\"DATASLATITUDES\",\"url\":\"https:\/\/www.dataslatitudes.com\/sosuniversal\/lt\/\",\"logo\":{\"@type\":\"ImageObject\",\"inLanguage\":\"lt-LT\",\"@id\":\"https:\/\/www.dataslatitudes.com\/sosuniversal\/lt\/#\/schema\/logo\/image\/\",\"url\":\"https:\/\/www.dataslatitudes.com\/sosuniversal\/wp-content\/uploads\/2025\/07\/logo_mrdv.png\",\"contentUrl\":\"https:\/\/www.dataslatitudes.com\/sosuniversal\/wp-content\/uploads\/2025\/07\/logo_mrdv.png\",\"width\":72,\"height\":72,\"caption\":\"DATASLATITUDES\"},\"image\":{\"@id\":\"https:\/\/www.dataslatitudes.com\/sosuniversal\/lt\/#\/schema\/logo\/image\/\"}}]}<\/script>\n<!-- \/ Yoast SEO plugin. -->","yoast_head_json":{"title":"Privatumas","description":"\u0160ios privatumo politikos tikslas \u2013 skaidriai informuoti jus apie tai, kaip mobilioji programa SOS Universal, sukurta DATASLATITUDES, renka, naudoja ir saugo j\u016bs\u0173 asmens duomenis. Joje apra\u0161oma u\u017e duomen\u0173 tvarkym\u0105 atsakingas asmuo, renkami duomenys ir tikslai, duomen\u0173 dalijimasis, j\u016bs\u0173 teis\u0117s (BDAR atitiktis) ir privatumo politikos pakeitimo s\u0105lygos.","robots":{"index":"index","follow":"follow","max-snippet":"max-snippet:-1","max-image-preview":"max-image-preview:large","max-video-preview":"max-video-preview:-1"},"canonical":"PRIVATUMO POLITIKA \u0160ios privatumo politikos tikslas \u2013 skaidriai informuoti jus apie tai, kaip mobilioji programa SOS Universal (toliau \u2013 \u201ePrograma\u201c), sukurta DATASLATITUDES (toliau \u2013 \u201eLeid\u0117jas\u201c), renka, naudoja ir saugo j\u016bs\u0173 asmens duomenis. Naudodamiesi Program\u0117le, j\u016bs sutinkate su \u0161ios politikos s\u0105lygomis. Jei nesutinkate su \u0161iomis s\u0105lygomis, pra\u0161ome nenaudoti Program\u0117l\u0117s. \u012esigaliojimo data: 2025 m. bir\u017eelio 28 d.&hellip;","og_locale":"lt_LT","og_type":"article","og_title":"Privatumas","og_description":"\u0160ios privatumo politikos tikslas \u2013 skaidriai informuoti jus apie tai, kaip mobilioji programa SOS Universal, sukurta DATASLATITUDES, renka, naudoja ir saugo j\u016bs\u0173 asmens duomenis. Joje apra\u0161oma u\u017e duomen\u0173 tvarkym\u0105 atsakingas asmuo, renkami duomenys ir tikslai, duomen\u0173 dalijimasis, j\u016bs\u0173 teis\u0117s (BDAR atitiktis) ir privatumo politikos pakeitimo s\u0105lygos.","og_url":"https:\/\/www.dataslatitudes.com\/sosuniversal\/lt\/politique-confidentialite\/","og_site_name":"SOS Universal","article_modified_time":"2025-08-14T09:50:55+00:00","twitter_card":"summary_large_image","twitter_misc":{"Est. reading time":"4 minut\u0117s"},"schema":{"@context":"https:\/\/schema.org","@graph":[{"@type":"WebPage","@id":"https:\/\/www.dataslatitudes.com\/sosuniversal\/lt\/politique-confidentialite\/","url":"https:\/\/www.dataslatitudes.com\/sosuniversal\/lt\/politique-confidentialite\/","name":"Confidentialit\u00e9 - SOS Universal","isPartOf":{"@id":"https:\/\/www.dataslatitudes.com\/sosuniversal\/#website"},"datePublished":"2025-06-11T15:05:57+00:00","dateModified":"2025-08-14T09:50:55+00:00","description":"La pr\u00e9sente Politique de Confidentialit\u00e9 a pour objectif de vous informer de mani\u00e8re transparente sur la mani\u00e8re dont l'application mobile SOS Universal, d\u00e9velopp\u00e9e par DATASLATITUDES, collecte, utilise et prot\u00e8ge vos donn\u00e9es personnelles. On y expose le responsable du traitement des donn\u00e9es, les donn\u00e9es collect\u00e9es et les finalit\u00e9s, le partage des donn\u00e9es, vos droits (conformit\u00e9 RGPD) et les conditions de modifications de la Politique de Confidentialit\u00e9.","breadcrumb":{"@id":"https:\/\/www.dataslatitudes.com\/sosuniversal\/lt\/politique-confidentialite\/#breadcrumb"},"inLanguage":"lt-LT","potentialAction":[{"@type":"ReadAction","target":["https:\/\/www.dataslatitudes.com\/sosuniversal\/lt\/politique-confidentialite\/"]}]},{"@type":"BreadcrumbList","@id":"https:\/\/www.dataslatitudes.com\/sosuniversal\/lt\/politique-confidentialite\/#breadcrumb","itemListElement":[{"@type":"ListItem","position":1,"name":"Pristatymas","item":"https:\/\/www.dataslatitudes.com\/sosuniversal\/fr\/"},{"@type":"ListItem","position":2,"name":"Privatumas"}]},{"@type":"WebSite","@id":"https:\/\/www.dataslatitudes.com\/sosuniversal\/lt\/#website","url":"https:\/\/www.dataslatitudes.com\/sosuniversal\/lt\/","name":"SOS Universal","description":"","publisher":{"@id":"https:\/\/www.dataslatitudes.com\/sosuniversal\/lt\/#organization"},"potentialAction":[{"@type":"SearchAction","target":{"@type":"EntryPoint","urlTemplate":"https:\/\/www.dataslatitudes.com\/sosuniversal\/lt\/?s={search_term_string}"},"query-input":{"@type":"PropertyValueSpecification","valueRequired":true,"valueName":"search_term_string"}}],"inLanguage":"lt-LT"},{"@type":"Organization","@id":"https:\/\/www.dataslatitudes.com\/sosuniversal\/lt\/#organization","name":"DATASLATITUDES","url":"https:\/\/www.dataslatitudes.com\/sosuniversal\/lt\/","logo":{"@type":"ImageObject","inLanguage":"lt-LT","@id":"https:\/\/www.dataslatitudes.com\/sosuniversal\/lt\/#\/schema\/logo\/image\/","url":"https:\/\/www.dataslatitudes.com\/sosuniversal\/wp-content\/uploads\/2025\/07\/logo_mrdv.png","contentUrl":"https:\/\/www.dataslatitudes.com\/sosuniversal\/wp-content\/uploads\/2025\/07\/logo_mrdv.png","width":72,"height":72,"caption":"DATASLATITUDES"},"image":{"@id":"https:\/\/www.dataslatitudes.com\/sosuniversal\/lt\/#\/schema\/logo\/image\/"}}]}},"_links":{"self":[{"href":"https:\/\/www.dataslatitudes.com\/sosuniversal\/lt\/wp-json\/wp\/v2\/pages\/75","targetHints":{"allow":["GET"]}}],"collection":[{"href":"https:\/\/www.dataslatitudes.com\/sosuniversal\/lt\/wp-json\/wp\/v2\/pages"}],"about":[{"href":"https:\/\/www.dataslatitudes.com\/sosuniversal\/lt\/wp-json\/wp\/v2\/types\/page"}],"author":[{"embeddable":true,"href":"https:\/\/www.dataslatitudes.com\/sosuniversal\/lt\/wp-json\/wp\/v2\/users\/1"}],"replies":[{"embeddable":true,"href":"https:\/\/www.dataslatitudes.com\/sosuniversal\/lt\/wp-json\/wp\/v2\/comments?post=75"}],"version-history":[{"count":30,"href":"https:\/\/www.dataslatitudes.com\/sosuniversal\/lt\/wp-json\/wp\/v2\/pages\/75\/revisions"}],"predecessor-version":[{"id":2927,"href":"https:\/\/www.dataslatitudes.com\/sosuniversal\/lt\/wp-json\/wp\/v2\/pages\/75\/revisions\/2927"}],"wp:attachment":[{"href":"https:\/\/www.dataslatitudes.com\/sosuniversal\/lt\/wp-json\/wp\/v2\/media?parent=75"}],"curies":[{"name":"wp","href":"https:\/\/api.w.org\/{rel}","templated":true}]}}