{"id":127,"date":"2025-06-12T03:29:21","date_gmt":"2025-06-12T03:29:21","guid":{"rendered":"https:\/\/www.dataslatitudes.com\/sosuniversal\/?page_id=127"},"modified":"2025-07-13T07:26:58","modified_gmt":"2025-07-13T07:26:58","slug":"cas-dutilisation","status":"publish","type":"page","link":"https:\/\/www.dataslatitudes.com\/sosuniversal\/lt\/cas-dutilisation\/","title":{"rendered":"Naudojimo atvejai"},"content":{"rendered":"\r\n<p class=\"has-small-font-size\"><\/p>\r\n\r\n\r\n\r\n<h1 class=\"wp-block-heading has-text-align-center has-medium-font-size\"><strong>NAUDOJIMO ATVEJAI<\/strong><\/h1>\r\n\r\n\r\n\r\n<p style=\"font-size:1rem\">I\u0161maniojo telefono program\u0117l\u0117, leid\u017eianti si\u0173sti \u012fsp\u0117jimus, pagalbos skambu\u010dius arba tiesiog savo dabartin\u0119 viet\u0105, gali b\u016bti gyvybi\u0161kai svarbi daugelyje situacij\u0173, suteikianti ramyb\u0119 ir prisidedanti prie greitos pagalbos gavimo. \u0160tai keletas jos naudojimo atvej\u0173 pavyzd\u017ei\u0173, suklasifikuot\u0173 pagal kategorijas, kad b\u016bt\u0173 lengviau suprasti.<\/p>\r\n\r\n\r\n\r\n<h2 class=\"wp-block-heading has-background\" style=\"background-color:#f9f3eb;margin-top:var(--wp--preset--spacing--30);margin-bottom:var(--wp--preset--spacing--30);padding-top:var(--wp--preset--spacing--20);padding-bottom:var(--wp--preset--spacing--20);font-size:1.2rem\">Asmens saugumas ir avarin\u0117s situacijos<\/h2>\r\n\r\n\r\n\r\n<ul class=\"wp-block-list\">\r\n<li style=\"font-size:1rem\"><strong>Smurtas prie\u0161 moteris, LGBTfobinis ir serofobinis smurtas, rasistinis, ksenofobinis ar d\u0117l religijos smurtas, smurtas prie\u0161 ne\u012fgaliuosius&nbsp;: <\/strong>Fizin\u0117s ar \u017eodin\u0117s agresijos atveju programa leid\u017eia vienu paspaudimu diskre\u010diai \u012fjungti \u012fsp\u0117jim\u0105 patikimiems kontaktams su GPS vietos realiuoju laiku bendrinimu. Taip pat gali b\u016bti sukonfig\u016bruotas garso \u012fra\u0161as, kuris b\u016bt\u0173 \u012frodymas, jei b\u016bt\u0173 pateiktas skundas.<\/li>\r\n\r\n\r\n\r\n<li style=\"font-size:1rem\"><strong>Nepageidaujam\u0173 veiksm\u0173 auka vie\u0161ajame transporte (pvz., lietimas metro): <\/strong>auka gali \u012fjungti didelio intensyvumo garsin\u012f signal\u0105 (pavyzd\u017eiui, policijos siren\u0105 ar \u017emogaus \u0161auksm\u0105) ir garso \u012fra\u0161ym\u0105.<\/li>\r\n\r\n\r\n\r\n<li style=\"font-size:1rem\"><strong>Agresija ar tiesiogin\u0117 gr\u0117sm\u0117: <\/strong>fizin\u0117s agresijos, bandymo i\u0161prievartauti, vagyst\u0117s su smurtu ar bet kokios situacijos, tiesiogiai kelian\u010dios gr\u0117sm\u0119 vartotojo fizinei vientisumui, atveju programa leid\u017eia greitai ir diskre\u010diai i\u0161si\u0173sti \u012fsp\u0117jim\u0105 pagalbos kontaktams.<\/li>\r\n\r\n\r\n\r\n<li style=\"font-size:1rem\"><strong>Priekabiavimo ar persekiojimo situacija: <\/strong>program\u0117l\u0117 leid\u017eia diskreti\u0161kai \u012fsp\u0117ti patikimus kontaktus ar vald\u017eios institucijas sekimo ar priekabiavimo atveju, su galimybe \u012fra\u0161yti \u012frodymus garso \u012fra\u0161u.<\/li>\r\n\r\n\r\n\r\n<li style=\"font-size:1rem\"><strong>Smurto artimoje aplinkoje aukos: <\/strong>galima tur\u0117ti diskreti\u0161k\u0105 ir greit\u0105 b\u016bd\u0105 papra\u0161yti pagalbos pavojaus atveju, ne\u012fsp\u0117jant u\u017epuoliko.<\/li>\r\n<\/ul>\r\n\r\n\r\n\r\n<p style=\"font-size:1rem\">Ankstesniais atvejais diskret\u0173 \u012fsp\u0117jim\u0105 galima papildyti arba pakeisti garsiniu atgrasymu: \u012fjungti didelio intensyvumo siren\u0105 arba imituoti \u012feinant\u012f telefono skambut\u012f, kad b\u016bt\u0173 suklaidinta.<\/p>\r\n\r\n\r\n\r\n<ul class=\"wp-block-list\">\r\n<li style=\"font-size:1rem\"><strong>Medicinin\u0117 pagalba: <\/strong>\u017emon\u0117ms, ken\u010diantiems nuo l\u0117tini\u0173 lig\u0173 (\u0161irdies priepuoli\u0173, sunki\u0173 astmos priepuoli\u0173, epilepsijos, sunki\u0173 alergij\u0173) ar nelaiming\u0173 atsitikim\u0173 (kritimo, su\u017ealojimo) atveju, program\u0117l\u0117 leid\u017eia i\u0161si\u0173sti pagalbos skambut\u012f.<\/li>\r\n\r\n\r\n\r\n<li style=\"font-size:1rem\"><strong>Dingimas ar pasiklydimas: <\/strong>ypa\u010d naudinga vaikams, vyresnio am\u017eiaus \u017emon\u0117ms, turintiems kognityvini\u0173 sutrikim\u0173, ar \u017eygeiviams, programa leid\u017eia si\u0173sti GPS viet\u0105 realiuoju laiku, palengvinant paie\u0161kas.<\/li>\r\n\r\n\r\n\r\n<li style=\"font-size:1rem\"><strong>Keli\u0173 eismo \u012fvykiai: <\/strong>\u012fvykus nelaimingam atsitikimui, programa leid\u017eia i\u0161si\u0173sti \u012fsp\u0117jim\u0105 su vieta.<\/li>\r\n\r\n\r\n\r\n<li style=\"font-size:1rem\"><strong>Gamtin\u0117s katastrofos: <\/strong>\u017eem\u0117s dreb\u0117jim\u0173, potvyni\u0173, mi\u0161ko gaisr\u0173 ar kit\u0173 nelaimi\u0173 atveju programa gali b\u016bti naudojama prane\u0161ti apie savo buvimo viet\u0105, papra\u0161yti pagalbos ir informuoti artimuosius apie savo saugum\u0105.<\/li>\r\n<\/ul>\r\n\r\n\r\n\r\n<h2 class=\"wp-block-heading has-background\" style=\"background-color:#f9f3eb;margin-top:var(--wp--preset--spacing--30);margin-bottom:var(--wp--preset--spacing--30);padding-top:var(--wp--preset--spacing--20);padding-bottom:var(--wp--preset--spacing--20);font-size:1.2rem\">Kasdienis gyvenimas ir pagalba<\/h2>\r\n\r\n\r\n\r\n<ul class=\"wp-block-list\">\r\n<li style=\"font-size:1rem\"><strong>Pagyven\u0119 \u017emon\u0117s ar ne\u012fgalieji: <\/strong>programa gali b\u016bti naudojama pagalbos pra\u0161ymui inicijuoti.<\/li>\r\n\r\n\r\n\r\n<li style=\"font-size:1rem\"><strong>Vaikai ir paaugliai: <\/strong>t\u0117vams, besir\u016bpinantiems savo vaik\u0173 saugumu, program\u0117l\u0117 gali leisti vaikams si\u0173sti diskreti\u0161k\u0105 \u012fsp\u0117jim\u0105 pavojaus atveju, kai jie pasijunta pasimet\u0119, arba priekabiavimo situacijoje (su \u012frodym\u0173 \u012fra\u0161u).<br>Pavyzdys: paauglys vakar\u0117lyje, kuris jau\u010diasi nejaukiai, patiria spaudim\u0105 arba jam reikia, kad j\u012f paimt\u0173, bet negali tiesiogiai i\u0161reik\u0161ti, gali diskre\u010diai nusi\u0173sti \u012fsp\u0117jim\u0105 savo t\u0117vams arba patikimam suaugusiam.<\/li>\r\n\r\n\r\n\r\n<li style=\"font-size:1rem\"><strong>Mechaniniai gedimai ar transporto priemon\u0117s gedimas: <\/strong>gedimo pavojingame ar izoliuotame kelyje atveju programa leid\u017eia i\u0161si\u0173sti \u012fsp\u0117jim\u0105 pagalbos tarnyboms ar kontaktams, kad papra\u0161yt\u0173 pagalbos.<\/li>\r\n\r\n\r\n\r\n<li style=\"font-size:1rem\"><strong>Socialin\u0117 izoliacija arba pavojaus jausmas: <\/strong>asmuo, besijau\u010diantis pa\u017eeid\u017eiamas ar grasinamas tam tikroje socialin\u0117je situacijoje (pavyzd\u017eiui, susitikus su nepa\u017e\u012fstamuoju), gali naudoti program\u0117l\u0119 diskreti\u0161kai \u012fsp\u0117ti draug\u0105 ir pasidalinti savo buvimo vieta.<\/li>\r\n\r\n\r\n\r\n<li style=\"font-size:1rem\"><strong>Psichologin\u0117 pagalba: <\/strong>\u017emon\u0117ms, ken\u010diantiems nuo nerimo ar panikos priepuoli\u0173, program\u0117l\u0117 leid\u017eia \u012fsp\u0117ti patikim\u0105 kontakt\u0105, kad gaut\u0173 nedelsiam\u0105 pagalb\u0105.<\/li>\r\n<\/ul>\r\n\r\n\r\n\r\n<h2 class=\"wp-block-heading has-background\" style=\"background-color:#f9f3eb;margin-top:var(--wp--preset--spacing--30);margin-bottom:var(--wp--preset--spacing--30);padding-top:var(--wp--preset--spacing--20);padding-bottom:var(--wp--preset--spacing--20);font-size:1.2rem\">Darbas ir profesin\u0117s situacijos<\/h2>\r\n\r\n\r\n\r\n<ul class=\"wp-block-list\">\r\n<li style=\"font-size:1rem\"><strong>Vieni dirbantys darbuotojai: <\/strong>profesionalams, dirbantiems vieniems rizikinguose aplinkoje (apsaugos darbuotojams, technin\u0117s prie\u017ei\u016bros specialistams, taksi vairuotojams, \u016bkininkams, austri\u0173 augintojams), program\u0117l\u0117 padeda greitai gauti pagalb\u0105 avarijos ar u\u017epuolimo atveju.<\/li>\r\n\r\n\r\n\r\n<li style=\"font-size:1rem\"><strong>Sveikatos ir socialin\u0117s srities specialistai: <\/strong>gydytojai, slaugytojai, socialiniai darbuotojai ar nam\u0173 pagalbininkai, lankantys rizikos grupes, gali naudoti program\u0105 prane\u0161ti apie pavojing\u0105 situacij\u0105 arba papra\u0161yti pagalbos.<\/li>\r\n\r\n\r\n\r\n<li style=\"font-size:1rem\"><strong>Naktinis personalas: <\/strong>nakt\u012f dirbantys asmenys izoliuotose vietose (degalin\u0117se, prekybos centruose, vie\u0161bu\u010diuose) gali tur\u0117ti galimyb\u0119 greitai papra\u0161yti pagalbos vagyst\u0117s ar u\u017epuolimo atveju.<\/li>\r\n\r\n\r\n\r\n<li style=\"font-size:1rem\"><strong>\u017durnalistai ir reporteriai rizikos zonose: <\/strong>galimyb\u0117 prane\u0161ti apie pavojing\u0105 situacij\u0105 arba are\u0161t\u0105, perduodant pad\u0117t\u012f ir kontekstin\u0119 informacij\u0105 (telefono skambu\u010diu arba SMS) pagalbos kontaktams.<\/li>\r\n<\/ul>\r\n\r\n\r\n\r\n<h2 class=\"wp-block-heading has-background\" style=\"background-color:#f9f3eb;margin-top:var(--wp--preset--spacing--30);margin-bottom:var(--wp--preset--spacing--30);padding-top:var(--wp--preset--spacing--20);padding-bottom:var(--wp--preset--spacing--20);font-size:1.2rem\">Laisvalaikis ir veikla lauke<\/h2>\r\n\r\n\r\n\r\n<ul class=\"wp-block-list\">\r\n<li style=\"font-size:1rem\"><strong>\u017dygiai ir alpinizmas: <\/strong>kri\u016bties, su\u017ealojimo, orientacijos praradimo ar ekstremali\u0173 oro s\u0105lyg\u0173 atveju programa leid\u017eia si\u0173sti \u012fsp\u0117jim\u0105 gelb\u0117jimo komandoms arba \u0161eimai su GPS vieta.<\/li>\r\n\r\n\r\n\r\n<li style=\"font-size:1rem\"><strong>Vandens sportas: <\/strong>pavyzd\u017eiui, buriuotojams program\u0117l\u0117 gali b\u016bti naudojama prane\u0161ti apie problem\u0105 (apvirtim\u0105, variklio gedim\u0105, su\u017ealojim\u0105) su buvimo vietos perdavimu.<\/li>\r\n\r\n\r\n\r\n<li style=\"font-size:1rem\"><strong>Dviratis ir b\u0117gimas: <\/strong>nukritus, susi\u017eeidus ar pajutus silpnum\u0105, programa leid\u017eia \u012fsp\u0117ti i\u0161 anksto nustatytus kontaktus su vieta.<\/li>\r\n\r\n\r\n\r\n<li style=\"font-size:1rem\"><strong>Kelion\u0117s ir turizmas: <\/strong>keliautojai, ypa\u010d tie, kurie tyrin\u0117ja ne\u017einomas ar pavojingas zonas, gali naudoti program\u0117l\u0119, kad \u012fsp\u0117t\u0173 savo artimuosius ar konsulines tarnybas, jei kilt\u0173 problem\u0173 (u\u017epuolimas, liga, dokument\u0173 vagyst\u0117).<\/li>\r\n<\/ul>\r\n\r\n\r\n\r\n<p style=\"font-size:1rem\">Ankstesniais atvejais, norint informuoti, pavyzd\u017eiui, savo profesin\u0119 ar \u0161eimos aplink\u0105, \u012fsp\u0117jimas taip pat gali apsiriboti tik dabartin\u0117s geografin\u0117s vietos siuntimu SMS \u017einute. Pavyzdys: pasikartojan\u010diu re\u017eimu, 5 valandas, kas 15 minu\u010di\u0173, siun\u010diu SMS, kuriame yra tik mano vieta.<\/p>\r\n\r\n\r\n\r\n<p class=\"has-small-font-size\" style=\"margin-top:var(--wp--preset--spacing--30);margin-bottom:var(--wp--preset--spacing--30)\"><\/p>\r\n","protected":false},"excerpt":{"rendered":"<p>NAUDOJIMO ATVEJAI I\u0161maniojo telefono program\u0117l\u0117, leid\u017eianti si\u0173sti \u012fsp\u0117jimus, pagalbos skambu\u010dius arba tiesiog savo dabartin\u0119 viet\u0105, gali b\u016bti gyvybi\u0161kai svarbi daugelyje [&hellip;]<\/p>\n","protected":false},"author":1,"featured_media":0,"parent":0,"menu_order":1,"comment_status":"closed","ping_status":"closed","template":"","meta":{"site-sidebar-layout":"default","site-content-layout":"","ast-site-content-layout":"","site-content-style":"default","site-sidebar-style":"default","ast-global-header-display":"","ast-banner-title-visibility":"","ast-main-header-display":"","ast-hfb-above-header-display":"","ast-hfb-below-header-display":"","ast-hfb-mobile-header-display":"","site-post-title":"disabled","ast-breadcrumbs-content":"","ast-featured-img":"","footer-sml-layout":"","theme-transparent-header-meta":"","adv-header-id-meta":"","stick-header-meta":"","header-above-stick-meta":"","header-main-stick-meta":"","header-below-stick-meta":"","astra-migrate-meta-layouts":"default","ast-page-background-enabled":"default","ast-page-background-meta":{"desktop":{"background-color":"var(--ast-global-color-5)","background-image":"","background-repeat":"repeat","background-position":"center center","background-size":"auto","background-attachment":"scroll","background-type":"","background-media":"","overlay-type":"","overlay-color":"","overlay-opacity":"","overlay-gradient":""},"tablet":{"background-color":"","background-image":"","background-repeat":"repeat","background-position":"center center","background-size":"auto","background-attachment":"scroll","background-type":"","background-media":"","overlay-type":"","overlay-color":"","overlay-opacity":"","overlay-gradient":""},"mobile":{"background-color":"","background-image":"","background-repeat":"repeat","background-position":"center center","background-size":"auto","background-attachment":"scroll","background-type":"","background-media":"","overlay-type":"","overlay-color":"","overlay-opacity":"","overlay-gradient":""}},"ast-content-background-meta":{"desktop":{"background-color":"var(--ast-global-color-4)","background-image":"","background-repeat":"repeat","background-position":"center center","background-size":"auto","background-attachment":"scroll","background-type":"","background-media":"","overlay-type":"","overlay-color":"","overlay-opacity":"","overlay-gradient":""},"tablet":{"background-color":"var(--ast-global-color-4)","background-image":"","background-repeat":"repeat","background-position":"center center","background-size":"auto","background-attachment":"scroll","background-type":"","background-media":"","overlay-type":"","overlay-color":"","overlay-opacity":"","overlay-gradient":""},"mobile":{"background-color":"var(--ast-global-color-4)","background-image":"","background-repeat":"repeat","background-position":"center center","background-size":"auto","background-attachment":"scroll","background-type":"","background-media":"","overlay-type":"","overlay-color":"","overlay-opacity":"","overlay-gradient":""}},"footnotes":""},"class_list":["post-127","page","type-page","status-publish","hentry"],"yoast_head":"<!-- This site is optimized with the Yoast SEO plugin v25.6 - https:\/\/yoast.com\/wordpress\/plugins\/seo\/ -->\n<title>Naudojimo atvejai<\/title>\n<meta name=\"description\" content=\"I\u0161maniojo telefono program\u0117l\u0117, leid\u017eianti si\u0173sti \u012fsp\u0117jimus, pagalbos skambu\u010dius ar tiesiog savo dabartin\u0119 viet\u0105, gali b\u016bti gyvybi\u0161kai svarbi daugelyje situacij\u0173, suteikianti ramyb\u0119 ir prisidedanti prie greito pagalbos gavimo. Pavyzd\u017eiai: asmens saugumas ir avarin\u0117s situacijos, kasdienis gyvenimas ir pagalba, darbas ir profesin\u0117s situacijos bei laisvalaikis ir veikla lauke.\" \/>\n<meta name=\"robots\" content=\"index, follow, max-snippet:-1, max-image-preview:large, max-video-preview:-1\" \/>\n<link rel=\"canonical\" href=\"http:\/\/NAUDOJIMO%20ATVEJAI%20I\u0161maniojo%20telefono%20program\u0117l\u0117,%20leid\u017eianti%20si\u0173sti%20\u012fsp\u0117jimus,%20pagalbos%20skambu\u010dius%20arba%20tiesiog%20savo%20dabartin\u0119%20viet\u0105,%20gali%20b\u016bti%20gyvybi\u0161kai%20svarbi%20daugelyje%20situacij\u0173,%20suteikianti%20ramyb\u0119%20ir%20prisidedanti%20prie%20greitos%20pagalbos%20gavimo.%20\u0160tai%20keletas%20jos%20naudojimo%20atvej\u0173%20pavyzd\u017ei\u0173,%20suklasifikuot\u0173%20pagal%20kategorijas,%20kad%20b\u016bt\u0173%20lengviau%20suprasti.%20Asmens%20saugumas%20ir%20avarin\u0117s%20situacijos%20Smurtas%20prie\u0161%20moteris,%20LGBTfobinis%20ir%20serofobinis%20smurtas,%20rasistinis,&hellip;\" \/>\n<meta property=\"og:locale\" content=\"lt_LT\" \/>\n<meta property=\"og:type\" content=\"article\" \/>\n<meta property=\"og:title\" content=\"Naudojimo atvejai\" \/>\n<meta property=\"og:description\" content=\"I\u0161maniojo telefono program\u0117l\u0117, leid\u017eianti si\u0173sti \u012fsp\u0117jimus, pagalbos skambu\u010dius ar tiesiog savo dabartin\u0119 viet\u0105, gali b\u016bti gyvybi\u0161kai svarbi daugelyje situacij\u0173, suteikianti ramyb\u0119 ir prisidedanti prie greito pagalbos gavimo. Pavyzd\u017eiai: asmens saugumas ir avarin\u0117s situacijos, kasdienis gyvenimas ir pagalba, darbas ir profesin\u0117s situacijos bei laisvalaikis ir veikla lauke.\" \/>\n<meta property=\"og:url\" content=\"https:\/\/www.dataslatitudes.com\/sosuniversal\/lt\/cas-dutilisation\/\" \/>\n<meta property=\"og:site_name\" content=\"SOS Universal\" \/>\n<meta property=\"article:modified_time\" content=\"2025-07-13T07:26:58+00:00\" \/>\n<meta name=\"twitter:card\" content=\"summary_large_image\" \/>\n<meta name=\"twitter:label1\" content=\"Est. reading time\" \/>\n\t<meta name=\"twitter:data1\" content=\"5 minut\u0117s\" \/>\n<script type=\"application\/ld+json\" class=\"yoast-schema-graph\">{\"@context\":\"https:\/\/schema.org\",\"@graph\":[{\"@type\":\"WebPage\",\"@id\":\"https:\/\/www.dataslatitudes.com\/sosuniversal\/lt\/cas-dutilisation\/\",\"url\":\"https:\/\/www.dataslatitudes.com\/sosuniversal\/lt\/cas-dutilisation\/\",\"name\":\"Cas d'utilisation - SOS Universal\",\"isPartOf\":{\"@id\":\"https:\/\/www.dataslatitudes.com\/sosuniversal\/#website\"},\"datePublished\":\"2025-06-12T03:29:21+00:00\",\"dateModified\":\"2025-07-13T07:26:58+00:00\",\"description\":\"Une application pour smartphone permettant d\u2019envoyer des alertes, des appels \u00e0 l\u2019aide ou tout simplement sa localisation courante peut s\u2019av\u00e9rer cruciale dans de nombreuses situations, offrant une tranquillit\u00e9 d\u2019esprit et contribuant \u00e0 un acc\u00e8s rapide \u00e0 l\u2019assistance. Exemples : s\u00e9curit\u00e9 personnelle et situations d\u2019urgence, vie quotidienne et assistance, travail et situations professionnelles ainsi que loisirs et activit\u00e9s en ext\u00e9rieur.\",\"breadcrumb\":{\"@id\":\"https:\/\/www.dataslatitudes.com\/sosuniversal\/lt\/cas-dutilisation\/#breadcrumb\"},\"inLanguage\":\"lt-LT\",\"potentialAction\":[{\"@type\":\"ReadAction\",\"target\":[\"https:\/\/www.dataslatitudes.com\/sosuniversal\/lt\/cas-dutilisation\/\"]}]},{\"@type\":\"BreadcrumbList\",\"@id\":\"https:\/\/www.dataslatitudes.com\/sosuniversal\/lt\/cas-dutilisation\/#breadcrumb\",\"itemListElement\":[{\"@type\":\"ListItem\",\"position\":1,\"name\":\"Pristatymas\",\"item\":\"https:\/\/www.dataslatitudes.com\/sosuniversal\/fr\/\"},{\"@type\":\"ListItem\",\"position\":2,\"name\":\"Naudojimo atvejai\"}]},{\"@type\":\"WebSite\",\"@id\":\"https:\/\/www.dataslatitudes.com\/sosuniversal\/lt\/#website\",\"url\":\"https:\/\/www.dataslatitudes.com\/sosuniversal\/lt\/\",\"name\":\"SOS Universal\",\"description\":\"\",\"publisher\":{\"@id\":\"https:\/\/www.dataslatitudes.com\/sosuniversal\/lt\/#organization\"},\"potentialAction\":[{\"@type\":\"SearchAction\",\"target\":{\"@type\":\"EntryPoint\",\"urlTemplate\":\"https:\/\/www.dataslatitudes.com\/sosuniversal\/lt\/?s={search_term_string}\"},\"query-input\":{\"@type\":\"PropertyValueSpecification\",\"valueRequired\":true,\"valueName\":\"search_term_string\"}}],\"inLanguage\":\"lt-LT\"},{\"@type\":\"Organization\",\"@id\":\"https:\/\/www.dataslatitudes.com\/sosuniversal\/lt\/#organization\",\"name\":\"DATASLATITUDES\",\"url\":\"https:\/\/www.dataslatitudes.com\/sosuniversal\/lt\/\",\"logo\":{\"@type\":\"ImageObject\",\"inLanguage\":\"lt-LT\",\"@id\":\"https:\/\/www.dataslatitudes.com\/sosuniversal\/lt\/#\/schema\/logo\/image\/\",\"url\":\"https:\/\/www.dataslatitudes.com\/sosuniversal\/wp-content\/uploads\/2025\/07\/logo_mrdv.png\",\"contentUrl\":\"https:\/\/www.dataslatitudes.com\/sosuniversal\/wp-content\/uploads\/2025\/07\/logo_mrdv.png\",\"width\":72,\"height\":72,\"caption\":\"DATASLATITUDES\"},\"image\":{\"@id\":\"https:\/\/www.dataslatitudes.com\/sosuniversal\/lt\/#\/schema\/logo\/image\/\"}}]}<\/script>\n<!-- \/ Yoast SEO plugin. -->","yoast_head_json":{"title":"Naudojimo atvejai","description":"I\u0161maniojo telefono program\u0117l\u0117, leid\u017eianti si\u0173sti \u012fsp\u0117jimus, pagalbos skambu\u010dius ar tiesiog savo dabartin\u0119 viet\u0105, gali b\u016bti gyvybi\u0161kai svarbi daugelyje situacij\u0173, suteikianti ramyb\u0119 ir prisidedanti prie greito pagalbos gavimo. Pavyzd\u017eiai: asmens saugumas ir avarin\u0117s situacijos, kasdienis gyvenimas ir pagalba, darbas ir profesin\u0117s situacijos bei laisvalaikis ir veikla lauke.","robots":{"index":"index","follow":"follow","max-snippet":"max-snippet:-1","max-image-preview":"max-image-preview:large","max-video-preview":"max-video-preview:-1"},"canonical":"NAUDOJIMO ATVEJAI I\u0161maniojo telefono program\u0117l\u0117, leid\u017eianti si\u0173sti \u012fsp\u0117jimus, pagalbos skambu\u010dius arba tiesiog savo dabartin\u0119 viet\u0105, gali b\u016bti gyvybi\u0161kai svarbi daugelyje situacij\u0173, suteikianti ramyb\u0119 ir prisidedanti prie greitos pagalbos gavimo. \u0160tai keletas jos naudojimo atvej\u0173 pavyzd\u017ei\u0173, suklasifikuot\u0173 pagal kategorijas, kad b\u016bt\u0173 lengviau suprasti. Asmens saugumas ir avarin\u0117s situacijos Smurtas prie\u0161 moteris, LGBTfobinis ir serofobinis smurtas, rasistinis,&hellip;","og_locale":"lt_LT","og_type":"article","og_title":"Naudojimo atvejai","og_description":"I\u0161maniojo telefono program\u0117l\u0117, leid\u017eianti si\u0173sti \u012fsp\u0117jimus, pagalbos skambu\u010dius ar tiesiog savo dabartin\u0119 viet\u0105, gali b\u016bti gyvybi\u0161kai svarbi daugelyje situacij\u0173, suteikianti ramyb\u0119 ir prisidedanti prie greito pagalbos gavimo. Pavyzd\u017eiai: asmens saugumas ir avarin\u0117s situacijos, kasdienis gyvenimas ir pagalba, darbas ir profesin\u0117s situacijos bei laisvalaikis ir veikla lauke.","og_url":"https:\/\/www.dataslatitudes.com\/sosuniversal\/lt\/cas-dutilisation\/","og_site_name":"SOS Universal","article_modified_time":"2025-07-13T07:26:58+00:00","twitter_card":"summary_large_image","twitter_misc":{"Est. reading time":"5 minut\u0117s"},"schema":{"@context":"https:\/\/schema.org","@graph":[{"@type":"WebPage","@id":"https:\/\/www.dataslatitudes.com\/sosuniversal\/lt\/cas-dutilisation\/","url":"https:\/\/www.dataslatitudes.com\/sosuniversal\/lt\/cas-dutilisation\/","name":"Cas d'utilisation - SOS Universal","isPartOf":{"@id":"https:\/\/www.dataslatitudes.com\/sosuniversal\/#website"},"datePublished":"2025-06-12T03:29:21+00:00","dateModified":"2025-07-13T07:26:58+00:00","description":"Une application pour smartphone permettant d\u2019envoyer des alertes, des appels \u00e0 l\u2019aide ou tout simplement sa localisation courante peut s\u2019av\u00e9rer cruciale dans de nombreuses situations, offrant une tranquillit\u00e9 d\u2019esprit et contribuant \u00e0 un acc\u00e8s rapide \u00e0 l\u2019assistance. Exemples : s\u00e9curit\u00e9 personnelle et situations d\u2019urgence, vie quotidienne et assistance, travail et situations professionnelles ainsi que loisirs et activit\u00e9s en ext\u00e9rieur.","breadcrumb":{"@id":"https:\/\/www.dataslatitudes.com\/sosuniversal\/lt\/cas-dutilisation\/#breadcrumb"},"inLanguage":"lt-LT","potentialAction":[{"@type":"ReadAction","target":["https:\/\/www.dataslatitudes.com\/sosuniversal\/lt\/cas-dutilisation\/"]}]},{"@type":"BreadcrumbList","@id":"https:\/\/www.dataslatitudes.com\/sosuniversal\/lt\/cas-dutilisation\/#breadcrumb","itemListElement":[{"@type":"ListItem","position":1,"name":"Pristatymas","item":"https:\/\/www.dataslatitudes.com\/sosuniversal\/fr\/"},{"@type":"ListItem","position":2,"name":"Naudojimo atvejai"}]},{"@type":"WebSite","@id":"https:\/\/www.dataslatitudes.com\/sosuniversal\/lt\/#website","url":"https:\/\/www.dataslatitudes.com\/sosuniversal\/lt\/","name":"SOS Universal","description":"","publisher":{"@id":"https:\/\/www.dataslatitudes.com\/sosuniversal\/lt\/#organization"},"potentialAction":[{"@type":"SearchAction","target":{"@type":"EntryPoint","urlTemplate":"https:\/\/www.dataslatitudes.com\/sosuniversal\/lt\/?s={search_term_string}"},"query-input":{"@type":"PropertyValueSpecification","valueRequired":true,"valueName":"search_term_string"}}],"inLanguage":"lt-LT"},{"@type":"Organization","@id":"https:\/\/www.dataslatitudes.com\/sosuniversal\/lt\/#organization","name":"DATASLATITUDES","url":"https:\/\/www.dataslatitudes.com\/sosuniversal\/lt\/","logo":{"@type":"ImageObject","inLanguage":"lt-LT","@id":"https:\/\/www.dataslatitudes.com\/sosuniversal\/lt\/#\/schema\/logo\/image\/","url":"https:\/\/www.dataslatitudes.com\/sosuniversal\/wp-content\/uploads\/2025\/07\/logo_mrdv.png","contentUrl":"https:\/\/www.dataslatitudes.com\/sosuniversal\/wp-content\/uploads\/2025\/07\/logo_mrdv.png","width":72,"height":72,"caption":"DATASLATITUDES"},"image":{"@id":"https:\/\/www.dataslatitudes.com\/sosuniversal\/lt\/#\/schema\/logo\/image\/"}}]}},"_links":{"self":[{"href":"https:\/\/www.dataslatitudes.com\/sosuniversal\/lt\/wp-json\/wp\/v2\/pages\/127","targetHints":{"allow":["GET"]}}],"collection":[{"href":"https:\/\/www.dataslatitudes.com\/sosuniversal\/lt\/wp-json\/wp\/v2\/pages"}],"about":[{"href":"https:\/\/www.dataslatitudes.com\/sosuniversal\/lt\/wp-json\/wp\/v2\/types\/page"}],"author":[{"embeddable":true,"href":"https:\/\/www.dataslatitudes.com\/sosuniversal\/lt\/wp-json\/wp\/v2\/users\/1"}],"replies":[{"embeddable":true,"href":"https:\/\/www.dataslatitudes.com\/sosuniversal\/lt\/wp-json\/wp\/v2\/comments?post=127"}],"version-history":[{"count":34,"href":"https:\/\/www.dataslatitudes.com\/sosuniversal\/lt\/wp-json\/wp\/v2\/pages\/127\/revisions"}],"predecessor-version":[{"id":868,"href":"https:\/\/www.dataslatitudes.com\/sosuniversal\/lt\/wp-json\/wp\/v2\/pages\/127\/revisions\/868"}],"wp:attachment":[{"href":"https:\/\/www.dataslatitudes.com\/sosuniversal\/lt\/wp-json\/wp\/v2\/media?parent=127"}],"curies":[{"name":"wp","href":"https:\/\/api.w.org\/{rel}","templated":true}]}}