{"id":246,"date":"2025-06-13T07:09:52","date_gmt":"2025-06-13T07:09:52","guid":{"rendered":"https:\/\/www.dataslatitudes.com\/sosuniversal\/index.php\/mode-emploi\/mode-demploi-parametres\/"},"modified":"2025-07-21T16:04:04","modified_gmt":"2025-07-21T16:04:04","slug":"mode-emploi-historique-enregistrement-audio","status":"publish","type":"page","link":"https:\/\/www.dataslatitudes.com\/sosuniversal\/ko\/ecran-principal\/mode-emploi-historique-enregistrement-audio\/","title":{"rendered":"\uae30\ub85d \ubc0f \uc624\ub514\uc624 \ub179\uc74c"},"content":{"rendered":"\r\n<p class=\"has-small-font-size\"><\/p>\r\n\r\n\r\n\r\n<h1 class=\"wp-block-heading has-text-align-center has-medium-font-size\" style=\"margin-top:var(--wp--preset--spacing--30);margin-bottom:var(--wp--preset--spacing--30)\"><strong>\uc54c\ub9bc \uae30\ub85d<\/strong><\/h1>\r\n\r\n\r\n\r\n<p style=\"font-size:1rem\">\ucd5c\uadfc \ubc1c\uc1a1\ub41c 50\uac1c\uc758 \uc54c\ub9bc\uc774 \ubaa8\ub4e0 \ud2b9\uc131\uacfc \ud568\uaed8 \uae30\ub85d\ub429\ub2c8\ub2e4.<\/p>\r\n\r\n\r\n\r\n<div class=\"wp-block-columns is-layout-flex wp-container-core-columns-is-layout-ec2e7a44 wp-block-columns-is-layout-flex\" style=\"padding-top:0;padding-bottom:0\">\r\n<div class=\"wp-block-column is-layout-flow wp-block-column-is-layout-flow\" style=\"flex-basis:33.33%\">\r\n<figure class=\"wp-block-image aligncenter size-large is-resized\"><img decoding=\"async\" src=\"http:\/\/www.dataslatitudes.com\/sosuniversal\/wp-content\/uploads\/ko_historique_alerte_puce-459x1024.webp\" alt=\"SOS Universal - \uc54c\ub9bc \uae30\ub85d\" class=\"wp-image-402\" style=\"width:273px\"\/><\/figure>\r\n<\/div>\r\n\r\n\r\n\r\n<div class=\"wp-block-column is-layout-flow wp-block-column-is-layout-flow\" style=\"padding-top:0;padding-bottom:0;flex-basis:66.66%\">\r\n<p style=\"font-size:1rem\">(1) \uc694\uccad\ub41c \uc5f0\ub77d\ucc98\uc758 \uc774\ub984\uacfc \uc131<br>(2) \uc54c\ub9bc \ud2b8\ub9ac\uac70 \ub0a0\uc9dc \ubc0f \uc2dc\uac04<br>(3) \uc54c\ub9bc \ub0b4\uc6a9 \uc694\uc57d \uc544\uc774\ucf58 (\uc608\uc2dc: \uc804\ud654 \ud1b5\ud654, \uc9c0\ub9ac\uc801 \uc704\uce58 \ubc0f \uc8fc\uc18c \ud3ec\ud568 SMS \uc804\uc1a1, \uc624\ub514\uc624 \ub179\uc74c \ubc0f \uc18c\ub9ac \uc54c\ub78c)<br>(4) \ub9e4\uac1c\ubcc0\uc218\uc640 \ud568\uaed8 \uc0ac\uc6a9\ub41c \uc54c\ub9bc \ubaa8\ub4dc<br>(5) \uc804\uccb4 \uc54c\ub9bc \uae30\ub85d \uc0ad\uc81c<\/p>\r\n\r\n\r\n\r\n<p>\ub0a0\uc9dc\ub294 YYYY-MM-DD \ud615\uc2dd(\uad6d\uc81c \ud45c\uc900 ISO 8601)\uc73c\ub85c \ud45c\uc2dc\ub429\ub2c8\ub2e4.<\/p>\r\n<\/div>\r\n<\/div>\r\n\r\n\r\n\r\n<p class=\"has-small-font-size\"><\/p>\r\n\r\n\r\n\r\n<h2 class=\"wp-block-heading has-text-align-center has-medium-font-size\" style=\"margin-top:var(--wp--preset--spacing--30);margin-bottom:var(--wp--preset--spacing--30)\"><strong>\uc624\ub514\uc624 \ub179\uc74c<\/strong><\/h2>\r\n\r\n\r\n\r\n<p style=\"font-size:1rem\">\uc2a4\ub9c8\ud2b8\ud3f0 \ub2e4\uc6b4\ub85c\ub4dc \ub514\ub809\ud1a0\ub9ac\uc5d0 \ucd5c\ub300 200\uac1c\uc758 \uc624\ub514\uc624 \ub179\uc74c\uc744 \uc800\uc7a5\ud560 \uc218 \uc788\uc2b5\ub2c8\ub2e4. \uac01 \ub179\uc74c\uc740 \uc2dc\uac04 \uc18c\uc778\uc774 \ucc0d\ud788\uace0 \ub4e3\uac70\ub098 \uc774\ub984\uc744 \ubc14\uafb8\uac70\ub098 \uc0ad\uc81c\ud560 \uc218 \uc788\uc2b5\ub2c8\ub2e4.<\/p>\r\n\r\n\r\n\r\n<div class=\"wp-block-columns is-layout-flex wp-container-core-columns-is-layout-ec2e7a44 wp-block-columns-is-layout-flex\" style=\"padding-top:0;padding-bottom:0\">\r\n<div class=\"wp-block-column is-layout-flow wp-block-column-is-layout-flow\" style=\"flex-basis:33.33%\">\r\n<figure class=\"wp-block-image aligncenter size-large is-resized\"><img decoding=\"async\" src=\"http:\/\/www.dataslatitudes.com\/sosuniversal\/wp-content\/uploads\/ko_enregistrement_audio_puce-459x1024.webp\" alt=\"SOS Universal - \uc624\ub514\uc624 \ub179\uc74c \uad00\ub9ac\" class=\"wp-image-403\" style=\"width:273px\"\/><\/figure>\r\n<\/div>\r\n\r\n\r\n\r\n<div class=\"wp-block-column is-layout-flow wp-block-column-is-layout-flow\" style=\"flex-basis:66.66%\">\r\n<p style=\"font-size:1rem\">(1) \ub179\uc74c \uc774\ub984<br>(2) \ub179\uc74c \ub0a0\uc9dc, \uc2dc\uac04 \ubc0f \ud06c\uae30<br>(3) \uc0ad\uc81c \uae30\ub2a5<br>(4) \ud30c\uc77c \uc774\ub984 \uc218\uc815 \uae30\ub2a5<br>(5) \ub179\uc74c \uc7ac\uc0dd \ub610\ub294 \uc7ac\uc0dd \uc911\uc9c0<br>(6) 5\ucd08 \ub4a4\ub85c \uac10\uae30<br>(7) 5\ucd08 \uc55e\uc73c\ub85c \uac10\uae30<br>(8) \uc7ac\uc0dd \uc9c4\ud589\ub960 \uc2ac\ub77c\uc774\ub354<br>(9) \ub179\uc74c \uc7ac\uc0dd \uc18d\ub3c4: \ub0ae\ucd94\uac70\ub098 (x 0.5) \ub192\uc77c \uc218 \uc788\uc2b5\ub2c8\ub2e4 (x 1.5, x 2.0).<\/p>\r\n\r\n\r\n\r\n<p>\ub0a0\uc9dc\ub294 YYYY-MM-DD \ud615\uc2dd(\uad6d\uc81c \ud45c\uc900 ISO 8601)\uc73c\ub85c \ud45c\uc2dc\ub429\ub2c8\ub2e4.<\/p>\r\n<\/div>\r\n<\/div>\r\n\r\n\r\n\r\n<p class=\"has-medium-font-size\"><\/p>\r\n\r\n\r\n\r\n<p><\/p>\r\n","protected":false},"excerpt":{"rendered":"<p>\uc54c\ub9bc \uae30\ub85d \ucd5c\uadfc \ubc1c\uc1a1\ub41c 50\uac1c\uc758 \uc54c\ub9bc\uc774 \ubaa8\ub4e0 \ud2b9\uc131\uacfc \ud568\uaed8 \uae30\ub85d\ub429\ub2c8\ub2e4. (1) \uc694\uccad\ub41c \uc5f0\ub77d\ucc98\uc758 \uc774\ub984\uacfc \uc131(2) \uc54c\ub9bc \ud2b8\ub9ac\uac70 \ub0a0\uc9dc \ubc0f \uc2dc\uac04(3) [&hellip;]<\/p>\n","protected":false},"author":1,"featured_media":0,"parent":14,"menu_order":5,"comment_status":"closed","ping_status":"closed","template":"","meta":{"site-sidebar-layout":"default","site-content-layout":"","ast-site-content-layout":"","site-content-style":"default","site-sidebar-style":"default","ast-global-header-display":"","ast-banner-title-visibility":"","ast-main-header-display":"","ast-hfb-above-header-display":"","ast-hfb-below-header-display":"","ast-hfb-mobile-header-display":"","site-post-title":"disabled","ast-breadcrumbs-content":"","ast-featured-img":"","footer-sml-layout":"","theme-transparent-header-meta":"","adv-header-id-meta":"","stick-header-meta":"","header-above-stick-meta":"","header-main-stick-meta":"","header-below-stick-meta":"","astra-migrate-meta-layouts":"default","ast-page-background-enabled":"default","ast-page-background-meta":{"desktop":{"background-color":"var(--ast-global-color-5)","background-image":"","background-repeat":"repeat","background-position":"center center","background-size":"auto","background-attachment":"scroll","background-type":"","background-media":"","overlay-type":"","overlay-color":"","overlay-opacity":"","overlay-gradient":""},"tablet":{"background-color":"","background-image":"","background-repeat":"repeat","background-position":"center center","background-size":"auto","background-attachment":"scroll","background-type":"","background-media":"","overlay-type":"","overlay-color":"","overlay-opacity":"","overlay-gradient":""},"mobile":{"background-color":"","background-image":"","background-repeat":"repeat","background-position":"center center","background-size":"auto","background-attachment":"scroll","background-type":"","background-media":"","overlay-type":"","overlay-color":"","overlay-opacity":"","overlay-gradient":""}},"ast-content-background-meta":{"desktop":{"background-color":"var(--ast-global-color-4)","background-image":"","background-repeat":"repeat","background-position":"center center","background-size":"auto","background-attachment":"scroll","background-type":"","background-media":"","overlay-type":"","overlay-color":"","overlay-opacity":"","overlay-gradient":""},"tablet":{"background-color":"var(--ast-global-color-4)","background-image":"","background-repeat":"repeat","background-position":"center center","background-size":"auto","background-attachment":"scroll","background-type":"","background-media":"","overlay-type":"","overlay-color":"","overlay-opacity":"","overlay-gradient":""},"mobile":{"background-color":"var(--ast-global-color-4)","background-image":"","background-repeat":"repeat","background-position":"center center","background-size":"auto","background-attachment":"scroll","background-type":"","background-media":"","overlay-type":"","overlay-color":"","overlay-opacity":"","overlay-gradient":""}},"footnotes":""},"class_list":["post-246","page","type-page","status-publish","hentry"],"yoast_head":"<!-- This site is optimized with the Yoast SEO plugin v25.6 - https:\/\/yoast.com\/wordpress\/plugins\/seo\/ -->\n<title>\uae30\ub85d \ubc0f \uc624\ub514\uc624 \ub179\uc74c<\/title>\n<meta name=\"description\" content=\"\ucd5c\uadfc \ubc1c\uc1a1\ub41c 50\uac1c\uc758 \uc54c\ub9bc\uc774 \ubaa8\ub4e0 \ud2b9\uc131\uacfc \ud568\uaed8 \uae30\ub85d\ub429\ub2c8\ub2e4. \uc2a4\ub9c8\ud2b8\ud3f0\uc758 \ub2e4\uc6b4\ub85c\ub4dc \ub514\ub809\ud1a0\ub9ac\uc5d0 \ucd5c\ub300 200\uac1c\uc758 \uc624\ub514\uc624 \ub179\uc74c\uc744 \uc800\uc7a5\ud560 \uc218 \uc788\uc2b5\ub2c8\ub2e4. \uac01 \ub179\uc74c\uc740 \uc2dc\uac04 \uc18c\uc778\uc774 \ucc0d\ud788\uace0 \ub4e3\uac70\ub098 \uc774\ub984\uc744 \ubc14\uafb8\uac70\ub098 \uc0ad\uc81c\ud560 \uc218 \uc788\uc2b5\ub2c8\ub2e4.\" \/>\n<meta name=\"robots\" content=\"index, follow, max-snippet:-1, max-image-preview:large, max-video-preview:-1\" \/>\n<link rel=\"canonical\" href=\"\" \/>\n<meta property=\"og:locale\" content=\"ko_KR\" \/>\n<meta property=\"og:type\" content=\"article\" \/>\n<meta property=\"og:title\" content=\"\uae30\ub85d \ubc0f \uc624\ub514\uc624 \ub179\uc74c\" \/>\n<meta property=\"og:description\" content=\"\ucd5c\uadfc \ubc1c\uc1a1\ub41c 50\uac1c\uc758 \uc54c\ub9bc\uc774 \ubaa8\ub4e0 \ud2b9\uc131\uacfc \ud568\uaed8 \uae30\ub85d\ub429\ub2c8\ub2e4. \uc2a4\ub9c8\ud2b8\ud3f0\uc758 \ub2e4\uc6b4\ub85c\ub4dc \ub514\ub809\ud1a0\ub9ac\uc5d0 \ucd5c\ub300 200\uac1c\uc758 \uc624\ub514\uc624 \ub179\uc74c\uc744 \uc800\uc7a5\ud560 \uc218 \uc788\uc2b5\ub2c8\ub2e4. \uac01 \ub179\uc74c\uc740 \uc2dc\uac04 \uc18c\uc778\uc774 \ucc0d\ud788\uace0 \ub4e3\uac70\ub098 \uc774\ub984\uc744 \ubc14\uafb8\uac70\ub098 \uc0ad\uc81c\ud560 \uc218 \uc788\uc2b5\ub2c8\ub2e4.\" \/>\n<meta property=\"og:url\" content=\"https:\/\/www.dataslatitudes.com\/sosuniversal\/ko\/ecran-principal\/mode-emploi-historique-enregistrement-audio\/\" \/>\n<meta property=\"og:site_name\" content=\"SOS Universal\" \/>\n<meta property=\"article:modified_time\" content=\"2025-07-21T16:04:04+00:00\" \/>\n<meta name=\"twitter:card\" content=\"summary_large_image\" \/>\n<meta name=\"twitter:label1\" content=\"\uc608\uc0c1 \ub418\ub294 \ud310\ub3c5 \uc2dc\uac04\" \/>\n\t<meta name=\"twitter:data1\" content=\"2\ubd84\" \/>\n<script type=\"application\/ld+json\" class=\"yoast-schema-graph\">{\"@context\":\"https:\/\/schema.org\",\"@graph\":[{\"@type\":\"WebPage\",\"@id\":\"https:\/\/www.dataslatitudes.com\/sosuniversal\/ko\/ecran-principal\/mode-emploi-historique-enregistrement-audio\/\",\"url\":\"https:\/\/www.dataslatitudes.com\/sosuniversal\/ko\/ecran-principal\/mode-emploi-historique-enregistrement-audio\/\",\"name\":\"Historique et enregistrements audios - SOS Universal\",\"isPartOf\":{\"@id\":\"https:\/\/www.dataslatitudes.com\/sosuniversal\/#website\"},\"primaryImageOfPage\":{\"@id\":\"https:\/\/www.dataslatitudes.com\/sosuniversal\/ko\/ecran-principal\/mode-emploi-historique-enregistrement-audio\/#primaryimage\"},\"image\":{\"@id\":\"https:\/\/www.dataslatitudes.com\/sosuniversal\/ko\/ecran-principal\/mode-emploi-historique-enregistrement-audio\/#primaryimage\"},\"thumbnailUrl\":\"http:\/\/www.dataslatitudes.com\/sosuniversal\/wp-content\/uploads\/2025\/07\/fr_historique_alerte_puce-459x1024.webp\",\"datePublished\":\"2025-06-13T07:09:52+00:00\",\"dateModified\":\"2025-07-21T16:04:04+00:00\",\"description\":\"Les 50 derni\u00e8res alertes \u00e9mises sont historis\u00e9es avec toutes leurs caract\u00e9ristiques. Vous pouvez conserver jusqu\u2019\u00e0 200 enregistrements audios qui sont stock\u00e9s dans le r\u00e9pertoire des t\u00e9l\u00e9chargements du smartphone. Chaque enregistrement est horodat\u00e9 et peut \u00eatre \u00e9cout\u00e9, renomm\u00e9 ou supprim\u00e9.\",\"breadcrumb\":{\"@id\":\"https:\/\/www.dataslatitudes.com\/sosuniversal\/ko\/ecran-principal\/mode-emploi-historique-enregistrement-audio\/#breadcrumb\"},\"inLanguage\":\"ko-KR\",\"potentialAction\":[{\"@type\":\"ReadAction\",\"target\":[\"https:\/\/www.dataslatitudes.com\/sosuniversal\/ko\/ecran-principal\/mode-emploi-historique-enregistrement-audio\/\"]}]},{\"@type\":\"ImageObject\",\"inLanguage\":\"ko-KR\",\"@id\":\"https:\/\/www.dataslatitudes.com\/sosuniversal\/ko\/ecran-principal\/mode-emploi-historique-enregistrement-audio\/#primaryimage\",\"url\":\"http:\/\/www.dataslatitudes.com\/sosuniversal\/wp-content\/uploads\/2025\/07\/fr_historique_alerte_puce-459x1024.webp\",\"contentUrl\":\"http:\/\/www.dataslatitudes.com\/sosuniversal\/wp-content\/uploads\/2025\/07\/fr_historique_alerte_puce-459x1024.webp\"},{\"@type\":\"BreadcrumbList\",\"@id\":\"https:\/\/www.dataslatitudes.com\/sosuniversal\/ko\/ecran-principal\/mode-emploi-historique-enregistrement-audio\/#breadcrumb\",\"itemListElement\":[{\"@type\":\"ListItem\",\"position\":1,\"name\":\"\uc18c\uac1c\",\"item\":\"https:\/\/www.dataslatitudes.com\/sosuniversal\/fr\/\"},{\"@type\":\"ListItem\",\"position\":2,\"name\":\"\uba54\uc778 \ud654\uba74\",\"item\":\"https:\/\/www.dataslatitudes.com\/sosuniversal\/ecran-principal\/\"},{\"@type\":\"ListItem\",\"position\":3,\"name\":\"\uae30\ub85d \ubc0f \uc624\ub514\uc624 \ub179\uc74c\"}]},{\"@type\":\"WebSite\",\"@id\":\"https:\/\/www.dataslatitudes.com\/sosuniversal\/ko\/#website\",\"url\":\"https:\/\/www.dataslatitudes.com\/sosuniversal\/ko\/\",\"name\":\"SOS Universal\",\"description\":\"\",\"publisher\":{\"@id\":\"https:\/\/www.dataslatitudes.com\/sosuniversal\/ko\/#organization\"},\"potentialAction\":[{\"@type\":\"SearchAction\",\"target\":{\"@type\":\"EntryPoint\",\"urlTemplate\":\"https:\/\/www.dataslatitudes.com\/sosuniversal\/ko\/?s={search_term_string}\"},\"query-input\":{\"@type\":\"PropertyValueSpecification\",\"valueRequired\":true,\"valueName\":\"search_term_string\"}}],\"inLanguage\":\"ko-KR\"},{\"@type\":\"Organization\",\"@id\":\"https:\/\/www.dataslatitudes.com\/sosuniversal\/ko\/#organization\",\"name\":\"DATASLATITUDES\",\"url\":\"https:\/\/www.dataslatitudes.com\/sosuniversal\/ko\/\",\"logo\":{\"@type\":\"ImageObject\",\"inLanguage\":\"ko-KR\",\"@id\":\"https:\/\/www.dataslatitudes.com\/sosuniversal\/ko\/#\/schema\/logo\/image\/\",\"url\":\"https:\/\/www.dataslatitudes.com\/sosuniversal\/wp-content\/uploads\/2025\/07\/logo_mrdv.png\",\"contentUrl\":\"https:\/\/www.dataslatitudes.com\/sosuniversal\/wp-content\/uploads\/2025\/07\/logo_mrdv.png\",\"width\":72,\"height\":72,\"caption\":\"DATASLATITUDES\"},\"image\":{\"@id\":\"https:\/\/www.dataslatitudes.com\/sosuniversal\/ko\/#\/schema\/logo\/image\/\"}}]}<\/script>\n<!-- \/ Yoast SEO plugin. -->","yoast_head_json":{"title":"\uae30\ub85d \ubc0f \uc624\ub514\uc624 \ub179\uc74c","description":"\ucd5c\uadfc \ubc1c\uc1a1\ub41c 50\uac1c\uc758 \uc54c\ub9bc\uc774 \ubaa8\ub4e0 \ud2b9\uc131\uacfc \ud568\uaed8 \uae30\ub85d\ub429\ub2c8\ub2e4. \uc2a4\ub9c8\ud2b8\ud3f0\uc758 \ub2e4\uc6b4\ub85c\ub4dc \ub514\ub809\ud1a0\ub9ac\uc5d0 \ucd5c\ub300 200\uac1c\uc758 \uc624\ub514\uc624 \ub179\uc74c\uc744 \uc800\uc7a5\ud560 \uc218 \uc788\uc2b5\ub2c8\ub2e4. \uac01 \ub179\uc74c\uc740 \uc2dc\uac04 \uc18c\uc778\uc774 \ucc0d\ud788\uace0 \ub4e3\uac70\ub098 \uc774\ub984\uc744 \ubc14\uafb8\uac70\ub098 \uc0ad\uc81c\ud560 \uc218 \uc788\uc2b5\ub2c8\ub2e4.","robots":{"index":"index","follow":"follow","max-snippet":"max-snippet:-1","max-image-preview":"max-image-preview:large","max-video-preview":"max-video-preview:-1"},"canonical":"\uc54c\ub9bc \uae30\ub85d \ucd5c\uadfc \ubc1c\uc1a1\ub41c 50\uac1c\uc758 \uc54c\ub9bc\uc774 \ubaa8\ub4e0 \ud2b9\uc131\uacfc \ud568\uaed8 \uae30\ub85d\ub429\ub2c8\ub2e4. (1) \uc694\uccad\ub41c \uc5f0\ub77d\ucc98\uc758 \uc774\ub984\uacfc \uc131(2) \uc54c\ub9bc \ud2b8\ub9ac\uac70 \ub0a0\uc9dc \ubc0f \uc2dc\uac04(3) \uc54c\ub9bc \ub0b4\uc6a9 \uc694\uc57d \uc544\uc774\ucf58 (\uc608\uc2dc: \uc804\ud654 \ud1b5\ud654, \uc9c0\ub9ac\uc801 \uc704\uce58 \ubc0f \uc8fc\uc18c \ud3ec\ud568 SMS \uc804\uc1a1, \uc624\ub514\uc624 \ub179\uc74c \ubc0f \uc18c\ub9ac \uc54c\ub78c)(4) \ub9e4\uac1c\ubcc0\uc218\uc640 \ud568\uaed8 \uc0ac\uc6a9\ub41c \uc54c\ub9bc \ubaa8\ub4dc(5) \uc804\uccb4 \uc54c\ub9bc \uae30\ub85d \uc0ad\uc81c \ub0a0\uc9dc\ub294 YYYY-MM-DD \ud615\uc2dd(\uad6d\uc81c \ud45c\uc900 ISO 8601)\uc73c\ub85c \ud45c\uc2dc\ub429\ub2c8\ub2e4.&hellip;","og_locale":"ko_KR","og_type":"article","og_title":"\uae30\ub85d \ubc0f \uc624\ub514\uc624 \ub179\uc74c","og_description":"\ucd5c\uadfc \ubc1c\uc1a1\ub41c 50\uac1c\uc758 \uc54c\ub9bc\uc774 \ubaa8\ub4e0 \ud2b9\uc131\uacfc \ud568\uaed8 \uae30\ub85d\ub429\ub2c8\ub2e4. \uc2a4\ub9c8\ud2b8\ud3f0\uc758 \ub2e4\uc6b4\ub85c\ub4dc \ub514\ub809\ud1a0\ub9ac\uc5d0 \ucd5c\ub300 200\uac1c\uc758 \uc624\ub514\uc624 \ub179\uc74c\uc744 \uc800\uc7a5\ud560 \uc218 \uc788\uc2b5\ub2c8\ub2e4. \uac01 \ub179\uc74c\uc740 \uc2dc\uac04 \uc18c\uc778\uc774 \ucc0d\ud788\uace0 \ub4e3\uac70\ub098 \uc774\ub984\uc744 \ubc14\uafb8\uac70\ub098 \uc0ad\uc81c\ud560 \uc218 \uc788\uc2b5\ub2c8\ub2e4.","og_url":"https:\/\/www.dataslatitudes.com\/sosuniversal\/ko\/ecran-principal\/mode-emploi-historique-enregistrement-audio\/","og_site_name":"SOS Universal","article_modified_time":"2025-07-21T16:04:04+00:00","twitter_card":"summary_large_image","twitter_misc":{"\uc608\uc0c1 \ub418\ub294 \ud310\ub3c5 \uc2dc\uac04":"2\ubd84"},"schema":{"@context":"https:\/\/schema.org","@graph":[{"@type":"WebPage","@id":"https:\/\/www.dataslatitudes.com\/sosuniversal\/ko\/ecran-principal\/mode-emploi-historique-enregistrement-audio\/","url":"https:\/\/www.dataslatitudes.com\/sosuniversal\/ko\/ecran-principal\/mode-emploi-historique-enregistrement-audio\/","name":"Historique et enregistrements audios - SOS Universal","isPartOf":{"@id":"https:\/\/www.dataslatitudes.com\/sosuniversal\/#website"},"primaryImageOfPage":{"@id":"https:\/\/www.dataslatitudes.com\/sosuniversal\/ko\/ecran-principal\/mode-emploi-historique-enregistrement-audio\/#primaryimage"},"image":{"@id":"https:\/\/www.dataslatitudes.com\/sosuniversal\/ko\/ecran-principal\/mode-emploi-historique-enregistrement-audio\/#primaryimage"},"thumbnailUrl":"http:\/\/www.dataslatitudes.com\/sosuniversal\/wp-content\/uploads\/2025\/07\/fr_historique_alerte_puce-459x1024.webp","datePublished":"2025-06-13T07:09:52+00:00","dateModified":"2025-07-21T16:04:04+00:00","description":"Les 50 derni\u00e8res alertes \u00e9mises sont historis\u00e9es avec toutes leurs caract\u00e9ristiques. Vous pouvez conserver jusqu\u2019\u00e0 200 enregistrements audios qui sont stock\u00e9s dans le r\u00e9pertoire des t\u00e9l\u00e9chargements du smartphone. Chaque enregistrement est horodat\u00e9 et peut \u00eatre \u00e9cout\u00e9, renomm\u00e9 ou supprim\u00e9.","breadcrumb":{"@id":"https:\/\/www.dataslatitudes.com\/sosuniversal\/ko\/ecran-principal\/mode-emploi-historique-enregistrement-audio\/#breadcrumb"},"inLanguage":"ko-KR","potentialAction":[{"@type":"ReadAction","target":["https:\/\/www.dataslatitudes.com\/sosuniversal\/ko\/ecran-principal\/mode-emploi-historique-enregistrement-audio\/"]}]},{"@type":"ImageObject","inLanguage":"ko-KR","@id":"https:\/\/www.dataslatitudes.com\/sosuniversal\/ko\/ecran-principal\/mode-emploi-historique-enregistrement-audio\/#primaryimage","url":"http:\/\/www.dataslatitudes.com\/sosuniversal\/wp-content\/uploads\/2025\/07\/fr_historique_alerte_puce-459x1024.webp","contentUrl":"http:\/\/www.dataslatitudes.com\/sosuniversal\/wp-content\/uploads\/2025\/07\/fr_historique_alerte_puce-459x1024.webp"},{"@type":"BreadcrumbList","@id":"https:\/\/www.dataslatitudes.com\/sosuniversal\/ko\/ecran-principal\/mode-emploi-historique-enregistrement-audio\/#breadcrumb","itemListElement":[{"@type":"ListItem","position":1,"name":"\uc18c\uac1c","item":"https:\/\/www.dataslatitudes.com\/sosuniversal\/fr\/"},{"@type":"ListItem","position":2,"name":"\uba54\uc778 \ud654\uba74","item":"https:\/\/www.dataslatitudes.com\/sosuniversal\/ecran-principal\/"},{"@type":"ListItem","position":3,"name":"\uae30\ub85d \ubc0f \uc624\ub514\uc624 \ub179\uc74c"}]},{"@type":"WebSite","@id":"https:\/\/www.dataslatitudes.com\/sosuniversal\/ko\/#website","url":"https:\/\/www.dataslatitudes.com\/sosuniversal\/ko\/","name":"SOS Universal","description":"","publisher":{"@id":"https:\/\/www.dataslatitudes.com\/sosuniversal\/ko\/#organization"},"potentialAction":[{"@type":"SearchAction","target":{"@type":"EntryPoint","urlTemplate":"https:\/\/www.dataslatitudes.com\/sosuniversal\/ko\/?s={search_term_string}"},"query-input":{"@type":"PropertyValueSpecification","valueRequired":true,"valueName":"search_term_string"}}],"inLanguage":"ko-KR"},{"@type":"Organization","@id":"https:\/\/www.dataslatitudes.com\/sosuniversal\/ko\/#organization","name":"DATASLATITUDES","url":"https:\/\/www.dataslatitudes.com\/sosuniversal\/ko\/","logo":{"@type":"ImageObject","inLanguage":"ko-KR","@id":"https:\/\/www.dataslatitudes.com\/sosuniversal\/ko\/#\/schema\/logo\/image\/","url":"https:\/\/www.dataslatitudes.com\/sosuniversal\/wp-content\/uploads\/2025\/07\/logo_mrdv.png","contentUrl":"https:\/\/www.dataslatitudes.com\/sosuniversal\/wp-content\/uploads\/2025\/07\/logo_mrdv.png","width":72,"height":72,"caption":"DATASLATITUDES"},"image":{"@id":"https:\/\/www.dataslatitudes.com\/sosuniversal\/ko\/#\/schema\/logo\/image\/"}}]}},"_links":{"self":[{"href":"https:\/\/www.dataslatitudes.com\/sosuniversal\/ko\/wp-json\/wp\/v2\/pages\/246","targetHints":{"allow":["GET"]}}],"collection":[{"href":"https:\/\/www.dataslatitudes.com\/sosuniversal\/ko\/wp-json\/wp\/v2\/pages"}],"about":[{"href":"https:\/\/www.dataslatitudes.com\/sosuniversal\/ko\/wp-json\/wp\/v2\/types\/page"}],"author":[{"embeddable":true,"href":"https:\/\/www.dataslatitudes.com\/sosuniversal\/ko\/wp-json\/wp\/v2\/users\/1"}],"replies":[{"embeddable":true,"href":"https:\/\/www.dataslatitudes.com\/sosuniversal\/ko\/wp-json\/wp\/v2\/comments?post=246"}],"version-history":[{"count":24,"href":"https:\/\/www.dataslatitudes.com\/sosuniversal\/ko\/wp-json\/wp\/v2\/pages\/246\/revisions"}],"predecessor-version":[{"id":1054,"href":"https:\/\/www.dataslatitudes.com\/sosuniversal\/ko\/wp-json\/wp\/v2\/pages\/246\/revisions\/1054"}],"up":[{"embeddable":true,"href":"https:\/\/www.dataslatitudes.com\/sosuniversal\/ko\/wp-json\/wp\/v2\/pages\/14"}],"wp:attachment":[{"href":"https:\/\/www.dataslatitudes.com\/sosuniversal\/ko\/wp-json\/wp\/v2\/media?parent=246"}],"curies":[{"name":"wp","href":"https:\/\/api.w.org\/{rel}","templated":true}]}}