{"id":242,"date":"2025-06-13T07:08:40","date_gmt":"2025-06-13T07:08:40","guid":{"rendered":"https:\/\/www.dataslatitudes.com\/sosuniversal\/index.php\/mode-emploi\/mode-demploi-mode\/"},"modified":"2025-07-31T16:14:15","modified_gmt":"2025-07-31T16:14:15","slug":"mode-emploi-parametre","status":"publish","type":"page","link":"https:\/\/www.dataslatitudes.com\/sosuniversal\/ko\/ecran-principal\/mode-emploi-parametre\/","title":{"rendered":"\uc124\uc815"},"content":{"rendered":"\r\n<p class=\"has-small-font-size\"><\/p>\r\n\r\n\r\n\r\n<h1 class=\"wp-block-heading has-text-align-center has-medium-font-size\"><strong>\uc124\uc815<\/strong><\/h1>\r\n\r\n\r\n\r\n<p style=\"font-size:1rem\">SOS Universal\uc740 \uc5b8\uc5b4, \uc2dc\uac01 \ud14c\ub9c8\ub97c \uc124\uc815\ud558\uace0, \uc54c\ub9bc \ud2b8\ub9ac\uac70\uc640 \uad00\ub828\ub41c \uc124\uc815\uc744 \ud558\uba70, \uc18c\ub9ac \uc54c\ub78c\uc744 \uc120\ud0dd\ud560 \uc218 \uc788\ub3c4\ub85d \ud569\ub2c8\ub2e4.<\/p>\r\n\r\n\r\n\r\n<div class=\"wp-block-columns is-layout-flex wp-container-core-columns-is-layout-ec2e7a44 wp-block-columns-is-layout-flex\" style=\"padding-top:0;padding-bottom:0\">\r\n<div class=\"wp-block-column is-layout-flow wp-block-column-is-layout-flow\" style=\"flex-basis:33.33%\">\r\n<figure class=\"wp-block-image aligncenter size-large is-resized\"><img decoding=\"async\" src=\"http:\/\/www.dataslatitudes.com\/sosuniversal\/wp-content\/uploads\/ko_parametre_langage-459x1024.webp\" alt=\"SOS Universal - \uc5b8\uc5b4 \uc124\uc815\" class=\"wp-image-381\" style=\"width:273px;height:auto\"\/><\/figure>\r\n<\/div>\r\n\r\n\r\n\r\n<div class=\"wp-block-column is-layout-flow wp-block-column-is-layout-flow\" style=\"flex-basis:66.66%\">\r\n<h2 class=\"wp-block-heading\" style=\"font-size:1.2rem\"><strong>\uc5b8\uc5b4<\/strong><\/h2>\r\n\r\n\r\n\r\n<p style=\"margin-top:var(--wp--preset--spacing--30);margin-right:0;margin-bottom:var(--wp--preset--spacing--30);margin-left:0;font-size:1rem\"><strong>54\uac1c \uc5b8\uc5b4 \uc0ac\uc6a9 \uac00\ub2a5:<\/strong><\/p>\r\n\r\n\r\n\r\n<div class=\"wp-block-columns is-layout-flex wp-container-core-columns-is-layout-d7c413cf wp-block-columns-is-layout-flex\" style=\"margin-top:var(--wp--preset--spacing--30);margin-bottom:var(--wp--preset--spacing--30);padding-top:0;padding-bottom:0\">\r\n<div class=\"wp-block-column is-layout-flow wp-block-column-is-layout-flow\">\r\n<p>Afrikaans<br>Albanian<br>Arabic<br>Armenian<br>Azerbaijani<br>Bangla<br>Belarusian<br>Bulgarian<br>Burmese<br>Chinese<br>Croatian<br>Czech<br>Danish<br>Dutch<br>English<br>Estonian<br>Finnish<br>French<br>Georgian<br>German<\/p>\r\n<\/div>\r\n\r\n\r\n\r\n<div class=\"wp-block-column is-layout-flow wp-block-column-is-layout-flow\">\r\n<p>Greek<br>Hebrew<br>Hindi<br>Hungarian<br>Indonesian<br>Italian<br>Japanese<br>Kazakh<br>Khmer<br>Korean<br>Lao<br>Latvian<br>Lithuanian<br>Macedonian<br>Malay<br>Mongolian<br>Nepali<br>Norwegian<br>Persian<br>Polish<\/p>\r\n<\/div>\r\n\r\n\r\n\r\n<div class=\"wp-block-column is-layout-flow wp-block-column-is-layout-flow\">\r\n<p>Portuguese<br>Romanian<br>Russian<br>Serbian<br>Slovak<br>Slovenian<br>Spanish<br>Swahili<br>Swedish<br>Thai<br>Turkish<br>Ukrainian<br>Urdu<br>Vietnamese<\/p>\r\n<\/div>\r\n<\/div>\r\n<\/div>\r\n<\/div>\r\n\r\n\r\n\r\n<div class=\"wp-block-columns is-layout-flex wp-container-core-columns-is-layout-bce4bac2 wp-block-columns-is-layout-flex\" style=\"margin-top:0;margin-bottom:0;padding-top:var(--wp--preset--spacing--40);padding-bottom:var(--wp--preset--spacing--40)\">\r\n<div class=\"wp-block-column is-layout-flow wp-block-column-is-layout-flow\">\r\n<h2 class=\"wp-block-heading has-text-align-center\" style=\"margin-top:0;margin-bottom:0;padding-top:0;padding-bottom:0;font-size:1.2rem\"><strong>\uc2dc\uac01 \ud14c\ub9c8<\/strong><\/h2>\r\n\r\n\r\n\r\n<figure class=\"wp-block-image aligncenter size-large is-resized\" style=\"margin-top:var(--wp--preset--spacing--20);margin-bottom:var(--wp--preset--spacing--20)\"><img decoding=\"async\" src=\"http:\/\/www.dataslatitudes.com\/sosuniversal\/wp-content\/uploads\/ko_parametre_theme-459x1024.webp\" alt=\"SOS Universal - \uc2dc\uac01 \ud14c\ub9c8 \uc124\uc815\" class=\"wp-image-383\" style=\"width:273px\"\/><\/figure>\r\n\r\n\r\n\r\n<p class=\"has-small-font-size\" style=\"margin-top:var(--wp--preset--spacing--50);margin-bottom:var(--wp--preset--spacing--50)\"><\/p>\r\n<\/div>\r\n\r\n\r\n\r\n<div class=\"wp-block-column is-layout-flow wp-block-column-is-layout-flow\">\r\n<h2 class=\"wp-block-heading has-text-align-center\" style=\"margin-top:0;margin-bottom:0;padding-top:0;padding-bottom:0;font-size:1.2rem\"><strong>\uc54c\ub9bc \ud2b8\ub9ac\uac70<\/strong><\/h2>\r\n\r\n\r\n\r\n<figure class=\"wp-block-image aligncenter size-large is-resized\" style=\"margin-top:var(--wp--preset--spacing--20);margin-bottom:var(--wp--preset--spacing--20)\"><img decoding=\"async\" src=\"http:\/\/www.dataslatitudes.com\/sosuniversal\/wp-content\/uploads\/ko_parametre_declenchement-459x1024.webp\" alt=\"SOS Universal - \uc54c\ub9bc \ud2b8\ub9ac\uac70 \uc124\uc815\" class=\"wp-image-699\" style=\"width:273px\"\/><\/figure>\r\n\r\n\r\n\r\n<p class=\"has-text-align-center\" style=\"margin-top:var(--wp--preset--spacing--30);margin-bottom:var(--wp--preset--spacing--30);font-size:1rem\">&#8220;\uc571 \uc704\uc82f\uc744 \ud1b5\ud55c \uc790\ub3d9 \ud2b8\ub9ac\uac70&#8221; \uc635\uc158\uc744 \uc0ac\uc6a9\ud558\uba74 \ub450 \uc571 \uc704\uc82f \uc911 \ud558\ub098\uc5d0\uc11c \uc571\uc744 \uc5f4 \ub54c \uc54c\ub9bc\uc774 \uc790\ub3d9\uc73c\ub85c \ud2b8\ub9ac\uac70\ub429\ub2c8\ub2e4.<br><a href=\"https:\/\/www.dataslatitudes.com\/sosuniversal\/ko\/index.php\/ecran-principal\/\">\uc571 \uc2e4\ud589<\/a><\/p>\r\n<\/div>\r\n\r\n\r\n\r\n<div class=\"wp-block-column is-layout-flow wp-block-column-is-layout-flow\">\r\n<h2 class=\"wp-block-heading has-text-align-center\" style=\"margin-top:0;margin-bottom:0;padding-top:0;padding-bottom:0;font-size:1.2rem\"><strong>\uacbd\uace0\uc74c<\/strong><\/h2>\r\n\r\n\r\n\r\n<figure class=\"wp-block-image aligncenter size-large is-resized\" style=\"margin-top:var(--wp--preset--spacing--20);margin-bottom:var(--wp--preset--spacing--20)\"><img decoding=\"async\" src=\"http:\/\/www.dataslatitudes.com\/sosuniversal\/wp-content\/uploads\/ko_parametre_alarme-459x1024.webp\" alt=\"SOS Universal - \uc18c\ub9ac \uc54c\ub78c \uc124\uc815\" class=\"wp-image-379\" style=\"width:273px\"\/><\/figure>\r\n\r\n\r\n\r\n<p class=\"has-small-font-size\" style=\"margin-top:var(--wp--preset--spacing--50);margin-bottom:var(--wp--preset--spacing--50)\"><\/p>\r\n<\/div>\r\n<\/div>\r\n","protected":false},"excerpt":{"rendered":"<p>\uc124\uc815 SOS Universal\uc740 \uc5b8\uc5b4, \uc2dc\uac01 \ud14c\ub9c8\ub97c \uc124\uc815\ud558\uace0, \uc54c\ub9bc \ud2b8\ub9ac\uac70\uc640 \uad00\ub828\ub41c \uc124\uc815\uc744 \ud558\uba70, \uc18c\ub9ac \uc54c\ub78c\uc744 \uc120\ud0dd\ud560 \uc218 \uc788\ub3c4\ub85d \ud569\ub2c8\ub2e4. \uc5b8\uc5b4 54\uac1c [&hellip;]<\/p>\n","protected":false},"author":1,"featured_media":0,"parent":14,"menu_order":4,"comment_status":"closed","ping_status":"closed","template":"","meta":{"site-sidebar-layout":"default","site-content-layout":"","ast-site-content-layout":"","site-content-style":"default","site-sidebar-style":"default","ast-global-header-display":"","ast-banner-title-visibility":"","ast-main-header-display":"","ast-hfb-above-header-display":"","ast-hfb-below-header-display":"","ast-hfb-mobile-header-display":"","site-post-title":"disabled","ast-breadcrumbs-content":"","ast-featured-img":"","footer-sml-layout":"","theme-transparent-header-meta":"","adv-header-id-meta":"","stick-header-meta":"","header-above-stick-meta":"","header-main-stick-meta":"","header-below-stick-meta":"","astra-migrate-meta-layouts":"default","ast-page-background-enabled":"default","ast-page-background-meta":{"desktop":{"background-color":"var(--ast-global-color-5)","background-image":"","background-repeat":"repeat","background-position":"center center","background-size":"auto","background-attachment":"scroll","background-type":"","background-media":"","overlay-type":"","overlay-color":"","overlay-opacity":"","overlay-gradient":""},"tablet":{"background-color":"","background-image":"","background-repeat":"repeat","background-position":"center center","background-size":"auto","background-attachment":"scroll","background-type":"","background-media":"","overlay-type":"","overlay-color":"","overlay-opacity":"","overlay-gradient":""},"mobile":{"background-color":"","background-image":"","background-repeat":"repeat","background-position":"center center","background-size":"auto","background-attachment":"scroll","background-type":"","background-media":"","overlay-type":"","overlay-color":"","overlay-opacity":"","overlay-gradient":""}},"ast-content-background-meta":{"desktop":{"background-color":"var(--ast-global-color-4)","background-image":"","background-repeat":"repeat","background-position":"center center","background-size":"auto","background-attachment":"scroll","background-type":"","background-media":"","overlay-type":"","overlay-color":"","overlay-opacity":"","overlay-gradient":""},"tablet":{"background-color":"var(--ast-global-color-4)","background-image":"","background-repeat":"repeat","background-position":"center center","background-size":"auto","background-attachment":"scroll","background-type":"","background-media":"","overlay-type":"","overlay-color":"","overlay-opacity":"","overlay-gradient":""},"mobile":{"background-color":"var(--ast-global-color-4)","background-image":"","background-repeat":"repeat","background-position":"center center","background-size":"auto","background-attachment":"scroll","background-type":"","background-media":"","overlay-type":"","overlay-color":"","overlay-opacity":"","overlay-gradient":""}},"footnotes":""},"class_list":["post-242","page","type-page","status-publish","hentry"],"yoast_head":"<!-- This site is optimized with the Yoast SEO plugin v25.6 - https:\/\/yoast.com\/wordpress\/plugins\/seo\/ -->\n<title>\uc124\uc815<\/title>\n<meta name=\"description\" content=\"SOS Universal\uc744 \uc0ac\uc6a9\ud558\uba74 \uc5b8\uc5b4(54\uac1c \uc5b8\uc5b4 \uc0ac\uc6a9 \uac00\ub2a5)\uc640 \uc2dc\uac01 \ud14c\ub9c8\ub97c \uc124\uc815\ud558\uace0, \uc54c\ub78c \ud2b8\ub9ac\uac70\uc640 \uad00\ub828\ub41c \uc124\uc815\uc744 \ud558\uba70, \uc18c\ub9ac \uc54c\ub78c\uc744 \uc120\ud0dd\ud560 \uc218 \uc788\uc2b5\ub2c8\ub2e4.\" \/>\n<meta name=\"robots\" content=\"index, follow, max-snippet:-1, max-image-preview:large, max-video-preview:-1\" \/>\n<link rel=\"canonical\" href=\"\" \/>\n<meta property=\"og:locale\" content=\"ko_KR\" \/>\n<meta property=\"og:type\" content=\"article\" \/>\n<meta property=\"og:title\" content=\"\uc124\uc815\" \/>\n<meta property=\"og:description\" content=\"SOS Universal\uc744 \uc0ac\uc6a9\ud558\uba74 \uc5b8\uc5b4(54\uac1c \uc5b8\uc5b4 \uc0ac\uc6a9 \uac00\ub2a5)\uc640 \uc2dc\uac01 \ud14c\ub9c8\ub97c \uc124\uc815\ud558\uace0, \uc54c\ub78c \ud2b8\ub9ac\uac70\uc640 \uad00\ub828\ub41c \uc124\uc815\uc744 \ud558\uba70, \uc18c\ub9ac \uc54c\ub78c\uc744 \uc120\ud0dd\ud560 \uc218 \uc788\uc2b5\ub2c8\ub2e4.\" \/>\n<meta property=\"og:url\" content=\"https:\/\/www.dataslatitudes.com\/sosuniversal\/ko\/ecran-principal\/mode-emploi-parametre\/\" \/>\n<meta property=\"og:site_name\" content=\"SOS Universal\" \/>\n<meta property=\"article:modified_time\" content=\"2025-07-31T16:14:15+00:00\" \/>\n<meta name=\"twitter:card\" content=\"summary_large_image\" \/>\n<meta name=\"twitter:label1\" content=\"\uc608\uc0c1 \ub418\ub294 \ud310\ub3c5 \uc2dc\uac04\" \/>\n\t<meta name=\"twitter:data1\" content=\"2\ubd84\" \/>\n<script type=\"application\/ld+json\" class=\"yoast-schema-graph\">{\"@context\":\"https:\/\/schema.org\",\"@graph\":[{\"@type\":\"WebPage\",\"@id\":\"https:\/\/www.dataslatitudes.com\/sosuniversal\/ko\/ecran-principal\/mode-emploi-parametre\/\",\"url\":\"https:\/\/www.dataslatitudes.com\/sosuniversal\/ko\/ecran-principal\/mode-emploi-parametre\/\",\"name\":\"Param\u00e9trage - SOS Universal\",\"isPartOf\":{\"@id\":\"https:\/\/www.dataslatitudes.com\/sosuniversal\/#website\"},\"primaryImageOfPage\":{\"@id\":\"https:\/\/www.dataslatitudes.com\/sosuniversal\/ko\/ecran-principal\/mode-emploi-parametre\/#primaryimage\"},\"image\":{\"@id\":\"https:\/\/www.dataslatitudes.com\/sosuniversal\/ko\/ecran-principal\/mode-emploi-parametre\/#primaryimage\"},\"thumbnailUrl\":\"http:\/\/www.dataslatitudes.com\/sosuniversal\/wp-content\/uploads\/fr_parametre_langage-459x1024.webp\",\"datePublished\":\"2025-06-13T07:08:40+00:00\",\"dateModified\":\"2025-07-31T16:14:15+00:00\",\"description\":\"SOS Universal permet de param\u00e9trer la langue (59 langues sont disponibles), le th\u00e8me visuel, de faire des r\u00e9glages relatifs au d\u00e9clenchement de l\u2019alarme et de choisir une alarme sonore.\",\"breadcrumb\":{\"@id\":\"https:\/\/www.dataslatitudes.com\/sosuniversal\/ko\/ecran-principal\/mode-emploi-parametre\/#breadcrumb\"},\"inLanguage\":\"ko-KR\",\"potentialAction\":[{\"@type\":\"ReadAction\",\"target\":[\"https:\/\/www.dataslatitudes.com\/sosuniversal\/ko\/ecran-principal\/mode-emploi-parametre\/\"]}]},{\"@type\":\"ImageObject\",\"inLanguage\":\"ko-KR\",\"@id\":\"https:\/\/www.dataslatitudes.com\/sosuniversal\/ko\/ecran-principal\/mode-emploi-parametre\/#primaryimage\",\"url\":\"http:\/\/www.dataslatitudes.com\/sosuniversal\/wp-content\/uploads\/fr_parametre_langage-459x1024.webp\",\"contentUrl\":\"http:\/\/www.dataslatitudes.com\/sosuniversal\/wp-content\/uploads\/fr_parametre_langage-459x1024.webp\"},{\"@type\":\"BreadcrumbList\",\"@id\":\"https:\/\/www.dataslatitudes.com\/sosuniversal\/ko\/ecran-principal\/mode-emploi-parametre\/#breadcrumb\",\"itemListElement\":[{\"@type\":\"ListItem\",\"position\":1,\"name\":\"\uc18c\uac1c\",\"item\":\"https:\/\/www.dataslatitudes.com\/sosuniversal\/fr\/\"},{\"@type\":\"ListItem\",\"position\":2,\"name\":\"\uba54\uc778 \ud654\uba74\",\"item\":\"https:\/\/www.dataslatitudes.com\/sosuniversal\/ecran-principal\/\"},{\"@type\":\"ListItem\",\"position\":3,\"name\":\"\uc124\uc815\"}]},{\"@type\":\"WebSite\",\"@id\":\"https:\/\/www.dataslatitudes.com\/sosuniversal\/ko\/#website\",\"url\":\"https:\/\/www.dataslatitudes.com\/sosuniversal\/ko\/\",\"name\":\"SOS Universal\",\"description\":\"\",\"publisher\":{\"@id\":\"https:\/\/www.dataslatitudes.com\/sosuniversal\/ko\/#organization\"},\"potentialAction\":[{\"@type\":\"SearchAction\",\"target\":{\"@type\":\"EntryPoint\",\"urlTemplate\":\"https:\/\/www.dataslatitudes.com\/sosuniversal\/ko\/?s={search_term_string}\"},\"query-input\":{\"@type\":\"PropertyValueSpecification\",\"valueRequired\":true,\"valueName\":\"search_term_string\"}}],\"inLanguage\":\"ko-KR\"},{\"@type\":\"Organization\",\"@id\":\"https:\/\/www.dataslatitudes.com\/sosuniversal\/ko\/#organization\",\"name\":\"DATASLATITUDES\",\"url\":\"https:\/\/www.dataslatitudes.com\/sosuniversal\/ko\/\",\"logo\":{\"@type\":\"ImageObject\",\"inLanguage\":\"ko-KR\",\"@id\":\"https:\/\/www.dataslatitudes.com\/sosuniversal\/ko\/#\/schema\/logo\/image\/\",\"url\":\"https:\/\/www.dataslatitudes.com\/sosuniversal\/wp-content\/uploads\/2025\/07\/logo_mrdv.png\",\"contentUrl\":\"https:\/\/www.dataslatitudes.com\/sosuniversal\/wp-content\/uploads\/2025\/07\/logo_mrdv.png\",\"width\":72,\"height\":72,\"caption\":\"DATASLATITUDES\"},\"image\":{\"@id\":\"https:\/\/www.dataslatitudes.com\/sosuniversal\/ko\/#\/schema\/logo\/image\/\"}}]}<\/script>\n<!-- \/ Yoast SEO plugin. -->","yoast_head_json":{"title":"\uc124\uc815","description":"SOS Universal\uc744 \uc0ac\uc6a9\ud558\uba74 \uc5b8\uc5b4(54\uac1c \uc5b8\uc5b4 \uc0ac\uc6a9 \uac00\ub2a5)\uc640 \uc2dc\uac01 \ud14c\ub9c8\ub97c \uc124\uc815\ud558\uace0, \uc54c\ub78c \ud2b8\ub9ac\uac70\uc640 \uad00\ub828\ub41c \uc124\uc815\uc744 \ud558\uba70, \uc18c\ub9ac \uc54c\ub78c\uc744 \uc120\ud0dd\ud560 \uc218 \uc788\uc2b5\ub2c8\ub2e4.","robots":{"index":"index","follow":"follow","max-snippet":"max-snippet:-1","max-image-preview":"max-image-preview:large","max-video-preview":"max-video-preview:-1"},"canonical":"\uc124\uc815 SOS Universal\uc740 \uc5b8\uc5b4, \uc2dc\uac01 \ud14c\ub9c8\ub97c \uc124\uc815\ud558\uace0, \uc54c\ub9bc \ud2b8\ub9ac\uac70\uc640 \uad00\ub828\ub41c \uc124\uc815\uc744 \ud558\uba70, \uc18c\ub9ac \uc54c\ub78c\uc744 \uc120\ud0dd\ud560 \uc218 \uc788\ub3c4\ub85d \ud569\ub2c8\ub2e4. \uc5b8\uc5b4 54\uac1c \uc5b8\uc5b4 \uc0ac\uc6a9 \uac00\ub2a5: AfrikaansAlbanianArabicArmenianAzerbaijaniBanglaBelarusianBulgarianBurmeseChineseCroatianCzechDanishDutchEnglishEstonianFinnishFrenchGeorgianGerman GreekHebrewHindiHungarianIndonesianItalianJapaneseKazakhKhmerKoreanLaoLatvianLithuanianMacedonianMalayMongolianNepaliNorwegianPersianPolish PortugueseRomanianRussianSerbianSlovakSlovenianSpanishSwahiliSwedishThaiTurkishUkrainianUrduVietnamese \uc2dc\uac01 \ud14c\ub9c8 \uc54c\ub9bc \ud2b8\ub9ac\uac70 \"\uc571 \uc704\uc82f\uc744 \ud1b5\ud55c \uc790\ub3d9 \ud2b8\ub9ac\uac70\" \uc635\uc158\uc744 \uc0ac\uc6a9\ud558\uba74 \ub450 \uc571 \uc704\uc82f \uc911 \ud558\ub098\uc5d0\uc11c \uc571\uc744 \uc5f4 \ub54c \uc54c\ub9bc\uc774 \uc790\ub3d9\uc73c\ub85c \ud2b8\ub9ac\uac70\ub429\ub2c8\ub2e4.\uc571 \uc2e4\ud589 \uacbd\uace0\uc74c","og_locale":"ko_KR","og_type":"article","og_title":"\uc124\uc815","og_description":"SOS Universal\uc744 \uc0ac\uc6a9\ud558\uba74 \uc5b8\uc5b4(54\uac1c \uc5b8\uc5b4 \uc0ac\uc6a9 \uac00\ub2a5)\uc640 \uc2dc\uac01 \ud14c\ub9c8\ub97c \uc124\uc815\ud558\uace0, \uc54c\ub78c \ud2b8\ub9ac\uac70\uc640 \uad00\ub828\ub41c \uc124\uc815\uc744 \ud558\uba70, \uc18c\ub9ac \uc54c\ub78c\uc744 \uc120\ud0dd\ud560 \uc218 \uc788\uc2b5\ub2c8\ub2e4.","og_url":"https:\/\/www.dataslatitudes.com\/sosuniversal\/ko\/ecran-principal\/mode-emploi-parametre\/","og_site_name":"SOS Universal","article_modified_time":"2025-07-31T16:14:15+00:00","twitter_card":"summary_large_image","twitter_misc":{"\uc608\uc0c1 \ub418\ub294 \ud310\ub3c5 \uc2dc\uac04":"2\ubd84"},"schema":{"@context":"https:\/\/schema.org","@graph":[{"@type":"WebPage","@id":"https:\/\/www.dataslatitudes.com\/sosuniversal\/ko\/ecran-principal\/mode-emploi-parametre\/","url":"https:\/\/www.dataslatitudes.com\/sosuniversal\/ko\/ecran-principal\/mode-emploi-parametre\/","name":"Param\u00e9trage - SOS Universal","isPartOf":{"@id":"https:\/\/www.dataslatitudes.com\/sosuniversal\/#website"},"primaryImageOfPage":{"@id":"https:\/\/www.dataslatitudes.com\/sosuniversal\/ko\/ecran-principal\/mode-emploi-parametre\/#primaryimage"},"image":{"@id":"https:\/\/www.dataslatitudes.com\/sosuniversal\/ko\/ecran-principal\/mode-emploi-parametre\/#primaryimage"},"thumbnailUrl":"http:\/\/www.dataslatitudes.com\/sosuniversal\/wp-content\/uploads\/fr_parametre_langage-459x1024.webp","datePublished":"2025-06-13T07:08:40+00:00","dateModified":"2025-07-31T16:14:15+00:00","description":"SOS Universal permet de param\u00e9trer la langue (59 langues sont disponibles), le th\u00e8me visuel, de faire des r\u00e9glages relatifs au d\u00e9clenchement de l\u2019alarme et de choisir une alarme sonore.","breadcrumb":{"@id":"https:\/\/www.dataslatitudes.com\/sosuniversal\/ko\/ecran-principal\/mode-emploi-parametre\/#breadcrumb"},"inLanguage":"ko-KR","potentialAction":[{"@type":"ReadAction","target":["https:\/\/www.dataslatitudes.com\/sosuniversal\/ko\/ecran-principal\/mode-emploi-parametre\/"]}]},{"@type":"ImageObject","inLanguage":"ko-KR","@id":"https:\/\/www.dataslatitudes.com\/sosuniversal\/ko\/ecran-principal\/mode-emploi-parametre\/#primaryimage","url":"http:\/\/www.dataslatitudes.com\/sosuniversal\/wp-content\/uploads\/fr_parametre_langage-459x1024.webp","contentUrl":"http:\/\/www.dataslatitudes.com\/sosuniversal\/wp-content\/uploads\/fr_parametre_langage-459x1024.webp"},{"@type":"BreadcrumbList","@id":"https:\/\/www.dataslatitudes.com\/sosuniversal\/ko\/ecran-principal\/mode-emploi-parametre\/#breadcrumb","itemListElement":[{"@type":"ListItem","position":1,"name":"\uc18c\uac1c","item":"https:\/\/www.dataslatitudes.com\/sosuniversal\/fr\/"},{"@type":"ListItem","position":2,"name":"\uba54\uc778 \ud654\uba74","item":"https:\/\/www.dataslatitudes.com\/sosuniversal\/ecran-principal\/"},{"@type":"ListItem","position":3,"name":"\uc124\uc815"}]},{"@type":"WebSite","@id":"https:\/\/www.dataslatitudes.com\/sosuniversal\/ko\/#website","url":"https:\/\/www.dataslatitudes.com\/sosuniversal\/ko\/","name":"SOS Universal","description":"","publisher":{"@id":"https:\/\/www.dataslatitudes.com\/sosuniversal\/ko\/#organization"},"potentialAction":[{"@type":"SearchAction","target":{"@type":"EntryPoint","urlTemplate":"https:\/\/www.dataslatitudes.com\/sosuniversal\/ko\/?s={search_term_string}"},"query-input":{"@type":"PropertyValueSpecification","valueRequired":true,"valueName":"search_term_string"}}],"inLanguage":"ko-KR"},{"@type":"Organization","@id":"https:\/\/www.dataslatitudes.com\/sosuniversal\/ko\/#organization","name":"DATASLATITUDES","url":"https:\/\/www.dataslatitudes.com\/sosuniversal\/ko\/","logo":{"@type":"ImageObject","inLanguage":"ko-KR","@id":"https:\/\/www.dataslatitudes.com\/sosuniversal\/ko\/#\/schema\/logo\/image\/","url":"https:\/\/www.dataslatitudes.com\/sosuniversal\/wp-content\/uploads\/2025\/07\/logo_mrdv.png","contentUrl":"https:\/\/www.dataslatitudes.com\/sosuniversal\/wp-content\/uploads\/2025\/07\/logo_mrdv.png","width":72,"height":72,"caption":"DATASLATITUDES"},"image":{"@id":"https:\/\/www.dataslatitudes.com\/sosuniversal\/ko\/#\/schema\/logo\/image\/"}}]}},"_links":{"self":[{"href":"https:\/\/www.dataslatitudes.com\/sosuniversal\/ko\/wp-json\/wp\/v2\/pages\/242","targetHints":{"allow":["GET"]}}],"collection":[{"href":"https:\/\/www.dataslatitudes.com\/sosuniversal\/ko\/wp-json\/wp\/v2\/pages"}],"about":[{"href":"https:\/\/www.dataslatitudes.com\/sosuniversal\/ko\/wp-json\/wp\/v2\/types\/page"}],"author":[{"embeddable":true,"href":"https:\/\/www.dataslatitudes.com\/sosuniversal\/ko\/wp-json\/wp\/v2\/users\/1"}],"replies":[{"embeddable":true,"href":"https:\/\/www.dataslatitudes.com\/sosuniversal\/ko\/wp-json\/wp\/v2\/comments?post=242"}],"version-history":[{"count":41,"href":"https:\/\/www.dataslatitudes.com\/sosuniversal\/ko\/wp-json\/wp\/v2\/pages\/242\/revisions"}],"predecessor-version":[{"id":1087,"href":"https:\/\/www.dataslatitudes.com\/sosuniversal\/ko\/wp-json\/wp\/v2\/pages\/242\/revisions\/1087"}],"up":[{"embeddable":true,"href":"https:\/\/www.dataslatitudes.com\/sosuniversal\/ko\/wp-json\/wp\/v2\/pages\/14"}],"wp:attachment":[{"href":"https:\/\/www.dataslatitudes.com\/sosuniversal\/ko\/wp-json\/wp\/v2\/media?parent=242"}],"curies":[{"name":"wp","href":"https:\/\/api.w.org\/{rel}","templated":true}]}}