{"id":187,"date":"2025-06-12T17:37:24","date_gmt":"2025-06-12T17:37:24","guid":{"rendered":"https:\/\/www.dataslatitudes.com\/sosuniversal\/index.php\/mode-demploi\/"},"modified":"2025-07-21T15:59:54","modified_gmt":"2025-07-21T15:59:54","slug":"mode-emploi-contact","status":"publish","type":"page","link":"https:\/\/www.dataslatitudes.com\/sosuniversal\/ko\/ecran-principal\/mode-emploi-contact\/","title":{"rendered":"\uc5f0\ub77d\ucc98 \uad00\ub9ac"},"content":{"rendered":"\r\n<p class=\"has-small-font-size\" style=\"border-style:none;border-width:0px\"><\/p>\r\n\r\n\r\n\r\n<h1 class=\"wp-block-heading has-text-align-center has-medium-font-size\"><strong>\uc5f0\ub77d\ucc98 \uad00\ub9ac<\/strong><\/h1>\r\n\r\n\r\n\r\n<p style=\"font-size:1rem\">\uc5f0\ub77d\ucc98\ub294 \uc54c\ub9bc\uc774 \ud2b8\ub9ac\uac70\ub420 \ub54c (\uc804\ud654 \ud1b5\ud654 \ub610\ub294 SMS\ub85c) \uc54c\ub9bc\uc744 \ubc1b\uac70\ub098 \uc694\uccad\ubc1b\ub294 \uadc0\ud558\uac00 \uc120\ud0dd\ud55c \uc2e0\ub8b0\ud560 \uc218 \uc788\ub294 \uc0ac\ub78c\ub4e4\uc785\ub2c8\ub2e4.<\/p>\r\n\r\n\r\n\r\n<div class=\"wp-block-columns are-vertically-aligned-center is-layout-flex wp-container-core-columns-is-layout-c0b51a3c wp-block-columns-is-layout-flex\" style=\"margin-top:0;margin-bottom:0;padding-top:0;padding-bottom:0\">\r\n<div class=\"wp-block-column is-vertically-aligned-center is-layout-flow wp-block-column-is-layout-flow\" style=\"flex-basis:33.33%\">\r\n<figure class=\"wp-block-image aligncenter size-large is-resized\"><img decoding=\"async\" src=\"http:\/\/www.dataslatitudes.com\/sosuniversal\/wp-content\/uploads\/ko_contact_gestion_puce-459x1024.webp\" alt=\"SOS Universal - \uc5f0\ub77d\ucc98 \uad00\ub9ac\" class=\"wp-image-265\" style=\"width:260px\"\/><\/figure>\r\n<\/div>\r\n\r\n\r\n\r\n<div class=\"wp-block-column is-vertically-aligned-center is-layout-flow wp-container-core-column-is-layout-b2a27621 wp-block-column-is-layout-flow\" style=\"padding-top:0;padding-right:0;padding-bottom:0;padding-left:0;flex-basis:66.66%\">\r\n<p style=\"margin-top:var(--wp--preset--spacing--20);margin-bottom:var(--wp--preset--spacing--20);font-size:1rem\">(1) \uc77c\ubc18 \uba54\ub274 \uc811\uadfc<\/p>\r\n\r\n\r\n\r\n<p style=\"margin-top:var(--wp--preset--spacing--20);margin-bottom:var(--wp--preset--spacing--20);font-size:1rem\">(2) \ub4f1\ub85d\ub41c \uc5f0\ub77d\ucc98 \ubaa9\ub85d:<br>&#8211; \uc5f0\ub77d\ucc98\ub294 \uc77c\uc2dc\uc801\uc73c\ub85c \ube44\ud65c\uc131\ud654\ub418\ub3c4\ub85d (\uac04\ub2e8\ud55c \ud074\ub9ad\uc73c\ub85c) \uc904\uc774 \uadf8\uc5b4\uc838 \uc788\uc2b5\ub2c8\ub2e4 (\uc608\uc2dc: \uc7a5 \ub4a4\ud401). \ub450 \ubc88\uc9f8 \ud074\ub9ad\uc73c\ub85c \ub2e4\uc2dc \ud65c\uc131\ud654\ud560 \uc218 \uc788\uc2b5\ub2c8\ub2e4.<br>&#8211; \ub179\uc0c9 \uc544\uc774\ucf58(i)\uc740 \uc5f0\ub77d\ucc98\uac00 \uc54c\ub9bc\uc744 \ubc1b\uc744 \uc218 \uc788\ub2e4\ub294 \uc815\ubcf4\ub97c \ubc1b\uc558\uc74c\uc744 \ub098\ud0c0\ub0c5\ub2c8\ub2e4.<br>&#8211; \ube68\uac04\uc0c9 \uc544\uc774\ucf58 (x)\uc740 \uc5f0\ub77d\ucc98\uac00 \uc544\uc9c1 \uc54c\ub9bc\uc744 \ubc1b\uc9c0 \ubabb\ud588\uc74c\uc744 \ub098\ud0c0\ub0c5\ub2c8\ub2e4.<\/p>\r\n\r\n\r\n\r\n<p style=\"margin-top:var(--wp--preset--spacing--20);margin-bottom:var(--wp--preset--spacing--20);font-size:1rem;text-decoration:underline\">\ucc38\uace0: \uc54c\ub9bc\uc5d0 \uc0ac\uc6a9\ud558\ub824\uba74 \uc5f0\ub77d\ucc98\uac00 \ud65c\uc131\ud654\ub418\uc5b4 \uc788\uc5b4\uc57c \ud558\uba70 \uc815\ubcf4\ub97c \ubc1b\uc544\uc57c \ud569\ub2c8\ub2e4.<\/p>\r\n\r\n\r\n\r\n<p style=\"margin-top:var(--wp--preset--spacing--20);margin-bottom:var(--wp--preset--spacing--20);font-size:1rem\">(9) \ud654\uba74 \ud558\ub2e8\uc5d0 \ud65c\uc131 \uc5f0\ub77d\ucc98 \uc218\uac00 \uc694\uc57d\ub418\uc5b4 \uc788\uc2b5\ub2c8\ub2e4.<\/p>\r\n\r\n\r\n\r\n<p style=\"padding-top:0;padding-bottom:0;font-size:1rem\">(7) \uc5f0\ub77d\ucc98 \uc0ad\uc81c<br>(8) \uc5f0\ub77d\ucc98 \uc218\uc815<\/p>\r\n<\/div>\r\n<\/div>\r\n\r\n\r\n\r\n<p class=\"has-small-font-size\"><\/p>\r\n\r\n\r\n\r\n<div class=\"wp-block-columns is-layout-flex wp-container-core-columns-is-layout-ea9f20df wp-block-columns-is-layout-flex\" style=\"margin-top:0;margin-bottom:0;padding-top:var(--wp--preset--spacing--30);padding-right:0;padding-bottom:var(--wp--preset--spacing--30);padding-left:0\">\r\n<div class=\"wp-block-column is-vertically-aligned-top is-layout-flow wp-block-column-is-layout-flow\" style=\"padding-top:0;padding-bottom:0\">\r\n<h2 class=\"wp-block-heading has-text-align-center\" style=\"margin-top:0;margin-bottom:0;font-size:1rem\">(3)(8) \ucd94\uac00\/\uc218\uc815<\/h2>\r\n\r\n\r\n\r\n<figure class=\"wp-block-image aligncenter size-large is-resized\" style=\"margin-top:0;margin-bottom:0\"><img decoding=\"async\" src=\"http:\/\/www.dataslatitudes.com\/sosuniversal\/wp-content\/uploads\/ko_contact_ajout_modification-459x1024.webp\" alt=\"SOS Universal - \uc5f0\ub77d\ucc98 \ucd94\uac00 \ub610\ub294 \uc218\uc815\" class=\"wp-image-761\" style=\"width:260px\"\/><\/figure>\r\n\r\n\r\n\r\n<p class=\"has-text-align-center\" style=\"margin-top:0;margin-bottom:0;font-size:1rem\">\uc120\ud0dd\uc801 \ub9de\ucda4 \uba54\uc2dc\uc9c0\ub294 \ud45c\uc900 SMS \uba54\uc2dc\uc9c0\ub97c \ub300\uccb4\ud569\ub2c8\ub2e4.<br><strong>\ucc38\uace0: <\/strong>\ub9ce\uc740 \uad6d\uac00\uc758 \ud604\ud589 \uaddc\uc815\uc744 \uc900\uc218\ud558\uae30 \uc704\ud574 \uacf5\uc2dd \uae34\uae09 \uc11c\ube44\uc2a4 \ubc88\ud638(\uc608: 17, 18, 112, 911 \ub4f1)\ub294 \uae08\uc9c0\ub429\ub2c8\ub2e4.<br>\ub0a0\uc9dc\ub294 YYYY-MM-DD \ud615\uc2dd(\uad6d\uc81c \ud45c\uc900 ISO 8601)\uc73c\ub85c \ud45c\uc2dc\ub429\ub2c8\ub2e4.<\/p>\r\n\r\n\r\n\r\n<p style=\"margin-top:var(--wp--preset--spacing--40);margin-bottom:var(--wp--preset--spacing--40)\"><\/p>\r\n<\/div>\r\n\r\n\r\n\r\n<div class=\"wp-block-column is-vertically-aligned-top is-layout-flow wp-container-core-column-is-layout-15d35364 wp-block-column-is-layout-flow\" style=\"padding-top:0;padding-bottom:0\">\r\n<h2 class=\"wp-block-heading has-text-align-center\" style=\"margin-top:0;margin-bottom:0;font-size:1rem\">(4) \uc2a4\ub9c8\ud2b8\ud3f0 \uc5f0\ub77d\ucc98\uc5d0\uc11c \ucd94\uac00<\/h2>\r\n\r\n\r\n\r\n<figure class=\"wp-block-image aligncenter size-large is-resized\" style=\"margin-top:0;margin-bottom:0\"><img decoding=\"async\" src=\"http:\/\/www.dataslatitudes.com\/sosuniversal\/wp-content\/uploads\/ko_contact_ajout_smartphone-459x1024.webp\" alt=\"SOS Universal - \uc8fc\uc18c\ub85d\uc5d0\uc11c \uc5f0\ub77d\ucc98 \ucd94\uac00\" class=\"wp-image-697\" style=\"width:260px\"\/><\/figure>\r\n\r\n\r\n\r\n<p class=\"has-text-align-center\" style=\"margin-top:0;margin-bottom:0;font-size:1rem\">\uc2a4\ub9c8\ud2b8\ud3f0 \uc5f0\ub77d\ucc98\uc5d0\uc11c \uac80\uc0c9\ud560 \uc218 \uc788\uc2b5\ub2c8\ub2e4.<\/p>\r\n\r\n\r\n\r\n<p style=\"margin-top:var(--wp--preset--spacing--40);margin-bottom:var(--wp--preset--spacing--40)\"><\/p>\r\n<\/div>\r\n\r\n\r\n\r\n<div class=\"wp-block-column is-vertically-aligned-top is-layout-flow wp-container-core-column-is-layout-47e5a185 wp-block-column-is-layout-flow\">\r\n<h2 class=\"wp-block-heading has-text-align-center\" style=\"margin-top:0;margin-bottom:0;font-size:1rem\">(5) \uc5f0\ub77d\ucc98 \uc6b0\uc120\uc21c\uc704 \uc9c0\uc815<\/h2>\r\n\r\n\r\n\r\n<figure class=\"wp-block-image aligncenter size-large is-resized\" style=\"margin-top:0;margin-bottom:0\"><img decoding=\"async\" src=\"http:\/\/www.dataslatitudes.com\/sosuniversal\/wp-content\/uploads\/ko_contact_priorisation-459x1024.webp\" alt=\"SOS Universal - \uc5f0\ub77d\ucc98 \uc6b0\uc120\uc21c\uc704 \uc9c0\uc815\" class=\"wp-image-275\" style=\"width:260px\"\/><\/figure>\r\n\r\n\r\n\r\n<p class=\"has-text-align-center\" style=\"font-size:1rem\">\uc5f0\ub77d\ucc98\ub294 \ub04c\uc5b4\uc11c \ub193\uae30\ub85c \uc6b0\uc120\uc21c\uc704\ub97c \uc9c0\uc815\ud560 \uc218 \uc788\uc2b5\ub2c8\ub2e4.<\/p>\r\n\r\n\r\n\r\n<p style=\"margin-top:var(--wp--preset--spacing--30);margin-bottom:var(--wp--preset--spacing--30)\"><\/p>\r\n<\/div>\r\n\r\n\r\n\r\n<div class=\"wp-block-column is-layout-flow wp-container-core-column-is-layout-47e5a185 wp-block-column-is-layout-flow\">\r\n<h2 class=\"wp-block-heading has-text-align-center\" style=\"margin-top:0;margin-bottom:0;font-size:1rem\">(6) \uc54c\ub9bc<\/h2>\r\n\r\n\r\n\r\n<figure class=\"wp-block-image aligncenter size-large is-resized\" style=\"margin-top:0;margin-bottom:0\"><img decoding=\"async\" src=\"http:\/\/www.dataslatitudes.com\/sosuniversal\/wp-content\/uploads\/ko_contact_information-459x1024.webp\" alt=\"SOS Universal - \uc5f0\ub77d\ucc98 \uc815\ubcf4\" class=\"wp-image-274\" style=\"width:260px\"\/><\/figure>\r\n\r\n\r\n\r\n<p class=\"has-text-align-center\" style=\"font-size:1rem\">\ucd94\uac00 \uba54\uc2dc\uc9c0\ub294 \ud544\uc218\uc785\ub2c8\ub2e4.<\/p>\r\n\r\n\r\n\r\n<p style=\"margin-top:var(--wp--preset--spacing--40);margin-bottom:var(--wp--preset--spacing--40)\"><\/p>\r\n<\/div>\r\n<\/div>\r\n","protected":false},"excerpt":{"rendered":"<p>\uc5f0\ub77d\ucc98 \uad00\ub9ac \uc5f0\ub77d\ucc98\ub294 \uc54c\ub9bc\uc774 \ud2b8\ub9ac\uac70\ub420 \ub54c (\uc804\ud654 \ud1b5\ud654 \ub610\ub294 SMS\ub85c) \uc54c\ub9bc\uc744 \ubc1b\uac70\ub098 \uc694\uccad\ubc1b\ub294 \uadc0\ud558\uac00 \uc120\ud0dd\ud55c \uc2e0\ub8b0\ud560 \uc218 \uc788\ub294 \uc0ac\ub78c\ub4e4\uc785\ub2c8\ub2e4. (1) [&hellip;]<\/p>\n","protected":false},"author":1,"featured_media":0,"parent":14,"menu_order":1,"comment_status":"closed","ping_status":"closed","template":"","meta":{"site-sidebar-layout":"default","site-content-layout":"","ast-site-content-layout":"","site-content-style":"default","site-sidebar-style":"default","ast-global-header-display":"","ast-banner-title-visibility":"","ast-main-header-display":"","ast-hfb-above-header-display":"","ast-hfb-below-header-display":"","ast-hfb-mobile-header-display":"","site-post-title":"disabled","ast-breadcrumbs-content":"","ast-featured-img":"","footer-sml-layout":"","theme-transparent-header-meta":"","adv-header-id-meta":"","stick-header-meta":"","header-above-stick-meta":"","header-main-stick-meta":"","header-below-stick-meta":"","astra-migrate-meta-layouts":"default","ast-page-background-enabled":"default","ast-page-background-meta":{"desktop":{"background-color":"var(--ast-global-color-5)","background-image":"","background-repeat":"repeat","background-position":"center center","background-size":"auto","background-attachment":"scroll","background-type":"","background-media":"","overlay-type":"","overlay-color":"","overlay-opacity":"","overlay-gradient":""},"tablet":{"background-color":"","background-image":"","background-repeat":"repeat","background-position":"center center","background-size":"auto","background-attachment":"scroll","background-type":"","background-media":"","overlay-type":"","overlay-color":"","overlay-opacity":"","overlay-gradient":""},"mobile":{"background-color":"","background-image":"","background-repeat":"repeat","background-position":"center center","background-size":"auto","background-attachment":"scroll","background-type":"","background-media":"","overlay-type":"","overlay-color":"","overlay-opacity":"","overlay-gradient":""}},"ast-content-background-meta":{"desktop":{"background-color":"var(--ast-global-color-4)","background-image":"","background-repeat":"repeat","background-position":"center center","background-size":"auto","background-attachment":"scroll","background-type":"","background-media":"","overlay-type":"","overlay-color":"","overlay-opacity":"","overlay-gradient":""},"tablet":{"background-color":"var(--ast-global-color-4)","background-image":"","background-repeat":"repeat","background-position":"center center","background-size":"auto","background-attachment":"scroll","background-type":"","background-media":"","overlay-type":"","overlay-color":"","overlay-opacity":"","overlay-gradient":""},"mobile":{"background-color":"var(--ast-global-color-4)","background-image":"","background-repeat":"repeat","background-position":"center center","background-size":"auto","background-attachment":"scroll","background-type":"","background-media":"","overlay-type":"","overlay-color":"","overlay-opacity":"","overlay-gradient":""}},"footnotes":""},"class_list":["post-187","page","type-page","status-publish","hentry"],"yoast_head":"<!-- This site is optimized with the Yoast SEO plugin v25.6 - https:\/\/yoast.com\/wordpress\/plugins\/seo\/ -->\n<title>\uc5f0\ub77d\ucc98 \uad00\ub9ac<\/title>\n<meta name=\"description\" content=\"\uc5f0\ub77d\ucc98\ub294 \uc54c\ub9bc\uc774 \ud2b8\ub9ac\uac70\ub420 \ub54c (\uc804\ud654 \ud1b5\ud654 \ub610\ub294 SMS\ub85c) \uc54c\ub9bc\uc744 \ubc1b\uac70\ub098 \uc694\uccad\ubc1b\ub294 \uadc0\ud558\uac00 \uc120\ud0dd\ud55c \uc2e0\ub8b0\ud560 \uc218 \uc788\ub294 \uc0ac\ub78c\ub4e4\uc785\ub2c8\ub2e4. \uc2a4\ub9c8\ud2b8\ud3f0\uc758 \uc8fc\uc18c\ub85d\uc5d0\uc11c \uc5f0\ub77d\ucc98\ub97c \uac00\uc838\uc62c \uc218 \uc788\uc2b5\ub2c8\ub2e4. \uc5f0\ub77d\ucc98\ub294 \uc6b0\uc120\uc21c\uc704\ub97c \uc9c0\uc815\ud560 \uc218 \uc788\uc73c\uba70 \uc815\ubcf4\uac00 \uc81c\uacf5\ub429\ub2c8\ub2e4. \uc5f0\ub77d\ucc98\ub294 \uc77c\uc2dc\uc801\uc73c\ub85c \ube44\ud65c\uc131\ud654\ud560 \uc218 \uc788\uc2b5\ub2c8\ub2e4.\" \/>\n<meta name=\"robots\" content=\"index, follow, max-snippet:-1, max-image-preview:large, max-video-preview:-1\" \/>\n<link rel=\"canonical\" href=\"\" \/>\n<meta property=\"og:locale\" content=\"ko_KR\" \/>\n<meta property=\"og:type\" content=\"article\" \/>\n<meta property=\"og:title\" content=\"\uc5f0\ub77d\ucc98 \uad00\ub9ac\" \/>\n<meta property=\"og:description\" content=\"\uc5f0\ub77d\ucc98\ub294 \uc54c\ub9bc\uc774 \ud2b8\ub9ac\uac70\ub420 \ub54c (\uc804\ud654 \ud1b5\ud654 \ub610\ub294 SMS\ub85c) \uc54c\ub9bc\uc744 \ubc1b\uac70\ub098 \uc694\uccad\ubc1b\ub294 \uadc0\ud558\uac00 \uc120\ud0dd\ud55c \uc2e0\ub8b0\ud560 \uc218 \uc788\ub294 \uc0ac\ub78c\ub4e4\uc785\ub2c8\ub2e4. \uc2a4\ub9c8\ud2b8\ud3f0\uc758 \uc8fc\uc18c\ub85d\uc5d0\uc11c \uc5f0\ub77d\ucc98\ub97c \uac00\uc838\uc62c \uc218 \uc788\uc2b5\ub2c8\ub2e4. \uc5f0\ub77d\ucc98\ub294 \uc6b0\uc120\uc21c\uc704\ub97c \uc9c0\uc815\ud560 \uc218 \uc788\uc73c\uba70 \uc815\ubcf4\uac00 \uc81c\uacf5\ub429\ub2c8\ub2e4. \uc5f0\ub77d\ucc98\ub294 \uc77c\uc2dc\uc801\uc73c\ub85c \ube44\ud65c\uc131\ud654\ud560 \uc218 \uc788\uc2b5\ub2c8\ub2e4.\" \/>\n<meta property=\"og:url\" content=\"https:\/\/www.dataslatitudes.com\/sosuniversal\/ko\/ecran-principal\/mode-emploi-contact\/\" \/>\n<meta property=\"og:site_name\" content=\"SOS Universal\" \/>\n<meta property=\"article:modified_time\" content=\"2025-07-21T15:59:54+00:00\" \/>\n<meta name=\"twitter:card\" content=\"summary_large_image\" \/>\n<meta name=\"twitter:label1\" content=\"\uc608\uc0c1 \ub418\ub294 \ud310\ub3c5 \uc2dc\uac04\" \/>\n\t<meta name=\"twitter:data1\" content=\"3\ubd84\" \/>\n<script type=\"application\/ld+json\" class=\"yoast-schema-graph\">{\"@context\":\"https:\/\/schema.org\",\"@graph\":[{\"@type\":\"WebPage\",\"@id\":\"https:\/\/www.dataslatitudes.com\/sosuniversal\/ko\/ecran-principal\/mode-emploi-contact\/\",\"url\":\"https:\/\/www.dataslatitudes.com\/sosuniversal\/ko\/ecran-principal\/mode-emploi-contact\/\",\"name\":\"Gestion des contacts - SOS Universal\",\"isPartOf\":{\"@id\":\"https:\/\/www.dataslatitudes.com\/sosuniversal\/#website\"},\"primaryImageOfPage\":{\"@id\":\"https:\/\/www.dataslatitudes.com\/sosuniversal\/ko\/ecran-principal\/mode-emploi-contact\/#primaryimage\"},\"image\":{\"@id\":\"https:\/\/www.dataslatitudes.com\/sosuniversal\/ko\/ecran-principal\/mode-emploi-contact\/#primaryimage\"},\"thumbnailUrl\":\"http:\/\/www.dataslatitudes.com\/sosuniversal\/wp-content\/uploads\/2025\/07\/fr_contact_gestion_puce-459x1024.webp\",\"datePublished\":\"2025-06-12T17:37:24+00:00\",\"dateModified\":\"2025-07-21T15:59:54+00:00\",\"description\":\"Les contacts sont les personnes de confiance de votre choix qui sont pr\u00e9venues ou sollicit\u00e9es (par appel t\u00e9l\u00e9phonique ou par SMS) lorsqu\u2019une alerte est d\u00e9clench\u00e9e. Il est possible de r\u00e9cup\u00e9rer ceux du carnet d'adresses du smartphone. Les contacts peuvent \u00eatre prioris\u00e9s et ils sont inform\u00e9s. Un contact peut \u00eatre d\u00e9sactiv\u00e9 momentan\u00e9ment.\",\"breadcrumb\":{\"@id\":\"https:\/\/www.dataslatitudes.com\/sosuniversal\/ko\/ecran-principal\/mode-emploi-contact\/#breadcrumb\"},\"inLanguage\":\"ko-KR\",\"potentialAction\":[{\"@type\":\"ReadAction\",\"target\":[\"https:\/\/www.dataslatitudes.com\/sosuniversal\/ko\/ecran-principal\/mode-emploi-contact\/\"]}]},{\"@type\":\"ImageObject\",\"inLanguage\":\"ko-KR\",\"@id\":\"https:\/\/www.dataslatitudes.com\/sosuniversal\/ko\/ecran-principal\/mode-emploi-contact\/#primaryimage\",\"url\":\"http:\/\/www.dataslatitudes.com\/sosuniversal\/wp-content\/uploads\/2025\/07\/fr_contact_gestion_puce-459x1024.webp\",\"contentUrl\":\"http:\/\/www.dataslatitudes.com\/sosuniversal\/wp-content\/uploads\/2025\/07\/fr_contact_gestion_puce-459x1024.webp\"},{\"@type\":\"BreadcrumbList\",\"@id\":\"https:\/\/www.dataslatitudes.com\/sosuniversal\/ko\/ecran-principal\/mode-emploi-contact\/#breadcrumb\",\"itemListElement\":[{\"@type\":\"ListItem\",\"position\":1,\"name\":\"\uc18c\uac1c\",\"item\":\"https:\/\/www.dataslatitudes.com\/sosuniversal\/fr\/\"},{\"@type\":\"ListItem\",\"position\":2,\"name\":\"\uba54\uc778 \ud654\uba74\",\"item\":\"https:\/\/www.dataslatitudes.com\/sosuniversal\/ecran-principal\/\"},{\"@type\":\"ListItem\",\"position\":3,\"name\":\"\uc5f0\ub77d\ucc98 \uad00\ub9ac\"}]},{\"@type\":\"WebSite\",\"@id\":\"https:\/\/www.dataslatitudes.com\/sosuniversal\/ko\/#website\",\"url\":\"https:\/\/www.dataslatitudes.com\/sosuniversal\/ko\/\",\"name\":\"SOS Universal\",\"description\":\"\",\"publisher\":{\"@id\":\"https:\/\/www.dataslatitudes.com\/sosuniversal\/ko\/#organization\"},\"potentialAction\":[{\"@type\":\"SearchAction\",\"target\":{\"@type\":\"EntryPoint\",\"urlTemplate\":\"https:\/\/www.dataslatitudes.com\/sosuniversal\/ko\/?s={search_term_string}\"},\"query-input\":{\"@type\":\"PropertyValueSpecification\",\"valueRequired\":true,\"valueName\":\"search_term_string\"}}],\"inLanguage\":\"ko-KR\"},{\"@type\":\"Organization\",\"@id\":\"https:\/\/www.dataslatitudes.com\/sosuniversal\/ko\/#organization\",\"name\":\"DATASLATITUDES\",\"url\":\"https:\/\/www.dataslatitudes.com\/sosuniversal\/ko\/\",\"logo\":{\"@type\":\"ImageObject\",\"inLanguage\":\"ko-KR\",\"@id\":\"https:\/\/www.dataslatitudes.com\/sosuniversal\/ko\/#\/schema\/logo\/image\/\",\"url\":\"https:\/\/www.dataslatitudes.com\/sosuniversal\/wp-content\/uploads\/2025\/07\/logo_mrdv.png\",\"contentUrl\":\"https:\/\/www.dataslatitudes.com\/sosuniversal\/wp-content\/uploads\/2025\/07\/logo_mrdv.png\",\"width\":72,\"height\":72,\"caption\":\"DATASLATITUDES\"},\"image\":{\"@id\":\"https:\/\/www.dataslatitudes.com\/sosuniversal\/ko\/#\/schema\/logo\/image\/\"}}]}<\/script>\n<!-- \/ Yoast SEO plugin. -->","yoast_head_json":{"title":"\uc5f0\ub77d\ucc98 \uad00\ub9ac","description":"\uc5f0\ub77d\ucc98\ub294 \uc54c\ub9bc\uc774 \ud2b8\ub9ac\uac70\ub420 \ub54c (\uc804\ud654 \ud1b5\ud654 \ub610\ub294 SMS\ub85c) \uc54c\ub9bc\uc744 \ubc1b\uac70\ub098 \uc694\uccad\ubc1b\ub294 \uadc0\ud558\uac00 \uc120\ud0dd\ud55c \uc2e0\ub8b0\ud560 \uc218 \uc788\ub294 \uc0ac\ub78c\ub4e4\uc785\ub2c8\ub2e4. \uc2a4\ub9c8\ud2b8\ud3f0\uc758 \uc8fc\uc18c\ub85d\uc5d0\uc11c \uc5f0\ub77d\ucc98\ub97c \uac00\uc838\uc62c \uc218 \uc788\uc2b5\ub2c8\ub2e4. \uc5f0\ub77d\ucc98\ub294 \uc6b0\uc120\uc21c\uc704\ub97c \uc9c0\uc815\ud560 \uc218 \uc788\uc73c\uba70 \uc815\ubcf4\uac00 \uc81c\uacf5\ub429\ub2c8\ub2e4. \uc5f0\ub77d\ucc98\ub294 \uc77c\uc2dc\uc801\uc73c\ub85c \ube44\ud65c\uc131\ud654\ud560 \uc218 \uc788\uc2b5\ub2c8\ub2e4.","robots":{"index":"index","follow":"follow","max-snippet":"max-snippet:-1","max-image-preview":"max-image-preview:large","max-video-preview":"max-video-preview:-1"},"canonical":"\uc5f0\ub77d\ucc98 \uad00\ub9ac \uc5f0\ub77d\ucc98\ub294 \uc54c\ub9bc\uc774 \ud2b8\ub9ac\uac70\ub420 \ub54c (\uc804\ud654 \ud1b5\ud654 \ub610\ub294 SMS\ub85c) \uc54c\ub9bc\uc744 \ubc1b\uac70\ub098 \uc694\uccad\ubc1b\ub294 \uadc0\ud558\uac00 \uc120\ud0dd\ud55c \uc2e0\ub8b0\ud560 \uc218 \uc788\ub294 \uc0ac\ub78c\ub4e4\uc785\ub2c8\ub2e4. (1) \uc77c\ubc18 \uba54\ub274 \uc811\uadfc (2) \ub4f1\ub85d\ub41c \uc5f0\ub77d\ucc98 \ubaa9\ub85d:- \uc5f0\ub77d\ucc98\ub294 \uc77c\uc2dc\uc801\uc73c\ub85c \ube44\ud65c\uc131\ud654\ub418\ub3c4\ub85d (\uac04\ub2e8\ud55c \ud074\ub9ad\uc73c\ub85c) \uc904\uc774 \uadf8\uc5b4\uc838 \uc788\uc2b5\ub2c8\ub2e4 (\uc608\uc2dc: \uc7a5 \ub4a4\ud401). \ub450 \ubc88\uc9f8 \ud074\ub9ad\uc73c\ub85c \ub2e4\uc2dc \ud65c\uc131\ud654\ud560 \uc218 \uc788\uc2b5\ub2c8\ub2e4.- \ub179\uc0c9 \uc544\uc774\ucf58(i)\uc740 \uc5f0\ub77d\ucc98\uac00 \uc54c\ub9bc\uc744 \ubc1b\uc744 \uc218 \uc788\ub2e4\ub294 \uc815\ubcf4\ub97c \ubc1b\uc558\uc74c\uc744 \ub098\ud0c0\ub0c5\ub2c8\ub2e4.-&hellip;","og_locale":"ko_KR","og_type":"article","og_title":"\uc5f0\ub77d\ucc98 \uad00\ub9ac","og_description":"\uc5f0\ub77d\ucc98\ub294 \uc54c\ub9bc\uc774 \ud2b8\ub9ac\uac70\ub420 \ub54c (\uc804\ud654 \ud1b5\ud654 \ub610\ub294 SMS\ub85c) \uc54c\ub9bc\uc744 \ubc1b\uac70\ub098 \uc694\uccad\ubc1b\ub294 \uadc0\ud558\uac00 \uc120\ud0dd\ud55c \uc2e0\ub8b0\ud560 \uc218 \uc788\ub294 \uc0ac\ub78c\ub4e4\uc785\ub2c8\ub2e4. \uc2a4\ub9c8\ud2b8\ud3f0\uc758 \uc8fc\uc18c\ub85d\uc5d0\uc11c \uc5f0\ub77d\ucc98\ub97c \uac00\uc838\uc62c \uc218 \uc788\uc2b5\ub2c8\ub2e4. \uc5f0\ub77d\ucc98\ub294 \uc6b0\uc120\uc21c\uc704\ub97c \uc9c0\uc815\ud560 \uc218 \uc788\uc73c\uba70 \uc815\ubcf4\uac00 \uc81c\uacf5\ub429\ub2c8\ub2e4. \uc5f0\ub77d\ucc98\ub294 \uc77c\uc2dc\uc801\uc73c\ub85c \ube44\ud65c\uc131\ud654\ud560 \uc218 \uc788\uc2b5\ub2c8\ub2e4.","og_url":"https:\/\/www.dataslatitudes.com\/sosuniversal\/ko\/ecran-principal\/mode-emploi-contact\/","og_site_name":"SOS Universal","article_modified_time":"2025-07-21T15:59:54+00:00","twitter_card":"summary_large_image","twitter_misc":{"\uc608\uc0c1 \ub418\ub294 \ud310\ub3c5 \uc2dc\uac04":"3\ubd84"},"schema":{"@context":"https:\/\/schema.org","@graph":[{"@type":"WebPage","@id":"https:\/\/www.dataslatitudes.com\/sosuniversal\/ko\/ecran-principal\/mode-emploi-contact\/","url":"https:\/\/www.dataslatitudes.com\/sosuniversal\/ko\/ecran-principal\/mode-emploi-contact\/","name":"Gestion des contacts - SOS Universal","isPartOf":{"@id":"https:\/\/www.dataslatitudes.com\/sosuniversal\/#website"},"primaryImageOfPage":{"@id":"https:\/\/www.dataslatitudes.com\/sosuniversal\/ko\/ecran-principal\/mode-emploi-contact\/#primaryimage"},"image":{"@id":"https:\/\/www.dataslatitudes.com\/sosuniversal\/ko\/ecran-principal\/mode-emploi-contact\/#primaryimage"},"thumbnailUrl":"http:\/\/www.dataslatitudes.com\/sosuniversal\/wp-content\/uploads\/2025\/07\/fr_contact_gestion_puce-459x1024.webp","datePublished":"2025-06-12T17:37:24+00:00","dateModified":"2025-07-21T15:59:54+00:00","description":"Les contacts sont les personnes de confiance de votre choix qui sont pr\u00e9venues ou sollicit\u00e9es (par appel t\u00e9l\u00e9phonique ou par SMS) lorsqu\u2019une alerte est d\u00e9clench\u00e9e. Il est possible de r\u00e9cup\u00e9rer ceux du carnet d'adresses du smartphone. Les contacts peuvent \u00eatre prioris\u00e9s et ils sont inform\u00e9s. Un contact peut \u00eatre d\u00e9sactiv\u00e9 momentan\u00e9ment.","breadcrumb":{"@id":"https:\/\/www.dataslatitudes.com\/sosuniversal\/ko\/ecran-principal\/mode-emploi-contact\/#breadcrumb"},"inLanguage":"ko-KR","potentialAction":[{"@type":"ReadAction","target":["https:\/\/www.dataslatitudes.com\/sosuniversal\/ko\/ecran-principal\/mode-emploi-contact\/"]}]},{"@type":"ImageObject","inLanguage":"ko-KR","@id":"https:\/\/www.dataslatitudes.com\/sosuniversal\/ko\/ecran-principal\/mode-emploi-contact\/#primaryimage","url":"http:\/\/www.dataslatitudes.com\/sosuniversal\/wp-content\/uploads\/2025\/07\/fr_contact_gestion_puce-459x1024.webp","contentUrl":"http:\/\/www.dataslatitudes.com\/sosuniversal\/wp-content\/uploads\/2025\/07\/fr_contact_gestion_puce-459x1024.webp"},{"@type":"BreadcrumbList","@id":"https:\/\/www.dataslatitudes.com\/sosuniversal\/ko\/ecran-principal\/mode-emploi-contact\/#breadcrumb","itemListElement":[{"@type":"ListItem","position":1,"name":"\uc18c\uac1c","item":"https:\/\/www.dataslatitudes.com\/sosuniversal\/fr\/"},{"@type":"ListItem","position":2,"name":"\uba54\uc778 \ud654\uba74","item":"https:\/\/www.dataslatitudes.com\/sosuniversal\/ecran-principal\/"},{"@type":"ListItem","position":3,"name":"\uc5f0\ub77d\ucc98 \uad00\ub9ac"}]},{"@type":"WebSite","@id":"https:\/\/www.dataslatitudes.com\/sosuniversal\/ko\/#website","url":"https:\/\/www.dataslatitudes.com\/sosuniversal\/ko\/","name":"SOS Universal","description":"","publisher":{"@id":"https:\/\/www.dataslatitudes.com\/sosuniversal\/ko\/#organization"},"potentialAction":[{"@type":"SearchAction","target":{"@type":"EntryPoint","urlTemplate":"https:\/\/www.dataslatitudes.com\/sosuniversal\/ko\/?s={search_term_string}"},"query-input":{"@type":"PropertyValueSpecification","valueRequired":true,"valueName":"search_term_string"}}],"inLanguage":"ko-KR"},{"@type":"Organization","@id":"https:\/\/www.dataslatitudes.com\/sosuniversal\/ko\/#organization","name":"DATASLATITUDES","url":"https:\/\/www.dataslatitudes.com\/sosuniversal\/ko\/","logo":{"@type":"ImageObject","inLanguage":"ko-KR","@id":"https:\/\/www.dataslatitudes.com\/sosuniversal\/ko\/#\/schema\/logo\/image\/","url":"https:\/\/www.dataslatitudes.com\/sosuniversal\/wp-content\/uploads\/2025\/07\/logo_mrdv.png","contentUrl":"https:\/\/www.dataslatitudes.com\/sosuniversal\/wp-content\/uploads\/2025\/07\/logo_mrdv.png","width":72,"height":72,"caption":"DATASLATITUDES"},"image":{"@id":"https:\/\/www.dataslatitudes.com\/sosuniversal\/ko\/#\/schema\/logo\/image\/"}}]}},"_links":{"self":[{"href":"https:\/\/www.dataslatitudes.com\/sosuniversal\/ko\/wp-json\/wp\/v2\/pages\/187","targetHints":{"allow":["GET"]}}],"collection":[{"href":"https:\/\/www.dataslatitudes.com\/sosuniversal\/ko\/wp-json\/wp\/v2\/pages"}],"about":[{"href":"https:\/\/www.dataslatitudes.com\/sosuniversal\/ko\/wp-json\/wp\/v2\/types\/page"}],"author":[{"embeddable":true,"href":"https:\/\/www.dataslatitudes.com\/sosuniversal\/ko\/wp-json\/wp\/v2\/users\/1"}],"replies":[{"embeddable":true,"href":"https:\/\/www.dataslatitudes.com\/sosuniversal\/ko\/wp-json\/wp\/v2\/comments?post=187"}],"version-history":[{"count":47,"href":"https:\/\/www.dataslatitudes.com\/sosuniversal\/ko\/wp-json\/wp\/v2\/pages\/187\/revisions"}],"predecessor-version":[{"id":1050,"href":"https:\/\/www.dataslatitudes.com\/sosuniversal\/ko\/wp-json\/wp\/v2\/pages\/187\/revisions\/1050"}],"up":[{"embeddable":true,"href":"https:\/\/www.dataslatitudes.com\/sosuniversal\/ko\/wp-json\/wp\/v2\/pages\/14"}],"wp:attachment":[{"href":"https:\/\/www.dataslatitudes.com\/sosuniversal\/ko\/wp-json\/wp\/v2\/media?parent=187"}],"curies":[{"name":"wp","href":"https:\/\/api.w.org\/{rel}","templated":true}]}}