{"id":185,"date":"2025-06-12T17:24:48","date_gmt":"2025-06-12T17:24:48","guid":{"rendered":"https:\/\/www.dataslatitudes.com\/sosuniversal\/index.php\/politique-de-confidentialite\/"},"modified":"2025-08-14T10:02:03","modified_gmt":"2025-08-14T10:02:03","slug":"mentions-legales","status":"publish","type":"page","link":"https:\/\/www.dataslatitudes.com\/sosuniversal\/ko\/mentions-legales\/","title":{"rendered":"\ubc95\uc801 \uace0\uc9c0"},"content":{"rendered":"\r\n<p class=\"has-small-font-size\"><\/p>\r\n\r\n\r\n\r\n<h1 class=\"wp-block-heading has-text-align-center has-medium-font-size\"><strong>\ubc95\uc801 \uace0\uc9c0<\/strong><\/h1>\r\n\r\n\r\n\r\n<h2 class=\"wp-block-heading has-background\" style=\"background-color:#f9f3eb;margin-top:var(--wp--preset--spacing--20);margin-bottom:var(--wp--preset--spacing--20);padding-top:var(--wp--preset--spacing--30);padding-bottom:var(--wp--preset--spacing--30);font-size:1.2rem\">1. \uc571 \ubc1c\ud589\uc790 \uc815\ubcf4<\/h2>\r\n\r\n\r\n\r\n<p style=\"margin-top:0;margin-bottom:0;font-size:1rem\">\ubcf8 \uc6f9\uc0ac\uc774\ud2b8\uc640 SOS Universal \ubaa8\ubc14\uc77c \uc560\ud50c\ub9ac\ucf00\uc774\uc158\uc740 DATASLATITUDES \ud68c\uc0ac\uc5d0\uc11c \ubc1c\ud589\ud569\ub2c8\ub2e4.<\/p>\r\n\r\n\r\n\r\n<p style=\"font-size:1rem\">\ub2e4\uc74c \uc774\uba54\uc77c \uc8fc\uc18c\ub85c \uc9c0\uc6d0\uc744 \uc694\uccad\ud560 \uc218 \uc788\uc2b5\ub2c8\ub2e4: <strong>hotline.sos_universal@dataslatitudes.com<\/strong><\/p>\r\n\r\n\r\n\r\n<h2 class=\"wp-block-heading has-background\" style=\"background-color:#f9f3eb;margin-top:var(--wp--preset--spacing--20);margin-bottom:var(--wp--preset--spacing--20);padding-top:var(--wp--preset--spacing--30);padding-bottom:var(--wp--preset--spacing--30);font-size:1.2rem\">2. \ud638\uc2a4\ud305<\/h2>\r\n\r\n\r\n\r\n<p style=\"margin-top:0;margin-bottom:0\">SOS Universal\uc740 \ub2e4\uc6b4\ub85c\ub4dc \ud50c\ub7ab\ud3fc(Google Play \uc2a4\ud1a0\uc5b4 \ubc0f \uace7 \ucd9c\uc2dc\ub420 App Store)\uc744 \ud1b5\ud574 \ubc30\ud3ec\ub418\ub294 \ubaa8\ubc14\uc77c \uc560\ud50c\ub9ac\ucf00\uc774\uc158\uc785\ub2c8\ub2e4. \uc0ac\uc6a9\uc790 \ub370\uc774\ud130\ub294 \uc804\uc801\uc73c\ub85c \uc0ac\uc6a9\uc790\uc758 \uae30\uae30\uc5d0 \ub85c\uceec\ub85c \uc800\uc7a5\ub429\ub2c8\ub2e4.<\/p>\r\n\r\n\r\n\r\n<p style=\"margin-top:0;margin-bottom:0;padding-top:0;padding-bottom:0\">\ubc30\ud3ec \ud50c\ub7ab\ud3fc \uc11c\ubc84\ub294 \uc560\ud50c\ub9ac\ucf00\uc774\uc158 \uc124\uce58 \ud30c\uc77c\uc744 \ud638\uc2a4\ud305\ud569\ub2c8\ub2e4.<\/p>\r\n\r\n\r\n\r\n<ul style=\"margin-top:0;margin-bottom:0\" class=\"wp-block-list\">\r\n<li style=\"margin-top:0;margin-bottom:0;padding-top:var(--wp--preset--spacing--20);padding-bottom:var(--wp--preset--spacing--20)\">\ubaa8\ubc14\uc77c \uc571 \ud638\uc2a4\ud305 \uc81c\uacf5\uc5c5\uccb4:\r\n<ul class=\"wp-block-list\">\r\n<li style=\"margin-top:0;margin-bottom:0\"><strong>Android\uc6a9: <\/strong>Google LLC, 1600 Amphitheatre Parkway, Mountain View, CA 94043, USA<\/li>\r\n\r\n\r\n\r\n<li><strong>iOS\uc6a9: <\/strong>Apple Inc., One Apple Park Way, Cupertino, CA 95014, USA<\/li>\r\n<\/ul>\r\n<\/li>\r\n\r\n\r\n\r\n<li>\uc774 \uc6f9\uc0ac\uc774\ud2b8\uc758 \ud638\uc2a4\ud305 \uc81c\uacf5\uc5c5\uccb4: <strong>AlwaysData<\/strong>, 91 Rue du Faubourg Saint-Honor\u00e9, 75008 Paris<\/li>\r\n<\/ul>\r\n\r\n\r\n\r\n<p class=\"has-small-font-size\"><\/p>\r\n\r\n\r\n\r\n<h2 class=\"wp-block-heading has-background\" style=\"background-color:#f9f3eb;margin-top:var(--wp--preset--spacing--20);margin-bottom:var(--wp--preset--spacing--20);padding-top:var(--wp--preset--spacing--30);padding-bottom:var(--wp--preset--spacing--30);font-size:1.2rem\">3. \uc9c0\uc801 \uc7ac\uc0b0\uad8c<\/h2>\r\n\r\n\r\n\r\n<p style=\"margin-top:0;margin-bottom:0\">\uc774 \uc6f9\uc0ac\uc774\ud2b8\uc640 SOS Universal \uc571 \uc804\uccb4(\uad6c\uc870, \uc778\ud130\ud398\uc774\uc2a4, \uc18c\uc2a4 \ucf54\ub4dc, \uadf8\ub798\ud53d \ub514\uc790\uc778, \uc544\uc774\ucf58, \ud14d\uc2a4\ud2b8, \uc774\ubbf8\uc9c0 \ubc0f \uae30\ud0c0 \ubaa8\ub4e0 \ucf58\ud150\uce20 \ud3ec\ud568)\ub294 \ubc1c\ud589\uc790\uc778 DATASLATITUDES\uc758 \ub3c5\uc810 \uc7ac\uc0b0\uc785\ub2c8\ub2e4.<\/p>\r\n\r\n\r\n\r\n<p style=\"margin-top:var(--wp--preset--spacing--30);margin-bottom:var(--wp--preset--spacing--30)\">\uc571\uc774\ub098 \uadf8 \ub0b4\uc6a9 \ub610\ub294 \uc6f9\uc0ac\uc774\ud2b8\uc758 \uc804\uccb4 \ub610\ub294 \uc77c\ubd80\ub97c \uc5b4\ub5a0\ud55c \uc808\ucc28\ub098 \ub9e4\uccb4\ub97c \ud1b5\ud574\uc11c\ub3c4 \ubcf5\uc81c, \ud45c\ud604, \uc218\uc815, \ubc1c\ud589, \uc804\uc1a1 \ub610\ub294 \uc65c\uace1\ud558\ub294 \uac83\uc740 \uc5c4\uaca9\ud788 \uae08\uc9c0\ub429\ub2c8\ub2e4.<\/p>\r\n\r\n\r\n\r\n<p>\uc6f9\uc0ac\uc774\ud2b8, \uc560\ud50c\ub9ac\ucf00\uc774\uc158 \ub610\ub294 \uadf8 \uad6c\uc131 \uc694\uc18c \uc911 \uc5b4\ub290 \ud558\ub098\ub77c\ub3c4 \ubb34\ub2e8\uc73c\ub85c \uc0ac\uc6a9\ud558\ub294 \uac83\uc740 \uc704\uc870\uc5d0 \ud574\ub2f9\ud558\uba70 \ud615\uc0ac \uc18c\ucd94\ub420 \uc218 \uc788\uc2b5\ub2c8\ub2e4.<\/p>\r\n\r\n\r\n\r\n<h2 class=\"wp-block-heading has-background\" style=\"background-color:#f9f3eb;margin-top:var(--wp--preset--spacing--20);margin-bottom:var(--wp--preset--spacing--20);padding-top:var(--wp--preset--spacing--30);padding-bottom:var(--wp--preset--spacing--30);font-size:1.2rem\">4. \uc678\ubd80 \ub9c1\ud06c<\/h2>\r\n\r\n\r\n\r\n<p style=\"margin-top:0;margin-bottom:0\">\uc560\ud50c\ub9ac\ucf00\uc774\uc158\uc740 \uc9c0\ub9ac\uc801 \uc704\uce58 \ud30c\uc545\uc744 \uc704\ud574 GoogleMaps (\ub610\ub294 OpenStreetMap)\ub97c \ud3ec\ud568\ud55c \uc81c3\uc790 \uc0ac\uc774\ud2b8 \ub610\ub294 \uc11c\ube44\uc2a4\uc5d0 \ub300\ud55c \ud558\uc774\ud37c\ub9c1\ud06c\ub97c \ud3ec\ud568\ud560 \uc218 \uc788\uc2b5\ub2c8\ub2e4. \uac8c\uc2dc\uc790\ub294 \uc774\ub7ec\ud55c \uc81c3\uc790 \uc0ac\uc774\ud2b8\uc758 \ucf58\ud150\uce20 \ub610\ub294 \uadf8\ub4e4\uc774 \uc801\uc6a9\ud558\ub294 \uac1c\uc778 \uc815\ubcf4 \ubcf4\ud638 \uad00\ud589\uc5d0 \ub300\ud574 \ucc45\uc784\uc744 \uc9c0\uc9c0 \uc54a\uc2b5\ub2c8\ub2e4. \uc0ac\uc6a9\uc790\ub294 \uc774\ub4e4 \uc0ac\uc774\ud2b8 \ub610\ub294 \uc11c\ube44\uc2a4\uc758 \uc77c\ubc18 \uc57d\uad00 \ubc0f \uac1c\uc778 \uc815\ubcf4 \ubcf4\ud638 \uc815\ucc45\uc744 \uac80\ud1a0\ud558\ub3c4\ub85d \uad8c\uc7a5\ub429\ub2c8\ub2e4.<\/p>\r\n\r\n\r\n\r\n<p class=\"has-small-font-size\"><\/p>\r\n\r\n\r\n\r\n<h2 class=\"wp-block-heading has-background\" style=\"background-color:#f9f3eb;margin-top:var(--wp--preset--spacing--20);margin-bottom:var(--wp--preset--spacing--20);padding-top:var(--wp--preset--spacing--30);padding-bottom:var(--wp--preset--spacing--30);font-size:1.2rem\">5. \ucc45\uc784<\/h2>\r\n\r\n\r\n\r\n<p style=\"margin-top:0;margin-bottom:0\">\ubc1c\ud589\uc0ac\ub294 \uc560\ud50c\ub9ac\ucf00\uc774\uc158\uc758 \uc815\ubcf4\uc640 \uae30\ub2a5\uc758 \uc2e0\ub8b0\uc131\uacfc \uc815\ud655\uc131\uc744 \ubcf4\uc7a5\ud558\uae30 \uc704\ud574 \ub178\ub825\ud569\ub2c8\ub2e4. \uadf8\ub7ec\ub098 \ubc1c\ud589\uc0ac\ub294 \uc560\ud50c\ub9ac\ucf00\uc774\uc158\uc5d0 \uc624\ub958, \ubc84\uadf8 \ub610\ub294 \uc911\ub2e8\uc774 \uc5c6\uc744 \uac83\uc774\ub77c\uace0 \ubcf4\uc7a5\ud560 \uc218 \uc5c6\uc2b5\ub2c8\ub2e4.<br><strong>\uc911\uc694 \uacf5\uc9c0: <\/strong>SOS Universal \uc571\uc740 \ubcf4\uc870 \ub3c4\uad6c\uc77c \ubfd0\uc785\ub2c8\ub2e4. <strong>\uc5b4\ub5a0\ud55c \uacbd\uc6b0\uc5d0\ub3c4 \uacf5\uc2dd \uae34\uae09 \uc11c\ube44\uc2a4\ub97c \ub300\uccb4\ud558\uc9c0 \uc54a\uc2b5\ub2c8\ub2e4. <\/strong>\ubc1c\ud589\uc790\ub294 \uc571\uc758 \uc624\uc6a9 \ub610\ub294 \ud1b5\uc2e0 \uc11c\ube44\uc2a4(\ubaa8\ubc14\uc77c \ub124\ud2b8\uc6cc\ud06c, SMS)\uc758 \uc624\uc791\ub3d9\uc5d0 \ub300\ud574 \uc5b4\ub5a0\ud55c \ucc45\uc784\ub3c4 \uc9c0\uc9c0 \uc54a\uc2b5\ub2c8\ub2e4. \uc774\ub294 \ubc1c\ud589\uc790\uc758 \ud1b5\uc81c \ubc94\uc704\ub97c \ubc97\uc5b4\ub0a9\ub2c8\ub2e4.<\/p>\r\n\r\n\r\n\r\n<p class=\"has-small-font-size\"><\/p>\r\n\r\n\r\n\r\n<h2 class=\"wp-block-heading has-background\" style=\"background-color:#f9f3eb;margin-top:var(--wp--preset--spacing--20);margin-bottom:var(--wp--preset--spacing--20);padding-top:var(--wp--preset--spacing--30);padding-bottom:var(--wp--preset--spacing--30);font-size:1.2rem\">6. \ud06c\ub808\ub527 (\uc774 \uc6f9\uc0ac\uc774\ud2b8 \ubc0f SOS Universal \uc571\uc6a9)<\/h2>\r\n\r\n\r\n\r\n<ul style=\"margin-top:0;margin-bottom:0;padding-top:0;padding-bottom:0\" class=\"wp-block-list\">\r\n<li style=\"margin-top:0;margin-bottom:0;padding-top:0;padding-bottom:0\"><strong>\uc5f0\uad6c \ubc0f \uc124\uacc4: <\/strong>DATASLATITUDES<\/li>\r\n\r\n\r\n\r\n<li><strong>\uac1c\ubc1c: <\/strong>DATASLATITUDES<\/li>\r\n<\/ul>\r\n\r\n\r\n\r\n<p class=\"has-medium-font-size\"><\/p>\r\n\r\n\r\n\r\n<p class=\"has-medium-font-size\"><\/p>\r\n","protected":false},"excerpt":{"rendered":"<p>\ubc95\uc801 \uace0\uc9c0 1. \uc571 \ubc1c\ud589\uc790 \uc815\ubcf4 \ubcf8 \uc6f9\uc0ac\uc774\ud2b8\uc640 SOS Universal \ubaa8\ubc14\uc77c \uc560\ud50c\ub9ac\ucf00\uc774\uc158\uc740 DATASLATITUDES \ud68c\uc0ac\uc5d0\uc11c \ubc1c\ud589\ud569\ub2c8\ub2e4. \ub2e4\uc74c \uc774\uba54\uc77c \uc8fc\uc18c\ub85c \uc9c0\uc6d0\uc744 \uc694\uccad\ud560 [&hellip;]<\/p>\n","protected":false},"author":1,"featured_media":0,"parent":0,"menu_order":5,"comment_status":"closed","ping_status":"closed","template":"","meta":{"site-sidebar-layout":"default","site-content-layout":"","ast-site-content-layout":"default","site-content-style":"default","site-sidebar-style":"default","ast-global-header-display":"","ast-banner-title-visibility":"","ast-main-header-display":"","ast-hfb-above-header-display":"","ast-hfb-below-header-display":"","ast-hfb-mobile-header-display":"","site-post-title":"disabled","ast-breadcrumbs-content":"","ast-featured-img":"","footer-sml-layout":"","theme-transparent-header-meta":"","adv-header-id-meta":"","stick-header-meta":"","header-above-stick-meta":"","header-main-stick-meta":"","header-below-stick-meta":"","astra-migrate-meta-layouts":"default","ast-page-background-enabled":"default","ast-page-background-meta":{"desktop":{"background-color":"var(--ast-global-color-5)","background-image":"","background-repeat":"repeat","background-position":"center center","background-size":"auto","background-attachment":"scroll","background-type":"","background-media":"","overlay-type":"","overlay-color":"","overlay-opacity":"","overlay-gradient":""},"tablet":{"background-color":"","background-image":"","background-repeat":"repeat","background-position":"center center","background-size":"auto","background-attachment":"scroll","background-type":"","background-media":"","overlay-type":"","overlay-color":"","overlay-opacity":"","overlay-gradient":""},"mobile":{"background-color":"","background-image":"","background-repeat":"repeat","background-position":"center center","background-size":"auto","background-attachment":"scroll","background-type":"","background-media":"","overlay-type":"","overlay-color":"","overlay-opacity":"","overlay-gradient":""}},"ast-content-background-meta":{"desktop":{"background-color":"var(--ast-global-color-4)","background-image":"","background-repeat":"repeat","background-position":"center center","background-size":"auto","background-attachment":"scroll","background-type":"","background-media":"","overlay-type":"","overlay-color":"","overlay-opacity":"","overlay-gradient":""},"tablet":{"background-color":"var(--ast-global-color-4)","background-image":"","background-repeat":"repeat","background-position":"center center","background-size":"auto","background-attachment":"scroll","background-type":"","background-media":"","overlay-type":"","overlay-color":"","overlay-opacity":"","overlay-gradient":""},"mobile":{"background-color":"var(--ast-global-color-4)","background-image":"","background-repeat":"repeat","background-position":"center center","background-size":"auto","background-attachment":"scroll","background-type":"","background-media":"","overlay-type":"","overlay-color":"","overlay-opacity":"","overlay-gradient":""}},"footnotes":""},"class_list":["post-185","page","type-page","status-publish","hentry"],"yoast_head":"<!-- This site is optimized with the Yoast SEO plugin v25.6 - https:\/\/yoast.com\/wordpress\/plugins\/seo\/ -->\n<title>\ubc95\uc801 \uace0\uc9c0<\/title>\n<meta name=\"description\" content=\"\uc774 \ubc95\uc801 \uace0\uc9c0\ub294 \uc571 \ubc1c\ud589\uc790 \uc815\ubcf4, \ud638\uc2a4\ud305, \uc9c0\uc801 \uc7ac\uc0b0\uad8c, \uc678\ubd80 \ub9c1\ud06c, \ucc45\uc784 \ubc0f DATASLATITUDES\uc758 \ud06c\ub808\ub527(\ubcf8 \uc6f9\uc0ac\uc774\ud2b8 \ubc0f SOS Universal \uc571\uc6a9)\uc5d0 \uad00\ub828\ub41c \uce21\uba74\uc744 \uc694\uc57d\ud569\ub2c8\ub2e4.\" \/>\n<meta name=\"robots\" content=\"index, follow, max-snippet:-1, max-image-preview:large, max-video-preview:-1\" \/>\n<link rel=\"canonical\" href=\"\" \/>\n<meta property=\"og:locale\" content=\"ko_KR\" \/>\n<meta property=\"og:type\" content=\"article\" \/>\n<meta property=\"og:title\" content=\"\ubc95\uc801 \uace0\uc9c0\" \/>\n<meta property=\"og:description\" content=\"\uc774 \ubc95\uc801 \uace0\uc9c0\ub294 \uc571 \ubc1c\ud589\uc790 \uc815\ubcf4, \ud638\uc2a4\ud305, \uc9c0\uc801 \uc7ac\uc0b0\uad8c, \uc678\ubd80 \ub9c1\ud06c, \ucc45\uc784 \ubc0f DATASLATITUDES\uc758 \ud06c\ub808\ub527(\ubcf8 \uc6f9\uc0ac\uc774\ud2b8 \ubc0f SOS Universal \uc571\uc6a9)\uc5d0 \uad00\ub828\ub41c \uce21\uba74\uc744 \uc694\uc57d\ud569\ub2c8\ub2e4.\" \/>\n<meta property=\"og:url\" content=\"https:\/\/www.dataslatitudes.com\/sosuniversal\/ko\/mentions-legales\/\" \/>\n<meta property=\"og:site_name\" content=\"SOS Universal\" \/>\n<meta property=\"article:modified_time\" content=\"2025-08-14T10:02:03+00:00\" \/>\n<meta name=\"twitter:card\" content=\"summary_large_image\" \/>\n<meta name=\"twitter:label1\" content=\"\uc608\uc0c1 \ub418\ub294 \ud310\ub3c5 \uc2dc\uac04\" \/>\n\t<meta name=\"twitter:data1\" content=\"3\ubd84\" \/>\n<script type=\"application\/ld+json\" class=\"yoast-schema-graph\">{\"@context\":\"https:\/\/schema.org\",\"@graph\":[{\"@type\":\"WebPage\",\"@id\":\"https:\/\/www.dataslatitudes.com\/sosuniversal\/ko\/mentions-legales\/\",\"url\":\"https:\/\/www.dataslatitudes.com\/sosuniversal\/ko\/mentions-legales\/\",\"name\":\"Mentions l\u00e9gales - SOS Universal\",\"isPartOf\":{\"@id\":\"https:\/\/www.dataslatitudes.com\/sosuniversal\/#website\"},\"datePublished\":\"2025-06-12T17:24:48+00:00\",\"dateModified\":\"2025-08-14T10:02:03+00:00\",\"description\":\"Les pr\u00e9sentes mentions l\u00e9gales r\u00e9capitulent les aspects relatifs aux informations sur l\u2019\u00e9diteur de l\u2019application, l'h\u00e9bergement, la propri\u00e9t\u00e9 Intellectuelle, les liens externes, la responsabilit\u00e9 et les cr\u00e9dits de DATASLATITUDES (pour le pr\u00e9sent site Web et l\u2019application SOS Universal).\",\"breadcrumb\":{\"@id\":\"https:\/\/www.dataslatitudes.com\/sosuniversal\/ko\/mentions-legales\/#breadcrumb\"},\"inLanguage\":\"ko-KR\",\"potentialAction\":[{\"@type\":\"ReadAction\",\"target\":[\"https:\/\/www.dataslatitudes.com\/sosuniversal\/ko\/mentions-legales\/\"]}]},{\"@type\":\"BreadcrumbList\",\"@id\":\"https:\/\/www.dataslatitudes.com\/sosuniversal\/ko\/mentions-legales\/#breadcrumb\",\"itemListElement\":[{\"@type\":\"ListItem\",\"position\":1,\"name\":\"\uc18c\uac1c\",\"item\":\"https:\/\/www.dataslatitudes.com\/sosuniversal\/fr\/\"},{\"@type\":\"ListItem\",\"position\":2,\"name\":\"\ubc95\uc801 \uace0\uc9c0\"}]},{\"@type\":\"WebSite\",\"@id\":\"https:\/\/www.dataslatitudes.com\/sosuniversal\/ko\/#website\",\"url\":\"https:\/\/www.dataslatitudes.com\/sosuniversal\/ko\/\",\"name\":\"SOS Universal\",\"description\":\"\",\"publisher\":{\"@id\":\"https:\/\/www.dataslatitudes.com\/sosuniversal\/ko\/#organization\"},\"potentialAction\":[{\"@type\":\"SearchAction\",\"target\":{\"@type\":\"EntryPoint\",\"urlTemplate\":\"https:\/\/www.dataslatitudes.com\/sosuniversal\/ko\/?s={search_term_string}\"},\"query-input\":{\"@type\":\"PropertyValueSpecification\",\"valueRequired\":true,\"valueName\":\"search_term_string\"}}],\"inLanguage\":\"ko-KR\"},{\"@type\":\"Organization\",\"@id\":\"https:\/\/www.dataslatitudes.com\/sosuniversal\/ko\/#organization\",\"name\":\"DATASLATITUDES\",\"url\":\"https:\/\/www.dataslatitudes.com\/sosuniversal\/ko\/\",\"logo\":{\"@type\":\"ImageObject\",\"inLanguage\":\"ko-KR\",\"@id\":\"https:\/\/www.dataslatitudes.com\/sosuniversal\/ko\/#\/schema\/logo\/image\/\",\"url\":\"https:\/\/www.dataslatitudes.com\/sosuniversal\/wp-content\/uploads\/2025\/07\/logo_mrdv.png\",\"contentUrl\":\"https:\/\/www.dataslatitudes.com\/sosuniversal\/wp-content\/uploads\/2025\/07\/logo_mrdv.png\",\"width\":72,\"height\":72,\"caption\":\"DATASLATITUDES\"},\"image\":{\"@id\":\"https:\/\/www.dataslatitudes.com\/sosuniversal\/ko\/#\/schema\/logo\/image\/\"}}]}<\/script>\n<!-- \/ Yoast SEO plugin. -->","yoast_head_json":{"title":"\ubc95\uc801 \uace0\uc9c0","description":"\uc774 \ubc95\uc801 \uace0\uc9c0\ub294 \uc571 \ubc1c\ud589\uc790 \uc815\ubcf4, \ud638\uc2a4\ud305, \uc9c0\uc801 \uc7ac\uc0b0\uad8c, \uc678\ubd80 \ub9c1\ud06c, \ucc45\uc784 \ubc0f DATASLATITUDES\uc758 \ud06c\ub808\ub527(\ubcf8 \uc6f9\uc0ac\uc774\ud2b8 \ubc0f SOS Universal \uc571\uc6a9)\uc5d0 \uad00\ub828\ub41c \uce21\uba74\uc744 \uc694\uc57d\ud569\ub2c8\ub2e4.","robots":{"index":"index","follow":"follow","max-snippet":"max-snippet:-1","max-image-preview":"max-image-preview:large","max-video-preview":"max-video-preview:-1"},"canonical":"\ubc95\uc801 \uace0\uc9c0 1. \uc571 \ubc1c\ud589\uc790 \uc815\ubcf4 \ubcf8 \uc6f9\uc0ac\uc774\ud2b8\uc640 SOS Universal \ubaa8\ubc14\uc77c \uc560\ud50c\ub9ac\ucf00\uc774\uc158\uc740 DATASLATITUDES \ud68c\uc0ac\uc5d0\uc11c \ubc1c\ud589\ud569\ub2c8\ub2e4. \ub2e4\uc74c \uc774\uba54\uc77c \uc8fc\uc18c\ub85c \uc9c0\uc6d0\uc744 \uc694\uccad\ud560 \uc218 \uc788\uc2b5\ub2c8\ub2e4: hotline.sos_universal@dataslatitudes.com 2. \ud638\uc2a4\ud305 SOS Universal\uc740 \ub2e4\uc6b4\ub85c\ub4dc \ud50c\ub7ab\ud3fc(Google Play \uc2a4\ud1a0\uc5b4 \ubc0f \uace7 \ucd9c\uc2dc\ub420 App Store)\uc744 \ud1b5\ud574 \ubc30\ud3ec\ub418\ub294 \ubaa8\ubc14\uc77c \uc560\ud50c\ub9ac\ucf00\uc774\uc158\uc785\ub2c8\ub2e4. \uc0ac\uc6a9\uc790 \ub370\uc774\ud130\ub294 \uc804\uc801\uc73c\ub85c \uc0ac\uc6a9\uc790\uc758 \uae30\uae30\uc5d0 \ub85c\uceec\ub85c \uc800\uc7a5\ub429\ub2c8\ub2e4. \ubc30\ud3ec \ud50c\ub7ab\ud3fc \uc11c\ubc84\ub294 \uc560\ud50c\ub9ac\ucf00\uc774\uc158 \uc124\uce58 \ud30c\uc77c\uc744 \ud638\uc2a4\ud305\ud569\ub2c8\ub2e4. \ubaa8\ubc14\uc77c&hellip;","og_locale":"ko_KR","og_type":"article","og_title":"\ubc95\uc801 \uace0\uc9c0","og_description":"\uc774 \ubc95\uc801 \uace0\uc9c0\ub294 \uc571 \ubc1c\ud589\uc790 \uc815\ubcf4, \ud638\uc2a4\ud305, \uc9c0\uc801 \uc7ac\uc0b0\uad8c, \uc678\ubd80 \ub9c1\ud06c, \ucc45\uc784 \ubc0f DATASLATITUDES\uc758 \ud06c\ub808\ub527(\ubcf8 \uc6f9\uc0ac\uc774\ud2b8 \ubc0f SOS Universal \uc571\uc6a9)\uc5d0 \uad00\ub828\ub41c \uce21\uba74\uc744 \uc694\uc57d\ud569\ub2c8\ub2e4.","og_url":"https:\/\/www.dataslatitudes.com\/sosuniversal\/ko\/mentions-legales\/","og_site_name":"SOS Universal","article_modified_time":"2025-08-14T10:02:03+00:00","twitter_card":"summary_large_image","twitter_misc":{"\uc608\uc0c1 \ub418\ub294 \ud310\ub3c5 \uc2dc\uac04":"3\ubd84"},"schema":{"@context":"https:\/\/schema.org","@graph":[{"@type":"WebPage","@id":"https:\/\/www.dataslatitudes.com\/sosuniversal\/ko\/mentions-legales\/","url":"https:\/\/www.dataslatitudes.com\/sosuniversal\/ko\/mentions-legales\/","name":"Mentions l\u00e9gales - SOS Universal","isPartOf":{"@id":"https:\/\/www.dataslatitudes.com\/sosuniversal\/#website"},"datePublished":"2025-06-12T17:24:48+00:00","dateModified":"2025-08-14T10:02:03+00:00","description":"Les pr\u00e9sentes mentions l\u00e9gales r\u00e9capitulent les aspects relatifs aux informations sur l\u2019\u00e9diteur de l\u2019application, l'h\u00e9bergement, la propri\u00e9t\u00e9 Intellectuelle, les liens externes, la responsabilit\u00e9 et les cr\u00e9dits de DATASLATITUDES (pour le pr\u00e9sent site Web et l\u2019application SOS Universal).","breadcrumb":{"@id":"https:\/\/www.dataslatitudes.com\/sosuniversal\/ko\/mentions-legales\/#breadcrumb"},"inLanguage":"ko-KR","potentialAction":[{"@type":"ReadAction","target":["https:\/\/www.dataslatitudes.com\/sosuniversal\/ko\/mentions-legales\/"]}]},{"@type":"BreadcrumbList","@id":"https:\/\/www.dataslatitudes.com\/sosuniversal\/ko\/mentions-legales\/#breadcrumb","itemListElement":[{"@type":"ListItem","position":1,"name":"\uc18c\uac1c","item":"https:\/\/www.dataslatitudes.com\/sosuniversal\/fr\/"},{"@type":"ListItem","position":2,"name":"\ubc95\uc801 \uace0\uc9c0"}]},{"@type":"WebSite","@id":"https:\/\/www.dataslatitudes.com\/sosuniversal\/ko\/#website","url":"https:\/\/www.dataslatitudes.com\/sosuniversal\/ko\/","name":"SOS Universal","description":"","publisher":{"@id":"https:\/\/www.dataslatitudes.com\/sosuniversal\/ko\/#organization"},"potentialAction":[{"@type":"SearchAction","target":{"@type":"EntryPoint","urlTemplate":"https:\/\/www.dataslatitudes.com\/sosuniversal\/ko\/?s={search_term_string}"},"query-input":{"@type":"PropertyValueSpecification","valueRequired":true,"valueName":"search_term_string"}}],"inLanguage":"ko-KR"},{"@type":"Organization","@id":"https:\/\/www.dataslatitudes.com\/sosuniversal\/ko\/#organization","name":"DATASLATITUDES","url":"https:\/\/www.dataslatitudes.com\/sosuniversal\/ko\/","logo":{"@type":"ImageObject","inLanguage":"ko-KR","@id":"https:\/\/www.dataslatitudes.com\/sosuniversal\/ko\/#\/schema\/logo\/image\/","url":"https:\/\/www.dataslatitudes.com\/sosuniversal\/wp-content\/uploads\/2025\/07\/logo_mrdv.png","contentUrl":"https:\/\/www.dataslatitudes.com\/sosuniversal\/wp-content\/uploads\/2025\/07\/logo_mrdv.png","width":72,"height":72,"caption":"DATASLATITUDES"},"image":{"@id":"https:\/\/www.dataslatitudes.com\/sosuniversal\/ko\/#\/schema\/logo\/image\/"}}]}},"_links":{"self":[{"href":"https:\/\/www.dataslatitudes.com\/sosuniversal\/ko\/wp-json\/wp\/v2\/pages\/185","targetHints":{"allow":["GET"]}}],"collection":[{"href":"https:\/\/www.dataslatitudes.com\/sosuniversal\/ko\/wp-json\/wp\/v2\/pages"}],"about":[{"href":"https:\/\/www.dataslatitudes.com\/sosuniversal\/ko\/wp-json\/wp\/v2\/types\/page"}],"author":[{"embeddable":true,"href":"https:\/\/www.dataslatitudes.com\/sosuniversal\/ko\/wp-json\/wp\/v2\/users\/1"}],"replies":[{"embeddable":true,"href":"https:\/\/www.dataslatitudes.com\/sosuniversal\/ko\/wp-json\/wp\/v2\/comments?post=185"}],"version-history":[{"count":29,"href":"https:\/\/www.dataslatitudes.com\/sosuniversal\/ko\/wp-json\/wp\/v2\/pages\/185\/revisions"}],"predecessor-version":[{"id":2930,"href":"https:\/\/www.dataslatitudes.com\/sosuniversal\/ko\/wp-json\/wp\/v2\/pages\/185\/revisions\/2930"}],"wp:attachment":[{"href":"https:\/\/www.dataslatitudes.com\/sosuniversal\/ko\/wp-json\/wp\/v2\/media?parent=185"}],"curies":[{"name":"wp","href":"https:\/\/api.w.org\/{rel}","templated":true}]}}