{"id":246,"date":"2025-06-13T07:09:52","date_gmt":"2025-06-13T07:09:52","guid":{"rendered":"https:\/\/www.dataslatitudes.com\/sosuniversal\/index.php\/mode-emploi\/mode-demploi-parametres\/"},"modified":"2025-07-21T16:04:04","modified_gmt":"2025-07-21T16:04:04","slug":"mode-emploi-historique-enregistrement-audio","status":"publish","type":"page","link":"https:\/\/www.dataslatitudes.com\/sosuniversal\/ja\/ecran-principal\/mode-emploi-historique-enregistrement-audio\/","title":{"rendered":"\u5c65\u6b74\u3068\u97f3\u58f0\u9332\u97f3"},"content":{"rendered":"\r\n<p class=\"has-small-font-size\"><\/p>\r\n\r\n\r\n\r\n<h1 class=\"wp-block-heading has-text-align-center has-medium-font-size\" style=\"margin-top:var(--wp--preset--spacing--30);margin-bottom:var(--wp--preset--spacing--30)\"><strong>\u30a2\u30e9\u30fc\u30c8\u5c65\u6b74<\/strong><\/h1>\r\n\r\n\r\n\r\n<p style=\"font-size:1rem\">\u767a\u4fe1\u3055\u308c\u305f\u6700\u65b050\u4ef6\u306e\u30a2\u30e9\u30fc\u30c8\u306f\u3001\u3059\u3079\u3066\u306e\u7279\u5fb4\u3068\u3068\u3082\u306b\u5c65\u6b74\u306b\u8a18\u9332\u3055\u308c\u307e\u3059\u3002<\/p>\r\n\r\n\r\n\r\n<div class=\"wp-block-columns is-layout-flex wp-container-core-columns-is-layout-ec2e7a44 wp-block-columns-is-layout-flex\" style=\"padding-top:0;padding-bottom:0\">\r\n<div class=\"wp-block-column is-layout-flow wp-block-column-is-layout-flow\" style=\"flex-basis:33.33%\">\r\n<figure class=\"wp-block-image aligncenter size-large is-resized\"><img decoding=\"async\" src=\"http:\/\/www.dataslatitudes.com\/sosuniversal\/wp-content\/uploads\/ja_historique_alerte_puce-459x1024.webp\" alt=\"SOS Universal - \u30a2\u30e9\u30fc\u30c8\u5c65\u6b74\" class=\"wp-image-402\" style=\"width:273px\"\/><\/figure>\r\n<\/div>\r\n\r\n\r\n\r\n<div class=\"wp-block-column is-layout-flow wp-block-column-is-layout-flow\" style=\"padding-top:0;padding-bottom:0;flex-basis:66.66%\">\r\n<p style=\"font-size:1rem\">\uff081\uff09\u8981\u6c42\u3055\u308c\u305f\u9023\u7d61\u5148\u306e\u59d3\u3068\u540d<br>\uff082\uff09\u30a2\u30e9\u30fc\u30c8\u30c8\u30ea\u30ac\u30fc\u306e\u65e5\u6642<br>\uff083\uff09\u30a2\u30e9\u30fc\u30c8\u306e\u5185\u5bb9\u3092\u307e\u3068\u3081\u305f\u30a2\u30a4\u30b3\u30f3\uff08\u4f8b\uff1a\u96fb\u8a71\u3001\u5730\u7406\u4f4d\u7f6e\u60c5\u5831\u3068\u4f4f\u6240\u3092\u542b\u3080SMS\u306e\u9001\u4fe1\u3001\u97f3\u58f0\u9332\u97f3\u3001\u97f3\u97ff\u30a2\u30e9\u30fc\u30e0\uff09<br>\uff084\uff09\u4f7f\u7528\u3055\u308c\u3066\u3044\u308b\u30a2\u30e9\u30fc\u30c8\u30e2\u30fc\u30c9\u3068\u305d\u306e\u30d1\u30e9\u30e1\u30fc\u30bf<br>\uff085\uff09\u30a2\u30e9\u30fc\u30c8\u5c65\u6b74\u5168\u4f53\u306e\u524a\u9664<\/p>\r\n\r\n\r\n\r\n<p>\u65e5\u4ed8\u306fYYYY-MM-DD\u5f62\u5f0f\uff08\u56fd\u969b\u898f\u683cISO 8601\uff09\u3067\u8868\u73fe\u3055\u308c\u307e\u3059\u3002<\/p>\r\n<\/div>\r\n<\/div>\r\n\r\n\r\n\r\n<p class=\"has-small-font-size\"><\/p>\r\n\r\n\r\n\r\n<h2 class=\"wp-block-heading has-text-align-center has-medium-font-size\" style=\"margin-top:var(--wp--preset--spacing--30);margin-bottom:var(--wp--preset--spacing--30)\"><strong>\u97f3\u58f0\u9332\u97f3<\/strong><\/h2>\r\n\r\n\r\n\r\n<p style=\"font-size:1rem\">\u30b9\u30de\u30fc\u30c8\u30d5\u30a9\u30f3\u306e\u30c0\u30a6\u30f3\u30ed\u30fc\u30c9\u30c7\u30a3\u30ec\u30af\u30c8\u30ea\u306b\u6700\u5927200\u4ef6\u306e\u97f3\u58f0\u9332\u97f3\u3092\u4fdd\u5b58\u3067\u304d\u307e\u3059\u3002\u5404\u9332\u97f3\u306b\u306f\u30bf\u30a4\u30e0\u30b9\u30bf\u30f3\u30d7\u304c\u4ed8\u3044\u3066\u304a\u308a\u3001\u805e\u304f\u3001\u540d\u524d\u3092\u5909\u66f4\u3059\u308b\u3001\u524a\u9664\u3059\u308b\u3053\u3068\u304c\u3067\u304d\u307e\u3059\u3002<\/p>\r\n\r\n\r\n\r\n<div class=\"wp-block-columns is-layout-flex wp-container-core-columns-is-layout-ec2e7a44 wp-block-columns-is-layout-flex\" style=\"padding-top:0;padding-bottom:0\">\r\n<div class=\"wp-block-column is-layout-flow wp-block-column-is-layout-flow\" style=\"flex-basis:33.33%\">\r\n<figure class=\"wp-block-image aligncenter size-large is-resized\"><img decoding=\"async\" src=\"http:\/\/www.dataslatitudes.com\/sosuniversal\/wp-content\/uploads\/ja_enregistrement_audio_puce-459x1024.webp\" alt=\"SOS Universal - \u97f3\u58f0\u9332\u97f3\u7ba1\u7406\" class=\"wp-image-403\" style=\"width:273px\"\/><\/figure>\r\n<\/div>\r\n\r\n\r\n\r\n<div class=\"wp-block-column is-layout-flow wp-block-column-is-layout-flow\" style=\"flex-basis:66.66%\">\r\n<p style=\"font-size:1rem\">\uff081\uff09\u9332\u97f3\u540d<br>\uff082\uff09\u9332\u97f3\u306e\u65e5\u4ed8\u3001\u6642\u523b\u3001\u30b5\u30a4\u30ba<br>\uff083\uff09\u524a\u9664\u6a5f\u80fd<br>\uff084\uff09\u30d5\u30a1\u30a4\u30eb\u540d\u5909\u66f4\u6a5f\u80fd<br>\uff085\uff09\u9332\u97f3\u306e\u518d\u751f\u307e\u305f\u306f\u518d\u751f\u306e\u505c\u6b62<br>\uff086\uff095\u79d2\u623b\u308b<br>\uff087\uff095\u79d2\u9032\u3080<br>\uff088\uff09\u518d\u751f\u9032\u884c\u72b6\u6cc1\u30ab\u30fc\u30bd\u30eb<br>\uff089\uff09\u9332\u97f3\u306e\u518d\u751f\u901f\u5ea6\uff1a\u6e1b\u901f\uff08x 0.5\uff09\u307e\u305f\u306f\u52a0\u901f\uff08x 1.5\u3001x 2.0\uff09\u3067\u304d\u307e\u3059\u3002<\/p>\r\n\r\n\r\n\r\n<p>\u65e5\u4ed8\u306fYYYY-MM-DD\u5f62\u5f0f\uff08\u56fd\u969b\u898f\u683cISO 8601\uff09\u3067\u8868\u73fe\u3055\u308c\u307e\u3059\u3002<\/p>\r\n<\/div>\r\n<\/div>\r\n\r\n\r\n\r\n<p class=\"has-medium-font-size\"><\/p>\r\n\r\n\r\n\r\n<p><\/p>\r\n","protected":false},"excerpt":{"rendered":"<p>\u30a2\u30e9\u30fc\u30c8\u5c65\u6b74 \u767a\u4fe1\u3055\u308c\u305f\u6700\u65b050\u4ef6\u306e\u30a2\u30e9 [&hellip;]<\/p>\n","protected":false},"author":1,"featured_media":0,"parent":14,"menu_order":5,"comment_status":"closed","ping_status":"closed","template":"","meta":{"site-sidebar-layout":"default","site-content-layout":"","ast-site-content-layout":"","site-content-style":"default","site-sidebar-style":"default","ast-global-header-display":"","ast-banner-title-visibility":"","ast-main-header-display":"","ast-hfb-above-header-display":"","ast-hfb-below-header-display":"","ast-hfb-mobile-header-display":"","site-post-title":"disabled","ast-breadcrumbs-content":"","ast-featured-img":"","footer-sml-layout":"","theme-transparent-header-meta":"","adv-header-id-meta":"","stick-header-meta":"","header-above-stick-meta":"","header-main-stick-meta":"","header-below-stick-meta":"","astra-migrate-meta-layouts":"default","ast-page-background-enabled":"default","ast-page-background-meta":{"desktop":{"background-color":"var(--ast-global-color-5)","background-image":"","background-repeat":"repeat","background-position":"center center","background-size":"auto","background-attachment":"scroll","background-type":"","background-media":"","overlay-type":"","overlay-color":"","overlay-opacity":"","overlay-gradient":""},"tablet":{"background-color":"","background-image":"","background-repeat":"repeat","background-position":"center center","background-size":"auto","background-attachment":"scroll","background-type":"","background-media":"","overlay-type":"","overlay-color":"","overlay-opacity":"","overlay-gradient":""},"mobile":{"background-color":"","background-image":"","background-repeat":"repeat","background-position":"center center","background-size":"auto","background-attachment":"scroll","background-type":"","background-media":"","overlay-type":"","overlay-color":"","overlay-opacity":"","overlay-gradient":""}},"ast-content-background-meta":{"desktop":{"background-color":"var(--ast-global-color-4)","background-image":"","background-repeat":"repeat","background-position":"center center","background-size":"auto","background-attachment":"scroll","background-type":"","background-media":"","overlay-type":"","overlay-color":"","overlay-opacity":"","overlay-gradient":""},"tablet":{"background-color":"var(--ast-global-color-4)","background-image":"","background-repeat":"repeat","background-position":"center center","background-size":"auto","background-attachment":"scroll","background-type":"","background-media":"","overlay-type":"","overlay-color":"","overlay-opacity":"","overlay-gradient":""},"mobile":{"background-color":"var(--ast-global-color-4)","background-image":"","background-repeat":"repeat","background-position":"center center","background-size":"auto","background-attachment":"scroll","background-type":"","background-media":"","overlay-type":"","overlay-color":"","overlay-opacity":"","overlay-gradient":""}},"footnotes":""},"class_list":["post-246","page","type-page","status-publish","hentry"],"yoast_head":"<!-- This site is optimized with the Yoast SEO plugin v25.6 - https:\/\/yoast.com\/wordpress\/plugins\/seo\/ -->\n<title>\u5c65\u6b74\u3068\u97f3\u58f0\u9332\u97f3<\/title>\n<meta name=\"description\" content=\"\u767a\u4fe1\u3055\u308c\u305f\u6700\u65b050\u4ef6\u306e\u30a2\u30e9\u30fc\u30c8\u306f\u3001\u3059\u3079\u3066\u306e\u7279\u5fb4\u3068\u3068\u3082\u306b\u5c65\u6b74\u306b\u8a18\u9332\u3055\u308c\u307e\u3059\u3002\u30b9\u30de\u30fc\u30c8\u30d5\u30a9\u30f3\u306e\u30c0\u30a6\u30f3\u30ed\u30fc\u30c9\u30c7\u30a3\u30ec\u30af\u30c8\u30ea\u306b\u6700\u5927200\u4ef6\u306e\u97f3\u58f0\u9332\u97f3\u3092\u4fdd\u5b58\u3067\u304d\u307e\u3059\u3002\u5404\u9332\u97f3\u306b\u306f\u30bf\u30a4\u30e0\u30b9\u30bf\u30f3\u30d7\u304c\u4ed8\u3044\u3066\u304a\u308a\u3001\u805e\u304f\u3001\u540d\u524d\u3092\u5909\u66f4\u3059\u308b\u3001\u524a\u9664\u3059\u308b\u3053\u3068\u304c\u3067\u304d\u307e\u3059\u3002\" \/>\n<meta name=\"robots\" content=\"index, follow, max-snippet:-1, max-image-preview:large, max-video-preview:-1\" \/>\n<link rel=\"canonical\" href=\"http:\/\/\u30a2\u30e9\u30fc\u30c8\u5c65\u6b74%20\u767a\u4fe1\u3055\u308c\u305f\u6700\u65b050\u4ef6\u306e\u30a2\u30e9\u30fc\u30c8\u306f\u3001\u3059\u3079\u3066\u306e\u7279\u5fb4\u3068\u3068\u3082\u306b\u5c65\u6b74\u306b\u8a18\u9332\u3055\u308c\u307e\u3059\u3002%20\uff081\uff09\u8981\u6c42\u3055\u308c\u305f\u9023\u7d61&hellip;\" \/>\n<meta property=\"og:locale\" content=\"ja_JP\" \/>\n<meta property=\"og:type\" content=\"article\" \/>\n<meta property=\"og:title\" content=\"\u5c65\u6b74\u3068\u97f3\u58f0\u9332\u97f3\" \/>\n<meta property=\"og:description\" content=\"\u767a\u4fe1\u3055\u308c\u305f\u6700\u65b050\u4ef6\u306e\u30a2\u30e9\u30fc\u30c8\u306f\u3001\u3059\u3079\u3066\u306e\u7279\u5fb4\u3068\u3068\u3082\u306b\u5c65\u6b74\u306b\u8a18\u9332\u3055\u308c\u307e\u3059\u3002\u30b9\u30de\u30fc\u30c8\u30d5\u30a9\u30f3\u306e\u30c0\u30a6\u30f3\u30ed\u30fc\u30c9\u30c7\u30a3\u30ec\u30af\u30c8\u30ea\u306b\u6700\u5927200\u4ef6\u306e\u97f3\u58f0\u9332\u97f3\u3092\u4fdd\u5b58\u3067\u304d\u307e\u3059\u3002\u5404\u9332\u97f3\u306b\u306f\u30bf\u30a4\u30e0\u30b9\u30bf\u30f3\u30d7\u304c\u4ed8\u3044\u3066\u304a\u308a\u3001\u805e\u304f\u3001\u540d\u524d\u3092\u5909\u66f4\u3059\u308b\u3001\u524a\u9664\u3059\u308b\u3053\u3068\u304c\u3067\u304d\u307e\u3059\u3002\" \/>\n<meta property=\"og:url\" content=\"https:\/\/www.dataslatitudes.com\/sosuniversal\/ja\/ecran-principal\/mode-emploi-historique-enregistrement-audio\/\" \/>\n<meta property=\"og:site_name\" content=\"SOS Universal\" \/>\n<meta property=\"article:modified_time\" content=\"2025-07-21T16:04:04+00:00\" \/>\n<meta name=\"twitter:card\" content=\"summary_large_image\" \/>\n<meta name=\"twitter:label1\" content=\"\u63a8\u5b9a\u8aad\u307f\u53d6\u308a\u6642\u9593\" \/>\n\t<meta name=\"twitter:data1\" content=\"2\u5206\" \/>\n<script type=\"application\/ld+json\" class=\"yoast-schema-graph\">{\"@context\":\"https:\/\/schema.org\",\"@graph\":[{\"@type\":\"WebPage\",\"@id\":\"https:\/\/www.dataslatitudes.com\/sosuniversal\/ja\/ecran-principal\/mode-emploi-historique-enregistrement-audio\/\",\"url\":\"https:\/\/www.dataslatitudes.com\/sosuniversal\/ja\/ecran-principal\/mode-emploi-historique-enregistrement-audio\/\",\"name\":\"Historique et enregistrements audios - SOS Universal\",\"isPartOf\":{\"@id\":\"https:\/\/www.dataslatitudes.com\/sosuniversal\/#website\"},\"primaryImageOfPage\":{\"@id\":\"https:\/\/www.dataslatitudes.com\/sosuniversal\/ja\/ecran-principal\/mode-emploi-historique-enregistrement-audio\/#primaryimage\"},\"image\":{\"@id\":\"https:\/\/www.dataslatitudes.com\/sosuniversal\/ja\/ecran-principal\/mode-emploi-historique-enregistrement-audio\/#primaryimage\"},\"thumbnailUrl\":\"http:\/\/www.dataslatitudes.com\/sosuniversal\/wp-content\/uploads\/2025\/07\/fr_historique_alerte_puce-459x1024.webp\",\"datePublished\":\"2025-06-13T07:09:52+00:00\",\"dateModified\":\"2025-07-21T16:04:04+00:00\",\"description\":\"Les 50 derni\u00e8res alertes \u00e9mises sont historis\u00e9es avec toutes leurs caract\u00e9ristiques. Vous pouvez conserver jusqu\u2019\u00e0 200 enregistrements audios qui sont stock\u00e9s dans le r\u00e9pertoire des t\u00e9l\u00e9chargements du smartphone. Chaque enregistrement est horodat\u00e9 et peut \u00eatre \u00e9cout\u00e9, renomm\u00e9 ou supprim\u00e9.\",\"breadcrumb\":{\"@id\":\"https:\/\/www.dataslatitudes.com\/sosuniversal\/ja\/ecran-principal\/mode-emploi-historique-enregistrement-audio\/#breadcrumb\"},\"inLanguage\":\"ja\",\"potentialAction\":[{\"@type\":\"ReadAction\",\"target\":[\"https:\/\/www.dataslatitudes.com\/sosuniversal\/ja\/ecran-principal\/mode-emploi-historique-enregistrement-audio\/\"]}]},{\"@type\":\"ImageObject\",\"inLanguage\":\"ja\",\"@id\":\"https:\/\/www.dataslatitudes.com\/sosuniversal\/ja\/ecran-principal\/mode-emploi-historique-enregistrement-audio\/#primaryimage\",\"url\":\"http:\/\/www.dataslatitudes.com\/sosuniversal\/wp-content\/uploads\/2025\/07\/fr_historique_alerte_puce-459x1024.webp\",\"contentUrl\":\"http:\/\/www.dataslatitudes.com\/sosuniversal\/wp-content\/uploads\/2025\/07\/fr_historique_alerte_puce-459x1024.webp\"},{\"@type\":\"BreadcrumbList\",\"@id\":\"https:\/\/www.dataslatitudes.com\/sosuniversal\/ja\/ecran-principal\/mode-emploi-historique-enregistrement-audio\/#breadcrumb\",\"itemListElement\":[{\"@type\":\"ListItem\",\"position\":1,\"name\":\"\u30d7\u30ec\u30bc\u30f3\u30c6\u30fc\u30b7\u30e7\u30f3\",\"item\":\"https:\/\/www.dataslatitudes.com\/sosuniversal\/fr\/\"},{\"@type\":\"ListItem\",\"position\":2,\"name\":\"\u30e1\u30a4\u30f3\u753b\u9762\",\"item\":\"https:\/\/www.dataslatitudes.com\/sosuniversal\/ecran-principal\/\"},{\"@type\":\"ListItem\",\"position\":3,\"name\":\"\u5c65\u6b74\u3068\u97f3\u58f0\u9332\u97f3\"}]},{\"@type\":\"WebSite\",\"@id\":\"https:\/\/www.dataslatitudes.com\/sosuniversal\/ja\/#website\",\"url\":\"https:\/\/www.dataslatitudes.com\/sosuniversal\/ja\/\",\"name\":\"SOS Universal\",\"description\":\"\",\"publisher\":{\"@id\":\"https:\/\/www.dataslatitudes.com\/sosuniversal\/ja\/#organization\"},\"potentialAction\":[{\"@type\":\"SearchAction\",\"target\":{\"@type\":\"EntryPoint\",\"urlTemplate\":\"https:\/\/www.dataslatitudes.com\/sosuniversal\/ja\/?s={search_term_string}\"},\"query-input\":{\"@type\":\"PropertyValueSpecification\",\"valueRequired\":true,\"valueName\":\"search_term_string\"}}],\"inLanguage\":\"ja\"},{\"@type\":\"Organization\",\"@id\":\"https:\/\/www.dataslatitudes.com\/sosuniversal\/ja\/#organization\",\"name\":\"DATASLATITUDES\",\"url\":\"https:\/\/www.dataslatitudes.com\/sosuniversal\/ja\/\",\"logo\":{\"@type\":\"ImageObject\",\"inLanguage\":\"ja\",\"@id\":\"https:\/\/www.dataslatitudes.com\/sosuniversal\/ja\/#\/schema\/logo\/image\/\",\"url\":\"https:\/\/www.dataslatitudes.com\/sosuniversal\/wp-content\/uploads\/2025\/07\/logo_mrdv.png\",\"contentUrl\":\"https:\/\/www.dataslatitudes.com\/sosuniversal\/wp-content\/uploads\/2025\/07\/logo_mrdv.png\",\"width\":72,\"height\":72,\"caption\":\"DATASLATITUDES\"},\"image\":{\"@id\":\"https:\/\/www.dataslatitudes.com\/sosuniversal\/ja\/#\/schema\/logo\/image\/\"}}]}<\/script>\n<!-- \/ Yoast SEO plugin. -->","yoast_head_json":{"title":"\u5c65\u6b74\u3068\u97f3\u58f0\u9332\u97f3","description":"\u767a\u4fe1\u3055\u308c\u305f\u6700\u65b050\u4ef6\u306e\u30a2\u30e9\u30fc\u30c8\u306f\u3001\u3059\u3079\u3066\u306e\u7279\u5fb4\u3068\u3068\u3082\u306b\u5c65\u6b74\u306b\u8a18\u9332\u3055\u308c\u307e\u3059\u3002\u30b9\u30de\u30fc\u30c8\u30d5\u30a9\u30f3\u306e\u30c0\u30a6\u30f3\u30ed\u30fc\u30c9\u30c7\u30a3\u30ec\u30af\u30c8\u30ea\u306b\u6700\u5927200\u4ef6\u306e\u97f3\u58f0\u9332\u97f3\u3092\u4fdd\u5b58\u3067\u304d\u307e\u3059\u3002\u5404\u9332\u97f3\u306b\u306f\u30bf\u30a4\u30e0\u30b9\u30bf\u30f3\u30d7\u304c\u4ed8\u3044\u3066\u304a\u308a\u3001\u805e\u304f\u3001\u540d\u524d\u3092\u5909\u66f4\u3059\u308b\u3001\u524a\u9664\u3059\u308b\u3053\u3068\u304c\u3067\u304d\u307e\u3059\u3002","robots":{"index":"index","follow":"follow","max-snippet":"max-snippet:-1","max-image-preview":"max-image-preview:large","max-video-preview":"max-video-preview:-1"},"canonical":"\u30a2\u30e9\u30fc\u30c8\u5c65\u6b74 \u767a\u4fe1\u3055\u308c\u305f\u6700\u65b050\u4ef6\u306e\u30a2\u30e9\u30fc\u30c8\u306f\u3001\u3059\u3079\u3066\u306e\u7279\u5fb4\u3068\u3068\u3082\u306b\u5c65\u6b74\u306b\u8a18\u9332\u3055\u308c\u307e\u3059\u3002 \uff081\uff09\u8981\u6c42\u3055\u308c\u305f\u9023\u7d61&hellip;","og_locale":"ja_JP","og_type":"article","og_title":"\u5c65\u6b74\u3068\u97f3\u58f0\u9332\u97f3","og_description":"\u767a\u4fe1\u3055\u308c\u305f\u6700\u65b050\u4ef6\u306e\u30a2\u30e9\u30fc\u30c8\u306f\u3001\u3059\u3079\u3066\u306e\u7279\u5fb4\u3068\u3068\u3082\u306b\u5c65\u6b74\u306b\u8a18\u9332\u3055\u308c\u307e\u3059\u3002\u30b9\u30de\u30fc\u30c8\u30d5\u30a9\u30f3\u306e\u30c0\u30a6\u30f3\u30ed\u30fc\u30c9\u30c7\u30a3\u30ec\u30af\u30c8\u30ea\u306b\u6700\u5927200\u4ef6\u306e\u97f3\u58f0\u9332\u97f3\u3092\u4fdd\u5b58\u3067\u304d\u307e\u3059\u3002\u5404\u9332\u97f3\u306b\u306f\u30bf\u30a4\u30e0\u30b9\u30bf\u30f3\u30d7\u304c\u4ed8\u3044\u3066\u304a\u308a\u3001\u805e\u304f\u3001\u540d\u524d\u3092\u5909\u66f4\u3059\u308b\u3001\u524a\u9664\u3059\u308b\u3053\u3068\u304c\u3067\u304d\u307e\u3059\u3002","og_url":"https:\/\/www.dataslatitudes.com\/sosuniversal\/ja\/ecran-principal\/mode-emploi-historique-enregistrement-audio\/","og_site_name":"SOS Universal","article_modified_time":"2025-07-21T16:04:04+00:00","twitter_card":"summary_large_image","twitter_misc":{"\u63a8\u5b9a\u8aad\u307f\u53d6\u308a\u6642\u9593":"2\u5206"},"schema":{"@context":"https:\/\/schema.org","@graph":[{"@type":"WebPage","@id":"https:\/\/www.dataslatitudes.com\/sosuniversal\/ja\/ecran-principal\/mode-emploi-historique-enregistrement-audio\/","url":"https:\/\/www.dataslatitudes.com\/sosuniversal\/ja\/ecran-principal\/mode-emploi-historique-enregistrement-audio\/","name":"Historique et enregistrements audios - SOS Universal","isPartOf":{"@id":"https:\/\/www.dataslatitudes.com\/sosuniversal\/#website"},"primaryImageOfPage":{"@id":"https:\/\/www.dataslatitudes.com\/sosuniversal\/ja\/ecran-principal\/mode-emploi-historique-enregistrement-audio\/#primaryimage"},"image":{"@id":"https:\/\/www.dataslatitudes.com\/sosuniversal\/ja\/ecran-principal\/mode-emploi-historique-enregistrement-audio\/#primaryimage"},"thumbnailUrl":"http:\/\/www.dataslatitudes.com\/sosuniversal\/wp-content\/uploads\/2025\/07\/fr_historique_alerte_puce-459x1024.webp","datePublished":"2025-06-13T07:09:52+00:00","dateModified":"2025-07-21T16:04:04+00:00","description":"Les 50 derni\u00e8res alertes \u00e9mises sont historis\u00e9es avec toutes leurs caract\u00e9ristiques. Vous pouvez conserver jusqu\u2019\u00e0 200 enregistrements audios qui sont stock\u00e9s dans le r\u00e9pertoire des t\u00e9l\u00e9chargements du smartphone. Chaque enregistrement est horodat\u00e9 et peut \u00eatre \u00e9cout\u00e9, renomm\u00e9 ou supprim\u00e9.","breadcrumb":{"@id":"https:\/\/www.dataslatitudes.com\/sosuniversal\/ja\/ecran-principal\/mode-emploi-historique-enregistrement-audio\/#breadcrumb"},"inLanguage":"ja","potentialAction":[{"@type":"ReadAction","target":["https:\/\/www.dataslatitudes.com\/sosuniversal\/ja\/ecran-principal\/mode-emploi-historique-enregistrement-audio\/"]}]},{"@type":"ImageObject","inLanguage":"ja","@id":"https:\/\/www.dataslatitudes.com\/sosuniversal\/ja\/ecran-principal\/mode-emploi-historique-enregistrement-audio\/#primaryimage","url":"http:\/\/www.dataslatitudes.com\/sosuniversal\/wp-content\/uploads\/2025\/07\/fr_historique_alerte_puce-459x1024.webp","contentUrl":"http:\/\/www.dataslatitudes.com\/sosuniversal\/wp-content\/uploads\/2025\/07\/fr_historique_alerte_puce-459x1024.webp"},{"@type":"BreadcrumbList","@id":"https:\/\/www.dataslatitudes.com\/sosuniversal\/ja\/ecran-principal\/mode-emploi-historique-enregistrement-audio\/#breadcrumb","itemListElement":[{"@type":"ListItem","position":1,"name":"\u30d7\u30ec\u30bc\u30f3\u30c6\u30fc\u30b7\u30e7\u30f3","item":"https:\/\/www.dataslatitudes.com\/sosuniversal\/fr\/"},{"@type":"ListItem","position":2,"name":"\u30e1\u30a4\u30f3\u753b\u9762","item":"https:\/\/www.dataslatitudes.com\/sosuniversal\/ecran-principal\/"},{"@type":"ListItem","position":3,"name":"\u5c65\u6b74\u3068\u97f3\u58f0\u9332\u97f3"}]},{"@type":"WebSite","@id":"https:\/\/www.dataslatitudes.com\/sosuniversal\/ja\/#website","url":"https:\/\/www.dataslatitudes.com\/sosuniversal\/ja\/","name":"SOS Universal","description":"","publisher":{"@id":"https:\/\/www.dataslatitudes.com\/sosuniversal\/ja\/#organization"},"potentialAction":[{"@type":"SearchAction","target":{"@type":"EntryPoint","urlTemplate":"https:\/\/www.dataslatitudes.com\/sosuniversal\/ja\/?s={search_term_string}"},"query-input":{"@type":"PropertyValueSpecification","valueRequired":true,"valueName":"search_term_string"}}],"inLanguage":"ja"},{"@type":"Organization","@id":"https:\/\/www.dataslatitudes.com\/sosuniversal\/ja\/#organization","name":"DATASLATITUDES","url":"https:\/\/www.dataslatitudes.com\/sosuniversal\/ja\/","logo":{"@type":"ImageObject","inLanguage":"ja","@id":"https:\/\/www.dataslatitudes.com\/sosuniversal\/ja\/#\/schema\/logo\/image\/","url":"https:\/\/www.dataslatitudes.com\/sosuniversal\/wp-content\/uploads\/2025\/07\/logo_mrdv.png","contentUrl":"https:\/\/www.dataslatitudes.com\/sosuniversal\/wp-content\/uploads\/2025\/07\/logo_mrdv.png","width":72,"height":72,"caption":"DATASLATITUDES"},"image":{"@id":"https:\/\/www.dataslatitudes.com\/sosuniversal\/ja\/#\/schema\/logo\/image\/"}}]}},"_links":{"self":[{"href":"https:\/\/www.dataslatitudes.com\/sosuniversal\/ja\/wp-json\/wp\/v2\/pages\/246","targetHints":{"allow":["GET"]}}],"collection":[{"href":"https:\/\/www.dataslatitudes.com\/sosuniversal\/ja\/wp-json\/wp\/v2\/pages"}],"about":[{"href":"https:\/\/www.dataslatitudes.com\/sosuniversal\/ja\/wp-json\/wp\/v2\/types\/page"}],"author":[{"embeddable":true,"href":"https:\/\/www.dataslatitudes.com\/sosuniversal\/ja\/wp-json\/wp\/v2\/users\/1"}],"replies":[{"embeddable":true,"href":"https:\/\/www.dataslatitudes.com\/sosuniversal\/ja\/wp-json\/wp\/v2\/comments?post=246"}],"version-history":[{"count":24,"href":"https:\/\/www.dataslatitudes.com\/sosuniversal\/ja\/wp-json\/wp\/v2\/pages\/246\/revisions"}],"predecessor-version":[{"id":1054,"href":"https:\/\/www.dataslatitudes.com\/sosuniversal\/ja\/wp-json\/wp\/v2\/pages\/246\/revisions\/1054"}],"up":[{"embeddable":true,"href":"https:\/\/www.dataslatitudes.com\/sosuniversal\/ja\/wp-json\/wp\/v2\/pages\/14"}],"wp:attachment":[{"href":"https:\/\/www.dataslatitudes.com\/sosuniversal\/ja\/wp-json\/wp\/v2\/media?parent=246"}],"curies":[{"name":"wp","href":"https:\/\/api.w.org\/{rel}","templated":true}]}}