{"id":187,"date":"2025-06-12T17:37:24","date_gmt":"2025-06-12T17:37:24","guid":{"rendered":"https:\/\/www.dataslatitudes.com\/sosuniversal\/index.php\/mode-demploi\/"},"modified":"2025-07-21T15:59:54","modified_gmt":"2025-07-21T15:59:54","slug":"mode-emploi-contact","status":"publish","type":"page","link":"https:\/\/www.dataslatitudes.com\/sosuniversal\/ja\/ecran-principal\/mode-emploi-contact\/","title":{"rendered":"\u9023\u7d61\u5148\u306e\u7ba1\u7406"},"content":{"rendered":"\r\n<p class=\"has-small-font-size\" style=\"border-style:none;border-width:0px\"><\/p>\r\n\r\n\r\n\r\n<h1 class=\"wp-block-heading has-text-align-center has-medium-font-size\"><strong>\u9023\u7d61\u5148\u306e\u7ba1\u7406<\/strong><\/h1>\r\n\r\n\r\n\r\n<p style=\"font-size:1rem\">\u9023\u7d61\u5148\u306f\u3001\u30a2\u30e9\u30fc\u30c8\u304c\u30c8\u30ea\u30ac\u30fc\u3055\u308c\u305f\u3068\u304d\u306b\uff08\u96fb\u8a71\u307e\u305f\u306fSMS\u3067\uff09\u901a\u77e5\u307e\u305f\u306f\u8981\u6c42\u3055\u308c\u308b\u3001\u3042\u306a\u305f\u304c\u9078\u629e\u3057\u305f\u4fe1\u983c\u3067\u304d\u308b\u4eba\u3067\u3059\u3002<\/p>\r\n\r\n\r\n\r\n<div class=\"wp-block-columns are-vertically-aligned-center is-layout-flex wp-container-core-columns-is-layout-c0b51a3c wp-block-columns-is-layout-flex\" style=\"margin-top:0;margin-bottom:0;padding-top:0;padding-bottom:0\">\r\n<div class=\"wp-block-column is-vertically-aligned-center is-layout-flow wp-block-column-is-layout-flow\" style=\"flex-basis:33.33%\">\r\n<figure class=\"wp-block-image aligncenter size-large is-resized\"><img decoding=\"async\" src=\"http:\/\/www.dataslatitudes.com\/sosuniversal\/wp-content\/uploads\/ja_contact_gestion_puce-459x1024.webp\" alt=\"SOS Universal - \u9023\u7d61\u5148\u7ba1\u7406\" class=\"wp-image-265\" style=\"width:260px\"\/><\/figure>\r\n<\/div>\r\n\r\n\r\n\r\n<div class=\"wp-block-column is-vertically-aligned-center is-layout-flow wp-container-core-column-is-layout-b2a27621 wp-block-column-is-layout-flow\" style=\"padding-top:0;padding-right:0;padding-bottom:0;padding-left:0;flex-basis:66.66%\">\r\n<p style=\"margin-top:var(--wp--preset--spacing--20);margin-bottom:var(--wp--preset--spacing--20);font-size:1rem\">\uff081\uff09\u30e1\u30a4\u30f3\u30e1\u30cb\u30e5\u30fc\u3078\u306e\u30a2\u30af\u30bb\u30b9<\/p>\r\n\r\n\r\n\r\n<p style=\"margin-top:var(--wp--preset--spacing--20);margin-bottom:var(--wp--preset--spacing--20);font-size:1rem\">\uff082\uff09\u767b\u9332\u6e08\u307f\u306e\u9023\u7d61\u5148\u30ea\u30b9\u30c8\uff1a<br>&#8211; \u9023\u7d61\u5148\u306f\u3001\u4e00\u6642\u7684\u306b\u975e\u30a2\u30af\u30c6\u30a3\u30d6\u306b\u3059\u308b\u305f\u3081\u306b\uff08\u30af\u30ea\u30c3\u30af\u3059\u308b\u3060\u3051\u3067\uff09\u53d6\u308a\u6d88\u3057\u7dda\u304c\u5f15\u304b\u308c\u307e\u3059\uff08\u4f8b\uff1aJean Dupond\uff09\u30022\u56de\u76ee\u306e\u30af\u30ea\u30c3\u30af\u3067\u518d\u5ea6\u30a2\u30af\u30c6\u30a3\u30d6\u306b\u306a\u308a\u307e\u3059\u3002<br>&#8211; \u7dd1\u8272\u306e\u30a2\u30a4\u30b3\u30f3\uff08i\uff09\u306f\u3001\u9023\u7d61\u5148\u304c\u30a2\u30e9\u30fc\u30c8\u306b\u3088\u3063\u3066\u547c\u3073\u51fa\u3055\u308c\u308b\u53ef\u80fd\u6027\u304c\u3042\u308b\u3053\u3068\u3092\u901a\u77e5\u3055\u308c\u305f\u3053\u3068\u3092\u793a\u3057\u307e\u3059\u3002<br>&#8211; \u8d64\u8272\u306e\u30a2\u30a4\u30b3\u30f3\uff08x\uff09\u306f\u3001\u9023\u7d61\u5148\u304c\u307e\u3060\u901a\u77e5\u3055\u308c\u3066\u3044\u306a\u3044\u3053\u3068\u3092\u793a\u3057\u307e\u3059\u3002<\/p>\r\n\r\n\r\n\r\n<p style=\"margin-top:var(--wp--preset--spacing--20);margin-bottom:var(--wp--preset--spacing--20);font-size:1rem;text-decoration:underline\">\u5099\u8003\uff1a\u30a2\u30e9\u30fc\u30c8\u6642\u306b\u4f7f\u7528\u3067\u304d\u308b\u3088\u3046\u306b\u3059\u308b\u306b\u306f\u3001\u9023\u7d61\u5148\u304c\u30a2\u30af\u30c6\u30a3\u30d6\u3067\u3042\u308a\u3001\u304b\u3064\u901a\u77e5\u3055\u308c\u3066\u3044\u308b\u5fc5\u8981\u304c\u3042\u308a\u307e\u3059\u3002<\/p>\r\n\r\n\r\n\r\n<p style=\"margin-top:var(--wp--preset--spacing--20);margin-bottom:var(--wp--preset--spacing--20);font-size:1rem\">\uff089\uff09\u30a2\u30af\u30c6\u30a3\u30d6\u306a\u9023\u7d61\u5148\u306e\u6570\u306e\u8981\u7d04\u304c\u753b\u9762\u4e0b\u90e8\u306b\u8868\u793a\u3055\u308c\u307e\u3059\u3002<\/p>\r\n\r\n\r\n\r\n<p style=\"padding-top:0;padding-bottom:0;font-size:1rem\">\uff087\uff09\u9023\u7d61\u5148\u306e\u524a\u9664<br>\uff088\uff09\u9023\u7d61\u5148\u306e\u5909\u66f4<\/p>\r\n<\/div>\r\n<\/div>\r\n\r\n\r\n\r\n<p class=\"has-small-font-size\"><\/p>\r\n\r\n\r\n\r\n<div class=\"wp-block-columns is-layout-flex wp-container-core-columns-is-layout-ea9f20df wp-block-columns-is-layout-flex\" style=\"margin-top:0;margin-bottom:0;padding-top:var(--wp--preset--spacing--30);padding-right:0;padding-bottom:var(--wp--preset--spacing--30);padding-left:0\">\r\n<div class=\"wp-block-column is-vertically-aligned-top is-layout-flow wp-block-column-is-layout-flow\" style=\"padding-top:0;padding-bottom:0\">\r\n<h2 class=\"wp-block-heading has-text-align-center\" style=\"margin-top:0;margin-bottom:0;font-size:1rem\">\uff083\uff09\uff088\uff09\u8ffd\u52a0\/\u5909\u66f4<\/h2>\r\n\r\n\r\n\r\n<figure class=\"wp-block-image aligncenter size-large is-resized\" style=\"margin-top:0;margin-bottom:0\"><img decoding=\"async\" src=\"http:\/\/www.dataslatitudes.com\/sosuniversal\/wp-content\/uploads\/ja_contact_ajout_modification-459x1024.webp\" alt=\"SOS Universal - \u9023\u7d61\u5148\u306e\u8ffd\u52a0\u307e\u305f\u306f\u5909\u66f4\" class=\"wp-image-761\" style=\"width:260px\"\/><\/figure>\r\n\r\n\r\n\r\n<p class=\"has-text-align-center\" style=\"margin-top:0;margin-bottom:0;font-size:1rem\">\u30aa\u30d7\u30b7\u30e7\u30f3\u306e\u30d1\u30fc\u30bd\u30ca\u30e9\u30a4\u30ba\u3055\u308c\u305f\u30e1\u30c3\u30bb\u30fc\u30b8\u306f\u3001\u6a19\u6e96\u306eSMS\u30e1\u30c3\u30bb\u30fc\u30b8\u3092\u7f6e\u304d\u63db\u3048\u307e\u3059\u3002<br><strong>\u5099\u8003\uff1a <\/strong>\u591a\u304f\u306e\u56fd\u3067\u65bd\u884c\u3055\u308c\u3066\u3044\u308b\u898f\u5236\u306b\u6e96\u62e0\u3059\u308b\u305f\u3081\u3001\u516c\u5f0f\u306e\u7dca\u6025\u30b5\u30fc\u30d3\u30b9\u756a\u53f7\uff08\u4f8b\uff1a17\u300118\u3001112\u3001911\u306a\u3069\uff09\u306f\u7981\u6b62\u3055\u308c\u3066\u3044\u307e\u3059\u3002<br>\u65e5\u4ed8\u306fYYYY-MM-DD\u5f62\u5f0f\uff08\u56fd\u969b\u898f\u683cISO 8601\uff09\u3067\u8868\u73fe\u3055\u308c\u307e\u3059\u3002<\/p>\r\n\r\n\r\n\r\n<p style=\"margin-top:var(--wp--preset--spacing--40);margin-bottom:var(--wp--preset--spacing--40)\"><\/p>\r\n<\/div>\r\n\r\n\r\n\r\n<div class=\"wp-block-column is-vertically-aligned-top is-layout-flow wp-container-core-column-is-layout-15d35364 wp-block-column-is-layout-flow\" style=\"padding-top:0;padding-bottom:0\">\r\n<h2 class=\"wp-block-heading has-text-align-center\" style=\"margin-top:0;margin-bottom:0;font-size:1rem\">\uff084\uff09\u30b9\u30de\u30fc\u30c8\u30d5\u30a9\u30f3\u306e\u9023\u7d61\u5148\u304b\u3089\u306e\u8ffd\u52a0<\/h2>\r\n\r\n\r\n\r\n<figure class=\"wp-block-image aligncenter size-large is-resized\" style=\"margin-top:0;margin-bottom:0\"><img decoding=\"async\" src=\"http:\/\/www.dataslatitudes.com\/sosuniversal\/wp-content\/uploads\/ja_contact_ajout_smartphone-459x1024.webp\" alt=\"SOS Universal - \u30a2\u30c9\u30ec\u30b9\u5e33\u304b\u3089\u9023\u7d61\u5148\u3092\u8ffd\u52a0\" class=\"wp-image-697\" style=\"width:260px\"\/><\/figure>\r\n\r\n\r\n\r\n<p class=\"has-text-align-center\" style=\"margin-top:0;margin-bottom:0;font-size:1rem\">\u30b9\u30de\u30fc\u30c8\u30d5\u30a9\u30f3\u306e\u9023\u7d61\u5148\u3092\u691c\u7d22\u3059\u308b\u3053\u3068\u304c\u3067\u304d\u307e\u3059\u3002<\/p>\r\n\r\n\r\n\r\n<p style=\"margin-top:var(--wp--preset--spacing--40);margin-bottom:var(--wp--preset--spacing--40)\"><\/p>\r\n<\/div>\r\n\r\n\r\n\r\n<div class=\"wp-block-column is-vertically-aligned-top is-layout-flow wp-container-core-column-is-layout-47e5a185 wp-block-column-is-layout-flow\">\r\n<h2 class=\"wp-block-heading has-text-align-center\" style=\"margin-top:0;margin-bottom:0;font-size:1rem\">\uff085\uff09\u9023\u7d61\u5148\u306e\u512a\u5148\u9806\u4f4d\u4ed8\u3051<\/h2>\r\n\r\n\r\n\r\n<figure class=\"wp-block-image aligncenter size-large is-resized\" style=\"margin-top:0;margin-bottom:0\"><img decoding=\"async\" src=\"http:\/\/www.dataslatitudes.com\/sosuniversal\/wp-content\/uploads\/ja_contact_priorisation-459x1024.webp\" alt=\"SOS Universal - \u9023\u7d61\u5148\u306e\u512a\u5148\u9806\u4f4d\u4ed8\u3051\" class=\"wp-image-275\" style=\"width:260px\"\/><\/figure>\r\n\r\n\r\n\r\n<p class=\"has-text-align-center\" style=\"font-size:1rem\">\u9023\u7d61\u5148\u306f\u30c9\u30e9\u30c3\u30b0\uff06\u30c9\u30ed\u30c3\u30d7\u3067\u512a\u5148\u9806\u4f4d\u3092\u4ed8\u3051\u3089\u308c\u307e\u3059\u3002<\/p>\r\n\r\n\r\n\r\n<p style=\"margin-top:var(--wp--preset--spacing--30);margin-bottom:var(--wp--preset--spacing--30)\"><\/p>\r\n<\/div>\r\n\r\n\r\n\r\n<div class=\"wp-block-column is-layout-flow wp-container-core-column-is-layout-47e5a185 wp-block-column-is-layout-flow\">\r\n<h2 class=\"wp-block-heading has-text-align-center\" style=\"margin-top:0;margin-bottom:0;font-size:1rem\">\uff086\uff09\u60c5\u5831\u63d0\u4f9b<\/h2>\r\n\r\n\r\n\r\n<figure class=\"wp-block-image aligncenter size-large is-resized\" style=\"margin-top:0;margin-bottom:0\"><img decoding=\"async\" src=\"http:\/\/www.dataslatitudes.com\/sosuniversal\/wp-content\/uploads\/ja_contact_information-459x1024.webp\" alt=\"SOS Universal - \u9023\u7d61\u5148\u60c5\u5831\" class=\"wp-image-274\" style=\"width:260px\"\/><\/figure>\r\n\r\n\r\n\r\n<p class=\"has-text-align-center\" style=\"font-size:1rem\">\u88dc\u8db3\u30e1\u30c3\u30bb\u30fc\u30b8\u306f\u5fc5\u9808\u3067\u3059<\/p>\r\n\r\n\r\n\r\n<p style=\"margin-top:var(--wp--preset--spacing--40);margin-bottom:var(--wp--preset--spacing--40)\"><\/p>\r\n<\/div>\r\n<\/div>\r\n","protected":false},"excerpt":{"rendered":"<p>\u9023\u7d61\u5148\u306e\u7ba1\u7406 \u9023\u7d61\u5148\u306f\u3001\u30a2\u30e9\u30fc\u30c8\u304c\u30c8\u30ea\u30ac [&hellip;]<\/p>\n","protected":false},"author":1,"featured_media":0,"parent":14,"menu_order":1,"comment_status":"closed","ping_status":"closed","template":"","meta":{"site-sidebar-layout":"default","site-content-layout":"","ast-site-content-layout":"","site-content-style":"default","site-sidebar-style":"default","ast-global-header-display":"","ast-banner-title-visibility":"","ast-main-header-display":"","ast-hfb-above-header-display":"","ast-hfb-below-header-display":"","ast-hfb-mobile-header-display":"","site-post-title":"disabled","ast-breadcrumbs-content":"","ast-featured-img":"","footer-sml-layout":"","theme-transparent-header-meta":"","adv-header-id-meta":"","stick-header-meta":"","header-above-stick-meta":"","header-main-stick-meta":"","header-below-stick-meta":"","astra-migrate-meta-layouts":"default","ast-page-background-enabled":"default","ast-page-background-meta":{"desktop":{"background-color":"var(--ast-global-color-5)","background-image":"","background-repeat":"repeat","background-position":"center center","background-size":"auto","background-attachment":"scroll","background-type":"","background-media":"","overlay-type":"","overlay-color":"","overlay-opacity":"","overlay-gradient":""},"tablet":{"background-color":"","background-image":"","background-repeat":"repeat","background-position":"center center","background-size":"auto","background-attachment":"scroll","background-type":"","background-media":"","overlay-type":"","overlay-color":"","overlay-opacity":"","overlay-gradient":""},"mobile":{"background-color":"","background-image":"","background-repeat":"repeat","background-position":"center center","background-size":"auto","background-attachment":"scroll","background-type":"","background-media":"","overlay-type":"","overlay-color":"","overlay-opacity":"","overlay-gradient":""}},"ast-content-background-meta":{"desktop":{"background-color":"var(--ast-global-color-4)","background-image":"","background-repeat":"repeat","background-position":"center center","background-size":"auto","background-attachment":"scroll","background-type":"","background-media":"","overlay-type":"","overlay-color":"","overlay-opacity":"","overlay-gradient":""},"tablet":{"background-color":"var(--ast-global-color-4)","background-image":"","background-repeat":"repeat","background-position":"center center","background-size":"auto","background-attachment":"scroll","background-type":"","background-media":"","overlay-type":"","overlay-color":"","overlay-opacity":"","overlay-gradient":""},"mobile":{"background-color":"var(--ast-global-color-4)","background-image":"","background-repeat":"repeat","background-position":"center center","background-size":"auto","background-attachment":"scroll","background-type":"","background-media":"","overlay-type":"","overlay-color":"","overlay-opacity":"","overlay-gradient":""}},"footnotes":""},"class_list":["post-187","page","type-page","status-publish","hentry"],"yoast_head":"<!-- This site is optimized with the Yoast SEO plugin v25.6 - https:\/\/yoast.com\/wordpress\/plugins\/seo\/ -->\n<title>\u9023\u7d61\u5148\u306e\u7ba1\u7406<\/title>\n<meta name=\"description\" content=\"\u9023\u7d61\u5148\u306f\u3001\u30a2\u30e9\u30fc\u30c8\u304c\u30c8\u30ea\u30ac\u30fc\u3055\u308c\u305f\u3068\u304d\u306b\uff08\u96fb\u8a71\u307e\u305f\u306fSMS\u3067\uff09\u901a\u77e5\u307e\u305f\u306f\u8981\u6c42\u3055\u308c\u308b\u3001\u3042\u306a\u305f\u304c\u9078\u629e\u3057\u305f\u4fe1\u983c\u3067\u304d\u308b\u4eba\u3067\u3059\u3002\u30b9\u30de\u30fc\u30c8\u30d5\u30a9\u30f3\u306e\u30a2\u30c9\u30ec\u30b9\u5e33\u304b\u3089\u53d6\u5f97\u3067\u304d\u307e\u3059\u3002\u9023\u7d61\u5148\u306f\u512a\u5148\u9806\u4f4d\u3092\u4ed8\u3051\u3089\u308c\u3001\u901a\u77e5\u3055\u308c\u307e\u3059\u3002\u9023\u7d61\u5148\u306f\u4e00\u6642\u7684\u306b\u7121\u52b9\u306b\u3067\u304d\u307e\u3059\u3002\" \/>\n<meta name=\"robots\" content=\"index, follow, max-snippet:-1, max-image-preview:large, max-video-preview:-1\" \/>\n<link rel=\"canonical\" href=\"http:\/\/\u9023\u7d61\u5148\u306e\u7ba1\u7406%20\u9023\u7d61\u5148\u306f\u3001\u30a2\u30e9\u30fc\u30c8\u304c\u30c8\u30ea\u30ac\u30fc\u3055\u308c\u305f\u3068\u304d\u306b\uff08\u96fb\u8a71\u307e\u305f\u306fSMS\u3067\uff09\u901a\u77e5\u307e\u305f\u306f\u8981\u6c42\u3055\u308c\u308b\u3001\u3042\u306a\u305f\u304c\u9078\u629e&hellip;\" \/>\n<meta property=\"og:locale\" content=\"ja_JP\" \/>\n<meta property=\"og:type\" content=\"article\" \/>\n<meta property=\"og:title\" content=\"\u9023\u7d61\u5148\u306e\u7ba1\u7406\" \/>\n<meta property=\"og:description\" content=\"\u9023\u7d61\u5148\u306f\u3001\u30a2\u30e9\u30fc\u30c8\u304c\u30c8\u30ea\u30ac\u30fc\u3055\u308c\u305f\u3068\u304d\u306b\uff08\u96fb\u8a71\u307e\u305f\u306fSMS\u3067\uff09\u901a\u77e5\u307e\u305f\u306f\u8981\u6c42\u3055\u308c\u308b\u3001\u3042\u306a\u305f\u304c\u9078\u629e\u3057\u305f\u4fe1\u983c\u3067\u304d\u308b\u4eba\u3067\u3059\u3002\u30b9\u30de\u30fc\u30c8\u30d5\u30a9\u30f3\u306e\u30a2\u30c9\u30ec\u30b9\u5e33\u304b\u3089\u53d6\u5f97\u3067\u304d\u307e\u3059\u3002\u9023\u7d61\u5148\u306f\u512a\u5148\u9806\u4f4d\u3092\u4ed8\u3051\u3089\u308c\u3001\u901a\u77e5\u3055\u308c\u307e\u3059\u3002\u9023\u7d61\u5148\u306f\u4e00\u6642\u7684\u306b\u7121\u52b9\u306b\u3067\u304d\u307e\u3059\u3002\" \/>\n<meta property=\"og:url\" content=\"https:\/\/www.dataslatitudes.com\/sosuniversal\/ja\/ecran-principal\/mode-emploi-contact\/\" \/>\n<meta property=\"og:site_name\" content=\"SOS Universal\" \/>\n<meta property=\"article:modified_time\" content=\"2025-07-21T15:59:54+00:00\" \/>\n<meta name=\"twitter:card\" content=\"summary_large_image\" \/>\n<meta name=\"twitter:label1\" content=\"\u63a8\u5b9a\u8aad\u307f\u53d6\u308a\u6642\u9593\" \/>\n\t<meta name=\"twitter:data1\" content=\"3\u5206\" \/>\n<script type=\"application\/ld+json\" class=\"yoast-schema-graph\">{\"@context\":\"https:\/\/schema.org\",\"@graph\":[{\"@type\":\"WebPage\",\"@id\":\"https:\/\/www.dataslatitudes.com\/sosuniversal\/ja\/ecran-principal\/mode-emploi-contact\/\",\"url\":\"https:\/\/www.dataslatitudes.com\/sosuniversal\/ja\/ecran-principal\/mode-emploi-contact\/\",\"name\":\"Gestion des contacts - SOS Universal\",\"isPartOf\":{\"@id\":\"https:\/\/www.dataslatitudes.com\/sosuniversal\/#website\"},\"primaryImageOfPage\":{\"@id\":\"https:\/\/www.dataslatitudes.com\/sosuniversal\/ja\/ecran-principal\/mode-emploi-contact\/#primaryimage\"},\"image\":{\"@id\":\"https:\/\/www.dataslatitudes.com\/sosuniversal\/ja\/ecran-principal\/mode-emploi-contact\/#primaryimage\"},\"thumbnailUrl\":\"http:\/\/www.dataslatitudes.com\/sosuniversal\/wp-content\/uploads\/2025\/07\/fr_contact_gestion_puce-459x1024.webp\",\"datePublished\":\"2025-06-12T17:37:24+00:00\",\"dateModified\":\"2025-07-21T15:59:54+00:00\",\"description\":\"Les contacts sont les personnes de confiance de votre choix qui sont pr\u00e9venues ou sollicit\u00e9es (par appel t\u00e9l\u00e9phonique ou par SMS) lorsqu\u2019une alerte est d\u00e9clench\u00e9e. Il est possible de r\u00e9cup\u00e9rer ceux du carnet d'adresses du smartphone. Les contacts peuvent \u00eatre prioris\u00e9s et ils sont inform\u00e9s. Un contact peut \u00eatre d\u00e9sactiv\u00e9 momentan\u00e9ment.\",\"breadcrumb\":{\"@id\":\"https:\/\/www.dataslatitudes.com\/sosuniversal\/ja\/ecran-principal\/mode-emploi-contact\/#breadcrumb\"},\"inLanguage\":\"ja\",\"potentialAction\":[{\"@type\":\"ReadAction\",\"target\":[\"https:\/\/www.dataslatitudes.com\/sosuniversal\/ja\/ecran-principal\/mode-emploi-contact\/\"]}]},{\"@type\":\"ImageObject\",\"inLanguage\":\"ja\",\"@id\":\"https:\/\/www.dataslatitudes.com\/sosuniversal\/ja\/ecran-principal\/mode-emploi-contact\/#primaryimage\",\"url\":\"http:\/\/www.dataslatitudes.com\/sosuniversal\/wp-content\/uploads\/2025\/07\/fr_contact_gestion_puce-459x1024.webp\",\"contentUrl\":\"http:\/\/www.dataslatitudes.com\/sosuniversal\/wp-content\/uploads\/2025\/07\/fr_contact_gestion_puce-459x1024.webp\"},{\"@type\":\"BreadcrumbList\",\"@id\":\"https:\/\/www.dataslatitudes.com\/sosuniversal\/ja\/ecran-principal\/mode-emploi-contact\/#breadcrumb\",\"itemListElement\":[{\"@type\":\"ListItem\",\"position\":1,\"name\":\"\u30d7\u30ec\u30bc\u30f3\u30c6\u30fc\u30b7\u30e7\u30f3\",\"item\":\"https:\/\/www.dataslatitudes.com\/sosuniversal\/fr\/\"},{\"@type\":\"ListItem\",\"position\":2,\"name\":\"\u30e1\u30a4\u30f3\u753b\u9762\",\"item\":\"https:\/\/www.dataslatitudes.com\/sosuniversal\/ecran-principal\/\"},{\"@type\":\"ListItem\",\"position\":3,\"name\":\"\u9023\u7d61\u5148\u306e\u7ba1\u7406\"}]},{\"@type\":\"WebSite\",\"@id\":\"https:\/\/www.dataslatitudes.com\/sosuniversal\/ja\/#website\",\"url\":\"https:\/\/www.dataslatitudes.com\/sosuniversal\/ja\/\",\"name\":\"SOS Universal\",\"description\":\"\",\"publisher\":{\"@id\":\"https:\/\/www.dataslatitudes.com\/sosuniversal\/ja\/#organization\"},\"potentialAction\":[{\"@type\":\"SearchAction\",\"target\":{\"@type\":\"EntryPoint\",\"urlTemplate\":\"https:\/\/www.dataslatitudes.com\/sosuniversal\/ja\/?s={search_term_string}\"},\"query-input\":{\"@type\":\"PropertyValueSpecification\",\"valueRequired\":true,\"valueName\":\"search_term_string\"}}],\"inLanguage\":\"ja\"},{\"@type\":\"Organization\",\"@id\":\"https:\/\/www.dataslatitudes.com\/sosuniversal\/ja\/#organization\",\"name\":\"DATASLATITUDES\",\"url\":\"https:\/\/www.dataslatitudes.com\/sosuniversal\/ja\/\",\"logo\":{\"@type\":\"ImageObject\",\"inLanguage\":\"ja\",\"@id\":\"https:\/\/www.dataslatitudes.com\/sosuniversal\/ja\/#\/schema\/logo\/image\/\",\"url\":\"https:\/\/www.dataslatitudes.com\/sosuniversal\/wp-content\/uploads\/2025\/07\/logo_mrdv.png\",\"contentUrl\":\"https:\/\/www.dataslatitudes.com\/sosuniversal\/wp-content\/uploads\/2025\/07\/logo_mrdv.png\",\"width\":72,\"height\":72,\"caption\":\"DATASLATITUDES\"},\"image\":{\"@id\":\"https:\/\/www.dataslatitudes.com\/sosuniversal\/ja\/#\/schema\/logo\/image\/\"}}]}<\/script>\n<!-- \/ Yoast SEO plugin. -->","yoast_head_json":{"title":"\u9023\u7d61\u5148\u306e\u7ba1\u7406","description":"\u9023\u7d61\u5148\u306f\u3001\u30a2\u30e9\u30fc\u30c8\u304c\u30c8\u30ea\u30ac\u30fc\u3055\u308c\u305f\u3068\u304d\u306b\uff08\u96fb\u8a71\u307e\u305f\u306fSMS\u3067\uff09\u901a\u77e5\u307e\u305f\u306f\u8981\u6c42\u3055\u308c\u308b\u3001\u3042\u306a\u305f\u304c\u9078\u629e\u3057\u305f\u4fe1\u983c\u3067\u304d\u308b\u4eba\u3067\u3059\u3002\u30b9\u30de\u30fc\u30c8\u30d5\u30a9\u30f3\u306e\u30a2\u30c9\u30ec\u30b9\u5e33\u304b\u3089\u53d6\u5f97\u3067\u304d\u307e\u3059\u3002\u9023\u7d61\u5148\u306f\u512a\u5148\u9806\u4f4d\u3092\u4ed8\u3051\u3089\u308c\u3001\u901a\u77e5\u3055\u308c\u307e\u3059\u3002\u9023\u7d61\u5148\u306f\u4e00\u6642\u7684\u306b\u7121\u52b9\u306b\u3067\u304d\u307e\u3059\u3002","robots":{"index":"index","follow":"follow","max-snippet":"max-snippet:-1","max-image-preview":"max-image-preview:large","max-video-preview":"max-video-preview:-1"},"canonical":"\u9023\u7d61\u5148\u306e\u7ba1\u7406 \u9023\u7d61\u5148\u306f\u3001\u30a2\u30e9\u30fc\u30c8\u304c\u30c8\u30ea\u30ac\u30fc\u3055\u308c\u305f\u3068\u304d\u306b\uff08\u96fb\u8a71\u307e\u305f\u306fSMS\u3067\uff09\u901a\u77e5\u307e\u305f\u306f\u8981\u6c42\u3055\u308c\u308b\u3001\u3042\u306a\u305f\u304c\u9078\u629e&hellip;","og_locale":"ja_JP","og_type":"article","og_title":"\u9023\u7d61\u5148\u306e\u7ba1\u7406","og_description":"\u9023\u7d61\u5148\u306f\u3001\u30a2\u30e9\u30fc\u30c8\u304c\u30c8\u30ea\u30ac\u30fc\u3055\u308c\u305f\u3068\u304d\u306b\uff08\u96fb\u8a71\u307e\u305f\u306fSMS\u3067\uff09\u901a\u77e5\u307e\u305f\u306f\u8981\u6c42\u3055\u308c\u308b\u3001\u3042\u306a\u305f\u304c\u9078\u629e\u3057\u305f\u4fe1\u983c\u3067\u304d\u308b\u4eba\u3067\u3059\u3002\u30b9\u30de\u30fc\u30c8\u30d5\u30a9\u30f3\u306e\u30a2\u30c9\u30ec\u30b9\u5e33\u304b\u3089\u53d6\u5f97\u3067\u304d\u307e\u3059\u3002\u9023\u7d61\u5148\u306f\u512a\u5148\u9806\u4f4d\u3092\u4ed8\u3051\u3089\u308c\u3001\u901a\u77e5\u3055\u308c\u307e\u3059\u3002\u9023\u7d61\u5148\u306f\u4e00\u6642\u7684\u306b\u7121\u52b9\u306b\u3067\u304d\u307e\u3059\u3002","og_url":"https:\/\/www.dataslatitudes.com\/sosuniversal\/ja\/ecran-principal\/mode-emploi-contact\/","og_site_name":"SOS Universal","article_modified_time":"2025-07-21T15:59:54+00:00","twitter_card":"summary_large_image","twitter_misc":{"\u63a8\u5b9a\u8aad\u307f\u53d6\u308a\u6642\u9593":"3\u5206"},"schema":{"@context":"https:\/\/schema.org","@graph":[{"@type":"WebPage","@id":"https:\/\/www.dataslatitudes.com\/sosuniversal\/ja\/ecran-principal\/mode-emploi-contact\/","url":"https:\/\/www.dataslatitudes.com\/sosuniversal\/ja\/ecran-principal\/mode-emploi-contact\/","name":"Gestion des contacts - SOS Universal","isPartOf":{"@id":"https:\/\/www.dataslatitudes.com\/sosuniversal\/#website"},"primaryImageOfPage":{"@id":"https:\/\/www.dataslatitudes.com\/sosuniversal\/ja\/ecran-principal\/mode-emploi-contact\/#primaryimage"},"image":{"@id":"https:\/\/www.dataslatitudes.com\/sosuniversal\/ja\/ecran-principal\/mode-emploi-contact\/#primaryimage"},"thumbnailUrl":"http:\/\/www.dataslatitudes.com\/sosuniversal\/wp-content\/uploads\/2025\/07\/fr_contact_gestion_puce-459x1024.webp","datePublished":"2025-06-12T17:37:24+00:00","dateModified":"2025-07-21T15:59:54+00:00","description":"Les contacts sont les personnes de confiance de votre choix qui sont pr\u00e9venues ou sollicit\u00e9es (par appel t\u00e9l\u00e9phonique ou par SMS) lorsqu\u2019une alerte est d\u00e9clench\u00e9e. Il est possible de r\u00e9cup\u00e9rer ceux du carnet d'adresses du smartphone. Les contacts peuvent \u00eatre prioris\u00e9s et ils sont inform\u00e9s. Un contact peut \u00eatre d\u00e9sactiv\u00e9 momentan\u00e9ment.","breadcrumb":{"@id":"https:\/\/www.dataslatitudes.com\/sosuniversal\/ja\/ecran-principal\/mode-emploi-contact\/#breadcrumb"},"inLanguage":"ja","potentialAction":[{"@type":"ReadAction","target":["https:\/\/www.dataslatitudes.com\/sosuniversal\/ja\/ecran-principal\/mode-emploi-contact\/"]}]},{"@type":"ImageObject","inLanguage":"ja","@id":"https:\/\/www.dataslatitudes.com\/sosuniversal\/ja\/ecran-principal\/mode-emploi-contact\/#primaryimage","url":"http:\/\/www.dataslatitudes.com\/sosuniversal\/wp-content\/uploads\/2025\/07\/fr_contact_gestion_puce-459x1024.webp","contentUrl":"http:\/\/www.dataslatitudes.com\/sosuniversal\/wp-content\/uploads\/2025\/07\/fr_contact_gestion_puce-459x1024.webp"},{"@type":"BreadcrumbList","@id":"https:\/\/www.dataslatitudes.com\/sosuniversal\/ja\/ecran-principal\/mode-emploi-contact\/#breadcrumb","itemListElement":[{"@type":"ListItem","position":1,"name":"\u30d7\u30ec\u30bc\u30f3\u30c6\u30fc\u30b7\u30e7\u30f3","item":"https:\/\/www.dataslatitudes.com\/sosuniversal\/fr\/"},{"@type":"ListItem","position":2,"name":"\u30e1\u30a4\u30f3\u753b\u9762","item":"https:\/\/www.dataslatitudes.com\/sosuniversal\/ecran-principal\/"},{"@type":"ListItem","position":3,"name":"\u9023\u7d61\u5148\u306e\u7ba1\u7406"}]},{"@type":"WebSite","@id":"https:\/\/www.dataslatitudes.com\/sosuniversal\/ja\/#website","url":"https:\/\/www.dataslatitudes.com\/sosuniversal\/ja\/","name":"SOS Universal","description":"","publisher":{"@id":"https:\/\/www.dataslatitudes.com\/sosuniversal\/ja\/#organization"},"potentialAction":[{"@type":"SearchAction","target":{"@type":"EntryPoint","urlTemplate":"https:\/\/www.dataslatitudes.com\/sosuniversal\/ja\/?s={search_term_string}"},"query-input":{"@type":"PropertyValueSpecification","valueRequired":true,"valueName":"search_term_string"}}],"inLanguage":"ja"},{"@type":"Organization","@id":"https:\/\/www.dataslatitudes.com\/sosuniversal\/ja\/#organization","name":"DATASLATITUDES","url":"https:\/\/www.dataslatitudes.com\/sosuniversal\/ja\/","logo":{"@type":"ImageObject","inLanguage":"ja","@id":"https:\/\/www.dataslatitudes.com\/sosuniversal\/ja\/#\/schema\/logo\/image\/","url":"https:\/\/www.dataslatitudes.com\/sosuniversal\/wp-content\/uploads\/2025\/07\/logo_mrdv.png","contentUrl":"https:\/\/www.dataslatitudes.com\/sosuniversal\/wp-content\/uploads\/2025\/07\/logo_mrdv.png","width":72,"height":72,"caption":"DATASLATITUDES"},"image":{"@id":"https:\/\/www.dataslatitudes.com\/sosuniversal\/ja\/#\/schema\/logo\/image\/"}}]}},"_links":{"self":[{"href":"https:\/\/www.dataslatitudes.com\/sosuniversal\/ja\/wp-json\/wp\/v2\/pages\/187","targetHints":{"allow":["GET"]}}],"collection":[{"href":"https:\/\/www.dataslatitudes.com\/sosuniversal\/ja\/wp-json\/wp\/v2\/pages"}],"about":[{"href":"https:\/\/www.dataslatitudes.com\/sosuniversal\/ja\/wp-json\/wp\/v2\/types\/page"}],"author":[{"embeddable":true,"href":"https:\/\/www.dataslatitudes.com\/sosuniversal\/ja\/wp-json\/wp\/v2\/users\/1"}],"replies":[{"embeddable":true,"href":"https:\/\/www.dataslatitudes.com\/sosuniversal\/ja\/wp-json\/wp\/v2\/comments?post=187"}],"version-history":[{"count":47,"href":"https:\/\/www.dataslatitudes.com\/sosuniversal\/ja\/wp-json\/wp\/v2\/pages\/187\/revisions"}],"predecessor-version":[{"id":1050,"href":"https:\/\/www.dataslatitudes.com\/sosuniversal\/ja\/wp-json\/wp\/v2\/pages\/187\/revisions\/1050"}],"up":[{"embeddable":true,"href":"https:\/\/www.dataslatitudes.com\/sosuniversal\/ja\/wp-json\/wp\/v2\/pages\/14"}],"wp:attachment":[{"href":"https:\/\/www.dataslatitudes.com\/sosuniversal\/ja\/wp-json\/wp\/v2\/media?parent=187"}],"curies":[{"name":"wp","href":"https:\/\/api.w.org\/{rel}","templated":true}]}}