{"id":185,"date":"2025-06-12T17:24:48","date_gmt":"2025-06-12T17:24:48","guid":{"rendered":"https:\/\/www.dataslatitudes.com\/sosuniversal\/index.php\/politique-de-confidentialite\/"},"modified":"2025-08-14T10:02:03","modified_gmt":"2025-08-14T10:02:03","slug":"mentions-legales","status":"publish","type":"page","link":"https:\/\/www.dataslatitudes.com\/sosuniversal\/ja\/mentions-legales\/","title":{"rendered":"\u6cd5\u7684\u901a\u77e5"},"content":{"rendered":"\r\n<p class=\"has-small-font-size\"><\/p>\r\n\r\n\r\n\r\n<h1 class=\"wp-block-heading has-text-align-center has-medium-font-size\"><strong>\u6cd5\u7684\u901a\u77e5<\/strong><\/h1>\r\n\r\n\r\n\r\n<h2 class=\"wp-block-heading has-background\" style=\"background-color:#f9f3eb;margin-top:var(--wp--preset--spacing--20);margin-bottom:var(--wp--preset--spacing--20);padding-top:var(--wp--preset--spacing--30);padding-bottom:var(--wp--preset--spacing--30);font-size:1.2rem\">1. \u30a2\u30d7\u30ea\u30b1\u30fc\u30b7\u30e7\u30f3\u767a\u884c\u8005\u306b\u95a2\u3059\u308b\u60c5\u5831<\/h2>\r\n\r\n\r\n\r\n<p style=\"margin-top:0;margin-bottom:0;font-size:1rem\">\u3053\u306e\u30a6\u30a7\u30d6\u30b5\u30a4\u30c8\u304a\u3088\u3073\u30e2\u30d0\u30a4\u30eb\u30a2\u30d7\u30ea\u30b1\u30fc\u30b7\u30e7\u30f3SOS Universal\u306f\u3001DATASLATITUDES\u306b\u3088\u3063\u3066\u767a\u884c\u3055\u308c\u3066\u3044\u307e\u3059\u3002<\/p>\r\n\r\n\r\n\r\n<p style=\"font-size:1rem\">\u30e1\u30fc\u30eb\u30a2\u30c9\u30ec\u30b9\u307e\u3067\u304a\u554f\u3044\u5408\u308f\u305b\u304f\u3060\u3055\u3044\uff1a <strong>hotline.sos_universal@dataslatitudes.com<\/strong><\/p>\r\n\r\n\r\n\r\n<h2 class=\"wp-block-heading has-background\" style=\"background-color:#f9f3eb;margin-top:var(--wp--preset--spacing--20);margin-bottom:var(--wp--preset--spacing--20);padding-top:var(--wp--preset--spacing--30);padding-bottom:var(--wp--preset--spacing--30);font-size:1.2rem\">2. \u30db\u30b9\u30c6\u30a3\u30f3\u30b0<\/h2>\r\n\r\n\r\n\r\n<p style=\"margin-top:0;margin-bottom:0\">SOS Universal\u306f\u3001\u30c0\u30a6\u30f3\u30ed\u30fc\u30c9\u30d7\u30e9\u30c3\u30c8\u30d5\u30a9\u30fc\u30e0\uff08Google Play\u30b9\u30c8\u30a2\u3068\u8fd1\u65e5\u516c\u958b\u4e88\u5b9a\u306eApp Store\uff09\u3092\u901a\u3058\u3066\u914d\u5e03\u3055\u308c\u308b\u30e2\u30d0\u30a4\u30eb\u30a2\u30d7\u30ea\u30b1\u30fc\u30b7\u30e7\u30f3\u3067\u3059\u3002\u30e6\u30fc\u30b6\u30fc\u30c7\u30fc\u30bf\u306f\u3001\u30e6\u30fc\u30b6\u30fc\u81ea\u8eab\u306e\u30c7\u30d0\u30a4\u30b9\u306b\u30ed\u30fc\u30ab\u30eb\u306b\u6392\u4ed6\u7684\u306b\u4fdd\u5b58\u3055\u308c\u308b\u3053\u3068\u304c\u660e\u8a18\u3055\u308c\u3066\u3044\u307e\u3059\u3002<\/p>\r\n\r\n\r\n\r\n<p style=\"margin-top:0;margin-bottom:0;padding-top:0;padding-bottom:0\">\u914d\u5e03\u30d7\u30e9\u30c3\u30c8\u30d5\u30a9\u30fc\u30e0\u306e\u30b5\u30fc\u30d0\u30fc\u306f\u3001\u30a2\u30d7\u30ea\u30b1\u30fc\u30b7\u30e7\u30f3\u306e\u30a4\u30f3\u30b9\u30c8\u30fc\u30eb\u30d5\u30a1\u30a4\u30eb\u3092\u30db\u30b9\u30c8\u3057\u3066\u3044\u307e\u3059\u3002<\/p>\r\n\r\n\r\n\r\n<ul style=\"margin-top:0;margin-bottom:0\" class=\"wp-block-list\">\r\n<li style=\"margin-top:0;margin-bottom:0;padding-top:var(--wp--preset--spacing--20);padding-bottom:var(--wp--preset--spacing--20)\">\u30e2\u30d0\u30a4\u30eb\u30a2\u30d7\u30ea\u30b1\u30fc\u30b7\u30e7\u30f3\u306e\u30db\u30b9\u30c8\uff1a\r\n<ul class=\"wp-block-list\">\r\n<li style=\"margin-top:0;margin-bottom:0\"><strong>Android\u7528\uff1a <\/strong>Google LLC, 1600 Amphitheatre Parkway, Mountain View, CA 94043, USA<\/li>\r\n\r\n\r\n\r\n<li><strong>iOS\u7528\uff1a <\/strong>Apple Inc., One Apple Park Way, Cupertino, CA 95014, USA<\/li>\r\n<\/ul>\r\n<\/li>\r\n\r\n\r\n\r\n<li>\u3053\u306e\u30a6\u30a7\u30d6\u30b5\u30a4\u30c8\u306e\u30db\u30b9\u30c8\uff1a <strong>AlwaysData<\/strong>, 91 Rue du Faubourg Saint-Honor\u00e9, 75008 Paris<\/li>\r\n<\/ul>\r\n\r\n\r\n\r\n<p class=\"has-small-font-size\"><\/p>\r\n\r\n\r\n\r\n<h2 class=\"wp-block-heading has-background\" style=\"background-color:#f9f3eb;margin-top:var(--wp--preset--spacing--20);margin-bottom:var(--wp--preset--spacing--20);padding-top:var(--wp--preset--spacing--30);padding-bottom:var(--wp--preset--spacing--30);font-size:1.2rem\">3. \u77e5\u7684\u8ca1\u7523<\/h2>\r\n\r\n\r\n\r\n<p style=\"margin-top:0;margin-bottom:0\">\u3053\u306e\u30a6\u30a7\u30d6\u30b5\u30a4\u30c8\u304a\u3088\u3073SOS Universal\u30a2\u30d7\u30ea\u30b1\u30fc\u30b7\u30e7\u30f3\u5168\u4f53\uff08\u69cb\u9020\u3001\u30a4\u30f3\u30bf\u30fc\u30d5\u30a7\u30fc\u30b9\u3001\u30bd\u30fc\u30b9\u30b3\u30fc\u30c9\u3001\u30b0\u30e9\u30d5\u30a3\u30c3\u30af\u30c7\u30b6\u30a4\u30f3\u3001\u30a2\u30a4\u30b3\u30f3\u3001\u30c6\u30ad\u30b9\u30c8\u3001\u753b\u50cf\u3001\u305d\u306e\u4ed6\u306e\u30b3\u30f3\u30c6\u30f3\u30c4\u3092\u542b\u3080\uff09\u306f\u3001\u767a\u884c\u5143DATASLATITUDES\u306e\u72ec\u5360\u7684\u8ca1\u7523\u3067\u3059\u3002<\/p>\r\n\r\n\r\n\r\n<p style=\"margin-top:var(--wp--preset--spacing--30);margin-bottom:var(--wp--preset--spacing--30)\">\u30a2\u30d7\u30ea\u30b1\u30fc\u30b7\u30e7\u30f3\u307e\u305f\u306f\u305d\u306e\u30b3\u30f3\u30c6\u30f3\u30c4\u3001\u3042\u308b\u3044\u306f\u30a6\u30a7\u30d6\u30b5\u30a4\u30c8\u306e\u5168\u90e8\u307e\u305f\u306f\u4e00\u90e8\u306e\u8907\u88fd\u3001\u8868\u793a\u3001\u5909\u66f4\u3001\u516c\u958b\u3001\u9001\u4fe1\u3001\u307e\u305f\u306f\u6539\u3056\u3093\u306f\u3001\u3044\u304b\u306a\u308b\u624b\u6bb5\u304a\u3088\u3073\u3044\u304b\u306a\u308b\u5a92\u4f53\u3067\u3042\u3063\u3066\u3082\u56fa\u304f\u7981\u3058\u3089\u308c\u3066\u3044\u307e\u3059\u3002<\/p>\r\n\r\n\r\n\r\n<p>\u30a6\u30a7\u30d6\u30b5\u30a4\u30c8\u3001\u30a2\u30d7\u30ea\u30b1\u30fc\u30b7\u30e7\u30f3\u3001\u307e\u305f\u306f\u305d\u306e\u69cb\u6210\u8981\u7d20\u306e\u7121\u8a31\u53ef\u306e\u5229\u7528\u306f\u3001\u8457\u4f5c\u6a29\u4fb5\u5bb3\u3068\u307f\u306a\u3055\u308c\u3001\u5211\u4e8b\u7f70\u306e\u5bfe\u8c61\u3068\u306a\u308a\u307e\u3059\u3002<\/p>\r\n\r\n\r\n\r\n<h2 class=\"wp-block-heading has-background\" style=\"background-color:#f9f3eb;margin-top:var(--wp--preset--spacing--20);margin-bottom:var(--wp--preset--spacing--20);padding-top:var(--wp--preset--spacing--30);padding-bottom:var(--wp--preset--spacing--30);font-size:1.2rem\">4. \u5916\u90e8\u30ea\u30f3\u30af<\/h2>\r\n\r\n\r\n\r\n<p style=\"margin-top:0;margin-bottom:0\">\u3053\u306e\u30a2\u30d7\u30ea\u30b1\u30fc\u30b7\u30e7\u30f3\u306b\u306f\u3001\u30b8\u30aa\u30ed\u30b1\u30fc\u30b7\u30e7\u30f3\u306e\u305f\u3081\u306b\u3001\u7279\u306bGoogleMaps\uff08\u307e\u305f\u306fOpenStreetMap\uff09\u306a\u3069\u306e\u30b5\u30fc\u30c9\u30d1\u30fc\u30c6\u30a3\u306e\u30b5\u30a4\u30c8\u3084\u30b5\u30fc\u30d3\u30b9\u3078\u306e\u30cf\u30a4\u30d1\u30fc\u30ea\u30f3\u30af\u304c\u542b\u307e\u308c\u308b\u5834\u5408\u304c\u3042\u308a\u307e\u3059\u3002\u767a\u884c\u8005\u306f\u3001\u3053\u308c\u3089\u306e\u30b5\u30fc\u30c9\u30d1\u30fc\u30c6\u30a3\u306e\u30b5\u30a4\u30c8\u306e\u30b3\u30f3\u30c6\u30f3\u30c4\u3084\u3001\u305d\u308c\u3089\u304c\u9069\u7528\u3059\u308b\u30d7\u30e9\u30a4\u30d0\u30b7\u30fc\u6163\u884c\u306b\u3064\u3044\u3066\u8cac\u4efb\u3092\u8ca0\u3046\u3053\u3068\u306f\u3067\u304d\u307e\u305b\u3093\u3002\u30e6\u30fc\u30b6\u30fc\u306f\u3001\u3053\u308c\u3089\u306e\u30b5\u30a4\u30c8\u307e\u305f\u306f\u30b5\u30fc\u30d3\u30b9\u306e\u4e00\u822c\u898f\u7d04\u304a\u3088\u3073\u30d7\u30e9\u30a4\u30d0\u30b7\u30fc\u30dd\u30ea\u30b7\u30fc\u3092\u53c2\u7167\u3059\u308b\u3053\u3068\u3092\u304a\u52e7\u3081\u3057\u307e\u3059\u3002<\/p>\r\n\r\n\r\n\r\n<p class=\"has-small-font-size\"><\/p>\r\n\r\n\r\n\r\n<h2 class=\"wp-block-heading has-background\" style=\"background-color:#f9f3eb;margin-top:var(--wp--preset--spacing--20);margin-bottom:var(--wp--preset--spacing--20);padding-top:var(--wp--preset--spacing--30);padding-bottom:var(--wp--preset--spacing--30);font-size:1.2rem\">5. \u8cac\u4efb<\/h2>\r\n\r\n\r\n\r\n<p style=\"margin-top:0;margin-bottom:0\">\u767a\u884c\u5143\u306f\u3001\u30a2\u30d7\u30ea\u30b1\u30fc\u30b7\u30e7\u30f3\u306e\u60c5\u5831\u3068\u6a5f\u80fd\u306e\u4fe1\u983c\u6027\u3068\u6b63\u78ba\u6027\u3092\u4fdd\u8a3c\u3059\u308b\u3088\u3046\u52aa\u3081\u3066\u3044\u307e\u3059\u3002\u305f\u3060\u3057\u3001\u767a\u884c\u5143\u306f\u3001\u30a2\u30d7\u30ea\u30b1\u30fc\u30b7\u30e7\u30f3\u306b\u30a8\u30e9\u30fc\u3001\u30d0\u30b0\u3001\u307e\u305f\u306f\u4e2d\u65ad\u304c\u306a\u3044\u3053\u3068\u3092\u4fdd\u8a3c\u3067\u304d\u307e\u305b\u3093\u3002<br><strong>\u91cd\u8981\u306a\u304a\u77e5\u3089\u305b\uff1a <\/strong>SOS Universal\u30a2\u30d7\u30ea\u30b1\u30fc\u30b7\u30e7\u30f3\u306f\u3042\u304f\u307e\u3067\u652f\u63f4\u30c4\u30fc\u30eb\u3067\u3059\u3002 <strong>\u3044\u304b\u306a\u308b\u5834\u5408\u3082\u3001\u516c\u5f0f\u306e\u7dca\u6025\u30b5\u30fc\u30d3\u30b9\u306b\u4ee3\u308f\u308b\u3082\u306e\u3067\u306f\u3042\u308a\u307e\u305b\u3093\u3002 <\/strong>\u767a\u884c\u5143\u306f\u3001\u30a2\u30d7\u30ea\u30b1\u30fc\u30b7\u30e7\u30f3\u306e\u8aa4\u7528\u3001\u307e\u305f\u306f\u305d\u306e\u7ba1\u7406\u4e0b\u306b\u306a\u3044\u901a\u4fe1\u30b5\u30fc\u30d3\u30b9\uff08\u30e2\u30d0\u30a4\u30eb\u30cd\u30c3\u30c8\u30ef\u30fc\u30af\u3001SMS\uff09\u306e\u969c\u5bb3\u306b\u3064\u3044\u3066\u4e00\u5207\u306e\u8cac\u4efb\u3092\u8ca0\u3044\u307e\u305b\u3093\u3002<\/p>\r\n\r\n\r\n\r\n<p class=\"has-small-font-size\"><\/p>\r\n\r\n\r\n\r\n<h2 class=\"wp-block-heading has-background\" style=\"background-color:#f9f3eb;margin-top:var(--wp--preset--spacing--20);margin-bottom:var(--wp--preset--spacing--20);padding-top:var(--wp--preset--spacing--30);padding-bottom:var(--wp--preset--spacing--30);font-size:1.2rem\">6. \u30af\u30ec\u30b8\u30c3\u30c8\uff08\u672c\u30a6\u30a7\u30d6\u30b5\u30a4\u30c8\u304a\u3088\u3073SOS Universal\u30a2\u30d7\u30ea\u30b1\u30fc\u30b7\u30e7\u30f3\u7528\uff09<\/h2>\r\n\r\n\r\n\r\n<ul style=\"margin-top:0;margin-bottom:0;padding-top:0;padding-bottom:0\" class=\"wp-block-list\">\r\n<li style=\"margin-top:0;margin-bottom:0;padding-top:0;padding-bottom:0\"><strong>\u8abf\u67fb\u3068\u8a2d\u8a08\uff1a <\/strong>DATASLATITUDES<\/li>\r\n\r\n\r\n\r\n<li><strong>\u958b\u767a\uff1a <\/strong>DATASLATITUDES<\/li>\r\n<\/ul>\r\n\r\n\r\n\r\n<p class=\"has-medium-font-size\"><\/p>\r\n\r\n\r\n\r\n<p class=\"has-medium-font-size\"><\/p>\r\n","protected":false},"excerpt":{"rendered":"<p>\u6cd5\u7684\u901a\u77e5 1. \u30a2\u30d7\u30ea\u30b1\u30fc\u30b7\u30e7\u30f3\u767a\u884c\u8005\u306b [&hellip;]<\/p>\n","protected":false},"author":1,"featured_media":0,"parent":0,"menu_order":5,"comment_status":"closed","ping_status":"closed","template":"","meta":{"site-sidebar-layout":"default","site-content-layout":"","ast-site-content-layout":"default","site-content-style":"default","site-sidebar-style":"default","ast-global-header-display":"","ast-banner-title-visibility":"","ast-main-header-display":"","ast-hfb-above-header-display":"","ast-hfb-below-header-display":"","ast-hfb-mobile-header-display":"","site-post-title":"disabled","ast-breadcrumbs-content":"","ast-featured-img":"","footer-sml-layout":"","theme-transparent-header-meta":"","adv-header-id-meta":"","stick-header-meta":"","header-above-stick-meta":"","header-main-stick-meta":"","header-below-stick-meta":"","astra-migrate-meta-layouts":"default","ast-page-background-enabled":"default","ast-page-background-meta":{"desktop":{"background-color":"var(--ast-global-color-5)","background-image":"","background-repeat":"repeat","background-position":"center center","background-size":"auto","background-attachment":"scroll","background-type":"","background-media":"","overlay-type":"","overlay-color":"","overlay-opacity":"","overlay-gradient":""},"tablet":{"background-color":"","background-image":"","background-repeat":"repeat","background-position":"center center","background-size":"auto","background-attachment":"scroll","background-type":"","background-media":"","overlay-type":"","overlay-color":"","overlay-opacity":"","overlay-gradient":""},"mobile":{"background-color":"","background-image":"","background-repeat":"repeat","background-position":"center center","background-size":"auto","background-attachment":"scroll","background-type":"","background-media":"","overlay-type":"","overlay-color":"","overlay-opacity":"","overlay-gradient":""}},"ast-content-background-meta":{"desktop":{"background-color":"var(--ast-global-color-4)","background-image":"","background-repeat":"repeat","background-position":"center center","background-size":"auto","background-attachment":"scroll","background-type":"","background-media":"","overlay-type":"","overlay-color":"","overlay-opacity":"","overlay-gradient":""},"tablet":{"background-color":"var(--ast-global-color-4)","background-image":"","background-repeat":"repeat","background-position":"center center","background-size":"auto","background-attachment":"scroll","background-type":"","background-media":"","overlay-type":"","overlay-color":"","overlay-opacity":"","overlay-gradient":""},"mobile":{"background-color":"var(--ast-global-color-4)","background-image":"","background-repeat":"repeat","background-position":"center center","background-size":"auto","background-attachment":"scroll","background-type":"","background-media":"","overlay-type":"","overlay-color":"","overlay-opacity":"","overlay-gradient":""}},"footnotes":""},"class_list":["post-185","page","type-page","status-publish","hentry"],"yoast_head":"<!-- This site is optimized with the Yoast SEO plugin v25.6 - https:\/\/yoast.com\/wordpress\/plugins\/seo\/ -->\n<title>\u6cd5\u7684\u901a\u77e5<\/title>\n<meta name=\"description\" content=\"\u672c\u6cd5\u7684\u901a\u77e5\u306f\u3001\u30a2\u30d7\u30ea\u30b1\u30fc\u30b7\u30e7\u30f3\u306e\u767a\u884c\u5143\u306b\u95a2\u3059\u308b\u60c5\u5831\u3001\u30db\u30b9\u30c6\u30a3\u30f3\u30b0\u3001\u77e5\u7684\u8ca1\u7523\u3001\u5916\u90e8\u30ea\u30f3\u30af\u3001DATASLATITUDES\u306e\u8cac\u4efb\u3068\u30af\u30ec\u30b8\u30c3\u30c8\uff08\u672c\u30a6\u30a7\u30d6\u30b5\u30a4\u30c8\u304a\u3088\u3073SOS Universal\u30a2\u30d7\u30ea\u30b1\u30fc\u30b7\u30e7\u30f3\u7528\uff09\u306b\u95a2\u3059\u308b\u5074\u9762\u3092\u307e\u3068\u3081\u305f\u3082\u306e\u3067\u3059\u3002\" \/>\n<meta name=\"robots\" content=\"index, follow, max-snippet:-1, max-image-preview:large, max-video-preview:-1\" \/>\n<link rel=\"canonical\" href=\"http:\/\/\u6cd5\u7684\u901a\u77e5%201.%20\u30a2\u30d7\u30ea\u30b1\u30fc\u30b7\u30e7\u30f3\u767a\u884c\u8005\u306b\u95a2\u3059\u308b\u60c5\u5831%20\u3053\u306e\u30a6\u30a7\u30d6\u30b5\u30a4\u30c8\u304a\u3088\u3073\u30e2\u30d0\u30a4\u30eb\u30a2\u30d7\u30ea\u30b1\u30fc\u30b7\u30e7\u30f3SOS%20Un&hellip;\" \/>\n<meta property=\"og:locale\" content=\"ja_JP\" \/>\n<meta property=\"og:type\" content=\"article\" \/>\n<meta property=\"og:title\" content=\"\u6cd5\u7684\u901a\u77e5\" \/>\n<meta property=\"og:description\" content=\"\u672c\u6cd5\u7684\u901a\u77e5\u306f\u3001\u30a2\u30d7\u30ea\u30b1\u30fc\u30b7\u30e7\u30f3\u306e\u767a\u884c\u5143\u306b\u95a2\u3059\u308b\u60c5\u5831\u3001\u30db\u30b9\u30c6\u30a3\u30f3\u30b0\u3001\u77e5\u7684\u8ca1\u7523\u3001\u5916\u90e8\u30ea\u30f3\u30af\u3001DATASLATITUDES\u306e\u8cac\u4efb\u3068\u30af\u30ec\u30b8\u30c3\u30c8\uff08\u672c\u30a6\u30a7\u30d6\u30b5\u30a4\u30c8\u304a\u3088\u3073SOS Universal\u30a2\u30d7\u30ea\u30b1\u30fc\u30b7\u30e7\u30f3\u7528\uff09\u306b\u95a2\u3059\u308b\u5074\u9762\u3092\u307e\u3068\u3081\u305f\u3082\u306e\u3067\u3059\u3002\" \/>\n<meta property=\"og:url\" content=\"https:\/\/www.dataslatitudes.com\/sosuniversal\/ja\/mentions-legales\/\" \/>\n<meta property=\"og:site_name\" content=\"SOS Universal\" \/>\n<meta property=\"article:modified_time\" content=\"2025-08-14T10:02:03+00:00\" \/>\n<meta name=\"twitter:card\" content=\"summary_large_image\" \/>\n<meta name=\"twitter:label1\" content=\"\u63a8\u5b9a\u8aad\u307f\u53d6\u308a\u6642\u9593\" \/>\n\t<meta name=\"twitter:data1\" content=\"3\u5206\" \/>\n<script type=\"application\/ld+json\" class=\"yoast-schema-graph\">{\"@context\":\"https:\/\/schema.org\",\"@graph\":[{\"@type\":\"WebPage\",\"@id\":\"https:\/\/www.dataslatitudes.com\/sosuniversal\/ja\/mentions-legales\/\",\"url\":\"https:\/\/www.dataslatitudes.com\/sosuniversal\/ja\/mentions-legales\/\",\"name\":\"Mentions l\u00e9gales - SOS Universal\",\"isPartOf\":{\"@id\":\"https:\/\/www.dataslatitudes.com\/sosuniversal\/#website\"},\"datePublished\":\"2025-06-12T17:24:48+00:00\",\"dateModified\":\"2025-08-14T10:02:03+00:00\",\"description\":\"Les pr\u00e9sentes mentions l\u00e9gales r\u00e9capitulent les aspects relatifs aux informations sur l\u2019\u00e9diteur de l\u2019application, l'h\u00e9bergement, la propri\u00e9t\u00e9 Intellectuelle, les liens externes, la responsabilit\u00e9 et les cr\u00e9dits de DATASLATITUDES (pour le pr\u00e9sent site Web et l\u2019application SOS Universal).\",\"breadcrumb\":{\"@id\":\"https:\/\/www.dataslatitudes.com\/sosuniversal\/ja\/mentions-legales\/#breadcrumb\"},\"inLanguage\":\"ja\",\"potentialAction\":[{\"@type\":\"ReadAction\",\"target\":[\"https:\/\/www.dataslatitudes.com\/sosuniversal\/ja\/mentions-legales\/\"]}]},{\"@type\":\"BreadcrumbList\",\"@id\":\"https:\/\/www.dataslatitudes.com\/sosuniversal\/ja\/mentions-legales\/#breadcrumb\",\"itemListElement\":[{\"@type\":\"ListItem\",\"position\":1,\"name\":\"\u30d7\u30ec\u30bc\u30f3\u30c6\u30fc\u30b7\u30e7\u30f3\",\"item\":\"https:\/\/www.dataslatitudes.com\/sosuniversal\/fr\/\"},{\"@type\":\"ListItem\",\"position\":2,\"name\":\"\u6cd5\u7684\u901a\u77e5\"}]},{\"@type\":\"WebSite\",\"@id\":\"https:\/\/www.dataslatitudes.com\/sosuniversal\/ja\/#website\",\"url\":\"https:\/\/www.dataslatitudes.com\/sosuniversal\/ja\/\",\"name\":\"SOS Universal\",\"description\":\"\",\"publisher\":{\"@id\":\"https:\/\/www.dataslatitudes.com\/sosuniversal\/ja\/#organization\"},\"potentialAction\":[{\"@type\":\"SearchAction\",\"target\":{\"@type\":\"EntryPoint\",\"urlTemplate\":\"https:\/\/www.dataslatitudes.com\/sosuniversal\/ja\/?s={search_term_string}\"},\"query-input\":{\"@type\":\"PropertyValueSpecification\",\"valueRequired\":true,\"valueName\":\"search_term_string\"}}],\"inLanguage\":\"ja\"},{\"@type\":\"Organization\",\"@id\":\"https:\/\/www.dataslatitudes.com\/sosuniversal\/ja\/#organization\",\"name\":\"DATASLATITUDES\",\"url\":\"https:\/\/www.dataslatitudes.com\/sosuniversal\/ja\/\",\"logo\":{\"@type\":\"ImageObject\",\"inLanguage\":\"ja\",\"@id\":\"https:\/\/www.dataslatitudes.com\/sosuniversal\/ja\/#\/schema\/logo\/image\/\",\"url\":\"https:\/\/www.dataslatitudes.com\/sosuniversal\/wp-content\/uploads\/2025\/07\/logo_mrdv.png\",\"contentUrl\":\"https:\/\/www.dataslatitudes.com\/sosuniversal\/wp-content\/uploads\/2025\/07\/logo_mrdv.png\",\"width\":72,\"height\":72,\"caption\":\"DATASLATITUDES\"},\"image\":{\"@id\":\"https:\/\/www.dataslatitudes.com\/sosuniversal\/ja\/#\/schema\/logo\/image\/\"}}]}<\/script>\n<!-- \/ Yoast SEO plugin. -->","yoast_head_json":{"title":"\u6cd5\u7684\u901a\u77e5","description":"\u672c\u6cd5\u7684\u901a\u77e5\u306f\u3001\u30a2\u30d7\u30ea\u30b1\u30fc\u30b7\u30e7\u30f3\u306e\u767a\u884c\u5143\u306b\u95a2\u3059\u308b\u60c5\u5831\u3001\u30db\u30b9\u30c6\u30a3\u30f3\u30b0\u3001\u77e5\u7684\u8ca1\u7523\u3001\u5916\u90e8\u30ea\u30f3\u30af\u3001DATASLATITUDES\u306e\u8cac\u4efb\u3068\u30af\u30ec\u30b8\u30c3\u30c8\uff08\u672c\u30a6\u30a7\u30d6\u30b5\u30a4\u30c8\u304a\u3088\u3073SOS Universal\u30a2\u30d7\u30ea\u30b1\u30fc\u30b7\u30e7\u30f3\u7528\uff09\u306b\u95a2\u3059\u308b\u5074\u9762\u3092\u307e\u3068\u3081\u305f\u3082\u306e\u3067\u3059\u3002","robots":{"index":"index","follow":"follow","max-snippet":"max-snippet:-1","max-image-preview":"max-image-preview:large","max-video-preview":"max-video-preview:-1"},"canonical":"\u6cd5\u7684\u901a\u77e5 1. \u30a2\u30d7\u30ea\u30b1\u30fc\u30b7\u30e7\u30f3\u767a\u884c\u8005\u306b\u95a2\u3059\u308b\u60c5\u5831 \u3053\u306e\u30a6\u30a7\u30d6\u30b5\u30a4\u30c8\u304a\u3088\u3073\u30e2\u30d0\u30a4\u30eb\u30a2\u30d7\u30ea\u30b1\u30fc\u30b7\u30e7\u30f3SOS Un&hellip;","og_locale":"ja_JP","og_type":"article","og_title":"\u6cd5\u7684\u901a\u77e5","og_description":"\u672c\u6cd5\u7684\u901a\u77e5\u306f\u3001\u30a2\u30d7\u30ea\u30b1\u30fc\u30b7\u30e7\u30f3\u306e\u767a\u884c\u5143\u306b\u95a2\u3059\u308b\u60c5\u5831\u3001\u30db\u30b9\u30c6\u30a3\u30f3\u30b0\u3001\u77e5\u7684\u8ca1\u7523\u3001\u5916\u90e8\u30ea\u30f3\u30af\u3001DATASLATITUDES\u306e\u8cac\u4efb\u3068\u30af\u30ec\u30b8\u30c3\u30c8\uff08\u672c\u30a6\u30a7\u30d6\u30b5\u30a4\u30c8\u304a\u3088\u3073SOS Universal\u30a2\u30d7\u30ea\u30b1\u30fc\u30b7\u30e7\u30f3\u7528\uff09\u306b\u95a2\u3059\u308b\u5074\u9762\u3092\u307e\u3068\u3081\u305f\u3082\u306e\u3067\u3059\u3002","og_url":"https:\/\/www.dataslatitudes.com\/sosuniversal\/ja\/mentions-legales\/","og_site_name":"SOS Universal","article_modified_time":"2025-08-14T10:02:03+00:00","twitter_card":"summary_large_image","twitter_misc":{"\u63a8\u5b9a\u8aad\u307f\u53d6\u308a\u6642\u9593":"3\u5206"},"schema":{"@context":"https:\/\/schema.org","@graph":[{"@type":"WebPage","@id":"https:\/\/www.dataslatitudes.com\/sosuniversal\/ja\/mentions-legales\/","url":"https:\/\/www.dataslatitudes.com\/sosuniversal\/ja\/mentions-legales\/","name":"Mentions l\u00e9gales - SOS Universal","isPartOf":{"@id":"https:\/\/www.dataslatitudes.com\/sosuniversal\/#website"},"datePublished":"2025-06-12T17:24:48+00:00","dateModified":"2025-08-14T10:02:03+00:00","description":"Les pr\u00e9sentes mentions l\u00e9gales r\u00e9capitulent les aspects relatifs aux informations sur l\u2019\u00e9diteur de l\u2019application, l'h\u00e9bergement, la propri\u00e9t\u00e9 Intellectuelle, les liens externes, la responsabilit\u00e9 et les cr\u00e9dits de DATASLATITUDES (pour le pr\u00e9sent site Web et l\u2019application SOS Universal).","breadcrumb":{"@id":"https:\/\/www.dataslatitudes.com\/sosuniversal\/ja\/mentions-legales\/#breadcrumb"},"inLanguage":"ja","potentialAction":[{"@type":"ReadAction","target":["https:\/\/www.dataslatitudes.com\/sosuniversal\/ja\/mentions-legales\/"]}]},{"@type":"BreadcrumbList","@id":"https:\/\/www.dataslatitudes.com\/sosuniversal\/ja\/mentions-legales\/#breadcrumb","itemListElement":[{"@type":"ListItem","position":1,"name":"\u30d7\u30ec\u30bc\u30f3\u30c6\u30fc\u30b7\u30e7\u30f3","item":"https:\/\/www.dataslatitudes.com\/sosuniversal\/fr\/"},{"@type":"ListItem","position":2,"name":"\u6cd5\u7684\u901a\u77e5"}]},{"@type":"WebSite","@id":"https:\/\/www.dataslatitudes.com\/sosuniversal\/ja\/#website","url":"https:\/\/www.dataslatitudes.com\/sosuniversal\/ja\/","name":"SOS Universal","description":"","publisher":{"@id":"https:\/\/www.dataslatitudes.com\/sosuniversal\/ja\/#organization"},"potentialAction":[{"@type":"SearchAction","target":{"@type":"EntryPoint","urlTemplate":"https:\/\/www.dataslatitudes.com\/sosuniversal\/ja\/?s={search_term_string}"},"query-input":{"@type":"PropertyValueSpecification","valueRequired":true,"valueName":"search_term_string"}}],"inLanguage":"ja"},{"@type":"Organization","@id":"https:\/\/www.dataslatitudes.com\/sosuniversal\/ja\/#organization","name":"DATASLATITUDES","url":"https:\/\/www.dataslatitudes.com\/sosuniversal\/ja\/","logo":{"@type":"ImageObject","inLanguage":"ja","@id":"https:\/\/www.dataslatitudes.com\/sosuniversal\/ja\/#\/schema\/logo\/image\/","url":"https:\/\/www.dataslatitudes.com\/sosuniversal\/wp-content\/uploads\/2025\/07\/logo_mrdv.png","contentUrl":"https:\/\/www.dataslatitudes.com\/sosuniversal\/wp-content\/uploads\/2025\/07\/logo_mrdv.png","width":72,"height":72,"caption":"DATASLATITUDES"},"image":{"@id":"https:\/\/www.dataslatitudes.com\/sosuniversal\/ja\/#\/schema\/logo\/image\/"}}]}},"_links":{"self":[{"href":"https:\/\/www.dataslatitudes.com\/sosuniversal\/ja\/wp-json\/wp\/v2\/pages\/185","targetHints":{"allow":["GET"]}}],"collection":[{"href":"https:\/\/www.dataslatitudes.com\/sosuniversal\/ja\/wp-json\/wp\/v2\/pages"}],"about":[{"href":"https:\/\/www.dataslatitudes.com\/sosuniversal\/ja\/wp-json\/wp\/v2\/types\/page"}],"author":[{"embeddable":true,"href":"https:\/\/www.dataslatitudes.com\/sosuniversal\/ja\/wp-json\/wp\/v2\/users\/1"}],"replies":[{"embeddable":true,"href":"https:\/\/www.dataslatitudes.com\/sosuniversal\/ja\/wp-json\/wp\/v2\/comments?post=185"}],"version-history":[{"count":29,"href":"https:\/\/www.dataslatitudes.com\/sosuniversal\/ja\/wp-json\/wp\/v2\/pages\/185\/revisions"}],"predecessor-version":[{"id":2930,"href":"https:\/\/www.dataslatitudes.com\/sosuniversal\/ja\/wp-json\/wp\/v2\/pages\/185\/revisions\/2930"}],"wp:attachment":[{"href":"https:\/\/www.dataslatitudes.com\/sosuniversal\/ja\/wp-json\/wp\/v2\/media?parent=185"}],"curies":[{"name":"wp","href":"https:\/\/api.w.org\/{rel}","templated":true}]}}