{"id":75,"date":"2025-06-11T15:05:57","date_gmt":"2025-06-11T15:05:57","guid":{"rendered":"http:\/\/www.dataslatitudes.com\/sosuniversal\/index.php\/mode-demploi\/"},"modified":"2025-08-14T09:50:55","modified_gmt":"2025-08-14T09:50:55","slug":"politique-confidentialite","status":"publish","type":"page","link":"https:\/\/www.dataslatitudes.com\/sosuniversal\/it\/politique-confidentialite\/","title":{"rendered":"Privacy"},"content":{"rendered":"\r\n<p class=\"has-small-font-size\"><\/p>\r\n\r\n\r\n\r\n<h1 class=\"wp-block-heading has-text-align-center has-medium-font-size\"><strong>INFORMATIVA SULLA PRIVACY<\/strong><\/h1>\r\n\r\n\r\n\r\n<p style=\"margin-top:0;margin-bottom:0;font-size:1rem\">La presente Informativa sulla privacy ha lo scopo di informarti in modo trasparente su come l&#8217;applicazione mobile SOS Universal (di seguito denominata l'&#8221;Applicazione&#8221;), sviluppata da DATASLATITUDES (di seguito denominata l'&#8221;Editore&#8221;), raccoglie, utilizza e protegge i tuoi dati personali.<\/p>\r\n\r\n\r\n\r\n<p style=\"margin-top:var(--wp--preset--spacing--20);margin-bottom:var(--wp--preset--spacing--20)\">Utilizzando l&#8217;Applicazione, accetti i termini della presente politica. Se non accetti queste condizioni, ti preghiamo di non utilizzare l&#8217;Applicazione.<\/p>\r\n\r\n\r\n\r\n<p><strong>Data di entrata in vigore: 28 giugno 2025<\/strong><\/p>\r\n\r\n\r\n\r\n<h2 class=\"wp-block-heading has-background\" style=\"background-color:#f9f3eb;margin-top:var(--wp--preset--spacing--30);margin-bottom:var(--wp--preset--spacing--30);padding-top:var(--wp--preset--spacing--30);padding-bottom:var(--wp--preset--spacing--30);font-size:1.2rem\">1. Responsabile del trattamento dei dati<\/h2>\r\n\r\n\r\n\r\n<p>Il responsabile del trattamento dei tuoi dati personali \u00e8: DATASLATITUDES. <strong>(E-mail: privacy.sos_universal@dataslatitudes.com)<\/strong><\/p>\r\n\r\n\r\n\r\n<p class=\"has-small-font-size\"><\/p>\r\n\r\n\r\n\r\n<h2 class=\"wp-block-heading has-background\" style=\"background-color:#f9f3eb;margin-top:var(--wp--preset--spacing--30);margin-bottom:var(--wp--preset--spacing--30);padding-top:var(--wp--preset--spacing--30);padding-bottom:var(--wp--preset--spacing--30);font-size:1.2rem\">2. Dati raccolti e finalit\u00e0<\/h2>\r\n\r\n\r\n\r\n<p style=\"margin-top:var(--wp--preset--spacing--30);margin-bottom:var(--wp--preset--spacing--30);padding-top:0;padding-bottom:0\">L&#8217;Applicazione \u00e8 progettata per ridurre al minimo la raccolta di dati personali e privilegia esclusivamente l&#8217;archiviazione locale sul tuo dispositivo. I dati vengono trattati per le seguenti finalit\u00e0:<\/p>\r\n\r\n\r\n\r\n<h3 class=\"wp-block-heading\" style=\"margin-top:var(--wp--preset--spacing--20);margin-bottom:var(--wp--preset--spacing--20);padding-top:0;padding-bottom:0;font-size:1.1rem\">2.1. Dati che fornisci direttamente<\/h3>\r\n\r\n\r\n\r\n<ul style=\"margin-top:var(--wp--preset--spacing--20);margin-bottom:var(--wp--preset--spacing--20);padding-top:0;padding-bottom:0\" class=\"wp-block-list\">\r\n<li style=\"margin-top:var(--wp--preset--spacing--20);margin-bottom:var(--wp--preset--spacing--20);padding-top:0;padding-bottom:0\"><strong>Contatti di emergenza: <\/strong>crei o importi contatti (nomi e numeri di telefono) dalla tua rubrica.\r\n<ul class=\"wp-block-list\">\r\n<li><strong>Finalit\u00e0: <\/strong>questi dati sono utilizzati esclusivamente per l&#8217;invio di SMS di allerta e la generazione di chiamate telefoniche verso i tuoi contatti di emergenza.<\/li>\r\n\r\n\r\n\r\n<li><strong>Archiviazione: <\/strong>questi dati sono archiviati localmente sul tuo dispositivo e non vengono trasmessi ai nostri server.<\/li>\r\n<\/ul>\r\n<\/li>\r\n\r\n\r\n\r\n<li><strong>Messaggi standard e complementari: <\/strong>il testo che scrivi per gli SMS di allerta.\r\n<ul class=\"wp-block-list\">\r\n<li><strong>Finalit\u00e0: <\/strong>integrare il tuo messaggio personalizzato negli avvisi inviati.<\/li>\r\n\r\n\r\n\r\n<li><strong>Archiviazione: <\/strong>memorizzato localmente sul tuo dispositivo.<\/li>\r\n<\/ul>\r\n<\/li>\r\n\r\n\r\n\r\n<li style=\"padding-top:var(--wp--preset--spacing--20);padding-bottom:var(--wp--preset--spacing--20)\"><strong>Registrazioni audio: <\/strong>le registrazioni che attivi.\r\n<ul class=\"wp-block-list\">\r\n<li><strong>Finalit\u00e0: <\/strong>consentire l&#8217;ascolto, la ridenominazione e la cancellazione delle tue registrazioni. Di buona qualit\u00e0, possono contribuire a servire da prova in caso di denuncia.<\/li>\r\n\r\n\r\n\r\n<li><strong>Archiviazione: <\/strong>Archiviati localmente nella cartella dei download del tuo smartphone. Sei l&#8217;unico responsabile della gestione e dell&#8217;eliminazione di questi file.<\/li>\r\n<\/ul>\r\n<\/li>\r\n<\/ul>\r\n\r\n\r\n\r\n<p class=\"has-small-font-size\"><\/p>\r\n\r\n\r\n\r\n<h3 class=\"wp-block-heading\" style=\"margin-top:var(--wp--preset--spacing--20);margin-bottom:var(--wp--preset--spacing--20);padding-top:0;padding-bottom:0;font-size:1.1rem\"><strong>2.2. Dati raccolti automaticamente<\/strong><\/h3>\r\n\r\n\r\n\r\n<ul style=\"margin-top:var(--wp--preset--spacing--20);margin-bottom:var(--wp--preset--spacing--20);padding-top:0;padding-bottom:0\" class=\"wp-block-list\">\r\n<li style=\"margin-top:var(--wp--preset--spacing--20);margin-bottom:var(--wp--preset--spacing--20);padding-top:0;padding-bottom:0\"><strong>Dati di geolocalizzazione: <\/strong>L&#8217;Applicazione accede alla posizione del tuo dispositivo (GPS o Wi-Fi) solo quando attivi la funzione di invio della tua posizione nel messaggio di allerta.\r\n<ul class=\"wp-block-list\">\r\n<li><strong>Finalit\u00e0: <\/strong>fornire la tua posizione geografica (coordinate e indirizzo) ai tuoi contatti di emergenza durante un&#8217;allerta.<\/li>\r\n\r\n\r\n\r\n<li><strong>Archiviazione: <\/strong>questi dati non vengono n\u00e9 memorizzati n\u00e9 conservati dall&#8217;Editore. Vengono utilizzati in tempo reale per generare il link a GoogleMaps (o OpenStreetMap) e l&#8217;indirizzo, quindi vengono inclusi nell&#8217;SMS inviato tramite il tuo operatore di telecomunicazioni<\/li>\r\n<\/ul>\r\n<\/li>\r\n\r\n\r\n\r\n<li><strong>Cronologia degli avvisi: <\/strong>data, ora, modalit\u00e0, destinatario e contenuto delle ultime 50 allerte emesse.\r\n<ul class=\"wp-block-list\">\r\n<li><strong>Finalit\u00e0: <\/strong>consentire di consultare la cronologia degli avvisi per motivi di monitoraggio e gestione.<\/li>\r\n\r\n\r\n\r\n<li><strong>Archiviazione: <\/strong>memorizzato localmente sul tuo dispositivo.<\/li>\r\n<\/ul>\r\n<\/li>\r\n\r\n\r\n\r\n<li style=\"padding-top:var(--wp--preset--spacing--20);padding-bottom:var(--wp--preset--spacing--20)\"><strong>Autorizzazioni di accesso: <\/strong>L&#8217;Applicazione richiede l&#8217;accesso ai tuoi contatti, alla geolocalizzazione, al microfono, alla registrazione audio, allo spazio di archiviazione, alle notifiche e alle funzioni SMS\/telefono.\r\n<ul class=\"wp-block-list\">\r\n<li><strong>Finalit\u00e0: <\/strong>queste autorizzazioni sono strettamente necessarie per il corretto funzionamento dell&#8217;Applicazione e per l&#8217;esecuzione delle sue funzionalit\u00e0.<\/li>\r\n<\/ul>\r\n<\/li>\r\n<\/ul>\r\n\r\n\r\n\r\n<p class=\"has-small-font-size\"><\/p>\r\n\r\n\r\n\r\n<h2 class=\"wp-block-heading has-background\" style=\"background-color:#f9f3eb;margin-top:var(--wp--preset--spacing--30);margin-bottom:var(--wp--preset--spacing--30);padding-top:var(--wp--preset--spacing--30);padding-bottom:var(--wp--preset--spacing--30);font-size:1.2rem\">3. Condivisione dei dati<\/h2>\r\n\r\n\r\n\r\n<p style=\"margin-top:var(--wp--preset--spacing--30);margin-bottom:var(--wp--preset--spacing--30);padding-top:0;padding-bottom:0\">L&#8217;Editore non condivide, vende o affitta i tuoi dati personali a terzi, sia a titolo commerciale che gratuito. Le uniche entit\u00e0 che ricevono i tuoi dati sono:<\/p>\r\n\r\n\r\n\r\n<ul style=\"margin-top:var(--wp--preset--spacing--20);margin-bottom:var(--wp--preset--spacing--20)\" class=\"wp-block-list\">\r\n<li><strong>I tuoi contatti di emergenza: <\/strong>scegli di inviare loro informazioni (messaggio, posizione) tramite i servizi del tuo operatore mobile (SMS\/chiamate).<\/li>\r\n\r\n\r\n\r\n<li><strong>Google Maps: <\/strong>L&#8217;Applicazione utilizza il servizio di mappatura di Google per generare un link alla tua posizione. L&#8217;uso di questo link \u00e8 soggetto ai termini di utilizzo e alla politica sulla privacy di Google.<\/li>\r\n\r\n\r\n\r\n<li><strong>OpenStreetMap: <\/strong>l&#8217;Applicazione pu\u00f2 anche utilizzare il servizio di mappatura di OpenStreetMap per generare un link alla tua posizione. L&#8217;uso di questo link \u00e8 soggetto ai termini di utilizzo e alla politica sulla privacy di OpenStreetMap.<\/li>\r\n<\/ul>\r\n\r\n\r\n\r\n<p class=\"has-small-font-size\"><\/p>\r\n\r\n\r\n\r\n<h2 class=\"wp-block-heading has-background\" style=\"background-color:#f9f3eb;margin-top:var(--wp--preset--spacing--30);margin-bottom:var(--wp--preset--spacing--30);padding-top:var(--wp--preset--spacing--30);padding-bottom:var(--wp--preset--spacing--30);font-size:1.2rem\">4. I tuoi diritti (conformit\u00e0 GDPR)<\/h2>\r\n\r\n\r\n\r\n<p style=\"margin-top:var(--wp--preset--spacing--30);margin-bottom:var(--wp--preset--spacing--30);padding-top:0;padding-bottom:0\">In qualit\u00e0 di utente, disponi dei seguenti diritti in merito ai tuoi dati personali:<\/p>\r\n\r\n\r\n\r\n<ul style=\"margin-top:var(--wp--preset--spacing--20);margin-bottom:var(--wp--preset--spacing--20)\" class=\"wp-block-list\">\r\n<li><strong>Diritto di accesso: <\/strong>puoi accedere ai dati memorizzati sul tuo dispositivo in qualsiasi momento tramite l&#8217;Applicazione.<\/li>\r\n\r\n\r\n\r\n<li><strong>Diritto di rettifica: <\/strong>puoi modificare o correggere i tuoi contatti e le impostazioni direttamente nell&#8217;Applicazione.<\/li>\r\n\r\n\r\n\r\n<li><strong>Diritto di cancellazione (&#8220;diritto all&#8217;oblio&#8221;): <\/strong>puoi eliminare i dati dei tuoi contatti e le registrazioni audio in qualsiasi momento. La disinstallazione dell&#8217;Applicazione cancella tutti i dati archiviati localmente.<\/li>\r\n\r\n\r\n\r\n<li><strong>Diritto di limitazione del trattamento: <\/strong>puoi disattivare temporaneamente contatti o funzionalit\u00e0 (come la localizzazione) per limitare il trattamento dei tuoi dati.<\/li>\r\n\r\n\r\n\r\n<li><strong>Diritto di opposizione: <\/strong>puoi opporti al trattamento cessando di utilizzare l&#8217;Applicazione e disinstallandola.<\/li>\r\n<\/ul>\r\n\r\n\r\n\r\n<p class=\"has-small-font-size\"><\/p>\r\n\r\n\r\n\r\n<h2 class=\"wp-block-heading has-background\" style=\"background-color:#f9f3eb;margin-top:var(--wp--preset--spacing--30);margin-bottom:var(--wp--preset--spacing--30);padding-top:var(--wp--preset--spacing--30);padding-bottom:var(--wp--preset--spacing--30);font-size:1.2rem\">5. Modifiche alla Politica sulla Privacy<\/h2>\r\n\r\n\r\n\r\n<p style=\"margin-top:var(--wp--preset--spacing--30);margin-bottom:var(--wp--preset--spacing--30);padding-top:0;padding-bottom:0\">L&#8217;Editore si riserva il diritto di modificare la presente Politica sulla Privacy in qualsiasi momento. L&#8217;uso continuato del servizio dopo la pubblicazione delle modifiche equivarr\u00e0 all&#8217;accettazione delle nuove condizioni.<\/p>\r\n\r\n\r\n\r\n<p class=\"has-small-font-size\"><\/p>\r\n\r\n\r\n\r\n<h2 class=\"wp-block-heading has-background\" style=\"background-color:#f9f3eb;margin-top:var(--wp--preset--spacing--30);margin-bottom:var(--wp--preset--spacing--30);padding-top:var(--wp--preset--spacing--30);padding-bottom:var(--wp--preset--spacing--30);font-size:1.2rem\">6. Contattaci<\/h2>\r\n\r\n\r\n\r\n<p style=\"margin-top:var(--wp--preset--spacing--30);margin-bottom:var(--wp--preset--spacing--30);padding-top:0;padding-bottom:0\">Se hai domande o preoccupazioni riguardo a questa politica sulla privacy o alla gestione dei tuoi dati, puoi contattarci al seguente indirizzo e-mail: <br><strong>privacy.sos_universal@dataslatitudes.com<\/strong><\/p>\r\n\r\n\r\n\r\n<p class=\"has-medium-font-size\"><\/p>\r\n\r\n\r\n\r\n<p class=\"has-medium-font-size\"><\/p>\r\n","protected":false},"excerpt":{"rendered":"<p>INFORMATIVA SULLA PRIVACY La presente Informativa sulla privacy ha lo scopo di informarti in modo trasparente su come l&#8217;applicazione mobile [&hellip;]<\/p>\n","protected":false},"author":1,"featured_media":0,"parent":0,"menu_order":4,"comment_status":"closed","ping_status":"closed","template":"","meta":{"site-sidebar-layout":"default","site-content-layout":"","ast-site-content-layout":"default","site-content-style":"default","site-sidebar-style":"default","ast-global-header-display":"","ast-banner-title-visibility":"","ast-main-header-display":"","ast-hfb-above-header-display":"","ast-hfb-below-header-display":"","ast-hfb-mobile-header-display":"","site-post-title":"disabled","ast-breadcrumbs-content":"","ast-featured-img":"","footer-sml-layout":"","theme-transparent-header-meta":"","adv-header-id-meta":"","stick-header-meta":"","header-above-stick-meta":"","header-main-stick-meta":"","header-below-stick-meta":"","astra-migrate-meta-layouts":"default","ast-page-background-enabled":"default","ast-page-background-meta":{"desktop":{"background-color":"var(--ast-global-color-5)","background-image":"","background-repeat":"repeat","background-position":"center center","background-size":"auto","background-attachment":"scroll","background-type":"","background-media":"","overlay-type":"","overlay-color":"","overlay-opacity":"","overlay-gradient":""},"tablet":{"background-color":"","background-image":"","background-repeat":"repeat","background-position":"center center","background-size":"auto","background-attachment":"scroll","background-type":"","background-media":"","overlay-type":"","overlay-color":"","overlay-opacity":"","overlay-gradient":""},"mobile":{"background-color":"","background-image":"","background-repeat":"repeat","background-position":"center center","background-size":"auto","background-attachment":"scroll","background-type":"","background-media":"","overlay-type":"","overlay-color":"","overlay-opacity":"","overlay-gradient":""}},"ast-content-background-meta":{"desktop":{"background-color":"var(--ast-global-color-4)","background-image":"","background-repeat":"repeat","background-position":"center center","background-size":"auto","background-attachment":"scroll","background-type":"","background-media":"","overlay-type":"","overlay-color":"","overlay-opacity":"","overlay-gradient":""},"tablet":{"background-color":"var(--ast-global-color-4)","background-image":"","background-repeat":"repeat","background-position":"center center","background-size":"auto","background-attachment":"scroll","background-type":"","background-media":"","overlay-type":"","overlay-color":"","overlay-opacity":"","overlay-gradient":""},"mobile":{"background-color":"var(--ast-global-color-4)","background-image":"","background-repeat":"repeat","background-position":"center center","background-size":"auto","background-attachment":"scroll","background-type":"","background-media":"","overlay-type":"","overlay-color":"","overlay-opacity":"","overlay-gradient":""}},"footnotes":""},"class_list":["post-75","page","type-page","status-publish","hentry"],"yoast_head":"<!-- This site is optimized with the Yoast SEO plugin v25.6 - https:\/\/yoast.com\/wordpress\/plugins\/seo\/ -->\n<title>Privacy<\/title>\n<meta name=\"description\" content=\"La presente Informativa sulla privacy ha lo scopo di informarti in modo trasparente su come l&#039;applicazione mobile SOS Universal, sviluppata da DATASLATITUDES, raccoglie, utilizza e protegge i tuoi dati personali. In essa vengono esposti il responsabile del trattamento dei dati, i dati raccolti e le finalit\u00e0, la condivisione dei dati, i tuoi diritti (conformit\u00e0 al GDPR) e le condizioni di modifica dell&#039;Informativa sulla privacy.\" \/>\n<meta name=\"robots\" content=\"index, follow, max-snippet:-1, max-image-preview:large, max-video-preview:-1\" \/>\n<link rel=\"canonical\" href=\"http:\/\/INFORMATIVA%20SULLA%20PRIVACY%20La%20presente%20Informativa%20sulla%20privacy%20ha%20lo%20scopo%20di%20informarti%20in%20modo%20trasparente%20su%20come%20l'applicazione%20mobile%20SOS%20Universal%20(di%20seguito%20denominata%20l'Applicazione),%20sviluppata%20da%20DATASLATITUDES%20(di%20seguito%20denominata%20l'Editore),%20raccoglie,%20utilizza%20e%20protegge%20i%20tuoi%20dati%20personali.%20Utilizzando%20l'Applicazione,%20accetti%20i%20termini%20della%20presente%20politica.%20Se%20non%20accetti%20queste%20condizioni,%20ti&hellip;\" \/>\n<meta property=\"og:locale\" content=\"it_IT\" \/>\n<meta property=\"og:type\" content=\"article\" \/>\n<meta property=\"og:title\" content=\"Privacy\" \/>\n<meta property=\"og:description\" content=\"La presente Informativa sulla privacy ha lo scopo di informarti in modo trasparente su come l&#039;applicazione mobile SOS Universal, sviluppata da DATASLATITUDES, raccoglie, utilizza e protegge i tuoi dati personali. In essa vengono esposti il responsabile del trattamento dei dati, i dati raccolti e le finalit\u00e0, la condivisione dei dati, i tuoi diritti (conformit\u00e0 al GDPR) e le condizioni di modifica dell&#039;Informativa sulla privacy.\" \/>\n<meta property=\"og:url\" content=\"https:\/\/www.dataslatitudes.com\/sosuniversal\/it\/politique-confidentialite\/\" \/>\n<meta property=\"og:site_name\" content=\"SOS Universal\" \/>\n<meta property=\"article:modified_time\" content=\"2025-08-14T09:50:55+00:00\" \/>\n<meta name=\"twitter:card\" content=\"summary_large_image\" \/>\n<meta name=\"twitter:label1\" content=\"Tempo di lettura stimato\" \/>\n\t<meta name=\"twitter:data1\" content=\"4 minuti\" \/>\n<script type=\"application\/ld+json\" class=\"yoast-schema-graph\">{\"@context\":\"https:\/\/schema.org\",\"@graph\":[{\"@type\":\"WebPage\",\"@id\":\"https:\/\/www.dataslatitudes.com\/sosuniversal\/it\/politique-confidentialite\/\",\"url\":\"https:\/\/www.dataslatitudes.com\/sosuniversal\/it\/politique-confidentialite\/\",\"name\":\"Confidentialit\u00e9 - SOS Universal\",\"isPartOf\":{\"@id\":\"https:\/\/www.dataslatitudes.com\/sosuniversal\/#website\"},\"datePublished\":\"2025-06-11T15:05:57+00:00\",\"dateModified\":\"2025-08-14T09:50:55+00:00\",\"description\":\"La pr\u00e9sente Politique de Confidentialit\u00e9 a pour objectif de vous informer de mani\u00e8re transparente sur la mani\u00e8re dont l'application mobile SOS Universal, d\u00e9velopp\u00e9e par DATASLATITUDES, collecte, utilise et prot\u00e8ge vos donn\u00e9es personnelles. On y expose le responsable du traitement des donn\u00e9es, les donn\u00e9es collect\u00e9es et les finalit\u00e9s, le partage des donn\u00e9es, vos droits (conformit\u00e9 RGPD) et les conditions de modifications de la Politique de Confidentialit\u00e9.\",\"breadcrumb\":{\"@id\":\"https:\/\/www.dataslatitudes.com\/sosuniversal\/it\/politique-confidentialite\/#breadcrumb\"},\"inLanguage\":\"it-IT\",\"potentialAction\":[{\"@type\":\"ReadAction\",\"target\":[\"https:\/\/www.dataslatitudes.com\/sosuniversal\/it\/politique-confidentialite\/\"]}]},{\"@type\":\"BreadcrumbList\",\"@id\":\"https:\/\/www.dataslatitudes.com\/sosuniversal\/it\/politique-confidentialite\/#breadcrumb\",\"itemListElement\":[{\"@type\":\"ListItem\",\"position\":1,\"name\":\"Presentazione\",\"item\":\"https:\/\/www.dataslatitudes.com\/sosuniversal\/fr\/\"},{\"@type\":\"ListItem\",\"position\":2,\"name\":\"Privacy\"}]},{\"@type\":\"WebSite\",\"@id\":\"https:\/\/www.dataslatitudes.com\/sosuniversal\/it\/#website\",\"url\":\"https:\/\/www.dataslatitudes.com\/sosuniversal\/it\/\",\"name\":\"SOS Universal\",\"description\":\"\",\"publisher\":{\"@id\":\"https:\/\/www.dataslatitudes.com\/sosuniversal\/it\/#organization\"},\"potentialAction\":[{\"@type\":\"SearchAction\",\"target\":{\"@type\":\"EntryPoint\",\"urlTemplate\":\"https:\/\/www.dataslatitudes.com\/sosuniversal\/it\/?s={search_term_string}\"},\"query-input\":{\"@type\":\"PropertyValueSpecification\",\"valueRequired\":true,\"valueName\":\"search_term_string\"}}],\"inLanguage\":\"it-IT\"},{\"@type\":\"Organization\",\"@id\":\"https:\/\/www.dataslatitudes.com\/sosuniversal\/it\/#organization\",\"name\":\"DATASLATITUDES\",\"url\":\"https:\/\/www.dataslatitudes.com\/sosuniversal\/it\/\",\"logo\":{\"@type\":\"ImageObject\",\"inLanguage\":\"it-IT\",\"@id\":\"https:\/\/www.dataslatitudes.com\/sosuniversal\/it\/#\/schema\/logo\/image\/\",\"url\":\"https:\/\/www.dataslatitudes.com\/sosuniversal\/wp-content\/uploads\/2025\/07\/logo_mrdv.png\",\"contentUrl\":\"https:\/\/www.dataslatitudes.com\/sosuniversal\/wp-content\/uploads\/2025\/07\/logo_mrdv.png\",\"width\":72,\"height\":72,\"caption\":\"DATASLATITUDES\"},\"image\":{\"@id\":\"https:\/\/www.dataslatitudes.com\/sosuniversal\/it\/#\/schema\/logo\/image\/\"}}]}<\/script>\n<!-- \/ Yoast SEO plugin. -->","yoast_head_json":{"title":"Privacy","description":"La presente Informativa sulla privacy ha lo scopo di informarti in modo trasparente su come l'applicazione mobile SOS Universal, sviluppata da DATASLATITUDES, raccoglie, utilizza e protegge i tuoi dati personali. In essa vengono esposti il responsabile del trattamento dei dati, i dati raccolti e le finalit\u00e0, la condivisione dei dati, i tuoi diritti (conformit\u00e0 al GDPR) e le condizioni di modifica dell'Informativa sulla privacy.","robots":{"index":"index","follow":"follow","max-snippet":"max-snippet:-1","max-image-preview":"max-image-preview:large","max-video-preview":"max-video-preview:-1"},"canonical":"INFORMATIVA SULLA PRIVACY La presente Informativa sulla privacy ha lo scopo di informarti in modo trasparente su come l'applicazione mobile SOS Universal (di seguito denominata l'\"Applicazione\"), sviluppata da DATASLATITUDES (di seguito denominata l'\"Editore\"), raccoglie, utilizza e protegge i tuoi dati personali. Utilizzando l'Applicazione, accetti i termini della presente politica. Se non accetti queste condizioni, ti&hellip;","og_locale":"it_IT","og_type":"article","og_title":"Privacy","og_description":"La presente Informativa sulla privacy ha lo scopo di informarti in modo trasparente su come l'applicazione mobile SOS Universal, sviluppata da DATASLATITUDES, raccoglie, utilizza e protegge i tuoi dati personali. In essa vengono esposti il responsabile del trattamento dei dati, i dati raccolti e le finalit\u00e0, la condivisione dei dati, i tuoi diritti (conformit\u00e0 al GDPR) e le condizioni di modifica dell'Informativa sulla privacy.","og_url":"https:\/\/www.dataslatitudes.com\/sosuniversal\/it\/politique-confidentialite\/","og_site_name":"SOS Universal","article_modified_time":"2025-08-14T09:50:55+00:00","twitter_card":"summary_large_image","twitter_misc":{"Tempo di lettura stimato":"4 minuti"},"schema":{"@context":"https:\/\/schema.org","@graph":[{"@type":"WebPage","@id":"https:\/\/www.dataslatitudes.com\/sosuniversal\/it\/politique-confidentialite\/","url":"https:\/\/www.dataslatitudes.com\/sosuniversal\/it\/politique-confidentialite\/","name":"Confidentialit\u00e9 - SOS Universal","isPartOf":{"@id":"https:\/\/www.dataslatitudes.com\/sosuniversal\/#website"},"datePublished":"2025-06-11T15:05:57+00:00","dateModified":"2025-08-14T09:50:55+00:00","description":"La pr\u00e9sente Politique de Confidentialit\u00e9 a pour objectif de vous informer de mani\u00e8re transparente sur la mani\u00e8re dont l'application mobile SOS Universal, d\u00e9velopp\u00e9e par DATASLATITUDES, collecte, utilise et prot\u00e8ge vos donn\u00e9es personnelles. On y expose le responsable du traitement des donn\u00e9es, les donn\u00e9es collect\u00e9es et les finalit\u00e9s, le partage des donn\u00e9es, vos droits (conformit\u00e9 RGPD) et les conditions de modifications de la Politique de Confidentialit\u00e9.","breadcrumb":{"@id":"https:\/\/www.dataslatitudes.com\/sosuniversal\/it\/politique-confidentialite\/#breadcrumb"},"inLanguage":"it-IT","potentialAction":[{"@type":"ReadAction","target":["https:\/\/www.dataslatitudes.com\/sosuniversal\/it\/politique-confidentialite\/"]}]},{"@type":"BreadcrumbList","@id":"https:\/\/www.dataslatitudes.com\/sosuniversal\/it\/politique-confidentialite\/#breadcrumb","itemListElement":[{"@type":"ListItem","position":1,"name":"Presentazione","item":"https:\/\/www.dataslatitudes.com\/sosuniversal\/fr\/"},{"@type":"ListItem","position":2,"name":"Privacy"}]},{"@type":"WebSite","@id":"https:\/\/www.dataslatitudes.com\/sosuniversal\/it\/#website","url":"https:\/\/www.dataslatitudes.com\/sosuniversal\/it\/","name":"SOS Universal","description":"","publisher":{"@id":"https:\/\/www.dataslatitudes.com\/sosuniversal\/it\/#organization"},"potentialAction":[{"@type":"SearchAction","target":{"@type":"EntryPoint","urlTemplate":"https:\/\/www.dataslatitudes.com\/sosuniversal\/it\/?s={search_term_string}"},"query-input":{"@type":"PropertyValueSpecification","valueRequired":true,"valueName":"search_term_string"}}],"inLanguage":"it-IT"},{"@type":"Organization","@id":"https:\/\/www.dataslatitudes.com\/sosuniversal\/it\/#organization","name":"DATASLATITUDES","url":"https:\/\/www.dataslatitudes.com\/sosuniversal\/it\/","logo":{"@type":"ImageObject","inLanguage":"it-IT","@id":"https:\/\/www.dataslatitudes.com\/sosuniversal\/it\/#\/schema\/logo\/image\/","url":"https:\/\/www.dataslatitudes.com\/sosuniversal\/wp-content\/uploads\/2025\/07\/logo_mrdv.png","contentUrl":"https:\/\/www.dataslatitudes.com\/sosuniversal\/wp-content\/uploads\/2025\/07\/logo_mrdv.png","width":72,"height":72,"caption":"DATASLATITUDES"},"image":{"@id":"https:\/\/www.dataslatitudes.com\/sosuniversal\/it\/#\/schema\/logo\/image\/"}}]}},"_links":{"self":[{"href":"https:\/\/www.dataslatitudes.com\/sosuniversal\/it\/wp-json\/wp\/v2\/pages\/75","targetHints":{"allow":["GET"]}}],"collection":[{"href":"https:\/\/www.dataslatitudes.com\/sosuniversal\/it\/wp-json\/wp\/v2\/pages"}],"about":[{"href":"https:\/\/www.dataslatitudes.com\/sosuniversal\/it\/wp-json\/wp\/v2\/types\/page"}],"author":[{"embeddable":true,"href":"https:\/\/www.dataslatitudes.com\/sosuniversal\/it\/wp-json\/wp\/v2\/users\/1"}],"replies":[{"embeddable":true,"href":"https:\/\/www.dataslatitudes.com\/sosuniversal\/it\/wp-json\/wp\/v2\/comments?post=75"}],"version-history":[{"count":30,"href":"https:\/\/www.dataslatitudes.com\/sosuniversal\/it\/wp-json\/wp\/v2\/pages\/75\/revisions"}],"predecessor-version":[{"id":2927,"href":"https:\/\/www.dataslatitudes.com\/sosuniversal\/it\/wp-json\/wp\/v2\/pages\/75\/revisions\/2927"}],"wp:attachment":[{"href":"https:\/\/www.dataslatitudes.com\/sosuniversal\/it\/wp-json\/wp\/v2\/media?parent=75"}],"curies":[{"name":"wp","href":"https:\/\/api.w.org\/{rel}","templated":true}]}}