{"id":246,"date":"2025-06-13T07:09:52","date_gmt":"2025-06-13T07:09:52","guid":{"rendered":"https:\/\/www.dataslatitudes.com\/sosuniversal\/index.php\/mode-emploi\/mode-demploi-parametres\/"},"modified":"2025-07-21T16:04:04","modified_gmt":"2025-07-21T16:04:04","slug":"mode-emploi-historique-enregistrement-audio","status":"publish","type":"page","link":"https:\/\/www.dataslatitudes.com\/sosuniversal\/it\/ecran-principal\/mode-emploi-historique-enregistrement-audio\/","title":{"rendered":"Cronologia e registrazioni audio"},"content":{"rendered":"\r\n<p class=\"has-small-font-size\"><\/p>\r\n\r\n\r\n\r\n<h1 class=\"wp-block-heading has-text-align-center has-medium-font-size\" style=\"margin-top:var(--wp--preset--spacing--30);margin-bottom:var(--wp--preset--spacing--30)\"><strong>CRONOLOGIA DEGLI AVVISI<\/strong><\/h1>\r\n\r\n\r\n\r\n<p style=\"font-size:1rem\">Le ultime 50 allerte emesse vengono storicizzate con tutte le loro caratteristiche<\/p>\r\n\r\n\r\n\r\n<div class=\"wp-block-columns is-layout-flex wp-container-core-columns-is-layout-ec2e7a44 wp-block-columns-is-layout-flex\" style=\"padding-top:0;padding-bottom:0\">\r\n<div class=\"wp-block-column is-layout-flow wp-block-column-is-layout-flow\" style=\"flex-basis:33.33%\">\r\n<figure class=\"wp-block-image aligncenter size-large is-resized\"><img decoding=\"async\" src=\"http:\/\/www.dataslatitudes.com\/sosuniversal\/wp-content\/uploads\/it_historique_alerte_puce-459x1024.webp\" alt=\"SOS Universal - cronologia degli avvisi\" class=\"wp-image-402\" style=\"width:273px\"\/><\/figure>\r\n<\/div>\r\n\r\n\r\n\r\n<div class=\"wp-block-column is-layout-flow wp-block-column-is-layout-flow\" style=\"padding-top:0;padding-bottom:0;flex-basis:66.66%\">\r\n<p style=\"font-size:1rem\">(1) Nome e cognome del contatto sollecitato<br>(2) Data e ora di attivazione dell&#8217;allerta<br>(3) Pittogrammi che riassumono il contenuto dell&#8217;allerta (nell&#8217;esempio: chiamata telefonica, invio di SMS con localizzazione geografica e indirizzo, registrazione audio e allarme sonoro)<br>(4) Modalit\u00e0 di allerta utilizzata con i suoi parametri<br>(5) Eliminazione dell&#8217;intera cronologia degli avvisi<\/p>\r\n\r\n\r\n\r\n<p>La data \u00e8 espressa nel formato AAAA-MM-GG (norma internazionale ISO 8601).<\/p>\r\n<\/div>\r\n<\/div>\r\n\r\n\r\n\r\n<p class=\"has-small-font-size\"><\/p>\r\n\r\n\r\n\r\n<h2 class=\"wp-block-heading has-text-align-center has-medium-font-size\" style=\"margin-top:var(--wp--preset--spacing--30);margin-bottom:var(--wp--preset--spacing--30)\"><strong>REGISTRAZIONI AUDIO<\/strong><\/h2>\r\n\r\n\r\n\r\n<p style=\"font-size:1rem\">Puoi conservare fino a 200 registrazioni audio che vengono memorizzate nella directory dei download del tuo smartphone. Ogni registrazione \u00e8 datata e pu\u00f2 essere ascoltata, rinominata o cancellata.<\/p>\r\n\r\n\r\n\r\n<div class=\"wp-block-columns is-layout-flex wp-container-core-columns-is-layout-ec2e7a44 wp-block-columns-is-layout-flex\" style=\"padding-top:0;padding-bottom:0\">\r\n<div class=\"wp-block-column is-layout-flow wp-block-column-is-layout-flow\" style=\"flex-basis:33.33%\">\r\n<figure class=\"wp-block-image aligncenter size-large is-resized\"><img decoding=\"async\" src=\"http:\/\/www.dataslatitudes.com\/sosuniversal\/wp-content\/uploads\/it_enregistrement_audio_puce-459x1024.webp\" alt=\"SOS Universal - gestione delle registrazioni audio\" class=\"wp-image-403\" style=\"width:273px\"\/><\/figure>\r\n<\/div>\r\n\r\n\r\n\r\n<div class=\"wp-block-column is-layout-flow wp-block-column-is-layout-flow\" style=\"flex-basis:66.66%\">\r\n<p style=\"font-size:1rem\">(1) Nome della registrazione<br>(2) Data, ora e dimensione della registrazione<br>(3) Funzione di eliminazione<br>(4) Funzione di modifica del nome del file<br>(5) Riproduzione della registrazione o interruzione della riproduzione<br>(6) Indietro di 5 secondi<br>(7) Avanti di 5 secondi<br>(8) Cursore dell&#8217;avanzamento della riproduzione<br>(9) Velocit\u00e0 di riproduzione della registrazione: pu\u00f2 essere diminuita (x 0.5) o aumentata (x 1.5, x 2.0)<\/p>\r\n\r\n\r\n\r\n<p>La data \u00e8 espressa nel formato AAAA-MM-GG (norma internazionale ISO 8601).<\/p>\r\n<\/div>\r\n<\/div>\r\n\r\n\r\n\r\n<p class=\"has-medium-font-size\"><\/p>\r\n\r\n\r\n\r\n<p><\/p>\r\n","protected":false},"excerpt":{"rendered":"<p>CRONOLOGIA DEGLI AVVISI Le ultime 50 allerte emesse vengono storicizzate con tutte le loro caratteristiche (1) Nome e cognome del [&hellip;]<\/p>\n","protected":false},"author":1,"featured_media":0,"parent":14,"menu_order":5,"comment_status":"closed","ping_status":"closed","template":"","meta":{"site-sidebar-layout":"default","site-content-layout":"","ast-site-content-layout":"","site-content-style":"default","site-sidebar-style":"default","ast-global-header-display":"","ast-banner-title-visibility":"","ast-main-header-display":"","ast-hfb-above-header-display":"","ast-hfb-below-header-display":"","ast-hfb-mobile-header-display":"","site-post-title":"disabled","ast-breadcrumbs-content":"","ast-featured-img":"","footer-sml-layout":"","theme-transparent-header-meta":"","adv-header-id-meta":"","stick-header-meta":"","header-above-stick-meta":"","header-main-stick-meta":"","header-below-stick-meta":"","astra-migrate-meta-layouts":"default","ast-page-background-enabled":"default","ast-page-background-meta":{"desktop":{"background-color":"var(--ast-global-color-5)","background-image":"","background-repeat":"repeat","background-position":"center center","background-size":"auto","background-attachment":"scroll","background-type":"","background-media":"","overlay-type":"","overlay-color":"","overlay-opacity":"","overlay-gradient":""},"tablet":{"background-color":"","background-image":"","background-repeat":"repeat","background-position":"center center","background-size":"auto","background-attachment":"scroll","background-type":"","background-media":"","overlay-type":"","overlay-color":"","overlay-opacity":"","overlay-gradient":""},"mobile":{"background-color":"","background-image":"","background-repeat":"repeat","background-position":"center center","background-size":"auto","background-attachment":"scroll","background-type":"","background-media":"","overlay-type":"","overlay-color":"","overlay-opacity":"","overlay-gradient":""}},"ast-content-background-meta":{"desktop":{"background-color":"var(--ast-global-color-4)","background-image":"","background-repeat":"repeat","background-position":"center center","background-size":"auto","background-attachment":"scroll","background-type":"","background-media":"","overlay-type":"","overlay-color":"","overlay-opacity":"","overlay-gradient":""},"tablet":{"background-color":"var(--ast-global-color-4)","background-image":"","background-repeat":"repeat","background-position":"center center","background-size":"auto","background-attachment":"scroll","background-type":"","background-media":"","overlay-type":"","overlay-color":"","overlay-opacity":"","overlay-gradient":""},"mobile":{"background-color":"var(--ast-global-color-4)","background-image":"","background-repeat":"repeat","background-position":"center center","background-size":"auto","background-attachment":"scroll","background-type":"","background-media":"","overlay-type":"","overlay-color":"","overlay-opacity":"","overlay-gradient":""}},"footnotes":""},"class_list":["post-246","page","type-page","status-publish","hentry"],"yoast_head":"<!-- This site is optimized with the Yoast SEO plugin v25.6 - https:\/\/yoast.com\/wordpress\/plugins\/seo\/ -->\n<title>Cronologia e registrazioni audio<\/title>\n<meta name=\"description\" content=\"Le ultime 50 allerte emesse sono storicizzate con tutte le loro caratteristiche. Puoi conservare fino a 200 registrazioni audio che vengono memorizzate nella directory dei download dello smartphone. Ogni registrazione \u00e8 datata e pu\u00f2 essere ascoltata, rinominata o cancellata.\" \/>\n<meta name=\"robots\" content=\"index, follow, max-snippet:-1, max-image-preview:large, max-video-preview:-1\" \/>\n<link rel=\"canonical\" href=\"\" \/>\n<meta property=\"og:locale\" content=\"it_IT\" \/>\n<meta property=\"og:type\" content=\"article\" \/>\n<meta property=\"og:title\" content=\"Cronologia e registrazioni audio\" \/>\n<meta property=\"og:description\" content=\"Le ultime 50 allerte emesse sono storicizzate con tutte le loro caratteristiche. Puoi conservare fino a 200 registrazioni audio che vengono memorizzate nella directory dei download dello smartphone. Ogni registrazione \u00e8 datata e pu\u00f2 essere ascoltata, rinominata o cancellata.\" \/>\n<meta property=\"og:url\" content=\"https:\/\/www.dataslatitudes.com\/sosuniversal\/it\/ecran-principal\/mode-emploi-historique-enregistrement-audio\/\" \/>\n<meta property=\"og:site_name\" content=\"SOS Universal\" \/>\n<meta property=\"article:modified_time\" content=\"2025-07-21T16:04:04+00:00\" \/>\n<meta name=\"twitter:card\" content=\"summary_large_image\" \/>\n<meta name=\"twitter:label1\" content=\"Tempo di lettura stimato\" \/>\n\t<meta name=\"twitter:data1\" content=\"2 minuti\" \/>\n<script type=\"application\/ld+json\" class=\"yoast-schema-graph\">{\"@context\":\"https:\/\/schema.org\",\"@graph\":[{\"@type\":\"WebPage\",\"@id\":\"https:\/\/www.dataslatitudes.com\/sosuniversal\/it\/ecran-principal\/mode-emploi-historique-enregistrement-audio\/\",\"url\":\"https:\/\/www.dataslatitudes.com\/sosuniversal\/it\/ecran-principal\/mode-emploi-historique-enregistrement-audio\/\",\"name\":\"Historique et enregistrements audios - SOS Universal\",\"isPartOf\":{\"@id\":\"https:\/\/www.dataslatitudes.com\/sosuniversal\/#website\"},\"primaryImageOfPage\":{\"@id\":\"https:\/\/www.dataslatitudes.com\/sosuniversal\/it\/ecran-principal\/mode-emploi-historique-enregistrement-audio\/#primaryimage\"},\"image\":{\"@id\":\"https:\/\/www.dataslatitudes.com\/sosuniversal\/it\/ecran-principal\/mode-emploi-historique-enregistrement-audio\/#primaryimage\"},\"thumbnailUrl\":\"http:\/\/www.dataslatitudes.com\/sosuniversal\/wp-content\/uploads\/2025\/07\/fr_historique_alerte_puce-459x1024.webp\",\"datePublished\":\"2025-06-13T07:09:52+00:00\",\"dateModified\":\"2025-07-21T16:04:04+00:00\",\"description\":\"Les 50 derni\u00e8res alertes \u00e9mises sont historis\u00e9es avec toutes leurs caract\u00e9ristiques. Vous pouvez conserver jusqu\u2019\u00e0 200 enregistrements audios qui sont stock\u00e9s dans le r\u00e9pertoire des t\u00e9l\u00e9chargements du smartphone. Chaque enregistrement est horodat\u00e9 et peut \u00eatre \u00e9cout\u00e9, renomm\u00e9 ou supprim\u00e9.\",\"breadcrumb\":{\"@id\":\"https:\/\/www.dataslatitudes.com\/sosuniversal\/it\/ecran-principal\/mode-emploi-historique-enregistrement-audio\/#breadcrumb\"},\"inLanguage\":\"it-IT\",\"potentialAction\":[{\"@type\":\"ReadAction\",\"target\":[\"https:\/\/www.dataslatitudes.com\/sosuniversal\/it\/ecran-principal\/mode-emploi-historique-enregistrement-audio\/\"]}]},{\"@type\":\"ImageObject\",\"inLanguage\":\"it-IT\",\"@id\":\"https:\/\/www.dataslatitudes.com\/sosuniversal\/it\/ecran-principal\/mode-emploi-historique-enregistrement-audio\/#primaryimage\",\"url\":\"http:\/\/www.dataslatitudes.com\/sosuniversal\/wp-content\/uploads\/2025\/07\/fr_historique_alerte_puce-459x1024.webp\",\"contentUrl\":\"http:\/\/www.dataslatitudes.com\/sosuniversal\/wp-content\/uploads\/2025\/07\/fr_historique_alerte_puce-459x1024.webp\"},{\"@type\":\"BreadcrumbList\",\"@id\":\"https:\/\/www.dataslatitudes.com\/sosuniversal\/it\/ecran-principal\/mode-emploi-historique-enregistrement-audio\/#breadcrumb\",\"itemListElement\":[{\"@type\":\"ListItem\",\"position\":1,\"name\":\"Presentazione\",\"item\":\"https:\/\/www.dataslatitudes.com\/sosuniversal\/fr\/\"},{\"@type\":\"ListItem\",\"position\":2,\"name\":\"Schermata principale\",\"item\":\"https:\/\/www.dataslatitudes.com\/sosuniversal\/ecran-principal\/\"},{\"@type\":\"ListItem\",\"position\":3,\"name\":\"Cronologia e registrazioni audio\"}]},{\"@type\":\"WebSite\",\"@id\":\"https:\/\/www.dataslatitudes.com\/sosuniversal\/it\/#website\",\"url\":\"https:\/\/www.dataslatitudes.com\/sosuniversal\/it\/\",\"name\":\"SOS Universal\",\"description\":\"\",\"publisher\":{\"@id\":\"https:\/\/www.dataslatitudes.com\/sosuniversal\/it\/#organization\"},\"potentialAction\":[{\"@type\":\"SearchAction\",\"target\":{\"@type\":\"EntryPoint\",\"urlTemplate\":\"https:\/\/www.dataslatitudes.com\/sosuniversal\/it\/?s={search_term_string}\"},\"query-input\":{\"@type\":\"PropertyValueSpecification\",\"valueRequired\":true,\"valueName\":\"search_term_string\"}}],\"inLanguage\":\"it-IT\"},{\"@type\":\"Organization\",\"@id\":\"https:\/\/www.dataslatitudes.com\/sosuniversal\/it\/#organization\",\"name\":\"DATASLATITUDES\",\"url\":\"https:\/\/www.dataslatitudes.com\/sosuniversal\/it\/\",\"logo\":{\"@type\":\"ImageObject\",\"inLanguage\":\"it-IT\",\"@id\":\"https:\/\/www.dataslatitudes.com\/sosuniversal\/it\/#\/schema\/logo\/image\/\",\"url\":\"https:\/\/www.dataslatitudes.com\/sosuniversal\/wp-content\/uploads\/2025\/07\/logo_mrdv.png\",\"contentUrl\":\"https:\/\/www.dataslatitudes.com\/sosuniversal\/wp-content\/uploads\/2025\/07\/logo_mrdv.png\",\"width\":72,\"height\":72,\"caption\":\"DATASLATITUDES\"},\"image\":{\"@id\":\"https:\/\/www.dataslatitudes.com\/sosuniversal\/it\/#\/schema\/logo\/image\/\"}}]}<\/script>\n<!-- \/ Yoast SEO plugin. -->","yoast_head_json":{"title":"Cronologia e registrazioni audio","description":"Le ultime 50 allerte emesse sono storicizzate con tutte le loro caratteristiche. Puoi conservare fino a 200 registrazioni audio che vengono memorizzate nella directory dei download dello smartphone. Ogni registrazione \u00e8 datata e pu\u00f2 essere ascoltata, rinominata o cancellata.","robots":{"index":"index","follow":"follow","max-snippet":"max-snippet:-1","max-image-preview":"max-image-preview:large","max-video-preview":"max-video-preview:-1"},"canonical":"CRONOLOGIA DEGLI AVVISI Le ultime 50 allerte emesse vengono storicizzate con tutte le loro caratteristiche (1) Nome e cognome del contatto sollecitato(2) Data e ora di attivazione dell'allerta(3) Pittogrammi che riassumono il contenuto dell'allerta (nell'esempio: chiamata telefonica, invio di SMS con localizzazione geografica e indirizzo, registrazione audio e allarme sonoro)(4) Modalit\u00e0 di allerta utilizzata con&hellip;","og_locale":"it_IT","og_type":"article","og_title":"Cronologia e registrazioni audio","og_description":"Le ultime 50 allerte emesse sono storicizzate con tutte le loro caratteristiche. Puoi conservare fino a 200 registrazioni audio che vengono memorizzate nella directory dei download dello smartphone. Ogni registrazione \u00e8 datata e pu\u00f2 essere ascoltata, rinominata o cancellata.","og_url":"https:\/\/www.dataslatitudes.com\/sosuniversal\/it\/ecran-principal\/mode-emploi-historique-enregistrement-audio\/","og_site_name":"SOS Universal","article_modified_time":"2025-07-21T16:04:04+00:00","twitter_card":"summary_large_image","twitter_misc":{"Tempo di lettura stimato":"2 minuti"},"schema":{"@context":"https:\/\/schema.org","@graph":[{"@type":"WebPage","@id":"https:\/\/www.dataslatitudes.com\/sosuniversal\/it\/ecran-principal\/mode-emploi-historique-enregistrement-audio\/","url":"https:\/\/www.dataslatitudes.com\/sosuniversal\/it\/ecran-principal\/mode-emploi-historique-enregistrement-audio\/","name":"Historique et enregistrements audios - SOS Universal","isPartOf":{"@id":"https:\/\/www.dataslatitudes.com\/sosuniversal\/#website"},"primaryImageOfPage":{"@id":"https:\/\/www.dataslatitudes.com\/sosuniversal\/it\/ecran-principal\/mode-emploi-historique-enregistrement-audio\/#primaryimage"},"image":{"@id":"https:\/\/www.dataslatitudes.com\/sosuniversal\/it\/ecran-principal\/mode-emploi-historique-enregistrement-audio\/#primaryimage"},"thumbnailUrl":"http:\/\/www.dataslatitudes.com\/sosuniversal\/wp-content\/uploads\/2025\/07\/fr_historique_alerte_puce-459x1024.webp","datePublished":"2025-06-13T07:09:52+00:00","dateModified":"2025-07-21T16:04:04+00:00","description":"Les 50 derni\u00e8res alertes \u00e9mises sont historis\u00e9es avec toutes leurs caract\u00e9ristiques. Vous pouvez conserver jusqu\u2019\u00e0 200 enregistrements audios qui sont stock\u00e9s dans le r\u00e9pertoire des t\u00e9l\u00e9chargements du smartphone. Chaque enregistrement est horodat\u00e9 et peut \u00eatre \u00e9cout\u00e9, renomm\u00e9 ou supprim\u00e9.","breadcrumb":{"@id":"https:\/\/www.dataslatitudes.com\/sosuniversal\/it\/ecran-principal\/mode-emploi-historique-enregistrement-audio\/#breadcrumb"},"inLanguage":"it-IT","potentialAction":[{"@type":"ReadAction","target":["https:\/\/www.dataslatitudes.com\/sosuniversal\/it\/ecran-principal\/mode-emploi-historique-enregistrement-audio\/"]}]},{"@type":"ImageObject","inLanguage":"it-IT","@id":"https:\/\/www.dataslatitudes.com\/sosuniversal\/it\/ecran-principal\/mode-emploi-historique-enregistrement-audio\/#primaryimage","url":"http:\/\/www.dataslatitudes.com\/sosuniversal\/wp-content\/uploads\/2025\/07\/fr_historique_alerte_puce-459x1024.webp","contentUrl":"http:\/\/www.dataslatitudes.com\/sosuniversal\/wp-content\/uploads\/2025\/07\/fr_historique_alerte_puce-459x1024.webp"},{"@type":"BreadcrumbList","@id":"https:\/\/www.dataslatitudes.com\/sosuniversal\/it\/ecran-principal\/mode-emploi-historique-enregistrement-audio\/#breadcrumb","itemListElement":[{"@type":"ListItem","position":1,"name":"Presentazione","item":"https:\/\/www.dataslatitudes.com\/sosuniversal\/fr\/"},{"@type":"ListItem","position":2,"name":"Schermata principale","item":"https:\/\/www.dataslatitudes.com\/sosuniversal\/ecran-principal\/"},{"@type":"ListItem","position":3,"name":"Cronologia e registrazioni audio"}]},{"@type":"WebSite","@id":"https:\/\/www.dataslatitudes.com\/sosuniversal\/it\/#website","url":"https:\/\/www.dataslatitudes.com\/sosuniversal\/it\/","name":"SOS Universal","description":"","publisher":{"@id":"https:\/\/www.dataslatitudes.com\/sosuniversal\/it\/#organization"},"potentialAction":[{"@type":"SearchAction","target":{"@type":"EntryPoint","urlTemplate":"https:\/\/www.dataslatitudes.com\/sosuniversal\/it\/?s={search_term_string}"},"query-input":{"@type":"PropertyValueSpecification","valueRequired":true,"valueName":"search_term_string"}}],"inLanguage":"it-IT"},{"@type":"Organization","@id":"https:\/\/www.dataslatitudes.com\/sosuniversal\/it\/#organization","name":"DATASLATITUDES","url":"https:\/\/www.dataslatitudes.com\/sosuniversal\/it\/","logo":{"@type":"ImageObject","inLanguage":"it-IT","@id":"https:\/\/www.dataslatitudes.com\/sosuniversal\/it\/#\/schema\/logo\/image\/","url":"https:\/\/www.dataslatitudes.com\/sosuniversal\/wp-content\/uploads\/2025\/07\/logo_mrdv.png","contentUrl":"https:\/\/www.dataslatitudes.com\/sosuniversal\/wp-content\/uploads\/2025\/07\/logo_mrdv.png","width":72,"height":72,"caption":"DATASLATITUDES"},"image":{"@id":"https:\/\/www.dataslatitudes.com\/sosuniversal\/it\/#\/schema\/logo\/image\/"}}]}},"_links":{"self":[{"href":"https:\/\/www.dataslatitudes.com\/sosuniversal\/it\/wp-json\/wp\/v2\/pages\/246","targetHints":{"allow":["GET"]}}],"collection":[{"href":"https:\/\/www.dataslatitudes.com\/sosuniversal\/it\/wp-json\/wp\/v2\/pages"}],"about":[{"href":"https:\/\/www.dataslatitudes.com\/sosuniversal\/it\/wp-json\/wp\/v2\/types\/page"}],"author":[{"embeddable":true,"href":"https:\/\/www.dataslatitudes.com\/sosuniversal\/it\/wp-json\/wp\/v2\/users\/1"}],"replies":[{"embeddable":true,"href":"https:\/\/www.dataslatitudes.com\/sosuniversal\/it\/wp-json\/wp\/v2\/comments?post=246"}],"version-history":[{"count":24,"href":"https:\/\/www.dataslatitudes.com\/sosuniversal\/it\/wp-json\/wp\/v2\/pages\/246\/revisions"}],"predecessor-version":[{"id":1054,"href":"https:\/\/www.dataslatitudes.com\/sosuniversal\/it\/wp-json\/wp\/v2\/pages\/246\/revisions\/1054"}],"up":[{"embeddable":true,"href":"https:\/\/www.dataslatitudes.com\/sosuniversal\/it\/wp-json\/wp\/v2\/pages\/14"}],"wp:attachment":[{"href":"https:\/\/www.dataslatitudes.com\/sosuniversal\/it\/wp-json\/wp\/v2\/media?parent=246"}],"curies":[{"name":"wp","href":"https:\/\/api.w.org\/{rel}","templated":true}]}}