{"id":187,"date":"2025-06-12T17:37:24","date_gmt":"2025-06-12T17:37:24","guid":{"rendered":"https:\/\/www.dataslatitudes.com\/sosuniversal\/index.php\/mode-demploi\/"},"modified":"2025-07-21T15:59:54","modified_gmt":"2025-07-21T15:59:54","slug":"mode-emploi-contact","status":"publish","type":"page","link":"https:\/\/www.dataslatitudes.com\/sosuniversal\/it\/ecran-principal\/mode-emploi-contact\/","title":{"rendered":"Gestione dei contatti"},"content":{"rendered":"\r\n<p class=\"has-small-font-size\" style=\"border-style:none;border-width:0px\"><\/p>\r\n\r\n\r\n\r\n<h1 class=\"wp-block-heading has-text-align-center has-medium-font-size\"><strong>GESTIONE DEI CONTATTI<\/strong><\/h1>\r\n\r\n\r\n\r\n<p style=\"font-size:1rem\">I contatti sono le persone di fiducia a tua scelta che vengono avvisate o sollecitate (tramite chiamata telefonica o SMS) quando viene attivato un allerta.<\/p>\r\n\r\n\r\n\r\n<div class=\"wp-block-columns are-vertically-aligned-center is-layout-flex wp-container-core-columns-is-layout-c0b51a3c wp-block-columns-is-layout-flex\" style=\"margin-top:0;margin-bottom:0;padding-top:0;padding-bottom:0\">\r\n<div class=\"wp-block-column is-vertically-aligned-center is-layout-flow wp-block-column-is-layout-flow\" style=\"flex-basis:33.33%\">\r\n<figure class=\"wp-block-image aligncenter size-large is-resized\"><img decoding=\"async\" src=\"http:\/\/www.dataslatitudes.com\/sosuniversal\/wp-content\/uploads\/it_contact_gestion_puce-459x1024.webp\" alt=\"SOS Universal - gestione dei contatti\" class=\"wp-image-265\" style=\"width:260px\"\/><\/figure>\r\n<\/div>\r\n\r\n\r\n\r\n<div class=\"wp-block-column is-vertically-aligned-center is-layout-flow wp-container-core-column-is-layout-b2a27621 wp-block-column-is-layout-flow\" style=\"padding-top:0;padding-right:0;padding-bottom:0;padding-left:0;flex-basis:66.66%\">\r\n<p style=\"margin-top:var(--wp--preset--spacing--20);margin-bottom:var(--wp--preset--spacing--20);font-size:1rem\">(1) Accesso al menu generale<\/p>\r\n\r\n\r\n\r\n<p style=\"margin-top:var(--wp--preset--spacing--20);margin-bottom:var(--wp--preset--spacing--20);font-size:1rem\">(2) Elenco dei contatti registrati:<br>&#8211; un contatto \u00e8 barrato (con un semplice clic) per renderlo temporaneamente inattivo (esempio qui: Jean Dupond). Un secondo clic lo riattiva.<br>&#8211; il pittogramma verde (i) indica che il contatto \u00e8 stato informato che potrebbe essere sollecitato da un allerta.<br>&#8211; il pittogramma rosso (x) indica che il contatto non \u00e8 ancora stato informato.<\/p>\r\n\r\n\r\n\r\n<p style=\"margin-top:var(--wp--preset--spacing--20);margin-bottom:var(--wp--preset--spacing--20);font-size:1rem;text-decoration:underline\">NB: per poter essere utilizzato durante un allerta, un contatto deve essere attivo E aver ricevuto informazioni.<\/p>\r\n\r\n\r\n\r\n<p style=\"margin-top:var(--wp--preset--spacing--20);margin-bottom:var(--wp--preset--spacing--20);font-size:1rem\">(9) Un riepilogo del numero di contatti attivi \u00e8 presente nella parte inferiore dello schermo.<\/p>\r\n\r\n\r\n\r\n<p style=\"padding-top:0;padding-bottom:0;font-size:1rem\">(7) Eliminazione di un contatto<br>(8) Modifica di un contatto<\/p>\r\n<\/div>\r\n<\/div>\r\n\r\n\r\n\r\n<p class=\"has-small-font-size\"><\/p>\r\n\r\n\r\n\r\n<div class=\"wp-block-columns is-layout-flex wp-container-core-columns-is-layout-ea9f20df wp-block-columns-is-layout-flex\" style=\"margin-top:0;margin-bottom:0;padding-top:var(--wp--preset--spacing--30);padding-right:0;padding-bottom:var(--wp--preset--spacing--30);padding-left:0\">\r\n<div class=\"wp-block-column is-vertically-aligned-top is-layout-flow wp-block-column-is-layout-flow\" style=\"padding-top:0;padding-bottom:0\">\r\n<h2 class=\"wp-block-heading has-text-align-center\" style=\"margin-top:0;margin-bottom:0;font-size:1rem\">(3)(8) Aggiungi \/ Modifica<\/h2>\r\n\r\n\r\n\r\n<figure class=\"wp-block-image aligncenter size-large is-resized\" style=\"margin-top:0;margin-bottom:0\"><img decoding=\"async\" src=\"http:\/\/www.dataslatitudes.com\/sosuniversal\/wp-content\/uploads\/it_contact_ajout_modification-459x1024.webp\" alt=\"SOS Universal - aggiungi o modifica contatto\" class=\"wp-image-761\" style=\"width:260px\"\/><\/figure>\r\n\r\n\r\n\r\n<p class=\"has-text-align-center\" style=\"margin-top:0;margin-bottom:0;font-size:1rem\">L&#8217;eventuale messaggio personalizzato sostituisce il messaggio standard dell&#8217;SMS.<br><strong>NB: <\/strong>Per conformarsi alle normative vigenti in molti paesi, i numeri dei servizi di emergenza ufficiali (es: 17, 18, 112, 911, ecc&#8230;) sono proibiti.<br>La data \u00e8 espressa nel formato AAAA-MM-GG (norma internazionale ISO 8601).<\/p>\r\n\r\n\r\n\r\n<p style=\"margin-top:var(--wp--preset--spacing--40);margin-bottom:var(--wp--preset--spacing--40)\"><\/p>\r\n<\/div>\r\n\r\n\r\n\r\n<div class=\"wp-block-column is-vertically-aligned-top is-layout-flow wp-container-core-column-is-layout-15d35364 wp-block-column-is-layout-flow\" style=\"padding-top:0;padding-bottom:0\">\r\n<h2 class=\"wp-block-heading has-text-align-center\" style=\"margin-top:0;margin-bottom:0;font-size:1rem\">(4) Aggiungi dai contatti dello smartphone<\/h2>\r\n\r\n\r\n\r\n<figure class=\"wp-block-image aligncenter size-large is-resized\" style=\"margin-top:0;margin-bottom:0\"><img decoding=\"async\" src=\"http:\/\/www.dataslatitudes.com\/sosuniversal\/wp-content\/uploads\/it_contact_ajout_smartphone-459x1024.webp\" alt=\"SOS Universal - aggiungi contatto dalla rubrica\" class=\"wp-image-697\" style=\"width:260px\"\/><\/figure>\r\n\r\n\r\n\r\n<p class=\"has-text-align-center\" style=\"margin-top:0;margin-bottom:0;font-size:1rem\">\u00c8 possibile effettuare una ricerca nei contatti dello smartphone.<\/p>\r\n\r\n\r\n\r\n<p style=\"margin-top:var(--wp--preset--spacing--40);margin-bottom:var(--wp--preset--spacing--40)\"><\/p>\r\n<\/div>\r\n\r\n\r\n\r\n<div class=\"wp-block-column is-vertically-aligned-top is-layout-flow wp-container-core-column-is-layout-47e5a185 wp-block-column-is-layout-flow\">\r\n<h2 class=\"wp-block-heading has-text-align-center\" style=\"margin-top:0;margin-bottom:0;font-size:1rem\">(5) Prioritizzare i contatti<\/h2>\r\n\r\n\r\n\r\n<figure class=\"wp-block-image aligncenter size-large is-resized\" style=\"margin-top:0;margin-bottom:0\"><img decoding=\"async\" src=\"http:\/\/www.dataslatitudes.com\/sosuniversal\/wp-content\/uploads\/it_contact_priorisation-459x1024.webp\" alt=\"SOS Universal - prioritizzazione dei contatti\" class=\"wp-image-275\" style=\"width:260px\"\/><\/figure>\r\n\r\n\r\n\r\n<p class=\"has-text-align-center\" style=\"font-size:1rem\">I contatti vengono prioritizzati tramite trascinamento\/spostamento.<\/p>\r\n\r\n\r\n\r\n<p style=\"margin-top:var(--wp--preset--spacing--30);margin-bottom:var(--wp--preset--spacing--30)\"><\/p>\r\n<\/div>\r\n\r\n\r\n\r\n<div class=\"wp-block-column is-layout-flow wp-container-core-column-is-layout-47e5a185 wp-block-column-is-layout-flow\">\r\n<h2 class=\"wp-block-heading has-text-align-center\" style=\"margin-top:0;margin-bottom:0;font-size:1rem\">(6) Informare<\/h2>\r\n\r\n\r\n\r\n<figure class=\"wp-block-image aligncenter size-large is-resized\" style=\"margin-top:0;margin-bottom:0\"><img decoding=\"async\" src=\"http:\/\/www.dataslatitudes.com\/sosuniversal\/wp-content\/uploads\/it_contact_information-459x1024.webp\" alt=\"SOS Universal - informazioni sui contatti\" class=\"wp-image-274\" style=\"width:260px\"\/><\/figure>\r\n\r\n\r\n\r\n<p class=\"has-text-align-center\" style=\"font-size:1rem\">Il messaggio complementare \u00e8 obbligatorio<\/p>\r\n\r\n\r\n\r\n<p style=\"margin-top:var(--wp--preset--spacing--40);margin-bottom:var(--wp--preset--spacing--40)\"><\/p>\r\n<\/div>\r\n<\/div>\r\n","protected":false},"excerpt":{"rendered":"<p>GESTIONE DEI CONTATTI I contatti sono le persone di fiducia a tua scelta che vengono avvisate o sollecitate (tramite chiamata [&hellip;]<\/p>\n","protected":false},"author":1,"featured_media":0,"parent":14,"menu_order":1,"comment_status":"closed","ping_status":"closed","template":"","meta":{"site-sidebar-layout":"default","site-content-layout":"","ast-site-content-layout":"","site-content-style":"default","site-sidebar-style":"default","ast-global-header-display":"","ast-banner-title-visibility":"","ast-main-header-display":"","ast-hfb-above-header-display":"","ast-hfb-below-header-display":"","ast-hfb-mobile-header-display":"","site-post-title":"disabled","ast-breadcrumbs-content":"","ast-featured-img":"","footer-sml-layout":"","theme-transparent-header-meta":"","adv-header-id-meta":"","stick-header-meta":"","header-above-stick-meta":"","header-main-stick-meta":"","header-below-stick-meta":"","astra-migrate-meta-layouts":"default","ast-page-background-enabled":"default","ast-page-background-meta":{"desktop":{"background-color":"var(--ast-global-color-5)","background-image":"","background-repeat":"repeat","background-position":"center center","background-size":"auto","background-attachment":"scroll","background-type":"","background-media":"","overlay-type":"","overlay-color":"","overlay-opacity":"","overlay-gradient":""},"tablet":{"background-color":"","background-image":"","background-repeat":"repeat","background-position":"center center","background-size":"auto","background-attachment":"scroll","background-type":"","background-media":"","overlay-type":"","overlay-color":"","overlay-opacity":"","overlay-gradient":""},"mobile":{"background-color":"","background-image":"","background-repeat":"repeat","background-position":"center center","background-size":"auto","background-attachment":"scroll","background-type":"","background-media":"","overlay-type":"","overlay-color":"","overlay-opacity":"","overlay-gradient":""}},"ast-content-background-meta":{"desktop":{"background-color":"var(--ast-global-color-4)","background-image":"","background-repeat":"repeat","background-position":"center center","background-size":"auto","background-attachment":"scroll","background-type":"","background-media":"","overlay-type":"","overlay-color":"","overlay-opacity":"","overlay-gradient":""},"tablet":{"background-color":"var(--ast-global-color-4)","background-image":"","background-repeat":"repeat","background-position":"center center","background-size":"auto","background-attachment":"scroll","background-type":"","background-media":"","overlay-type":"","overlay-color":"","overlay-opacity":"","overlay-gradient":""},"mobile":{"background-color":"var(--ast-global-color-4)","background-image":"","background-repeat":"repeat","background-position":"center center","background-size":"auto","background-attachment":"scroll","background-type":"","background-media":"","overlay-type":"","overlay-color":"","overlay-opacity":"","overlay-gradient":""}},"footnotes":""},"class_list":["post-187","page","type-page","status-publish","hentry"],"yoast_head":"<!-- This site is optimized with the Yoast SEO plugin v25.6 - https:\/\/yoast.com\/wordpress\/plugins\/seo\/ -->\n<title>Gestione dei contatti<\/title>\n<meta name=\"description\" content=\"I contatti sono le persone di fiducia a tua scelta che vengono avvisate o sollecitate (tramite chiamata telefonica o SMS) quando viene attivato un allerta. \u00c8 possibile recuperare quelli dalla rubrica dello smartphone. I contatti possono essere prioritizzati e vengono informati. Un contatto pu\u00f2 essere temporaneamente disattivato.\" \/>\n<meta name=\"robots\" content=\"index, follow, max-snippet:-1, max-image-preview:large, max-video-preview:-1\" \/>\n<link rel=\"canonical\" href=\"\" \/>\n<meta property=\"og:locale\" content=\"it_IT\" \/>\n<meta property=\"og:type\" content=\"article\" \/>\n<meta property=\"og:title\" content=\"Gestione dei contatti\" \/>\n<meta property=\"og:description\" content=\"I contatti sono le persone di fiducia a tua scelta che vengono avvisate o sollecitate (tramite chiamata telefonica o SMS) quando viene attivato un allerta. \u00c8 possibile recuperare quelli dalla rubrica dello smartphone. I contatti possono essere prioritizzati e vengono informati. Un contatto pu\u00f2 essere temporaneamente disattivato.\" \/>\n<meta property=\"og:url\" content=\"https:\/\/www.dataslatitudes.com\/sosuniversal\/it\/ecran-principal\/mode-emploi-contact\/\" \/>\n<meta property=\"og:site_name\" content=\"SOS Universal\" \/>\n<meta property=\"article:modified_time\" content=\"2025-07-21T15:59:54+00:00\" \/>\n<meta name=\"twitter:card\" content=\"summary_large_image\" \/>\n<meta name=\"twitter:label1\" content=\"Tempo di lettura stimato\" \/>\n\t<meta name=\"twitter:data1\" content=\"3 minuti\" \/>\n<script type=\"application\/ld+json\" class=\"yoast-schema-graph\">{\"@context\":\"https:\/\/schema.org\",\"@graph\":[{\"@type\":\"WebPage\",\"@id\":\"https:\/\/www.dataslatitudes.com\/sosuniversal\/it\/ecran-principal\/mode-emploi-contact\/\",\"url\":\"https:\/\/www.dataslatitudes.com\/sosuniversal\/it\/ecran-principal\/mode-emploi-contact\/\",\"name\":\"Gestion des contacts - SOS Universal\",\"isPartOf\":{\"@id\":\"https:\/\/www.dataslatitudes.com\/sosuniversal\/#website\"},\"primaryImageOfPage\":{\"@id\":\"https:\/\/www.dataslatitudes.com\/sosuniversal\/it\/ecran-principal\/mode-emploi-contact\/#primaryimage\"},\"image\":{\"@id\":\"https:\/\/www.dataslatitudes.com\/sosuniversal\/it\/ecran-principal\/mode-emploi-contact\/#primaryimage\"},\"thumbnailUrl\":\"http:\/\/www.dataslatitudes.com\/sosuniversal\/wp-content\/uploads\/2025\/07\/fr_contact_gestion_puce-459x1024.webp\",\"datePublished\":\"2025-06-12T17:37:24+00:00\",\"dateModified\":\"2025-07-21T15:59:54+00:00\",\"description\":\"Les contacts sont les personnes de confiance de votre choix qui sont pr\u00e9venues ou sollicit\u00e9es (par appel t\u00e9l\u00e9phonique ou par SMS) lorsqu\u2019une alerte est d\u00e9clench\u00e9e. Il est possible de r\u00e9cup\u00e9rer ceux du carnet d'adresses du smartphone. Les contacts peuvent \u00eatre prioris\u00e9s et ils sont inform\u00e9s. Un contact peut \u00eatre d\u00e9sactiv\u00e9 momentan\u00e9ment.\",\"breadcrumb\":{\"@id\":\"https:\/\/www.dataslatitudes.com\/sosuniversal\/it\/ecran-principal\/mode-emploi-contact\/#breadcrumb\"},\"inLanguage\":\"it-IT\",\"potentialAction\":[{\"@type\":\"ReadAction\",\"target\":[\"https:\/\/www.dataslatitudes.com\/sosuniversal\/it\/ecran-principal\/mode-emploi-contact\/\"]}]},{\"@type\":\"ImageObject\",\"inLanguage\":\"it-IT\",\"@id\":\"https:\/\/www.dataslatitudes.com\/sosuniversal\/it\/ecran-principal\/mode-emploi-contact\/#primaryimage\",\"url\":\"http:\/\/www.dataslatitudes.com\/sosuniversal\/wp-content\/uploads\/2025\/07\/fr_contact_gestion_puce-459x1024.webp\",\"contentUrl\":\"http:\/\/www.dataslatitudes.com\/sosuniversal\/wp-content\/uploads\/2025\/07\/fr_contact_gestion_puce-459x1024.webp\"},{\"@type\":\"BreadcrumbList\",\"@id\":\"https:\/\/www.dataslatitudes.com\/sosuniversal\/it\/ecran-principal\/mode-emploi-contact\/#breadcrumb\",\"itemListElement\":[{\"@type\":\"ListItem\",\"position\":1,\"name\":\"Presentazione\",\"item\":\"https:\/\/www.dataslatitudes.com\/sosuniversal\/fr\/\"},{\"@type\":\"ListItem\",\"position\":2,\"name\":\"Schermata principale\",\"item\":\"https:\/\/www.dataslatitudes.com\/sosuniversal\/ecran-principal\/\"},{\"@type\":\"ListItem\",\"position\":3,\"name\":\"Gestione dei contatti\"}]},{\"@type\":\"WebSite\",\"@id\":\"https:\/\/www.dataslatitudes.com\/sosuniversal\/it\/#website\",\"url\":\"https:\/\/www.dataslatitudes.com\/sosuniversal\/it\/\",\"name\":\"SOS Universal\",\"description\":\"\",\"publisher\":{\"@id\":\"https:\/\/www.dataslatitudes.com\/sosuniversal\/it\/#organization\"},\"potentialAction\":[{\"@type\":\"SearchAction\",\"target\":{\"@type\":\"EntryPoint\",\"urlTemplate\":\"https:\/\/www.dataslatitudes.com\/sosuniversal\/it\/?s={search_term_string}\"},\"query-input\":{\"@type\":\"PropertyValueSpecification\",\"valueRequired\":true,\"valueName\":\"search_term_string\"}}],\"inLanguage\":\"it-IT\"},{\"@type\":\"Organization\",\"@id\":\"https:\/\/www.dataslatitudes.com\/sosuniversal\/it\/#organization\",\"name\":\"DATASLATITUDES\",\"url\":\"https:\/\/www.dataslatitudes.com\/sosuniversal\/it\/\",\"logo\":{\"@type\":\"ImageObject\",\"inLanguage\":\"it-IT\",\"@id\":\"https:\/\/www.dataslatitudes.com\/sosuniversal\/it\/#\/schema\/logo\/image\/\",\"url\":\"https:\/\/www.dataslatitudes.com\/sosuniversal\/wp-content\/uploads\/2025\/07\/logo_mrdv.png\",\"contentUrl\":\"https:\/\/www.dataslatitudes.com\/sosuniversal\/wp-content\/uploads\/2025\/07\/logo_mrdv.png\",\"width\":72,\"height\":72,\"caption\":\"DATASLATITUDES\"},\"image\":{\"@id\":\"https:\/\/www.dataslatitudes.com\/sosuniversal\/it\/#\/schema\/logo\/image\/\"}}]}<\/script>\n<!-- \/ Yoast SEO plugin. -->","yoast_head_json":{"title":"Gestione dei contatti","description":"I contatti sono le persone di fiducia a tua scelta che vengono avvisate o sollecitate (tramite chiamata telefonica o SMS) quando viene attivato un allerta. \u00c8 possibile recuperare quelli dalla rubrica dello smartphone. I contatti possono essere prioritizzati e vengono informati. Un contatto pu\u00f2 essere temporaneamente disattivato.","robots":{"index":"index","follow":"follow","max-snippet":"max-snippet:-1","max-image-preview":"max-image-preview:large","max-video-preview":"max-video-preview:-1"},"canonical":"GESTIONE DEI CONTATTI I contatti sono le persone di fiducia a tua scelta che vengono avvisate o sollecitate (tramite chiamata telefonica o SMS) quando viene attivato un allerta. (1) Accesso al menu generale (2) Elenco dei contatti registrati:- un contatto \u00e8 barrato (con un semplice clic) per renderlo temporaneamente inattivo (esempio qui: Jean Dupond). Un&hellip;","og_locale":"it_IT","og_type":"article","og_title":"Gestione dei contatti","og_description":"I contatti sono le persone di fiducia a tua scelta che vengono avvisate o sollecitate (tramite chiamata telefonica o SMS) quando viene attivato un allerta. \u00c8 possibile recuperare quelli dalla rubrica dello smartphone. I contatti possono essere prioritizzati e vengono informati. Un contatto pu\u00f2 essere temporaneamente disattivato.","og_url":"https:\/\/www.dataslatitudes.com\/sosuniversal\/it\/ecran-principal\/mode-emploi-contact\/","og_site_name":"SOS Universal","article_modified_time":"2025-07-21T15:59:54+00:00","twitter_card":"summary_large_image","twitter_misc":{"Tempo di lettura stimato":"3 minuti"},"schema":{"@context":"https:\/\/schema.org","@graph":[{"@type":"WebPage","@id":"https:\/\/www.dataslatitudes.com\/sosuniversal\/it\/ecran-principal\/mode-emploi-contact\/","url":"https:\/\/www.dataslatitudes.com\/sosuniversal\/it\/ecran-principal\/mode-emploi-contact\/","name":"Gestion des contacts - SOS Universal","isPartOf":{"@id":"https:\/\/www.dataslatitudes.com\/sosuniversal\/#website"},"primaryImageOfPage":{"@id":"https:\/\/www.dataslatitudes.com\/sosuniversal\/it\/ecran-principal\/mode-emploi-contact\/#primaryimage"},"image":{"@id":"https:\/\/www.dataslatitudes.com\/sosuniversal\/it\/ecran-principal\/mode-emploi-contact\/#primaryimage"},"thumbnailUrl":"http:\/\/www.dataslatitudes.com\/sosuniversal\/wp-content\/uploads\/2025\/07\/fr_contact_gestion_puce-459x1024.webp","datePublished":"2025-06-12T17:37:24+00:00","dateModified":"2025-07-21T15:59:54+00:00","description":"Les contacts sont les personnes de confiance de votre choix qui sont pr\u00e9venues ou sollicit\u00e9es (par appel t\u00e9l\u00e9phonique ou par SMS) lorsqu\u2019une alerte est d\u00e9clench\u00e9e. Il est possible de r\u00e9cup\u00e9rer ceux du carnet d'adresses du smartphone. Les contacts peuvent \u00eatre prioris\u00e9s et ils sont inform\u00e9s. Un contact peut \u00eatre d\u00e9sactiv\u00e9 momentan\u00e9ment.","breadcrumb":{"@id":"https:\/\/www.dataslatitudes.com\/sosuniversal\/it\/ecran-principal\/mode-emploi-contact\/#breadcrumb"},"inLanguage":"it-IT","potentialAction":[{"@type":"ReadAction","target":["https:\/\/www.dataslatitudes.com\/sosuniversal\/it\/ecran-principal\/mode-emploi-contact\/"]}]},{"@type":"ImageObject","inLanguage":"it-IT","@id":"https:\/\/www.dataslatitudes.com\/sosuniversal\/it\/ecran-principal\/mode-emploi-contact\/#primaryimage","url":"http:\/\/www.dataslatitudes.com\/sosuniversal\/wp-content\/uploads\/2025\/07\/fr_contact_gestion_puce-459x1024.webp","contentUrl":"http:\/\/www.dataslatitudes.com\/sosuniversal\/wp-content\/uploads\/2025\/07\/fr_contact_gestion_puce-459x1024.webp"},{"@type":"BreadcrumbList","@id":"https:\/\/www.dataslatitudes.com\/sosuniversal\/it\/ecran-principal\/mode-emploi-contact\/#breadcrumb","itemListElement":[{"@type":"ListItem","position":1,"name":"Presentazione","item":"https:\/\/www.dataslatitudes.com\/sosuniversal\/fr\/"},{"@type":"ListItem","position":2,"name":"Schermata principale","item":"https:\/\/www.dataslatitudes.com\/sosuniversal\/ecran-principal\/"},{"@type":"ListItem","position":3,"name":"Gestione dei contatti"}]},{"@type":"WebSite","@id":"https:\/\/www.dataslatitudes.com\/sosuniversal\/it\/#website","url":"https:\/\/www.dataslatitudes.com\/sosuniversal\/it\/","name":"SOS Universal","description":"","publisher":{"@id":"https:\/\/www.dataslatitudes.com\/sosuniversal\/it\/#organization"},"potentialAction":[{"@type":"SearchAction","target":{"@type":"EntryPoint","urlTemplate":"https:\/\/www.dataslatitudes.com\/sosuniversal\/it\/?s={search_term_string}"},"query-input":{"@type":"PropertyValueSpecification","valueRequired":true,"valueName":"search_term_string"}}],"inLanguage":"it-IT"},{"@type":"Organization","@id":"https:\/\/www.dataslatitudes.com\/sosuniversal\/it\/#organization","name":"DATASLATITUDES","url":"https:\/\/www.dataslatitudes.com\/sosuniversal\/it\/","logo":{"@type":"ImageObject","inLanguage":"it-IT","@id":"https:\/\/www.dataslatitudes.com\/sosuniversal\/it\/#\/schema\/logo\/image\/","url":"https:\/\/www.dataslatitudes.com\/sosuniversal\/wp-content\/uploads\/2025\/07\/logo_mrdv.png","contentUrl":"https:\/\/www.dataslatitudes.com\/sosuniversal\/wp-content\/uploads\/2025\/07\/logo_mrdv.png","width":72,"height":72,"caption":"DATASLATITUDES"},"image":{"@id":"https:\/\/www.dataslatitudes.com\/sosuniversal\/it\/#\/schema\/logo\/image\/"}}]}},"_links":{"self":[{"href":"https:\/\/www.dataslatitudes.com\/sosuniversal\/it\/wp-json\/wp\/v2\/pages\/187","targetHints":{"allow":["GET"]}}],"collection":[{"href":"https:\/\/www.dataslatitudes.com\/sosuniversal\/it\/wp-json\/wp\/v2\/pages"}],"about":[{"href":"https:\/\/www.dataslatitudes.com\/sosuniversal\/it\/wp-json\/wp\/v2\/types\/page"}],"author":[{"embeddable":true,"href":"https:\/\/www.dataslatitudes.com\/sosuniversal\/it\/wp-json\/wp\/v2\/users\/1"}],"replies":[{"embeddable":true,"href":"https:\/\/www.dataslatitudes.com\/sosuniversal\/it\/wp-json\/wp\/v2\/comments?post=187"}],"version-history":[{"count":47,"href":"https:\/\/www.dataslatitudes.com\/sosuniversal\/it\/wp-json\/wp\/v2\/pages\/187\/revisions"}],"predecessor-version":[{"id":1050,"href":"https:\/\/www.dataslatitudes.com\/sosuniversal\/it\/wp-json\/wp\/v2\/pages\/187\/revisions\/1050"}],"up":[{"embeddable":true,"href":"https:\/\/www.dataslatitudes.com\/sosuniversal\/it\/wp-json\/wp\/v2\/pages\/14"}],"wp:attachment":[{"href":"https:\/\/www.dataslatitudes.com\/sosuniversal\/it\/wp-json\/wp\/v2\/media?parent=187"}],"curies":[{"name":"wp","href":"https:\/\/api.w.org\/{rel}","templated":true}]}}